{"id":26973,"date":"2021-09-26T21:22:54","date_gmt":"2021-09-26T21:22:54","guid":{"rendered":"https:\/\/mavideniz.com.tr\/?page_id=26973"},"modified":"2022-11-13T15:47:22","modified_gmt":"2022-11-13T15:47:22","slug":"sucul-bitki-bariyeri","status":"publish","type":"page","link":"https:\/\/mavideniz.com.tr\/tr\/urunler\/yuzer-bariyer-bom\/sucul-bitki-bariyeri\/","title":{"rendered":"Sucul Bitki Bariyeri"},"content":{"rendered":"\n<p>Mavi Deniz, a\u015fa\u011f\u0131da k\u0131y\u0131 \u015feridine veya turistik plajlara g\u00f6\u00e7\u00fc \u00f6nlemek i\u00e7in benzersiz bir su bitkisi patlamas\u0131 tasarlad\u0131;<\/p>\n<ul>\n<li>Sargassum (Sargasso olarak da bilinir),<\/li>\n<li>Deniz yosunu,<\/li>\n<li>Mavi-ye\u015fil algler,<\/li>\n<li>K\u0131rm\u0131z\u0131 Kahverengi gelgitler,<\/li>\n<li>Enkaz,<\/li>\n<\/ul>\n<p>Sucul Bitki Bariyeri tasar\u0131m\u0131 su hareketine izin verir, ancak perde a\u011f\u0131, Akdeniz, Florida, Karayipler ve Meksika K\u00f6rfezi sahillerinde sargassum deniz yosunu istilas\u0131n\u0131 \u00f6nler. Mavi Deniz, Sargassum, deniz yosunu, yosun ve d\u00f6k\u00fcnt\u00fcleri k\u0131y\u0131 \u015feridine ula\u015fmadan \u00f6nce tutmak, hari\u00e7 tutmak veya y\u00f6nlendirmek i\u00e7in sahil tatil k\u00f6yleri, oteller ve parklar i\u00e7in k\u0131y\u0131 ve i\u00e7 su alanlar\u0131 ile birlikte kurmak i\u00e7in Sucul Bitki Bariyeri \u00fcretmektedir.<\/p>\n<p>Kahverengi, koku\u015fmu\u015f bir deniz yosunu olan Sargassum, ilkbahar ve yaz aylar\u0131nda Karayipler, Akdeniz, Meksika ve Florida&#8217;daki tatil k\u00f6ylerini ve \u00f6zel plajlar\u0131 istila eder. Tipik olarak, daha so\u011fuk hava alglerin b\u00fcy\u00fcmesini yava\u015flat\u0131r. Yine de, su s\u0131cakl\u0131klar\u0131 artt\u0131k\u00e7a, deniz yosununun geni\u015flemesi daha olas\u0131d\u0131r ve k\u0131y\u0131lar\u0131 sular\u0131 alt\u0131nda b\u0131rak\u0131r ve okyanusa akan kanalizasyon at\u0131klar\u0131ndaki art\u0131\u015f, alg patlamalar\u0131n\u0131 k\u00f6r\u00fckler.<\/p>\n<p>Bu y\u00fczen su bitkisi, ayn\u0131 zamanda k\u00f6rfez veya deniz cenneti olarak da bilinir, okyanus ak\u0131nt\u0131lar\u0131nda Sargasso Denizi&#8217;nden s\u00fcr\u00fcklenir. Pek \u00e7ok deniz canl\u0131s\u0131na bar\u0131nak sa\u011flamakla birlikte, turizm sekt\u00f6r\u00fc i\u00e7in bir k\u00e2bus haline geldi.<\/p>\n<p>Kahverengi Sargassum k\u0131y\u0131ya vurur ve bazen 1 mt y\u00fcksekli\u011fe kadar y\u0131\u011f\u0131l\u0131r. Bu genellikle mevsimsel bir sorundur. Bu istilac\u0131 su bitkisi sahile ula\u015ft\u0131\u011f\u0131nda \u00e7\u00fcr\u00fcmeye ba\u015flar ve korkun\u00e7 bir koku yayar. Sargassum&#8217;u sahilden temizlemek, turizm end\u00fcstrisi ve deniz kaplumba\u011falar\u0131n\u0131n yuvalanmas\u0131 i\u00e7in maliyetli ve y\u0131k\u0131c\u0131d\u0131r. 18.00&#8217;den itibaren sabah 6&#8217;ya kadar, g\u00fcr\u00fclt\u00fcl\u00fc damperli kamyonlar, ertesi g\u00fcn\u00fcn plaj m\u00fcdavimleri i\u00e7in kumsallar\u0131 temizlemek \u00fczere, kokulu Sargassum&#8217;u tatil yerlerinden ta\u015f\u0131yor. Sargassum&#8217;u sahillerden \u00e7\u0131karmak s\u00fcrekli bir sava\u015ft\u0131r. Durum, iptaller nedeniyle mutsuz turistler ve harap tatil yeri sahipleri ile sonu\u00e7lan\u0131yor.<\/p>\n<p><strong>Mevsimsel Y\u00fczer Patlama &#8211; Mevsimsel (kal\u0131c\u0131 olmayan) sahil korumas\u0131<\/strong><\/p>\n<p>Plajlar\u0131 Sargassum, k\u0131rm\u0131z\u0131 gelgitler, mavi-ye\u015fil algler (siyanobakteriler), kahverengi gelgit veya di\u011fer bitki ve d\u00f6k\u00fcnt\u00fclerden temiz tutmak i\u00e7in mevsimlik (kal\u0131c\u0131 olmayan) bir \u00e7\u00f6z\u00fcm ar\u0131yorsan\u0131z. Tasar\u0131m ve \u00fcretim s\u00fcrecimiz, size \u00fcst\u00fcn sonu\u00e7lar ve rakipleri geride b\u0131rakan y\u00fczen bir deniz yosunu bariyeri sa\u011flamaktad\u0131r.<\/p>\n<p><strong>Sakin Su, Hareketli Su ve H\u0131zl\u0131 Su modelleri mevcuttur.<\/strong><\/p>\n<p><strong>Tip I:<\/strong>\u00a0G\u00f6ller, g\u00f6letler, kanallar ve k\u0131y\u0131 \u015feridi alanlar\u0131 gibi az ak\u0131nt\u0131l\u0131 sakin sular<br \/>\n<strong>Tip II:<\/strong> Nehirler, akarsular, a\u00e7\u0131k g\u00f6ller ve k\u0131y\u0131 \u015feritleri tek y\u00f6nde hareket eden \u0131l\u0131ml\u0131 ak\u0131m<br \/>\n<strong>Tip III:<\/strong> Ak\u0131nt\u0131ya, r\u00fczgara ve gelgitlere maruz kalan alanlar.<\/p>\n<p><strong>Yar\u0131 Kal\u0131c\u0131 Y\u00fczer Bariyer- Daha uzun s\u00fcreli veya kaba su uygulamas\u0131 +A\u00e7\u0131k Su, Okyanus alanlar\u0131<\/strong><\/p>\n<p>Sert su ko\u015fullar\u0131n\u0131z varsa veya uzun vadeli bir \u00e7\u00f6z\u00fcme ihtiyac\u0131n\u0131z varsa, y\u00fczen enkaz veya deniz yosunu sorunlar\u0131 i\u00e7in Kal\u0131c\u0131 Yosun Bariyerini \u00f6neririz. Sa\u011flam denizcilik s\u0131n\u0131f\u0131 malzemelerden \u00fcretilmi\u015ftir. Bariyerimiz uzun s\u00fcreli kullan\u0131m i\u00e7in tasarlanm\u0131\u015ft\u0131r. Kal\u0131c\u0131 bir deniz yosunu patlamas\u0131, plaj alan\u0131n\u0131z\u0131 y\u00fczen \u00e7\u00f6p veya \u00e7\u00f6plerden korumak i\u00e7in g\u00fcvenilir ve etkili bir bariyer sa\u011flar, sargassum deniz yosunu, kahverengi veya k\u0131rm\u0131z\u0131 gelgitler ve di\u011fer d\u00f6k\u00fcnt\u00fcler. Y\u00fczer Bariyer, bir kalkan g\u00f6revi g\u00f6rerek istenmeyen y\u00fczen d\u00f6k\u00fcnt\u00fcleri uzak tutar, algleri ve d\u00f6k\u00fcnt\u00fcleri sahile ula\u015fmadan \u00f6nce yakalar.<\/p>\n<div class=\"wptm_table tablesorter-bootstrap \" data-id=\"29\" data-hightlight=\"0\"><div class=\"wptm_buttons buttons_wptmTbl29\"><\/div><div class=\"wptmresponsive dataTables-wptmtable wptmtable \" id=\"wptmtable29\" data-tableid=\"wptmTbl29\"><table data-count-header=\"1\"  data-format-decimal_count=\"0\" data-format-decimal_symbol=\".\" data-format-symbol_position=\"0\" data-format-thousand_symbol=\",\"  data-format-currency_symbol=\"$\"  data-name-style=\"29_1759660338.css\" data-format=\"YYYY-MM-DD\" id=\"wptmTbl29\" data-id=\"29\" data-responsive=\"false\" data-hideCols=\"false\"  data-type=\"html\" data-paging=\"false\" data-searching=\"true\"  data-ordering=\"false\" data-table-breakpoint=\"980\" data-scroll-x=\"true\" data-scroll-collapse=\"true\" data-align=\"center\" data-range=\"[]\" data-hideColumn=\"[0,0,0,0]\"  data-colwidths=\"[285,285,285,285]\"  data-colwidths_desktop=[]  data-colwidths_tablet=[]  data-colwidths_mobile=[]  class=\"wptm_main_table  disablePager hideScrollHeader\"><colgroup><col data-dtr=\"0\" data-dtc=\"0\" class=\"dtc0\"><col data-dtr=\"0\" data-dtc=\"1\" class=\"dtc1\"><col data-dtr=\"0\" data-dtc=\"2\" class=\"dtc2\"><col data-dtr=\"0\" data-dtc=\"3\" class=\"dtc3\"><\/colgroup><thead><tr class=\"wptm-header-cells-index\"><th rowspan=\"1\" colspan=\"1\" data-dtr=\"0\" data-dtc=\"0\" class=\"dtr0 dtc0\"><\/th><th rowspan=\"1\" colspan=\"1\" data-dtr=\"0\" data-dtc=\"1\" class=\"dtr0 dtc1\"><\/th><th rowspan=\"1\" colspan=\"1\" data-dtr=\"0\" data-dtc=\"2\" class=\"dtr0 dtc2\"><\/th><th rowspan=\"1\" colspan=\"1\" data-dtr=\"0\" data-dtc=\"3\" class=\"dtr0 dtc3\"><\/th><\/tr><tr class=\" row0\"><th  colspan=\"4\"  data-priority=\"0\" class=\"dtr0 dtc0\">For Seasonal Use<\/th><\/thead><tbody><tr class=\" row1\"><td    class=\"dtr1 dtc0\"><\/td><td    class=\"dtr1 dtc1\">TYPE I (Calm Water)<\/td><td    class=\"dtr1 dtc2\">TYPE II (Moving Water)<\/td><td    class=\"dtr1 dtc3\">TYPE III (Fast Water)<\/td><\/tr><tr class=\" row2\"><td    class=\"dtr2 dtc0\">Curtain Depth<\/td><td    class=\"dtr2 dtc1\">1 m \u2013 5 m<\/td><td    class=\"dtr2 dtc2\">1 m \u2013 10 m<\/td><td    class=\"dtr2 dtc3\">1 m \u2013 20 m<\/td><\/tr><tr class=\" row3\"><td    class=\"dtr3 dtc0\">Flotation Size<\/td><td    class=\"dtr3 dtc1\">150 mm<\/td><td    class=\"dtr3 dtc2\">200 mm<\/td><td    class=\"dtr3 dtc3\">300 mm<\/td><\/tr><tr class=\" row4\"><td    class=\"dtr4 dtc0\">Skirt Material<\/td><td  colspan=\"3\"   class=\"dtr4 dtc1\">PVC or Geotexile or PVC \/ Geotexile<\/td><td  style=\"display: none\"   class=\"dtr4 dtc2\"><\/td><td  style=\"display: none\"   class=\"dtr4 dtc3\"><\/td><\/tr><tr class=\" row5\"><td    class=\"dtr5 dtc0\">Ballast<\/td><td    class=\"dtr5 dtc1\">5 mm Galvanized Chain<\/td><td    class=\"dtr5 dtc2\">8 mm Galvanized Chain<\/td><td    class=\"dtr5 dtc3\">8 mm Galvanized Chain<\/td><\/tr><tr class=\" row6\"><td    class=\"dtr6 dtc0\">Section Length<\/td><td  colspan=\"3\"   class=\"dtr6 dtc1\">25 m<\/td><td  style=\"display: none\"   class=\"dtr6 dtc2\"><\/td><td  style=\"display: none\"   class=\"dtr6 dtc3\"><\/td><\/tr><tr class=\" row7\"><td    class=\"dtr7 dtc0\">Colour<\/td><td  colspan=\"3\"   class=\"dtr7 dtc1\">Yellow, Orange or Black<\/td><td  style=\"display: none\"   class=\"dtr7 dtc2\"><\/td><td  style=\"display: none\"   class=\"dtr7 dtc3\"><\/td><\/tr><tr class=\" row8\"><td    class=\"dtr8 dtc0\"><\/td><td    class=\"dtr8 dtc1\"><\/td><td    class=\"dtr8 dtc2\"><\/td><td    class=\"dtr8 dtc3\"><\/td><\/tr><tr class=\" row9\"><td  colspan=\"4\"   class=\"dtr9 dtc0\">For Semi-Permanent use<\/td><td  style=\"display: none\"   class=\"dtr9 dtc1\"><\/td><td  style=\"display: none\"   class=\"dtr9 dtc2\"><\/td><td  style=\"display: none\"   class=\"dtr9 dtc3\"><\/td><\/tr><tr class=\" row10\"><td    class=\"dtr10 dtc0\"><\/td><td    class=\"dtr10 dtc1\">TYPE I (Calm Water)<\/td><td    class=\"dtr10 dtc2\">TYPE II (Moving Water)<\/td><td    class=\"dtr10 dtc3\">TYPE III (Fast Water)<\/td><\/tr><tr class=\" row11\"><td    class=\"dtr11 dtc0\">Curtain Depth<\/td><td    class=\"dtr11 dtc1\">1 m \u2013 5 m<\/td><td    class=\"dtr11 dtc2\">1 m \u2013 10 m<\/td><td    class=\"dtr11 dtc3\">1 m \u2013 20 m<\/td><\/tr><tr class=\" row12\"><td    class=\"dtr12 dtc0\">Flotation Size<\/td><td    class=\"dtr12 dtc1\">150 mm<\/td><td    class=\"dtr12 dtc2\">200 mm<\/td><td    class=\"dtr12 dtc3\">300 mm<\/td><\/tr><tr class=\" row13\"><td    class=\"dtr13 dtc0\">Skirt Material<\/td><td  colspan=\"3\"   class=\"dtr13 dtc1\">PVC Coated Polyester or Heavy-Duty Rubber<\/td><td  style=\"display: none\"   class=\"dtr13 dtc2\"><\/td><td  style=\"display: none\"   class=\"dtr13 dtc3\"><\/td><\/tr><tr class=\" row14\"><td    class=\"dtr14 dtc0\">Ballast<\/td><td    class=\"dtr14 dtc1\">5 mm Galvanized Chain<\/td><td    class=\"dtr14 dtc2\">8 mm Galvanized Chain<\/td><td    class=\"dtr14 dtc3\">8 mm Galvanized Chain<\/td><\/tr><tr class=\" row15\"><td    class=\"dtr15 dtc0\">Section Length<\/td><td  colspan=\"3\"   class=\"dtr15 dtc1\">25 m<\/td><td  style=\"display: none\"   class=\"dtr15 dtc2\"><\/td><td  style=\"display: none\"   class=\"dtr15 dtc3\"><\/td><\/tr><tr class=\" row16\"><td    class=\"dtr16 dtc0\">Colour<\/td><td  colspan=\"3\"   class=\"dtr16 dtc1\">Yellow, Orange or Black<\/td><td  style=\"display: none\"   class=\"dtr16 dtc2\"><\/td><td  style=\"display: none\"   class=\"dtr16 dtc3\"><\/td><\/tr><\/tbody><tfoot><tr><td class=\"dtr16 dtc0\" style=\"height: 0;\"><\/td><td class=\"dtr16 dtc1\" style=\"height: 0;\"><\/td><td class=\"dtr16 dtc2\" style=\"height: 0;\"><\/td><td class=\"dtr16 dtc3\" style=\"height: 0;\"><\/td><\/tr><\/tfoot><\/table><\/div><style>#wptmtable29 .dataTables_wrapper > .dataTables_scroll {max-height:510px;overflow: auto;}<\/style><script>window.wptm_ajaxurl = 'https:\/\/mavideniz.com.tr\/wp-admin\/admin-ajax.php?juwpfisadmin=false&action=Wptm&'; window.wptm_front = 'https:\/\/mavideniz.com.tr\/wp-content\/plugins\/wp-table-manager\/app\/site\/assets\/'; window.wptm_style = 'https:\/\/mavideniz.com.tr\/wp-content\/uploads\/wptm\/';<\/script><\/div><style><\/style>\n","protected":false},"excerpt":{"rendered":"<p>Mavi Deniz, a\u015fa\u011f\u0131da k\u0131y\u0131 \u015feridine veya turistik plajlara g\u00f6\u00e7\u00fc \u00f6nlemek i\u00e7in benzersiz bir su bitkisi patlamas\u0131 tasarlad\u0131; Sargassum (Sargasso olarak [&hellip;]<\/p>\n","protected":false},"author":1,"featured_media":0,"parent":26971,"menu_order":0,"comment_status":"closed","ping_status":"closed","template":"","meta":{"site-sidebar-layout":"default","site-content-layout":"","ast-site-content-layout":"default","site-content-style":"default","site-sidebar-style":"default","ast-global-header-display":"","ast-banner-title-visibility":"","ast-main-header-display":"","ast-hfb-above-header-display":"","ast-hfb-below-header-display":"","ast-hfb-mobile-header-display":"","site-post-title":"","ast-breadcrumbs-content":"","ast-featured-img":"","footer-sml-layout":"","ast-disable-related-posts":"","theme-transparent-header-meta":"","adv-header-id-meta":"","stick-header-meta":"","header-above-stick-meta":"","header-main-stick-meta":"","header-below-stick-meta":"","astra-migrate-meta-layouts":"default","ast-page-background-enabled":"default","ast-page-background-meta":{"desktop":{"background-color":"var(--ast-global-color-5)","background-image":"","background-repeat":"repeat","background-position":"center center","background-size":"auto","background-attachment":"scroll","background-type":"","background-media":"","overlay-type":"","overlay-color":"","overlay-opacity":"","overlay-gradient":""},"tablet":{"background-color":"","background-image":"","background-repeat":"repeat","background-position":"center center","background-size":"auto","background-attachment":"scroll","background-type":"","background-media":"","overlay-type":"","overlay-color":"","overlay-opacity":"","overlay-gradient":""},"mobile":{"background-color":"","background-image":"","background-repeat":"repeat","background-position":"center center","background-size":"auto","background-attachment":"scroll","background-type":"","background-media":"","overlay-type":"","overlay-color":"","overlay-opacity":"","overlay-gradient":""}},"ast-content-background-meta":{"desktop":{"background-color":"var(--ast-global-color-4)","background-image":"","background-repeat":"repeat","background-position":"center center","background-size":"auto","background-attachment":"scroll","background-type":"","background-media":"","overlay-type":"","overlay-color":"","overlay-opacity":"","overlay-gradient":""},"tablet":{"background-color":"var(--ast-global-color-4)","background-image":"","background-repeat":"repeat","background-position":"center center","background-size":"auto","background-attachment":"scroll","background-type":"","background-media":"","overlay-type":"","overlay-color":"","overlay-opacity":"","overlay-gradient":""},"mobile":{"background-color":"var(--ast-global-color-4)","background-image":"","background-repeat":"repeat","background-position":"center center","background-size":"auto","background-attachment":"scroll","background-type":"","background-media":"","overlay-type":"","overlay-color":"","overlay-opacity":"","overlay-gradient":""}},"footnotes":""},"class_list":["post-26973","page","type-page","status-publish","hentry"],"_links":{"self":[{"href":"https:\/\/mavideniz.com.tr\/tr\/wp-json\/wp\/v2\/pages\/26973","targetHints":{"allow":["GET"]}}],"collection":[{"href":"https:\/\/mavideniz.com.tr\/tr\/wp-json\/wp\/v2\/pages"}],"about":[{"href":"https:\/\/mavideniz.com.tr\/tr\/wp-json\/wp\/v2\/types\/page"}],"author":[{"embeddable":true,"href":"https:\/\/mavideniz.com.tr\/tr\/wp-json\/wp\/v2\/users\/1"}],"replies":[{"embeddable":true,"href":"https:\/\/mavideniz.com.tr\/tr\/wp-json\/wp\/v2\/comments?post=26973"}],"version-history":[{"count":0,"href":"https:\/\/mavideniz.com.tr\/tr\/wp-json\/wp\/v2\/pages\/26973\/revisions"}],"up":[{"embeddable":true,"href":"https:\/\/mavideniz.com.tr\/tr\/wp-json\/wp\/v2\/pages\/26971"}],"wp:attachment":[{"href":"https:\/\/mavideniz.com.tr\/tr\/wp-json\/wp\/v2\/media?parent=26973"}],"curies":[{"name":"wp","href":"https:\/\/api.w.org\/{rel}","templated":true}]}}