{"id":26983,"date":"2021-09-26T22:45:56","date_gmt":"2021-09-26T22:45:56","guid":{"rendered":"https:\/\/mavideniz.com.tr\/?page_id=26983"},"modified":"2023-01-15T15:56:56","modified_gmt":"2023-01-15T15:56:56","slug":"taskin-kontrol-bariyeri","status":"publish","type":"page","link":"https:\/\/mavideniz.com.tr\/tr\/urunler\/yuzer-bariyer-bom\/taskin-kontrol-bariyeri\/","title":{"rendered":"Ta\u015fk\u0131n Kontrol Bariyeri"},"content":{"rendered":"\n<p>Mavideniz Ta\u015fk\u0131n Kontrol Bariyeri i\u00e7i su dolu PVC borulardan olu\u015fmaktad\u0131r. Mavideniz Ta\u015fk\u0131n Kontrol Bariyeri 2,5 m y\u00fcksekli\u011fe kadar ta\u015fk\u0131nlar\u0131 kontrol edebilir. Sel sular\u0131n\u0131n %100&#8217;\u00fcne kadar\u0131n\u0131 y\u00f6nlendirmek i\u00e7in tasarlanm\u0131\u015f Ta\u015fk\u0131n Kontrol Bariyeri. Ta\u015fk\u0131n Bariyeri, ta\u015fk\u0131n kontrol\u00fc ve \u00f6nleme, baraj rehabilitasyonu, tekne rampas\u0131 (in\u015faat ve onar\u0131m), temeller (k\u00f6pr\u00fc, iskele, kanal), boru hatt\u0131 ge\u00e7i\u015fi, dere sapt\u0131rma, g\u00f6let kaplama onar\u0131m\u0131, iyile\u015ftirme, Haz-Mat, sulak alan restorasyonu, in\u015faat projelerini kullanabilir. , g\u00f6l restorasyonu.<\/p>\n<p>Mavideniz Ta\u015fk\u0131n Kontrol Bariyeri kum torbalar\u0131ndan \u00e7ok daha verimlidir; a\u011f\u0131r ekipman gerektirmez, bu nedenle \u00e7evremizi korur ve \u00e7evreye zarar vermez, tamamen \u00e7evre dostudur. Ta\u015fk\u0131n Kontrol Bariyeri, maliyetin \u00e7ok alt\u0131nda, \u00e7ok daha h\u0131zl\u0131 kurulabilir. Ayr\u0131ca, Sel Kontrol Bariyeri esnektir ve h\u0131zl\u0131 bir \u015fekilde da\u011f\u0131t\u0131l\u0131r, bu da onu sel tehditlerine h\u0131zl\u0131 yan\u0131t veya \u00f6nleme i\u00e7in bir sel bariyeri olarak ideal hale getirir. Ta\u015fk\u0131n Kontrol Bariyeri kurmak, projenin boyutuna ba\u011fl\u0131 olarak yaln\u0131zca portatif pompalar, yerinde su temini ve iki veya daha fazla i\u015f\u00e7i gerektirir. Sel Bariyerinin b\u00f6l\u00fcmleri, koruyucu bariyerin daha uzun par\u00e7alar\u0131n\u0131 olu\u015fturmak i\u00e7in h\u0131zla birle\u015ftirilebilir. Kesit uzunlu\u011fu ihtiya\u00e7lar\u0131n\u0131za g\u00f6re 50m&#8217;ye kadar ayarlanabilir. 15 metre uzunlu\u011fundaki b\u00f6l\u00fcm bo\u015fken sadece 25 kilogram. Flood Barrier, 90 saniye i\u00e7inde devreye girmeye haz\u0131r olabilir.<\/p>\n<p><strong>\u00d6zellikler<\/strong><\/p>\n<ul>\n<li>Mobil ta\u015fk\u0131n korumas\u0131<\/li>\n<li>Esnek ve kullan\u0131m\u0131 kolay<\/li>\n<li>Temizlemesi kolay ve tekrar kullan\u0131labilir<\/li>\n<li>D\u00fc\u015f\u00fck i\u015fletme, depolama ve lojistik maliyeti<\/li>\n<li>Koruma y\u00fcksekli\u011fi ve uzunlu\u011fu, gereksinimlerinizi\u00a0d\u00fczenleyebilir<\/li>\n<li>ISO standartlar\u0131na uygulanabilir<\/li>\n<li>UV Diren\u00e7li + Kimyasal Diren\u00e7li<\/li>\n<\/ul>\n<div class=\"wptm_table tablesorter-bootstrap \" data-id=\"30\" data-hightlight=\"0\"><div class=\"wptm_buttons buttons_wptmTbl30\"><\/div><div class=\"wptmresponsive dataTables-wptmtable wptmtable \" id=\"wptmtable30\" data-tableid=\"wptmTbl30\"><table data-count-header=\"1\"  data-format-decimal_count=\"0\" data-format-decimal_symbol=\".\" data-format-symbol_position=\"0\" data-format-thousand_symbol=\",\"  data-format-currency_symbol=\"$\"  data-name-style=\"30_1759660423.css\" data-format=\"YYYY-MM-DD\" id=\"wptmTbl30\" data-id=\"30\" data-responsive=\"false\" data-hideCols=\"false\"  data-type=\"html\" data-paging=\"false\" data-searching=\"true\"  data-ordering=\"false\" data-table-breakpoint=\"980\" data-scroll-x=\"true\" data-scroll-collapse=\"true\" data-align=\"center\" data-range=\"[]\" data-hideColumn=\"[0,0,0,0]\"  data-colwidths=\"[285,285,285,285]\"  data-colwidths_desktop=[]  data-colwidths_tablet=[]  data-colwidths_mobile=[]  class=\"wptm_main_table  disablePager hideScrollHeader\"><colgroup><col data-dtr=\"0\" data-dtc=\"0\" class=\"dtc0\"><col data-dtr=\"0\" data-dtc=\"1\" class=\"dtc1\"><col data-dtr=\"0\" data-dtc=\"2\" class=\"dtc2\"><col data-dtr=\"0\" data-dtc=\"3\" class=\"dtc3\"><\/colgroup><thead><tr class=\"wptm-header-cells-index\"><th rowspan=\"1\" colspan=\"1\" data-dtr=\"0\" data-dtc=\"0\" class=\"dtr0 dtc0\"><\/th><th rowspan=\"1\" colspan=\"1\" data-dtr=\"0\" data-dtc=\"1\" class=\"dtr0 dtc1\"><\/th><th rowspan=\"1\" colspan=\"1\" data-dtr=\"0\" data-dtc=\"2\" class=\"dtr0 dtc2\"><\/th><th rowspan=\"1\" colspan=\"1\" data-dtr=\"0\" data-dtc=\"3\" class=\"dtr0 dtc3\"><\/th><\/tr><tr class=\" row0\"><th   data-priority=\"0\" class=\"dtr0 dtc0\"><\/th><th   data-priority=\"0\" class=\"dtr0 dtc1\">Flood I<\/th><th   data-priority=\"0\" class=\"dtr0 dtc2\">Flood II<\/th><th   data-priority=\"0\" class=\"dtr0 dtc3\">Flood III<\/th><\/thead><tbody><tr class=\" row1\"><td    class=\"dtr1 dtc0\">Application Area<\/td><td    class=\"dtr1 dtc1\">Shore<\/td><td    class=\"dtr1 dtc2\">Shore<\/td><td    class=\"dtr1 dtc3\">Shore<\/td><\/tr><tr class=\" row2\"><td    class=\"dtr2 dtc0\">Overall Height<\/td><td    class=\"dtr2 dtc1\">500 mm<\/td><td    class=\"dtr2 dtc2\">750 mm<\/td><td    class=\"dtr2 dtc3\">1000 mm<\/td><\/tr><tr class=\" row3\"><td    class=\"dtr3 dtc0\">Max Water Level<\/td><td    class=\"dtr3 dtc1\">500 mm<\/td><td    class=\"dtr3 dtc2\">750 mm<\/td><td    class=\"dtr3 dtc3\">1000 mm<\/td><\/tr><tr class=\" row4\"><td    class=\"dtr4 dtc0\">Fabric Material<\/td><td  colspan=\"3\"   class=\"dtr4 dtc1\">1100 dtex, PVC (Standard) | PU (Optional)<\/td><td  style=\"display: none\"   class=\"dtr4 dtc2\"><\/td><td  style=\"display: none\"   class=\"dtr4 dtc3\"><\/td><\/tr><tr class=\" row5\"><td    class=\"dtr5 dtc0\">Fabric Weight<\/td><td    class=\"dtr5 dtc1\">900 g\/m\u00b2<\/td><td    class=\"dtr5 dtc2\">900 g\/m\u00b2<\/td><td    class=\"dtr5 dtc3\">900 g\/m\u00b2<\/td><\/tr><tr class=\" row6\"><td    class=\"dtr6 dtc0\">Tensile Strenght<\/td><td    class=\"dtr6 dtc1\">4000 N\/5 cm<\/td><td    class=\"dtr6 dtc2\">4000 N\/5 cm<\/td><td    class=\"dtr6 dtc3\">4000 N\/5 cm<\/td><\/tr><tr class=\" row7\"><td    class=\"dtr7 dtc0\">Section Length<\/td><td  colspan=\"3\"   class=\"dtr7 dtc1\">Minimum Lenght 5 mt<\/td><td  style=\"display: none\"   class=\"dtr7 dtc2\"><\/td><td  style=\"display: none\"   class=\"dtr7 dtc3\"><\/td><\/tr><tr class=\" row8\"><td    class=\"dtr8 dtc0\">Connector<\/td><td  colspan=\"3\"   class=\"dtr8 dtc1\">ASTM Z or ASTM Universal<\/td><td  style=\"display: none\"   class=\"dtr8 dtc2\"><\/td><td  style=\"display: none\"   class=\"dtr8 dtc3\"><\/td><\/tr><\/tbody><tfoot><tr><td class=\"dtr8 dtc0\" style=\"height: 0;\"><\/td><td class=\"dtr8 dtc1\" style=\"height: 0;\"><\/td><td class=\"dtr8 dtc2\" style=\"height: 0;\"><\/td><td class=\"dtr8 dtc3\" style=\"height: 0;\"><\/td><\/tr><\/tfoot><\/table><\/div><style>#wptmtable30 .dataTables_wrapper > .dataTables_scroll {max-height:500px;overflow: auto;}<\/style><script>window.wptm_ajaxurl = 'https:\/\/mavideniz.com.tr\/wp-admin\/admin-ajax.php?juwpfisadmin=false&action=Wptm&'; window.wptm_front = 'https:\/\/mavideniz.com.tr\/wp-content\/plugins\/wp-table-manager\/app\/site\/assets\/'; window.wptm_style = 'https:\/\/mavideniz.com.tr\/wp-content\/uploads\/wptm\/';<\/script><\/div><style><\/style>\n","protected":false},"excerpt":{"rendered":"<p>Mavideniz Ta\u015fk\u0131n Kontrol Bariyeri i\u00e7i su dolu PVC borulardan olu\u015fmaktad\u0131r. Mavideniz Ta\u015fk\u0131n Kontrol Bariyeri 2,5 m y\u00fcksekli\u011fe kadar ta\u015fk\u0131nlar\u0131 kontrol [&hellip;]<\/p>\n","protected":false},"author":1,"featured_media":0,"parent":26971,"menu_order":0,"comment_status":"closed","ping_status":"closed","template":"","meta":{"site-sidebar-layout":"default","site-content-layout":"","ast-site-content-layout":"default","site-content-style":"default","site-sidebar-style":"default","ast-global-header-display":"","ast-banner-title-visibility":"","ast-main-header-display":"","ast-hfb-above-header-display":"","ast-hfb-below-header-display":"","ast-hfb-mobile-header-display":"","site-post-title":"","ast-breadcrumbs-content":"","ast-featured-img":"","footer-sml-layout":"","ast-disable-related-posts":"","theme-transparent-header-meta":"","adv-header-id-meta":"","stick-header-meta":"","header-above-stick-meta":"","header-main-stick-meta":"","header-below-stick-meta":"","astra-migrate-meta-layouts":"default","ast-page-background-enabled":"default","ast-page-background-meta":{"desktop":{"background-color":"var(--ast-global-color-5)","background-image":"","background-repeat":"repeat","background-position":"center center","background-size":"auto","background-attachment":"scroll","background-type":"","background-media":"","overlay-type":"","overlay-color":"","overlay-opacity":"","overlay-gradient":""},"tablet":{"background-color":"","background-image":"","background-repeat":"repeat","background-position":"center center","background-size":"auto","background-attachment":"scroll","background-type":"","background-media":"","overlay-type":"","overlay-color":"","overlay-opacity":"","overlay-gradient":""},"mobile":{"background-color":"","background-image":"","background-repeat":"repeat","background-position":"center center","background-size":"auto","background-attachment":"scroll","background-type":"","background-media":"","overlay-type":"","overlay-color":"","overlay-opacity":"","overlay-gradient":""}},"ast-content-background-meta":{"desktop":{"background-color":"var(--ast-global-color-4)","background-image":"","background-repeat":"repeat","background-position":"center center","background-size":"auto","background-attachment":"scroll","background-type":"","background-media":"","overlay-type":"","overlay-color":"","overlay-opacity":"","overlay-gradient":""},"tablet":{"background-color":"var(--ast-global-color-4)","background-image":"","background-repeat":"repeat","background-position":"center center","background-size":"auto","background-attachment":"scroll","background-type":"","background-media":"","overlay-type":"","overlay-color":"","overlay-opacity":"","overlay-gradient":""},"mobile":{"background-color":"var(--ast-global-color-4)","background-image":"","background-repeat":"repeat","background-position":"center center","background-size":"auto","background-attachment":"scroll","background-type":"","background-media":"","overlay-type":"","overlay-color":"","overlay-opacity":"","overlay-gradient":""}},"footnotes":""},"class_list":["post-26983","page","type-page","status-publish","hentry"],"_links":{"self":[{"href":"https:\/\/mavideniz.com.tr\/tr\/wp-json\/wp\/v2\/pages\/26983","targetHints":{"allow":["GET"]}}],"collection":[{"href":"https:\/\/mavideniz.com.tr\/tr\/wp-json\/wp\/v2\/pages"}],"about":[{"href":"https:\/\/mavideniz.com.tr\/tr\/wp-json\/wp\/v2\/types\/page"}],"author":[{"embeddable":true,"href":"https:\/\/mavideniz.com.tr\/tr\/wp-json\/wp\/v2\/users\/1"}],"replies":[{"embeddable":true,"href":"https:\/\/mavideniz.com.tr\/tr\/wp-json\/wp\/v2\/comments?post=26983"}],"version-history":[{"count":0,"href":"https:\/\/mavideniz.com.tr\/tr\/wp-json\/wp\/v2\/pages\/26983\/revisions"}],"up":[{"embeddable":true,"href":"https:\/\/mavideniz.com.tr\/tr\/wp-json\/wp\/v2\/pages\/26971"}],"wp:attachment":[{"href":"https:\/\/mavideniz.com.tr\/tr\/wp-json\/wp\/v2\/media?parent=26983"}],"curies":[{"name":"wp","href":"https:\/\/api.w.org\/{rel}","templated":true}]}}