{"id":26991,"date":"2021-09-27T16:41:11","date_gmt":"2021-09-27T16:41:11","guid":{"rendered":"https:\/\/mavideniz.com.tr\/?page_id=26991"},"modified":"2023-01-15T19:02:07","modified_gmt":"2023-01-15T19:02:07","slug":"denizanasi-bariyer-agi","status":"publish","type":"page","link":"https:\/\/mavideniz.com.tr\/tr\/urunler\/yuzer-bariyer-bom\/denizanasi-bariyer-agi\/","title":{"rendered":"Denizanas\u0131 Bariyeri"},"content":{"rendered":"\n<p><strong>DEN\u0130ZANASI KORUYUCU BAR\u0130YER A\u011eI<\/strong><\/p>\n<p>Mavi Deniz, d\u00fcnya \u00e7ap\u0131nda denizanas\u0131 bariyer a\u011flar\u0131 tedari\u011fi ile deniz habitatlar\u0131n\u0131n ekosistemlerini korumada d\u00fcnya lideridir. Denizanas\u0131 a\u011f\u0131n\u0131n kullan\u0131\u015fl\u0131l\u0131\u011f\u0131, bal\u0131k tutma ve banyo da dahil olmak \u00fczere \u00e7e\u015fitli alanlarda kabul edilmektedir.<\/p>\n<p>Birka\u00e7 yeni t\u00fcr\u00fcn \u00e7o\u011fald\u0131\u011f\u0131n\u0131 fark ediyorsunuz; bu nedenle denizanas\u0131 a\u011f\u0131 gibi ara\u00e7lar baz\u0131 ge\u00e7erli nedenlerle daha da gerekli hale gelir. Cihazlar\u0131m\u0131z bu k\u00f6t\u00fc denizcilik toplant\u0131lar\u0131n\u0131 do\u011fal ve a\u00e7\u0131k bir \u015fekilde engelleyebilir.<\/p>\n<p><strong>Denizanas\u0131 bariyer a\u011f\u0131n\u0131n \u00f6zellikleri;<\/strong><\/p>\n<ul>\n<li>Denizanas\u0131 ve yosunlar i\u00e7in sa\u011flam koruma bariyeri.<\/li>\n<li>Deniz ya\u015fam\u0131 \u00fczerinde hi\u00e7bir etkisi yoktur.<\/li>\n<li>Kimyasal etki yok<\/li>\n<li>Bu Bariyer, \u0131s\u0131ran bir denizanas\u0131n\u0131n neden oldu\u011fu hasar i\u00e7in Devletin sa\u011fl\u0131k bak\u0131m maliyetini d\u00fc\u015f\u00fcr\u00fcr.<\/li>\n<li>Herhangi bir yard\u0131ma ihtiyac\u0131n\u0131z yok: bariyerler kullan\u0131ma haz\u0131r.<\/li>\n<li>Kurulum s\u0131ras\u0131nda veya denizde \u015fi\u015firme sistemlerine ihtiya\u00e7 duymaz<\/li>\n<li>Bariyer i\u00e7in, delinme veya deflasyon tehlikesi yok<\/li>\n<li>Hafif ve kullan\u0131m\u0131 kolay mod\u00fcler.<\/li>\n<\/ul>\n<p>Yukar\u0131da bahsedilen bu nedenlerden dolay\u0131 deniz ya\u015fam\u0131na zarar vermeyen, deniz kahramanlar\u0131 i\u00e7in engel veya tehlike olu\u015fturmayan, \u00e7evre dostu bir denizanas\u0131 bariyer sisteminin ke\u015ffedilmesi gerekmektedir. Denizanas\u0131 a\u011f\u0131, uzun zaman \u00f6nce yarat\u0131lan ve hi\u00e7 kimsenin \u00e7\u00f6z\u00fcm sa\u011flayamad\u0131\u011f\u0131 bir ihtiyaca do\u011fru cevapt\u0131r.<\/p>\n<p><strong>Denizanas\u0131 kar\u015f\u0131t\u0131 net te\u015fekk\u00fcr<\/strong><\/p>\n<p>Yosun \u00f6nleyici ve denizanas\u0131 koruyucu bariyerler \u00e7evre dostudur ve ayn\u0131 zamanda \u00e7ok y\u00fcksek i\u015flevsellik ve verimlili\u011fe sahiptir.<\/p>\n<p>Anti-denizanas\u0131 bariyerimiz uluslararas\u0131 bir nitelik kazanm\u0131\u015ft\u0131r.<\/p>\n<p>Denizanas\u0131 ve alglerin neden oldu\u011fu t\u00fcm sorunlara, bal\u0131k\u00e7\u0131l\u0131k, turizm ve insan sa\u011fl\u0131\u011f\u0131n\u0131 tehlikeye atan \u00f6nemli sorunlara \u00e7\u00f6z\u00fcm tasarlayan Denizanas\u0131 a\u011f\u0131n\u0131 Mavi Deniz icat etti.<\/p>\n<p>Denizanas\u0131 a\u011f\u0131, insan\u0131 ve faaliyetlerini koruyan, ayn\u0131 zamanda onu tehlikeli ve bazen \u00f6l\u00fcmc\u00fcl sald\u0131r\u0131lardan koruyan bir \u00fcr\u00fcnd\u00fcr.<\/p>\n<p><strong>DEN\u0130ZALI\u011eI A\u011eIMIZIN BOYUTU<\/strong><\/p>\n<p>Standart ve \u00f6zel boyutlu mod\u00fcller m\u00fcmk\u00fcnd\u00fcr<\/p>\n<p>Yosun \u00f6nleyici ve denizanas\u0131 a\u011f\u0131 mod\u00fcl uzunlu\u011fu 30 m derinli\u011fe kadard\u0131r. Ancak ihtiya\u00e7lar farkl\u0131 olabilir ve korunacak alanlar, korunacak alan\u0131n \u00e7o\u011funu kapsayabilecek \u00f6zel boyutu gerektirecek boyut ve \u015fekilde olabilir.<\/p>\n<p>Hem uzunluk hem de derinlik olarak \u00f6zel mod\u00fcller ger\u00e7ekle\u015ftirmek de m\u00fcmk\u00fcnd\u00fcr.<\/p>\n<p>Mod\u00fcllerimizin \u00f6zelle\u015ftirilmesi \u00f6nemli bir \u015feydir \u00e7\u00fcnk\u00fc m\u00fc\u015fterilerimizin \u00f6zel ihtiya\u00e7lar\u0131n\u0131 kar\u015f\u0131l\u0131yoruz.<\/p>\n<p>\u00d6zel ihtiya\u00e7lar\u0131n\u0131z\u0131 kar\u015f\u0131layabilecek ve tatmin edebilecek denizanas\u0131 kar\u015f\u0131t\u0131 mod\u00fcller olu\u015fturmak i\u00e7in buraday\u0131z. Kal\u0131c\u0131 olmad\u0131\u011f\u0131 i\u00e7in b\u00f6lgenize zarar verecek bir m\u00fcdahale olmayacakt\u0131r. K\u0131y\u0131da \u015fi\u015firme sistemlerine ihtiyac\u0131n\u0131z olmad\u0131\u011f\u0131 i\u00e7in denizanas\u0131 a\u011f\u0131n\u0131n deniz ya\u015fam\u0131na hi\u00e7bir etkisi yoktur ve herhangi bir kimyasal etki i\u00e7ermez.<\/p>\n<p>Ayr\u0131ca, t\u00fcm mod\u00fcller \u00e7ok hafif ve kullan\u0131m\u0131 kolayd\u0131r ve kurulum h\u0131zl\u0131 ve basittir ve harici m\u00fcdahaleler olmadan ger\u00e7ekle\u015fir.<\/p>\n<p>Denizanas\u0131 bariyeri, t\u00fcm sorunlar\u0131n\u0131za yaln\u0131zca faydalar\u0131 ve \u00e7\u00f6z\u00fcmleri garanti eden m\u00fckemmel bir \u015fekilde olu\u015fturulmu\u015f gerekli bir ara\u00e7t\u0131r.<\/p>\n<p>Sizi denizanas\u0131 ve alglere kar\u015f\u0131 koruman\u0131n en iyi yolu olarak denizanas\u0131 bariyerini test edin.<\/p>\n<p><strong>Kurulum<\/strong><\/p>\n<p>Anti-denizanas\u0131 a\u011f\u0131 hi\u00e7bir \u015fekilde gemilerin ge\u00e7i\u015fini engellemez. Mod\u00fcller, gemilerin ge\u00e7mesine veya korumal\u0131 b\u00f6lgeler olu\u015fturmas\u0131na izin vermek i\u00e7in birle\u015ftirilebilir veya kolayca ayr\u0131labilir.<\/p>\n<p>Kal\u0131c\u0131 bir engel olmayacak, ancak belirli ihtiya\u00e7lar\u0131 ve ko\u015fullar\u0131 kar\u015f\u0131lama esnekli\u011fine ve uyarlanabilirli\u011fine sahip olacakt\u0131r.<\/p>\n<p>\u00c7evreye zarar vermeyen, ola\u011fan ve ola\u011fan i\u015flemlere m\u00fcdahale etmeyen bir g\u00fcvenlik.<\/p>\n<p><strong>DEN\u0130Z F\u0130\u015e\u0130 A\u011eI NASIL KURULUR?<\/strong><\/p>\n<p>A\u011f\u0131m\u0131z\u0131n kurulumu basittir ve korunacak alanda invaziv bir operasyon gerektirmez. Bu vazge\u00e7ilmez bir yard\u0131mc\u0131d\u0131r, ancak ayn\u0131 zamanda sa\u011fduyulu ve kal\u0131c\u0131 de\u011fildir.<\/p>\n<p>Bariyer basit bir kuruluma sahiptir.<\/p>\n<p>Ankrajlar\u0131n tak\u0131lmas\u0131n\u0131 kolayla\u015ft\u0131rmak i\u00e7in file \u00fczerinde yan panel bulunmaktad\u0131r.<\/p>\n<p>Denizanas\u0131 a\u011f\u0131n\u0131n kuruldu\u011fu belirli bir konuma dayal\u0131 olarak size birka\u00e7 sabitleme kiti sunuyoruz.<\/p>\n<p>Bu sayede uygun koruma, do\u011fru kurulum, denizanas\u0131 ve yosunlardan tamamen korundu\u011funuzdan emin olabilirsiniz.<\/p>\n<p>Ayr\u0131ca, i\u015finizi kolayla\u015ft\u0131rmak i\u00e7in deniz taban\u0131na kurulum hizmeti i\u00e7in dalg\u0131c\u0131m\u0131z var.<\/p>\n<div class=\"wptm_table tablesorter-bootstrap \" data-id=\"44\" data-hightlight=\"0\"><div class=\"wptm_buttons buttons_wptmTbl44\"><\/div><div class=\"wptmresponsive dataTables-wptmtable wptmtable \" id=\"wptmtable44\" data-tableid=\"wptmTbl44\"><table data-count-header=\"1\"  data-format-decimal_count=\"0\" data-format-decimal_symbol=\".\" data-format-symbol_position=\"0\" data-format-thousand_symbol=\",\"  data-format-currency_symbol=\"$\"  data-name-style=\"44_1759660506.css\" data-format=\"YYYY-MM-DD\" id=\"wptmTbl44\" data-id=\"44\" data-responsive=\"false\" data-hideCols=\"false\"  data-type=\"html\" data-paging=\"false\" data-searching=\"true\"  data-ordering=\"false\" data-table-breakpoint=\"980\" data-scroll-x=\"true\" data-scroll-collapse=\"true\" data-align=\"center\" data-range=\"[]\" data-hideColumn=\"[0,0,0,0,0]\"  data-colwidths=\"[228,228,228,228,228]\"  data-colwidths_desktop=[]  data-colwidths_tablet=[]  data-colwidths_mobile=[]  class=\"wptm_main_table  disablePager hideScrollHeader\"><colgroup><col data-dtr=\"0\" data-dtc=\"0\" class=\"dtc0\"><col data-dtr=\"0\" data-dtc=\"1\" class=\"dtc1\"><col data-dtr=\"0\" data-dtc=\"2\" class=\"dtc2\"><col data-dtr=\"0\" data-dtc=\"3\" class=\"dtc3\"><col data-dtr=\"0\" data-dtc=\"4\" class=\"dtc4\"><\/colgroup><thead><tr class=\"wptm-header-cells-index\"><th rowspan=\"1\" colspan=\"1\" data-dtr=\"0\" data-dtc=\"0\" class=\"dtr0 dtc0\"><\/th><th rowspan=\"1\" colspan=\"1\" data-dtr=\"0\" data-dtc=\"1\" class=\"dtr0 dtc1\"><\/th><th rowspan=\"1\" colspan=\"1\" data-dtr=\"0\" data-dtc=\"2\" class=\"dtr0 dtc2\"><\/th><th rowspan=\"1\" colspan=\"1\" data-dtr=\"0\" data-dtc=\"3\" class=\"dtr0 dtc3\"><\/th><th rowspan=\"1\" colspan=\"1\" data-dtr=\"0\" data-dtc=\"4\" class=\"dtr0 dtc4\"><\/th><\/tr><tr class=\" row0\"><th   data-priority=\"0\" class=\"dtr0 dtc0\"><\/th><th   data-priority=\"0\" class=\"dtr0 dtc1\">JELLYFISH I<\/th><th   data-priority=\"0\" class=\"dtr0 dtc2\">JELLYFISH  II<\/th><th   data-priority=\"0\" class=\"dtr0 dtc3\">JELLYFISH  III<\/th><th   data-priority=\"0\" class=\"dtr0 dtc4\">JELLYFISH  IV<\/th><\/thead><tbody><tr class=\" row1\"><td    class=\"dtr1 dtc0\">Type<\/td><td  colspan=\"4\"   class=\"dtr1 dtc1\">Solid  (Standard) - Seasonal Non Permanent | Air (Optional) - Semi Seasonal | Rubber (Optional) | HDPE Float (Optional) - Permanent Longer Term<\/td><td  style=\"display: none\"   class=\"dtr1 dtc2\"><\/td><td  style=\"display: none\"   class=\"dtr1 dtc3\"><\/td><td  style=\"display: none\"   class=\"dtr1 dtc4\"><\/td><\/tr><tr class=\" row2\"><td    class=\"dtr2 dtc0\">Fabric Material<\/td><td  colspan=\"4\"   class=\"dtr2 dtc1\">PVC  (Standard) | Rubber (Optional)<\/td><td  style=\"display: none\"   class=\"dtr2 dtc2\"><\/td><td  style=\"display: none\"   class=\"dtr2 dtc3\"><\/td><td  style=\"display: none\"   class=\"dtr2 dtc4\"><\/td><\/tr><tr class=\" row3\"><td    class=\"dtr3 dtc0\">Flotation Material<\/td><td  colspan=\"4\"   class=\"dtr3 dtc1\">Solid (Standard) |  Air Inflatable (Optional) | HDPE Floats (Optional)<\/td><td  style=\"display: none\"   class=\"dtr3 dtc2\"><\/td><td  style=\"display: none\"   class=\"dtr3 dtc3\"><\/td><td  style=\"display: none\"   class=\"dtr3 dtc4\"><\/td><\/tr><tr class=\" row4\"><td    class=\"dtr4 dtc0\">Net Material<\/td><td    class=\"dtr4 dtc1\">HDPE<\/td><td    class=\"dtr4 dtc2\">HDPE<\/td><td    class=\"dtr4 dtc3\">HDPE<\/td><td    class=\"dtr4 dtc4\">HDPE<\/td><\/tr><tr class=\" row5\"><td    class=\"dtr5 dtc0\">Ballast<\/td><td    class=\"dtr5 dtc1\">Galvanized Chain<\/td><td    class=\"dtr5 dtc2\">Galvanized Chain<\/td><td    class=\"dtr5 dtc3\">Galvanized Chain<\/td><td    class=\"dtr5 dtc4\">Galvanized Chain<\/td><\/tr><tr class=\" row6\"><td    class=\"dtr6 dtc0\">Net Size<\/td><td    class=\"dtr6 dtc1\">50 mm - 15 mm<\/td><td    class=\"dtr6 dtc2\">50 mm - 15 mm<\/td><td    class=\"dtr6 dtc3\">50 mm - 15 mm<\/td><td    class=\"dtr6 dtc4\">50 mm - 15 mm<\/td><\/tr><tr class=\" row7\"><td    class=\"dtr7 dtc0\">Freeboard<\/td><td    class=\"dtr7 dtc1\">15 cm<\/td><td    class=\"dtr7 dtc2\">20 cm<\/td><td    class=\"dtr7 dtc3\">25 cm<\/td><td    class=\"dtr7 dtc4\">30 cm<\/td><\/tr><tr class=\" row8\"><td    class=\"dtr8 dtc0\">Net Height<\/td><td    class=\"dtr8 dtc1\">0,5 m - 1 m - 1.5 m - 3 m - 5 m<\/td><td    class=\"dtr8 dtc2\">0,5 m - 1 m - 1.5 m - 3 m - 5 m<\/td><td    class=\"dtr8 dtc3\">0,5 m - 1 m - 1.5 m - 3 m - 5 m<\/td><td    class=\"dtr8 dtc4\">0,5 m - 1 m - 1.5 m - 3 m - 5 m<\/td><\/tr><tr class=\" row9\"><td    class=\"dtr9 dtc0\">Section Length<\/td><td    class=\"dtr9 dtc1\">25 m<\/td><td    class=\"dtr9 dtc2\">25 m<\/td><td    class=\"dtr9 dtc3\">25 m<\/td><td    class=\"dtr9 dtc4\">25 m<\/td><\/tr><\/tbody><tfoot><tr><td class=\"dtr9 dtc0\" style=\"height: 0;\"><\/td><td class=\"dtr9 dtc1\" style=\"height: 0;\"><\/td><td class=\"dtr9 dtc2\" style=\"height: 0;\"><\/td><td class=\"dtr9 dtc3\" style=\"height: 0;\"><\/td><td class=\"dtr9 dtc4\" style=\"height: 0;\"><\/td><\/tr><\/tfoot><\/table><\/div><style>#wptmtable44 .dataTables_wrapper > .dataTables_scroll {max-height:500px;overflow: auto;}<\/style><script>window.wptm_ajaxurl = 'https:\/\/mavideniz.com.tr\/wp-admin\/admin-ajax.php?juwpfisadmin=false&action=Wptm&'; window.wptm_front = 'https:\/\/mavideniz.com.tr\/wp-content\/plugins\/wp-table-manager\/app\/site\/assets\/'; window.wptm_style = 'https:\/\/mavideniz.com.tr\/wp-content\/uploads\/wptm\/';<\/script><\/div><style><\/style>\n","protected":false},"excerpt":{"rendered":"<p>DEN\u0130ZANASI KORUYUCU BAR\u0130YER A\u011eI Mavi Deniz, d\u00fcnya \u00e7ap\u0131nda denizanas\u0131 bariyer a\u011flar\u0131 tedari\u011fi ile deniz habitatlar\u0131n\u0131n ekosistemlerini korumada d\u00fcnya lideridir. Denizanas\u0131 [&hellip;]<\/p>\n","protected":false},"author":1,"featured_media":0,"parent":26971,"menu_order":0,"comment_status":"closed","ping_status":"closed","template":"","meta":{"site-sidebar-layout":"default","site-content-layout":"","ast-site-content-layout":"default","site-content-style":"default","site-sidebar-style":"default","ast-global-header-display":"","ast-banner-title-visibility":"","ast-main-header-display":"","ast-hfb-above-header-display":"","ast-hfb-below-header-display":"","ast-hfb-mobile-header-display":"","site-post-title":"","ast-breadcrumbs-content":"","ast-featured-img":"","footer-sml-layout":"","ast-disable-related-posts":"","theme-transparent-header-meta":"","adv-header-id-meta":"","stick-header-meta":"","header-above-stick-meta":"","header-main-stick-meta":"","header-below-stick-meta":"","astra-migrate-meta-layouts":"default","ast-page-background-enabled":"default","ast-page-background-meta":{"desktop":{"background-color":"var(--ast-global-color-5)","background-image":"","background-repeat":"repeat","background-position":"center center","background-size":"auto","background-attachment":"scroll","background-type":"","background-media":"","overlay-type":"","overlay-color":"","overlay-opacity":"","overlay-gradient":""},"tablet":{"background-color":"","background-image":"","background-repeat":"repeat","background-position":"center center","background-size":"auto","background-attachment":"scroll","background-type":"","background-media":"","overlay-type":"","overlay-color":"","overlay-opacity":"","overlay-gradient":""},"mobile":{"background-color":"","background-image":"","background-repeat":"repeat","background-position":"center center","background-size":"auto","background-attachment":"scroll","background-type":"","background-media":"","overlay-type":"","overlay-color":"","overlay-opacity":"","overlay-gradient":""}},"ast-content-background-meta":{"desktop":{"background-color":"var(--ast-global-color-4)","background-image":"","background-repeat":"repeat","background-position":"center center","background-size":"auto","background-attachment":"scroll","background-type":"","background-media":"","overlay-type":"","overlay-color":"","overlay-opacity":"","overlay-gradient":""},"tablet":{"background-color":"var(--ast-global-color-4)","background-image":"","background-repeat":"repeat","background-position":"center center","background-size":"auto","background-attachment":"scroll","background-type":"","background-media":"","overlay-type":"","overlay-color":"","overlay-opacity":"","overlay-gradient":""},"mobile":{"background-color":"var(--ast-global-color-4)","background-image":"","background-repeat":"repeat","background-position":"center center","background-size":"auto","background-attachment":"scroll","background-type":"","background-media":"","overlay-type":"","overlay-color":"","overlay-opacity":"","overlay-gradient":""}},"footnotes":""},"class_list":["post-26991","page","type-page","status-publish","hentry"],"_links":{"self":[{"href":"https:\/\/mavideniz.com.tr\/tr\/wp-json\/wp\/v2\/pages\/26991","targetHints":{"allow":["GET"]}}],"collection":[{"href":"https:\/\/mavideniz.com.tr\/tr\/wp-json\/wp\/v2\/pages"}],"about":[{"href":"https:\/\/mavideniz.com.tr\/tr\/wp-json\/wp\/v2\/types\/page"}],"author":[{"embeddable":true,"href":"https:\/\/mavideniz.com.tr\/tr\/wp-json\/wp\/v2\/users\/1"}],"replies":[{"embeddable":true,"href":"https:\/\/mavideniz.com.tr\/tr\/wp-json\/wp\/v2\/comments?post=26991"}],"version-history":[{"count":0,"href":"https:\/\/mavideniz.com.tr\/tr\/wp-json\/wp\/v2\/pages\/26991\/revisions"}],"up":[{"embeddable":true,"href":"https:\/\/mavideniz.com.tr\/tr\/wp-json\/wp\/v2\/pages\/26971"}],"wp:attachment":[{"href":"https:\/\/mavideniz.com.tr\/tr\/wp-json\/wp\/v2\/media?parent=26991"}],"curies":[{"name":"wp","href":"https:\/\/api.w.org\/{rel}","templated":true}]}}