{"id":26999,"date":"2021-09-27T17:14:15","date_gmt":"2021-09-27T17:14:15","guid":{"rendered":"https:\/\/mavideniz.com.tr\/?page_id=26999"},"modified":"2024-04-08T18:19:13","modified_gmt":"2024-04-08T18:19:13","slug":"sahil-sizdirmazlik-bariyeri-kiyi-bomu","status":"publish","type":"page","link":"https:\/\/mavideniz.com.tr\/tr\/urunler\/yuzer-bariyer-bom\/petrol-muhafaza-bariyerleri\/sahil-sizdirmazlik-bariyeri-kiyi-bomu\/","title":{"rendered":"Petrol S\u0131z\u0131nt\u0131s\u0131n\u0131 S\u0131n\u0131rlama K\u0131y\u0131 \u015eeridi Bariyeri"},"content":{"rendered":"\n<p>Mavi Deniz K\u0131y\u0131 \u015eeridi Petrol S\u0131z\u0131nt\u0131s\u0131n\u0131 S\u0131n\u0131rlama Bariyeri, s\u0131\u011f su ortamlar\u0131 i\u00e7in k\u0131y\u0131 \u015feritleri, batakl\u0131k k\u0131y\u0131 alanlar\u0131 ve plajlar i\u00e7in uygun hale getiren bir petrol S\u0131z\u0131nt\u0131s\u0131n\u0131 \u00f6nleme bariyeridir. Sahil S\u0131zd\u0131rmazl\u0131k bariyeri, gelgit dalgalanmalar\u0131na maruz kalan alanlarda faydal\u0131d\u0131r.<\/p>\n<p>K\u0131y\u0131 \u015eeridi Petrol S\u0131z\u0131nt\u0131s\u0131n\u0131 S\u0131n\u0131rlama Bariyeri her b\u00f6l\u00fcm\u00fcn \u00fcst k\u0131sm\u0131 boyunca tek bir hava t\u00fcp\u00fc ile uyar. Su\u00fcst\u00fc, K\u0131y\u0131 bariyeri&#8217;nin daha derin sularda geleneksel perde bariyeri gibi i\u015flev g\u00f6rmesini sa\u011flayan \u015fi\u015firilebilir veya k\u00f6p\u00fck dolgulu bir y\u00fczd\u00fcrme odas\u0131 sa\u011flar. Bu oda \u015fi\u015firilir ve k\u0131y\u0131 bariyeri da\u011f\u0131t\u0131m konumuna \u00e7ekilebilir. Yerinde bir kez, su t\u00fcpleri doldurulur.<\/p>\n<p>Sahil Bariyeri, su balast\u0131n\u0131 kullanan benzersiz ama\u00e7l\u0131 bir koruma bariyeridir. Su, bomun alt\u0131 boyunca iki boruya pompalan\u0131r. Bu su, bom y\u00fczerken balast g\u00f6revi g\u00f6r\u00fcr; bariyer mahsur kald\u0131\u011f\u0131nda. Bu t\u00fcpler yere oturur ve bir m\u00fch\u00fcr olu\u015fturur. K\u0131y\u0131 Bariyeri, su ve kara aras\u0131nda ge\u00e7i\u015f yapabilir ve bu b\u00f6lgelerde petrol\u00fcn yay\u0131lmas\u0131n\u0131 \u00f6nleyebilir.<\/p>\n<p>\u00c7ok \u00e7e\u015fitli bariyer makaralar\u0131, hava \u00fcfleyiciler ve su pompalar\u0131 mevcuttur.<\/p>\n<p><strong>\u00d6zellikleri<\/strong><\/p>\n<ul>\n<li>K\u0131y\u0131 \u015eeridi Bariyeri, nispeten k\u00fc\u00e7\u00fck dalgalar\u0131n, batakl\u0131klar\u0131n, lag\u00fcnlerin ve su seviyesinin s\u0131\u011f oldu\u011fu veya gelgit, ya\u011fmur veya sel nedeniyle de\u011fi\u015fti\u011fi di\u011fer alanlardaki operasyonlar i\u00e7in idealdir.<\/li>\n<li>K\u0131y\u0131 \u015eeridi Bariyeri, su \u00fczerinde y\u00fczebilir ve y\u00fczen kirleticilerin g\u00f6\u00e7\u00fcn\u00fc \u00f6nlemek i\u00e7in k\u0131y\u0131ya yap\u0131\u015fabilir.<\/li>\n<li>K\u0131y\u0131 \u015eeridi Bariyeri M\u00fckemmel performansa sahiptir, gelgit sular\u0131nda, dinamik nehirlerde veya g\u00f6llerde iyi \u00e7al\u0131\u015f\u0131r.<\/li>\n<li>\u00c7ok \u00e7e\u015fitli PVC \/ PU \/ Neopren kuma\u015flarda mevcuttur.<\/li>\n<li>En \u00fcst d\u00fczeyde g\u00fcvenilirlik i\u00e7in, Sahil Sealin Boom, hasar durumunda bomun y\u00fczmeye devam etmesini sa\u011flayan Segmentlere ayr\u0131lm\u0131\u015f \u00c7oklu b\u00f6lmelere sahiptir.<\/li>\n<li>Ucuz benzin, \u015fi\u015firme fan\u0131n\u0131 \u00e7al\u0131\u015ft\u0131rd\u0131 ve odalar\u0131 doldurmak i\u00e7in benzinle \u00e7al\u0131\u015fan su pompas\u0131 kullan\u0131l\u0131r.<\/li>\n<li>Korozyona dayan\u0131kl\u0131 ASTM tarz\u0131 denizcilik s\u0131n\u0131f\u0131 al\u00fcminyum konekt\u00f6rler.<\/li>\n<li>\u00d6zel boyutlar mevcuttur.<\/li>\n<\/ul>\n<div class=\"wptm_table tablesorter-bootstrap \" data-id=\"31\" data-hightlight=\"0\"><div class=\"wptm_buttons buttons_wptmTbl31\"><\/div><div class=\"wptmresponsive dataTables-wptmtable wptmtable \" id=\"wptmtable31\" data-tableid=\"wptmTbl31\"><table data-count-header=\"1\"  data-format-decimal_count=\"0\" data-format-decimal_symbol=\".\" data-format-symbol_position=\"0\" data-format-thousand_symbol=\",\"  data-format-currency_symbol=\"$\"  data-name-style=\"31_1759662415.css\" data-format=\"YYYY-MM-DD\" id=\"wptmTbl31\" data-id=\"31\" data-responsive=\"false\" data-hideCols=\"false\"  data-type=\"html\" data-paging=\"false\" data-searching=\"true\"  data-ordering=\"false\" data-table-breakpoint=\"980\" data-scroll-x=\"true\" data-scroll-collapse=\"true\" data-align=\"center\" data-range=\"[]\" data-hideColumn=\"[0,0,0,0]\"  data-colwidths=\"[285,285,285,285]\"  data-colwidths_desktop=[]  data-colwidths_tablet=[]  data-colwidths_mobile=[]  class=\"wptm_main_table  disablePager hideScrollHeader\"><colgroup><col data-dtr=\"0\" data-dtc=\"0\" class=\"dtc0\"><col data-dtr=\"0\" data-dtc=\"1\" class=\"dtc1\"><col data-dtr=\"0\" data-dtc=\"2\" class=\"dtc2\"><col data-dtr=\"0\" data-dtc=\"3\" class=\"dtc3\"><\/colgroup><thead><tr class=\"wptm-header-cells-index\"><th rowspan=\"1\" colspan=\"1\" data-dtr=\"0\" data-dtc=\"0\" class=\"dtr0 dtc0\"><\/th><th rowspan=\"1\" colspan=\"1\" data-dtr=\"0\" data-dtc=\"1\" class=\"dtr0 dtc1\"><\/th><th rowspan=\"1\" colspan=\"1\" data-dtr=\"0\" data-dtc=\"2\" class=\"dtr0 dtc2\"><\/th><th rowspan=\"1\" colspan=\"1\" data-dtr=\"0\" data-dtc=\"3\" class=\"dtr0 dtc3\"><\/th><\/tr><tr class=\" row0\"><th   data-priority=\"0\" class=\"dtr0 dtc0\"><\/th><th   data-priority=\"0\" class=\"dtr0 dtc1\">Beach III<\/th><th   data-priority=\"0\" class=\"dtr0 dtc2\">Beach II<\/th><th   data-priority=\"0\" class=\"dtr0 dtc3\">Beach I<\/th><\/thead><tbody><tr class=\" row1\"><td    class=\"dtr1 dtc0\">Application Area<\/td><td    class=\"dtr1 dtc1\">Shore<\/td><td    class=\"dtr1 dtc2\">Shore<\/td><td    class=\"dtr1 dtc3\">Shore<\/td><\/tr><tr class=\" row2\"><td    class=\"dtr2 dtc0\">Overall Height<\/td><td    class=\"dtr2 dtc1\">700 mm<\/td><td    class=\"dtr2 dtc2\">600 mm<\/td><td    class=\"dtr2 dtc3\">500 mm<\/td><\/tr><tr class=\" row3\"><td    class=\"dtr3 dtc0\">Freeboard<\/td><td    class=\"dtr3 dtc1\">350 mm<\/td><td    class=\"dtr3 dtc2\">300 mm<\/td><td    class=\"dtr3 dtc3\">250 mm<\/td><\/tr><tr class=\" row4\"><td    class=\"dtr4 dtc0\">Draft<\/td><td    class=\"dtr4 dtc1\">350 mm<\/td><td    class=\"dtr4 dtc2\">300 mm<\/td><td    class=\"dtr4 dtc3\">250 mm<\/td><\/tr><tr class=\" row5\"><td    class=\"dtr5 dtc0\">Fabric Material<\/td><td  colspan=\"3\"   class=\"dtr5 dtc1\">1100 dtex, PVC (Standard) | PU (Optional)<\/td><td  style=\"display: none\"   class=\"dtr5 dtc2\"><\/td><td  style=\"display: none\"   class=\"dtr5 dtc3\"><\/td><\/tr><tr class=\" row6\"><td    class=\"dtr6 dtc0\">Fabric Weight<\/td><td    class=\"dtr6 dtc1\">900 g\/m\u00b2<\/td><td    class=\"dtr6 dtc2\">900 g\/m\u00b2<\/td><td    class=\"dtr6 dtc3\">900 g\/m\u00b2<\/td><\/tr><tr class=\" row7\"><td    class=\"dtr7 dtc0\">Tensile Strenght<\/td><td    class=\"dtr7 dtc1\">4000 N\/5 cm<\/td><td    class=\"dtr7 dtc2\">4000 N\/5 cm<\/td><td    class=\"dtr7 dtc3\">4000 N\/5 cm<\/td><\/tr><tr class=\" row8\"><td    class=\"dtr8 dtc0\">Section Length<\/td><td    class=\"dtr8 dtc1\">15 m<\/td><td    class=\"dtr8 dtc2\">15 m<\/td><td    class=\"dtr8 dtc3\">15 m<\/td><\/tr><tr class=\" row9\"><td    class=\"dtr9 dtc0\">Connector<\/td><td  colspan=\"3\"   class=\"dtr9 dtc1\">ASTM Z or ASTM Universal<\/td><td  style=\"display: none\"   class=\"dtr9 dtc2\"><\/td><td  style=\"display: none\"   class=\"dtr9 dtc3\"><\/td><\/tr><\/tbody><tfoot><tr><td class=\"dtr9 dtc0\" style=\"height: 0;\"><\/td><td class=\"dtr9 dtc1\" style=\"height: 0;\"><\/td><td class=\"dtr9 dtc2\" style=\"height: 0;\"><\/td><td class=\"dtr9 dtc3\" style=\"height: 0;\"><\/td><\/tr><\/tfoot><\/table><\/div><style>#wptmtable31 .dataTables_wrapper > .dataTables_scroll {max-height:500px;overflow: auto;}<\/style><script>window.wptm_ajaxurl = 'https:\/\/mavideniz.com.tr\/wp-admin\/admin-ajax.php?juwpfisadmin=false&action=Wptm&'; window.wptm_front = 'https:\/\/mavideniz.com.tr\/wp-content\/plugins\/wp-table-manager\/app\/site\/assets\/'; window.wptm_style = 'https:\/\/mavideniz.com.tr\/wp-content\/uploads\/wptm\/';<\/script><\/div><style><\/style>\n","protected":false},"excerpt":{"rendered":"<p>Mavi Deniz K\u0131y\u0131 \u015eeridi Petrol S\u0131z\u0131nt\u0131s\u0131n\u0131 S\u0131n\u0131rlama Bariyeri, s\u0131\u011f su ortamlar\u0131 i\u00e7in k\u0131y\u0131 \u015feritleri, batakl\u0131k k\u0131y\u0131 alanlar\u0131 ve plajlar i\u00e7in [&hellip;]<\/p>\n","protected":false},"author":1,"featured_media":0,"parent":26997,"menu_order":0,"comment_status":"closed","ping_status":"closed","template":"","meta":{"site-sidebar-layout":"default","site-content-layout":"","ast-site-content-layout":"default","site-content-style":"default","site-sidebar-style":"default","ast-global-header-display":"","ast-banner-title-visibility":"","ast-main-header-display":"","ast-hfb-above-header-display":"","ast-hfb-below-header-display":"","ast-hfb-mobile-header-display":"","site-post-title":"","ast-breadcrumbs-content":"","ast-featured-img":"","footer-sml-layout":"","ast-disable-related-posts":"","theme-transparent-header-meta":"","adv-header-id-meta":"","stick-header-meta":"","header-above-stick-meta":"","header-main-stick-meta":"","header-below-stick-meta":"","astra-migrate-meta-layouts":"default","ast-page-background-enabled":"default","ast-page-background-meta":{"desktop":{"background-color":"var(--ast-global-color-5)","background-image":"","background-repeat":"repeat","background-position":"center center","background-size":"auto","background-attachment":"scroll","background-type":"","background-media":"","overlay-type":"","overlay-color":"","overlay-opacity":"","overlay-gradient":""},"tablet":{"background-color":"","background-image":"","background-repeat":"repeat","background-position":"center center","background-size":"auto","background-attachment":"scroll","background-type":"","background-media":"","overlay-type":"","overlay-color":"","overlay-opacity":"","overlay-gradient":""},"mobile":{"background-color":"","background-image":"","background-repeat":"repeat","background-position":"center center","background-size":"auto","background-attachment":"scroll","background-type":"","background-media":"","overlay-type":"","overlay-color":"","overlay-opacity":"","overlay-gradient":""}},"ast-content-background-meta":{"desktop":{"background-color":"var(--ast-global-color-4)","background-image":"","background-repeat":"repeat","background-position":"center center","background-size":"auto","background-attachment":"scroll","background-type":"","background-media":"","overlay-type":"","overlay-color":"","overlay-opacity":"","overlay-gradient":""},"tablet":{"background-color":"var(--ast-global-color-4)","background-image":"","background-repeat":"repeat","background-position":"center center","background-size":"auto","background-attachment":"scroll","background-type":"","background-media":"","overlay-type":"","overlay-color":"","overlay-opacity":"","overlay-gradient":""},"mobile":{"background-color":"var(--ast-global-color-4)","background-image":"","background-repeat":"repeat","background-position":"center center","background-size":"auto","background-attachment":"scroll","background-type":"","background-media":"","overlay-type":"","overlay-color":"","overlay-opacity":"","overlay-gradient":""}},"footnotes":""},"class_list":["post-26999","page","type-page","status-publish","hentry"],"_links":{"self":[{"href":"https:\/\/mavideniz.com.tr\/tr\/wp-json\/wp\/v2\/pages\/26999","targetHints":{"allow":["GET"]}}],"collection":[{"href":"https:\/\/mavideniz.com.tr\/tr\/wp-json\/wp\/v2\/pages"}],"about":[{"href":"https:\/\/mavideniz.com.tr\/tr\/wp-json\/wp\/v2\/types\/page"}],"author":[{"embeddable":true,"href":"https:\/\/mavideniz.com.tr\/tr\/wp-json\/wp\/v2\/users\/1"}],"replies":[{"embeddable":true,"href":"https:\/\/mavideniz.com.tr\/tr\/wp-json\/wp\/v2\/comments?post=26999"}],"version-history":[{"count":0,"href":"https:\/\/mavideniz.com.tr\/tr\/wp-json\/wp\/v2\/pages\/26999\/revisions"}],"up":[{"embeddable":true,"href":"https:\/\/mavideniz.com.tr\/tr\/wp-json\/wp\/v2\/pages\/26997"}],"wp:attachment":[{"href":"https:\/\/mavideniz.com.tr\/tr\/wp-json\/wp\/v2\/media?parent=26999"}],"curies":[{"name":"wp","href":"https:\/\/api.w.org\/{rel}","templated":true}]}}