{"id":27003,"date":"2021-09-27T17:24:48","date_gmt":"2021-09-27T17:24:48","guid":{"rendered":"https:\/\/mavideniz.com.tr\/?page_id=27003"},"modified":"2023-03-19T13:59:50","modified_gmt":"2023-03-19T13:59:50","slug":"cit-tipi-petrol-muhafaza-bariyeri","status":"publish","type":"page","link":"https:\/\/mavideniz.com.tr\/tr\/urunler\/yuzer-bariyer-bom\/petrol-muhafaza-bariyerleri\/cit-tipi-petrol-muhafaza-bariyeri\/","title":{"rendered":"\u00c7it Tipi Deniz Bariyeri"},"content":{"rendered":"\n<p>Mavi Deniz&#8217;in \u00c7it tipi Deniz Bariyeri, ekonomik, kan\u0131tlanm\u0131\u015f petrol muhafazas\u0131 sunan sa\u011flam bir y\u00fczd\u00fcrme bomudur. \u00c7it tipi Deniz Bariyer Modeli, korunakl\u0131\/sakin sulardan ve d\u00fc\u015f\u00fck ak\u0131nt\u0131 ko\u015fullar\u0131ndan a\u00e7\u0131k deniz ko\u015fullar\u0131na kadar petrol kirlili\u011fini s\u0131n\u0131rlar.<\/p>\n<p>\u00c7it tipi Deniz Bariyeri sa\u011flam bir y\u00fczd\u00fcr\u00fcc\u00fc\u011fe sahiptir. \u00c7it tipi Deniz Bariyer nispeten g\u00fcvenli ve sakin sularda petrol kirlili\u011fini s\u0131n\u0131rlama operasyonunda d\u00f6k\u00fclmeyi kontrol alt\u0131na almak i\u00e7in esnek bir pvc branda ve y\u00fczd\u00fcr\u00fcc\u00fc d\u00fcz k\u00f6p\u00fckten olu\u015fur. \u00c7it tipi Deniz Bariyer, mavnalardan, teknelerden, r\u0131ht\u0131mlardan, r\u00f6morklardan veya y\u00fcr\u00fcyen bir ki\u015fiden konu\u015fland\u0131r\u0131labilir ve di\u011fer ASTM konekt\u00f6rleriyle birbirine ba\u011flanan evrensel al\u00fcminyum hafif aletsiz ba\u011flay\u0131c\u0131lara sahiptir.<\/p>\n<p>\u00c7it tipi Deniz Bariyeri, m\u00fckemmel performans ve dayan\u0131kl\u0131l\u0131k sa\u011flarken mevcut en ekonomik fiyatl\u0131 bariyerlerden biridir.<\/p>\n<p>\u00c7it tipi Deniz Bariyeri, en k\u00fc\u00e7\u00fck kat\u0131 y\u00fczer bariyer tipi depolama hacmi sunar ve paletler, konteynerler veya bom makaralar\u0131 \u00fczerinde depolanabilir. Sistemler, depolama\/da\u011f\u0131t\u0131m kutular\u0131, \u00e7ekme dizginleri, ankraj sistemleri ve tamir tak\u0131mlar\u0131n\u0131 i\u00e7ermektedir.<\/p>\n<p><strong>\u00d6zellikleri<\/strong><\/p>\n<ul>\n<li>\u00c7it tipi Deniz Bariyeri, h\u0131zl\u0131 bir m\u00fcdahalenin gerekli oldu\u011fu limanlar, limanlar, i\u00e7 k\u0131s\u0131mlar ve k\u0131y\u0131lardaki operasyonlar i\u00e7in idealdir.<\/li>\n<li>\u00c7it tipi Deniz Bariyeri, \u00e7ok \u00e7e\u015fitli a\u011f\u0131r hizmet tipi vinil kapl\u0131 polyester \/ PU kapl\u0131 kuma\u015flarda mevcuttur.<\/li>\n<li>Simetrik kapal\u0131 h\u00fccreli k\u00f6p\u00fck \u015famand\u0131ralar (HDPE), \u00fcst\u00fcn ya\u011f muhafazas\u0131 i\u00e7in p\u00fcr\u00fczs\u00fcz bir d\u0131\u015f profil sa\u011flar.<\/li>\n<li>ASTM standartlar\u0131na sahip denizcilik s\u0131n\u0131f\u0131 al\u00fcminyum konekt\u00f6rler<\/li>\n<li>A\u011f\u0131r hizmet tipi galvanizli \u00e7elik balast zincir\/kur\u015fun bloklar\u0131<\/li>\n<li>\u00d6zel boyutlar mevcuttur<\/li>\n<\/ul>\n<div class=\"wptm_table tablesorter-bootstrap \" data-id=\"35\" data-hightlight=\"0\"><div class=\"wptm_buttons buttons_wptmTbl35\"><\/div><div class=\"wptmresponsive dataTables-wptmtable wptmtable \" id=\"wptmtable35\" data-tableid=\"wptmTbl35\"><table data-count-header=\"1\"  data-format-decimal_count=\"0\" data-format-decimal_symbol=\".\" data-format-symbol_position=\"0\" data-format-thousand_symbol=\",\"  data-format-currency_symbol=\"$\"  data-name-style=\"35_1759662703.css\" data-format=\"YYYY-MM-DD\" id=\"wptmTbl35\" data-id=\"35\" data-responsive=\"false\" data-hideCols=\"false\"  data-type=\"html\" data-paging=\"false\" data-searching=\"true\"  data-ordering=\"false\" data-table-breakpoint=\"980\" data-scroll-x=\"true\" data-scroll-collapse=\"true\" data-align=\"center\" data-range=\"[]\" data-hideColumn=\"[0,0,0,0,0,0,0]\"  data-colwidths=\"[162,162,162,162,162,162,162]\"  data-colwidths_desktop=[]  data-colwidths_tablet=[]  data-colwidths_mobile=[]  class=\"wptm_main_table  disablePager hideScrollHeader\"><colgroup><col data-dtr=\"0\" data-dtc=\"0\" class=\"dtc0\"><col data-dtr=\"0\" data-dtc=\"1\" class=\"dtc1\"><col data-dtr=\"0\" data-dtc=\"2\" class=\"dtc2\"><col data-dtr=\"0\" data-dtc=\"3\" class=\"dtc3\"><col data-dtr=\"0\" data-dtc=\"4\" class=\"dtc4\"><col data-dtr=\"0\" data-dtc=\"5\" class=\"dtc5\"><col data-dtr=\"0\" data-dtc=\"6\" class=\"dtc6\"><\/colgroup><thead><tr class=\"wptm-header-cells-index\"><th rowspan=\"1\" colspan=\"1\" data-dtr=\"0\" data-dtc=\"0\" class=\"dtr0 dtc0\"><\/th><th rowspan=\"1\" colspan=\"1\" data-dtr=\"0\" data-dtc=\"1\" class=\"dtr0 dtc1\"><\/th><th rowspan=\"1\" colspan=\"1\" data-dtr=\"0\" data-dtc=\"2\" class=\"dtr0 dtc2\"><\/th><th rowspan=\"1\" colspan=\"1\" data-dtr=\"0\" data-dtc=\"3\" class=\"dtr0 dtc3\"><\/th><th rowspan=\"1\" colspan=\"1\" data-dtr=\"0\" data-dtc=\"4\" class=\"dtr0 dtc4\"><\/th><th rowspan=\"1\" colspan=\"1\" data-dtr=\"0\" data-dtc=\"5\" class=\"dtr0 dtc5\"><\/th><th rowspan=\"1\" colspan=\"1\" data-dtr=\"0\" data-dtc=\"6\" class=\"dtr0 dtc6\"><\/th><\/tr><tr class=\" row0\"><th   data-priority=\"0\" class=\"dtr0 dtc0\"><\/th><th   data-priority=\"0\" class=\"dtr0 dtc1\">OF 1500<\/th><th   data-priority=\"0\" class=\"dtr0 dtc2\">OF 1200<\/th><th   data-priority=\"0\" class=\"dtr0 dtc3\">OF 1100<\/th><th   data-priority=\"0\" class=\"dtr0 dtc4\">OF 1000<\/th><th   data-priority=\"0\" class=\"dtr0 dtc5\">OF 750<\/th><th   data-priority=\"0\" class=\"dtr0 dtc6\">OF 500<\/th><\/thead><tbody><tr class=\" row1\"><td    class=\"dtr1 dtc0\">Application Area<\/td><td    class=\"dtr1 dtc1\">Offshore<\/td><td    class=\"dtr1 dtc2\">Offshore<\/td><td    class=\"dtr1 dtc3\">Harbour, Coastal<\/td><td    class=\"dtr1 dtc4\">Harbour, Inshore<\/td><td    class=\"dtr1 dtc5\">Harbour, Inshore<\/td><td    class=\"dtr1 dtc6\">Lake, River, Pond<\/td><\/tr><tr class=\" row2\"><td    class=\"dtr2 dtc0\">Overall Height<\/td><td    class=\"dtr2 dtc1\">1500 mm<\/td><td    class=\"dtr2 dtc2\">1200 mm<\/td><td    class=\"dtr2 dtc3\">1100 mm<\/td><td    class=\"dtr2 dtc4\">1000 mm<\/td><td    class=\"dtr2 dtc5\">750 mm<\/td><td    class=\"dtr2 dtc6\">500 mm<\/td><\/tr><tr class=\" row3\"><td    class=\"dtr3 dtc0\">Freeboard<\/td><td    class=\"dtr3 dtc1\">500 mm<\/td><td    class=\"dtr3 dtc2\">400 mm<\/td><td    class=\"dtr3 dtc3\">350 mm<\/td><td    class=\"dtr3 dtc4\">300 mm<\/td><td    class=\"dtr3 dtc5\">250 mm<\/td><td    class=\"dtr3 dtc6\">200 mm<\/td><\/tr><tr class=\" row4\"><td    class=\"dtr4 dtc0\">Draft<\/td><td    class=\"dtr4 dtc1\">1000 mm<\/td><td    class=\"dtr4 dtc2\">800 mm<\/td><td    class=\"dtr4 dtc3\">750 mm<\/td><td    class=\"dtr4 dtc4\">700 mm<\/td><td    class=\"dtr4 dtc5\">500 mm<\/td><td    class=\"dtr4 dtc6\">300 mm<\/td><\/tr><tr class=\" row5\"><td    class=\"dtr5 dtc0\">Fabric Material<\/td><td  colspan=\"6\"   class=\"dtr5 dtc1\">1100 dtex, PVC (Standard) | PU (Optional)<\/td><td  style=\"display: none\"   class=\"dtr5 dtc2\"><\/td><td  style=\"display: none\"   class=\"dtr5 dtc3\"><\/td><td  style=\"display: none\"   class=\"dtr5 dtc4\"><\/td><td  style=\"display: none\"   class=\"dtr5 dtc5\"><\/td><td  style=\"display: none\"   class=\"dtr5 dtc6\"><\/td><\/tr><tr class=\" row6\"><td    class=\"dtr6 dtc0\">Fabric Weight<\/td><td    class=\"dtr6 dtc1\">650 g\/m\u00b2<\/td><td    class=\"dtr6 dtc2\">650 g\/m\u00b2<\/td><td    class=\"dtr6 dtc3\">650 g\/m\u00b2<\/td><td    class=\"dtr6 dtc4\">650 g\/m\u00b2<\/td><td    class=\"dtr6 dtc5\">650 g\/m\u00b2<\/td><td    class=\"dtr6 dtc6\">650 g\/m\u00b2<\/td><\/tr><tr class=\" row7\"><td    class=\"dtr7 dtc0\">Tensile Strenght<\/td><td    class=\"dtr7 dtc1\">2100 N\/5 cm<\/td><td    class=\"dtr7 dtc2\">2100 N\/5 cm<\/td><td    class=\"dtr7 dtc3\">2100 N\/5 cm<\/td><td    class=\"dtr7 dtc4\">2100 N\/5 cm<\/td><td    class=\"dtr7 dtc5\">2100 N\/5 cm<\/td><td    class=\"dtr7 dtc6\">2100 N\/5 cm<\/td><\/tr><tr class=\" row8\"><td    class=\"dtr8 dtc0\">Ballast<\/td><td  colspan=\"6\"   class=\"dtr8 dtc1\">Galvanized Chain<\/td><td  style=\"display: none\"   class=\"dtr8 dtc2\"><\/td><td  style=\"display: none\"   class=\"dtr8 dtc3\"><\/td><td  style=\"display: none\"   class=\"dtr8 dtc4\"><\/td><td  style=\"display: none\"   class=\"dtr8 dtc5\"><\/td><td  style=\"display: none\"   class=\"dtr8 dtc6\"><\/td><\/tr><tr class=\" row9\"><td    class=\"dtr9 dtc0\">Section Length<\/td><td    class=\"dtr9 dtc1\">25 m<\/td><td    class=\"dtr9 dtc2\">25 m<\/td><td    class=\"dtr9 dtc3\">25 m<\/td><td    class=\"dtr9 dtc4\">25 m<\/td><td    class=\"dtr9 dtc5\">25 m<\/td><td    class=\"dtr9 dtc6\">25 m<\/td><\/tr><tr class=\" row10\"><td    class=\"dtr10 dtc0\">Connector<\/td><td  colspan=\"6\"   class=\"dtr10 dtc1\">ASTM Z or ASTM Universal<\/td><td  style=\"display: none\"   class=\"dtr10 dtc2\"><\/td><td  style=\"display: none\"   class=\"dtr10 dtc3\"><\/td><td  style=\"display: none\"   class=\"dtr10 dtc4\"><\/td><td  style=\"display: none\"   class=\"dtr10 dtc5\"><\/td><td  style=\"display: none\"   class=\"dtr10 dtc6\"><\/td><\/tr><\/tbody><tfoot><tr><td class=\"dtr10 dtc0\" style=\"height: 0;\"><\/td><td class=\"dtr10 dtc1\" style=\"height: 0;\"><\/td><td class=\"dtr10 dtc2\" style=\"height: 0;\"><\/td><td class=\"dtr10 dtc3\" style=\"height: 0;\"><\/td><td class=\"dtr10 dtc4\" style=\"height: 0;\"><\/td><td class=\"dtr10 dtc5\" style=\"height: 0;\"><\/td><td class=\"dtr10 dtc6\" style=\"height: 0;\"><\/td><\/tr><\/tfoot><\/table><\/div><style>#wptmtable35 .dataTables_wrapper > .dataTables_scroll {max-height:500px;overflow: auto;}<\/style><script>window.wptm_ajaxurl = 'https:\/\/mavideniz.com.tr\/wp-admin\/admin-ajax.php?juwpfisadmin=false&action=Wptm&'; window.wptm_front = 'https:\/\/mavideniz.com.tr\/wp-content\/plugins\/wp-table-manager\/app\/site\/assets\/'; window.wptm_style = 'https:\/\/mavideniz.com.tr\/wp-content\/uploads\/wptm\/';<\/script><\/div><style><\/style>\n","protected":false},"excerpt":{"rendered":"<p>Mavi Deniz&#8217;in \u00c7it tipi Deniz Bariyeri, ekonomik, kan\u0131tlanm\u0131\u015f petrol muhafazas\u0131 sunan sa\u011flam bir y\u00fczd\u00fcrme bomudur. \u00c7it tipi Deniz Bariyer Modeli, [&hellip;]<\/p>\n","protected":false},"author":1,"featured_media":0,"parent":26997,"menu_order":0,"comment_status":"closed","ping_status":"closed","template":"","meta":{"site-sidebar-layout":"default","site-content-layout":"","ast-site-content-layout":"default","site-content-style":"default","site-sidebar-style":"default","ast-global-header-display":"","ast-banner-title-visibility":"","ast-main-header-display":"","ast-hfb-above-header-display":"","ast-hfb-below-header-display":"","ast-hfb-mobile-header-display":"","site-post-title":"","ast-breadcrumbs-content":"","ast-featured-img":"","footer-sml-layout":"","ast-disable-related-posts":"","theme-transparent-header-meta":"","adv-header-id-meta":"","stick-header-meta":"","header-above-stick-meta":"","header-main-stick-meta":"","header-below-stick-meta":"","astra-migrate-meta-layouts":"default","ast-page-background-enabled":"default","ast-page-background-meta":{"desktop":{"background-color":"var(--ast-global-color-5)","background-image":"","background-repeat":"repeat","background-position":"center center","background-size":"auto","background-attachment":"scroll","background-type":"","background-media":"","overlay-type":"","overlay-color":"","overlay-opacity":"","overlay-gradient":""},"tablet":{"background-color":"","background-image":"","background-repeat":"repeat","background-position":"center center","background-size":"auto","background-attachment":"scroll","background-type":"","background-media":"","overlay-type":"","overlay-color":"","overlay-opacity":"","overlay-gradient":""},"mobile":{"background-color":"","background-image":"","background-repeat":"repeat","background-position":"center center","background-size":"auto","background-attachment":"scroll","background-type":"","background-media":"","overlay-type":"","overlay-color":"","overlay-opacity":"","overlay-gradient":""}},"ast-content-background-meta":{"desktop":{"background-color":"var(--ast-global-color-4)","background-image":"","background-repeat":"repeat","background-position":"center center","background-size":"auto","background-attachment":"scroll","background-type":"","background-media":"","overlay-type":"","overlay-color":"","overlay-opacity":"","overlay-gradient":""},"tablet":{"background-color":"var(--ast-global-color-4)","background-image":"","background-repeat":"repeat","background-position":"center center","background-size":"auto","background-attachment":"scroll","background-type":"","background-media":"","overlay-type":"","overlay-color":"","overlay-opacity":"","overlay-gradient":""},"mobile":{"background-color":"var(--ast-global-color-4)","background-image":"","background-repeat":"repeat","background-position":"center center","background-size":"auto","background-attachment":"scroll","background-type":"","background-media":"","overlay-type":"","overlay-color":"","overlay-opacity":"","overlay-gradient":""}},"footnotes":""},"class_list":["post-27003","page","type-page","status-publish","hentry"],"_links":{"self":[{"href":"https:\/\/mavideniz.com.tr\/tr\/wp-json\/wp\/v2\/pages\/27003","targetHints":{"allow":["GET"]}}],"collection":[{"href":"https:\/\/mavideniz.com.tr\/tr\/wp-json\/wp\/v2\/pages"}],"about":[{"href":"https:\/\/mavideniz.com.tr\/tr\/wp-json\/wp\/v2\/types\/page"}],"author":[{"embeddable":true,"href":"https:\/\/mavideniz.com.tr\/tr\/wp-json\/wp\/v2\/users\/1"}],"replies":[{"embeddable":true,"href":"https:\/\/mavideniz.com.tr\/tr\/wp-json\/wp\/v2\/comments?post=27003"}],"version-history":[{"count":0,"href":"https:\/\/mavideniz.com.tr\/tr\/wp-json\/wp\/v2\/pages\/27003\/revisions"}],"up":[{"embeddable":true,"href":"https:\/\/mavideniz.com.tr\/tr\/wp-json\/wp\/v2\/pages\/26997"}],"wp:attachment":[{"href":"https:\/\/mavideniz.com.tr\/tr\/wp-json\/wp\/v2\/media?parent=27003"}],"curies":[{"name":"wp","href":"https:\/\/api.w.org\/{rel}","templated":true}]}}