{"id":27009,"date":"2021-09-27T17:30:36","date_gmt":"2021-09-27T17:30:36","guid":{"rendered":"https:\/\/mavideniz.com.tr\/?page_id=27009"},"modified":"2024-04-08T18:16:48","modified_gmt":"2024-04-08T18:16:48","slug":"nehir-petrol-muhafaza-bariyeri","status":"publish","type":"page","link":"https:\/\/mavideniz.com.tr\/tr\/urunler\/yuzer-bariyer-bom\/petrol-muhafaza-bariyerleri\/nehir-petrol-muhafaza-bariyeri\/","title":{"rendered":"Petrol S\u0131z\u0131nt\u0131s\u0131n\u0131 S\u0131n\u0131rlama Nehir Bariyeri"},"content":{"rendered":"<p><br \/>\nMavi Deniz&#8217;in Nehir Petrol S\u0131z\u0131nt\u0131s\u0131n\u0131 S\u0131n\u0131rlama Bariyeri, ekonomik, kan\u0131tlanm\u0131\u015f petrol muhafazas\u0131 olan sa\u011flam y\u00fczd\u00fcrme bomlar\u0131d\u0131r. Nehir Petrol S\u0131z\u0131nt\u0131s\u0131n\u0131 S\u0131n\u0131rlama Bariyer Modeli, korunakl\u0131 sakin sulardan, d\u00fc\u015f\u00fck ak\u0131nt\u0131 ko\u015fullar\u0131ndan y\u00fcksek ak\u0131nt\u0131 ko\u015fullar\u0131na kadar petrol s\u0131z\u0131nt\u0131s\u0131n\u0131 tutar.<\/p>\n<p>Mavi Deniz Nehir Petrol S\u0131z\u0131nt\u0131s\u0131n\u0131 S\u0131n\u0131rlama Bariyeri, i\u00e7 sularda bir\u00e7ok farkl\u0131 d\u00f6k\u00fclme m\u00fcdahale uygulamas\u0131 i\u00e7in tasarlanm\u0131\u015f \u00e7ok y\u00f6nl\u00fc, genel ama\u00e7l\u0131 bir \u00d6zel Bariyerdir. Nehir Bariyeri su \u00fcst\u00fc, silindirik k\u00f6p\u00fck \u015famand\u0131ralarla korunur. Silindirik k\u00f6p\u00fck y\u00fczd\u00fcrme, daha y\u00fcksek bir su hatt\u0131 kiri\u015fine sahiptir, daha kararl\u0131d\u0131r ve \u00e7it tipi bomlara g\u00f6re daha zorlu ko\u015fullarda daha fazla y\u00fczd\u00fcrme ve daha y\u00fcksek performans sunar. Silindirik bariyer y\u00fcksek kald\u0131rma kuvveti\/a\u011f\u0131rl\u0131k oran\u0131na sahiptir ve petrol bomunun \u015fekli bile dalgal\u0131 ve r\u00fczgarl\u0131 ko\u015fullarda m\u00fckemmel stabilite sa\u011flar.<\/p>\n<p>Nehir Bariyeri be\u015f farkl\u0131 boyutta mevcuttur. ( 1.000 mm \/ 900 mm \/ 750 mm \/ 600 mm \/ 500 mm \/ 250 mm )<\/p>\n<p>\u0130ste\u011fe ba\u011fl\u0131 olarak eklenen bir \u00fcst gerdirme eleman\u0131, ek \u00e7ekme mukavemeti sunar ve h\u0131zl\u0131 ak\u0131mlarda bomu daha kararl\u0131 hale getirir. Bariyer ete\u011finin h\u0131zl\u0131 ak\u0131mlarda kalkmamas\u0131n\u0131 sa\u011flamak i\u00e7in a\u011f\u0131r bir balast zinciri kullan\u0131l\u0131r.<\/p>\n<p>Nehir Bariyeri hidrokarbonlara, kimyasallara ve hava ko\u015fullar\u0131na dayan\u0131kl\u0131 PVC veya PU kapl\u0131 kuma\u015flara sahiptir. Silindirik bom, ASTM konekt\u00f6rleri ile donat\u0131lm\u0131\u015ft\u0131r.<\/p>\n<p><strong>\u00d6zellikleri<\/strong><\/p>\n<ul>\n<li>Nehir Bariyeri, h\u0131zl\u0131 m\u00fcdahalenin gerekli oldu\u011fu limanlar, limanlar, g\u00f6ller, nehirler, akarsular, i\u00e7 k\u0131s\u0131mlar ve k\u0131y\u0131lardaki operasyonlar i\u00e7in idealdir.<\/li>\n<li>Nehir Bariyeri, \u00e7ok \u00e7e\u015fitli a\u011f\u0131r hizmet tipi \/ PU kuma\u015flarda mevcuttur.<\/li>\n<li>Maksimum bellek \u00f6zellikleri i\u00e7in Silindirik k\u00f6p\u00fck y\u00fczd\u00fcrme (HDPE) ile.<\/li>\n<li>\u015eekli koruyacak, ezilmeyecek veya par\u00e7alanmayacak.<\/li>\n<li>Korozyona dayan\u0131kl\u0131 ASTM tarz\u0131 denizcilik s\u0131n\u0131f\u0131 al\u00fcminyum konekt\u00f6rler.<\/li>\n<li>A\u011f\u0131r hizmet tipi galvanizli \u00e7elik balast zincir\/kur\u015fun bloklar\u0131.<\/li>\n<li>\u00d6zel boyutlar mevcuttur.<\/li>\n<\/ul>\n<div class=\"wptm_table tablesorter-bootstrap \" data-id=\"45\" data-hightlight=\"0\"><div class=\"wptm_buttons buttons_wptmTbl45\"><\/div><div class=\"wptmresponsive dataTables-wptmtable wptmtable \" id=\"wptmtable45\" data-tableid=\"wptmTbl45\"><table data-count-header=\"1\"  data-format-decimal_count=\"0\" data-format-decimal_symbol=\".\" data-format-symbol_position=\"0\" data-format-thousand_symbol=\",\"  data-format-currency_symbol=\"$\"  data-name-style=\"45_1759662004.css\" data-format=\"YYYY-MM-DD\" id=\"wptmTbl45\" data-id=\"45\" data-responsive=\"false\" data-hideCols=\"false\"  data-type=\"html\" data-paging=\"false\" data-searching=\"true\"  data-ordering=\"false\" data-table-breakpoint=\"980\" data-scroll-x=\"true\" data-scroll-collapse=\"true\" data-align=\"center\" data-range=\"[]\" data-hideColumn=\"[0,0,0,0,0,0,0]\"  data-colwidths=\"[162,162,162,162,162,162,162]\"  data-colwidths_desktop=[]  data-colwidths_tablet=[]  data-colwidths_mobile=[]  class=\"wptm_main_table  disablePager hideScrollHeader\"><colgroup><col data-dtr=\"0\" data-dtc=\"0\" class=\"dtc0\"><col data-dtr=\"0\" data-dtc=\"1\" class=\"dtc1\"><col data-dtr=\"0\" data-dtc=\"2\" class=\"dtc2\"><col data-dtr=\"0\" data-dtc=\"3\" class=\"dtc3\"><col data-dtr=\"0\" data-dtc=\"4\" class=\"dtc4\"><col data-dtr=\"0\" data-dtc=\"5\" class=\"dtc5\"><col data-dtr=\"0\" data-dtc=\"6\" class=\"dtc6\"><\/colgroup><thead><tr class=\"wptm-header-cells-index\"><th rowspan=\"1\" colspan=\"1\" data-dtr=\"0\" data-dtc=\"0\" class=\"dtr0 dtc0\"><\/th><th rowspan=\"1\" colspan=\"1\" data-dtr=\"0\" data-dtc=\"1\" class=\"dtr0 dtc1\"><\/th><th rowspan=\"1\" colspan=\"1\" data-dtr=\"0\" data-dtc=\"2\" class=\"dtr0 dtc2\"><\/th><th rowspan=\"1\" colspan=\"1\" data-dtr=\"0\" data-dtc=\"3\" class=\"dtr0 dtc3\"><\/th><th rowspan=\"1\" colspan=\"1\" data-dtr=\"0\" data-dtc=\"4\" class=\"dtr0 dtc4\"><\/th><th rowspan=\"1\" colspan=\"1\" data-dtr=\"0\" data-dtc=\"5\" class=\"dtr0 dtc5\"><\/th><th rowspan=\"1\" colspan=\"1\" data-dtr=\"0\" data-dtc=\"6\" class=\"dtr0 dtc6\"><\/th><\/tr><tr class=\" row0\"><th   data-priority=\"0\" class=\"dtr0 dtc0\"><\/th><th   data-priority=\"0\" class=\"dtr0 dtc1\">OR 250<\/th><th   data-priority=\"0\" class=\"dtr0 dtc2\">OR 500<\/th><th   data-priority=\"0\" class=\"dtr0 dtc3\">OR 600<\/th><th   data-priority=\"0\" class=\"dtr0 dtc4\">OR 750<\/th><th   data-priority=\"0\" class=\"dtr0 dtc5\">OR 900<\/th><th   data-priority=\"0\" class=\"dtr0 dtc6\">OR 1000<\/th><\/thead><tbody><tr class=\" row1\"><td    class=\"dtr1 dtc0\">Application Area<\/td><td    class=\"dtr1 dtc1\">River<\/td><td    class=\"dtr1 dtc2\">River<\/td><td    class=\"dtr1 dtc3\">River<\/td><td    class=\"dtr1 dtc4\">River<\/td><td    class=\"dtr1 dtc5\">River<\/td><td    class=\"dtr1 dtc6\">River<\/td><\/tr><tr class=\" row2\"><td    class=\"dtr2 dtc0\">Overall height<\/td><td    class=\"dtr2 dtc1\">250 mm<\/td><td    class=\"dtr2 dtc2\">500 mm<\/td><td    class=\"dtr2 dtc3\">600 mm<\/td><td    class=\"dtr2 dtc4\">750 mm<\/td><td    class=\"dtr2 dtc5\">900 mm<\/td><td    class=\"dtr2 dtc6\">1000 mm<\/td><\/tr><tr class=\" row3\"><td    class=\"dtr3 dtc0\">Freeboard<\/td><td    class=\"dtr3 dtc1\">100 mm<\/td><td    class=\"dtr3 dtc2\">180 mm<\/td><td    class=\"dtr3 dtc3\">200 mm<\/td><td    class=\"dtr3 dtc4\">250 mm<\/td><td    class=\"dtr3 dtc5\">300 mm<\/td><td    class=\"dtr3 dtc6\">300 mm<\/td><\/tr><tr class=\" row4\"><td    class=\"dtr4 dtc0\">Draft<\/td><td    class=\"dtr4 dtc1\">150 mm<\/td><td    class=\"dtr4 dtc2\">320 mm<\/td><td    class=\"dtr4 dtc3\">400 mm<\/td><td    class=\"dtr4 dtc4\">500 mm<\/td><td    class=\"dtr4 dtc5\">600 mm<\/td><td    class=\"dtr4 dtc6\">700 mm<\/td><\/tr><tr class=\" row5\"><td    class=\"dtr5 dtc0\">Fabric Material<\/td><td  colspan=\"6\"   class=\"dtr5 dtc1\">1100 dtex, PVC (Standard) | PU (Optional)<\/td><td  style=\"display: none\"   class=\"dtr5 dtc2\"><\/td><td  style=\"display: none\"   class=\"dtr5 dtc3\"><\/td><td  style=\"display: none\"   class=\"dtr5 dtc4\"><\/td><td  style=\"display: none\"   class=\"dtr5 dtc5\"><\/td><td  style=\"display: none\"   class=\"dtr5 dtc6\"><\/td><\/tr><tr class=\" row6\"><td    class=\"dtr6 dtc0\">Fabric Weight<\/td><td    class=\"dtr6 dtc1\">900 g\/m\u00b2<\/td><td    class=\"dtr6 dtc2\">900 g\/m\u00b2<\/td><td    class=\"dtr6 dtc3\">900 g\/m\u00b2<\/td><td    class=\"dtr6 dtc4\">900 g\/m\u00b2<\/td><td    class=\"dtr6 dtc5\">900 g\/m\u00b2<\/td><td    class=\"dtr6 dtc6\">900 g\/m\u00b2<\/td><\/tr><tr class=\" row7\"><td    class=\"dtr7 dtc0\">Tensile Strenght<\/td><td    class=\"dtr7 dtc1\">4000 N\/5 cm<\/td><td    class=\"dtr7 dtc2\">4000 N\/5 cm<\/td><td    class=\"dtr7 dtc3\">4000 N\/5 cm<\/td><td    class=\"dtr7 dtc4\">2100 N\/5 cm<\/td><td    class=\"dtr7 dtc5\">4000 N\/5 cm<\/td><td    class=\"dtr7 dtc6\">4000 N\/5 cm<\/td><\/tr><tr class=\" row8\"><td    class=\"dtr8 dtc0\">Ballast<\/td><td  colspan=\"6\"   class=\"dtr8 dtc1\">Galvanized Chain<\/td><td  style=\"display: none\"   class=\"dtr8 dtc2\"><\/td><td  style=\"display: none\"   class=\"dtr8 dtc3\"><\/td><td  style=\"display: none\"   class=\"dtr8 dtc4\"><\/td><td  style=\"display: none\"   class=\"dtr8 dtc5\"><\/td><td  style=\"display: none\"   class=\"dtr8 dtc6\"><\/td><\/tr><tr class=\" row9\"><td    class=\"dtr9 dtc0\">Section Length<\/td><td    class=\"dtr9 dtc1\">25 m<\/td><td    class=\"dtr9 dtc2\">25 m<\/td><td    class=\"dtr9 dtc3\">25 m<\/td><td    class=\"dtr9 dtc4\">25 m<\/td><td    class=\"dtr9 dtc5\">25 m<\/td><td    class=\"dtr9 dtc6\">25 m<\/td><\/tr><tr class=\" row10\"><td    class=\"dtr10 dtc0\">Connector<\/td><td  colspan=\"6\"   class=\"dtr10 dtc1\">ASTM Z or ASTM Universal<\/td><td  style=\"display: none\"   class=\"dtr10 dtc2\"><\/td><td  style=\"display: none\"   class=\"dtr10 dtc3\"><\/td><td  style=\"display: none\"   class=\"dtr10 dtc4\"><\/td><td  style=\"display: none\"   class=\"dtr10 dtc5\"><\/td><td  style=\"display: none\"   class=\"dtr10 dtc6\"><\/td><\/tr><\/tbody><tfoot><tr><td class=\"dtr10 dtc0\" style=\"height: 0;\"><\/td><td class=\"dtr10 dtc1\" style=\"height: 0;\"><\/td><td class=\"dtr10 dtc2\" style=\"height: 0;\"><\/td><td class=\"dtr10 dtc3\" style=\"height: 0;\"><\/td><td class=\"dtr10 dtc4\" style=\"height: 0;\"><\/td><td class=\"dtr10 dtc5\" style=\"height: 0;\"><\/td><td class=\"dtr10 dtc6\" style=\"height: 0;\"><\/td><\/tr><\/tfoot><\/table><\/div><style>#wptmtable45 .dataTables_wrapper > .dataTables_scroll {max-height:500px;overflow: auto;}<\/style><script>window.wptm_ajaxurl = 'https:\/\/mavideniz.com.tr\/wp-admin\/admin-ajax.php?juwpfisadmin=false&action=Wptm&'; window.wptm_front = 'https:\/\/mavideniz.com.tr\/wp-content\/plugins\/wp-table-manager\/app\/site\/assets\/'; window.wptm_style = 'https:\/\/mavideniz.com.tr\/wp-content\/uploads\/wptm\/';<\/script><\/div><style><\/style>\n","protected":false},"excerpt":{"rendered":"<p>Mavi Deniz&#8217;in Nehir Petrol S\u0131z\u0131nt\u0131s\u0131n\u0131 S\u0131n\u0131rlama Bariyeri, ekonomik, kan\u0131tlanm\u0131\u015f petrol muhafazas\u0131 olan sa\u011flam y\u00fczd\u00fcrme bomlar\u0131d\u0131r. Nehir Petrol S\u0131z\u0131nt\u0131s\u0131n\u0131 S\u0131n\u0131rlama Bariyer [&hellip;]<\/p>\n","protected":false},"author":1,"featured_media":0,"parent":26997,"menu_order":0,"comment_status":"closed","ping_status":"closed","template":"","meta":{"site-sidebar-layout":"default","site-content-layout":"","ast-site-content-layout":"default","site-content-style":"default","site-sidebar-style":"default","ast-global-header-display":"","ast-banner-title-visibility":"","ast-main-header-display":"","ast-hfb-above-header-display":"","ast-hfb-below-header-display":"","ast-hfb-mobile-header-display":"","site-post-title":"","ast-breadcrumbs-content":"","ast-featured-img":"","footer-sml-layout":"","ast-disable-related-posts":"","theme-transparent-header-meta":"","adv-header-id-meta":"","stick-header-meta":"","header-above-stick-meta":"","header-main-stick-meta":"","header-below-stick-meta":"","astra-migrate-meta-layouts":"default","ast-page-background-enabled":"default","ast-page-background-meta":{"desktop":{"background-color":"var(--ast-global-color-5)","background-image":"","background-repeat":"repeat","background-position":"center center","background-size":"auto","background-attachment":"scroll","background-type":"","background-media":"","overlay-type":"","overlay-color":"","overlay-opacity":"","overlay-gradient":""},"tablet":{"background-color":"","background-image":"","background-repeat":"repeat","background-position":"center center","background-size":"auto","background-attachment":"scroll","background-type":"","background-media":"","overlay-type":"","overlay-color":"","overlay-opacity":"","overlay-gradient":""},"mobile":{"background-color":"","background-image":"","background-repeat":"repeat","background-position":"center center","background-size":"auto","background-attachment":"scroll","background-type":"","background-media":"","overlay-type":"","overlay-color":"","overlay-opacity":"","overlay-gradient":""}},"ast-content-background-meta":{"desktop":{"background-color":"var(--ast-global-color-4)","background-image":"","background-repeat":"repeat","background-position":"center center","background-size":"auto","background-attachment":"scroll","background-type":"","background-media":"","overlay-type":"","overlay-color":"","overlay-opacity":"","overlay-gradient":""},"tablet":{"background-color":"var(--ast-global-color-4)","background-image":"","background-repeat":"repeat","background-position":"center center","background-size":"auto","background-attachment":"scroll","background-type":"","background-media":"","overlay-type":"","overlay-color":"","overlay-opacity":"","overlay-gradient":""},"mobile":{"background-color":"var(--ast-global-color-4)","background-image":"","background-repeat":"repeat","background-position":"center center","background-size":"auto","background-attachment":"scroll","background-type":"","background-media":"","overlay-type":"","overlay-color":"","overlay-opacity":"","overlay-gradient":""}},"footnotes":""},"class_list":["post-27009","page","type-page","status-publish","hentry"],"_links":{"self":[{"href":"https:\/\/mavideniz.com.tr\/tr\/wp-json\/wp\/v2\/pages\/27009","targetHints":{"allow":["GET"]}}],"collection":[{"href":"https:\/\/mavideniz.com.tr\/tr\/wp-json\/wp\/v2\/pages"}],"about":[{"href":"https:\/\/mavideniz.com.tr\/tr\/wp-json\/wp\/v2\/types\/page"}],"author":[{"embeddable":true,"href":"https:\/\/mavideniz.com.tr\/tr\/wp-json\/wp\/v2\/users\/1"}],"replies":[{"embeddable":true,"href":"https:\/\/mavideniz.com.tr\/tr\/wp-json\/wp\/v2\/comments?post=27009"}],"version-history":[{"count":0,"href":"https:\/\/mavideniz.com.tr\/tr\/wp-json\/wp\/v2\/pages\/27009\/revisions"}],"up":[{"embeddable":true,"href":"https:\/\/mavideniz.com.tr\/tr\/wp-json\/wp\/v2\/pages\/26997"}],"wp:attachment":[{"href":"https:\/\/mavideniz.com.tr\/tr\/wp-json\/wp\/v2\/media?parent=27009"}],"curies":[{"name":"wp","href":"https:\/\/api.w.org\/{rel}","templated":true}]}}