{"id":27013,"date":"2021-09-27T17:51:23","date_gmt":"2021-09-27T17:51:23","guid":{"rendered":"https:\/\/mavideniz.com.tr\/?page_id=27013"},"modified":"2023-03-19T15:42:46","modified_gmt":"2023-03-19T15:42:46","slug":"kaucuk-sisme-petrol-bariyeri","status":"publish","type":"page","link":"https:\/\/mavideniz.com.tr\/tr\/urunler\/yuzer-bariyer-bom\/petrol-muhafaza-bariyerleri\/kaucuk-sisme-petrol-bariyeri\/","title":{"rendered":"Kau\u00e7uk \u015ei\u015firilebilir\u00a0Petrol Bariyeri"},"content":{"rendered":"<p><br \/>\nMavi Deniz Kau\u00e7uk \u015ei\u015firilebilir\u00a0Petrol Bariyeri, okyanus dalgalar\u0131n\u0131 a\u00e7mak i\u00e7in \u00e7e\u015fitli korunakl\u0131 su ko\u015fullar\u0131n\u0131 kullanmak i\u00e7in petrol s\u0131z\u0131nt\u0131s\u0131 operasyonlar\u0131 i\u00e7in tasarlanm\u0131\u015ft\u0131r.<\/p>\n<p>Kau\u00e7uk \u015ei\u015firilebilir Petrol Bariyeri, geleneksel \u015ei\u015firilebilir Petrol Bariyerinin t\u00fcm avantajlar\u0131n\u0131n yan\u0131 s\u0131ra art\u0131r\u0131lm\u0131\u015f UV direnci ve m\u00fckemmel \u015fi\u015firme \u00f6zelliklerine sahip, havayla \u015fi\u015firilmi\u015f bir ya\u011f patlamas\u0131d\u0131r. Lastik \u015ei\u015firilebilir Bom, ya\u011fa, a\u015f\u0131nmaya, deniz suyuna ve UV \u0131\u015f\u0131nlar\u0131na dayan\u0131kl\u0131, a\u011f\u0131r hizmet tipi bir bomdur.<\/p>\n<p>Lastik \u015ei\u015firilebilir Ya\u011f Bariyeri, bir veya iki kat ya\u011f direnci ve sentetik kuma\u015fa UV direnci ile vulkanize Neopren veya Hypalon&#8217;dan \u00fcretilmi\u015ftir. Lastik \u015ei\u015firilebilir Bom, y\u00fcksek y\u00fczd\u00fcrme g\u00fcc\u00fcne sahip sa\u011flam bir yap\u0131, m\u00fckemmel dalga s\u00fcr\u00fc\u015f\u00fc ve geni\u015f kapsaml\u0131 petrol operasyonlar\u0131nda istikrarl\u0131 da\u011f\u0131t\u0131m ve buzlu ko\u015fullar da dahil olmak \u00fczere t\u00fcm iklim ko\u015fullar\u0131nda ya\u011f tutma \u00f6zellikleri ile tasarlanm\u0131\u015ft\u0131r.<\/p>\n<p>Lastik \u015ei\u015firilebilir Bariyerin segmentli oda tasar\u0131m\u0131, tek bir bom b\u00f6l\u00fcm\u00fcn\u00fcn hasar g\u00f6rmesi, bom b\u00fct\u00fcnl\u00fc\u011f\u00fcn\u00fcn kaybolmas\u0131na neden olmayaca\u011f\u0131 anlam\u0131na gelir. Dayan\u0131kl\u0131 Neopren malzeme, hasar olu\u015fmas\u0131 durumunda sahada h\u0131zla tamir edilebilir.<\/p>\n<p><strong>Tek Noktal\u0131 Kau\u00e7uk \u015ei\u015firilebilir\u00a0Ya\u011f Bariyeri<\/strong><\/p>\n<p>Her b\u00f6l\u00fcm\u00fcn ayr\u0131 hava odalar\u0131 vard\u0131r ve her oda bir \u00e7ek valf arac\u0131l\u0131\u011f\u0131yla common rail hava doldurma sistemine ba\u011flan\u0131r. B\u00f6lmeler, bariyer kurtar\u0131rken s\u00f6nd\u00fcrmek i\u00e7in monte edilmi\u015f y\u00fcksek kapasiteli bir valfe sahiptir. Tek noktal\u0131 \u015fi\u015firme sisteminin ar\u0131zalanmas\u0131 durumunda, bu hava valfi, s\u0131radan havayla \u015fi\u015firilmi\u015f petrol bumbalar\u0131na benzer bir yedek \u015fi\u015firme \u00e7\u00f6z\u00fcm\u00fc sunar.<br \/>\n<strong><br \/>\nStandart Kau\u00e7uk \u015ei\u015firilebilir\u00a0Ya\u011f Bariyeri<\/strong><\/p>\n<p>Hava odalar\u0131, bir s\u0131rt \u00e7antas\u0131 \/ standart \u00fcfleyici ile b\u00f6l\u00fcm b\u00f6l\u00fcm \u015fi\u015firilir.<\/p>\n<p><strong>\u00d6zellikleri<\/strong><\/p>\n<ul>\n<li>Lastik \u015ei\u015firilebilir Petrol Bariyeri koylar, limanlar, daha sakin i\u00e7 limanlar, orta okyanustan a\u00e7\u0131k okyanus dalgalar\u0131na kadar olan operasyonlar i\u00e7in idealdir.<\/li>\n<li>Kau\u00e7uk \u015ei\u015firilebilir Ya\u011f Bariyeri, bir veya iki kat takviye kuma\u015f\u0131 ile \u00e7ok \u00e7e\u015fitli vulkanize Neopren veya Hypalon&#8217;da mevcuttur.<\/li>\n<li>Y\u00fcksek y\u00fczd\u00fcrme<\/li>\n<li>H\u0131zl\u0131 \u015fi\u015firme, hava ge\u00e7irmez y\u00fczd\u00fcrme odalar\u0131.<\/li>\n<li>Ba\u011f\u0131ms\u0131z, b\u00f6l\u00fcmlere ayr\u0131lm\u0131\u015f y\u00fczd\u00fcrme odalar\u0131.<\/li>\n<li>Bom ya\u011fa, a\u015f\u0131nmaya, deniz suyuna ve UV \u0131\u015f\u0131nlar\u0131na dayan\u0131kl\u0131d\u0131r.<\/li>\n<li>Korozyona dayan\u0131kl\u0131 ASTM tarz\u0131 denizcilik s\u0131n\u0131f\u0131 al\u00fcminyum konekt\u00f6rler.<\/li>\n<li>A\u011f\u0131r hizmet tipi galvanizli \u00e7elik balast zinciri kapal\u0131.<\/li>\n<li>\u00d6zel boyutlar mevcuttur<\/li>\n<\/ul>\n<p><strong>Standart Kau\u00e7uk \u015ei\u015firilebilir\u00a0Petrol Bariyeri<\/strong><br \/>\n<div class=\"wptm_table tablesorter-bootstrap \" data-id=\"46\" data-hightlight=\"0\"><div class=\"wptm_buttons buttons_wptmTbl46\"><\/div><div class=\"wptmresponsive dataTables-wptmtable wptmtable \" id=\"wptmtable46\" data-tableid=\"wptmTbl46\"><table data-count-header=\"1\"  data-format-decimal_count=\"0\" data-format-decimal_symbol=\".\" data-format-symbol_position=\"0\" data-format-thousand_symbol=\",\"  data-format-currency_symbol=\"$\"  data-name-style=\"46_1759670799.css\" data-format=\"YYYY-MM-DD\" id=\"wptmTbl46\" data-id=\"46\" data-responsive=\"false\" data-hideCols=\"false\"  data-type=\"html\" data-paging=\"false\" data-searching=\"true\"  data-ordering=\"false\" data-table-breakpoint=\"980\" data-scroll-x=\"true\" data-scroll-collapse=\"true\" data-align=\"center\" data-range=\"[]\" data-hideColumn=\"[0,0,0,0,0,0,0]\"  data-colwidths=\"[162,162,162,162,162,162,162]\"  data-colwidths_desktop=[]  data-colwidths_tablet=[]  data-colwidths_mobile=[]  class=\"wptm_main_table  disablePager hideScrollHeader\"><colgroup><col data-dtr=\"0\" data-dtc=\"0\" class=\"dtc0\"><col data-dtr=\"0\" data-dtc=\"1\" class=\"dtc1\"><col data-dtr=\"0\" data-dtc=\"2\" class=\"dtc2\"><col data-dtr=\"0\" data-dtc=\"3\" class=\"dtc3\"><col data-dtr=\"0\" data-dtc=\"4\" class=\"dtc4\"><col data-dtr=\"0\" data-dtc=\"5\" class=\"dtc5\"><col data-dtr=\"0\" data-dtc=\"6\" class=\"dtc6\"><\/colgroup><thead><tr class=\"wptm-header-cells-index\"><th rowspan=\"1\" colspan=\"1\" data-dtr=\"0\" data-dtc=\"0\" class=\"dtr0 dtc0\"><\/th><th rowspan=\"1\" colspan=\"1\" data-dtr=\"0\" data-dtc=\"1\" class=\"dtr0 dtc1\"><\/th><th rowspan=\"1\" colspan=\"1\" data-dtr=\"0\" data-dtc=\"2\" class=\"dtr0 dtc2\"><\/th><th rowspan=\"1\" colspan=\"1\" data-dtr=\"0\" data-dtc=\"3\" class=\"dtr0 dtc3\"><\/th><th rowspan=\"1\" colspan=\"1\" data-dtr=\"0\" data-dtc=\"4\" class=\"dtr0 dtc4\"><\/th><th rowspan=\"1\" colspan=\"1\" data-dtr=\"0\" data-dtc=\"5\" class=\"dtr0 dtc5\"><\/th><th rowspan=\"1\" colspan=\"1\" data-dtr=\"0\" data-dtc=\"6\" class=\"dtr0 dtc6\"><\/th><\/tr><tr class=\" row0\"><th   data-priority=\"0\" class=\"dtr0 dtc0\"><\/th><th   data-priority=\"0\" class=\"dtr0 dtc1\">NEO 1700<\/th><th   data-priority=\"0\" class=\"dtr0 dtc2\">NEO 1500<\/th><th   data-priority=\"0\" class=\"dtr0 dtc3\">NEO 1200<\/th><th   data-priority=\"0\" class=\"dtr0 dtc4\">NEO 1000<\/th><th   data-priority=\"0\" class=\"dtr0 dtc5\">NEO 800<\/th><th   data-priority=\"0\" class=\"dtr0 dtc6\">NEO 500<\/th><\/thead><tbody><tr class=\" row1\"><td    class=\"dtr1 dtc0\">Application Area<\/td><td    class=\"dtr1 dtc1\">High Sea<\/td><td    class=\"dtr1 dtc2\">Offshore<\/td><td    class=\"dtr1 dtc3\">Offshore<\/td><td    class=\"dtr1 dtc4\">Harbour, Coastal<\/td><td    class=\"dtr1 dtc5\">Harbour, Coastal<\/td><td    class=\"dtr1 dtc6\">River<\/td><\/tr><tr class=\" row2\"><td    class=\"dtr2 dtc0\">Overall Height<\/td><td    class=\"dtr2 dtc1\">1700 mm<\/td><td    class=\"dtr2 dtc2\">1500 mm<\/td><td    class=\"dtr2 dtc3\">1200 mm<\/td><td    class=\"dtr2 dtc4\">1000 mm<\/td><td    class=\"dtr2 dtc5\">800 mm<\/td><td    class=\"dtr2 dtc6\">600 mm<\/td><\/tr><tr class=\" row3\"><td    class=\"dtr3 dtc0\">Freeboard<\/td><td    class=\"dtr3 dtc1\">600 mm<\/td><td    class=\"dtr3 dtc2\">500 mm<\/td><td    class=\"dtr3 dtc3\">400 mm<\/td><td    class=\"dtr3 dtc4\">300 mm<\/td><td    class=\"dtr3 dtc5\">300 mm<\/td><td    class=\"dtr3 dtc6\">250 mm<\/td><\/tr><tr class=\" row4\"><td    class=\"dtr4 dtc0\">Draft<\/td><td    class=\"dtr4 dtc1\">1100 mm<\/td><td    class=\"dtr4 dtc2\">1000 mm<\/td><td    class=\"dtr4 dtc3\">800 mm<\/td><td    class=\"dtr4 dtc4\">700 mm<\/td><td    class=\"dtr4 dtc5\">500 mm<\/td><td    class=\"dtr4 dtc6\">350 mm<\/td><\/tr><tr class=\" row5\"><td    class=\"dtr5 dtc0\">Fabric Material<\/td><td  colspan=\"6\"   class=\"dtr5 dtc1\">Neoprene (Standard) | Hypalon (Optional)<\/td><td  style=\"display: none\"   class=\"dtr5 dtc2\"><\/td><td  style=\"display: none\"   class=\"dtr5 dtc3\"><\/td><td  style=\"display: none\"   class=\"dtr5 dtc4\"><\/td><td  style=\"display: none\"   class=\"dtr5 dtc5\"><\/td><td  style=\"display: none\"   class=\"dtr5 dtc6\"><\/td><\/tr><tr class=\" row6\"><td    class=\"dtr6 dtc0\">Fabric Weight<\/td><td    class=\"dtr6 dtc1\">3200 g\/m\u00b2<\/td><td    class=\"dtr6 dtc2\">3200 g\/m\u00b2<\/td><td    class=\"dtr6 dtc3\">3200 g\/m\u00b2<\/td><td    class=\"dtr6 dtc4\">3200 g\/m\u00b2<\/td><td    class=\"dtr6 dtc5\">3200 g\/m\u00b2<\/td><td    class=\"dtr6 dtc6\">3200 g\/m\u00b2<\/td><\/tr><tr class=\" row7\"><td    class=\"dtr7 dtc0\">Tensile Strenght<\/td><td    class=\"dtr7 dtc1\">12500 N\/5 cm<\/td><td    class=\"dtr7 dtc2\">12500 N\/5 cm<\/td><td    class=\"dtr7 dtc3\">12500 N\/5 cm<\/td><td    class=\"dtr7 dtc4\">12500 N\/5 cm<\/td><td    class=\"dtr7 dtc5\">12500 N\/5 cm<\/td><td    class=\"dtr7 dtc6\">12500 N\/5 cm<\/td><\/tr><tr class=\" row8\"><td    class=\"dtr8 dtc0\">Ballast<\/td><td  colspan=\"6\"   class=\"dtr8 dtc1\">Galvanized Chain<\/td><td  style=\"display: none\"   class=\"dtr8 dtc2\"><\/td><td  style=\"display: none\"   class=\"dtr8 dtc3\"><\/td><td  style=\"display: none\"   class=\"dtr8 dtc4\"><\/td><td  style=\"display: none\"   class=\"dtr8 dtc5\"><\/td><td  style=\"display: none\"   class=\"dtr8 dtc6\"><\/td><\/tr><tr class=\" row9\"><td    class=\"dtr9 dtc0\">Section Length<\/td><td    class=\"dtr9 dtc1\">25 m<\/td><td    class=\"dtr9 dtc2\">25 m<\/td><td    class=\"dtr9 dtc3\">25 m<\/td><td    class=\"dtr9 dtc4\">25 m<\/td><td    class=\"dtr9 dtc5\">25 m<\/td><td    class=\"dtr9 dtc6\">25 m<\/td><\/tr><tr class=\" row10\"><td    class=\"dtr10 dtc0\">Connector<\/td><td  colspan=\"6\"   class=\"dtr10 dtc1\">ASTM Z or ASTM Universal<\/td><td  style=\"display: none\"   class=\"dtr10 dtc2\"><\/td><td  style=\"display: none\"   class=\"dtr10 dtc3\"><\/td><td  style=\"display: none\"   class=\"dtr10 dtc4\"><\/td><td  style=\"display: none\"   class=\"dtr10 dtc5\"><\/td><td  style=\"display: none\"   class=\"dtr10 dtc6\"><\/td><\/tr><tr class=\" row11\"><td    class=\"dtr11 dtc0\">Optional<\/td><td  colspan=\"6\"   class=\"dtr11 dtc1\">Single Point Inflation<\/td><td  style=\"display: none\"   class=\"dtr11 dtc2\"><\/td><td  style=\"display: none\"   class=\"dtr11 dtc3\"><\/td><td  style=\"display: none\"   class=\"dtr11 dtc4\"><\/td><td  style=\"display: none\"   class=\"dtr11 dtc5\"><\/td><td  style=\"display: none\"   class=\"dtr11 dtc6\"><\/td><\/tr><\/tbody><tfoot><tr><td class=\"dtr11 dtc0\" style=\"height: 0;\"><\/td><td class=\"dtr11 dtc1\" style=\"height: 0;\"><\/td><td class=\"dtr11 dtc2\" style=\"height: 0;\"><\/td><td class=\"dtr11 dtc3\" style=\"height: 0;\"><\/td><td class=\"dtr11 dtc4\" style=\"height: 0;\"><\/td><td class=\"dtr11 dtc5\" style=\"height: 0;\"><\/td><td class=\"dtr11 dtc6\" style=\"height: 0;\"><\/td><\/tr><\/tfoot><\/table><\/div><style>#wptmtable46 .dataTables_wrapper > .dataTables_scroll {max-height:500px;overflow: auto;}<\/style><script>window.wptm_ajaxurl = 'https:\/\/mavideniz.com.tr\/wp-admin\/admin-ajax.php?juwpfisadmin=false&action=Wptm&'; window.wptm_front = 'https:\/\/mavideniz.com.tr\/wp-content\/plugins\/wp-table-manager\/app\/site\/assets\/'; window.wptm_style = 'https:\/\/mavideniz.com.tr\/wp-content\/uploads\/wptm\/';<\/script><\/div><style><\/style><br \/>\n<strong>Tek Noktal\u0131 Kau\u00e7uk \u015ei\u015firilebilir\u00a0Petrol Bariyeri<\/strong><br \/>\n<div class=\"wptm_table tablesorter-bootstrap \" data-id=\"37\" data-hightlight=\"0\"><div class=\"wptm_buttons buttons_wptmTbl37\"><\/div><div class=\"wptmresponsive dataTables-wptmtable wptmtable \" id=\"wptmtable37\" data-tableid=\"wptmTbl37\"><table data-count-header=\"1\"  data-format-decimal_count=\"0\" data-format-decimal_symbol=\".\" data-format-symbol_position=\"0\" data-format-thousand_symbol=\",\"  data-format-currency_symbol=\"$\"  data-name-style=\"37_1759662818.css\" data-format=\"YYYY-MM-DD\" id=\"wptmTbl37\" data-id=\"37\" data-responsive=\"false\" data-hideCols=\"false\"  data-type=\"html\" data-paging=\"false\" data-searching=\"true\"  data-ordering=\"false\" data-table-breakpoint=\"980\" data-scroll-x=\"true\" data-scroll-collapse=\"true\" data-align=\"center\" data-range=\"[]\" data-hideColumn=\"[0,0,0,0,0,0,0]\"  data-colwidths=\"[162,162,162,162,162,162,162]\"  data-colwidths_desktop=[]  data-colwidths_tablet=[]  data-colwidths_mobile=[]  class=\"wptm_main_table  disablePager hideScrollHeader\"><colgroup><col data-dtr=\"0\" data-dtc=\"0\" class=\"dtc0\"><col data-dtr=\"0\" data-dtc=\"1\" class=\"dtc1\"><col data-dtr=\"0\" data-dtc=\"2\" class=\"dtc2\"><col data-dtr=\"0\" data-dtc=\"3\" class=\"dtc3\"><col data-dtr=\"0\" data-dtc=\"4\" class=\"dtc4\"><col data-dtr=\"0\" data-dtc=\"5\" class=\"dtc5\"><col data-dtr=\"0\" data-dtc=\"6\" class=\"dtc6\"><\/colgroup><thead><tr class=\"wptm-header-cells-index\"><th rowspan=\"1\" colspan=\"1\" data-dtr=\"0\" data-dtc=\"0\" class=\"dtr0 dtc0\"><\/th><th rowspan=\"1\" colspan=\"1\" data-dtr=\"0\" data-dtc=\"1\" class=\"dtr0 dtc1\"><\/th><th rowspan=\"1\" colspan=\"1\" data-dtr=\"0\" data-dtc=\"2\" class=\"dtr0 dtc2\"><\/th><th rowspan=\"1\" colspan=\"1\" data-dtr=\"0\" data-dtc=\"3\" class=\"dtr0 dtc3\"><\/th><th rowspan=\"1\" colspan=\"1\" data-dtr=\"0\" data-dtc=\"4\" class=\"dtr0 dtc4\"><\/th><th rowspan=\"1\" colspan=\"1\" data-dtr=\"0\" data-dtc=\"5\" class=\"dtr0 dtc5\"><\/th><th rowspan=\"1\" colspan=\"1\" data-dtr=\"0\" data-dtc=\"6\" class=\"dtr0 dtc6\"><\/th><\/tr><tr class=\" row0\"><th   data-priority=\"0\" class=\"dtr0 dtc0\"><\/th><th   data-priority=\"0\" class=\"dtr0 dtc1\">SPI 2000<\/th><th   data-priority=\"0\" class=\"dtr0 dtc2\">SPI 1500<\/th><th   data-priority=\"0\" class=\"dtr0 dtc3\">SPI 1200<\/th><th   data-priority=\"0\" class=\"dtr0 dtc4\">SPI 1000<\/th><th   data-priority=\"0\" class=\"dtr0 dtc5\">SPI 800<\/th><th   data-priority=\"0\" class=\"dtr0 dtc6\">SPI 500<\/th><\/thead><tbody><tr class=\" row1\"><td    class=\"dtr1 dtc0\">Application Area<\/td><td    class=\"dtr1 dtc1\">High Sea<\/td><td    class=\"dtr1 dtc2\">Offshore<\/td><td    class=\"dtr1 dtc3\">Offshore<\/td><td    class=\"dtr1 dtc4\">Offshore<\/td><td    class=\"dtr1 dtc5\">Harbour<\/td><td    class=\"dtr1 dtc6\">River<\/td><\/tr><tr class=\" row2\"><td    class=\"dtr2 dtc0\">Overall Height<\/td><td    class=\"dtr2 dtc1\">2000 mm<\/td><td    class=\"dtr2 dtc2\">1500 mm<\/td><td    class=\"dtr2 dtc3\">1200 mm<\/td><td    class=\"dtr2 dtc4\">1000 mm<\/td><td    class=\"dtr2 dtc5\">800 mm<\/td><td    class=\"dtr2 dtc6\">500 mm<\/td><\/tr><tr class=\" row3\"><td    class=\"dtr3 dtc0\">Freeboard<\/td><td    class=\"dtr3 dtc1\">560 mm<\/td><td    class=\"dtr3 dtc2\">445 mm<\/td><td    class=\"dtr3 dtc3\">440 mm<\/td><td    class=\"dtr3 dtc4\">300 mm<\/td><td    class=\"dtr3 dtc5\">250 mm<\/td><td    class=\"dtr3 dtc6\">200 mm<\/td><\/tr><tr class=\" row4\"><td    class=\"dtr4 dtc0\">Draft<\/td><td    class=\"dtr4 dtc1\">1160 mm<\/td><td    class=\"dtr4 dtc2\">848 mm<\/td><td    class=\"dtr4 dtc3\">800 mm<\/td><td    class=\"dtr4 dtc4\">700 mm<\/td><td    class=\"dtr4 dtc5\">550 mm<\/td><td    class=\"dtr4 dtc6\">300 mm<\/td><\/tr><tr class=\" row5\"><td    class=\"dtr5 dtc0\">Fabric Material<\/td><td  colspan=\"6\"   class=\"dtr5 dtc1\">Synthetic Rubber (Standard) | Neoprene (Optional) | Rubber (Optional)<\/td><td  style=\"display: none\"   class=\"dtr5 dtc2\"><\/td><td  style=\"display: none\"   class=\"dtr5 dtc3\"><\/td><td  style=\"display: none\"   class=\"dtr5 dtc4\"><\/td><td  style=\"display: none\"   class=\"dtr5 dtc5\"><\/td><td  style=\"display: none\"   class=\"dtr5 dtc6\"><\/td><\/tr><tr class=\" row6\"><td    class=\"dtr6 dtc0\">Tensile Strenght<\/td><td    class=\"dtr6 dtc1\">20000 N\/5 cm<\/td><td    class=\"dtr6 dtc2\">20000 N\/5 cm<\/td><td    class=\"dtr6 dtc3\">20000 N\/5 cm<\/td><td    class=\"dtr6 dtc4\">4000 N\/5 cm<\/td><td    class=\"dtr6 dtc5\">4000 N\/5 cm<\/td><td    class=\"dtr6 dtc6\">20000 N\/5 cm<\/td><\/tr><tr class=\" row7\"><td    class=\"dtr7 dtc0\">Ballast<\/td><td  colspan=\"6\"   class=\"dtr7 dtc1\">Galvanized Chain<\/td><td  style=\"display: none\"   class=\"dtr7 dtc2\"><\/td><td  style=\"display: none\"   class=\"dtr7 dtc3\"><\/td><td  style=\"display: none\"   class=\"dtr7 dtc4\"><\/td><td  style=\"display: none\"   class=\"dtr7 dtc5\"><\/td><td  style=\"display: none\"   class=\"dtr7 dtc6\"><\/td><\/tr><tr class=\" row8\"><td    class=\"dtr8 dtc0\">Section Length<\/td><td    class=\"dtr8 dtc1\">25 m<\/td><td    class=\"dtr8 dtc2\">25 m<\/td><td    class=\"dtr8 dtc3\">25 m<\/td><td    class=\"dtr8 dtc4\">25 m<\/td><td    class=\"dtr8 dtc5\">25 m<\/td><td    class=\"dtr8 dtc6\">25 m<\/td><\/tr><tr class=\" row9\"><td    class=\"dtr9 dtc0\">Connector<\/td><td  colspan=\"6\"   class=\"dtr9 dtc1\">ASTM Z or ASTM Universal<\/td><td  style=\"display: none\"   class=\"dtr9 dtc2\"><\/td><td  style=\"display: none\"   class=\"dtr9 dtc3\"><\/td><td  style=\"display: none\"   class=\"dtr9 dtc4\"><\/td><td  style=\"display: none\"   class=\"dtr9 dtc5\"><\/td><td  style=\"display: none\"   class=\"dtr9 dtc6\"><\/td><\/tr><\/tbody><tfoot><tr><td class=\"dtr9 dtc0\" style=\"height: 0;\"><\/td><td class=\"dtr9 dtc1\" style=\"height: 0;\"><\/td><td class=\"dtr9 dtc2\" style=\"height: 0;\"><\/td><td class=\"dtr9 dtc3\" style=\"height: 0;\"><\/td><td class=\"dtr9 dtc4\" style=\"height: 0;\"><\/td><td class=\"dtr9 dtc5\" style=\"height: 0;\"><\/td><td class=\"dtr9 dtc6\" style=\"height: 0;\"><\/td><\/tr><\/tfoot><\/table><\/div><style>#wptmtable37 .dataTables_wrapper > .dataTables_scroll {max-height:500px;overflow: auto;}<\/style><script>window.wptm_ajaxurl = 'https:\/\/mavideniz.com.tr\/wp-admin\/admin-ajax.php?juwpfisadmin=false&action=Wptm&'; window.wptm_front = 'https:\/\/mavideniz.com.tr\/wp-content\/plugins\/wp-table-manager\/app\/site\/assets\/'; window.wptm_style = 'https:\/\/mavideniz.com.tr\/wp-content\/uploads\/wptm\/';<\/script><\/div><style><\/style><\/p>\n","protected":false},"excerpt":{"rendered":"<p>Mavi Deniz Kau\u00e7uk \u015ei\u015firilebilir\u00a0Petrol Bariyeri, okyanus dalgalar\u0131n\u0131 a\u00e7mak i\u00e7in \u00e7e\u015fitli korunakl\u0131 su ko\u015fullar\u0131n\u0131 kullanmak i\u00e7in petrol s\u0131z\u0131nt\u0131s\u0131 operasyonlar\u0131 i\u00e7in tasarlanm\u0131\u015ft\u0131r. [&hellip;]<\/p>\n","protected":false},"author":1,"featured_media":0,"parent":26997,"menu_order":0,"comment_status":"closed","ping_status":"closed","template":"","meta":{"site-sidebar-layout":"default","site-content-layout":"","ast-site-content-layout":"default","site-content-style":"default","site-sidebar-style":"default","ast-global-header-display":"","ast-banner-title-visibility":"","ast-main-header-display":"","ast-hfb-above-header-display":"","ast-hfb-below-header-display":"","ast-hfb-mobile-header-display":"","site-post-title":"","ast-breadcrumbs-content":"","ast-featured-img":"","footer-sml-layout":"","ast-disable-related-posts":"","theme-transparent-header-meta":"","adv-header-id-meta":"","stick-header-meta":"","header-above-stick-meta":"","header-main-stick-meta":"","header-below-stick-meta":"","astra-migrate-meta-layouts":"default","ast-page-background-enabled":"default","ast-page-background-meta":{"desktop":{"background-color":"var(--ast-global-color-5)","background-image":"","background-repeat":"repeat","background-position":"center center","background-size":"auto","background-attachment":"scroll","background-type":"","background-media":"","overlay-type":"","overlay-color":"","overlay-opacity":"","overlay-gradient":""},"tablet":{"background-color":"","background-image":"","background-repeat":"repeat","background-position":"center center","background-size":"auto","background-attachment":"scroll","background-type":"","background-media":"","overlay-type":"","overlay-color":"","overlay-opacity":"","overlay-gradient":""},"mobile":{"background-color":"","background-image":"","background-repeat":"repeat","background-position":"center center","background-size":"auto","background-attachment":"scroll","background-type":"","background-media":"","overlay-type":"","overlay-color":"","overlay-opacity":"","overlay-gradient":""}},"ast-content-background-meta":{"desktop":{"background-color":"var(--ast-global-color-4)","background-image":"","background-repeat":"repeat","background-position":"center center","background-size":"auto","background-attachment":"scroll","background-type":"","background-media":"","overlay-type":"","overlay-color":"","overlay-opacity":"","overlay-gradient":""},"tablet":{"background-color":"var(--ast-global-color-4)","background-image":"","background-repeat":"repeat","background-position":"center center","background-size":"auto","background-attachment":"scroll","background-type":"","background-media":"","overlay-type":"","overlay-color":"","overlay-opacity":"","overlay-gradient":""},"mobile":{"background-color":"var(--ast-global-color-4)","background-image":"","background-repeat":"repeat","background-position":"center center","background-size":"auto","background-attachment":"scroll","background-type":"","background-media":"","overlay-type":"","overlay-color":"","overlay-opacity":"","overlay-gradient":""}},"footnotes":""},"class_list":["post-27013","page","type-page","status-publish","hentry"],"_links":{"self":[{"href":"https:\/\/mavideniz.com.tr\/tr\/wp-json\/wp\/v2\/pages\/27013","targetHints":{"allow":["GET"]}}],"collection":[{"href":"https:\/\/mavideniz.com.tr\/tr\/wp-json\/wp\/v2\/pages"}],"about":[{"href":"https:\/\/mavideniz.com.tr\/tr\/wp-json\/wp\/v2\/types\/page"}],"author":[{"embeddable":true,"href":"https:\/\/mavideniz.com.tr\/tr\/wp-json\/wp\/v2\/users\/1"}],"replies":[{"embeddable":true,"href":"https:\/\/mavideniz.com.tr\/tr\/wp-json\/wp\/v2\/comments?post=27013"}],"version-history":[{"count":0,"href":"https:\/\/mavideniz.com.tr\/tr\/wp-json\/wp\/v2\/pages\/27013\/revisions"}],"up":[{"embeddable":true,"href":"https:\/\/mavideniz.com.tr\/tr\/wp-json\/wp\/v2\/pages\/26997"}],"wp:attachment":[{"href":"https:\/\/mavideniz.com.tr\/tr\/wp-json\/wp\/v2\/media?parent=27013"}],"curies":[{"name":"wp","href":"https:\/\/api.w.org\/{rel}","templated":true}]}}