{"id":27017,"date":"2021-09-27T17:58:14","date_gmt":"2021-09-27T17:58:14","guid":{"rendered":"https:\/\/mavideniz.com.tr\/?page_id=27017"},"modified":"2024-04-08T18:20:30","modified_gmt":"2024-04-08T18:20:30","slug":"sisme-petrol-bariyeri-pvc-pu","status":"publish","type":"page","link":"https:\/\/mavideniz.com.tr\/tr\/urunler\/yuzer-bariyer-bom\/petrol-muhafaza-bariyerleri\/sisme-petrol-bariyeri-pvc-pu\/","title":{"rendered":"Petrol S\u0131z\u0131nt\u0131s\u0131n\u0131 S\u0131n\u0131rlama PVC + PU \u015ei\u015firilebilir\u00a0Bariyeri,"},"content":{"rendered":"\n<p>Mavi Deniz&#8217; Pvc \u015ei\u015firilebilir Petrol Bariyeri + PU \u015ei\u015fme Petrol Bariyeri y\u00fcksek y\u00fczd\u00fcrme, korunakl\u0131 sulardan a\u00e7\u0131k deniz , okyanus dalgalar\u0131na kadar \u00e7ok \u00e7e\u015fitli ko\u015fullarda kullan\u0131ma uygun olmas\u0131n\u0131 sa\u011flar. Y\u00fczen ya\u011f\u0131n g\u00fcvenli, h\u0131zl\u0131 ve verimli bir \u015fekilde tutulmas\u0131n\u0131 sa\u011flamak i\u00e7in \u015ei\u015firilebilir Petrol Bariyeri tasar\u0131mlar\u0131. \u015ei\u015firilebilir Ya\u011f Bariyeri, ya\u011fa, g\u00fcne\u015f \u0131\u015f\u0131\u011f\u0131na, a\u015f\u0131nmaya, deniz suyuna, delinmeye, a\u015f\u0131nmaya ve y\u0131rt\u0131lmaya kar\u015f\u0131 m\u00fckemmel bir dirence sahiptir.<\/p>\n<p><strong>Tek Noktadan \u015ei\u015firilebilir Petrol Bariyeri<\/strong><\/p>\n<p>Her b\u00f6l\u00fcm\u00fcn ayr\u0131 hava odalar\u0131 vard\u0131r ve her oda bir \u00e7ek valf arac\u0131l\u0131\u011f\u0131yla common rail hava doldurma sistemine ba\u011flan\u0131r. B\u00f6lmeler, Bariyeri&nbsp; kurtar\u0131rken s\u00f6nd\u00fcrmek i\u00e7in monte edilmi\u015f y\u00fcksek kapasiteli bir valfe sahiptir. Tek noktal\u0131 \u015fi\u015firme sisteminin ar\u0131zalanmas\u0131 durumunda, bu hava valfi, s\u0131radan havayla \u015fi\u015firilmi\u015f petrol bumbalar\u0131na benzer bir yedek \u015fi\u015firme \u00e7\u00f6z\u00fcm\u00fc sunar.<\/p>\n<p><strong>Standart \u015ei\u015fme Petrol Bariyeri<\/strong><\/p>\n<p>Hava odalar\u0131, bir s\u0131rt \u00e7antas\u0131 \/ standart \u00fcfleyici ile b\u00f6l\u00fcm b\u00f6l\u00fcm \u015fi\u015firilir.<\/p>\n<p>Air Boom, y\u00fczd\u00fcrme i\u00e7in hava kullanan bas\u0131n\u00e7l\u0131 \u015fi\u015firilebilir bir Oil Boom&#8217;dur. Her PVC \u015ei\u015firilebilir Petrol Bariyeri + PU \u015ei\u015firilebilir Petrol Bariyeri b\u00f6l\u00fcm uzunlu\u011fu, i\u00e7 b\u00f6lmeler arac\u0131l\u0131\u011f\u0131yla ayr\u0131 \u015fi\u015firilebilir b\u00f6lmelere ayr\u0131lm\u0131\u015ft\u0131r. Bu, bomun pozitif y\u00fczd\u00fcrmeyi s\u00fcrd\u00fcrmesini ve herhangi bir hasar durumunda y\u00fczmeye devam etmesini sa\u011flar. Bariyeri , dalgalarda ve zorlu ko\u015fullarda saf, h\u0131zl\u0131 \u015fi\u015firme ve y\u00fcksek kald\u0131rma kuvveti-a\u011f\u0131rl\u0131k oranlar\u0131na sahiptir.<\/p>\n<p>PVC \u015ei\u015firilebilir Petrol Bariyeri+ PU \u015ei\u015firilebilir Petrol Bariyeri , b\u00f6lmelerden birinin hasar g\u00f6rmesi veya s\u00f6nmesi durumunda ayakta tutmak i\u00e7in bomun \u00fcst k\u0131sm\u0131 boyunca \u00f6nemli k\u00f6p\u00fck y\u00fczd\u00fcrme b\u00f6l\u00fcmleriyle de mevcuttur. En pop\u00fcler \u015fi\u015fme bom tasar\u0131m\u0131m\u0131z.<\/p>\n<p>PVC \u015ei\u015firilebilir Petrol Bariyeri + PU \u015ei\u015firilebilir Petrol Bariyeri , Bariyer makaralar\u0131nda daha fazla depolama i\u00e7in kompakt olup, minimum i\u015fg\u00fcc\u00fc ile konu\u015fland\u0131rmay\u0131 ve geri almay\u0131 kolay ve h\u0131zl\u0131 hale getirir.<\/p>\n<p>PVC \u015ei\u015firilebilir Petrol Bariyeri + PU \u015ei\u015firilebilir Petrol Bariyeri , elde ta\u015f\u0131nabilir veya s\u0131rt \u00e7antas\u0131 \u015fi\u015firme \u00fcfleyicileri veya ba\u011f\u0131ms\u0131z entegre hidrolik \u00fcfleyiciler kullan\u0131larak \u015fi\u015firilebilir veya Bariyeri depolama ve da\u011f\u0131t\u0131m makaras\u0131na monte edilebilir.<\/p>\n<p><strong>\u00d6zellikleri<\/strong><\/p>\n<ul>\n<li>\u015ei\u015firmeden \u00f6nce veya hasar durumunda flotasyon sa\u011flayan her b\u00f6l\u00fcm ile Tek Nokta \u015ei\u015firme<\/li>\n<li>PVC \u015ei\u015fme Petrol Bariyeri + PU \u015ei\u015fme Petrol Boom deniz terminalleri, limanlar, limanlar, a\u00e7\u0131k deniz ve okyanus operasyonlar\u0131 i\u00e7in idealdir.<\/li>\n<li>PVC \u015ei\u015fme Bariyeri + PU \u015ei\u015fme Bariyer , \u00e7ok \u00e7e\u015fitli PVC ve PU kapl\u0131 kuma\u015flarda mevcuttur.<\/li>\n<li>\u015ei\u015firilebilir Bariyer, en y\u00fcksek g\u00fcvenilirlik i\u00e7in \u00c7oklu b\u00f6lmelere sahiptir.<\/li>\n<li>Ya\u011fa dayan\u0131kl\u0131, a\u015f\u0131nmaya dayan\u0131kl\u0131, deniz suyuna dayan\u0131kl\u0131 ve UV \u0131\u015f\u0131nlar\u0131na dayan\u0131kl\u0131<\/li>\n<li>Par\u00e7al\u0131 b\u00f6lmeler, hasar durumunda Bariyerin y\u00fczmeye devam etmesini sa\u011flar.<\/li>\n<li>Korozyona dayan\u0131kl\u0131 ASTM tarz\u0131 denizcilik s\u0131n\u0131f\u0131 al\u00fcminyum konekt\u00f6rler.<\/li>\n<li>A\u011f\u0131r hizmet tipi galvanizli \u00e7elik balast zinciri.<\/li>\n<li>\u00d6zel boyutlar mevcuttur<\/li>\n<\/ul>\n<p><strong>Standart \u015ei\u015fme Petrol Bariyeri<\/strong><br \/>\n<div class=\"wptm_table tablesorter-bootstrap \" data-id=\"33\" data-hightlight=\"0\"><div class=\"wptm_buttons buttons_wptmTbl33\"><\/div><div class=\"wptmresponsive dataTables-wptmtable wptmtable \" id=\"wptmtable33\" data-tableid=\"wptmTbl33\"><table data-count-header=\"1\"  data-format-decimal_count=\"0\" data-format-decimal_symbol=\".\" data-format-symbol_position=\"0\" data-format-thousand_symbol=\",\"  data-format-currency_symbol=\"$\"  data-name-style=\"33_1759670818.css\" data-format=\"YYYY-MM-DD\" id=\"wptmTbl33\" data-id=\"33\" data-responsive=\"false\" data-hideCols=\"false\"  data-type=\"html\" data-paging=\"false\" data-searching=\"true\"  data-ordering=\"false\" data-table-breakpoint=\"980\" data-scroll-x=\"true\" data-scroll-collapse=\"true\" data-align=\"center\" data-range=\"[]\" data-hideColumn=\"[0,0,0,0,0,0,0]\"  data-colwidths=\"[160,160,160,160,160,160,160]\"  data-colwidths_desktop=[]  data-colwidths_tablet=[]  data-colwidths_mobile=[]  class=\"wptm_main_table  disablePager hideScrollHeader\"><colgroup><col data-dtr=\"0\" data-dtc=\"0\" class=\"dtc0\"><col data-dtr=\"0\" data-dtc=\"1\" class=\"dtc1\"><col data-dtr=\"0\" data-dtc=\"2\" class=\"dtc2\"><col data-dtr=\"0\" data-dtc=\"3\" class=\"dtc3\"><col data-dtr=\"0\" data-dtc=\"4\" class=\"dtc4\"><col data-dtr=\"0\" data-dtc=\"5\" class=\"dtc5\"><col data-dtr=\"0\" data-dtc=\"6\" class=\"dtc6\"><\/colgroup><thead><tr class=\"wptm-header-cells-index\"><th rowspan=\"1\" colspan=\"1\" data-dtr=\"0\" data-dtc=\"0\" class=\"dtr0 dtc0\"><\/th><th rowspan=\"1\" colspan=\"1\" data-dtr=\"0\" data-dtc=\"1\" class=\"dtr0 dtc1\"><\/th><th rowspan=\"1\" colspan=\"1\" data-dtr=\"0\" data-dtc=\"2\" class=\"dtr0 dtc2\"><\/th><th rowspan=\"1\" colspan=\"1\" data-dtr=\"0\" data-dtc=\"3\" class=\"dtr0 dtc3\"><\/th><th rowspan=\"1\" colspan=\"1\" data-dtr=\"0\" data-dtc=\"4\" class=\"dtr0 dtc4\"><\/th><th rowspan=\"1\" colspan=\"1\" data-dtr=\"0\" data-dtc=\"5\" class=\"dtr0 dtc5\"><\/th><th rowspan=\"1\" colspan=\"1\" data-dtr=\"0\" data-dtc=\"6\" class=\"dtr0 dtc6\"><\/th><\/tr><tr class=\" row0\"><th   data-priority=\"0\" class=\"dtr0 dtc0\"><\/th><th   data-priority=\"0\" class=\"dtr0 dtc1\">AIR 1700<\/th><th   data-priority=\"0\" class=\"dtr0 dtc2\">AIR 1500<\/th><th   data-priority=\"0\" class=\"dtr0 dtc3\">AIR 1200<\/th><th   data-priority=\"0\" class=\"dtr0 dtc4\">AIR 1000<\/th><th   data-priority=\"0\" class=\"dtr0 dtc5\">AIR 800<\/th><th   data-priority=\"0\" class=\"dtr0 dtc6\">AIR 500<\/th><\/thead><tbody><tr class=\" row1\"><td    class=\"dtr1 dtc0\">Application Area<\/td><td    class=\"dtr1 dtc1\">High Sea<\/td><td    class=\"dtr1 dtc2\">Offshore<\/td><td    class=\"dtr1 dtc3\">Offshore<\/td><td    class=\"dtr1 dtc4\">Harbour, Coastal<\/td><td    class=\"dtr1 dtc5\">Harbour, Coastal<\/td><td    class=\"dtr1 dtc6\">River<\/td><\/tr><tr class=\" row2\"><td    class=\"dtr2 dtc0\">Overall Height<\/td><td    class=\"dtr2 dtc1\">1700 mm<\/td><td    class=\"dtr2 dtc2\">1500 mm<\/td><td    class=\"dtr2 dtc3\">1200 mm<\/td><td    class=\"dtr2 dtc4\">1000 mm<\/td><td    class=\"dtr2 dtc5\">800 mm<\/td><td    class=\"dtr2 dtc6\">500 mm<\/td><\/tr><tr class=\" row3\"><td    class=\"dtr3 dtc0\">Freeboard<\/td><td    class=\"dtr3 dtc1\">600 mm<\/td><td    class=\"dtr3 dtc2\">500 mm<\/td><td    class=\"dtr3 dtc3\">400 mm<\/td><td    class=\"dtr3 dtc4\">300 mm<\/td><td    class=\"dtr3 dtc5\">250 mm<\/td><td    class=\"dtr3 dtc6\">200 mm<\/td><\/tr><tr class=\" row4\"><td    class=\"dtr4 dtc0\">Draft<\/td><td    class=\"dtr4 dtc1\">1100 mm<\/td><td    class=\"dtr4 dtc2\">1000 mm<\/td><td    class=\"dtr4 dtc3\">800 mm<\/td><td    class=\"dtr4 dtc4\">700 mm<\/td><td    class=\"dtr4 dtc5\">550 mm<\/td><td    class=\"dtr4 dtc6\">300 mm<\/td><\/tr><tr class=\" row5\"><td    class=\"dtr5 dtc0\">Fabric Material<\/td><td  colspan=\"6\"   class=\"dtr5 dtc1\">1100 dtex, PVC (Standard) | PU (Optional)<\/td><td  style=\"display: none\"   class=\"dtr5 dtc2\"><\/td><td  style=\"display: none\"   class=\"dtr5 dtc3\"><\/td><td  style=\"display: none\"   class=\"dtr5 dtc4\"><\/td><td  style=\"display: none\"   class=\"dtr5 dtc5\"><\/td><td  style=\"display: none\"   class=\"dtr5 dtc6\"><\/td><\/tr><tr class=\" row6\"><td    class=\"dtr6 dtc0\">Fabric Weight<\/td><td    class=\"dtr6 dtc1\">900 g\/m\u00b2<\/td><td    class=\"dtr6 dtc2\">900 g\/m\u00b2<\/td><td    class=\"dtr6 dtc3\">900 g\/m\u00b2<\/td><td    class=\"dtr6 dtc4\">900 g\/m\u00b2<\/td><td    class=\"dtr6 dtc5\">900 g\/m\u00b2<\/td><td    class=\"dtr6 dtc6\">900 g\/m\u00b2<\/td><\/tr><tr class=\" row7\"><td    class=\"dtr7 dtc0\">Tensile Strenght<\/td><td    class=\"dtr7 dtc1\">4000 N\/5 cm<\/td><td    class=\"dtr7 dtc2\">4000 N\/5 cm<\/td><td    class=\"dtr7 dtc3\">4000 N\/5 cm<\/td><td    class=\"dtr7 dtc4\">4000 N\/5 cm<\/td><td    class=\"dtr7 dtc5\">4000 N\/5 cm<\/td><td    class=\"dtr7 dtc6\">4000 N\/5 cm<\/td><\/tr><tr class=\" row8\"><td    class=\"dtr8 dtc0\">Ballast<\/td><td  colspan=\"6\"   class=\"dtr8 dtc1\">Galvanized Chain<\/td><td  style=\"display: none\"   class=\"dtr8 dtc2\"><\/td><td  style=\"display: none\"   class=\"dtr8 dtc3\"><\/td><td  style=\"display: none\"   class=\"dtr8 dtc4\"><\/td><td  style=\"display: none\"   class=\"dtr8 dtc5\"><\/td><td  style=\"display: none\"   class=\"dtr8 dtc6\"><\/td><\/tr><tr class=\" row9\"><td    class=\"dtr9 dtc0\">Section Length<\/td><td    class=\"dtr9 dtc1\">25 m<\/td><td    class=\"dtr9 dtc2\">25 m<\/td><td    class=\"dtr9 dtc3\">25 m<\/td><td    class=\"dtr9 dtc4\">25 m<\/td><td    class=\"dtr9 dtc5\">25 m<\/td><td    class=\"dtr9 dtc6\">25 m<\/td><\/tr><tr class=\" row10\"><td    class=\"dtr10 dtc0\">Connector<\/td><td  colspan=\"6\"   class=\"dtr10 dtc1\">ASTM Z or ASTM Universal<\/td><td  style=\"display: none\"   class=\"dtr10 dtc2\"><\/td><td  style=\"display: none\"   class=\"dtr10 dtc3\"><\/td><td  style=\"display: none\"   class=\"dtr10 dtc4\"><\/td><td  style=\"display: none\"   class=\"dtr10 dtc5\"><\/td><td  style=\"display: none\"   class=\"dtr10 dtc6\"><\/td><\/tr><tr class=\" row11\"><td    class=\"dtr11 dtc0\">Optional<\/td><td  colspan=\"6\"   class=\"dtr11 dtc1\">Single Point Inflation<\/td><td  style=\"display: none\"   class=\"dtr11 dtc2\"><\/td><td  style=\"display: none\"   class=\"dtr11 dtc3\"><\/td><td  style=\"display: none\"   class=\"dtr11 dtc4\"><\/td><td  style=\"display: none\"   class=\"dtr11 dtc5\"><\/td><td  style=\"display: none\"   class=\"dtr11 dtc6\"><\/td><\/tr><\/tbody><tfoot><tr><td class=\"dtr11 dtc0\" style=\"height: 0;\"><\/td><td class=\"dtr11 dtc1\" style=\"height: 0;\"><\/td><td class=\"dtr11 dtc2\" style=\"height: 0;\"><\/td><td class=\"dtr11 dtc3\" style=\"height: 0;\"><\/td><td class=\"dtr11 dtc4\" style=\"height: 0;\"><\/td><td class=\"dtr11 dtc5\" style=\"height: 0;\"><\/td><td class=\"dtr11 dtc6\" style=\"height: 0;\"><\/td><\/tr><\/tfoot><\/table><\/div><style>#wptmtable33 .dataTables_wrapper > .dataTables_scroll {max-height:800px;overflow: auto;}<\/style><script>window.wptm_ajaxurl = 'https:\/\/mavideniz.com.tr\/wp-admin\/admin-ajax.php?juwpfisadmin=false&action=Wptm&'; window.wptm_front = 'https:\/\/mavideniz.com.tr\/wp-content\/plugins\/wp-table-manager\/app\/site\/assets\/'; window.wptm_style = 'https:\/\/mavideniz.com.tr\/wp-content\/uploads\/wptm\/';<\/script><\/div><style><\/style><br \/>\n<strong>Tek Nokta \u015ei\u015firilebilir Petrol Bariyeri<\/strong><br \/>\n<div class=\"wptm_table tablesorter-bootstrap \" data-id=\"37\" data-hightlight=\"0\"><div class=\"wptm_buttons buttons_wptmTbl37\"><\/div><div class=\"wptmresponsive dataTables-wptmtable wptmtable \" id=\"wptmtable37\" data-tableid=\"wptmTbl37\"><table data-count-header=\"1\"  data-format-decimal_count=\"0\" data-format-decimal_symbol=\".\" data-format-symbol_position=\"0\" data-format-thousand_symbol=\",\"  data-format-currency_symbol=\"$\"  data-name-style=\"37_1759662818.css\" data-format=\"YYYY-MM-DD\" id=\"wptmTbl37\" data-id=\"37\" data-responsive=\"false\" data-hideCols=\"false\"  data-type=\"html\" data-paging=\"false\" data-searching=\"true\"  data-ordering=\"false\" data-table-breakpoint=\"980\" data-scroll-x=\"true\" data-scroll-collapse=\"true\" data-align=\"center\" data-range=\"[]\" data-hideColumn=\"[0,0,0,0,0,0,0]\"  data-colwidths=\"[162,162,162,162,162,162,162]\"  data-colwidths_desktop=[]  data-colwidths_tablet=[]  data-colwidths_mobile=[]  class=\"wptm_main_table  disablePager hideScrollHeader\"><colgroup><col data-dtr=\"0\" data-dtc=\"0\" class=\"dtc0\"><col data-dtr=\"0\" data-dtc=\"1\" class=\"dtc1\"><col data-dtr=\"0\" data-dtc=\"2\" class=\"dtc2\"><col data-dtr=\"0\" data-dtc=\"3\" class=\"dtc3\"><col data-dtr=\"0\" data-dtc=\"4\" class=\"dtc4\"><col data-dtr=\"0\" data-dtc=\"5\" class=\"dtc5\"><col data-dtr=\"0\" data-dtc=\"6\" class=\"dtc6\"><\/colgroup><thead><tr class=\"wptm-header-cells-index\"><th rowspan=\"1\" colspan=\"1\" data-dtr=\"0\" data-dtc=\"0\" class=\"dtr0 dtc0\"><\/th><th rowspan=\"1\" colspan=\"1\" data-dtr=\"0\" data-dtc=\"1\" class=\"dtr0 dtc1\"><\/th><th rowspan=\"1\" colspan=\"1\" data-dtr=\"0\" data-dtc=\"2\" class=\"dtr0 dtc2\"><\/th><th rowspan=\"1\" colspan=\"1\" data-dtr=\"0\" data-dtc=\"3\" class=\"dtr0 dtc3\"><\/th><th rowspan=\"1\" colspan=\"1\" data-dtr=\"0\" data-dtc=\"4\" class=\"dtr0 dtc4\"><\/th><th rowspan=\"1\" colspan=\"1\" data-dtr=\"0\" data-dtc=\"5\" class=\"dtr0 dtc5\"><\/th><th rowspan=\"1\" colspan=\"1\" data-dtr=\"0\" data-dtc=\"6\" class=\"dtr0 dtc6\"><\/th><\/tr><tr class=\" row0\"><th   data-priority=\"0\" class=\"dtr0 dtc0\"><\/th><th   data-priority=\"0\" class=\"dtr0 dtc1\">SPI 2000<\/th><th   data-priority=\"0\" class=\"dtr0 dtc2\">SPI 1500<\/th><th   data-priority=\"0\" class=\"dtr0 dtc3\">SPI 1200<\/th><th   data-priority=\"0\" class=\"dtr0 dtc4\">SPI 1000<\/th><th   data-priority=\"0\" class=\"dtr0 dtc5\">SPI 800<\/th><th   data-priority=\"0\" class=\"dtr0 dtc6\">SPI 500<\/th><\/thead><tbody><tr class=\" row1\"><td    class=\"dtr1 dtc0\">Application Area<\/td><td    class=\"dtr1 dtc1\">High Sea<\/td><td    class=\"dtr1 dtc2\">Offshore<\/td><td    class=\"dtr1 dtc3\">Offshore<\/td><td    class=\"dtr1 dtc4\">Offshore<\/td><td    class=\"dtr1 dtc5\">Harbour<\/td><td    class=\"dtr1 dtc6\">River<\/td><\/tr><tr class=\" row2\"><td    class=\"dtr2 dtc0\">Overall Height<\/td><td    class=\"dtr2 dtc1\">2000 mm<\/td><td    class=\"dtr2 dtc2\">1500 mm<\/td><td    class=\"dtr2 dtc3\">1200 mm<\/td><td    class=\"dtr2 dtc4\">1000 mm<\/td><td    class=\"dtr2 dtc5\">800 mm<\/td><td    class=\"dtr2 dtc6\">500 mm<\/td><\/tr><tr class=\" row3\"><td    class=\"dtr3 dtc0\">Freeboard<\/td><td    class=\"dtr3 dtc1\">560 mm<\/td><td    class=\"dtr3 dtc2\">445 mm<\/td><td    class=\"dtr3 dtc3\">440 mm<\/td><td    class=\"dtr3 dtc4\">300 mm<\/td><td    class=\"dtr3 dtc5\">250 mm<\/td><td    class=\"dtr3 dtc6\">200 mm<\/td><\/tr><tr class=\" row4\"><td    class=\"dtr4 dtc0\">Draft<\/td><td    class=\"dtr4 dtc1\">1160 mm<\/td><td    class=\"dtr4 dtc2\">848 mm<\/td><td    class=\"dtr4 dtc3\">800 mm<\/td><td    class=\"dtr4 dtc4\">700 mm<\/td><td    class=\"dtr4 dtc5\">550 mm<\/td><td    class=\"dtr4 dtc6\">300 mm<\/td><\/tr><tr class=\" row5\"><td    class=\"dtr5 dtc0\">Fabric Material<\/td><td  colspan=\"6\"   class=\"dtr5 dtc1\">Synthetic Rubber (Standard) | Neoprene (Optional) | Rubber (Optional)<\/td><td  style=\"display: none\"   class=\"dtr5 dtc2\"><\/td><td  style=\"display: none\"   class=\"dtr5 dtc3\"><\/td><td  style=\"display: none\"   class=\"dtr5 dtc4\"><\/td><td  style=\"display: none\"   class=\"dtr5 dtc5\"><\/td><td  style=\"display: none\"   class=\"dtr5 dtc6\"><\/td><\/tr><tr class=\" row6\"><td    class=\"dtr6 dtc0\">Tensile Strenght<\/td><td    class=\"dtr6 dtc1\">20000 N\/5 cm<\/td><td    class=\"dtr6 dtc2\">20000 N\/5 cm<\/td><td    class=\"dtr6 dtc3\">20000 N\/5 cm<\/td><td    class=\"dtr6 dtc4\">4000 N\/5 cm<\/td><td    class=\"dtr6 dtc5\">4000 N\/5 cm<\/td><td    class=\"dtr6 dtc6\">20000 N\/5 cm<\/td><\/tr><tr class=\" row7\"><td    class=\"dtr7 dtc0\">Ballast<\/td><td  colspan=\"6\"   class=\"dtr7 dtc1\">Galvanized Chain<\/td><td  style=\"display: none\"   class=\"dtr7 dtc2\"><\/td><td  style=\"display: none\"   class=\"dtr7 dtc3\"><\/td><td  style=\"display: none\"   class=\"dtr7 dtc4\"><\/td><td  style=\"display: none\"   class=\"dtr7 dtc5\"><\/td><td  style=\"display: none\"   class=\"dtr7 dtc6\"><\/td><\/tr><tr class=\" row8\"><td    class=\"dtr8 dtc0\">Section Length<\/td><td    class=\"dtr8 dtc1\">25 m<\/td><td    class=\"dtr8 dtc2\">25 m<\/td><td    class=\"dtr8 dtc3\">25 m<\/td><td    class=\"dtr8 dtc4\">25 m<\/td><td    class=\"dtr8 dtc5\">25 m<\/td><td    class=\"dtr8 dtc6\">25 m<\/td><\/tr><tr class=\" row9\"><td    class=\"dtr9 dtc0\">Connector<\/td><td  colspan=\"6\"   class=\"dtr9 dtc1\">ASTM Z or ASTM Universal<\/td><td  style=\"display: none\"   class=\"dtr9 dtc2\"><\/td><td  style=\"display: none\"   class=\"dtr9 dtc3\"><\/td><td  style=\"display: none\"   class=\"dtr9 dtc4\"><\/td><td  style=\"display: none\"   class=\"dtr9 dtc5\"><\/td><td  style=\"display: none\"   class=\"dtr9 dtc6\"><\/td><\/tr><\/tbody><tfoot><tr><td class=\"dtr9 dtc0\" style=\"height: 0;\"><\/td><td class=\"dtr9 dtc1\" style=\"height: 0;\"><\/td><td class=\"dtr9 dtc2\" style=\"height: 0;\"><\/td><td class=\"dtr9 dtc3\" style=\"height: 0;\"><\/td><td class=\"dtr9 dtc4\" style=\"height: 0;\"><\/td><td class=\"dtr9 dtc5\" style=\"height: 0;\"><\/td><td class=\"dtr9 dtc6\" style=\"height: 0;\"><\/td><\/tr><\/tfoot><\/table><\/div><style>#wptmtable37 .dataTables_wrapper > .dataTables_scroll {max-height:500px;overflow: auto;}<\/style><script>window.wptm_ajaxurl = 'https:\/\/mavideniz.com.tr\/wp-admin\/admin-ajax.php?juwpfisadmin=false&action=Wptm&'; window.wptm_front = 'https:\/\/mavideniz.com.tr\/wp-content\/plugins\/wp-table-manager\/app\/site\/assets\/'; window.wptm_style = 'https:\/\/mavideniz.com.tr\/wp-content\/uploads\/wptm\/';<\/script><\/div><style><\/style><\/p>\n","protected":false},"excerpt":{"rendered":"<p>Mavi Deniz&#8217; Pvc \u015ei\u015firilebilir Petrol Bariyeri + PU \u015ei\u015fme Petrol Bariyeri y\u00fcksek y\u00fczd\u00fcrme, korunakl\u0131 sulardan a\u00e7\u0131k deniz , okyanus dalgalar\u0131na [&hellip;]<\/p>\n","protected":false},"author":1,"featured_media":0,"parent":26997,"menu_order":0,"comment_status":"closed","ping_status":"closed","template":"","meta":{"site-sidebar-layout":"default","site-content-layout":"","ast-site-content-layout":"default","site-content-style":"default","site-sidebar-style":"default","ast-global-header-display":"","ast-banner-title-visibility":"","ast-main-header-display":"","ast-hfb-above-header-display":"","ast-hfb-below-header-display":"","ast-hfb-mobile-header-display":"","site-post-title":"","ast-breadcrumbs-content":"","ast-featured-img":"","footer-sml-layout":"","ast-disable-related-posts":"","theme-transparent-header-meta":"","adv-header-id-meta":"","stick-header-meta":"","header-above-stick-meta":"","header-main-stick-meta":"","header-below-stick-meta":"","astra-migrate-meta-layouts":"default","ast-page-background-enabled":"default","ast-page-background-meta":{"desktop":{"background-color":"var(--ast-global-color-5)","background-image":"","background-repeat":"repeat","background-position":"center center","background-size":"auto","background-attachment":"scroll","background-type":"","background-media":"","overlay-type":"","overlay-color":"","overlay-opacity":"","overlay-gradient":""},"tablet":{"background-color":"","background-image":"","background-repeat":"repeat","background-position":"center center","background-size":"auto","background-attachment":"scroll","background-type":"","background-media":"","overlay-type":"","overlay-color":"","overlay-opacity":"","overlay-gradient":""},"mobile":{"background-color":"","background-image":"","background-repeat":"repeat","background-position":"center center","background-size":"auto","background-attachment":"scroll","background-type":"","background-media":"","overlay-type":"","overlay-color":"","overlay-opacity":"","overlay-gradient":""}},"ast-content-background-meta":{"desktop":{"background-color":"var(--ast-global-color-4)","background-image":"","background-repeat":"repeat","background-position":"center center","background-size":"auto","background-attachment":"scroll","background-type":"","background-media":"","overlay-type":"","overlay-color":"","overlay-opacity":"","overlay-gradient":""},"tablet":{"background-color":"var(--ast-global-color-4)","background-image":"","background-repeat":"repeat","background-position":"center center","background-size":"auto","background-attachment":"scroll","background-type":"","background-media":"","overlay-type":"","overlay-color":"","overlay-opacity":"","overlay-gradient":""},"mobile":{"background-color":"var(--ast-global-color-4)","background-image":"","background-repeat":"repeat","background-position":"center center","background-size":"auto","background-attachment":"scroll","background-type":"","background-media":"","overlay-type":"","overlay-color":"","overlay-opacity":"","overlay-gradient":""}},"footnotes":""},"class_list":["post-27017","page","type-page","status-publish","hentry"],"_links":{"self":[{"href":"https:\/\/mavideniz.com.tr\/tr\/wp-json\/wp\/v2\/pages\/27017","targetHints":{"allow":["GET"]}}],"collection":[{"href":"https:\/\/mavideniz.com.tr\/tr\/wp-json\/wp\/v2\/pages"}],"about":[{"href":"https:\/\/mavideniz.com.tr\/tr\/wp-json\/wp\/v2\/types\/page"}],"author":[{"embeddable":true,"href":"https:\/\/mavideniz.com.tr\/tr\/wp-json\/wp\/v2\/users\/1"}],"replies":[{"embeddable":true,"href":"https:\/\/mavideniz.com.tr\/tr\/wp-json\/wp\/v2\/comments?post=27017"}],"version-history":[{"count":0,"href":"https:\/\/mavideniz.com.tr\/tr\/wp-json\/wp\/v2\/pages\/27017\/revisions"}],"up":[{"embeddable":true,"href":"https:\/\/mavideniz.com.tr\/tr\/wp-json\/wp\/v2\/pages\/26997"}],"wp:attachment":[{"href":"https:\/\/mavideniz.com.tr\/tr\/wp-json\/wp\/v2\/media?parent=27017"}],"curies":[{"name":"wp","href":"https:\/\/api.w.org\/{rel}","templated":true}]}}