{"id":27021,"date":"2021-09-27T18:09:59","date_gmt":"2021-09-27T18:09:59","guid":{"rendered":"https:\/\/mavideniz.com.tr\/?page_id=27021"},"modified":"2024-04-08T18:21:11","modified_gmt":"2024-04-08T18:21:11","slug":"kalici-petrol-muhafaza-bariyeri","status":"publish","type":"page","link":"https:\/\/mavideniz.com.tr\/tr\/urunler\/yuzer-bariyer-bom\/petrol-muhafaza-bariyerleri\/kalici-petrol-muhafaza-bariyeri\/","title":{"rendered":"Kal\u0131c\u0131 Tip Petrol Bariyeri"},"content":{"rendered":"<p><br \/>\nKal\u0131c\u0131 tip Petrol S\u0131z\u0131nt\u0131s\u0131n\u0131 S\u0131rn\u0131rlama Bariyeri, sa\u011flam bir yap\u0131ya, uzun \u00f6m\u00fcr i\u00e7in tasarlanm\u0131\u015f y\u00fcksek teknolojili \u00f6zelli\u011fe sahiptir. Petrol Bariyeri, rafinerilerde, limanlarda, limanlarda, lag\u00fcnlerde, r\u0131ht\u0131mlarda, iskelelerde, petrol kulelerinde, gemilerde, bal\u0131k\u00e7\u0131 \u00e7iftliklerinde ve d\u00f6k\u00fclmelerin m\u00fcmk\u00fcn oldu\u011fu di\u011fer tesislerde kal\u0131c\u0131 kurulum i\u00e7in tasarlanm\u0131\u015f bir petrol s\u0131z\u0131nt\u0131s\u0131n\u0131 s\u0131n\u0131rlama bariyeridir.<\/p>\n<p>Petrol Muhafaza Bariyeri, m\u00fckemmel UV, darbe ve a\u015f\u0131nmaya dayan\u0131kl\u0131 HDPE \u015famand\u0131ralara sahiptir. Bu y\u00fcksek yo\u011funluklu kal\u0131planm\u0131\u015f a\u011f\u0131r hizmet tipi polietilen \u015famand\u0131ralar, sa\u011flam temel kuma\u015fa ba\u011flan\u0131r.<\/p>\n<p>Petrol Muhafaza Bariyeri standart olarak ankraj halkal\u0131 c\u0131vata sistemine sahiptir. Oil Barrier, her bir \u015famand\u0131ra \u00e7iftinin alt\u0131nda galvanizli zincir veya kur\u015fun a\u011f\u0131rl\u0131klar\u0131 olan bir balast sistemine sahiptir.<br \/>\nASTM Universal veya Z Connector dahil olmak \u00fczere \u00e7e\u015fitli muhafaza bom konekt\u00f6rleri sunuyoruz. Talep \u00fczerine di\u011fer tip konekt\u00f6rler tak\u0131labilir.<\/p>\n<p>Petrol S\u0131z\u0131nt\u0131s\u0131n\u0131 S\u0131rn\u0131rlama Bariyeri, uzun s\u00fcreli dayan\u0131kl\u0131l\u0131\u011fa, ultraviyole, dalga hareketine ve \u00e7ok az bak\u0131m gerektiren deniz b\u00fcy\u00fcmesine kar\u015f\u0131 m\u00fckemmel dirence sahiptir.<\/p>\n<p>Petrol S\u0131z\u0131nt\u0131s\u0131n\u0131 S\u0131rn\u0131rlama Bariyeri, alternatif olarak, bom makaras\u0131n\u0131n depolanmas\u0131 i\u00e7in yar\u0131 k\u00fcresel bir yumu\u015fak \u015famand\u0131ra versiyonu sa\u011flar. (d\u00fc\u015f\u00fck depolama hacmi)<\/p>\n<p>Petrol S\u0131z\u0131nt\u0131s\u0131n\u0131 S\u0131rn\u0131rlama Bariyeri, alternatif olarak, nihai g\u00fcvenilirlik ve artan y\u00fczd\u00fcrme sa\u011flamak i\u00e7in bir se\u00e7enek olarak \u015famand\u0131ralar\u0131n k\u00f6p\u00fckle doldurulmas\u0131n\u0131 sa\u011flar.<\/p>\n<p>Opsiyonel Aksesuarlar: Ankraj Setleri, Gelgit Dengeleyiciler, G\u00fc\u00e7l\u00fc S\u0131rtlar, \u00c7eki Dizgisi, \u0130\u015faret I\u015f\u0131klar\u0131, Stand-Off \u00dcniteleri, Kaz\u0131k Tether, Alternatif Konnekt\u00f6rler ve kuma\u015f, \u00d6zel B\u00f6l\u00fcm Uzunluklar\u0131.<\/p>\n<p><strong>\u00d6zellikleri<\/strong><\/p>\n<ul>\n<li>Petrol S\u0131z\u0131nt\u0131s\u0131n\u0131 S\u0131rn\u0131rlama Bariyeri y\u00fcksek kaliteli, uzun s\u00fcreli kullan\u0131m\u0131 makul ve uzun y\u0131llar suda kalabilmektedir.<\/li>\n<li>Petrol S\u0131z\u0131nt\u0131s\u0131n\u0131 S\u0131rn\u0131rlama Bariyeri son derece dayan\u0131kl\u0131d\u0131r, az bak\u0131m gerektirir<\/li>\n<li>Hem enkaz hem de petrol ve di\u011fer y\u00fczen kirleticilerin tutulmas\u0131 i\u00e7in en iyi dayan\u0131kl\u0131 bom<\/li>\n<li>Kendili\u011finden s\u00f6nen ve a\u015f\u0131nd\u0131r\u0131c\u0131 olmayan malzemelerden yap\u0131lm\u0131\u015ft\u0131r<\/li>\n<li>Ultraviyole kar\u015f\u0131 m\u00fckemmel diren\u00e7<\/li>\n<li>D\u00fc\u015f\u00fck bak\u0131m ile dalga hareketine ve deniz b\u00fcy\u00fcmesine kar\u015f\u0131 m\u00fckemmel diren\u00e7<\/li>\n<li>Gemilerin korunan alana girip \u00e7\u0131kmas\u0131na izin vermek i\u00e7in kullan\u0131m\u0131 kolay bir a\u00e7ma\/kapama sistemi Tasarlanm\u0131\u015f r\u0131ht\u0131m, liman ve tesis kurulumlar\u0131<\/li>\n<\/ul>\n<div class=\"wptm_table tablesorter-bootstrap \" data-id=\"34\" data-hightlight=\"0\"><div class=\"wptm_buttons buttons_wptmTbl34\"><\/div><div class=\"wptmresponsive dataTables-wptmtable wptmtable \" id=\"wptmtable34\" data-tableid=\"wptmTbl34\"><table data-count-header=\"1\"  data-format-decimal_count=\"0\" data-format-decimal_symbol=\".\" data-format-symbol_position=\"0\" data-format-thousand_symbol=\",\"  data-format-currency_symbol=\"$\"  data-name-style=\"34_1759662634.css\" data-format=\"YYYY-MM-DD\" id=\"wptmTbl34\" data-id=\"34\" data-responsive=\"false\" data-hideCols=\"false\"  data-type=\"html\" data-paging=\"false\" data-searching=\"true\"  data-ordering=\"false\" data-table-breakpoint=\"980\" data-scroll-x=\"true\" data-scroll-collapse=\"true\" data-align=\"center\" data-range=\"[]\" data-hideColumn=\"[0,0,0,0,0,0,0]\"  data-colwidths=\"[160,160,160,160,160,160,160]\"  data-colwidths_desktop=[]  data-colwidths_tablet=[]  data-colwidths_mobile=[]  class=\"wptm_main_table  disablePager hideScrollHeader\"><colgroup><col data-dtr=\"0\" data-dtc=\"0\" class=\"dtc0\"><col data-dtr=\"0\" data-dtc=\"1\" class=\"dtc1\"><col data-dtr=\"0\" data-dtc=\"2\" class=\"dtc2\"><col data-dtr=\"0\" data-dtc=\"3\" class=\"dtc3\"><col data-dtr=\"0\" data-dtc=\"4\" class=\"dtc4\"><col data-dtr=\"0\" data-dtc=\"5\" class=\"dtc5\"><col data-dtr=\"0\" data-dtc=\"6\" class=\"dtc6\"><\/colgroup><thead><tr class=\"wptm-header-cells-index\"><th rowspan=\"1\" colspan=\"1\" data-dtr=\"0\" data-dtc=\"0\" class=\"dtr0 dtc0\"><\/th><th rowspan=\"1\" colspan=\"1\" data-dtr=\"0\" data-dtc=\"1\" class=\"dtr0 dtc1\"><\/th><th rowspan=\"1\" colspan=\"1\" data-dtr=\"0\" data-dtc=\"2\" class=\"dtr0 dtc2\"><\/th><th rowspan=\"1\" colspan=\"1\" data-dtr=\"0\" data-dtc=\"3\" class=\"dtr0 dtc3\"><\/th><th rowspan=\"1\" colspan=\"1\" data-dtr=\"0\" data-dtc=\"4\" class=\"dtr0 dtc4\"><\/th><th rowspan=\"1\" colspan=\"1\" data-dtr=\"0\" data-dtc=\"5\" class=\"dtr0 dtc5\"><\/th><th rowspan=\"1\" colspan=\"1\" data-dtr=\"0\" data-dtc=\"6\" class=\"dtr0 dtc6\"><\/th><\/tr><tr class=\" row0\"><th   data-priority=\"0\" class=\"dtr0 dtc0\"><\/th><th   data-priority=\"0\" class=\"dtr0 dtc1\">Oil Barrier 1200<\/th><th   data-priority=\"0\" class=\"dtr0 dtc2\">Oil Barrier 1000<\/th><th   data-priority=\"0\" class=\"dtr0 dtc3\">Oil Barrier 900<\/th><th   data-priority=\"0\" class=\"dtr0 dtc4\">Oil Barrier 800<\/th><th   data-priority=\"0\" class=\"dtr0 dtc5\">Oil Barrier 600<\/th><th   data-priority=\"0\" class=\"dtr0 dtc6\">Oil Barrier 500<\/th><\/thead><tbody><tr class=\" row1\"><td    class=\"dtr1 dtc0\">Overall height<\/td><td    class=\"dtr1 dtc1\">1200 mm<\/td><td    class=\"dtr1 dtc2\">1000 mm<\/td><td    class=\"dtr1 dtc3\">900 mm<\/td><td    class=\"dtr1 dtc4\">800 mm<\/td><td    class=\"dtr1 dtc5\">600 mm<\/td><td    class=\"dtr1 dtc6\">500 mm<\/td><\/tr><tr class=\" row2\"><td    class=\"dtr2 dtc0\">Freeboard<\/td><td    class=\"dtr2 dtc1\">300 mm<\/td><td    class=\"dtr2 dtc2\">275 mm<\/td><td    class=\"dtr2 dtc3\">250 mm<\/td><td    class=\"dtr2 dtc4\">225 mm<\/td><td    class=\"dtr2 dtc5\">200 mm<\/td><td    class=\"dtr2 dtc6\">150 mm<\/td><\/tr><tr class=\" row3\"><td    class=\"dtr3 dtc0\">Draft<\/td><td    class=\"dtr3 dtc1\">900 mm<\/td><td    class=\"dtr3 dtc2\">725 mm<\/td><td    class=\"dtr3 dtc3\">650 mm<\/td><td    class=\"dtr3 dtc4\">575 mm<\/td><td    class=\"dtr3 dtc5\">400 mm<\/td><td    class=\"dtr3 dtc6\">350 mm<\/td><\/tr><tr class=\" row4\"><td    class=\"dtr4 dtc0\">Tensile Strength <\/td><td  colspan=\"6\"   class=\"dtr4 dtc1\">400 N \/ mm<\/td><td  style=\"display: none\"   class=\"dtr4 dtc2\"><\/td><td  style=\"display: none\"   class=\"dtr4 dtc3\"><\/td><td  style=\"display: none\"   class=\"dtr4 dtc4\"><\/td><td  style=\"display: none\"   class=\"dtr4 dtc5\"><\/td><td  style=\"display: none\"   class=\"dtr4 dtc6\"><\/td><\/tr><tr class=\" row5\"><td    class=\"dtr5 dtc0\">Floatation<\/td><td  colspan=\"6\"   class=\"dtr5 dtc1\">Molded heavy duty polyethylene floats<\/td><td  style=\"display: none\"   class=\"dtr5 dtc2\"><\/td><td  style=\"display: none\"   class=\"dtr5 dtc3\"><\/td><td  style=\"display: none\"   class=\"dtr5 dtc4\"><\/td><td  style=\"display: none\"   class=\"dtr5 dtc5\"><\/td><td  style=\"display: none\"   class=\"dtr5 dtc6\"><\/td><\/tr><tr class=\" row6\"><td    class=\"dtr6 dtc0\">Fabric<\/td><td  colspan=\"6\"   class=\"dtr6 dtc1\">Heavy-duty rubber (Standard) <br \/>\n                      PVC coated polyester fabric (Optional)<\/td><td  style=\"display: none\"   class=\"dtr6 dtc2\"><\/td><td  style=\"display: none\"   class=\"dtr6 dtc3\"><\/td><td  style=\"display: none\"   class=\"dtr6 dtc4\"><\/td><td  style=\"display: none\"   class=\"dtr6 dtc5\"><\/td><td  style=\"display: none\"   class=\"dtr6 dtc6\"><\/td><\/tr><tr class=\" row7\"><td    class=\"dtr7 dtc0\">Flotation Color<\/td><td  colspan=\"6\"   class=\"dtr7 dtc1\">Yellow \/ Red<\/td><td  style=\"display: none\"   class=\"dtr7 dtc2\"><\/td><td  style=\"display: none\"   class=\"dtr7 dtc3\"><\/td><td  style=\"display: none\"   class=\"dtr7 dtc4\"><\/td><td  style=\"display: none\"   class=\"dtr7 dtc5\"><\/td><td  style=\"display: none\"   class=\"dtr7 dtc6\"><\/td><\/tr><tr class=\" row8\"><td    class=\"dtr8 dtc0\">Ballast<\/td><td  colspan=\"6\"   class=\"dtr8 dtc1\">Galvanized Chain (Standard) or Lead Blocks (Optional)<\/td><td  style=\"display: none\"   class=\"dtr8 dtc2\"><\/td><td  style=\"display: none\"   class=\"dtr8 dtc3\"><\/td><td  style=\"display: none\"   class=\"dtr8 dtc4\"><\/td><td  style=\"display: none\"   class=\"dtr8 dtc5\"><\/td><td  style=\"display: none\"   class=\"dtr8 dtc6\"><\/td><\/tr><tr class=\" row9\"><td    class=\"dtr9 dtc0\">Section Length<\/td><td    class=\"dtr9 dtc1\">25 m<\/td><td    class=\"dtr9 dtc2\">25 m<\/td><td    class=\"dtr9 dtc3\">25 m<\/td><td    class=\"dtr9 dtc4\">25 m<\/td><td    class=\"dtr9 dtc5\">25 m<\/td><td    class=\"dtr9 dtc6\">25 m<\/td><\/tr><tr class=\" row10\"><td    class=\"dtr10 dtc0\">Connector<\/td><td  colspan=\"6\"   class=\"dtr10 dtc1\">ASTM Z or ASTM Universal<\/td><td  style=\"display: none\"   class=\"dtr10 dtc2\"><\/td><td  style=\"display: none\"   class=\"dtr10 dtc3\"><\/td><td  style=\"display: none\"   class=\"dtr10 dtc4\"><\/td><td  style=\"display: none\"   class=\"dtr10 dtc5\"><\/td><td  style=\"display: none\"   class=\"dtr10 dtc6\"><\/td><\/tr><\/tbody><tfoot><tr><td class=\"dtr10 dtc0\" style=\"height: 0;\"><\/td><td class=\"dtr10 dtc1\" style=\"height: 0;\"><\/td><td class=\"dtr10 dtc2\" style=\"height: 0;\"><\/td><td class=\"dtr10 dtc3\" style=\"height: 0;\"><\/td><td class=\"dtr10 dtc4\" style=\"height: 0;\"><\/td><td class=\"dtr10 dtc5\" style=\"height: 0;\"><\/td><td class=\"dtr10 dtc6\" style=\"height: 0;\"><\/td><\/tr><\/tfoot><\/table><\/div><style>#wptmtable34 .dataTables_wrapper > .dataTables_scroll {max-height:500px;overflow: auto;}<\/style><script>window.wptm_ajaxurl = 'https:\/\/mavideniz.com.tr\/wp-admin\/admin-ajax.php?juwpfisadmin=false&action=Wptm&'; window.wptm_front = 'https:\/\/mavideniz.com.tr\/wp-content\/plugins\/wp-table-manager\/app\/site\/assets\/'; window.wptm_style = 'https:\/\/mavideniz.com.tr\/wp-content\/uploads\/wptm\/';<\/script><\/div><style><\/style>\n","protected":false},"excerpt":{"rendered":"<p>Kal\u0131c\u0131 tip Petrol S\u0131z\u0131nt\u0131s\u0131n\u0131 S\u0131rn\u0131rlama Bariyeri, sa\u011flam bir yap\u0131ya, uzun \u00f6m\u00fcr i\u00e7in tasarlanm\u0131\u015f y\u00fcksek teknolojili \u00f6zelli\u011fe sahiptir. Petrol Bariyeri, rafinerilerde, [&hellip;]<\/p>\n","protected":false},"author":1,"featured_media":0,"parent":26997,"menu_order":0,"comment_status":"closed","ping_status":"closed","template":"","meta":{"site-sidebar-layout":"default","site-content-layout":"","ast-site-content-layout":"default","site-content-style":"default","site-sidebar-style":"default","ast-global-header-display":"","ast-banner-title-visibility":"","ast-main-header-display":"","ast-hfb-above-header-display":"","ast-hfb-below-header-display":"","ast-hfb-mobile-header-display":"","site-post-title":"","ast-breadcrumbs-content":"","ast-featured-img":"","footer-sml-layout":"","ast-disable-related-posts":"","theme-transparent-header-meta":"","adv-header-id-meta":"","stick-header-meta":"","header-above-stick-meta":"","header-main-stick-meta":"","header-below-stick-meta":"","astra-migrate-meta-layouts":"default","ast-page-background-enabled":"default","ast-page-background-meta":{"desktop":{"background-color":"var(--ast-global-color-5)","background-image":"","background-repeat":"repeat","background-position":"center center","background-size":"auto","background-attachment":"scroll","background-type":"","background-media":"","overlay-type":"","overlay-color":"","overlay-opacity":"","overlay-gradient":""},"tablet":{"background-color":"","background-image":"","background-repeat":"repeat","background-position":"center center","background-size":"auto","background-attachment":"scroll","background-type":"","background-media":"","overlay-type":"","overlay-color":"","overlay-opacity":"","overlay-gradient":""},"mobile":{"background-color":"","background-image":"","background-repeat":"repeat","background-position":"center center","background-size":"auto","background-attachment":"scroll","background-type":"","background-media":"","overlay-type":"","overlay-color":"","overlay-opacity":"","overlay-gradient":""}},"ast-content-background-meta":{"desktop":{"background-color":"var(--ast-global-color-4)","background-image":"","background-repeat":"repeat","background-position":"center center","background-size":"auto","background-attachment":"scroll","background-type":"","background-media":"","overlay-type":"","overlay-color":"","overlay-opacity":"","overlay-gradient":""},"tablet":{"background-color":"var(--ast-global-color-4)","background-image":"","background-repeat":"repeat","background-position":"center center","background-size":"auto","background-attachment":"scroll","background-type":"","background-media":"","overlay-type":"","overlay-color":"","overlay-opacity":"","overlay-gradient":""},"mobile":{"background-color":"var(--ast-global-color-4)","background-image":"","background-repeat":"repeat","background-position":"center center","background-size":"auto","background-attachment":"scroll","background-type":"","background-media":"","overlay-type":"","overlay-color":"","overlay-opacity":"","overlay-gradient":""}},"footnotes":""},"class_list":["post-27021","page","type-page","status-publish","hentry"],"_links":{"self":[{"href":"https:\/\/mavideniz.com.tr\/tr\/wp-json\/wp\/v2\/pages\/27021","targetHints":{"allow":["GET"]}}],"collection":[{"href":"https:\/\/mavideniz.com.tr\/tr\/wp-json\/wp\/v2\/pages"}],"about":[{"href":"https:\/\/mavideniz.com.tr\/tr\/wp-json\/wp\/v2\/types\/page"}],"author":[{"embeddable":true,"href":"https:\/\/mavideniz.com.tr\/tr\/wp-json\/wp\/v2\/users\/1"}],"replies":[{"embeddable":true,"href":"https:\/\/mavideniz.com.tr\/tr\/wp-json\/wp\/v2\/comments?post=27021"}],"version-history":[{"count":0,"href":"https:\/\/mavideniz.com.tr\/tr\/wp-json\/wp\/v2\/pages\/27021\/revisions"}],"up":[{"embeddable":true,"href":"https:\/\/mavideniz.com.tr\/tr\/wp-json\/wp\/v2\/pages\/26997"}],"wp:attachment":[{"href":"https:\/\/mavideniz.com.tr\/tr\/wp-json\/wp\/v2\/media?parent=27021"}],"curies":[{"name":"wp","href":"https:\/\/api.w.org\/{rel}","templated":true}]}}