{"id":27026,"date":"2021-09-27T18:20:21","date_gmt":"2021-09-27T18:20:21","guid":{"rendered":"https:\/\/mavideniz.com.tr\/?page_id=27026"},"modified":"2023-03-19T17:28:57","modified_gmt":"2023-03-19T17:28:57","slug":"kendiliginden-sisebilen-petrol-bariyeri","status":"publish","type":"page","link":"https:\/\/mavideniz.com.tr\/tr\/urunler\/yuzer-bariyer-bom\/petrol-muhafaza-bariyerleri\/kendiliginden-sisebilen-petrol-bariyeri\/","title":{"rendered":"Kendili\u011finden \u015ei\u015febilen Petrol Bariyeri"},"content":{"rendered":"\n<p>Mavi Deniz&#8217;in Kendi Kendine \u015ei\u015febilen Petrol Bariyeri, korumal\u0131 sudan orta okyanusa kadar \u00e7ok \u00e7e\u015fitli ko\u015fullarda kullan\u0131ma uygun olmas\u0131n\u0131 sa\u011flayan h\u0131zl\u0131 bir yay\u0131lma kurulum sa\u011flar.<\/p>\n<p>Kendili\u011finden \u015ei\u015febilen Petrol Bariyeri, h\u0131zla kendi kendine \u015fi\u015fen, h\u0131zl\u0131 tepki veren acil durum devreye alma perde tipi bir bomdur. Y\u00fczd\u00fcrme odas\u0131 silindiriktir ve bariyer uzunlu\u011fu boyunca e\u015fit aral\u0131klarla yerle\u015ftirilmi\u015f bir dizi yar\u0131 sert, hafif halkay\u0131 birle\u015ftirerek \u015feklini ve dengesini korur.<\/p>\n<p>Kendili\u011finden \u015ei\u015febilen Petrol Bariyeri, konteynerlerden veya bir tekne g\u00fcvertesinden a\u00e7\u0131l\u0131r. Kendili\u011finden \u015ei\u015fen bariyer, d\u00fcnyadaki di\u011fer herhangi bir yerinde havayla \u015fi\u015firilen bariyerlerden daha h\u0131zl\u0131 kurulucakt\u0131r.<\/p>\n<p>Sa\u011flam tek y\u00f6nl\u00fc \u015fi\u015firme \u00e7ek valfleri, y\u00fczd\u00fcrme odas\u0131n\u0131n \u00fcst k\u0131sm\u0131 boyunca aral\u0131kl\u0131d\u0131r. Yerle\u015ftirme s\u0131ras\u0131ndaki saf gerginlik, bariyerin geni\u015flemesine ve otomatik olarak kendi kendine \u015fi\u015fmesine neden olur.<\/p>\n<p><strong>\u00d6zellikleri<\/strong><\/p>\n<ul>\n<li>Kendili\u011finden \u015ei\u015febilen Petrol Bariyeri, acil m\u00fcdahale i\u00e7in limanlarda, limanlarda, i\u00e7 ve k\u0131y\u0131 sular\u0131nda orta okyanusa kadar olan operasyonlar i\u00e7in idealdir.<\/li>\n<li>Tek noktal\u0131 \u015fi\u015firme, kolay ve h\u0131zl\u0131 da\u011f\u0131t\u0131md\u0131r. ( 300 metre be\u015f dakikadan daha k\u0131sa s\u00fcrede konu\u015fland\u0131r\u0131labilir. )<\/li>\n<li>\u00c7ok \u00e7e\u015fitli PVC ve PU kapl\u0131 kuma\u015flarda mevcuttur<\/li>\n<li>E\u015fsiz Kendinden \u015ei\u015firme teknolojisi, herhangi bir pompa, \u00fcfleyici veya kompres\u00f6r kullan\u0131m\u0131n\u0131 gerektirmez.<\/li>\n<li>Bariyer da\u011f\u0131t\u0131m\u0131, tam otomatik. D\u00f6k\u00fclenleri hemen kontrol alt\u0131na almak i\u00e7in suya \u00e7ekin.<\/li>\n<li>K\u0131r\u0131lacak hareketli par\u00e7a yok. Paslanacak yay yok.<\/li>\n<li>\u0130\u00e7 b\u00f6lmeler, patlama durumunda bariyerin batmamas\u0131n\u0131 sa\u011flar<\/li>\n<li>Korozyona dayan\u0131kl\u0131 ASTM tarz\u0131 denizcilik s\u0131n\u0131f\u0131 al\u00fcminyum konekt\u00f6rler<\/li>\n<li>A\u011f\u0131r hizmet tipi galvanizli \u00e7elik balast zinciri<\/li>\n<li>\u00d6zel boyutlar mevcuttur<\/li>\n<\/ul>\n<div class=\"wptm_table tablesorter-bootstrap \" data-id=\"36\" data-hightlight=\"0\"><div class=\"wptm_buttons buttons_wptmTbl36\"><\/div><div class=\"wptmresponsive dataTables-wptmtable wptmtable \" id=\"wptmtable36\" data-tableid=\"wptmTbl36\"><table data-count-header=\"1\"  data-format-decimal_count=\"0\" data-format-decimal_symbol=\".\" data-format-symbol_position=\"0\" data-format-thousand_symbol=\",\"  data-format-currency_symbol=\"$\"  data-name-style=\"36_1759662764.css\" data-format=\"YYYY-MM-DD\" id=\"wptmTbl36\" data-id=\"36\" data-responsive=\"false\" data-hideCols=\"false\"  data-type=\"html\" data-paging=\"false\" data-searching=\"true\"  data-ordering=\"false\" data-table-breakpoint=\"980\" data-scroll-x=\"true\" data-scroll-collapse=\"true\" data-align=\"center\" data-range=\"[]\" data-hideColumn=\"[0,0,0,0,0,0,0]\"  data-colwidths=\"[162,162,162,162,162,162,162]\"  data-colwidths_desktop=[]  data-colwidths_tablet=[]  data-colwidths_mobile=[]  class=\"wptm_main_table  disablePager hideScrollHeader\"><colgroup><col data-dtr=\"0\" data-dtc=\"0\" class=\"dtc0\"><col data-dtr=\"0\" data-dtc=\"1\" class=\"dtc1\"><col data-dtr=\"0\" data-dtc=\"2\" class=\"dtc2\"><col data-dtr=\"0\" data-dtc=\"3\" class=\"dtc3\"><col data-dtr=\"0\" data-dtc=\"4\" class=\"dtc4\"><col data-dtr=\"0\" data-dtc=\"5\" class=\"dtc5\"><col data-dtr=\"0\" data-dtc=\"6\" class=\"dtc6\"><\/colgroup><thead><tr class=\"wptm-header-cells-index\"><th rowspan=\"1\" colspan=\"1\" data-dtr=\"0\" data-dtc=\"0\" class=\"dtr0 dtc0\"><\/th><th rowspan=\"1\" colspan=\"1\" data-dtr=\"0\" data-dtc=\"1\" class=\"dtr0 dtc1\"><\/th><th rowspan=\"1\" colspan=\"1\" data-dtr=\"0\" data-dtc=\"2\" class=\"dtr0 dtc2\"><\/th><th rowspan=\"1\" colspan=\"1\" data-dtr=\"0\" data-dtc=\"3\" class=\"dtr0 dtc3\"><\/th><th rowspan=\"1\" colspan=\"1\" data-dtr=\"0\" data-dtc=\"4\" class=\"dtr0 dtc4\"><\/th><th rowspan=\"1\" colspan=\"1\" data-dtr=\"0\" data-dtc=\"5\" class=\"dtr0 dtc5\"><\/th><th rowspan=\"1\" colspan=\"1\" data-dtr=\"0\" data-dtc=\"6\" class=\"dtr0 dtc6\"><\/th><\/tr><tr class=\" row0\"><th   data-priority=\"0\" class=\"dtr0 dtc0\"><\/th><th   data-priority=\"0\" class=\"dtr0 dtc1\">Self 1700<\/th><th   data-priority=\"0\" class=\"dtr0 dtc2\">Self 1100<\/th><th   data-priority=\"0\" class=\"dtr0 dtc3\">Self 1000<\/th><th   data-priority=\"0\" class=\"dtr0 dtc4\">Self 900<\/th><th   data-priority=\"0\" class=\"dtr0 dtc5\">Self 750<\/th><th   data-priority=\"0\" class=\"dtr0 dtc6\">Self 500<\/th><\/thead><tbody><tr class=\" row1\"><td    class=\"dtr1 dtc0\">Application Area<\/td><td    class=\"dtr1 dtc1\">Offshore<\/td><td    class=\"dtr1 dtc2\">Offshore<\/td><td    class=\"dtr1 dtc3\">Offshore<\/td><td    class=\"dtr1 dtc4\">Harbour<\/td><td    class=\"dtr1 dtc5\">Harbour<\/td><td    class=\"dtr1 dtc6\">River<\/td><\/tr><tr class=\" row2\"><td    class=\"dtr2 dtc0\">Overall Height<\/td><td    class=\"dtr2 dtc1\">1700 mm<\/td><td    class=\"dtr2 dtc2\">1100 mm<\/td><td    class=\"dtr2 dtc3\">1000 mm<\/td><td    class=\"dtr2 dtc4\">900 mm<\/td><td    class=\"dtr2 dtc5\">750 mm<\/td><td    class=\"dtr2 dtc6\">500 mm<\/td><\/tr><tr class=\" row3\"><td    class=\"dtr3 dtc0\">Freeboard<\/td><td    class=\"dtr3 dtc1\">650 mm<\/td><td    class=\"dtr3 dtc2\">450 mm<\/td><td    class=\"dtr3 dtc3\">350 mm<\/td><td    class=\"dtr3 dtc4\">300 mm<\/td><td    class=\"dtr3 dtc5\">250 mm<\/td><td    class=\"dtr3 dtc6\">150 mm<\/td><\/tr><tr class=\" row4\"><td    class=\"dtr4 dtc0\">Draft<\/td><td    class=\"dtr4 dtc1\">1050 mm<\/td><td    class=\"dtr4 dtc2\">650 mm<\/td><td    class=\"dtr4 dtc3\">650 mm<\/td><td    class=\"dtr4 dtc4\">600 mm<\/td><td    class=\"dtr4 dtc5\">500 mm<\/td><td    class=\"dtr4 dtc6\">350 mm<\/td><\/tr><tr class=\" row5\"><td    class=\"dtr5 dtc0\">Fabric Material<\/td><td  colspan=\"6\"   class=\"dtr5 dtc1\">1100 dtex, PVC (Standard) | PU (Optional)<\/td><td  style=\"display: none\"   class=\"dtr5 dtc2\"><\/td><td  style=\"display: none\"   class=\"dtr5 dtc3\"><\/td><td  style=\"display: none\"   class=\"dtr5 dtc4\"><\/td><td  style=\"display: none\"   class=\"dtr5 dtc5\"><\/td><td  style=\"display: none\"   class=\"dtr5 dtc6\"><\/td><\/tr><tr class=\" row6\"><td    class=\"dtr6 dtc0\">Fabric Weight<\/td><td    class=\"dtr6 dtc1\">900 g\/m\u00b2<\/td><td    class=\"dtr6 dtc2\">900 g\/m\u00b2<\/td><td    class=\"dtr6 dtc3\">900 g\/m\u00b2<\/td><td    class=\"dtr6 dtc4\">900 g\/m\u00b2<\/td><td    class=\"dtr6 dtc5\">900 g\/m\u00b2<\/td><td    class=\"dtr6 dtc6\">900 g\/m\u00b2<\/td><\/tr><tr class=\" row7\"><td    class=\"dtr7 dtc0\">Tensile Strenght<\/td><td    class=\"dtr7 dtc1\">4000 N\/5 cm<\/td><td    class=\"dtr7 dtc2\">4000 N\/5 cm<\/td><td    class=\"dtr7 dtc3\">4000 N\/5 cm<\/td><td    class=\"dtr7 dtc4\">4000 N\/5 cm<\/td><td    class=\"dtr7 dtc5\">4000 N\/5 cm<\/td><td    class=\"dtr7 dtc6\">4000 N\/5 cm<\/td><\/tr><tr class=\" row8\"><td    class=\"dtr8 dtc0\">Ballast<\/td><td  colspan=\"6\"   class=\"dtr8 dtc1\">Galvanized Chain<\/td><td  style=\"display: none\"   class=\"dtr8 dtc2\"><\/td><td  style=\"display: none\"   class=\"dtr8 dtc3\"><\/td><td  style=\"display: none\"   class=\"dtr8 dtc4\"><\/td><td  style=\"display: none\"   class=\"dtr8 dtc5\"><\/td><td  style=\"display: none\"   class=\"dtr8 dtc6\"><\/td><\/tr><tr class=\" row9\"><td    class=\"dtr9 dtc0\">Section Length<\/td><td    class=\"dtr9 dtc1\">25 m<\/td><td    class=\"dtr9 dtc2\">25 m<\/td><td    class=\"dtr9 dtc3\">25 m<\/td><td    class=\"dtr9 dtc4\">25 m<\/td><td    class=\"dtr9 dtc5\">25 m<\/td><td    class=\"dtr9 dtc6\">25 m<\/td><\/tr><tr class=\" row10\"><td    class=\"dtr10 dtc0\">Connector<\/td><td  colspan=\"6\"   class=\"dtr10 dtc1\">ASTM Z or ASTM Universal<\/td><td  style=\"display: none\"   class=\"dtr10 dtc2\"><\/td><td  style=\"display: none\"   class=\"dtr10 dtc3\"><\/td><td  style=\"display: none\"   class=\"dtr10 dtc4\"><\/td><td  style=\"display: none\"   class=\"dtr10 dtc5\"><\/td><td  style=\"display: none\"   class=\"dtr10 dtc6\"><\/td><\/tr><\/tbody><tfoot><tr><td class=\"dtr10 dtc0\" style=\"height: 0;\"><\/td><td class=\"dtr10 dtc1\" style=\"height: 0;\"><\/td><td class=\"dtr10 dtc2\" style=\"height: 0;\"><\/td><td class=\"dtr10 dtc3\" style=\"height: 0;\"><\/td><td class=\"dtr10 dtc4\" style=\"height: 0;\"><\/td><td class=\"dtr10 dtc5\" style=\"height: 0;\"><\/td><td class=\"dtr10 dtc6\" style=\"height: 0;\"><\/td><\/tr><\/tfoot><\/table><\/div><style>#wptmtable36 .dataTables_wrapper > .dataTables_scroll {max-height:500px;overflow: auto;}<\/style><script>window.wptm_ajaxurl = 'https:\/\/mavideniz.com.tr\/wp-admin\/admin-ajax.php?juwpfisadmin=false&action=Wptm&'; window.wptm_front = 'https:\/\/mavideniz.com.tr\/wp-content\/plugins\/wp-table-manager\/app\/site\/assets\/'; window.wptm_style = 'https:\/\/mavideniz.com.tr\/wp-content\/uploads\/wptm\/';<\/script><\/div><style><\/style>\n","protected":false},"excerpt":{"rendered":"<p>Mavi Deniz&#8217;in Kendi Kendine \u015ei\u015febilen Petrol Bariyeri, korumal\u0131 sudan orta okyanusa kadar \u00e7ok \u00e7e\u015fitli ko\u015fullarda kullan\u0131ma uygun olmas\u0131n\u0131 sa\u011flayan h\u0131zl\u0131 [&hellip;]<\/p>\n","protected":false},"author":1,"featured_media":0,"parent":26997,"menu_order":0,"comment_status":"closed","ping_status":"closed","template":"","meta":{"site-sidebar-layout":"default","site-content-layout":"","ast-site-content-layout":"default","site-content-style":"default","site-sidebar-style":"default","ast-global-header-display":"","ast-banner-title-visibility":"","ast-main-header-display":"","ast-hfb-above-header-display":"","ast-hfb-below-header-display":"","ast-hfb-mobile-header-display":"","site-post-title":"","ast-breadcrumbs-content":"","ast-featured-img":"","footer-sml-layout":"","ast-disable-related-posts":"","theme-transparent-header-meta":"","adv-header-id-meta":"","stick-header-meta":"","header-above-stick-meta":"","header-main-stick-meta":"","header-below-stick-meta":"","astra-migrate-meta-layouts":"default","ast-page-background-enabled":"default","ast-page-background-meta":{"desktop":{"background-color":"var(--ast-global-color-5)","background-image":"","background-repeat":"repeat","background-position":"center center","background-size":"auto","background-attachment":"scroll","background-type":"","background-media":"","overlay-type":"","overlay-color":"","overlay-opacity":"","overlay-gradient":""},"tablet":{"background-color":"","background-image":"","background-repeat":"repeat","background-position":"center center","background-size":"auto","background-attachment":"scroll","background-type":"","background-media":"","overlay-type":"","overlay-color":"","overlay-opacity":"","overlay-gradient":""},"mobile":{"background-color":"","background-image":"","background-repeat":"repeat","background-position":"center center","background-size":"auto","background-attachment":"scroll","background-type":"","background-media":"","overlay-type":"","overlay-color":"","overlay-opacity":"","overlay-gradient":""}},"ast-content-background-meta":{"desktop":{"background-color":"var(--ast-global-color-4)","background-image":"","background-repeat":"repeat","background-position":"center center","background-size":"auto","background-attachment":"scroll","background-type":"","background-media":"","overlay-type":"","overlay-color":"","overlay-opacity":"","overlay-gradient":""},"tablet":{"background-color":"var(--ast-global-color-4)","background-image":"","background-repeat":"repeat","background-position":"center center","background-size":"auto","background-attachment":"scroll","background-type":"","background-media":"","overlay-type":"","overlay-color":"","overlay-opacity":"","overlay-gradient":""},"mobile":{"background-color":"var(--ast-global-color-4)","background-image":"","background-repeat":"repeat","background-position":"center center","background-size":"auto","background-attachment":"scroll","background-type":"","background-media":"","overlay-type":"","overlay-color":"","overlay-opacity":"","overlay-gradient":""}},"footnotes":""},"class_list":["post-27026","page","type-page","status-publish","hentry"],"_links":{"self":[{"href":"https:\/\/mavideniz.com.tr\/tr\/wp-json\/wp\/v2\/pages\/27026","targetHints":{"allow":["GET"]}}],"collection":[{"href":"https:\/\/mavideniz.com.tr\/tr\/wp-json\/wp\/v2\/pages"}],"about":[{"href":"https:\/\/mavideniz.com.tr\/tr\/wp-json\/wp\/v2\/types\/page"}],"author":[{"embeddable":true,"href":"https:\/\/mavideniz.com.tr\/tr\/wp-json\/wp\/v2\/users\/1"}],"replies":[{"embeddable":true,"href":"https:\/\/mavideniz.com.tr\/tr\/wp-json\/wp\/v2\/comments?post=27026"}],"version-history":[{"count":0,"href":"https:\/\/mavideniz.com.tr\/tr\/wp-json\/wp\/v2\/pages\/27026\/revisions"}],"up":[{"embeddable":true,"href":"https:\/\/mavideniz.com.tr\/tr\/wp-json\/wp\/v2\/pages\/26997"}],"wp:attachment":[{"href":"https:\/\/mavideniz.com.tr\/tr\/wp-json\/wp\/v2\/media?parent=27026"}],"curies":[{"name":"wp","href":"https:\/\/api.w.org\/{rel}","templated":true}]}}