{"id":27031,"date":"2021-09-27T18:43:14","date_gmt":"2021-09-27T18:43:14","guid":{"rendered":"https:\/\/mavideniz.com.tr\/?page_id=27031"},"modified":"2023-03-19T18:33:06","modified_gmt":"2023-03-19T18:33:06","slug":"silt-perde-tip-bariyer","status":"publish","type":"page","link":"https:\/\/mavideniz.com.tr\/tr\/urunler\/yuzer-bariyer-bom\/silt-perde-tip-bariyer\/","title":{"rendered":"Bulan\u0131kl\u0131k Su, Silt Perde Bariyeri"},"content":{"rendered":"\n<p>Bulan\u0131kl\u0131k Su, Silt Perde Bariyeri, suda veya yak\u0131n deniz in\u015faat faaliyetlerinde ve tarama operasyonlar\u0131nda bulan\u0131kl\u0131k ve silt ve tortular\u0131n da\u011f\u0131l\u0131m\u0131n\u0131 kontrol etmek ve kontrol etmek i\u00e7in tasarlanm\u0131\u015ft\u0131r. Bulan\u0131kl\u0131k, silt kontrol uzmanlar\u0131m\u0131z, projeniz i\u00e7in ge\u00e7erli olabilecek t\u00fcm d\u00fczenlemelere ve gereksinimlere uyman\u0131za yard\u0131mc\u0131 olacakt\u0131r.<\/p>\n<p><strong>Proje T\u00fcrleri<\/strong><\/p>\n<p>MAVI DEN\u0130Z Silt Perde ve Bulan\u0131kl\u0131k Perdesi, a\u015fa\u011f\u0131dakiler dahil her t\u00fcrl\u00fc in\u015faat projesi i\u00e7in ideal \u00e7\u00f6z\u00fcmd\u00fcr:<\/p>\n<ul>\n<li>Tarama<\/li>\n<li>K\u00f6pr\u00fc in\u015faat\u0131<\/li>\n<li>Baraj kald\u0131rma ve restorasyon<\/li>\n<li>Marina\/liman projeleri (perdeler, iskeleler, istinat duvarlar\u0131)<\/li>\n<li>Liman ve terminal projeleri (kas\u0131klar, setler, dalgak\u0131ranlar)<\/li>\n<li>Feribot ini\u015fleri<\/li>\n<li>Boru hatt\u0131 ge\u00e7i\u015fleri<\/li>\n<li>K\u0131y\u0131 ve k\u0131y\u0131 \u015feridi restorasyonu ve rehabilitasyonu<\/li>\n<li>Giri\u015f yap\u0131s\u0131<\/li>\n<\/ul>\n<p>MaviDeniz&#8217;in Silt Perdesi ve Bulan\u0131kl\u0131k Perdesi, kat\u0131 y\u00fczer bom tiplerinin en k\u00fc\u00e7\u00fck depolama hacmini sunar ve raflarda, paletlerde, konteynerlerde depolanabilir. Sistemler, depolama\/da\u011f\u0131t\u0131m kutular\u0131, \u00e7ekme dizginleri, ankraj sistemleri ve tamir tak\u0131mlar\u0131n\u0131 i\u00e7ermektedir.<\/p>\n<p>Silt Perde ve Bulan\u0131kl\u0131k Perdesi, galvanizli, \u00e7elik U-c\u0131vata veya ASTM ile ba\u011flanan 25 m standart kesitlerde \u00fcretilmektedir. MAV\u0130 DEN\u0130Z Silt Perde ve Bulan\u0131kl\u0131k Perdesi \u00fc\u00e7 farkl\u0131 boy ve modelde mevcuttur.<\/p>\n<p><strong>Silt Perdesi ve Bulan\u0131kl\u0131k Perdesi Tasar\u0131m Kriterleri;<\/strong><\/p>\n<p><strong>T\u0130P I<\/strong> &#8211; Ak\u0131nt\u0131 olmayan, r\u00fczgar ve dalgalardan korunan korumal\u0131 alanlarda kullan\u0131lmal\u0131d\u0131r.<\/p>\n<p><strong>T\u0130P II<\/strong> &#8211; Yava\u015f ila orta derecede \u00e7al\u0131\u015fan ak\u0131m\u0131n (saniyede 2 knot veya 3.5 feet&#8217;e kadar) veya perdeyi etkileyen r\u00fczgar ve dalga hareketinin olabilece\u011fi alanlarda kullan\u0131lmal\u0131d\u0131r.<\/p>\n<p><strong>T\u0130P III<\/strong> &#8211; \u00d6nemli ak\u0131m\u0131n (saniyede 3 knot veya 5 fit&#8217;e kadar) mevcut olabilece\u011fi, gelgit hareketinin olabilece\u011fi veya perdenin potansiyel olarak r\u00fczgar ve dalga hareketine maruz kald\u0131\u011f\u0131 alanlarda kullan\u0131lmal\u0131d\u0131r.<\/p>\n<p><strong>Silt ve tortu perdemiz i\u00e7in kullan\u0131l\u0131r<\/strong><\/p>\n<ul>\n<li>Su bazl\u0131 (veya biti\u015fik) in\u015faat operasyonlar\u0131nda tortu kontrol\u00fc<\/li>\n<li>Hem tarama i\u015flemlerinden hem de taramadan \u00e7\u00f6keltme i\u015fleminden tortu kontrol\u00fc<\/li>\n<li>Dekantlardaki ask\u0131da kat\u0131 madde say\u0131s\u0131n\u0131 azaltmak i\u00e7in maden at\u0131k barajlar\u0131<\/li>\n<li>Yaprak d\u00f6k\u00fcnt\u00fclerini ve yang\u0131n kal\u0131nt\u0131lar\u0131n\u0131 (k\u00fcl) \u00e7\u0131karmak i\u00e7in i\u00e7me suyunun \u00f6n filtrelenmesi<\/li>\n<li>Zehirli alglerin kontrol\u00fc Sucul bitkilerin kontrol\u00fc<\/li>\n<li>At\u0131k su ar\u0131tma havuzlar\u0131ndaki b\u00fcy\u00fck kat\u0131lar\u0131n s\u00fczgeci<\/li>\n<li>Maden art\u0131klar\u0131 ta\u015fma taramas\u0131<\/li>\n<\/ul>\n<div class=\"wptm_table tablesorter-bootstrap \" data-id=\"47\" data-hightlight=\"0\"><div class=\"wptm_buttons buttons_wptmTbl47\"><\/div><div class=\"wptmresponsive dataTables-wptmtable wptmtable \" id=\"wptmtable47\" data-tableid=\"wptmTbl47\"><table data-count-header=\"1\"  data-format-decimal_count=\"0\" data-format-decimal_symbol=\".\" data-format-symbol_position=\"0\" data-format-thousand_symbol=\",\"  data-format-currency_symbol=\"$\"  data-name-style=\"47_1759660683.css\" data-format=\"YYYY-MM-DD\" id=\"wptmTbl47\" data-id=\"47\" data-responsive=\"false\" data-hideCols=\"false\"  data-type=\"html\" data-paging=\"false\" data-searching=\"true\"  data-ordering=\"false\" data-table-breakpoint=\"980\" data-scroll-x=\"true\" data-scroll-collapse=\"true\" data-align=\"center\" data-range=\"[]\" data-hideColumn=\"[0,0,0,0]\"  data-colwidths=\"[280,280,280,280]\"  data-colwidths_desktop=[]  data-colwidths_tablet=[]  data-colwidths_mobile=[]  class=\"wptm_main_table  disablePager hideScrollHeader\"><colgroup><col data-dtr=\"0\" data-dtc=\"0\" class=\"dtc0\"><col data-dtr=\"0\" data-dtc=\"1\" class=\"dtc1\"><col data-dtr=\"0\" data-dtc=\"2\" class=\"dtc2\"><col data-dtr=\"0\" data-dtc=\"3\" class=\"dtc3\"><\/colgroup><thead><tr class=\"wptm-header-cells-index\"><th rowspan=\"1\" colspan=\"1\" data-dtr=\"0\" data-dtc=\"0\" class=\"dtr0 dtc0\"><\/th><th rowspan=\"1\" colspan=\"1\" data-dtr=\"0\" data-dtc=\"1\" class=\"dtr0 dtc1\"><\/th><th rowspan=\"1\" colspan=\"1\" data-dtr=\"0\" data-dtc=\"2\" class=\"dtr0 dtc2\"><\/th><th rowspan=\"1\" colspan=\"1\" data-dtr=\"0\" data-dtc=\"3\" class=\"dtr0 dtc3\"><\/th><\/tr><tr class=\" row0\"><th   data-priority=\"0\" class=\"dtr0 dtc0\"><\/th><th   data-priority=\"0\" class=\"dtr0 dtc1\">Mavi Silt Curtain I<\/th><th   data-priority=\"0\" class=\"dtr0 dtc2\">Mavi Silt Curtain II<\/th><th   data-priority=\"0\" class=\"dtr0 dtc3\">Mavi Silt Curtain III<\/th><\/thead><tbody><tr class=\" row1\"><td    class=\"dtr1 dtc0\">Type<\/td><td    class=\"dtr1 dtc1\">Type 1 - Light Weight<\/td><td    class=\"dtr1 dtc2\">Type 2 - Medium Weight<\/td><td    class=\"dtr1 dtc3\">Type 3 -\u00a0Heavy Weight<\/td><\/tr><tr class=\" row2\"><td    class=\"dtr2 dtc0\">Operational Area<\/td><td    class=\"dtr2 dtc1\">Calm waters with little current, such as lakes, ponds, canals and shoreline areas<\/td><td    class=\"dtr2 dtc2\">Rivers, streams, open lakes and shorelines moderate current moving in one direction<\/td><td    class=\"dtr2 dtc3\">Open waters, exposed areas subject to current, wind and tides<\/td><\/tr><tr class=\" row3\"><td    class=\"dtr3 dtc0\">Flotation Material<\/td><td  colspan=\"3\"   class=\"dtr3 dtc1\">Solid (Standard) |  Air Inflatable (Optional) | HDPE Floats (Optional)<\/td><td  style=\"display: none\"   class=\"dtr3 dtc2\"><\/td><td  style=\"display: none\"   class=\"dtr3 dtc3\"><\/td><\/tr><tr class=\" row4\"><td    class=\"dtr4 dtc0\">Fabric Material<\/td><td  colspan=\"3\"   class=\"dtr4 dtc1\">PVC \/ Geotextile (Standard) | PVC (Optional) | PVC with mesh panel (Optional)<\/td><td  style=\"display: none\"   class=\"dtr4 dtc2\"><\/td><td  style=\"display: none\"   class=\"dtr4 dtc3\"><\/td><\/tr><tr class=\" row5\"><td    class=\"dtr5 dtc0\">Curtain Depth<\/td><td    class=\"dtr5 dtc1\">1 m \u2013 5 m<\/td><td    class=\"dtr5 dtc2\">1 m \u2013 10 m<\/td><td    class=\"dtr5 dtc3\">1 m \u2013 15 m<\/td><\/tr><tr class=\" row6\"><td    class=\"dtr6 dtc0\">Freeboard<\/td><td    class=\"dtr6 dtc1\">150 mm<\/td><td    class=\"dtr6 dtc2\">200 mm<\/td><td    class=\"dtr6 dtc3\">250 mm<\/td><\/tr><tr class=\" row7\"><td    class=\"dtr7 dtc0\">Ballast<\/td><td  colspan=\"3\"   class=\"dtr7 dtc1\">Galvanized Chain<\/td><td  style=\"display: none\"   class=\"dtr7 dtc2\"><\/td><td  style=\"display: none\"   class=\"dtr7 dtc3\"><\/td><\/tr><tr class=\" row8\"><td    class=\"dtr8 dtc0\">Section Length<\/td><td  colspan=\"3\"   class=\"dtr8 dtc1\">25 m<\/td><td  style=\"display: none\"   class=\"dtr8 dtc2\"><\/td><td  style=\"display: none\"   class=\"dtr8 dtc3\"><\/td><\/tr><tr class=\" row9\"><td    class=\"dtr9 dtc0\">Colour<\/td><td    class=\"dtr9 dtc1\">Yellow, Orange or Black<\/td><td    class=\"dtr9 dtc2\">Yellow, Orange or Black<\/td><td    class=\"dtr9 dtc3\">Yellow, Orange or Black<\/td><\/tr><tr class=\" row10\"><td    class=\"dtr10 dtc0\">Optional<\/td><td  colspan=\"3\"   class=\"dtr10 dtc1\">Anchor Set, Towing Kit, Repair Kit, Spare Part<\/td><td  style=\"display: none\"   class=\"dtr10 dtc2\"><\/td><td  style=\"display: none\"   class=\"dtr10 dtc3\"><\/td><\/tr><\/tbody><tfoot><tr><td class=\"dtr10 dtc0\" style=\"height: 0;\"><\/td><td class=\"dtr10 dtc1\" style=\"height: 0;\"><\/td><td class=\"dtr10 dtc2\" style=\"height: 0;\"><\/td><td class=\"dtr10 dtc3\" style=\"height: 0;\"><\/td><\/tr><\/tfoot><\/table><\/div><style>#wptmtable47 .dataTables_wrapper > .dataTables_scroll {max-height:500px;overflow: auto;}<\/style><script>window.wptm_ajaxurl = 'https:\/\/mavideniz.com.tr\/wp-admin\/admin-ajax.php?juwpfisadmin=false&action=Wptm&'; window.wptm_front = 'https:\/\/mavideniz.com.tr\/wp-content\/plugins\/wp-table-manager\/app\/site\/assets\/'; window.wptm_style = 'https:\/\/mavideniz.com.tr\/wp-content\/uploads\/wptm\/';<\/script><\/div><style><\/style>\n","protected":false},"excerpt":{"rendered":"<p>Bulan\u0131kl\u0131k Su, Silt Perde Bariyeri, suda veya yak\u0131n deniz in\u015faat faaliyetlerinde ve tarama operasyonlar\u0131nda bulan\u0131kl\u0131k ve silt ve tortular\u0131n da\u011f\u0131l\u0131m\u0131n\u0131 [&hellip;]<\/p>\n","protected":false},"author":1,"featured_media":0,"parent":26971,"menu_order":0,"comment_status":"closed","ping_status":"closed","template":"","meta":{"site-sidebar-layout":"default","site-content-layout":"","ast-site-content-layout":"default","site-content-style":"default","site-sidebar-style":"default","ast-global-header-display":"","ast-banner-title-visibility":"","ast-main-header-display":"","ast-hfb-above-header-display":"","ast-hfb-below-header-display":"","ast-hfb-mobile-header-display":"","site-post-title":"","ast-breadcrumbs-content":"","ast-featured-img":"","footer-sml-layout":"","ast-disable-related-posts":"","theme-transparent-header-meta":"","adv-header-id-meta":"","stick-header-meta":"","header-above-stick-meta":"","header-main-stick-meta":"","header-below-stick-meta":"","astra-migrate-meta-layouts":"default","ast-page-background-enabled":"default","ast-page-background-meta":{"desktop":{"background-color":"var(--ast-global-color-5)","background-image":"","background-repeat":"repeat","background-position":"center center","background-size":"auto","background-attachment":"scroll","background-type":"","background-media":"","overlay-type":"","overlay-color":"","overlay-opacity":"","overlay-gradient":""},"tablet":{"background-color":"","background-image":"","background-repeat":"repeat","background-position":"center center","background-size":"auto","background-attachment":"scroll","background-type":"","background-media":"","overlay-type":"","overlay-color":"","overlay-opacity":"","overlay-gradient":""},"mobile":{"background-color":"","background-image":"","background-repeat":"repeat","background-position":"center center","background-size":"auto","background-attachment":"scroll","background-type":"","background-media":"","overlay-type":"","overlay-color":"","overlay-opacity":"","overlay-gradient":""}},"ast-content-background-meta":{"desktop":{"background-color":"var(--ast-global-color-4)","background-image":"","background-repeat":"repeat","background-position":"center center","background-size":"auto","background-attachment":"scroll","background-type":"","background-media":"","overlay-type":"","overlay-color":"","overlay-opacity":"","overlay-gradient":""},"tablet":{"background-color":"var(--ast-global-color-4)","background-image":"","background-repeat":"repeat","background-position":"center center","background-size":"auto","background-attachment":"scroll","background-type":"","background-media":"","overlay-type":"","overlay-color":"","overlay-opacity":"","overlay-gradient":""},"mobile":{"background-color":"var(--ast-global-color-4)","background-image":"","background-repeat":"repeat","background-position":"center center","background-size":"auto","background-attachment":"scroll","background-type":"","background-media":"","overlay-type":"","overlay-color":"","overlay-opacity":"","overlay-gradient":""}},"footnotes":""},"class_list":["post-27031","page","type-page","status-publish","hentry"],"_links":{"self":[{"href":"https:\/\/mavideniz.com.tr\/tr\/wp-json\/wp\/v2\/pages\/27031","targetHints":{"allow":["GET"]}}],"collection":[{"href":"https:\/\/mavideniz.com.tr\/tr\/wp-json\/wp\/v2\/pages"}],"about":[{"href":"https:\/\/mavideniz.com.tr\/tr\/wp-json\/wp\/v2\/types\/page"}],"author":[{"embeddable":true,"href":"https:\/\/mavideniz.com.tr\/tr\/wp-json\/wp\/v2\/users\/1"}],"replies":[{"embeddable":true,"href":"https:\/\/mavideniz.com.tr\/tr\/wp-json\/wp\/v2\/comments?post=27031"}],"version-history":[{"count":0,"href":"https:\/\/mavideniz.com.tr\/tr\/wp-json\/wp\/v2\/pages\/27031\/revisions"}],"up":[{"embeddable":true,"href":"https:\/\/mavideniz.com.tr\/tr\/wp-json\/wp\/v2\/pages\/26971"}],"wp:attachment":[{"href":"https:\/\/mavideniz.com.tr\/tr\/wp-json\/wp\/v2\/media?parent=27031"}],"curies":[{"name":"wp","href":"https:\/\/api.w.org\/{rel}","templated":true}]}}