{"id":27042,"date":"2021-09-27T18:59:51","date_gmt":"2021-09-27T18:59:51","guid":{"rendered":"https:\/\/mavideniz.com.tr\/?page_id=27042"},"modified":"2023-03-19T23:56:34","modified_gmt":"2023-03-19T23:56:34","slug":"yuzen-kutuk-cop-bariyeri","status":"publish","type":"page","link":"https:\/\/mavideniz.com.tr\/tr\/urunler\/yuzer-bariyer-bom\/yuzen-cop-bariyerleri\/yuzen-kutuk-cop-bariyeri\/","title":{"rendered":"Y\u00fczen K\u00fct\u00fck + \u00c7\u00f6p Bariyeri"},"content":{"rendered":"<p><br \/>\nMavi Deniz y\u00fczen k\u00fct\u00fck + \u00e7\u00f6p bariyeri , y\u00fczen \u00e7\u00f6p ve k\u00fct\u00fckleri kontrol etmek ve kurtarmak i\u00e7in tasarlanm\u0131\u015f a\u011f\u0131r hizmet tipi bir enkaz kontrol sistemidir.<br \/>\nMavi Deniz&#8217;in y\u00fczen k\u00fct\u00fck + \u00e7\u00f6p bariyeri deniz ortamlar\u0131, enerji santralleri, nehirler, barajlar, y\u00fczen \u00e7\u00f6pler, y\u00fczen k\u00fct\u00fckler ve di\u011fer y\u00fczen k\u00fct\u00fckler i\u00e7in idealdir.<\/p>\n<p>Y\u00fczen k\u00fct\u00fck + \u00e7\u00f6p bariyeri kurulumu kolay + bak\u0131m + servis, servis i\u00e7in \u00f6zel ekipman gerektirmez,<\/p>\n<p><strong>\u00d6zellikleri<\/strong><\/p>\n<ul>\n<li>Bariyerin t\u00fcm par\u00e7alar\u0131 ASTM-Z Uluslararas\u0131 Standartlar\u0131ndad\u0131r.<\/li>\n<li>Bariyer suya ve g\u00fcne\u015f \u0131\u015f\u0131\u011f\u0131na kar\u015f\u0131 olduk\u00e7a dayan\u0131kl\u0131d\u0131r.<\/li>\n<li>Enkaz Bariyeri \u015eamand\u0131ra boyutlar\u0131, bile\u015fenleri ve uzunluklar\u0131 ihtiya\u00e7lar\u0131n\u0131za g\u00f6re d\u00fczenlenebilir.<\/li>\n<li>Kur\u015fun a\u011f\u0131rl\u0131klar Bariyerin alt\u0131ndad\u0131r.<\/li>\n<li>Bariyer, Suyun Y\u00fcksek &#8211; Gelgit ve Al\u00e7ak Gelgit nedeniyle hareket edebilir.<\/li>\n<li>Kau\u00e7uktan Bariyer Malzeme yap\u0131s\u0131.<\/li>\n<li>Bariyer malzemesinin \u00e7ekme mukavemeti 400 kg\/cm&#8217;dir ve ihtiya\u00e7lar\u0131n\u0131za g\u00f6re de d\u00fczenlenebilir.<\/li>\n<li>Halka A\u011f\u0131<\/li>\n<li>Renkler Sar\u0131 ve Siyaht\u0131r<\/li>\n<li>A\u015f\u0131r\u0131 durumlar i\u00e7in \u00d6zel y\u00fcksek gerilimli \u00e7elik tel ekleyebiliriz.<\/li>\n<\/ul>\n<div class=\"wptm_table tablesorter-bootstrap \" data-id=\"39\" data-hightlight=\"0\"><div class=\"wptm_buttons buttons_wptmTbl39\"><\/div><div class=\"wptmresponsive dataTables-wptmtable wptmtable \" id=\"wptmtable39\" data-tableid=\"wptmTbl39\"><table data-count-header=\"1\"  data-format-decimal_count=\"0\" data-format-decimal_symbol=\".\" data-format-symbol_position=\"0\" data-format-thousand_symbol=\",\"  data-format-currency_symbol=\"$\"  data-name-style=\"39_1759661808.css\" data-format=\"YYYY-MM-DD\" id=\"wptmTbl39\" data-id=\"39\" data-responsive=\"false\" data-hideCols=\"false\"  data-type=\"html\" data-paging=\"false\" data-searching=\"true\"  data-ordering=\"false\" data-table-breakpoint=\"980\" data-scroll-x=\"true\" data-scroll-collapse=\"true\" data-align=\"center\" data-range=\"[]\" data-hideColumn=\"[0,0,0,0,0]\"  data-colwidths=\"[228,228,228,228,228]\"  data-colwidths_desktop=[]  data-colwidths_tablet=[]  data-colwidths_mobile=[]  class=\"wptm_main_table  disablePager hideScrollHeader\"><colgroup><col data-dtr=\"0\" data-dtc=\"0\" class=\"dtc0\"><col data-dtr=\"0\" data-dtc=\"1\" class=\"dtc1\"><col data-dtr=\"0\" data-dtc=\"2\" class=\"dtc2\"><col data-dtr=\"0\" data-dtc=\"3\" class=\"dtc3\"><col data-dtr=\"0\" data-dtc=\"4\" class=\"dtc4\"><\/colgroup><thead><tr class=\"wptm-header-cells-index\"><th rowspan=\"1\" colspan=\"1\" data-dtr=\"0\" data-dtc=\"0\" class=\"dtr0 dtc0\"><\/th><th rowspan=\"1\" colspan=\"1\" data-dtr=\"0\" data-dtc=\"1\" class=\"dtr0 dtc1\"><\/th><th rowspan=\"1\" colspan=\"1\" data-dtr=\"0\" data-dtc=\"2\" class=\"dtr0 dtc2\"><\/th><th rowspan=\"1\" colspan=\"1\" data-dtr=\"0\" data-dtc=\"3\" class=\"dtr0 dtc3\"><\/th><th rowspan=\"1\" colspan=\"1\" data-dtr=\"0\" data-dtc=\"4\" class=\"dtr0 dtc4\"><\/th><\/tr><tr class=\" row0\"><th   data-priority=\"0\" class=\"dtr0 dtc0\"><\/th><th   data-priority=\"0\" class=\"dtr0 dtc1\">Log Barrier 300<\/th><th   data-priority=\"0\" class=\"dtr0 dtc2\">Log Barrier 400<\/th><th   data-priority=\"0\" class=\"dtr0 dtc3\">Log Barrier 500<\/th><th   data-priority=\"0\" class=\"dtr0 dtc4\">Log Barrier 600<\/th><\/thead><tbody><tr class=\" row1\"><td    class=\"dtr1 dtc0\"> Overall height<\/td><td    class=\"dtr1 dtc1\">300 mm<\/td><td    class=\"dtr1 dtc2\">400 mm<\/td><td    class=\"dtr1 dtc3\">500 mm<\/td><td    class=\"dtr1 dtc4\">600 mm<\/td><\/tr><tr class=\" row2\"><td    class=\"dtr2 dtc0\">Freeboard<\/td><td    class=\"dtr2 dtc1\">150 mm<\/td><td    class=\"dtr2 dtc2\">175 mm<\/td><td    class=\"dtr2 dtc3\">200 mm<\/td><td    class=\"dtr2 dtc4\">250 mm<\/td><\/tr><tr class=\" row3\"><td    class=\"dtr3 dtc0\">Draft<\/td><td    class=\"dtr3 dtc1\">150 mm<\/td><td    class=\"dtr3 dtc2\">225 mm<\/td><td    class=\"dtr3 dtc3\">300 mm<\/td><td    class=\"dtr3 dtc4\">350 mm<\/td><\/tr><tr class=\" row4\"><td    class=\"dtr4 dtc0\">Section Length<\/td><td    class=\"dtr4 dtc1\">3 m \/ 6 m \/ 10 m<\/td><td    class=\"dtr4 dtc2\">3 m \/ 6 m \/ 10 m<\/td><td    class=\"dtr4 dtc3\">3 m \/ 6 m \/ 10 m<\/td><td    class=\"dtr4 dtc4\">3 m \/ 6 m \/ 10 m<\/td><\/tr><tr class=\" row5\"><td    class=\"dtr5 dtc0\">Tensile Strength<\/td><td    class=\"dtr5 dtc1\">27000 kg<\/td><td    class=\"dtr5 dtc2\">27000 kg<\/td><td    class=\"dtr5 dtc3\">27000 kg<\/td><td    class=\"dtr5 dtc4\">27000 kg<\/td><\/tr><tr class=\" row6\"><td    class=\"dtr6 dtc0\">Flotation Material<\/td><td    class=\"dtr6 dtc1\">HDPE<\/td><td    class=\"dtr6 dtc2\">HDPE<\/td><td    class=\"dtr6 dtc3\">HDPE<\/td><td    class=\"dtr6 dtc4\">HDPE<\/td><\/tr><tr class=\" row7\"><td    class=\"dtr7 dtc0\">Flotation Color<\/td><td    class=\"dtr7 dtc1\">Yellow \/ Orange \/ Red<\/td><td    class=\"dtr7 dtc2\">Yellow \/ Orange \/ Red<\/td><td    class=\"dtr7 dtc3\">Yellow \/ Orange \/ Red<\/td><td    class=\"dtr7 dtc4\">Yellow \/ Orange \/ Red<\/td><\/tr><tr class=\" row8\"><td    class=\"dtr8 dtc0\">Connector<\/td><td    class=\"dtr8 dtc1\">Galvanized Steel Shackle<\/td><td    class=\"dtr8 dtc2\">Galvanized Steel Shackle<\/td><td    class=\"dtr8 dtc3\">Galvanized Steel Shackle<\/td><td    class=\"dtr8 dtc4\">Galvanized Steel Shackle<\/td><\/tr><tr class=\" row9\"><td    class=\"dtr9 dtc0\">Debris Screen Material (Optional)<\/td><td  colspan=\"4\"   class=\"dtr9 dtc1\">Galvanized Debris Screen or Fabric Net<\/td><td  style=\"display: none\"   class=\"dtr9 dtc2\"><\/td><td  style=\"display: none\"   class=\"dtr9 dtc3\"><\/td><td  style=\"display: none\"   class=\"dtr9 dtc4\"><\/td><\/tr><tr class=\" row10\"><td    class=\"dtr10 dtc0\">Debris Screen Height (Optional)<\/td><td    class=\"dtr10 dtc1\">0,5 m \/ 1 m<\/td><td    class=\"dtr10 dtc2\">0,5 m \/ 1 m<\/td><td    class=\"dtr10 dtc3\">0,5 m \/ 1 m<\/td><td    class=\"dtr10 dtc4\">0,5 m \/ 1 m<\/td><\/tr><\/tbody><tfoot><tr><td class=\"dtr10 dtc0\" style=\"height: 0;\"><\/td><td class=\"dtr10 dtc1\" style=\"height: 0;\"><\/td><td class=\"dtr10 dtc2\" style=\"height: 0;\"><\/td><td class=\"dtr10 dtc3\" style=\"height: 0;\"><\/td><td class=\"dtr10 dtc4\" style=\"height: 0;\"><\/td><\/tr><\/tfoot><\/table><\/div><style>#wptmtable39 .dataTables_wrapper > .dataTables_scroll {max-height:500px;overflow: auto;}<\/style><script>window.wptm_ajaxurl = 'https:\/\/mavideniz.com.tr\/wp-admin\/admin-ajax.php?juwpfisadmin=false&action=Wptm&'; window.wptm_front = 'https:\/\/mavideniz.com.tr\/wp-content\/plugins\/wp-table-manager\/app\/site\/assets\/'; window.wptm_style = 'https:\/\/mavideniz.com.tr\/wp-content\/uploads\/wptm\/';<\/script><\/div><style><\/style>\n","protected":false},"excerpt":{"rendered":"<p>Mavi Deniz y\u00fczen k\u00fct\u00fck + \u00e7\u00f6p bariyeri , y\u00fczen \u00e7\u00f6p ve k\u00fct\u00fckleri kontrol etmek ve kurtarmak i\u00e7in tasarlanm\u0131\u015f a\u011f\u0131r hizmet [&hellip;]<\/p>\n","protected":false},"author":1,"featured_media":0,"parent":27035,"menu_order":0,"comment_status":"closed","ping_status":"closed","template":"","meta":{"site-sidebar-layout":"default","site-content-layout":"","ast-site-content-layout":"default","site-content-style":"default","site-sidebar-style":"default","ast-global-header-display":"","ast-banner-title-visibility":"","ast-main-header-display":"","ast-hfb-above-header-display":"","ast-hfb-below-header-display":"","ast-hfb-mobile-header-display":"","site-post-title":"","ast-breadcrumbs-content":"","ast-featured-img":"","footer-sml-layout":"","ast-disable-related-posts":"","theme-transparent-header-meta":"","adv-header-id-meta":"","stick-header-meta":"","header-above-stick-meta":"","header-main-stick-meta":"","header-below-stick-meta":"","astra-migrate-meta-layouts":"default","ast-page-background-enabled":"default","ast-page-background-meta":{"desktop":{"background-color":"var(--ast-global-color-5)","background-image":"","background-repeat":"repeat","background-position":"center center","background-size":"auto","background-attachment":"scroll","background-type":"","background-media":"","overlay-type":"","overlay-color":"","overlay-opacity":"","overlay-gradient":""},"tablet":{"background-color":"","background-image":"","background-repeat":"repeat","background-position":"center center","background-size":"auto","background-attachment":"scroll","background-type":"","background-media":"","overlay-type":"","overlay-color":"","overlay-opacity":"","overlay-gradient":""},"mobile":{"background-color":"","background-image":"","background-repeat":"repeat","background-position":"center center","background-size":"auto","background-attachment":"scroll","background-type":"","background-media":"","overlay-type":"","overlay-color":"","overlay-opacity":"","overlay-gradient":""}},"ast-content-background-meta":{"desktop":{"background-color":"var(--ast-global-color-4)","background-image":"","background-repeat":"repeat","background-position":"center center","background-size":"auto","background-attachment":"scroll","background-type":"","background-media":"","overlay-type":"","overlay-color":"","overlay-opacity":"","overlay-gradient":""},"tablet":{"background-color":"var(--ast-global-color-4)","background-image":"","background-repeat":"repeat","background-position":"center center","background-size":"auto","background-attachment":"scroll","background-type":"","background-media":"","overlay-type":"","overlay-color":"","overlay-opacity":"","overlay-gradient":""},"mobile":{"background-color":"var(--ast-global-color-4)","background-image":"","background-repeat":"repeat","background-position":"center center","background-size":"auto","background-attachment":"scroll","background-type":"","background-media":"","overlay-type":"","overlay-color":"","overlay-opacity":"","overlay-gradient":""}},"footnotes":""},"class_list":["post-27042","page","type-page","status-publish","hentry"],"_links":{"self":[{"href":"https:\/\/mavideniz.com.tr\/tr\/wp-json\/wp\/v2\/pages\/27042","targetHints":{"allow":["GET"]}}],"collection":[{"href":"https:\/\/mavideniz.com.tr\/tr\/wp-json\/wp\/v2\/pages"}],"about":[{"href":"https:\/\/mavideniz.com.tr\/tr\/wp-json\/wp\/v2\/types\/page"}],"author":[{"embeddable":true,"href":"https:\/\/mavideniz.com.tr\/tr\/wp-json\/wp\/v2\/users\/1"}],"replies":[{"embeddable":true,"href":"https:\/\/mavideniz.com.tr\/tr\/wp-json\/wp\/v2\/comments?post=27042"}],"version-history":[{"count":0,"href":"https:\/\/mavideniz.com.tr\/tr\/wp-json\/wp\/v2\/pages\/27042\/revisions"}],"up":[{"embeddable":true,"href":"https:\/\/mavideniz.com.tr\/tr\/wp-json\/wp\/v2\/pages\/27035"}],"wp:attachment":[{"href":"https:\/\/mavideniz.com.tr\/tr\/wp-json\/wp\/v2\/media?parent=27042"}],"curies":[{"name":"wp","href":"https:\/\/api.w.org\/{rel}","templated":true}]}}