{"id":27048,"date":"2021-09-27T19:07:05","date_gmt":"2021-09-27T19:07:05","guid":{"rendered":"https:\/\/mavideniz.com.tr\/?page_id=27048"},"modified":"2023-03-20T00:08:02","modified_gmt":"2023-03-20T00:08:02","slug":"yuzen-cop-kapani-cop-toplayici","status":"publish","type":"page","link":"https:\/\/mavideniz.com.tr\/tr\/urunler\/yuzer-bariyer-bom\/yuzen-cop-bariyerleri\/yuzen-cop-kapani-cop-toplayici\/","title":{"rendered":"Nehirde Y\u00fczen \u00c7\u00f6p Kapan\u0131"},"content":{"rendered":"\n<p>Nehirde Y\u00fczen \u00c7\u00f6p Kutusu herhangi bir nehirde, hareketli suda, kanalda \u00e7al\u0131\u015fmak \u00fczere tasarlanm\u0131\u015ft\u0131r. \u00c7\u00f6p Kapan\u0131 iki y\u00fczer bariyer, bir y\u00fczen \u00e7er\u00e7eve ve bir toplama kafesinden olu\u015fur.<\/p>\n<p>\u00d6zellikle nehirler at\u0131k, \u00e7\u00f6p, plastik v.b. ciddi bir \u00e7evre sorunu haline gelen denizlerimize ve okyanuslar\u0131m\u0131za Nehirlerden, at\u0131klar\u0131n y\u00fczde 95&#8217;inden fazlas\u0131 y\u00fczeyin ilk metre alt\u0131nda y\u00fczer ve \u00e7\u00f6plerin \u00e7o\u011fu y\u00fczeyin sadece 5o cm alt\u0131n\u0131 kullan\u0131r ve ayr\u0131ca y\u00fczen \u00e7\u00f6p bariyeri ile \u00e7\u00f6pler \u00e7\u00f6p bariyer tuza\u011f\u0131n\u0131 ge\u00e7emez nehirden. Bu, \u00e7\u00f6p bariyer tuzaklar\u0131n\u0131n at\u0131klar\u0131 denizlere ve okyanuslara ula\u015fmadan nehirlerdeki kafeslere toplamas\u0131n\u0131 sa\u011flar.<\/p>\n<p><strong>\u00d6zellikleri<\/strong><\/p>\n<ul>\n<li>Basit, kurulumu ve bak\u0131m\u0131 kolay, uygun maliyetli<\/li>\n<li>K\u00fc\u00e7\u00fck veya daha \u00f6nemli plastikler toplanabilir<\/li>\n<li>Y\u00fczen bomlu sert \u00e7er\u00e7eve<\/li>\n<li>Gereksinimleriniz i\u00e7in \u00f6zel boyutlar ve \u00f6zellikler mevcuttur.<\/li>\n<\/ul>\n<div class=\"wptm_table tablesorter-bootstrap \" data-id=\"113\" data-hightlight=\"0\"><div class=\"wptm_buttons buttons_wptmTbl113\"><\/div><div class=\"wptmresponsive dataTables-wptmtable wptmtable \" id=\"wptmtable113\" data-tableid=\"wptmTbl113\"><table data-count-header=\"1\"  data-format-decimal_count=\"0\" data-format-decimal_symbol=\".\" data-format-symbol_position=\"0\" data-format-thousand_symbol=\",\"  data-format-currency_symbol=\"$\"  data-name-style=\"113_1759710808.css\" data-format=\"YYYY-MM-DD\" id=\"wptmTbl113\" data-id=\"113\" data-responsive=\"false\" data-hideCols=\"false\"  data-type=\"html\" data-paging=\"false\" data-searching=\"true\"  data-ordering=\"false\" data-table-breakpoint=\"980\" data-scroll-x=\"true\" data-scroll-collapse=\"true\" data-align=\"center\" data-range=\"[]\" data-hideColumn=\"[0,0,0,0]\"  data-colwidths=\"[285,285,285,285]\"  data-colwidths_desktop=[]  data-colwidths_tablet=[]  data-colwidths_mobile=[]  class=\"wptm_main_table  disablePager hideScrollHeader\"><colgroup><col data-dtr=\"0\" data-dtc=\"0\" class=\"dtc0\"><col data-dtr=\"0\" data-dtc=\"1\" class=\"dtc1\"><col data-dtr=\"0\" data-dtc=\"2\" class=\"dtc2\"><col data-dtr=\"0\" data-dtc=\"3\" class=\"dtc3\"><\/colgroup><thead><tr class=\"wptm-header-cells-index\"><th rowspan=\"1\" colspan=\"1\" data-dtr=\"0\" data-dtc=\"0\" class=\"dtr0 dtc0\"><\/th><th rowspan=\"1\" colspan=\"1\" data-dtr=\"0\" data-dtc=\"1\" class=\"dtr0 dtc1\"><\/th><th rowspan=\"1\" colspan=\"1\" data-dtr=\"0\" data-dtc=\"2\" class=\"dtr0 dtc2\"><\/th><th rowspan=\"1\" colspan=\"1\" data-dtr=\"0\" data-dtc=\"3\" class=\"dtr0 dtc3\"><\/th><\/tr><tr class=\" row0\"><th   data-priority=\"0\" class=\"dtr0 dtc0\"><\/th><th   data-priority=\"0\" class=\"dtr0 dtc1\">Floating Bin Small<\/th><th   data-priority=\"0\" class=\"dtr0 dtc2\">Floating Bin Medium<\/th><th   data-priority=\"0\" class=\"dtr0 dtc3\">Floating Bin Large<\/th><\/thead><tbody><tr class=\" row1\"><td    class=\"dtr1 dtc0\">Capacity<\/td><td    class=\"dtr1 dtc1\">4 m3<\/td><td    class=\"dtr1 dtc2\">10 m3<\/td><td    class=\"dtr1 dtc3\">15 m3<\/td><\/tr><tr class=\" row2\"><td    class=\"dtr2 dtc0\">Pontoon Material<\/td><td    class=\"dtr2 dtc1\">HDPE<\/td><td    class=\"dtr2 dtc2\">HDPE<\/td><td    class=\"dtr2 dtc3\">HDPE<\/td><\/tr><tr class=\" row3\"><td    class=\"dtr3 dtc0\">Garbage Basket Material<\/td><td    class=\"dtr3 dtc1\">Aluminium<\/td><td    class=\"dtr3 dtc2\">Aluminium<\/td><td    class=\"dtr3 dtc3\">Aluminium<\/td><\/tr><tr class=\" row4\"><td    class=\"dtr4 dtc0\">Garbage Bin Dumping<\/td><td  colspan=\"3\"   class=\"dtr4 dtc1\">Manually Operate a Release Mechanism (Standard) | Self Dumping Mechanism (Optional)<\/td><td  style=\"display: none\"   class=\"dtr4 dtc2\"><\/td><td  style=\"display: none\"   class=\"dtr4 dtc3\"><\/td><\/tr><tr class=\" row5\"><td    class=\"dtr5 dtc0\">Ballast<\/td><td    class=\"dtr5 dtc1\">Internal steel channel<\/td><td    class=\"dtr5 dtc2\">Internal steel channel<\/td><td    class=\"dtr5 dtc3\">Internal steel channel<\/td><\/tr><tr class=\" row6\"><td    class=\"dtr6 dtc0\">Walking Platform<\/td><td    class=\"dtr6 dtc1\">2 pcs<\/td><td    class=\"dtr6 dtc2\">2 pcs<\/td><td    class=\"dtr6 dtc3\">2 pcs<\/td><\/tr><tr class=\" row7\"><td    class=\"dtr7 dtc0\">Lifting Points<\/td><td    class=\"dtr7 dtc1\">Yes<\/td><td    class=\"dtr7 dtc2\">Yes<\/td><td    class=\"dtr7 dtc3\">Yes<\/td><\/tr><tr class=\" row8\"><td    class=\"dtr8 dtc0\">Trash Basket Dimension (m)<\/td><td    class=\"dtr8 dtc1\">2 x 2<\/td><td    class=\"dtr8 dtc2\">2.4 x 3.7<\/td><td    class=\"dtr8 dtc3\">3.6 x 6<\/td><\/tr><tr class=\" row9\"><td    class=\"dtr9 dtc0\">Section Length (m)<\/td><td    class=\"dtr9 dtc1\">25<\/td><td    class=\"dtr9 dtc2\">25<\/td><td    class=\"dtr9 dtc3\">25<\/td><\/tr><\/tbody><tfoot><tr><td class=\"dtr9 dtc0\" style=\"height: 0;\"><\/td><td class=\"dtr9 dtc1\" style=\"height: 0;\"><\/td><td class=\"dtr9 dtc2\" style=\"height: 0;\"><\/td><td class=\"dtr9 dtc3\" style=\"height: 0;\"><\/td><\/tr><\/tfoot><\/table><\/div><style>#wptmtable113 .dataTables_wrapper > .dataTables_scroll {max-height:500px;overflow: auto;}<\/style><script>window.wptm_ajaxurl = 'https:\/\/mavideniz.com.tr\/wp-admin\/admin-ajax.php?juwpfisadmin=false&action=Wptm&'; window.wptm_front = 'https:\/\/mavideniz.com.tr\/wp-content\/plugins\/wp-table-manager\/app\/site\/assets\/'; window.wptm_style = 'https:\/\/mavideniz.com.tr\/wp-content\/uploads\/wptm\/';<\/script><\/div><style><\/style>\n","protected":false},"excerpt":{"rendered":"<p>Nehirde Y\u00fczen \u00c7\u00f6p Kutusu herhangi bir nehirde, hareketli suda, kanalda \u00e7al\u0131\u015fmak \u00fczere tasarlanm\u0131\u015ft\u0131r. \u00c7\u00f6p Kapan\u0131 iki y\u00fczer bariyer, bir y\u00fczen [&hellip;]<\/p>\n","protected":false},"author":1,"featured_media":0,"parent":27035,"menu_order":0,"comment_status":"closed","ping_status":"closed","template":"","meta":{"site-sidebar-layout":"default","site-content-layout":"","ast-site-content-layout":"default","site-content-style":"default","site-sidebar-style":"default","ast-global-header-display":"","ast-banner-title-visibility":"","ast-main-header-display":"","ast-hfb-above-header-display":"","ast-hfb-below-header-display":"","ast-hfb-mobile-header-display":"","site-post-title":"","ast-breadcrumbs-content":"","ast-featured-img":"","footer-sml-layout":"","ast-disable-related-posts":"","theme-transparent-header-meta":"","adv-header-id-meta":"","stick-header-meta":"","header-above-stick-meta":"","header-main-stick-meta":"","header-below-stick-meta":"","astra-migrate-meta-layouts":"default","ast-page-background-enabled":"default","ast-page-background-meta":{"desktop":{"background-color":"var(--ast-global-color-5)","background-image":"","background-repeat":"repeat","background-position":"center center","background-size":"auto","background-attachment":"scroll","background-type":"","background-media":"","overlay-type":"","overlay-color":"","overlay-opacity":"","overlay-gradient":""},"tablet":{"background-color":"","background-image":"","background-repeat":"repeat","background-position":"center center","background-size":"auto","background-attachment":"scroll","background-type":"","background-media":"","overlay-type":"","overlay-color":"","overlay-opacity":"","overlay-gradient":""},"mobile":{"background-color":"","background-image":"","background-repeat":"repeat","background-position":"center center","background-size":"auto","background-attachment":"scroll","background-type":"","background-media":"","overlay-type":"","overlay-color":"","overlay-opacity":"","overlay-gradient":""}},"ast-content-background-meta":{"desktop":{"background-color":"var(--ast-global-color-4)","background-image":"","background-repeat":"repeat","background-position":"center center","background-size":"auto","background-attachment":"scroll","background-type":"","background-media":"","overlay-type":"","overlay-color":"","overlay-opacity":"","overlay-gradient":""},"tablet":{"background-color":"var(--ast-global-color-4)","background-image":"","background-repeat":"repeat","background-position":"center center","background-size":"auto","background-attachment":"scroll","background-type":"","background-media":"","overlay-type":"","overlay-color":"","overlay-opacity":"","overlay-gradient":""},"mobile":{"background-color":"var(--ast-global-color-4)","background-image":"","background-repeat":"repeat","background-position":"center center","background-size":"auto","background-attachment":"scroll","background-type":"","background-media":"","overlay-type":"","overlay-color":"","overlay-opacity":"","overlay-gradient":""}},"footnotes":""},"class_list":["post-27048","page","type-page","status-publish","hentry"],"_links":{"self":[{"href":"https:\/\/mavideniz.com.tr\/tr\/wp-json\/wp\/v2\/pages\/27048","targetHints":{"allow":["GET"]}}],"collection":[{"href":"https:\/\/mavideniz.com.tr\/tr\/wp-json\/wp\/v2\/pages"}],"about":[{"href":"https:\/\/mavideniz.com.tr\/tr\/wp-json\/wp\/v2\/types\/page"}],"author":[{"embeddable":true,"href":"https:\/\/mavideniz.com.tr\/tr\/wp-json\/wp\/v2\/users\/1"}],"replies":[{"embeddable":true,"href":"https:\/\/mavideniz.com.tr\/tr\/wp-json\/wp\/v2\/comments?post=27048"}],"version-history":[{"count":0,"href":"https:\/\/mavideniz.com.tr\/tr\/wp-json\/wp\/v2\/pages\/27048\/revisions"}],"up":[{"embeddable":true,"href":"https:\/\/mavideniz.com.tr\/tr\/wp-json\/wp\/v2\/pages\/27035"}],"wp:attachment":[{"href":"https:\/\/mavideniz.com.tr\/tr\/wp-json\/wp\/v2\/media?parent=27048"}],"curies":[{"name":"wp","href":"https:\/\/api.w.org\/{rel}","templated":true}]}}