{"id":27052,"date":"2021-09-27T19:14:52","date_gmt":"2021-09-27T19:14:52","guid":{"rendered":"https:\/\/mavideniz.com.tr\/?page_id=27052"},"modified":"2023-03-20T00:20:01","modified_gmt":"2023-03-20T00:20:01","slug":"nehir-cop-bariyeri","status":"publish","type":"page","link":"https:\/\/mavideniz.com.tr\/tr\/urunler\/yuzer-bariyer-bom\/yuzen-cop-bariyerleri\/nehir-cop-bariyeri\/","title":{"rendered":"Nehir \u00c7\u00f6p Bariyeri"},"content":{"rendered":"\n<p>Mavideniz Nehir \u00c7\u00f6p Bariyeri su kirlili\u011fini \u00f6nlemek i\u00e7in tasarlanm\u0131\u015ft\u0131r. \u00c7\u00f6p Bariyeri, at\u0131klar\u0131 ve d\u00f6k\u00fcnt\u00fcleri durduran, kontrol eden ve t\u00fcm y\u00fczen \u00e7\u00f6pleri toplar ve d\u00f6k\u00fcnt\u00fcleri tutar. \u00c7\u00f6p Bariyeri, HES (hidroelektrik santraller), gelgit giri\u015fleri, nehirler, deniz, limanlar ve barajlarda kal\u0131c\u0131 kurulum i\u00e7in idealdir.<\/p>\n<p>Nehir \u00c7\u00f6p Bariyeri, son derece dayan\u0131kl\u0131, az bak\u0131m gerektiren bir bariyerdir. A\u015f\u0131nma, UV, ya\u011f ve deniz bozulmas\u0131n\u0131n sert etkilerine dayanacak sa\u011flam malzemeler \u00fcretin. A\u011f\u0131r hizmet tipi HDPE a\u011flar\u0131, \u00e7\u00f6plerin nihai olarak durdurulmas\u0131n\u0131 ve su seviyesinin alt\u0131nda artan y\u00fcksekli\u011fi sa\u011flamak i\u00e7in alt\u0131na eklenebilir. Kur\u015fun a\u011f\u0131rl\u0131klar\u0131 balast \u00e7\u00f6p\u00fc Bariyeri veya galvanizli zincir, her bir \u015famand\u0131ran\u0131n alt\u0131na yerle\u015ftirilebilir. ASTM Konnekt\u00f6rleri her b\u00f6l\u00fcm\u00fcn sonunda standart olarak verilmektedir.<\/p>\n<p>Nehir \u00c7\u00f6p Bariyeri, kal\u0131pl\u0131 a\u011f\u0131r hizmet polietilen y\u00fczd\u00fcr\u00fcc\u00fc, korozyona dayan\u0131kl\u0131 ba\u011flant\u0131 par\u00e7alar\u0131yla kau\u00e7uk tabanl\u0131 kuma\u015fa ba\u011flan\u0131r. A\u011f\u0131r hizmet tipi y\u00fczd\u00fcr\u00fcc\u00fcler, nihai g\u00fcvenilirlik sa\u011flamak ve y\u00fczd\u00fcrmeyi art\u0131rmak i\u00e7in bir se\u00e7enek olarak k\u00f6p\u00fckle doldurulabilir. Y\u00fczd\u00fcr\u00fcc\u00fclertemizlik i\u00e7in temel kuma\u015ftan s\u00f6k\u00fclebilir ve e\u011fer gerekli hasar varsa y\u00fczd\u00fcr\u00fcc\u00fcler de\u011fi\u015ftirilebilir. Ankraj halkal\u0131 c\u0131vatalar\u0131, y\u00fczd\u00fcr\u00fcc\u00fcler veya u\u00e7 konekt\u00f6rlere biti\u015fik d\u00fczenli aral\u0131klarla sa\u011flanabilir.<\/p>\n<p><strong>\u00d6zellikleri<\/strong><\/p>\n<ul>\n<li>Nehir \u00c7\u00f6p Bariyeri ve Enkaz Boom par\u00e7alar\u0131 ASTM-Z uluslararas\u0131 Standartlar\u0131ndad\u0131r.<\/li>\n<li>Nehir \u00e7\u00f6p bariyeri suya ve g\u00fcne\u015f \u0131\u015f\u0131\u011f\u0131na kar\u015f\u0131 olduk\u00e7a dayan\u0131kl\u0131d\u0131r.<\/li>\n<li>Kur\u015fun a\u011f\u0131rl\u0131klar Bariyerin alt\u0131ndad\u0131r.<\/li>\n<li>\u00c7\u00f6p Bariyerleri, Suyun Y\u00fcksek &#8211; Gelgit ve Al\u00e7ak Gelgit nedeniyle hareket edebilir.<\/li>\n<li>Kau\u00e7uktan yap\u0131lm\u0131\u015f bariyer malzemesi<\/li>\n<li>Bariyer malzemesinin \u00e7ekme mukavemeti 400 kg\/cm&#8217;dir.<\/li>\n<li>A\u015f\u0131r\u0131 at\u0131k durumlar\u0131 i\u00e7in, \u00d6zel y\u00fcksek gerilimli \u00e7elik tel<\/li>\n<\/ul>\n<div class=\"wptm_table tablesorter-bootstrap \" data-id=\"40\" data-hightlight=\"0\"><div class=\"wptm_buttons buttons_wptmTbl40\"><\/div><div class=\"wptmresponsive dataTables-wptmtable wptmtable \" id=\"wptmtable40\" data-tableid=\"wptmTbl40\"><table data-count-header=\"1\"  data-format-decimal_count=\"0\" data-format-decimal_symbol=\".\" data-format-symbol_position=\"0\" data-format-thousand_symbol=\",\"  data-format-currency_symbol=\"$\"  data-name-style=\"40_1759661875.css\" data-format=\"YYYY-MM-DD\" id=\"wptmTbl40\" data-id=\"40\" data-responsive=\"false\" data-hideCols=\"false\"  data-type=\"html\" data-paging=\"false\" data-searching=\"true\"  data-ordering=\"false\" data-table-breakpoint=\"980\" data-scroll-x=\"true\" data-scroll-collapse=\"true\" data-align=\"center\" data-range=\"[]\" data-hideColumn=\"[0,0,0,0]\"  data-colwidths=\"[285,285,285,285]\"  data-colwidths_desktop=[]  data-colwidths_tablet=[]  data-colwidths_mobile=[]  class=\"wptm_main_table  disablePager hideScrollHeader\"><colgroup><col data-dtr=\"0\" data-dtc=\"0\" class=\"dtc0\"><col data-dtr=\"0\" data-dtc=\"1\" class=\"dtc1\"><col data-dtr=\"0\" data-dtc=\"2\" class=\"dtc2\"><col data-dtr=\"0\" data-dtc=\"3\" class=\"dtc3\"><\/colgroup><thead><tr class=\"wptm-header-cells-index\"><th rowspan=\"1\" colspan=\"1\" data-dtr=\"0\" data-dtc=\"0\" class=\"dtr0 dtc0\"><\/th><th rowspan=\"1\" colspan=\"1\" data-dtr=\"0\" data-dtc=\"1\" class=\"dtr0 dtc1\"><\/th><th rowspan=\"1\" colspan=\"1\" data-dtr=\"0\" data-dtc=\"2\" class=\"dtr0 dtc2\"><\/th><th rowspan=\"1\" colspan=\"1\" data-dtr=\"0\" data-dtc=\"3\" class=\"dtr0 dtc3\"><\/th><\/tr><tr class=\" row0\"><th   data-priority=\"0\" class=\"dtr0 dtc0\"><\/th><th   data-priority=\"0\" class=\"dtr0 dtc1\">River Trash Barrier 500<\/th><th   data-priority=\"0\" class=\"dtr0 dtc2\">River Trash Barrier 800<\/th><th   data-priority=\"0\" class=\"dtr0 dtc3\">River Trash Barrier 1000<\/th><\/thead><tbody><tr class=\" row1\"><td    class=\"dtr1 dtc0\">Overall height<\/td><td    class=\"dtr1 dtc1\">500 mm<\/td><td    class=\"dtr1 dtc2\">800 mm<\/td><td    class=\"dtr1 dtc3\">1000 mm<\/td><\/tr><tr class=\" row2\"><td    class=\"dtr2 dtc0\">Freeboard<\/td><td    class=\"dtr2 dtc1\">200 mm<\/td><td    class=\"dtr2 dtc2\">250 mm<\/td><td    class=\"dtr2 dtc3\">300 mm<\/td><\/tr><tr class=\" row3\"><td    class=\"dtr3 dtc0\">Draft<\/td><td    class=\"dtr3 dtc1\">300 mm<\/td><td    class=\"dtr3 dtc2\">550 mm<\/td><td    class=\"dtr3 dtc3\">700 mm<\/td><\/tr><tr class=\" row4\"><td    class=\"dtr4 dtc0\">Section Length<\/td><td    class=\"dtr4 dtc1\">25 m<\/td><td    class=\"dtr4 dtc2\">25 m<\/td><td    class=\"dtr4 dtc3\">25 m<\/td><\/tr><tr class=\" row5\"><td    class=\"dtr5 dtc0\">Fabric Tensile Strength<\/td><td    class=\"dtr5 dtc1\">400 N \/ mm<\/td><td    class=\"dtr5 dtc2\">400 N \/ mm<\/td><td    class=\"dtr5 dtc3\">400 N \/ mm<\/td><\/tr><tr class=\" row6\"><td    class=\"dtr6 dtc0\">Fabric Type<\/td><td    class=\"dtr6 dtc1\">Heavy-Duty Rubber<\/td><td    class=\"dtr6 dtc2\">Heavy-Duty Rubber<\/td><td    class=\"dtr6 dtc3\">Heavy-Duty Rubber<\/td><\/tr><tr class=\" row7\"><td    class=\"dtr7 dtc0\">Fabric Color<\/td><td    class=\"dtr7 dtc1\">Black<\/td><td    class=\"dtr7 dtc2\">Black<\/td><td    class=\"dtr7 dtc3\">Black<\/td><\/tr><tr class=\" row8\"><td    class=\"dtr8 dtc0\">Flotation Color <\/td><td    class=\"dtr8 dtc1\">Yellow \/ Orange \/ Red<\/td><td    class=\"dtr8 dtc2\">Yellow \/ Orange \/ Red<\/td><td    class=\"dtr8 dtc3\">Yellow \/ Orange \/ Red<\/td><\/tr><tr class=\" row9\"><td    class=\"dtr9 dtc0\">Ballast<\/td><td    class=\"dtr9 dtc1\">Galvanized Chain<\/td><td    class=\"dtr9 dtc2\">Galvanized Chain<\/td><td    class=\"dtr9 dtc3\">Galvanized Chain<\/td><\/tr><tr class=\" row10\"><td    class=\"dtr10 dtc0\">Connector<\/td><td    class=\"dtr10 dtc1\">ASTM Z<\/td><td    class=\"dtr10 dtc2\">ASTM Z<\/td><td    class=\"dtr10 dtc3\">ASTM Z<\/td><\/tr><\/tbody><tfoot><tr><td class=\"dtr10 dtc0\" style=\"height: 0;\"><\/td><td class=\"dtr10 dtc1\" style=\"height: 0;\"><\/td><td class=\"dtr10 dtc2\" style=\"height: 0;\"><\/td><td class=\"dtr10 dtc3\" style=\"height: 0;\"><\/td><\/tr><\/tfoot><\/table><\/div><style>#wptmtable40 .dataTables_wrapper > .dataTables_scroll {max-height:500px;overflow: auto;}<\/style><script>window.wptm_ajaxurl = 'https:\/\/mavideniz.com.tr\/wp-admin\/admin-ajax.php?juwpfisadmin=false&action=Wptm&'; window.wptm_front = 'https:\/\/mavideniz.com.tr\/wp-content\/plugins\/wp-table-manager\/app\/site\/assets\/'; window.wptm_style = 'https:\/\/mavideniz.com.tr\/wp-content\/uploads\/wptm\/';<\/script><\/div><style><\/style>\n","protected":false},"excerpt":{"rendered":"<p>Mavideniz Nehir \u00c7\u00f6p Bariyeri su kirlili\u011fini \u00f6nlemek i\u00e7in tasarlanm\u0131\u015ft\u0131r. \u00c7\u00f6p Bariyeri, at\u0131klar\u0131 ve d\u00f6k\u00fcnt\u00fcleri durduran, kontrol eden ve t\u00fcm y\u00fczen [&hellip;]<\/p>\n","protected":false},"author":1,"featured_media":0,"parent":27035,"menu_order":0,"comment_status":"closed","ping_status":"closed","template":"","meta":{"site-sidebar-layout":"default","site-content-layout":"","ast-site-content-layout":"default","site-content-style":"default","site-sidebar-style":"default","ast-global-header-display":"","ast-banner-title-visibility":"","ast-main-header-display":"","ast-hfb-above-header-display":"","ast-hfb-below-header-display":"","ast-hfb-mobile-header-display":"","site-post-title":"","ast-breadcrumbs-content":"","ast-featured-img":"","footer-sml-layout":"","ast-disable-related-posts":"","theme-transparent-header-meta":"","adv-header-id-meta":"","stick-header-meta":"","header-above-stick-meta":"","header-main-stick-meta":"","header-below-stick-meta":"","astra-migrate-meta-layouts":"default","ast-page-background-enabled":"default","ast-page-background-meta":{"desktop":{"background-color":"var(--ast-global-color-5)","background-image":"","background-repeat":"repeat","background-position":"center center","background-size":"auto","background-attachment":"scroll","background-type":"","background-media":"","overlay-type":"","overlay-color":"","overlay-opacity":"","overlay-gradient":""},"tablet":{"background-color":"","background-image":"","background-repeat":"repeat","background-position":"center center","background-size":"auto","background-attachment":"scroll","background-type":"","background-media":"","overlay-type":"","overlay-color":"","overlay-opacity":"","overlay-gradient":""},"mobile":{"background-color":"","background-image":"","background-repeat":"repeat","background-position":"center center","background-size":"auto","background-attachment":"scroll","background-type":"","background-media":"","overlay-type":"","overlay-color":"","overlay-opacity":"","overlay-gradient":""}},"ast-content-background-meta":{"desktop":{"background-color":"var(--ast-global-color-4)","background-image":"","background-repeat":"repeat","background-position":"center center","background-size":"auto","background-attachment":"scroll","background-type":"","background-media":"","overlay-type":"","overlay-color":"","overlay-opacity":"","overlay-gradient":""},"tablet":{"background-color":"var(--ast-global-color-4)","background-image":"","background-repeat":"repeat","background-position":"center center","background-size":"auto","background-attachment":"scroll","background-type":"","background-media":"","overlay-type":"","overlay-color":"","overlay-opacity":"","overlay-gradient":""},"mobile":{"background-color":"var(--ast-global-color-4)","background-image":"","background-repeat":"repeat","background-position":"center center","background-size":"auto","background-attachment":"scroll","background-type":"","background-media":"","overlay-type":"","overlay-color":"","overlay-opacity":"","overlay-gradient":""}},"footnotes":""},"class_list":["post-27052","page","type-page","status-publish","hentry"],"_links":{"self":[{"href":"https:\/\/mavideniz.com.tr\/tr\/wp-json\/wp\/v2\/pages\/27052","targetHints":{"allow":["GET"]}}],"collection":[{"href":"https:\/\/mavideniz.com.tr\/tr\/wp-json\/wp\/v2\/pages"}],"about":[{"href":"https:\/\/mavideniz.com.tr\/tr\/wp-json\/wp\/v2\/types\/page"}],"author":[{"embeddable":true,"href":"https:\/\/mavideniz.com.tr\/tr\/wp-json\/wp\/v2\/users\/1"}],"replies":[{"embeddable":true,"href":"https:\/\/mavideniz.com.tr\/tr\/wp-json\/wp\/v2\/comments?post=27052"}],"version-history":[{"count":0,"href":"https:\/\/mavideniz.com.tr\/tr\/wp-json\/wp\/v2\/pages\/27052\/revisions"}],"up":[{"embeddable":true,"href":"https:\/\/mavideniz.com.tr\/tr\/wp-json\/wp\/v2\/pages\/27035"}],"wp:attachment":[{"href":"https:\/\/mavideniz.com.tr\/tr\/wp-json\/wp\/v2\/media?parent=27052"}],"curies":[{"name":"wp","href":"https:\/\/api.w.org\/{rel}","templated":true}]}}