{"id":27156,"date":"2021-10-03T13:41:44","date_gmt":"2021-10-03T13:41:44","guid":{"rendered":"https:\/\/mavideniz.com.tr\/?page_id=27156"},"modified":"2021-11-12T18:25:30","modified_gmt":"2021-11-12T18:25:30","slug":"coklu-yag-siyirici-firca-disk-tambur-yivli-2","status":"publish","type":"page","link":"https:\/\/mavideniz.com.tr\/tr\/urunler\/petrol-yag-siyirici\/coklu-yag-siyirici-firca-disk-tambur-yivli-2\/","title":{"rendered":"\u00c7oklu Ya\u011f S\u0131y\u0131r\u0131c\u0131 | F\u0131r\u00e7a + Disk + Tambur + Yivli"},"content":{"rendered":"\n<p>\u00c7oklu Petrol + Ya\u011f S\u0131y\u0131r\u0131c\u0131, sakin ve sert hava ko\u015fullar\u0131nda su \u00fczerinde y\u00fczen bir petrolden 5 &#8211; 300 m3\/h aral\u0131\u011f\u0131nda orta ila y\u00fcksek viskoziteli petrol s\u0131z\u0131nt\u0131s\u0131, petrol ve petrol em\u00fclsiyonlar\u0131n\u0131 geri kazanmak i\u00e7in tasarlanm\u0131\u015ft\u0131r. \u00c7oklu Petrol + Ya\u011f S\u0131y\u0131r\u0131c\u0131, mekanik geri kazan\u0131m cihazlar\u0131n\u0131n en yayg\u0131n t\u00fcrlerinden biri olan d\u00f6ner oleofilik bir \u00c7oklu Petrol + Ya\u011f S\u0131y\u0131r\u0131c\u0131d\u0131r. Petrol + Ya\u011f S\u0131y\u0131r\u0131c\u0131, ya\u011f\u0131n d\u00f6nen bir s\u0131y\u0131r\u0131c\u0131 y\u00fczeyine yap\u0131\u015fmas\u0131na dayan\u0131r. (F\u0131r\u00e7a + Disk + Tambur) D\u00f6nen y\u00fczey, ya\u011f\u0131 sudan bir ya\u011f \u00e7\u0131karma s\u0131y\u0131r\u0131c\u0131s\u0131na kald\u0131r\u0131r.<\/p>\n<p>\u00c7oklu Ya\u011f S\u0131y\u0131r\u0131c\u0131 Sistemi Standart \u00fcniteler, bir s\u0131y\u0131r\u0131c\u0131 ba\u015fl\u0131\u011f\u0131, pompa \u00fcnitesi, hidrolik ve transfer hortumlar\u0131 ve hidrolik g\u00fc\u00e7 paketi ile tamamlanm\u0131\u015ft\u0131r. Hidrolik, pn\u00f6matik, dizel-elektrik motorlar\u0131 onlar\u0131 \u00e7al\u0131\u015ft\u0131rabilir.<\/p>\n<p>\u00c7oklu Petrol + Ya\u011f S\u0131y\u0131r\u0131c\u0131 uzaktan \u00e7al\u0131\u015ft\u0131rma m\u00fcmk\u00fcnd\u00fcr. Telsiz uzaktan kumanda sistemi + S\u00fcrekli kendi kendine y\u00fczen g\u00f6bek + hidrolik iticiler ile Ya\u011f S\u0131y\u0131r\u0131c\u0131, 150 metreye kadar operasyonel hareket kabiliyeti kazan\u0131r.<\/p>\n<p><strong>\u00c7oklu Ya\u011f S\u0131y\u0131r\u0131c\u0131 &#8211; S\u0131y\u0131r\u0131c\u0131 Ba\u015fl\u0131kl\u0131 Tip<\/strong><\/p>\n<ul>\n<li><strong>Disk S\u0131y\u0131r\u0131c\u0131<\/strong><br \/>\nDiskler, ya\u011f tabakas\u0131n\u0131n i\u00e7inden a\u015fa\u011f\u0131 do\u011fru d\u00f6nd\u00fcr\u00fcld\u00fc ve diskler \u00fczerinde toplanan ya\u011f, diskler aras\u0131ndaki s\u0131y\u0131r\u0131c\u0131lar kullan\u0131larak \u00e7\u0131kar\u0131ld\u0131. Ya\u011f, disklerden, s\u0131y\u0131r\u0131c\u0131lardan a\u015fa\u011f\u0131 ve bir pompan\u0131n ya\u011f\u0131 toplama tanklar\u0131na bo\u015faltt\u0131\u011f\u0131 bir tanka akt\u0131.<\/li>\n<li><strong>Tambur S\u0131y\u0131r\u0131c\u0131<\/strong><br \/>\nVariller, ya\u011f tabakas\u0131n\u0131n i\u00e7inden a\u015fa\u011f\u0131 do\u011fru d\u00f6nd\u00fc ve variller \u00fczerinde toplanan ya\u011f, s\u0131y\u0131r\u0131c\u0131lar kullan\u0131larak \u00e7\u0131kar\u0131ld\u0131. Ya\u011f, silicilerden bir pompan\u0131n ya\u011f\u0131 toplama tanklar\u0131na bo\u015faltt\u0131\u011f\u0131 bir tanka akt\u0131.<\/li>\n<li><strong style=\"font-size: inherit;\">F\u0131r\u00e7a S\u0131y\u0131r\u0131c\u0131<br \/>\n<\/strong>F\u0131r\u00e7alar, ya\u011f tabakas\u0131n\u0131n i\u00e7inden a\u015fa\u011f\u0131 do\u011fru d\u00f6nd\u00fc ve disklerde toplanan ya\u011f, s\u0131y\u0131r\u0131c\u0131lar kullan\u0131larak \u00e7\u0131kar\u0131ld\u0131 ve ya\u011f, bir pompan\u0131n ya\u011f\u0131 toplama tanklar\u0131na bo\u015faltt\u0131\u011f\u0131 bir tanka akt\u0131.<\/li>\n<li><strong style=\"font-size: inherit;\">Yivli S\u0131y\u0131r\u0131c\u0131<br \/>\n<\/strong>Yivli tamburlar, ya\u011f tabakas\u0131n\u0131n i\u00e7inden a\u015fa\u011f\u0131 do\u011fru d\u00f6nm\u00fc\u015ft\u00fcr ve variller \u00fczerinde biriken ya\u011f, s\u0131y\u0131r\u0131c\u0131lar kullan\u0131larak uzakla\u015ft\u0131r\u0131lm\u0131\u015ft\u0131r. Ya\u011f, silicilerden bir tanka akt\u0131, burada bir pompa, ya\u011f\u0131 toplama tanklar\u0131na bo\u015faltt\u0131.<\/li>\n<\/ul>\n<p><strong>\u00c7oklu Ya\u011f S\u0131y\u0131r\u0131c\u0131 &#8211; Ya\u011f S\u0131y\u0131r\u0131c\u0131 Uygulamalar\u0131 \u00fc\u00e7 gruba ayr\u0131l\u0131r;<\/strong><\/p>\n<ul>\n<li><strong>A\u00e7\u0131k Deniz Petrol S\u0131z\u0131nt\u0131s\u0131<\/strong><br \/>\nPetrol\u00fc a\u00e7\u0131k denizden ve a\u00e7\u0131k denizden ay\u0131ran ve ay\u0131ran y\u00fcksek kapasiteli y\u00fczer ya\u011f s\u0131y\u0131r\u0131c\u0131<\/li>\n<li><strong>\u0130\u00e7 Sular + K\u0131y\u0131 Sular\u0131 Petrol S\u0131z\u0131nt\u0131s\u0131<\/strong><br \/>\nPetrol\u00fc i\u00e7 sulardan ve k\u0131y\u0131 sular\u0131ndan ay\u0131ran ve ay\u0131ran y\u00fcksek veya d\u00fc\u015f\u00fck kapasiteli y\u00fczer ya\u011f s\u0131y\u0131r\u0131c\u0131<\/li>\n<li><strong>End\u00fcstriyel Ya\u011f S\u0131y\u0131rma<\/strong><br \/>\ngibi tehlikeli ve a\u015f\u0131nd\u0131r\u0131c\u0131 ortamlarda \u00fcretim ve i\u015fleme faaliyetlerinden at\u0131k su y\u00f6netimine kadar \u00e7e\u015fitli end\u00fcstriyel ortamlarda s\u00fcz\u00fclen ve ayr\u0131lan y\u00fcksek veya d\u00fc\u015f\u00fck kapasiteli y\u00fczer ya\u011f s\u0131y\u0131r\u0131c\u0131<br \/>\n(At\u0131ksu + G\u0131da i\u015fleme + Rafineriler + \u00c7elik Fabrikalar\u0131 &#8211; \u00d6l\u00e7ek \u00e7ukurlar\u0131 + Bitkisel Ya\u011f \u0130\u015fleme Tesisi + Kimya Tesisi + Ya\u011f \u0130\u015fleme)<\/li>\n<\/ul>\n<p><strong>\u00d6zellikler<\/strong><\/p>\n<ul>\n<li>Okyanusta ve korunan sularda Petrol S\u0131z\u0131nt\u0131s\u0131 operasyonlar\u0131nda kullan\u0131m i\u00e7in idealdir.<\/li>\n<li>ATEX B\u00f6lge 1<\/li>\n<li>Vac Trucks ile kullan\u0131m, end\u00fcstriyel tanklardan, buharla\u015fma \u00e7ukurlar\u0131ndan ve sondaj platformu kuyular\u0131ndan ya\u011f \u00e7\u0131karmak i\u00e7in nehirlerde, g\u00f6llerde, korumal\u0131 sularda Petrol S\u0131z\u0131nt\u0131s\u0131 operasyonlar\u0131 i\u00e7in idealdir.<\/li>\n<li>End\u00fcstriyel ortamlarda s\u0131y\u0131rma i\u00e7in y\u00fcksek kaliteli ekipman<\/li>\n<li>Her ko\u015fulda kullan\u0131m i\u00e7in 3&#8217;\u00fc 1 arada \u00c7oklu Petrol + Ya\u011f S\u0131y\u0131r\u0131c\u0131 kafas\u0131 (Disk Ya\u011f S\u0131y\u0131r\u0131c\u0131, Tambur, Ya\u011f S\u0131y\u0131r\u0131c\u0131, F\u0131r\u00e7a Ya\u011f\u0131 S\u0131y\u0131r\u0131c\u0131)<\/li>\n<li>Y\u00fcksek verimlilik, %98&#8217;e varan geri kazan\u0131m<\/li>\n<li>Sa\u011flam, tamamen al\u00fcminyum yap\u0131, toz boyal\u0131<\/li>\n<li>Kolay \u00e7al\u0131\u015ft\u0131rma ile d\u00fc\u015f\u00fck maliyet<\/li>\n<li>Hafif ve ta\u015f\u0131mas\u0131 kolay<\/li>\n<li>Dizel, gaz, pn\u00f6matik veya elektrikli modeller mevcuttur<\/li>\n<li>80 metreye kadar s\u00fcrekli kendi kendine y\u00fczen g\u00f6bek<\/li>\n<li>Mobil veya R\u00f6mork \u00dcst\u00fc<\/li>\n<li>\u0130ste\u011fe ba\u011fl\u0131 dizel, gaz veya elektrikli hidrolik g\u00fc\u00e7 paketleri, pn\u00f6matik veya elektrik g\u00fcc\u00fc<\/li>\n<\/ul>\n\n","protected":false},"excerpt":{"rendered":"<p>\u00c7oklu Petrol + Ya\u011f S\u0131y\u0131r\u0131c\u0131, sakin ve sert hava ko\u015fullar\u0131nda su \u00fczerinde y\u00fczen bir petrolden 5 &#8211; 300 m3\/h aral\u0131\u011f\u0131nda [&hellip;]<\/p>\n","protected":false},"author":1,"featured_media":0,"parent":27058,"menu_order":0,"comment_status":"closed","ping_status":"closed","template":"","meta":{"site-sidebar-layout":"default","site-content-layout":"","ast-site-content-layout":"default","site-content-style":"default","site-sidebar-style":"default","ast-global-header-display":"","ast-banner-title-visibility":"","ast-main-header-display":"","ast-hfb-above-header-display":"","ast-hfb-below-header-display":"","ast-hfb-mobile-header-display":"","site-post-title":"","ast-breadcrumbs-content":"","ast-featured-img":"","footer-sml-layout":"","ast-disable-related-posts":"","theme-transparent-header-meta":"","adv-header-id-meta":"","stick-header-meta":"","header-above-stick-meta":"","header-main-stick-meta":"","header-below-stick-meta":"","astra-migrate-meta-layouts":"default","ast-page-background-enabled":"default","ast-page-background-meta":{"desktop":{"background-color":"var(--ast-global-color-5)","background-image":"","background-repeat":"repeat","background-position":"center center","background-size":"auto","background-attachment":"scroll","background-type":"","background-media":"","overlay-type":"","overlay-color":"","overlay-opacity":"","overlay-gradient":""},"tablet":{"background-color":"","background-image":"","background-repeat":"repeat","background-position":"center center","background-size":"auto","background-attachment":"scroll","background-type":"","background-media":"","overlay-type":"","overlay-color":"","overlay-opacity":"","overlay-gradient":""},"mobile":{"background-color":"","background-image":"","background-repeat":"repeat","background-position":"center center","background-size":"auto","background-attachment":"scroll","background-type":"","background-media":"","overlay-type":"","overlay-color":"","overlay-opacity":"","overlay-gradient":""}},"ast-content-background-meta":{"desktop":{"background-color":"var(--ast-global-color-4)","background-image":"","background-repeat":"repeat","background-position":"center center","background-size":"auto","background-attachment":"scroll","background-type":"","background-media":"","overlay-type":"","overlay-color":"","overlay-opacity":"","overlay-gradient":""},"tablet":{"background-color":"var(--ast-global-color-4)","background-image":"","background-repeat":"repeat","background-position":"center center","background-size":"auto","background-attachment":"scroll","background-type":"","background-media":"","overlay-type":"","overlay-color":"","overlay-opacity":"","overlay-gradient":""},"mobile":{"background-color":"var(--ast-global-color-4)","background-image":"","background-repeat":"repeat","background-position":"center center","background-size":"auto","background-attachment":"scroll","background-type":"","background-media":"","overlay-type":"","overlay-color":"","overlay-opacity":"","overlay-gradient":""}},"footnotes":""},"class_list":["post-27156","page","type-page","status-publish","hentry"],"_links":{"self":[{"href":"https:\/\/mavideniz.com.tr\/tr\/wp-json\/wp\/v2\/pages\/27156","targetHints":{"allow":["GET"]}}],"collection":[{"href":"https:\/\/mavideniz.com.tr\/tr\/wp-json\/wp\/v2\/pages"}],"about":[{"href":"https:\/\/mavideniz.com.tr\/tr\/wp-json\/wp\/v2\/types\/page"}],"author":[{"embeddable":true,"href":"https:\/\/mavideniz.com.tr\/tr\/wp-json\/wp\/v2\/users\/1"}],"replies":[{"embeddable":true,"href":"https:\/\/mavideniz.com.tr\/tr\/wp-json\/wp\/v2\/comments?post=27156"}],"version-history":[{"count":0,"href":"https:\/\/mavideniz.com.tr\/tr\/wp-json\/wp\/v2\/pages\/27156\/revisions"}],"up":[{"embeddable":true,"href":"https:\/\/mavideniz.com.tr\/tr\/wp-json\/wp\/v2\/pages\/27058"}],"wp:attachment":[{"href":"https:\/\/mavideniz.com.tr\/tr\/wp-json\/wp\/v2\/media?parent=27156"}],"curies":[{"name":"wp","href":"https:\/\/api.w.org\/{rel}","templated":true}]}}