{"id":27166,"date":"2021-10-03T14:37:59","date_gmt":"2021-10-03T14:37:59","guid":{"rendered":"https:\/\/mavideniz.com.tr\/?page_id=27166"},"modified":"2021-11-12T18:33:23","modified_gmt":"2021-11-12T18:33:23","slug":"halatli-paspas-yag-siyirici","status":"publish","type":"page","link":"https:\/\/mavideniz.com.tr\/tr\/urunler\/petrol-yag-siyirici\/halatli-paspas-yag-siyirici\/","title":{"rendered":"Halatl\u0131 Paspas Ya\u011f S\u0131y\u0131r\u0131c\u0131"},"content":{"rendered":"\n<p>Halatl\u0131 Paspas Ya\u011f S\u0131y\u0131r\u0131c\u0131, oleofilik, hidrofobik, fibrillenmi\u015f bir polipropilen ipliktir. Halatl\u0131 Paspas Ya\u011f S\u0131y\u0131r\u0131c\u0131, suyun emilimini reddeder ve t\u00fcm ya\u011flar\u0131 ve y\u00fczen kimyasallar\u0131 \u00e7eker.<\/p>\n<p>Halatl\u0131 Paspas Ya\u011f S\u0131y\u0131r\u0131c\u0131n\u0131n kuma\u015f\u0131, maksimum y\u00fczey alan\u0131 olu\u015fturarak ya\u011f\u0131n ve y\u00fczen kimyasallar\u0131n adsorpsiyonu ve tutulmas\u0131 yoluyla b\u00fcy\u00fck bir geri kazan\u0131m kapasitesi sa\u011flar.<\/p>\n<p>E-Serisi Halat Paspas Ya\u011f S\u0131y\u0131r\u0131c\u0131 nehirlerde, batakl\u0131klarda ve di\u011fer i\u00e7 sularda hafif, orta ve em\u00fclsifiye ya\u011flar\u0131n geri kazan\u0131lmas\u0131 i\u00e7in idealdir.<\/p>\n<p>Uzun \u0130pli Paspas Ya\u011f S\u0131y\u0131r\u0131c\u0131 uzunluklar\u0131 kullan\u0131labilir, bu da ya\u011f\u0131n s\u0131kma \u00fcnitesinden belirli bir mesafede toplanmas\u0131n\u0131 sa\u011flar. Paspas sistemi oleofilik (ya\u011f \u00e7eken) bir sistem oldu\u011fundan, ya\u011fla birlikte sadece k\u00fc\u00e7\u00fck bir su y\u00fczdesi toplan\u0131r.<\/p>\n<p><strong>Paspas<\/strong><\/p>\n<p>Halatl\u0131 Paspas Ya\u011f S\u0131y\u0131r\u0131c\u0131, t\u00fcm ya\u011flar\u0131 ve y\u00fczen kimyasallar\u0131 \u00e7ekebilir. Su y\u00fczeyinde y\u00fczen d\u00f6k\u00fcnt\u00fclerden etkilenmeyen suyu reddeder. Paspas ya\u011f\u0131 s\u0131y\u0131r\u0131c\u0131s\u0131, gerekli herhangi bir uzunlukta yap\u0131labilir. \u0130pli paspas s\u0131y\u0131r\u0131c\u0131s\u0131 ilmekli veya a\u00e7\u0131k u\u00e7lu haz\u0131r hale getirilebilir. 4&#8243;, 6&#8243; 9&#8243; Geni\u015fliklerinde veya paspas filesi \u00fcretmek i\u00e7in tam versiyonu yap\u0131l\u0131r. Halatl\u0131 Paspas Ya\u011f S\u0131y\u0131r\u0131c\u0131, a\u011f\u0131r ya\u011flar i\u00e7in Siyah Mop ve hafif ya\u011flar ve orta viskoziteli ya\u011flar i\u00e7in beyaz paspas olmak \u00fczere iki farkl\u0131 \u00e7e\u015fidi vard\u0131r. kullan\u0131m\u0131 \u00e7ok \u00e7e\u015fitlidir.<\/p>\n<p><strong>\u00d6zellikler<\/strong><\/p>\n<ul>\n<li>\u0130pli Paspas Ya\u011f S\u0131y\u0131r\u0131c\u0131, H\u0131zl\u0131 m\u00fcdahalenin gerekli oldu\u011fu limanlar, limanlar, i\u00e7 k\u0131s\u0131mlar ve k\u0131y\u0131lardaki operasyonlar i\u00e7in idealdir.<\/li>\n<li>5 mm&#8217;nin alt\u0131ndaki ya\u011f filmi kal\u0131nl\u0131klar\u0131nda bile \u00e7ok az serbest su toplay\u0131n.<\/li>\n<li>\u0130stenmeyen serbest su depolama ihtiyac\u0131n\u0131 ortadan kald\u0131ran benzersiz bir Ya\u011f \/ Su ay\u0131r\u0131c\u0131, ya\u011f toplama tank\u0131 ekleyin.<\/li>\n<li>Toplanan az miktardaki serbest su, derhal ya\u011fla kirlenmi\u015f alana geri g\u00f6nderilir.<\/li>\n<li>Pompalara gerek yok; geri kazan\u0131lan petrol normal yer\u00e7ekimi ile beslenir.<\/li>\n<li>Paspas skimmer, gerekirse haftada yedi g\u00fcn, her g\u00fcn 24 saat \u00e7al\u0131\u015fmaya devam edebilir.<\/li>\n<li>Paspas s\u0131y\u0131r\u0131c\u0131s\u0131 uzun s\u00fcre g\u00f6zetimsiz kalabilir.<\/li>\n<\/ul>\n<p><strong>\u0130ste\u011fe ba\u011fl\u0131<\/strong><\/p>\n<ul>\n<li>Y\u00fczer k\u0131lavuz kasnak<\/li>\n<li>Treyler<\/li>\n<li>Daha b\u00fcy\u00fck ya\u011f hazneleri<\/li>\n<li>Otomatik bo\u015faltma pompalar\u0131<\/li>\n<li>Kol sens\u00f6r\u00fc anahtarlar\u0131<\/li>\n<li>Otomatik kapanmalar<\/li>\n<\/ul>\n<div class=\"wptm_table tablesorter-bootstrap \" data-id=\"26\" data-hightlight=\"0\"><div class=\"wptm_buttons buttons_wptmTbl26\"><\/div><div class=\"wptmresponsive dataTables-wptmtable wptmtable \" id=\"wptmtable26\" data-tableid=\"wptmTbl26\"><table data-count-header=\"1\"  data-format-decimal_count=\"0\" data-format-decimal_symbol=\".\" data-format-symbol_position=\"0\" data-format-thousand_symbol=\",\"  data-format-currency_symbol=\"$\"  data-name-style=\"26_1759716957.css\" data-format=\"YYYY-MM-DD\" id=\"wptmTbl26\" data-id=\"26\" data-responsive=\"false\" data-hideCols=\"false\"  data-type=\"html\" data-paging=\"false\" data-searching=\"true\"  data-ordering=\"false\" data-table-breakpoint=\"980\" data-scroll-x=\"true\" data-scroll-collapse=\"true\" data-align=\"center\" data-range=\"[]\" data-hideColumn=\"[0,0,0,0,0,0]\"  data-colwidths=\"[190,190,190,190,190,190]\"  data-colwidths_desktop=[]  data-colwidths_tablet=[]  data-colwidths_mobile=[]  class=\"wptm_main_table  disablePager hideScrollHeader\"><colgroup><col data-dtr=\"0\" data-dtc=\"0\" class=\"dtc0\"><col data-dtr=\"0\" data-dtc=\"1\" class=\"dtc1\"><col data-dtr=\"0\" data-dtc=\"2\" class=\"dtc2\"><col data-dtr=\"0\" data-dtc=\"3\" class=\"dtc3\"><col data-dtr=\"0\" data-dtc=\"4\" class=\"dtc4\"><col data-dtr=\"0\" data-dtc=\"5\" class=\"dtc5\"><\/colgroup><thead><tr class=\"wptm-header-cells-index\"><th rowspan=\"1\" colspan=\"1\" data-dtr=\"0\" data-dtc=\"0\" class=\"dtr0 dtc0\"><\/th><th rowspan=\"1\" colspan=\"1\" data-dtr=\"0\" data-dtc=\"1\" class=\"dtr0 dtc1\"><\/th><th rowspan=\"1\" colspan=\"1\" data-dtr=\"0\" data-dtc=\"2\" class=\"dtr0 dtc2\"><\/th><th rowspan=\"1\" colspan=\"1\" data-dtr=\"0\" data-dtc=\"3\" class=\"dtr0 dtc3\"><\/th><th rowspan=\"1\" colspan=\"1\" data-dtr=\"0\" data-dtc=\"4\" class=\"dtr0 dtc4\"><\/th><th rowspan=\"1\" colspan=\"1\" data-dtr=\"0\" data-dtc=\"5\" class=\"dtr0 dtc5\"><\/th><\/tr><tr class=\" row0\"><th   data-priority=\"0\" class=\"dtr0 dtc0\"><\/th><th   data-priority=\"0\" class=\"dtr0 dtc1\">Mavi Mop 1<\/th><th   data-priority=\"0\" class=\"dtr0 dtc2\">Mavi Mop 5<\/th><th   data-priority=\"0\" class=\"dtr0 dtc3\">Mavi Mop 10<\/th><th   data-priority=\"0\" class=\"dtr0 dtc4\">Mavi Mop 15<\/th><th   data-priority=\"0\" class=\"dtr0 dtc5\">Mavi Mop 20<\/th><\/thead><tbody><tr class=\" row1\"><td    class=\"dtr1 dtc0\">Capacity<\/td><td    class=\"dtr1 dtc1\">0.6 m3\/hr<\/td><td    class=\"dtr1 dtc2\">1.5 m3\/hr<\/td><td    class=\"dtr1 dtc3\">3-5 m3\/hr<\/td><td    class=\"dtr1 dtc4\">12-15 m3\/hr<\/td><td    class=\"dtr1 dtc5\">20 m3\/hr<\/td><\/tr><tr class=\" row2\"><td    class=\"dtr2 dtc0\">Max Mops<\/td><td    class=\"dtr2 dtc1\">1 x 10 cm<\/td><td    class=\"dtr2 dtc2\">1 x 10 cm<\/td><td    class=\"dtr2 dtc3\">1 x 10 cm<\/td><td    class=\"dtr2 dtc4\">2 x 15 cm<\/td><td    class=\"dtr2 dtc5\">2 x 30 cm<\/td><\/tr><tr class=\" row3\"><td    class=\"dtr3 dtc0\">Waste Oil Tank Capacity<\/td><td    class=\"dtr3 dtc1\">-<\/td><td    class=\"dtr3 dtc2\">150 lt<\/td><td    class=\"dtr3 dtc3\">300 lt<\/td><td    class=\"dtr3 dtc4\">400 lt<\/td><td    class=\"dtr3 dtc5\">600 lt<\/td><\/tr><tr class=\" row4\"><td    class=\"dtr4 dtc0\">Waste Oil Tank Material<\/td><td  colspan=\"5\"   class=\"dtr4 dtc1\">Steel (Standard) or Aluminum (Optional)<\/td><td  style=\"display: none\"   class=\"dtr4 dtc2\"><\/td><td  style=\"display: none\"   class=\"dtr4 dtc3\"><\/td><td  style=\"display: none\"   class=\"dtr4 dtc4\"><\/td><td  style=\"display: none\"   class=\"dtr4 dtc5\"><\/td><\/tr><tr class=\" row5\"><td    class=\"dtr5 dtc0\">Oil Types<\/td><td  colspan=\"5\"   class=\"dtr5 dtc1\">Weathered Heavy Oil \/ Separator Sludge \/ Fuel Oil \/ Palm Oil \/ Diesel \/ Bunker \/ Fish Oil and Many Others<\/td><td  style=\"display: none\"   class=\"dtr5 dtc2\"><\/td><td  style=\"display: none\"   class=\"dtr5 dtc3\"><\/td><td  style=\"display: none\"   class=\"dtr5 dtc4\"><\/td><td  style=\"display: none\"   class=\"dtr5 dtc5\"><\/td><\/tr><tr class=\" row6\"><td    class=\"dtr6 dtc0\">Rope Material<\/td><td  colspan=\"5\"   class=\"dtr6 dtc1\">Polypropylene filaments bound together using a nylon strap. Total cord length is 30 m. Cords can be attached to each another. Maximum joined length is 90 m<\/td><td  style=\"display: none\"   class=\"dtr6 dtc2\"><\/td><td  style=\"display: none\"   class=\"dtr6 dtc3\"><\/td><td  style=\"display: none\"   class=\"dtr6 dtc4\"><\/td><td  style=\"display: none\"   class=\"dtr6 dtc5\"><\/td><\/tr><tr class=\" row7\"><td    class=\"dtr7 dtc0\">Construction<\/td><td  colspan=\"5\"   class=\"dtr7 dtc1\">Steel Frame protected with powder-coated paint (Standard) or All-welded marine grade Aluminum (Optional)<\/td><td  style=\"display: none\"   class=\"dtr7 dtc2\"><\/td><td  style=\"display: none\"   class=\"dtr7 dtc3\"><\/td><td  style=\"display: none\"   class=\"dtr7 dtc4\"><\/td><td  style=\"display: none\"   class=\"dtr7 dtc5\"><\/td><\/tr><tr class=\" row8\"><td    class=\"dtr8 dtc0\">Dimensions<\/td><td    class=\"dtr8 dtc1\">0.45 x 045 x 0.45 m<\/td><td    class=\"dtr8 dtc2\">0.45 x 0.53 x 0.53 m<\/td><td    class=\"dtr8 dtc3\">1.08 x 0.46 x 0.69 m<\/td><td    class=\"dtr8 dtc4\">1.76 x 0.82 x 1.22 m<\/td><td    class=\"dtr8 dtc5\">1.83 x 1.12 x 1.3 m<\/td><\/tr><tr class=\" row9\"><td    class=\"dtr9 dtc0\">Weight<\/td><td    class=\"dtr9 dtc1\">30 kg<\/td><td    class=\"dtr9 dtc2\">48 kg<\/td><td    class=\"dtr9 dtc3\">85 kg<\/td><td    class=\"dtr9 dtc4\">470 kg<\/td><td    class=\"dtr9 dtc5\">745 kg<\/td><\/tr><tr class=\" row10\"><td    class=\"dtr10 dtc0\">Drive Options<\/td><td  colspan=\"5\"   class=\"dtr10 dtc1\">Electric \/ Diesel \/ Hydraulic \/ Pneumatic<\/td><td  style=\"display: none\"   class=\"dtr10 dtc2\"><\/td><td  style=\"display: none\"   class=\"dtr10 dtc3\"><\/td><td  style=\"display: none\"   class=\"dtr10 dtc4\"><\/td><td  style=\"display: none\"   class=\"dtr10 dtc5\"><\/td><\/tr><\/tbody><tfoot><tr><td class=\"dtr10 dtc0\" style=\"height: 0;\"><\/td><td class=\"dtr10 dtc1\" style=\"height: 0;\"><\/td><td class=\"dtr10 dtc2\" style=\"height: 0;\"><\/td><td class=\"dtr10 dtc3\" style=\"height: 0;\"><\/td><td class=\"dtr10 dtc4\" style=\"height: 0;\"><\/td><td class=\"dtr10 dtc5\" style=\"height: 0;\"><\/td><\/tr><\/tfoot><\/table><\/div><style>#wptmtable26 .dataTables_wrapper > .dataTables_scroll {max-height:500px;overflow: auto;}<\/style><script>window.wptm_ajaxurl = 'https:\/\/mavideniz.com.tr\/wp-admin\/admin-ajax.php?juwpfisadmin=false&action=Wptm&'; window.wptm_front = 'https:\/\/mavideniz.com.tr\/wp-content\/plugins\/wp-table-manager\/app\/site\/assets\/'; window.wptm_style = 'https:\/\/mavideniz.com.tr\/wp-content\/uploads\/wptm\/';<\/script><\/div><style><\/style>\n","protected":false},"excerpt":{"rendered":"<p>Halatl\u0131 Paspas Ya\u011f S\u0131y\u0131r\u0131c\u0131, oleofilik, hidrofobik, fibrillenmi\u015f bir polipropilen ipliktir. Halatl\u0131 Paspas Ya\u011f S\u0131y\u0131r\u0131c\u0131, suyun emilimini reddeder ve t\u00fcm ya\u011flar\u0131 [&hellip;]<\/p>\n","protected":false},"author":1,"featured_media":0,"parent":27058,"menu_order":0,"comment_status":"closed","ping_status":"closed","template":"","meta":{"site-sidebar-layout":"default","site-content-layout":"","ast-site-content-layout":"default","site-content-style":"default","site-sidebar-style":"default","ast-global-header-display":"","ast-banner-title-visibility":"","ast-main-header-display":"","ast-hfb-above-header-display":"","ast-hfb-below-header-display":"","ast-hfb-mobile-header-display":"","site-post-title":"","ast-breadcrumbs-content":"","ast-featured-img":"","footer-sml-layout":"","ast-disable-related-posts":"","theme-transparent-header-meta":"","adv-header-id-meta":"","stick-header-meta":"","header-above-stick-meta":"","header-main-stick-meta":"","header-below-stick-meta":"","astra-migrate-meta-layouts":"default","ast-page-background-enabled":"default","ast-page-background-meta":{"desktop":{"background-color":"var(--ast-global-color-5)","background-image":"","background-repeat":"repeat","background-position":"center center","background-size":"auto","background-attachment":"scroll","background-type":"","background-media":"","overlay-type":"","overlay-color":"","overlay-opacity":"","overlay-gradient":""},"tablet":{"background-color":"","background-image":"","background-repeat":"repeat","background-position":"center center","background-size":"auto","background-attachment":"scroll","background-type":"","background-media":"","overlay-type":"","overlay-color":"","overlay-opacity":"","overlay-gradient":""},"mobile":{"background-color":"","background-image":"","background-repeat":"repeat","background-position":"center center","background-size":"auto","background-attachment":"scroll","background-type":"","background-media":"","overlay-type":"","overlay-color":"","overlay-opacity":"","overlay-gradient":""}},"ast-content-background-meta":{"desktop":{"background-color":"var(--ast-global-color-4)","background-image":"","background-repeat":"repeat","background-position":"center center","background-size":"auto","background-attachment":"scroll","background-type":"","background-media":"","overlay-type":"","overlay-color":"","overlay-opacity":"","overlay-gradient":""},"tablet":{"background-color":"var(--ast-global-color-4)","background-image":"","background-repeat":"repeat","background-position":"center center","background-size":"auto","background-attachment":"scroll","background-type":"","background-media":"","overlay-type":"","overlay-color":"","overlay-opacity":"","overlay-gradient":""},"mobile":{"background-color":"var(--ast-global-color-4)","background-image":"","background-repeat":"repeat","background-position":"center center","background-size":"auto","background-attachment":"scroll","background-type":"","background-media":"","overlay-type":"","overlay-color":"","overlay-opacity":"","overlay-gradient":""}},"footnotes":""},"class_list":["post-27166","page","type-page","status-publish","hentry"],"_links":{"self":[{"href":"https:\/\/mavideniz.com.tr\/tr\/wp-json\/wp\/v2\/pages\/27166","targetHints":{"allow":["GET"]}}],"collection":[{"href":"https:\/\/mavideniz.com.tr\/tr\/wp-json\/wp\/v2\/pages"}],"about":[{"href":"https:\/\/mavideniz.com.tr\/tr\/wp-json\/wp\/v2\/types\/page"}],"author":[{"embeddable":true,"href":"https:\/\/mavideniz.com.tr\/tr\/wp-json\/wp\/v2\/users\/1"}],"replies":[{"embeddable":true,"href":"https:\/\/mavideniz.com.tr\/tr\/wp-json\/wp\/v2\/comments?post=27166"}],"version-history":[{"count":0,"href":"https:\/\/mavideniz.com.tr\/tr\/wp-json\/wp\/v2\/pages\/27166\/revisions"}],"up":[{"embeddable":true,"href":"https:\/\/mavideniz.com.tr\/tr\/wp-json\/wp\/v2\/pages\/27058"}],"wp:attachment":[{"href":"https:\/\/mavideniz.com.tr\/tr\/wp-json\/wp\/v2\/media?parent=27166"}],"curies":[{"name":"wp","href":"https:\/\/api.w.org\/{rel}","templated":true}]}}