{"id":27171,"date":"2021-10-03T15:24:05","date_gmt":"2021-10-03T15:24:05","guid":{"rendered":"https:\/\/mavideniz.com.tr\/?page_id=27171"},"modified":"2021-11-12T18:33:45","modified_gmt":"2021-11-12T18:33:45","slug":"vakumlu-yag-siyirici","status":"publish","type":"page","link":"https:\/\/mavideniz.com.tr\/tr\/urunler\/petrol-yag-siyirici\/vakumlu-yag-siyirici\/","title":{"rendered":"Vakumlu Ya\u011f S\u0131y\u0131r\u0131c\u0131"},"content":{"rendered":"\n<p>Mavi Deniz S\u0131\u011f Su Ya\u011f Emi\u015fli Vakumlu S\u0131y\u0131r\u0131c\u0131, s\u0131\u011f sular veya b\u00fcy\u00fck s\u0131y\u0131r\u0131c\u0131lar\u0131n imkans\u0131z oldu\u011fu alanlar i\u00e7in ideal olan sa\u011flam, hafif bir S\u0131y\u0131r\u0131c\u0131 ba\u015fl\u0131\u011f\u0131d\u0131r.<\/p>\n<p>S\u0131\u011f Su Emme Ya\u011f S\u0131y\u0131r\u0131c\u0131, pompa\/ya\u011f tipine ve viskoziteye ba\u011fl\u0131 olarak saatte 30 tona kadar geri kazanabilen serbest y\u00fczer bir emme kafas\u0131d\u0131r.<\/p>\n<p>Mavi Deniz Vakumlu S\u0131y\u0131r\u0131c\u0131, Mini Vac veya Mavi Vac \u00e7ekilir monteli mobil vakum \u00fcniteleri gibi herhangi bir emme pompas\u0131 veya vakum \u00fcnitesi i\u00e7in hafif uyum sa\u011flayan benzersiz bir savak emme kafas\u0131d\u0131r. Kolay manevra ve kullan\u0131m\u0131 kolay, ayr\u0131ca d\u00fcz \u015fekliyle deniz s\u00fcp\u00fcr\u00fcc\u00fc, iskele alt\u0131 ve iskeleler gibi \u00e7ok eri\u015filemeyen alanlarda \u00e7al\u0131\u015fabilir.<\/p>\n<p>Skimmer kafalar\u0131 7 cm kadar az suda \u00e7al\u0131\u015fabilir.<\/p>\n<p>Hafif yap\u0131s\u0131, S\u0131\u011f Su Emme Ya\u011fl\u0131 S\u0131y\u0131r\u0131c\u0131y\u0131 \u00f6zellikle plaj temizli\u011fi, k\u0131y\u0131 \u015feridi operasyonlar\u0131, iskeleler ve iskelelerin yan\u0131 s\u0131ra g\u00f6ller, g\u00f6letler, limanlar, limanlar, nehirler ve i\u00e7 sular i\u00e7in de\u011ferli k\u0131lar.<\/p>\n<p><strong>\u00d6zellikleri<\/strong><\/p>\n<ul>\n<li>Emme Ya\u011f S\u0131y\u0131r\u0131c\u0131 H\u0131zl\u0131 m\u00fcdahalenin gerekli oldu\u011fu limanlar, limanlar, i\u00e7 ve k\u0131y\u0131 operasyonlar\u0131 i\u00e7in idealdir<\/li>\n<li>Vakumlu Ya\u011f S\u0131y\u0131r\u0131c\u0131 3 in\u00e7lik s\u0131\u011f suda \u00e7al\u0131\u015fabilir Kolayca monte edilir, \u00e7al\u0131\u015ft\u0131r\u0131l\u0131r ve bak\u0131m\u0131 yap\u0131l\u0131r<\/li>\n<li>Dizel, gaz, pn\u00f6matik veya elektrikli pompa sistemleri mevcuttur<\/li>\n<\/ul>\n<p><strong>\u0130ste\u011fe ba\u011fl\u0131<\/strong><\/p>\n<ul>\n<li>122 x 5 cm uzatma borusu<\/li>\n<li>Emme hortumu<\/li>\n<li>Pompa<\/li>\n<li>G\u00fc\u00e7 paketi<\/li>\n<\/ul>\n<div class=\"wptm_table tablesorter-bootstrap \" data-id=\"27\" data-hightlight=\"0\"><div class=\"wptm_buttons buttons_wptmTbl27\"><\/div><div class=\"wptmresponsive dataTables-wptmtable wptmtable \" id=\"wptmtable27\" data-tableid=\"wptmTbl27\"><table data-count-header=\"1\"  data-format-decimal_count=\"0\" data-format-decimal_symbol=\".\" data-format-symbol_position=\"0\" data-format-thousand_symbol=\",\"  data-format-currency_symbol=\"$\"  data-name-style=\"27_1759717023.css\" data-format=\"YYYY-MM-DD\" id=\"wptmTbl27\" data-id=\"27\" data-responsive=\"false\" data-hideCols=\"false\"  data-type=\"html\" data-paging=\"false\" data-searching=\"true\"  data-ordering=\"false\" data-table-breakpoint=\"980\" data-scroll-x=\"true\" data-scroll-collapse=\"true\" data-align=\"center\" data-range=\"[]\" data-hideColumn=\"[0,0,0,0]\"  data-colwidths=\"[285,285,285,285]\"  data-colwidths_desktop=[]  data-colwidths_tablet=[]  data-colwidths_mobile=[]  class=\"wptm_main_table  disablePager hideScrollHeader\"><colgroup><col data-dtr=\"0\" data-dtc=\"0\" class=\"dtc0\"><col data-dtr=\"0\" data-dtc=\"1\" class=\"dtc1\"><col data-dtr=\"0\" data-dtc=\"2\" class=\"dtc2\"><col data-dtr=\"0\" data-dtc=\"3\" class=\"dtc3\"><\/colgroup><thead><tr class=\"wptm-header-cells-index\"><th rowspan=\"1\" colspan=\"1\" data-dtr=\"0\" data-dtc=\"0\" class=\"dtr0 dtc0\"><\/th><th rowspan=\"1\" colspan=\"1\" data-dtr=\"0\" data-dtc=\"1\" class=\"dtr0 dtc1\"><\/th><th rowspan=\"1\" colspan=\"1\" data-dtr=\"0\" data-dtc=\"2\" class=\"dtr0 dtc2\"><\/th><th rowspan=\"1\" colspan=\"1\" data-dtr=\"0\" data-dtc=\"3\" class=\"dtr0 dtc3\"><\/th><\/tr><tr class=\" row0\"><th   data-priority=\"0\" class=\"dtr0 dtc0\"><\/th><th   data-priority=\"0\" class=\"dtr0 dtc1\">Mavi Weir 30<\/th><th   data-priority=\"0\" class=\"dtr0 dtc2\">Mavi Weir 20<\/th><th   data-priority=\"0\" class=\"dtr0 dtc3\">Mavi Weir 10<\/th><\/thead><tbody><tr class=\" row1\"><td    class=\"dtr1 dtc0\">Oil Recovery Capacity<\/td><td    class=\"dtr1 dtc1\">30 m3\/hr<\/td><td    class=\"dtr1 dtc2\">20 m3\/hr<\/td><td    class=\"dtr1 dtc3\">10 m3\/hr<\/td><\/tr><tr class=\" row2\"><td    class=\"dtr2 dtc0\">Skimmer Material<\/td><td    class=\"dtr2 dtc1\">Aluminium<\/td><td    class=\"dtr2 dtc2\">Aluminium<\/td><td    class=\"dtr2 dtc3\">Aluminium<\/td><\/tr><tr class=\" row3\"><td    class=\"dtr3 dtc0\">Dimentions<\/td><td    class=\"dtr3 dtc1\">158 cm x 88 cm x 9 cm<\/td><td    class=\"dtr3 dtc2\">158 cm x 88 cm x 9 cm<\/td><td    class=\"dtr3 dtc3\">158 cm x 88 cm x 9 cm<\/td><\/tr><tr class=\" row4\"><td    class=\"dtr4 dtc0\">Weight<\/td><td    class=\"dtr4 dtc1\">7 kg<\/td><td    class=\"dtr4 dtc2\">7 kg<\/td><td    class=\"dtr4 dtc3\">7 kg<\/td><\/tr><\/tbody><tfoot><tr><td class=\"dtr4 dtc0\" style=\"height: 0;\"><\/td><td class=\"dtr4 dtc1\" style=\"height: 0;\"><\/td><td class=\"dtr4 dtc2\" style=\"height: 0;\"><\/td><td class=\"dtr4 dtc3\" style=\"height: 0;\"><\/td><\/tr><\/tfoot><\/table><\/div><style>#wptmtable27 .dataTables_wrapper > .dataTables_scroll {max-height:500px;overflow: auto;}<\/style><script>window.wptm_ajaxurl = 'https:\/\/mavideniz.com.tr\/wp-admin\/admin-ajax.php?juwpfisadmin=false&action=Wptm&'; window.wptm_front = 'https:\/\/mavideniz.com.tr\/wp-content\/plugins\/wp-table-manager\/app\/site\/assets\/'; window.wptm_style = 'https:\/\/mavideniz.com.tr\/wp-content\/uploads\/wptm\/';<\/script><\/div><style><\/style>\n","protected":false},"excerpt":{"rendered":"<p>Mavi Deniz S\u0131\u011f Su Ya\u011f Emi\u015fli Vakumlu S\u0131y\u0131r\u0131c\u0131, s\u0131\u011f sular veya b\u00fcy\u00fck s\u0131y\u0131r\u0131c\u0131lar\u0131n imkans\u0131z oldu\u011fu alanlar i\u00e7in ideal olan sa\u011flam, [&hellip;]<\/p>\n","protected":false},"author":1,"featured_media":0,"parent":27058,"menu_order":0,"comment_status":"closed","ping_status":"closed","template":"","meta":{"site-sidebar-layout":"default","site-content-layout":"","ast-site-content-layout":"default","site-content-style":"default","site-sidebar-style":"default","ast-global-header-display":"","ast-banner-title-visibility":"","ast-main-header-display":"","ast-hfb-above-header-display":"","ast-hfb-below-header-display":"","ast-hfb-mobile-header-display":"","site-post-title":"","ast-breadcrumbs-content":"","ast-featured-img":"","footer-sml-layout":"","ast-disable-related-posts":"","theme-transparent-header-meta":"","adv-header-id-meta":"","stick-header-meta":"","header-above-stick-meta":"","header-main-stick-meta":"","header-below-stick-meta":"","astra-migrate-meta-layouts":"default","ast-page-background-enabled":"default","ast-page-background-meta":{"desktop":{"background-color":"var(--ast-global-color-5)","background-image":"","background-repeat":"repeat","background-position":"center center","background-size":"auto","background-attachment":"scroll","background-type":"","background-media":"","overlay-type":"","overlay-color":"","overlay-opacity":"","overlay-gradient":""},"tablet":{"background-color":"","background-image":"","background-repeat":"repeat","background-position":"center center","background-size":"auto","background-attachment":"scroll","background-type":"","background-media":"","overlay-type":"","overlay-color":"","overlay-opacity":"","overlay-gradient":""},"mobile":{"background-color":"","background-image":"","background-repeat":"repeat","background-position":"center center","background-size":"auto","background-attachment":"scroll","background-type":"","background-media":"","overlay-type":"","overlay-color":"","overlay-opacity":"","overlay-gradient":""}},"ast-content-background-meta":{"desktop":{"background-color":"var(--ast-global-color-4)","background-image":"","background-repeat":"repeat","background-position":"center center","background-size":"auto","background-attachment":"scroll","background-type":"","background-media":"","overlay-type":"","overlay-color":"","overlay-opacity":"","overlay-gradient":""},"tablet":{"background-color":"var(--ast-global-color-4)","background-image":"","background-repeat":"repeat","background-position":"center center","background-size":"auto","background-attachment":"scroll","background-type":"","background-media":"","overlay-type":"","overlay-color":"","overlay-opacity":"","overlay-gradient":""},"mobile":{"background-color":"var(--ast-global-color-4)","background-image":"","background-repeat":"repeat","background-position":"center center","background-size":"auto","background-attachment":"scroll","background-type":"","background-media":"","overlay-type":"","overlay-color":"","overlay-opacity":"","overlay-gradient":""}},"footnotes":""},"class_list":["post-27171","page","type-page","status-publish","hentry"],"_links":{"self":[{"href":"https:\/\/mavideniz.com.tr\/tr\/wp-json\/wp\/v2\/pages\/27171","targetHints":{"allow":["GET"]}}],"collection":[{"href":"https:\/\/mavideniz.com.tr\/tr\/wp-json\/wp\/v2\/pages"}],"about":[{"href":"https:\/\/mavideniz.com.tr\/tr\/wp-json\/wp\/v2\/types\/page"}],"author":[{"embeddable":true,"href":"https:\/\/mavideniz.com.tr\/tr\/wp-json\/wp\/v2\/users\/1"}],"replies":[{"embeddable":true,"href":"https:\/\/mavideniz.com.tr\/tr\/wp-json\/wp\/v2\/comments?post=27171"}],"version-history":[{"count":0,"href":"https:\/\/mavideniz.com.tr\/tr\/wp-json\/wp\/v2\/pages\/27171\/revisions"}],"up":[{"embeddable":true,"href":"https:\/\/mavideniz.com.tr\/tr\/wp-json\/wp\/v2\/pages\/27058"}],"wp:attachment":[{"href":"https:\/\/mavideniz.com.tr\/tr\/wp-json\/wp\/v2\/media?parent=27171"}],"curies":[{"name":"wp","href":"https:\/\/api.w.org\/{rel}","templated":true}]}}