{"id":27179,"date":"2021-10-03T15:58:02","date_gmt":"2021-10-03T15:58:02","guid":{"rendered":"https:\/\/mavideniz.com.tr\/?page_id=27179"},"modified":"2023-03-26T16:37:49","modified_gmt":"2023-03-26T16:37:49","slug":"katamaran-toplayici-yag-siyirici","status":"publish","type":"page","link":"https:\/\/mavideniz.com.tr\/tr\/urunler\/petrol-yag-siyirici\/gemiye-monte-yag-siyirici\/katamaran-toplayici-yag-siyirici\/","title":{"rendered":"Katamaran Petrol Toplay\u0131c\u0131"},"content":{"rendered":"\n<p>Katamaran Petrol Toplay\u0131c\u0131 ya\u011f ve ya\u011f i\u00e7inde su em\u00fclsiyonlar\u0131n\u0131 se\u00e7ici olarak \u00e7ekerek, tekneler aras\u0131na giren d\u00f6k\u00fclen petrol\u00fcn tamamen geri kazan\u0131lmas\u0131n\u0131 sa\u011flar. Oleophilik f\u0131r\u00e7a, paspas, tambur veya disk, geminin su \u00fczerindeki h\u0131z\u0131nda katamaran g\u00f6vdeleri aras\u0131nda itilir, geminin pruvas\u0131ndaki suya ge\u00e7irilir ve gemi deposuna geri al\u0131n\u0131r. Katamaran Petrol Toplay\u0131c\u0131, su \u00fczerinde y\u00fczen ya\u011f\u0131 geri kazanmak i\u00e7in y\u00fcksek verimli bir deniz s\u00fcp\u00fcr\u00fcc\u00fcd\u00fcr.<\/p>\n<p>Katamaran Petrol Toplay\u0131c\u0131 Sisteminin ba\u015far\u0131s\u0131, \u00e7ok \u00e7e\u015fitli ya\u011f t\u00fcrlerini ve \u00e7ok \u00e7e\u015fitli \u00e7al\u0131\u015fma ko\u015fullar\u0131n\u0131 toplayabilen Ya\u011f Geri Kazan\u0131m kapasitesinin son derece y\u00fcksek performans\u0131nda yatmaktad\u0131r. D\u00f6n\u00fc\u015ft\u00fcr\u00fclen &#8211; Skimmer Sisteminin \u00f6zellik anahtar\u0131, ya\u011f\u0131 tek bir i\u015flemde y\u00f6netmek ve ay\u0131rmakt\u0131r. Petrol toplay\u0131c\u0131 sisteminin y\u00fcksek performans\u0131, \u00fcnitenin i\u00e7indeki katamaran g\u00f6vdeleri aras\u0131nda kal\u0131n ya\u011f tabakalar\u0131 ve parlakl\u0131klar\u0131 korur. Katamaran Ya\u011f Geri Kazan\u0131m Sistemi tasar\u0131m\u0131, entegre bir Petrol Gemisinde \u00e7al\u0131\u015farak kolay ve g\u00fcvenli da\u011f\u0131t\u0131ma olanak tan\u0131r.<\/p>\n<p><strong>\u00d6zellikleri<\/strong><\/p>\n<ul>\n<li>Katamaran G\u00f6vdesi aras\u0131nda \u00e7oklu mod\u00fcller veya sadece bir model entegre edilebilir<\/li>\n<li>Mod\u00fcller, %95&#8217;e kadar geri kazan\u0131m sa\u011flayan y\u00fcksek verimli ya\u011f s\u0131y\u0131r\u0131c\u0131ya sahiptir.<\/li>\n<li>Katamaran Ya\u011f S\u0131y\u0131r\u0131c\u0131 Kirlilik \u00f6nleyici \u00e7al\u0131\u015fma teknelerinin veya petrol s\u0131z\u0131nt\u0131s\u0131 kurtarma gemilerinin i\u00e7ine yerle\u015ftirilmi\u015f, K\u0131y\u0131ya Yak\u0131n, Liman, K\u0131y\u0131 veya<\/li>\n<li>A\u00e7\u0131k Denizde kullan\u0131m i\u00e7in idealdir.<\/li>\n<li>T\u00fcm Ya\u011flar (Hafif ve A\u011f\u0131r Ya\u011flar) Viskozite \u00c7e\u015fitleri<\/li>\n<li>200 m3\/saate kadar Ya\u011f Geri Kazan\u0131m Oran\u0131<\/li>\n<li>Gemi h\u0131z\u0131nda 5 knot&#8217;a kadar ya\u011flar\u0131 kurtarabilir<\/li>\n<li>H\u0131zl\u0131 ve Basit Da\u011f\u0131t\u0131m ve \u0130\u015flemler<\/li>\n<li>Yeni gemi veya gemi d\u00f6n\u00fc\u015f\u00fcm projeleri<\/li>\n<\/ul>\n<p><strong>Katamaran Petrol Toplay\u0131c\u0131 Mod\u00fclleri<\/strong><\/p>\n<ul>\n<li><strong>F\u0131r\u00e7a Mod\u00fcl\u00fc<\/strong><br \/>\nF\u0131r\u00e7alar, ya\u011f tabakas\u0131n\u0131n i\u00e7inden a\u015fa\u011f\u0131 do\u011fru d\u00f6nd\u00fc ve disklerde toplanan ya\u011f, s\u0131y\u0131r\u0131c\u0131lar kullan\u0131larak \u00e7\u0131kar\u0131ld\u0131 ve ya\u011f, bir pompan\u0131n ya\u011f\u0131 toplama tanklar\u0131na bo\u015faltt\u0131\u011f\u0131 bir tanka akt\u0131.<\/li>\n<li><strong>Disk Mod\u00fcl\u00fc<\/strong><br \/>\nDiskler, ya\u011f tabakas\u0131n\u0131n i\u00e7inden a\u015fa\u011f\u0131 do\u011fru d\u00f6nd\u00fcr\u00fcld\u00fc ve diskler \u00fczerinde toplanan ya\u011f, diskler aras\u0131ndaki s\u0131y\u0131r\u0131c\u0131lar kullan\u0131larak \u00e7\u0131kar\u0131ld\u0131. Ya\u011f, disklerden, s\u0131y\u0131r\u0131c\u0131lardan a\u015fa\u011f\u0131 ve bir pompan\u0131n ya\u011f\u0131 toplama tanklar\u0131na bo\u015faltt\u0131\u011f\u0131 bir tanka akt\u0131.<\/li>\n<li><strong>Tambur Mod\u00fcl\u00fc<\/strong><br \/>\nVariller, ya\u011f tabakas\u0131n\u0131n i\u00e7inden a\u015fa\u011f\u0131 do\u011fru d\u00f6nd\u00fc ve variller \u00fczerinde toplanan ya\u011f, s\u0131y\u0131r\u0131c\u0131lar kullan\u0131larak \u00e7\u0131kar\u0131ld\u0131. Ya\u011f, silicilerden bir tanka akt\u0131, burada bir pompa, ya\u011f\u0131 toplama tanklar\u0131na bo\u015faltt\u0131.<\/li>\n<li><strong>Paspas Mod\u00fcl\u00fc<\/strong><br \/>\nMop Mod\u00fcl\u00fc, petrol ve ya\u011f i\u00e7inde su em\u00fclsiyonlar\u0131n\u0131 se\u00e7ici olarak \u00e7ekerek, tekneler aras\u0131na giren d\u00f6k\u00fclen petrol\u00fcn tamamen geri kazan\u0131lmas\u0131n\u0131 sa\u011flar. Oleofilik ipli paspaslar, geminin su \u00fczerindeki h\u0131z\u0131nda yan g\u00f6vdeler aras\u0131nda itilir, geminin pruvas\u0131ndan suya ge\u00e7irilir ve geminin ortas\u0131na yerle\u015ftirilmi\u015f bir silindir \u00fczerinden geri al\u0131n\u0131r. Daha sonra ya\u011f, skimmer&#8217;\u0131n yay\u0131n\u0131n yak\u0131n\u0131ndaki bir s\u0131kma makinesinden ge\u00e7erken preslendi\u011finde ipten tamamen \u00e7\u0131kar\u0131l\u0131r. Geri kazan\u0131lan petrol ilk olarak s\u0131kma \u00fcnitesinin alt\u0131ndaki bir haznede toplan\u0131r, daha sonra yerle\u015fik bir pompa arac\u0131l\u0131\u011f\u0131yla yerle\u015fik depolama tanklar\u0131na veya y\u00fczer bir tank gibi alternatif depolamaya aktar\u0131l\u0131r.<\/li>\n<\/ul>\n<p>Katamaran Petrol Toplay\u0131c\u0131 Sistemleri, her ko\u015fulda \u00e7al\u0131\u015fmaya izin vermek i\u00e7in ya\u011f \u00e7\u0131karma ve ta\u015f\u0131ma sistemlerini i\u00e7erir. ya\u011f s\u0131y\u0131r\u0131c\u0131 \u00fcniteleri, petrol toplama \u00fcnitesi, pompa \u00fcnitesi, hidrolik ve transfer hidrolik g\u00fc\u00e7 \u00fcnitesi ile birlikte gelir. Mod\u00fcl say\u0131s\u0131, geminin kurtarma kanal\u0131n\u0131n geni\u015fli\u011fine ba\u011fl\u0131 olarak buna g\u00f6re de\u011fi\u015ftirilebilir. Gemi g\u00f6vdeleri aras\u0131ndaki oryantasyon nedeniyle, f\u0131r\u00e7a sisteminin kurtarma kapasitesi deniz ko\u015fullar\u0131ndan etkilenmeyecektir.<\/p>\n<p>F\u0131r\u00e7al\u0131 S\u0131y\u0131r\u0131c\u0131 &#8211; Diskli S\u0131y\u0131r\u0131c\u0131 &#8211; Tamburlu S\u0131y\u0131r\u0131c\u0131 Paspasl\u0131 S\u0131y\u0131r\u0131c\u0131 mod\u00fclleri, hidrolik pistonlarla i\u015flevsel seviyeye y\u00fckseltilebilir ve al\u00e7alt\u0131labilir, b\u00f6ylece operat\u00f6r m\u00fcdahalesini en aza indirir ve petrol\u00fc geri almad\u0131\u011f\u0131nda geminin daha y\u00fcksek bir h\u0131zda hareket etmesine izin verir.<\/p>\n<div class=\"wptm_table tablesorter-bootstrap \" data-id=\"19\" data-hightlight=\"0\"><div class=\"wptm_buttons buttons_wptmTbl19\"><\/div><div class=\"wptmresponsive dataTables-wptmtable wptmtable \" id=\"wptmtable19\" data-tableid=\"wptmTbl19\"><table data-count-header=\"1\"  data-format-decimal_count=\"0\" data-format-decimal_symbol=\".\" data-format-symbol_position=\"0\" data-format-thousand_symbol=\",\"  data-format-currency_symbol=\"$\"  data-name-style=\"19_1759718411.css\" data-format=\"YYYY-MM-DD\" id=\"wptmTbl19\" data-id=\"19\" data-responsive=\"false\" data-hideCols=\"false\"  data-type=\"html\" data-paging=\"false\" data-searching=\"true\"  data-ordering=\"false\" data-table-breakpoint=\"980\" data-scroll-x=\"true\" data-scroll-collapse=\"true\" data-align=\"center\" data-range=\"[]\" data-hideColumn=\"[0,0,0,0,0,0]\"  data-colwidths=\"[190,190,190,190,190,190]\"  data-colwidths_desktop=[]  data-colwidths_tablet=[]  data-colwidths_mobile=[]  class=\"wptm_main_table  disablePager hideScrollHeader\"><colgroup><col data-dtr=\"0\" data-dtc=\"0\" class=\"dtc0\"><col data-dtr=\"0\" data-dtc=\"1\" class=\"dtc1\"><col data-dtr=\"0\" data-dtc=\"2\" class=\"dtc2\"><col data-dtr=\"0\" data-dtc=\"3\" class=\"dtc3\"><col data-dtr=\"0\" data-dtc=\"4\" class=\"dtc4\"><col data-dtr=\"0\" data-dtc=\"5\" class=\"dtc5\"><\/colgroup><thead><tr class=\"wptm-header-cells-index\"><th rowspan=\"1\" colspan=\"1\" data-dtr=\"0\" data-dtc=\"0\" class=\"dtr0 dtc0\"><\/th><th rowspan=\"1\" colspan=\"1\" data-dtr=\"0\" data-dtc=\"1\" class=\"dtr0 dtc1\"><\/th><th rowspan=\"1\" colspan=\"1\" data-dtr=\"0\" data-dtc=\"2\" class=\"dtr0 dtc2\"><\/th><th rowspan=\"1\" colspan=\"1\" data-dtr=\"0\" data-dtc=\"3\" class=\"dtr0 dtc3\"><\/th><th rowspan=\"1\" colspan=\"1\" data-dtr=\"0\" data-dtc=\"4\" class=\"dtr0 dtc4\"><\/th><th rowspan=\"1\" colspan=\"1\" data-dtr=\"0\" data-dtc=\"5\" class=\"dtr0 dtc5\"><\/th><\/tr><tr class=\" row0\"><th   data-priority=\"0\" class=\"dtr0 dtc0\"><\/th><th   data-priority=\"0\" class=\"dtr0 dtc1\">CAT 30<\/th><th   data-priority=\"0\" class=\"dtr0 dtc2\">CAT 50<\/th><th   data-priority=\"0\" class=\"dtr0 dtc3\">CAT 70<\/th><th   data-priority=\"0\" class=\"dtr0 dtc4\">CAT 100<\/th><th   data-priority=\"0\" class=\"dtr0 dtc5\">CAT 200<\/th><\/thead><tbody><tr class=\" row1\"><td    class=\"dtr1 dtc0\">Oil Recovery Capacity<\/td><td    class=\"dtr1 dtc1\">30 m3\/h<\/td><td    class=\"dtr1 dtc2\">50 m3\/h<\/td><td    class=\"dtr1 dtc3\">70 m3\/h<\/td><td    class=\"dtr1 dtc4\">100 m3\/h<\/td><td    class=\"dtr1 dtc5\">200 m3\/h<\/td><\/tr><tr class=\" row2\"><td    class=\"dtr2 dtc0\">Length<\/td><td    class=\"dtr2 dtc1\">1.8 m<\/td><td    class=\"dtr2 dtc2\">2.4 m<\/td><td    class=\"dtr2 dtc3\">2.5 m<\/td><td    class=\"dtr2 dtc4\">3.3 m<\/td><td    class=\"dtr2 dtc5\">4.5 m<\/td><\/tr><tr class=\" row3\"><td    class=\"dtr3 dtc0\">Height<\/td><td    class=\"dtr3 dtc1\">0.95 m<\/td><td    class=\"dtr3 dtc2\">1.2 m<\/td><td    class=\"dtr3 dtc3\">1.4 m<\/td><td    class=\"dtr3 dtc4\">1.4 m<\/td><td    class=\"dtr3 dtc5\">1.8 m<\/td><\/tr><tr class=\" row4\"><td    class=\"dtr4 dtc0\">Wide<\/td><td    class=\"dtr4 dtc1\">1.5 m<\/td><td    class=\"dtr4 dtc2\">1.5 m<\/td><td    class=\"dtr4 dtc3\">1.4 m<\/td><td    class=\"dtr4 dtc4\">1.4 m<\/td><td    class=\"dtr4 dtc5\">1.8 m<\/td><\/tr><tr class=\" row5\"><td    class=\"dtr5 dtc0\">Weight<\/td><td    class=\"dtr5 dtc1\">90 kg<\/td><td    class=\"dtr5 dtc2\">180 kg<\/td><td    class=\"dtr5 dtc3\">400 kg<\/td><td    class=\"dtr5 dtc4\">850 kg<\/td><td    class=\"dtr5 dtc5\">1500 kg<\/td><\/tr><tr class=\" row6\"><td    class=\"dtr6 dtc0\">Sea Rates<\/td><td    class=\"dtr6 dtc1\">Up to Beaufort 5<\/td><td    class=\"dtr6 dtc2\">Up to Beaufort 5<\/td><td    class=\"dtr6 dtc3\">Up to Beaufort 5<\/td><td    class=\"dtr6 dtc4\">Up to Beaufort 5<\/td><td    class=\"dtr6 dtc5\">Up to Beaufort 5<\/td><\/tr><tr class=\" row7\"><td    class=\"dtr7 dtc0\">Oil Collection Speed<\/td><td    class=\"dtr7 dtc1\">Up to 4 knots<\/td><td    class=\"dtr7 dtc2\">Up to 4 knots<\/td><td    class=\"dtr7 dtc3\">Up to 4 knots<\/td><td    class=\"dtr7 dtc4\">Up to 4 knots<\/td><td    class=\"dtr7 dtc5\">Up to 4 knots<\/td><\/tr><tr class=\" row8\"><td    class=\"dtr8 dtc0\">Oil Recovery Efficiency<\/td><td    class=\"dtr8 dtc1\">% 95<\/td><td    class=\"dtr8 dtc2\">% 95<\/td><td    class=\"dtr8 dtc3\">% 95<\/td><td    class=\"dtr8 dtc4\">% 95<\/td><td    class=\"dtr8 dtc5\">% 95<\/td><\/tr><tr class=\" row9\"><td    class=\"dtr9 dtc0\">Oil Troughput Efficiency<\/td><td    class=\"dtr9 dtc1\">% 85<\/td><td    class=\"dtr9 dtc2\">% 85<\/td><td    class=\"dtr9 dtc3\">% 85<\/td><td    class=\"dtr9 dtc4\">% 85<\/td><td    class=\"dtr9 dtc5\">% 85<\/td><\/tr><\/tbody><tfoot><tr><td class=\"dtr9 dtc0\" style=\"height: 0;\"><\/td><td class=\"dtr9 dtc1\" style=\"height: 0;\"><\/td><td class=\"dtr9 dtc2\" style=\"height: 0;\"><\/td><td class=\"dtr9 dtc3\" style=\"height: 0;\"><\/td><td class=\"dtr9 dtc4\" style=\"height: 0;\"><\/td><td class=\"dtr9 dtc5\" style=\"height: 0;\"><\/td><\/tr><\/tfoot><\/table><\/div><style>#wptmtable19 .dataTables_wrapper > .dataTables_scroll {max-height:500px;overflow: auto;}<\/style><script>window.wptm_ajaxurl = 'https:\/\/mavideniz.com.tr\/wp-admin\/admin-ajax.php?juwpfisadmin=false&action=Wptm&'; window.wptm_front = 'https:\/\/mavideniz.com.tr\/wp-content\/plugins\/wp-table-manager\/app\/site\/assets\/'; window.wptm_style = 'https:\/\/mavideniz.com.tr\/wp-content\/uploads\/wptm\/';<\/script><\/div><style><\/style>\n","protected":false},"excerpt":{"rendered":"<p>Katamaran Petrol Toplay\u0131c\u0131 ya\u011f ve ya\u011f i\u00e7inde su em\u00fclsiyonlar\u0131n\u0131 se\u00e7ici olarak \u00e7ekerek, tekneler aras\u0131na giren d\u00f6k\u00fclen petrol\u00fcn tamamen geri kazan\u0131lmas\u0131n\u0131 [&hellip;]<\/p>\n","protected":false},"author":1,"featured_media":0,"parent":27176,"menu_order":0,"comment_status":"closed","ping_status":"closed","template":"","meta":{"site-sidebar-layout":"default","site-content-layout":"","ast-site-content-layout":"default","site-content-style":"default","site-sidebar-style":"default","ast-global-header-display":"","ast-banner-title-visibility":"","ast-main-header-display":"","ast-hfb-above-header-display":"","ast-hfb-below-header-display":"","ast-hfb-mobile-header-display":"","site-post-title":"","ast-breadcrumbs-content":"","ast-featured-img":"","footer-sml-layout":"","ast-disable-related-posts":"","theme-transparent-header-meta":"","adv-header-id-meta":"","stick-header-meta":"","header-above-stick-meta":"","header-main-stick-meta":"","header-below-stick-meta":"","astra-migrate-meta-layouts":"default","ast-page-background-enabled":"default","ast-page-background-meta":{"desktop":{"background-color":"var(--ast-global-color-5)","background-image":"","background-repeat":"repeat","background-position":"center center","background-size":"auto","background-attachment":"scroll","background-type":"","background-media":"","overlay-type":"","overlay-color":"","overlay-opacity":"","overlay-gradient":""},"tablet":{"background-color":"","background-image":"","background-repeat":"repeat","background-position":"center center","background-size":"auto","background-attachment":"scroll","background-type":"","background-media":"","overlay-type":"","overlay-color":"","overlay-opacity":"","overlay-gradient":""},"mobile":{"background-color":"","background-image":"","background-repeat":"repeat","background-position":"center center","background-size":"auto","background-attachment":"scroll","background-type":"","background-media":"","overlay-type":"","overlay-color":"","overlay-opacity":"","overlay-gradient":""}},"ast-content-background-meta":{"desktop":{"background-color":"var(--ast-global-color-4)","background-image":"","background-repeat":"repeat","background-position":"center center","background-size":"auto","background-attachment":"scroll","background-type":"","background-media":"","overlay-type":"","overlay-color":"","overlay-opacity":"","overlay-gradient":""},"tablet":{"background-color":"var(--ast-global-color-4)","background-image":"","background-repeat":"repeat","background-position":"center center","background-size":"auto","background-attachment":"scroll","background-type":"","background-media":"","overlay-type":"","overlay-color":"","overlay-opacity":"","overlay-gradient":""},"mobile":{"background-color":"var(--ast-global-color-4)","background-image":"","background-repeat":"repeat","background-position":"center center","background-size":"auto","background-attachment":"scroll","background-type":"","background-media":"","overlay-type":"","overlay-color":"","overlay-opacity":"","overlay-gradient":""}},"footnotes":""},"class_list":["post-27179","page","type-page","status-publish","hentry"],"_links":{"self":[{"href":"https:\/\/mavideniz.com.tr\/tr\/wp-json\/wp\/v2\/pages\/27179","targetHints":{"allow":["GET"]}}],"collection":[{"href":"https:\/\/mavideniz.com.tr\/tr\/wp-json\/wp\/v2\/pages"}],"about":[{"href":"https:\/\/mavideniz.com.tr\/tr\/wp-json\/wp\/v2\/types\/page"}],"author":[{"embeddable":true,"href":"https:\/\/mavideniz.com.tr\/tr\/wp-json\/wp\/v2\/users\/1"}],"replies":[{"embeddable":true,"href":"https:\/\/mavideniz.com.tr\/tr\/wp-json\/wp\/v2\/comments?post=27179"}],"version-history":[{"count":0,"href":"https:\/\/mavideniz.com.tr\/tr\/wp-json\/wp\/v2\/pages\/27179\/revisions"}],"up":[{"embeddable":true,"href":"https:\/\/mavideniz.com.tr\/tr\/wp-json\/wp\/v2\/pages\/27176"}],"wp:attachment":[{"href":"https:\/\/mavideniz.com.tr\/tr\/wp-json\/wp\/v2\/media?parent=27179"}],"curies":[{"name":"wp","href":"https:\/\/api.w.org\/{rel}","templated":true}]}}