{"id":27189,"date":"2021-10-03T16:29:24","date_gmt":"2021-10-03T16:29:24","guid":{"rendered":"https:\/\/mavideniz.com.tr\/?page_id=27189"},"modified":"2023-03-26T16:58:05","modified_gmt":"2023-03-26T16:58:05","slug":"egimli-bant-yag-siyirici","status":"publish","type":"page","link":"https:\/\/mavideniz.com.tr\/tr\/urunler\/petrol-yag-siyirici\/gemiye-monte-yag-siyirici\/egimli-bant-yag-siyirici\/","title":{"rendered":"E\u011fimli Bant Petrol S\u0131y\u0131r\u0131c\u0131"},"content":{"rendered":"\n<p>Mavi Deniz, E\u011fimli Bant Petrol S\u0131y\u0131r\u0131c\u0131, Sert F\u0131r\u00e7a veya paslanmaz \u00e7elik veya su ve deniz y\u00fczeyinde y\u00fczen petrol s\u0131z\u0131nt\u0131lar\u0131n\u0131 geri alan, gemiye monte y\u00fcksek performansl\u0131 bir deniz s\u00fcp\u00fcr\u00fcc\u00fc sistemidir. E\u011fimli Bant Petrol S\u0131y\u0131r\u0131c\u0131s\u0131n\u0131n y\u00fcksek performans\u0131, kal\u0131n petrol tabakalar\u0131nda ve parlakl\u0131klarda \u00e7al\u0131\u015fmay\u0131 s\u00fcrd\u00fcr\u00fcr.<\/p>\n<p>Tasar\u0131m, herhangi bir Gemiyi entegre etmek i\u00e7in E\u011fimli bant petrol S\u0131y\u0131r\u0131c\u0131s\u0131n\u0131n kolay ve g\u00fcvenli bir \u015fekilde yerle\u015ftirilmesini sa\u011flar. E\u011fimli bant petrol s\u0131y\u0131r\u0131c\u0131s\u0131, ta\u015f\u0131nabilir hidrolik g\u00fc\u00e7le \u00e7al\u0131\u015ft\u0131r\u0131lan geminin pruvas\u0131na veya yan\u0131na monte edilebilir.<\/p>\n<p>Bir a\u011fdan yap\u0131lm\u0131\u015f E\u011fimli Bant F\u0131r\u00e7as\u0131 Petrol S\u0131y\u0131r\u0131c\u0131, suyun akmas\u0131na izin verir ve ya\u011f\u0131n yap\u0131\u015fmas\u0131n\u0131 te\u015fvik eder. Petrol gemide kald\u0131r\u0131l\u0131r ve kaz\u0131narak depoya al\u0131n\u0131r. E\u011fimli bant Petrol S\u0131y\u0131r\u0131c\u0131, ideal olmayan ko\u015fullarda \u00e7al\u0131\u015fmaya izin vermek i\u00e7in d\u00f6k\u00fcnt\u00fc \u00e7\u0131karma ve ta\u015f\u0131ma d\u00fczenlemelerini de i\u00e7erir. Geri kazan\u0131lan ya\u011f, %5&#8217;ten daha az serbest su i\u00e7erir. Petrol viskozitesi artt\u0131k\u00e7a geri kazan\u0131m kapasitesi artar ve sistem b\u00fcy\u00fck miktarda y\u00fczen petrol, deniz yosunu ve d\u00f6k\u00fcnt\u00fc toplayabilir.<\/p>\n<p>E\u011fimli bant petrol s\u0131y\u0131r\u0131c\u0131n\u0131n ba\u015far\u0131s\u0131, E\u011fimli bant Petrol S\u0131y\u0131r\u0131c\u0131s\u0131n\u0131n son derece y\u00fcksek performans\u0131nda yatmaktad\u0131r ve \u00e7ok \u00e7e\u015fitli toprak t\u00fcrlerini ve \u00e7ok \u00e7e\u015fitli \u00e7al\u0131\u015fma ko\u015fullar\u0131n\u0131 toplar. E\u011fimli bant Petrol S\u0131y\u0131r\u0131c\u0131s\u0131n\u0131n kritik \u00f6zelli\u011fi, ya\u011f\u0131 tek bir i\u015flemde y\u00f6netme ve ay\u0131rma yetene\u011fidir.<\/p>\n<p>Yay Toplay\u0131c\u0131l\u0131 petrol S\u0131y\u0131r\u0131c\u0131 Teknesinin \u00c7al\u0131\u015fma H\u0131z\u0131 4 knot&#8217;a kadar; \u00e7al\u0131\u015fma h\u0131z\u0131 deniz ko\u015fullar\u0131na g\u00f6re de\u011fi\u015fir. Bow Collector Skimmer&#8217;\u0131n boyutu, F\u0131r\u00e7alar\u0131n sertlik seviyesi ve Oil Skimmer teknelerinin boyutu, m\u00fc\u015fteri ihtiyac\u0131na g\u00f6re d\u00fczenlenebilir.<\/p>\n<p><strong>\u00d6zellikler<\/strong><\/p>\n<ul>\n<li>E\u011fimli bantl\u0131 Petrol S\u0131y\u0131r\u0131c\u0131, Petrol S\u0131z\u0131nt\u0131s\u0131 M\u00fcdahalesinde operasyonlar i\u00e7in ideal, Yak\u0131n K\u0131y\u0131, Liman, K\u0131y\u0131, A\u00e7\u0131k Denizde, \u0130\u015f teknesinden, mavnadan, r\u00f6mork\u00f6rden ve ikmal gemisinde kullan\u0131n.<\/li>\n<li>Y\u00fcksek verimlilik, %98&#8217;e varan geri kazan\u0131m<\/li>\n<li>Kolay de\u011fi\u015ftirilip \u00e7al\u0131\u015ft\u0131r\u0131labilen, petrol s\u0131z\u0131nt\u0131lar\u0131 i\u00e7in \u00f6zel bantlar Bant sistemleri,<\/li>\n<li>T\u00fcm Ya\u011flar (Hafif ve A\u011f\u0131r Ya\u011flar) Viskozite \u00c7e\u015fitleri<\/li>\n<li>Petrol toplama kapasitesi : 30\/50\/100\/200\/300<\/li>\n<li>At\u0131k Par\u00e7alay\u0131c\u0131<\/li>\n<li>H\u0131zl\u0131 ve Basit Da\u011f\u0131t\u0131m ve \u0130\u015flemler<\/li>\n<li>Sa\u011flam, tamamen al\u00fcminyum yap\u0131, toz boyal\u0131<\/li>\n<\/ul>\n<div class=\"wptm_table tablesorter-bootstrap \" data-id=\"20\" data-hightlight=\"0\"><div class=\"wptm_buttons buttons_wptmTbl20\"><\/div><div class=\"wptmresponsive dataTables-wptmtable wptmtable \" id=\"wptmtable20\" data-tableid=\"wptmTbl20\"><table data-count-header=\"1\"  data-format-decimal_count=\"0\" data-format-decimal_symbol=\".\" data-format-symbol_position=\"0\" data-format-thousand_symbol=\",\"  data-format-currency_symbol=\"$\"  data-name-style=\"20_1759718479.css\" data-format=\"YYYY-MM-DD\" id=\"wptmTbl20\" data-id=\"20\" data-responsive=\"false\" data-hideCols=\"false\"  data-type=\"html\" data-paging=\"false\" data-searching=\"true\"  data-ordering=\"false\" data-table-breakpoint=\"980\" data-scroll-x=\"true\" data-scroll-collapse=\"true\" data-align=\"center\" data-range=\"[]\" data-hideColumn=\"[0,0,0,0,0,0]\"  data-colwidths=\"[190,190,190,190,190,190]\"  data-colwidths_desktop=[]  data-colwidths_tablet=[]  data-colwidths_mobile=[]  class=\"wptm_main_table  disablePager hideScrollHeader\"><colgroup><col data-dtr=\"0\" data-dtc=\"0\" class=\"dtc0\"><col data-dtr=\"0\" data-dtc=\"1\" class=\"dtc1\"><col data-dtr=\"0\" data-dtc=\"2\" class=\"dtc2\"><col data-dtr=\"0\" data-dtc=\"3\" class=\"dtc3\"><col data-dtr=\"0\" data-dtc=\"4\" class=\"dtc4\"><col data-dtr=\"0\" data-dtc=\"5\" class=\"dtc5\"><\/colgroup><thead><tr class=\"wptm-header-cells-index\"><th rowspan=\"1\" colspan=\"1\" data-dtr=\"0\" data-dtc=\"0\" class=\"dtr0 dtc0\"><\/th><th rowspan=\"1\" colspan=\"1\" data-dtr=\"0\" data-dtc=\"1\" class=\"dtr0 dtc1\"><\/th><th rowspan=\"1\" colspan=\"1\" data-dtr=\"0\" data-dtc=\"2\" class=\"dtr0 dtc2\"><\/th><th rowspan=\"1\" colspan=\"1\" data-dtr=\"0\" data-dtc=\"3\" class=\"dtr0 dtc3\"><\/th><th rowspan=\"1\" colspan=\"1\" data-dtr=\"0\" data-dtc=\"4\" class=\"dtr0 dtc4\"><\/th><th rowspan=\"1\" colspan=\"1\" data-dtr=\"0\" data-dtc=\"5\" class=\"dtr0 dtc5\"><\/th><\/tr><tr class=\" row0\"><th   data-priority=\"0\" class=\"dtr0 dtc0\"><\/th><th   data-priority=\"0\" class=\"dtr0 dtc1\">Bitumen Bow 35<\/th><th   data-priority=\"0\" class=\"dtr0 dtc2\">Bitumen Bow 50<\/th><th   data-priority=\"0\" class=\"dtr0 dtc3\">Bitumen Bow 80<\/th><th   data-priority=\"0\" class=\"dtr0 dtc4\">Bitumen Bow 100<\/th><th   data-priority=\"0\" class=\"dtr0 dtc5\">Bitumen Bow 200<\/th><\/thead><tbody><tr class=\" row1\"><td    class=\"dtr1 dtc0\">Oil Recovery Capacity<\/td><td    class=\"dtr1 dtc1\">35 m3\/h<\/td><td    class=\"dtr1 dtc2\">50 m3\/h<\/td><td    class=\"dtr1 dtc3\">80 m3\/h<\/td><td    class=\"dtr1 dtc4\">100 m3\/h<\/td><td    class=\"dtr1 dtc5\">200 m3\/h<\/td><\/tr><tr class=\" row2\"><td    class=\"dtr2 dtc0\">Type<\/td><td  colspan=\"5\"   class=\"dtr2 dtc1\">Wire Mesh Conveyor Belt Unit<\/td><td  style=\"display: none\"   class=\"dtr2 dtc2\"><\/td><td  style=\"display: none\"   class=\"dtr2 dtc3\"><\/td><td  style=\"display: none\"   class=\"dtr2 dtc4\"><\/td><td  style=\"display: none\"   class=\"dtr2 dtc5\"><\/td><\/tr><tr class=\" row3\"><td    class=\"dtr3 dtc0\">Recovered Materials<\/td><td  colspan=\"5\"   class=\"dtr3 dtc1\">Oil, Emulsions, Debris, Garbage, Litter, Sargassum, and Seaweed<\/td><td  style=\"display: none\"   class=\"dtr3 dtc2\"><\/td><td  style=\"display: none\"   class=\"dtr3 dtc3\"><\/td><td  style=\"display: none\"   class=\"dtr3 dtc4\"><\/td><td  style=\"display: none\"   class=\"dtr3 dtc5\"><\/td><\/tr><tr class=\" row4\"><td    class=\"dtr4 dtc0\">Recovered Materials<\/td><td  colspan=\"5\"   class=\"dtr4 dtc1\">Heavy Crude Oil, Heavy-Oil Emulsions, Oil Absorbents, Emulsions, Debris, Garbage, Litter, Sargassum, and Seaweed<\/td><td  style=\"display: none\"   class=\"dtr4 dtc2\"><\/td><td  style=\"display: none\"   class=\"dtr4 dtc3\"><\/td><td  style=\"display: none\"   class=\"dtr4 dtc4\"><\/td><td  style=\"display: none\"   class=\"dtr4 dtc5\"><\/td><\/tr><tr class=\" row5\"><td    class=\"dtr5 dtc0\">Material<\/td><td    class=\"dtr5 dtc1\">Aluminium<\/td><td    class=\"dtr5 dtc2\">Aluminium<\/td><td    class=\"dtr5 dtc3\">Aluminium<\/td><td    class=\"dtr5 dtc4\">Aluminium<\/td><td    class=\"dtr5 dtc5\">Aluminium<\/td><\/tr><tr class=\" row6\"><td    class=\"dtr6 dtc0\">Hydraulic Pressure<\/td><td    class=\"dtr6 dtc1\">200 - 150 bar<\/td><td    class=\"dtr6 dtc2\">200 - 150 bar<\/td><td    class=\"dtr6 dtc3\">200 - 150 bar<\/td><td    class=\"dtr6 dtc4\">200 - 150 bar<\/td><td    class=\"dtr6 dtc5\">200 - 150 bar<\/td><\/tr><tr class=\" row7\"><td    class=\"dtr7 dtc0\">Oil Collection Speed<\/td><td    class=\"dtr7 dtc1\">Up to 4 knots<\/td><td    class=\"dtr7 dtc2\">Up to 4 knots<\/td><td    class=\"dtr7 dtc3\">Up to 4 knots<\/td><td    class=\"dtr7 dtc4\">Up to 4 knots<\/td><td    class=\"dtr7 dtc5\">Up to 4 knots<\/td><\/tr><tr class=\" row8\"><td    class=\"dtr8 dtc0\">Oil Recovery Efficiency<\/td><td    class=\"dtr8 dtc1\">% 95<\/td><td    class=\"dtr8 dtc2\">% 95<\/td><td    class=\"dtr8 dtc3\">% 95<\/td><td    class=\"dtr8 dtc4\">% 95<\/td><td    class=\"dtr8 dtc5\">% 95<\/td><\/tr><tr class=\" row9\"><td    class=\"dtr9 dtc0\">Power Requirement<\/td><td    class=\"dtr9 dtc1\">10 HP<\/td><td    class=\"dtr9 dtc2\">10 HP<\/td><td    class=\"dtr9 dtc3\">10 HP<\/td><td    class=\"dtr9 dtc4\">10 HP<\/td><td    class=\"dtr9 dtc5\">10 HP<\/td><\/tr><tr class=\" row10\"><td    class=\"dtr10 dtc0\">Sweeping Arm Model<\/td><td    class=\"dtr10 dtc1\">Manual | Automatic<\/td><td    class=\"dtr10 dtc2\">Manual | Automatic<\/td><td    class=\"dtr10 dtc3\">Manual | Automatic<\/td><td    class=\"dtr10 dtc4\">Manual | Automatic<\/td><td    class=\"dtr10 dtc5\">Manual | Automatic<\/td><\/tr><tr class=\" row11\"><td    class=\"dtr11 dtc0\">Length<\/td><td    class=\"dtr11 dtc1\">1.8 m<\/td><td    class=\"dtr11 dtc2\">2.8 m<\/td><td    class=\"dtr11 dtc3\">3.8 m<\/td><td    class=\"dtr11 dtc4\">3.8 m<\/td><td    class=\"dtr11 dtc5\">4.5 m<\/td><\/tr><tr class=\" row12\"><td    class=\"dtr12 dtc0\">Wide<\/td><td    class=\"dtr12 dtc1\">0,5 m<\/td><td    class=\"dtr12 dtc2\">1 m<\/td><td    class=\"dtr12 dtc3\">1.2 m<\/td><td    class=\"dtr12 dtc4\">1.5 m<\/td><td    class=\"dtr12 dtc5\">1.8 m<\/td><\/tr><tr class=\" row13\"><td    class=\"dtr13 dtc0\">Weight<\/td><td    class=\"dtr13 dtc1\">180 kg<\/td><td    class=\"dtr13 dtc2\">180 kg<\/td><td    class=\"dtr13 dtc3\">400 kg<\/td><td    class=\"dtr13 dtc4\">850 kg<\/td><td    class=\"dtr13 dtc5\">1500 kg<\/td><\/tr><tr class=\" row14\"><td    class=\"dtr14 dtc0\">Mounted<\/td><td    class=\"dtr14 dtc1\">Bow or Side<\/td><td    class=\"dtr14 dtc2\">Bow or Side<\/td><td    class=\"dtr14 dtc3\">Bow or Side<\/td><td    class=\"dtr14 dtc4\">Bow or Side<\/td><td    class=\"dtr14 dtc5\">Bow or Side<\/td><\/tr><tr class=\" row15\"><td    class=\"dtr15 dtc0\">Draft<\/td><td    class=\"dtr15 dtc1\">Adjustable<\/td><td    class=\"dtr15 dtc2\">Adjustable<\/td><td    class=\"dtr15 dtc3\">Adjustable<\/td><td    class=\"dtr15 dtc4\">Adjustable<\/td><td    class=\"dtr15 dtc5\">Adjustable<\/td><\/tr><tr class=\" row16\"><td    class=\"dtr16 dtc0\">Optional<\/td><td  colspan=\"5\"   class=\"dtr16 dtc1\">Hydraulic Offload Pump | Waste Storage Tank | Hydraulic Power Packs | Repair Kit | Spare Part | Hose Set<\/td><td  style=\"display: none\"   class=\"dtr16 dtc2\"><\/td><td  style=\"display: none\"   class=\"dtr16 dtc3\"><\/td><td  style=\"display: none\"   class=\"dtr16 dtc4\"><\/td><td  style=\"display: none\"   class=\"dtr16 dtc5\"><\/td><\/tr><\/tbody><tfoot><tr><td class=\"dtr16 dtc0\" style=\"height: 0;\"><\/td><td class=\"dtr16 dtc1\" style=\"height: 0;\"><\/td><td class=\"dtr16 dtc2\" style=\"height: 0;\"><\/td><td class=\"dtr16 dtc3\" style=\"height: 0;\"><\/td><td class=\"dtr16 dtc4\" style=\"height: 0;\"><\/td><td class=\"dtr16 dtc5\" style=\"height: 0;\"><\/td><\/tr><\/tfoot><\/table><\/div><style>#wptmtable20 .dataTables_wrapper > .dataTables_scroll {max-height:550px;overflow: auto;}<\/style><script>window.wptm_ajaxurl = 'https:\/\/mavideniz.com.tr\/wp-admin\/admin-ajax.php?juwpfisadmin=false&action=Wptm&'; window.wptm_front = 'https:\/\/mavideniz.com.tr\/wp-content\/plugins\/wp-table-manager\/app\/site\/assets\/'; window.wptm_style = 'https:\/\/mavideniz.com.tr\/wp-content\/uploads\/wptm\/';<\/script><\/div><style><\/style>\n","protected":false},"excerpt":{"rendered":"<p>Mavi Deniz, E\u011fimli Bant Petrol S\u0131y\u0131r\u0131c\u0131, Sert F\u0131r\u00e7a veya paslanmaz \u00e7elik veya su ve deniz y\u00fczeyinde y\u00fczen petrol s\u0131z\u0131nt\u0131lar\u0131n\u0131 geri [&hellip;]<\/p>\n","protected":false},"author":1,"featured_media":0,"parent":27176,"menu_order":0,"comment_status":"closed","ping_status":"closed","template":"","meta":{"site-sidebar-layout":"default","site-content-layout":"","ast-site-content-layout":"default","site-content-style":"default","site-sidebar-style":"default","ast-global-header-display":"","ast-banner-title-visibility":"","ast-main-header-display":"","ast-hfb-above-header-display":"","ast-hfb-below-header-display":"","ast-hfb-mobile-header-display":"","site-post-title":"","ast-breadcrumbs-content":"","ast-featured-img":"","footer-sml-layout":"","ast-disable-related-posts":"","theme-transparent-header-meta":"","adv-header-id-meta":"","stick-header-meta":"","header-above-stick-meta":"","header-main-stick-meta":"","header-below-stick-meta":"","astra-migrate-meta-layouts":"default","ast-page-background-enabled":"default","ast-page-background-meta":{"desktop":{"background-color":"var(--ast-global-color-5)","background-image":"","background-repeat":"repeat","background-position":"center center","background-size":"auto","background-attachment":"scroll","background-type":"","background-media":"","overlay-type":"","overlay-color":"","overlay-opacity":"","overlay-gradient":""},"tablet":{"background-color":"","background-image":"","background-repeat":"repeat","background-position":"center center","background-size":"auto","background-attachment":"scroll","background-type":"","background-media":"","overlay-type":"","overlay-color":"","overlay-opacity":"","overlay-gradient":""},"mobile":{"background-color":"","background-image":"","background-repeat":"repeat","background-position":"center center","background-size":"auto","background-attachment":"scroll","background-type":"","background-media":"","overlay-type":"","overlay-color":"","overlay-opacity":"","overlay-gradient":""}},"ast-content-background-meta":{"desktop":{"background-color":"var(--ast-global-color-4)","background-image":"","background-repeat":"repeat","background-position":"center center","background-size":"auto","background-attachment":"scroll","background-type":"","background-media":"","overlay-type":"","overlay-color":"","overlay-opacity":"","overlay-gradient":""},"tablet":{"background-color":"var(--ast-global-color-4)","background-image":"","background-repeat":"repeat","background-position":"center center","background-size":"auto","background-attachment":"scroll","background-type":"","background-media":"","overlay-type":"","overlay-color":"","overlay-opacity":"","overlay-gradient":""},"mobile":{"background-color":"var(--ast-global-color-4)","background-image":"","background-repeat":"repeat","background-position":"center center","background-size":"auto","background-attachment":"scroll","background-type":"","background-media":"","overlay-type":"","overlay-color":"","overlay-opacity":"","overlay-gradient":""}},"footnotes":""},"class_list":["post-27189","page","type-page","status-publish","hentry"],"_links":{"self":[{"href":"https:\/\/mavideniz.com.tr\/tr\/wp-json\/wp\/v2\/pages\/27189","targetHints":{"allow":["GET"]}}],"collection":[{"href":"https:\/\/mavideniz.com.tr\/tr\/wp-json\/wp\/v2\/pages"}],"about":[{"href":"https:\/\/mavideniz.com.tr\/tr\/wp-json\/wp\/v2\/types\/page"}],"author":[{"embeddable":true,"href":"https:\/\/mavideniz.com.tr\/tr\/wp-json\/wp\/v2\/users\/1"}],"replies":[{"embeddable":true,"href":"https:\/\/mavideniz.com.tr\/tr\/wp-json\/wp\/v2\/comments?post=27189"}],"version-history":[{"count":0,"href":"https:\/\/mavideniz.com.tr\/tr\/wp-json\/wp\/v2\/pages\/27189\/revisions"}],"up":[{"embeddable":true,"href":"https:\/\/mavideniz.com.tr\/tr\/wp-json\/wp\/v2\/pages\/27176"}],"wp:attachment":[{"href":"https:\/\/mavideniz.com.tr\/tr\/wp-json\/wp\/v2\/media?parent=27189"}],"curies":[{"name":"wp","href":"https:\/\/api.w.org\/{rel}","templated":true}]}}