{"id":27193,"date":"2021-10-03T16:56:14","date_gmt":"2021-10-03T16:56:14","guid":{"rendered":"https:\/\/mavideniz.com.tr\/?page_id=27193"},"modified":"2023-03-26T17:44:46","modified_gmt":"2023-03-26T17:44:46","slug":"borda-toplayici-yag-siyirici","status":"publish","type":"page","link":"https:\/\/mavideniz.com.tr\/tr\/urunler\/petrol-yag-siyirici\/gemiye-monte-yag-siyirici\/borda-toplayici-yag-siyirici\/","title":{"rendered":"Borda Petrol Toplay\u0131c\u0131"},"content":{"rendered":"\n<p>Borda Petrol Toplay\u0131c\u0131, r\u00f6mork\u00f6r, i\u015f tekneleri ve b\u00fcy\u00fck a\u00e7\u0131k deniz tedarik gemileri i\u00e7in gemiye yana monteli ilerleyen bir s\u0131y\u0131rma sistemidir. \u00c7al\u0131\u015fma teknesinin bir veya iki taraf\u0131nda bulunan borda toplay\u0131c\u0131 otomatik veya manuel payandal\u0131 pergel kollar\u0131ndan ve s\u00fcp\u00fcrme bariyerleriden olu\u015fur.<\/p>\n<p>Kan\u0131tlanm\u0131\u015f sert f\u0131r\u00e7a teknolojisi ile. Bordo Petrol Toplay\u0131c\u0131, A\u00e7\u0131k Deniz, Kara ve \u0130\u00e7 sularda Petrol S\u0131z\u0131nt\u0131s\u0131 Kurtarma Operasyonlar\u0131 i\u00e7in y\u00fcksek performans ve g\u00fcvenlik sunar. Borda Toplay\u0131c\u0131 Ya\u011f S\u0131y\u0131r\u0131c\u0131, 4 knot&#8217;a kadar tekne h\u0131zlar\u0131nda verimli bir \u015fekilde \u00e7al\u0131\u015f\u0131r ve bu da m\u00fckemmel tekne manevra kabiliyeti ve \u00e7ok y\u00fcksek bir petrol kar\u015f\u0131la\u015fma oran\u0131 sa\u011flar.<\/p>\n<p>Yeni nesil f\u0131r\u00e7al\u0131 konvey\u00f6r bant, Bordo Petrol Toplay\u0131c\u0131 i\u00e7in \u00e7ift etkili bir s\u0131y\u0131rma sistemidir. \u00c7ift etkili f\u0131r\u00e7a konvey\u00f6r band\u0131 her iki y\u00f6nde de d\u00f6nd\u00fcr\u00fclebilir ve hafiften en a\u011f\u0131r\u0131na kadar her t\u00fcrl\u00fc ya\u011f i\u00e7in \u00e7ift y\u00f6nl\u00fc \u00e7al\u0131\u015fmaya olanak sa\u011flayan \u00e7ift f\u0131r\u00e7al\u0131 bir s\u0131y\u0131r\u0131c\u0131ya sahiptir. Ayr\u0131ca, ya\u011flar\u0131 ay\u0131rmak i\u00e7in se\u00e7icili\u011fi artt\u0131rmak i\u00e7in yan toplay\u0131c\u0131 sistem, hafif, orta veya a\u011f\u0131r viskoz ya\u011flar\u0131 geri kazan\u0131rken ak\u0131\u015f\u0131 kontrol etmek i\u00e7in ayarlanabilir bir arka plakaya sahiptir.<\/p>\n<p>Kar\u015f\u0131la\u015f\u0131lan ya\u011f, s\u0131y\u0131r\u0131c\u0131ya y\u00f6nlendirilir ve entegre hidrolik ya\u011f transfer pompas\u0131na. Se\u00e7ilen f\u0131r\u00e7a say\u0131s\u0131, tekne boyutuna ve gerekli kapasiteye ba\u011fl\u0131d\u0131r.<\/p>\n<p>Bordo Toplay\u0131c\u0131 sistemi, denizde geni\u015fleyen bir petrol tabakas\u0131n\u0131n m\u00fcmk\u00fcn olan en b\u00fcy\u00fck alan\u0131n\u0131 y\u00fcksek bir kurtarma h\u0131z\u0131yla kurtarabilir. Sistemin devreye al\u0131nmas\u0131, sahaya vard\u0131ktan birka\u00e7 dakika sonra petrol\u00fcn al\u0131nmas\u0131na ba\u015flayabilir ve \u00e7ok az \u00f6zel e\u011fitim gerektiren k\u00fc\u00e7\u00fck bir ekip taraf\u0131ndan \u00e7al\u0131\u015ft\u0131r\u0131labilir.<\/p>\n<p>Bordo Toplay\u0131c\u0131 sisteminin ayr\u0131nt\u0131l\u0131 \u00e7izimleri ve tasar\u0131m\u0131, gemi \u00f6zellikleri, kapasite gereksinimleri ve di\u011fer fakt\u00f6rler g\u00f6z \u00f6n\u00fcnde bulundurularak optimize edilmi\u015f verimlilik, \u00e7al\u0131\u015fma ve g\u00fcvenlik i\u00e7in her bir gemi i\u00e7in \u00f6zel olarak haz\u0131rlanm\u0131\u015ft\u0131r.<\/p>\n<p>Borda Petrol Toplay\u0131c\u0131, yeni in\u015faalarda ve mevcut gemilerde kurulu petrol geri kazan\u0131m \u00fcniteleri olarak hizmet veren \u00e7e\u015fitli tip ve b\u00fcy\u00fckl\u00fckteki gemilere uyabilir. L\u00fctfen burada g\u00f6sterilen \u00f6zelliklerin tek tarafl\u0131 bir sistem \u00f6rnekleri oldu\u011funu unutmay\u0131n.<\/p>\n<p><strong>\u0130ste\u011fe ba\u011fl\u0131<\/strong><\/p>\n<ul>\n<li>Hidrolik tahrikli transfer pompas\u0131<\/li>\n<li>Ta\u015f\u0131nabilir g\u00fc\u00e7 paketleri<\/li>\n<li>Hidrolik Vin\u00e7<\/li>\n<\/ul>\n<div class=\"wptm_table tablesorter-bootstrap \" data-id=\"21\" data-hightlight=\"0\"><div class=\"wptm_buttons buttons_wptmTbl21\"><\/div><div class=\"wptmresponsive dataTables-wptmtable wptmtable \" id=\"wptmtable21\" data-tableid=\"wptmTbl21\"><table data-count-header=\"1\"  data-format-decimal_count=\"0\" data-format-decimal_symbol=\".\" data-format-symbol_position=\"0\" data-format-thousand_symbol=\",\"  data-format-currency_symbol=\"$\"  data-name-style=\"21_1759718529.css\" data-format=\"YYYY-MM-DD\" id=\"wptmTbl21\" data-id=\"21\" data-responsive=\"false\" data-hideCols=\"false\"  data-type=\"html\" data-paging=\"false\" data-searching=\"true\"  data-ordering=\"false\" data-table-breakpoint=\"980\" data-scroll-x=\"true\" data-scroll-collapse=\"true\" data-align=\"center\" data-range=\"[]\" data-hideColumn=\"[0,0,0,0,0,0]\"  data-colwidths=\"[190,190,190,190,190,190]\"  data-colwidths_desktop=[]  data-colwidths_tablet=[]  data-colwidths_mobile=[]  class=\"wptm_main_table  disablePager hideScrollHeader\"><colgroup><col data-dtr=\"0\" data-dtc=\"0\" class=\"dtc0\"><col data-dtr=\"0\" data-dtc=\"1\" class=\"dtc1\"><col data-dtr=\"0\" data-dtc=\"2\" class=\"dtc2\"><col data-dtr=\"0\" data-dtc=\"3\" class=\"dtc3\"><col data-dtr=\"0\" data-dtc=\"4\" class=\"dtc4\"><col data-dtr=\"0\" data-dtc=\"5\" class=\"dtc5\"><\/colgroup><thead><tr class=\"wptm-header-cells-index\"><th rowspan=\"1\" colspan=\"1\" data-dtr=\"0\" data-dtc=\"0\" class=\"dtr0 dtc0\"><\/th><th rowspan=\"1\" colspan=\"1\" data-dtr=\"0\" data-dtc=\"1\" class=\"dtr0 dtc1\"><\/th><th rowspan=\"1\" colspan=\"1\" data-dtr=\"0\" data-dtc=\"2\" class=\"dtr0 dtc2\"><\/th><th rowspan=\"1\" colspan=\"1\" data-dtr=\"0\" data-dtc=\"3\" class=\"dtr0 dtc3\"><\/th><th rowspan=\"1\" colspan=\"1\" data-dtr=\"0\" data-dtc=\"4\" class=\"dtr0 dtc4\"><\/th><th rowspan=\"1\" colspan=\"1\" data-dtr=\"0\" data-dtc=\"5\" class=\"dtr0 dtc5\"><\/th><\/tr><tr class=\" row0\"><th   data-priority=\"0\" class=\"dtr0 dtc0\"><\/th><th   data-priority=\"0\" class=\"dtr0 dtc1\">Side Collector 35<\/th><th   data-priority=\"0\" class=\"dtr0 dtc2\">Side Collector 50<\/th><th   data-priority=\"0\" class=\"dtr0 dtc3\">Side Collector 80<\/th><th   data-priority=\"0\" class=\"dtr0 dtc4\">Side Collector 150<\/th><th   data-priority=\"0\" class=\"dtr0 dtc5\">Side Collector 250<\/th><\/thead><tbody><tr class=\" row1\"><td    class=\"dtr1 dtc0\">Oil Recovery Capacity<\/td><td    class=\"dtr1 dtc1\">35 m\u00b3\/h<\/td><td    class=\"dtr1 dtc2\">50 m\u00b3\/h<\/td><td    class=\"dtr1 dtc3\">80 m\u00b3\/h<\/td><td    class=\"dtr1 dtc4\">150 m\u00b3\/h<\/td><td    class=\"dtr1 dtc5\">250 m\u00b3\/h<\/td><\/tr><tr class=\" row2\"><td    class=\"dtr2 dtc0\">Free Water Content<\/td><td    class=\"dtr2 dtc1\">%5<\/td><td    class=\"dtr2 dtc2\">%5<\/td><td    class=\"dtr2 dtc3\">%5<\/td><td    class=\"dtr2 dtc4\">%5<\/td><td    class=\"dtr2 dtc5\">%5<\/td><\/tr><tr class=\" row3\"><td    class=\"dtr3 dtc0\">Oil Collection Speed<\/td><td    class=\"dtr3 dtc1\">Up to 4 knots<\/td><td    class=\"dtr3 dtc2\">Up to 4 knots<\/td><td    class=\"dtr3 dtc3\">Up to 4 knots<\/td><td    class=\"dtr3 dtc4\">Up to 4 knots<\/td><td    class=\"dtr3 dtc5\">Up to 4 knots<\/td><\/tr><tr class=\" row4\"><td    class=\"dtr4 dtc0\">Side Collector Type<\/td><td  colspan=\"5\"   class=\"dtr4 dtc1\">Side Collector Brush Conveyor Belt Unit  (Standard) | Side Collector Disc Module Unit (Optional)<\/td><td  style=\"display: none\"   class=\"dtr4 dtc2\"><\/td><td  style=\"display: none\"   class=\"dtr4 dtc3\"><\/td><td  style=\"display: none\"   class=\"dtr4 dtc4\"><\/td><td  style=\"display: none\"   class=\"dtr4 dtc5\"><\/td><\/tr><tr class=\" row5\"><td    class=\"dtr5 dtc0\">Recovered Materials<\/td><td  colspan=\"5\"   class=\"dtr5 dtc1\">Oil, Emulsions, Debris, Garbage, Litter, Sargassum, and Seaweed<\/td><td  style=\"display: none\"   class=\"dtr5 dtc2\"><\/td><td  style=\"display: none\"   class=\"dtr5 dtc3\"><\/td><td  style=\"display: none\"   class=\"dtr5 dtc4\"><\/td><td  style=\"display: none\"   class=\"dtr5 dtc5\"><\/td><\/tr><tr class=\" row6\"><td    class=\"dtr6 dtc0\">Side Collector Material<\/td><td    class=\"dtr6 dtc1\">Aluminium<\/td><td    class=\"dtr6 dtc2\">Aluminium<\/td><td    class=\"dtr6 dtc3\">Aluminium<\/td><td    class=\"dtr6 dtc4\">Aluminium<\/td><td    class=\"dtr6 dtc5\">Aluminium<\/td><\/tr><tr class=\" row7\"><td    class=\"dtr7 dtc0\">Sweep Boom Type<\/td><td  colspan=\"5\"   class=\"dtr7 dtc1\">Solid Oil Fence Boom | Inflatable Boom<\/td><td  style=\"display: none\"   class=\"dtr7 dtc2\"><\/td><td  style=\"display: none\"   class=\"dtr7 dtc3\"><\/td><td  style=\"display: none\"   class=\"dtr7 dtc4\"><\/td><td  style=\"display: none\"   class=\"dtr7 dtc5\"><\/td><\/tr><tr class=\" row8\"><td    class=\"dtr8 dtc0\">Jib Arm Type<\/td><td    class=\"dtr8 dtc1\">Manual | Telescopic<\/td><td    class=\"dtr8 dtc2\">Manual | Telescopic<\/td><td    class=\"dtr8 dtc3\">Manual | Telescopic<\/td><td    class=\"dtr8 dtc4\">Manual | Telescopic<\/td><td    class=\"dtr8 dtc5\">Manual | Telescopic<\/td><\/tr><tr class=\" row9\"><td    class=\"dtr9 dtc0\">Length<\/td><td    class=\"dtr9 dtc1\">1800 mm<\/td><td    class=\"dtr9 dtc2\">2300 mm<\/td><td    class=\"dtr9 dtc3\">2300 mm<\/td><td    class=\"dtr9 dtc4\">2300 mm<\/td><td    class=\"dtr9 dtc5\">3000 mm<\/td><\/tr><tr class=\" row10\"><td    class=\"dtr10 dtc0\">Height<\/td><td    class=\"dtr10 dtc1\">1400 mm<\/td><td    class=\"dtr10 dtc2\">400 mm<\/td><td    class=\"dtr10 dtc3\">1900 mm<\/td><td    class=\"dtr10 dtc4\">2200 mm<\/td><td    class=\"dtr10 dtc5\">2800 mm<\/td><\/tr><tr class=\" row11\"><td    class=\"dtr11 dtc0\">Wide<\/td><td    class=\"dtr11 dtc1\">580 mm<\/td><td    class=\"dtr11 dtc2\">650 mm<\/td><td    class=\"dtr11 dtc3\">850 mm<\/td><td    class=\"dtr11 dtc4\">950 mm<\/td><td    class=\"dtr11 dtc5\">1500 mm<\/td><\/tr><tr class=\" row12\"><td    class=\"dtr12 dtc0\">Weight<\/td><td    class=\"dtr12 dtc1\">100 kg<\/td><td    class=\"dtr12 dtc2\">250 kg<\/td><td    class=\"dtr12 dtc3\">450 kg<\/td><td    class=\"dtr12 dtc4\">650 kg<\/td><td    class=\"dtr12 dtc5\">800 kg<\/td><\/tr><tr class=\" row13\"><td    class=\"dtr13 dtc0\">Hydraulic Pressure<\/td><td    class=\"dtr13 dtc1\">200 - 150 bar<\/td><td    class=\"dtr13 dtc2\">200 - 150 bar<\/td><td    class=\"dtr13 dtc3\">200 - 150 bar<\/td><td    class=\"dtr13 dtc4\">200 - 150 bar<\/td><td    class=\"dtr13 dtc5\">200 - 150 bar<\/td><\/tr><tr class=\" row14\"><td    class=\"dtr14 dtc0\">Power Requirement<\/td><td    class=\"dtr14 dtc1\">10 HP<\/td><td    class=\"dtr14 dtc2\">10 HP<\/td><td    class=\"dtr14 dtc3\">10 HP<\/td><td    class=\"dtr14 dtc4\">25 HP<\/td><td    class=\"dtr14 dtc5\">80 HP<\/td><\/tr><tr class=\" row15\"><td    class=\"dtr15 dtc0\">Optional<\/td><td  colspan=\"5\"   class=\"dtr15 dtc1\">Hydraulic Offload Pump | Control Panel | Remote control | Hydraulic Power Packs | Repair Kit | Spare Part | Hose Set | Hydraulic Jib Crane | Boom Reel<\/td><td  style=\"display: none\"   class=\"dtr15 dtc2\"><\/td><td  style=\"display: none\"   class=\"dtr15 dtc3\"><\/td><td  style=\"display: none\"   class=\"dtr15 dtc4\"><\/td><td  style=\"display: none\"   class=\"dtr15 dtc5\"><\/td><\/tr><\/tbody><tfoot><tr><td class=\"dtr15 dtc0\" style=\"height: 0;\"><\/td><td class=\"dtr15 dtc1\" style=\"height: 0;\"><\/td><td class=\"dtr15 dtc2\" style=\"height: 0;\"><\/td><td class=\"dtr15 dtc3\" style=\"height: 0;\"><\/td><td class=\"dtr15 dtc4\" style=\"height: 0;\"><\/td><td class=\"dtr15 dtc5\" style=\"height: 0;\"><\/td><\/tr><\/tfoot><\/table><\/div><style>#wptmtable21 .dataTables_wrapper > .dataTables_scroll {max-height:500px;overflow: auto;}<\/style><script>window.wptm_ajaxurl = 'https:\/\/mavideniz.com.tr\/wp-admin\/admin-ajax.php?juwpfisadmin=false&action=Wptm&'; window.wptm_front = 'https:\/\/mavideniz.com.tr\/wp-content\/plugins\/wp-table-manager\/app\/site\/assets\/'; window.wptm_style = 'https:\/\/mavideniz.com.tr\/wp-content\/uploads\/wptm\/';<\/script><\/div><style><\/style>\n","protected":false},"excerpt":{"rendered":"<p>Borda Petrol Toplay\u0131c\u0131, r\u00f6mork\u00f6r, i\u015f tekneleri ve b\u00fcy\u00fck a\u00e7\u0131k deniz tedarik gemileri i\u00e7in gemiye yana monteli ilerleyen bir s\u0131y\u0131rma sistemidir. [&hellip;]<\/p>\n","protected":false},"author":1,"featured_media":0,"parent":27176,"menu_order":0,"comment_status":"closed","ping_status":"closed","template":"","meta":{"site-sidebar-layout":"default","site-content-layout":"","ast-site-content-layout":"default","site-content-style":"default","site-sidebar-style":"default","ast-global-header-display":"","ast-banner-title-visibility":"","ast-main-header-display":"","ast-hfb-above-header-display":"","ast-hfb-below-header-display":"","ast-hfb-mobile-header-display":"","site-post-title":"","ast-breadcrumbs-content":"","ast-featured-img":"","footer-sml-layout":"","ast-disable-related-posts":"","theme-transparent-header-meta":"","adv-header-id-meta":"","stick-header-meta":"","header-above-stick-meta":"","header-main-stick-meta":"","header-below-stick-meta":"","astra-migrate-meta-layouts":"default","ast-page-background-enabled":"default","ast-page-background-meta":{"desktop":{"background-color":"var(--ast-global-color-5)","background-image":"","background-repeat":"repeat","background-position":"center center","background-size":"auto","background-attachment":"scroll","background-type":"","background-media":"","overlay-type":"","overlay-color":"","overlay-opacity":"","overlay-gradient":""},"tablet":{"background-color":"","background-image":"","background-repeat":"repeat","background-position":"center center","background-size":"auto","background-attachment":"scroll","background-type":"","background-media":"","overlay-type":"","overlay-color":"","overlay-opacity":"","overlay-gradient":""},"mobile":{"background-color":"","background-image":"","background-repeat":"repeat","background-position":"center center","background-size":"auto","background-attachment":"scroll","background-type":"","background-media":"","overlay-type":"","overlay-color":"","overlay-opacity":"","overlay-gradient":""}},"ast-content-background-meta":{"desktop":{"background-color":"var(--ast-global-color-4)","background-image":"","background-repeat":"repeat","background-position":"center center","background-size":"auto","background-attachment":"scroll","background-type":"","background-media":"","overlay-type":"","overlay-color":"","overlay-opacity":"","overlay-gradient":""},"tablet":{"background-color":"var(--ast-global-color-4)","background-image":"","background-repeat":"repeat","background-position":"center center","background-size":"auto","background-attachment":"scroll","background-type":"","background-media":"","overlay-type":"","overlay-color":"","overlay-opacity":"","overlay-gradient":""},"mobile":{"background-color":"var(--ast-global-color-4)","background-image":"","background-repeat":"repeat","background-position":"center center","background-size":"auto","background-attachment":"scroll","background-type":"","background-media":"","overlay-type":"","overlay-color":"","overlay-opacity":"","overlay-gradient":""}},"footnotes":""},"class_list":["post-27193","page","type-page","status-publish","hentry"],"_links":{"self":[{"href":"https:\/\/mavideniz.com.tr\/tr\/wp-json\/wp\/v2\/pages\/27193","targetHints":{"allow":["GET"]}}],"collection":[{"href":"https:\/\/mavideniz.com.tr\/tr\/wp-json\/wp\/v2\/pages"}],"about":[{"href":"https:\/\/mavideniz.com.tr\/tr\/wp-json\/wp\/v2\/types\/page"}],"author":[{"embeddable":true,"href":"https:\/\/mavideniz.com.tr\/tr\/wp-json\/wp\/v2\/users\/1"}],"replies":[{"embeddable":true,"href":"https:\/\/mavideniz.com.tr\/tr\/wp-json\/wp\/v2\/comments?post=27193"}],"version-history":[{"count":0,"href":"https:\/\/mavideniz.com.tr\/tr\/wp-json\/wp\/v2\/pages\/27193\/revisions"}],"up":[{"embeddable":true,"href":"https:\/\/mavideniz.com.tr\/tr\/wp-json\/wp\/v2\/pages\/27176"}],"wp:attachment":[{"href":"https:\/\/mavideniz.com.tr\/tr\/wp-json\/wp\/v2\/media?parent=27193"}],"curies":[{"name":"wp","href":"https:\/\/api.w.org\/{rel}","templated":true}]}}