{"id":27197,"date":"2021-10-03T17:03:29","date_gmt":"2021-10-03T17:03:29","guid":{"rendered":"https:\/\/mavideniz.com.tr\/?page_id=27197"},"modified":"2023-03-26T18:00:03","modified_gmt":"2023-03-26T18:00:03","slug":"supurme-kolu-yag-siyirici","status":"publish","type":"page","link":"https:\/\/mavideniz.com.tr\/tr\/urunler\/petrol-yag-siyirici\/gemiye-monte-yag-siyirici\/supurme-kolu-yag-siyirici\/","title":{"rendered":"Petrol Toplay\u0131c\u0131 S\u00fcp\u00fcrme Kolu"},"content":{"rendered":"\n<p>Petrol s\u0131z\u0131nt\u0131lar\u0131na kar\u015f\u0131 en son al\u0131nan \u00f6nlemlere ra\u011fmen, bunlar hala \u00e7evremiz i\u00e7in h\u00e2l\u00e2 birer tehdit unsuru. \u00c7evresel ve ekonomik sonu\u00e7lar\u0131 en aza indirmek i\u00e7in son teknolojik kaynaklarla yan\u0131t vermeye haz\u0131r olmal\u0131y\u0131z.<\/p>\n<p>\u015eimdiye kadar, mekanik geri kazan\u0131m, denizde petrol geri kazan\u0131m hizmetleri i\u00e7in en ekolojik y\u00f6ntemdir. Sonu\u00e7 olarak MAV\u0130 DEN\u0130Z <b><span lang=\"tr\">\u00a0<\/span><\/b>Petrol Toplay\u0131c\u0131 S\u00fcp\u00fcrme Kolu Sistemi en uygun ara\u00e7lardan biri olarak g\u00f6r\u00fclmektedir.<\/p>\n<p>Petrol Toplay\u0131c\u0131 S\u00fcp\u00fcrme Kolu, Sert Yap\u0131, MAVI DENIZ S\u00fcp\u00fcrme Kolu S\u0131y\u0131r\u0131c\u0131, m\u00fcdahale gemisinin yan\u0131na tak\u0131lan sert bir konsantre k\u0131lavuz bom yap\u0131s\u0131 kullan\u0131r. Bir savak s\u0131y\u0131r\u0131c\u0131s\u0131 veya f\u0131r\u00e7a s\u0131y\u0131r\u0131c\u0131s\u0131, gemi g\u00f6vdesinin yan\u0131ndaki &#8220;V&#8221; tepesinde kola yerle\u015ftirilebilir. Bir pompa, geri kazan\u0131lan ya\u011f\u0131 ve suyu yerle\u015fik tanklara aktar\u0131r, ard\u0131ndan kar\u0131\u015f\u0131m\u0131n ayr\u0131lmas\u0131 devam edebilir.<\/p>\n<p>Petrol Toplay\u0131c\u0131 S\u00fcp\u00fcrme Kolu, Y\u00fcksek Performansl\u0131, en verimli hidrolik tahrikli dalg\u0131\u00e7 aktif Ar\u015fimet vidal\u0131 pompalarla donat\u0131lm\u0131\u015f MAVI DENIZ Petrol S\u00fcp\u00fcrme Kolu S\u0131y\u0131r\u0131c\u0131 Sistemi her t\u00fcrl\u00fc y\u00fczen kirleticiyi geri kazanabilir. Pompa giri\u015finden ge\u00e7emeyen at\u0131klar, \u201c\u0131zgaral\u0131 kap\u0131dan\u201d a\u015fa\u011f\u0131 ak\u0131\u015fta kurtar\u0131labilir. Y\u00fcksek bas\u0131n\u00e7l\u0131 bir buhar sistemi, y\u00fcksek viskoziteli ya\u011flar i\u00e7in pompa giri\u015f ve \u00e7\u0131k\u0131\u015f\u0131ndaki kal\u0131n ya\u011flar\u0131 s\u0131v\u0131la\u015ft\u0131rmaya adapte olabilir.<\/p>\n<p>Petrol Toplay\u0131c\u0131 S\u00fcp\u00fcrme Kolu, Kullan\u0131m\u0131Kolay, MAV\u0130 DEN\u0130Z S\u00fcp\u00fcrme Sistemi mobil olup, kolayca depolan\u0131p ta\u015f\u0131n\u0131r. MAV\u0130 DEN\u0130Z S\u00fcp\u00fcrme Kolunu devreye almak i\u00e7in az say\u0131da ki\u015fiye ihtiya\u00e7 vard\u0131r. Sistem kendi kendine y\u00fczen bir cihaz oldu\u011fundan, yeterli kurtarma kapasitesine ve g\u00fcce sahip hemen hemen her a\u00e7\u0131k deniz gemisi sistemi bar\u0131nd\u0131rabilir. Kirlilik \u00f6nleyici d\u00f6n\u00fc\u015f\u00fcm gemileri, MAV\u0130 DEN\u0130Z m\u00fchendislik ve tasar\u0131m departman\u0131ndaki deneyim, iste\u011fe ba\u011fl\u0131 herhangi bir iste\u011fe cevap verebilir.<\/p>\n<p><strong>\u0130ste\u011fe ba\u011fl\u0131<\/strong><\/p>\n<ul>\n<li>Buhar enjeksiyon pompas\u0131 giri\u015fi<\/li>\n<li>Buhar enjeksiyon pompas\u0131 \u00e7\u0131k\u0131\u015f\u0131<\/li>\n<li>\u00c7ekme halatlar\u0131<\/li>\n<li>Hidrolik esnek hortumlar<\/li>\n<li>Yedek par\u00e7a<\/li>\n<li>Hidrolik g\u00fc\u00e7 \u00fcnitesi<\/li>\n<li>\u00c7ok fonksiyonlu vin\u00e7<\/li>\n<li>Uzaktan kumanda sistemi<\/li>\n<li>F\u0131r\u00e7al\u0131 konvey\u00f6r skimmer kaseti<\/li>\n<\/ul>\n<div class=\"wptm_table tablesorter-bootstrap \" data-id=\"22\" data-hightlight=\"0\"><div class=\"wptm_buttons buttons_wptmTbl22\"><\/div><div class=\"wptmresponsive dataTables-wptmtable wptmtable \" id=\"wptmtable22\" data-tableid=\"wptmTbl22\"><table data-count-header=\"1\"  data-format-decimal_count=\"0\" data-format-decimal_symbol=\".\" data-format-symbol_position=\"0\" data-format-thousand_symbol=\",\"  data-format-currency_symbol=\"$\"  data-name-style=\"22_1759718590.css\" data-format=\"YYYY-MM-DD\" id=\"wptmTbl22\" data-id=\"22\" data-responsive=\"false\" data-hideCols=\"false\"  data-type=\"html\" data-paging=\"false\" data-searching=\"true\"  data-ordering=\"false\" data-table-breakpoint=\"980\" data-scroll-x=\"true\" data-scroll-collapse=\"true\" data-align=\"center\" data-range=\"[]\" data-hideColumn=\"[0,0,0,0,0]\"  data-colwidths=\"[228,228,228,228,228]\"  data-colwidths_desktop=[]  data-colwidths_tablet=[]  data-colwidths_mobile=[]  class=\"wptm_main_table  disablePager hideScrollHeader\"><colgroup><col data-dtr=\"0\" data-dtc=\"0\" class=\"dtc0\"><col data-dtr=\"0\" data-dtc=\"1\" class=\"dtc1\"><col data-dtr=\"0\" data-dtc=\"2\" class=\"dtc2\"><col data-dtr=\"0\" data-dtc=\"3\" class=\"dtc3\"><col data-dtr=\"0\" data-dtc=\"4\" class=\"dtc4\"><\/colgroup><thead><tr class=\"wptm-header-cells-index\"><th rowspan=\"1\" colspan=\"1\" data-dtr=\"0\" data-dtc=\"0\" class=\"dtr0 dtc0\"><\/th><th rowspan=\"1\" colspan=\"1\" data-dtr=\"0\" data-dtc=\"1\" class=\"dtr0 dtc1\"><\/th><th rowspan=\"1\" colspan=\"1\" data-dtr=\"0\" data-dtc=\"2\" class=\"dtr0 dtc2\"><\/th><th rowspan=\"1\" colspan=\"1\" data-dtr=\"0\" data-dtc=\"3\" class=\"dtr0 dtc3\"><\/th><th rowspan=\"1\" colspan=\"1\" data-dtr=\"0\" data-dtc=\"4\" class=\"dtr0 dtc4\"><\/th><\/tr><tr class=\" row0\"><th   data-priority=\"0\" class=\"dtr0 dtc0\"><\/th><th   data-priority=\"0\" class=\"dtr0 dtc1\">Sweeping Arm 8<\/th><th   data-priority=\"0\" class=\"dtr0 dtc2\">Sweeping Arm 10<\/th><th   data-priority=\"0\" class=\"dtr0 dtc3\">Sweeping Arm 12<\/th><th   data-priority=\"0\" class=\"dtr0 dtc4\">Sweeping Arm 15<\/th><\/thead><tbody><tr class=\" row1\"><td    class=\"dtr1 dtc0\">Oil Recovery Capacity<\/td><td  colspan=\"4\"   class=\"dtr1 dtc1\">100 m\u00b3\/h (standard) - 150 m\u00b3\/h (optional) - 200 m\u00b3\/h (optional) - 250 m\u00b3\/h (optional) - 300 m\u00b3\/h (optional) - 350 m\u00b3\/h (optional)<\/td><td  style=\"display: none\"   class=\"dtr1 dtc2\"><\/td><td  style=\"display: none\"   class=\"dtr1 dtc3\"><\/td><td  style=\"display: none\"   class=\"dtr1 dtc4\"><\/td><\/tr><tr class=\" row2\"><td    class=\"dtr2 dtc0\">Free Water Content<\/td><td    class=\"dtr2 dtc1\">&lt;5%<\/td><td    class=\"dtr2 dtc2\">&lt;5%<\/td><td    class=\"dtr2 dtc3\">&lt;5%<\/td><td    class=\"dtr2 dtc4\">&lt;5%<\/td><\/tr><tr class=\" row3\"><td    class=\"dtr3 dtc0\">Sea Condition<\/td><td    class=\"dtr3 dtc1\">Up to Beaufort 5<\/td><td    class=\"dtr3 dtc2\">Up to Beaufort 5<\/td><td    class=\"dtr3 dtc3\">Up to Beaufort 5<\/td><td    class=\"dtr3 dtc4\">Up to Beaufort 5<\/td><\/tr><tr class=\" row4\"><td    class=\"dtr4 dtc0\">Oil Collection Speed<\/td><td    class=\"dtr4 dtc1\">Up to 5 knots<\/td><td    class=\"dtr4 dtc2\">Up to 5 knots<\/td><td    class=\"dtr4 dtc3\">Up to 5 knots<\/td><td    class=\"dtr4 dtc4\">Up to 5 knots<\/td><\/tr><tr class=\" row5\"><td    class=\"dtr5 dtc0\">Length<\/td><td    class=\"dtr5 dtc1\">8 m<\/td><td    class=\"dtr5 dtc2\">10 m<\/td><td    class=\"dtr5 dtc3\">12 m<\/td><td    class=\"dtr5 dtc4\">15 m<\/td><\/tr><tr class=\" row6\"><td    class=\"dtr6 dtc0\">Pump Type<\/td><td  colspan=\"4\"   class=\"dtr6 dtc1\">Hydraulic heavy duty screw pump ( Others on request )<\/td><td  style=\"display: none\"   class=\"dtr6 dtc2\"><\/td><td  style=\"display: none\"   class=\"dtr6 dtc3\"><\/td><td  style=\"display: none\"   class=\"dtr6 dtc4\"><\/td><\/tr><tr class=\" row7\"><td    class=\"dtr7 dtc0\">Skimmer Type<\/td><td  colspan=\"4\"   class=\"dtr7 dtc1\">Weir  (standard) - Brush  (optional) - Disc (optional)<\/td><td  style=\"display: none\"   class=\"dtr7 dtc2\"><\/td><td  style=\"display: none\"   class=\"dtr7 dtc3\"><\/td><td  style=\"display: none\"   class=\"dtr7 dtc4\"><\/td><\/tr><\/tbody><tfoot><tr><td class=\"dtr7 dtc0\" style=\"height: 0;\"><\/td><td class=\"dtr7 dtc1\" style=\"height: 0;\"><\/td><td class=\"dtr7 dtc2\" style=\"height: 0;\"><\/td><td class=\"dtr7 dtc3\" style=\"height: 0;\"><\/td><td class=\"dtr7 dtc4\" style=\"height: 0;\"><\/td><\/tr><\/tfoot><\/table><\/div><style>#wptmtable22 .dataTables_wrapper > .dataTables_scroll {max-height:500px;overflow: auto;}<\/style><script>window.wptm_ajaxurl = 'https:\/\/mavideniz.com.tr\/wp-admin\/admin-ajax.php?juwpfisadmin=false&action=Wptm&'; window.wptm_front = 'https:\/\/mavideniz.com.tr\/wp-content\/plugins\/wp-table-manager\/app\/site\/assets\/'; window.wptm_style = 'https:\/\/mavideniz.com.tr\/wp-content\/uploads\/wptm\/';<\/script><\/div><style><\/style>\n","protected":false},"excerpt":{"rendered":"<p>Petrol s\u0131z\u0131nt\u0131lar\u0131na kar\u015f\u0131 en son al\u0131nan \u00f6nlemlere ra\u011fmen, bunlar hala \u00e7evremiz i\u00e7in h\u00e2l\u00e2 birer tehdit unsuru. \u00c7evresel ve ekonomik sonu\u00e7lar\u0131 [&hellip;]<\/p>\n","protected":false},"author":1,"featured_media":0,"parent":27176,"menu_order":0,"comment_status":"closed","ping_status":"closed","template":"","meta":{"site-sidebar-layout":"default","site-content-layout":"","ast-site-content-layout":"default","site-content-style":"default","site-sidebar-style":"default","ast-global-header-display":"","ast-banner-title-visibility":"","ast-main-header-display":"","ast-hfb-above-header-display":"","ast-hfb-below-header-display":"","ast-hfb-mobile-header-display":"","site-post-title":"","ast-breadcrumbs-content":"","ast-featured-img":"","footer-sml-layout":"","ast-disable-related-posts":"","theme-transparent-header-meta":"","adv-header-id-meta":"","stick-header-meta":"","header-above-stick-meta":"","header-main-stick-meta":"","header-below-stick-meta":"","astra-migrate-meta-layouts":"default","ast-page-background-enabled":"default","ast-page-background-meta":{"desktop":{"background-color":"var(--ast-global-color-5)","background-image":"","background-repeat":"repeat","background-position":"center center","background-size":"auto","background-attachment":"scroll","background-type":"","background-media":"","overlay-type":"","overlay-color":"","overlay-opacity":"","overlay-gradient":""},"tablet":{"background-color":"","background-image":"","background-repeat":"repeat","background-position":"center center","background-size":"auto","background-attachment":"scroll","background-type":"","background-media":"","overlay-type":"","overlay-color":"","overlay-opacity":"","overlay-gradient":""},"mobile":{"background-color":"","background-image":"","background-repeat":"repeat","background-position":"center center","background-size":"auto","background-attachment":"scroll","background-type":"","background-media":"","overlay-type":"","overlay-color":"","overlay-opacity":"","overlay-gradient":""}},"ast-content-background-meta":{"desktop":{"background-color":"var(--ast-global-color-4)","background-image":"","background-repeat":"repeat","background-position":"center center","background-size":"auto","background-attachment":"scroll","background-type":"","background-media":"","overlay-type":"","overlay-color":"","overlay-opacity":"","overlay-gradient":""},"tablet":{"background-color":"var(--ast-global-color-4)","background-image":"","background-repeat":"repeat","background-position":"center center","background-size":"auto","background-attachment":"scroll","background-type":"","background-media":"","overlay-type":"","overlay-color":"","overlay-opacity":"","overlay-gradient":""},"mobile":{"background-color":"var(--ast-global-color-4)","background-image":"","background-repeat":"repeat","background-position":"center center","background-size":"auto","background-attachment":"scroll","background-type":"","background-media":"","overlay-type":"","overlay-color":"","overlay-opacity":"","overlay-gradient":""}},"footnotes":""},"class_list":["post-27197","page","type-page","status-publish","hentry"],"_links":{"self":[{"href":"https:\/\/mavideniz.com.tr\/tr\/wp-json\/wp\/v2\/pages\/27197","targetHints":{"allow":["GET"]}}],"collection":[{"href":"https:\/\/mavideniz.com.tr\/tr\/wp-json\/wp\/v2\/pages"}],"about":[{"href":"https:\/\/mavideniz.com.tr\/tr\/wp-json\/wp\/v2\/types\/page"}],"author":[{"embeddable":true,"href":"https:\/\/mavideniz.com.tr\/tr\/wp-json\/wp\/v2\/users\/1"}],"replies":[{"embeddable":true,"href":"https:\/\/mavideniz.com.tr\/tr\/wp-json\/wp\/v2\/comments?post=27197"}],"version-history":[{"count":0,"href":"https:\/\/mavideniz.com.tr\/tr\/wp-json\/wp\/v2\/pages\/27197\/revisions"}],"up":[{"embeddable":true,"href":"https:\/\/mavideniz.com.tr\/tr\/wp-json\/wp\/v2\/pages\/27176"}],"wp:attachment":[{"href":"https:\/\/mavideniz.com.tr\/tr\/wp-json\/wp\/v2\/media?parent=27197"}],"curies":[{"name":"wp","href":"https:\/\/api.w.org\/{rel}","templated":true}]}}