{"id":27205,"date":"2021-10-03T17:16:29","date_gmt":"2021-10-03T17:16:29","guid":{"rendered":"https:\/\/mavideniz.com.tr\/?page_id=27205"},"modified":"2021-11-12T18:34:33","modified_gmt":"2021-11-12T18:34:33","slug":"savak-yag-siyirici","status":"publish","type":"page","link":"https:\/\/mavideniz.com.tr\/tr\/urunler\/petrol-yag-siyirici\/savak-yag-siyirici\/","title":{"rendered":"Savak Ya\u011f S\u0131y\u0131r\u0131c\u0131"},"content":{"rendered":"\n<p>Savak s\u0131y\u0131r\u0131c\u0131, sakin ve sert hava ko\u015fullar\u0131nda su \u00fczerinde y\u00fczen bir petrolden 70 \u2013 350 m3\/saat aral\u0131\u011f\u0131nda orta ila y\u00fcksek viskoziteli petrol s\u0131z\u0131nt\u0131s\u0131, petrol ve petrol em\u00fclsiyonlar\u0131n\u0131 geri kazanmak i\u00e7in tasarlanm\u0131\u015ft\u0131r. Bent s\u0131y\u0131r\u0131c\u0131, kayganl\u0131\u011f\u0131n \u00fcst y\u00fczeyinin hemen alt\u0131nda bulunan merkezi bendin \u00fcst\u00fcndeki petrol\u00fc, yer\u00e7ekimi kuvvetiyle, depolamaya pompaland\u0131\u011f\u0131 bir birincil rezervuara se\u00e7ici olarak kurtar\u0131r. Savak Ya\u011f S\u0131y\u0131r\u0131c\u0131 sistemi, bir pompa + y\u00fczer sistem + g\u00fc\u00e7 paketi + hortum makaras\u0131 + uzaktan kumandadan olu\u015fur.<\/p>\n<p>Kendinden ayarlanabilen bir savakla, s\u0131y\u0131rma sisteminin ileri hareketi, s\u0131y\u0131r\u0131c\u0131ya ak\u0131\u015f\u0131 sa\u011flar. Savak a\u00e7\u0131kl\u0131\u011f\u0131n\u0131n boyutuna ba\u011fl\u0131 olarak, deniz s\u00fcp\u00fcr\u00fcc\u00fc kar\u015f\u0131la\u015ft\u0131\u011f\u0131 \u015feylerin \u00e7o\u011funu kabul ederek y\u00fcksek viskoziteli ya\u011flar\u0131 i\u015flemesine izin verecektir. \u0130lerleyen Bent S\u0131y\u0131r\u0131c\u0131 tipik olarak b\u00fcy\u00fck hacimlerde suyu geri kazan\u0131r; genel verimlili\u011fi art\u0131rmak i\u00e7in ya\u011f\/su ayr\u0131m\u0131 dikkate al\u0131nmal\u0131d\u0131r. Savak s\u0131y\u0131r\u0131c\u0131s\u0131, savaktaki petrol ak\u0131\u015f\u0131n\u0131 ind\u00fckleyen bir ak\u0131m yarat\u0131r ve bu konsantre edici etki, geri kazan\u0131m verimlili\u011fini artt\u0131r\u0131r.<\/p>\n<p>Savak Ya\u011f S\u0131y\u0131r\u0131c\u0131 sistemi genellikle tamamen hidrolik olarak \u00e7al\u0131\u015ft\u0131r\u0131l\u0131r; iste\u011fe ba\u011fl\u0131 dizel, gaz veya elektrikli hidrolik g\u00fc\u00e7 paketleri, pn\u00f6matik veya elektrik g\u00fcc\u00fc ve manuel veya uzaktan \u00e7al\u0131\u015ft\u0131rma m\u00fcmk\u00fcnd\u00fcr. S\u00fcrekli kendi kendine y\u00fczen g\u00f6bek ve itici sistemi ile Weir Oil Skimmer, 150 metreye kadar hareket kabiliyeti kazan\u0131r.<\/p>\n<p>Pompa, Weir Skimmer i\u00e7in entegre veya harici olabilir, skimmerden \u00e7\u0131kar\u0131labilir ve tanker bo\u015faltma pompas\u0131 olarak kullan\u0131labilir.<\/p>\n<p>Entegre santrif\u00fcj vidal\u0131 pompa, astarlama gerektirmez, viskoz ya\u011f\u0131 i\u015fler, \u00e7o\u011fu kal\u0131nt\u0131 t\u00fcr\u00fcne toleransl\u0131d\u0131r ve ya\u011f\/su em\u00fclsiyonlar\u0131 olu\u015fturmaz.<\/p>\n<p>Savak s\u0131y\u0131r\u0131c\u0131ya harici bir pompa tak\u0131labilir. Bent s\u0131y\u0131r\u0131c\u0131n\u0131n s\u0131y\u0131rma kafas\u0131 tipik olarak k\u00fc\u00e7\u00fck ve manevra kabiliyetine sahiptir, bu da r\u0131ht\u0131m kaz\u0131klar\u0131 gibi dar alanlarda kullan\u0131m\u0131na izin verir.<\/p>\n<p>S\u0131y\u0131r\u0131c\u0131, hafif dizel yak\u0131ttan enkazla kar\u0131\u015ft\u0131r\u0131lm\u0131\u015f a\u011f\u0131r ham petrole kadar t\u00fcm petrol t\u00fcrlerini i\u015fler. Koruma \u0131zgaras\u0131 s\u0131y\u0131r\u0131c\u0131y\u0131 korur ve ayr\u0131ca pompan\u0131n hem giri\u015f hem de \u00e7\u0131k\u0131\u015f ucuna \u00f6zel kesme b\u0131\u00e7aklar\u0131 tak\u0131lm\u0131\u015ft\u0131r.<\/p>\n<p><strong>Savak Ya\u011f S\u0131y\u0131r\u0131c\u0131 \u2013 Ya\u011f S\u0131y\u0131rma Uygulamalar\u0131 \u00fc\u00e7 gruba ayr\u0131l\u0131r;<\/strong><\/p>\n<ul>\n<li><strong>Offshore Petrol S\u0131z\u0131nt\u0131s\u0131<\/strong><br \/>\nPetrol\u00fc a\u00e7\u0131k denizden ve a\u00e7\u0131k denizden ay\u0131ran ve ay\u0131ran y\u00fcksek kapasiteli y\u00fczer ya\u011f s\u0131y\u0131r\u0131c\u0131<\/li>\n<li><strong>\u0130\u00e7 Sular + K\u0131y\u0131 Sular\u0131 Petrol S\u0131z\u0131nt\u0131s\u0131<\/strong><br \/>\nPetrol\u00fc i\u00e7 sulardan ve k\u0131y\u0131 sular\u0131ndan ay\u0131ran ve ay\u0131ran y\u00fcksek veya d\u00fc\u015f\u00fck kapasiteli y\u00fczer ya\u011f s\u0131y\u0131r\u0131c\u0131<\/li>\n<li><strong>End\u00fcstriyel Ya\u011f S\u0131y\u0131rma<\/strong><br \/>\ngibi tehlikeli ve a\u015f\u0131nd\u0131r\u0131c\u0131 ortamlarda \u00fcretim ve i\u015fleme faaliyetlerinden at\u0131k su y\u00f6netimine kadar \u00e7e\u015fitli end\u00fcstriyel ortamlarda s\u00fcz\u00fclen ve ayr\u0131lan y\u00fcksek veya d\u00fc\u015f\u00fck kapasiteli y\u00fczer ya\u011f s\u0131y\u0131r\u0131c\u0131<br \/>\n(At\u0131ksu + G\u0131da i\u015fleme + Rafineriler + \u00c7elik Fabrikalar\u0131 &#8211; \u00d6l\u00e7ek \u00e7ukurlar\u0131 + Bitkisel Ya\u011f \u0130\u015fleme Tesisi + Kimya Tesisi + Ya\u011f \u0130\u015fleme)<\/li>\n<\/ul>\n<div class=\"wptm_table tablesorter-bootstrap \" data-id=\"28\" data-hightlight=\"0\"><div class=\"wptm_buttons buttons_wptmTbl28\"><\/div><div class=\"wptmresponsive dataTables-wptmtable wptmtable \" id=\"wptmtable28\" data-tableid=\"wptmTbl28\"><table data-count-header=\"1\"  data-format-decimal_count=\"0\" data-format-decimal_symbol=\".\" data-format-symbol_position=\"0\" data-format-thousand_symbol=\",\"  data-format-currency_symbol=\"$\"  data-name-style=\"28_1759717305.css\" data-format=\"YYYY-MM-DD\" id=\"wptmTbl28\" data-id=\"28\" data-responsive=\"false\" data-hideCols=\"false\"  data-type=\"html\" data-paging=\"false\" data-searching=\"true\"  data-ordering=\"false\" data-table-breakpoint=\"980\" data-scroll-x=\"true\" data-scroll-collapse=\"true\" data-align=\"center\" data-range=\"[]\" data-hideColumn=\"[0,0,0,0,0,0,0]\"  data-colwidths=\"[160,160,160,160,160,160,160]\"  data-colwidths_desktop=[]  data-colwidths_tablet=[]  data-colwidths_mobile=[]  class=\"wptm_main_table  disablePager hideScrollHeader\"><colgroup><col data-dtr=\"0\" data-dtc=\"0\" class=\"dtc0\"><col data-dtr=\"0\" data-dtc=\"1\" class=\"dtc1\"><col data-dtr=\"0\" data-dtc=\"2\" class=\"dtc2\"><col data-dtr=\"0\" data-dtc=\"3\" class=\"dtc3\"><col data-dtr=\"0\" data-dtc=\"4\" class=\"dtc4\"><col data-dtr=\"0\" data-dtc=\"5\" class=\"dtc5\"><col data-dtr=\"0\" data-dtc=\"6\" class=\"dtc6\"><\/colgroup><thead><tr class=\"wptm-header-cells-index\"><th rowspan=\"1\" colspan=\"1\" data-dtr=\"0\" data-dtc=\"0\" class=\"dtr0 dtc0\"><\/th><th rowspan=\"1\" colspan=\"1\" data-dtr=\"0\" data-dtc=\"1\" class=\"dtr0 dtc1\"><\/th><th rowspan=\"1\" colspan=\"1\" data-dtr=\"0\" data-dtc=\"2\" class=\"dtr0 dtc2\"><\/th><th rowspan=\"1\" colspan=\"1\" data-dtr=\"0\" data-dtc=\"3\" class=\"dtr0 dtc3\"><\/th><th rowspan=\"1\" colspan=\"1\" data-dtr=\"0\" data-dtc=\"4\" class=\"dtr0 dtc4\"><\/th><th rowspan=\"1\" colspan=\"1\" data-dtr=\"0\" data-dtc=\"5\" class=\"dtr0 dtc5\"><\/th><th rowspan=\"1\" colspan=\"1\" data-dtr=\"0\" data-dtc=\"6\" class=\"dtr0 dtc6\"><\/th><\/tr><tr class=\" row0\"><th   data-priority=\"0\" class=\"dtr0 dtc0\"><\/th><th   data-priority=\"0\" class=\"dtr0 dtc1\">Weir 350<\/th><th   data-priority=\"0\" class=\"dtr0 dtc2\">Weir 250<\/th><th   data-priority=\"0\" class=\"dtr0 dtc3\">Weir 125<\/th><th   data-priority=\"0\" class=\"dtr0 dtc4\">Weir 100<\/th><th   data-priority=\"0\" class=\"dtr0 dtc5\">Weir 70<\/th><th   data-priority=\"0\" class=\"dtr0 dtc6\">Weir 60<\/th><\/thead><tbody><tr class=\" row1\"><td    class=\"dtr1 dtc0\">Capacity<\/td><td    class=\"dtr1 dtc1\">350 m\u00b3\/h<\/td><td    class=\"dtr1 dtc2\">250 m\u00b3\/h<\/td><td    class=\"dtr1 dtc3\">125 m\u00b3\/h<\/td><td    class=\"dtr1 dtc4\">70 m\u00b3\/h<\/td><td    class=\"dtr1 dtc5\">70 m\u00b3\/h<\/td><td    class=\"dtr1 dtc6\">60 m\u00b3\/h<\/td><\/tr><tr class=\" row2\"><td    class=\"dtr2 dtc0\">Type<\/td><td  colspan=\"6\"   class=\"dtr2 dtc1\">Proven self-adjusting flow controlled inlet weir<\/td><td  style=\"display: none\"   class=\"dtr2 dtc2\"><\/td><td  style=\"display: none\"   class=\"dtr2 dtc3\"><\/td><td  style=\"display: none\"   class=\"dtr2 dtc4\"><\/td><td  style=\"display: none\"   class=\"dtr2 dtc5\"><\/td><td  style=\"display: none\"   class=\"dtr2 dtc6\"><\/td><\/tr><tr class=\" row3\"><td    class=\"dtr3 dtc0\">Skimmer Material<\/td><td  colspan=\"6\"   class=\"dtr3 dtc1\">4-pontoon with stainless steel floating frame<\/td><td  style=\"display: none\"   class=\"dtr3 dtc2\"><\/td><td  style=\"display: none\"   class=\"dtr3 dtc3\"><\/td><td  style=\"display: none\"   class=\"dtr3 dtc4\"><\/td><td  style=\"display: none\"   class=\"dtr3 dtc5\"><\/td><td  style=\"display: none\"   class=\"dtr3 dtc6\"><\/td><\/tr><tr class=\" row4\"><td    class=\"dtr4 dtc0\">Hydraulic Pressure<\/td><td  colspan=\"6\"   class=\"dtr4 dtc1\">Max. 300 - 250 bar<\/td><td  style=\"display: none\"   class=\"dtr4 dtc2\"><\/td><td  style=\"display: none\"   class=\"dtr4 dtc3\"><\/td><td  style=\"display: none\"   class=\"dtr4 dtc4\"><\/td><td  style=\"display: none\"   class=\"dtr4 dtc5\"><\/td><td  style=\"display: none\"   class=\"dtr4 dtc6\"><\/td><\/tr><tr class=\" row5\"><td    class=\"dtr5 dtc0\">Discharge Hose<\/td><td    class=\"dtr5 dtc1\">\u00d86\u201d 20 m Hose<\/td><td    class=\"dtr5 dtc2\">\u00d86\u201d 20 m Hose<\/td><td    class=\"dtr5 dtc3\">\u00d84\u201d 20 m Hose<\/td><td    class=\"dtr5 dtc4\">\u00d84\u201d 20 m Hose<\/td><td    class=\"dtr5 dtc5\">\u00d83\u201d 20 m Hose<\/td><td    class=\"dtr5 dtc6\">\u00d83\u201d 20 m Hose<\/td><\/tr><tr class=\" row6\"><td    class=\"dtr6 dtc0\">Dimention<\/td><td    class=\"dtr6 dtc1\">2 x 2 x 1.4 m<\/td><td    class=\"dtr6 dtc2\">2 x 2 x 1.2 m<\/td><td    class=\"dtr6 dtc3\">1.8 x 1.8 x 1.2 m<\/td><td    class=\"dtr6 dtc4\">1.8 x 1.6 x 1,1 m<\/td><td    class=\"dtr6 dtc5\">1.7 x 1.5 x 0.6 m<\/td><td    class=\"dtr6 dtc6\">1.5 x 1.3 x 0.6 m<\/td><\/tr><tr class=\" row7\"><td    class=\"dtr7 dtc0\">Optional<\/td><td  colspan=\"6\"   class=\"dtr7 dtc1\">Storage and Transport Container | Hose Reel (Hydraulic \/ Discharge) | Annular Water Injection Flange | Spare Parts | Repair Kit | Off-loading Archimedes Screw Pump | Thruster \/ Remote Control | Canvas Covers | Self Floating Umbilical Hose | Hose Handling Crane<\/td><td  style=\"display: none\"   class=\"dtr7 dtc2\"><\/td><td  style=\"display: none\"   class=\"dtr7 dtc3\"><\/td><td  style=\"display: none\"   class=\"dtr7 dtc4\"><\/td><td  style=\"display: none\"   class=\"dtr7 dtc5\"><\/td><td  style=\"display: none\"   class=\"dtr7 dtc6\"><\/td><\/tr><\/tbody><tfoot><tr><td class=\"dtr7 dtc0\" style=\"height: 0;\"><\/td><td class=\"dtr7 dtc1\" style=\"height: 0;\"><\/td><td class=\"dtr7 dtc2\" style=\"height: 0;\"><\/td><td class=\"dtr7 dtc3\" style=\"height: 0;\"><\/td><td class=\"dtr7 dtc4\" style=\"height: 0;\"><\/td><td class=\"dtr7 dtc5\" style=\"height: 0;\"><\/td><td class=\"dtr7 dtc6\" style=\"height: 0;\"><\/td><\/tr><\/tfoot><\/table><\/div><style>#wptmtable28 .dataTables_wrapper > .dataTables_scroll {max-height:500px;overflow: auto;}<\/style><script>window.wptm_ajaxurl = 'https:\/\/mavideniz.com.tr\/wp-admin\/admin-ajax.php?juwpfisadmin=false&action=Wptm&'; window.wptm_front = 'https:\/\/mavideniz.com.tr\/wp-content\/plugins\/wp-table-manager\/app\/site\/assets\/'; window.wptm_style = 'https:\/\/mavideniz.com.tr\/wp-content\/uploads\/wptm\/';<\/script><\/div><style><\/style>\n","protected":false},"excerpt":{"rendered":"<p>Savak s\u0131y\u0131r\u0131c\u0131, sakin ve sert hava ko\u015fullar\u0131nda su \u00fczerinde y\u00fczen bir petrolden 70 \u2013 350 m3\/saat aral\u0131\u011f\u0131nda orta ila y\u00fcksek [&hellip;]<\/p>\n","protected":false},"author":1,"featured_media":0,"parent":27058,"menu_order":0,"comment_status":"closed","ping_status":"closed","template":"","meta":{"site-sidebar-layout":"default","site-content-layout":"","ast-site-content-layout":"default","site-content-style":"default","site-sidebar-style":"default","ast-global-header-display":"","ast-banner-title-visibility":"","ast-main-header-display":"","ast-hfb-above-header-display":"","ast-hfb-below-header-display":"","ast-hfb-mobile-header-display":"","site-post-title":"","ast-breadcrumbs-content":"","ast-featured-img":"","footer-sml-layout":"","ast-disable-related-posts":"","theme-transparent-header-meta":"","adv-header-id-meta":"","stick-header-meta":"","header-above-stick-meta":"","header-main-stick-meta":"","header-below-stick-meta":"","astra-migrate-meta-layouts":"default","ast-page-background-enabled":"default","ast-page-background-meta":{"desktop":{"background-color":"var(--ast-global-color-5)","background-image":"","background-repeat":"repeat","background-position":"center center","background-size":"auto","background-attachment":"scroll","background-type":"","background-media":"","overlay-type":"","overlay-color":"","overlay-opacity":"","overlay-gradient":""},"tablet":{"background-color":"","background-image":"","background-repeat":"repeat","background-position":"center center","background-size":"auto","background-attachment":"scroll","background-type":"","background-media":"","overlay-type":"","overlay-color":"","overlay-opacity":"","overlay-gradient":""},"mobile":{"background-color":"","background-image":"","background-repeat":"repeat","background-position":"center center","background-size":"auto","background-attachment":"scroll","background-type":"","background-media":"","overlay-type":"","overlay-color":"","overlay-opacity":"","overlay-gradient":""}},"ast-content-background-meta":{"desktop":{"background-color":"var(--ast-global-color-4)","background-image":"","background-repeat":"repeat","background-position":"center center","background-size":"auto","background-attachment":"scroll","background-type":"","background-media":"","overlay-type":"","overlay-color":"","overlay-opacity":"","overlay-gradient":""},"tablet":{"background-color":"var(--ast-global-color-4)","background-image":"","background-repeat":"repeat","background-position":"center center","background-size":"auto","background-attachment":"scroll","background-type":"","background-media":"","overlay-type":"","overlay-color":"","overlay-opacity":"","overlay-gradient":""},"mobile":{"background-color":"var(--ast-global-color-4)","background-image":"","background-repeat":"repeat","background-position":"center center","background-size":"auto","background-attachment":"scroll","background-type":"","background-media":"","overlay-type":"","overlay-color":"","overlay-opacity":"","overlay-gradient":""}},"footnotes":""},"class_list":["post-27205","page","type-page","status-publish","hentry"],"_links":{"self":[{"href":"https:\/\/mavideniz.com.tr\/tr\/wp-json\/wp\/v2\/pages\/27205","targetHints":{"allow":["GET"]}}],"collection":[{"href":"https:\/\/mavideniz.com.tr\/tr\/wp-json\/wp\/v2\/pages"}],"about":[{"href":"https:\/\/mavideniz.com.tr\/tr\/wp-json\/wp\/v2\/types\/page"}],"author":[{"embeddable":true,"href":"https:\/\/mavideniz.com.tr\/tr\/wp-json\/wp\/v2\/users\/1"}],"replies":[{"embeddable":true,"href":"https:\/\/mavideniz.com.tr\/tr\/wp-json\/wp\/v2\/comments?post=27205"}],"version-history":[{"count":0,"href":"https:\/\/mavideniz.com.tr\/tr\/wp-json\/wp\/v2\/pages\/27205\/revisions"}],"up":[{"embeddable":true,"href":"https:\/\/mavideniz.com.tr\/tr\/wp-json\/wp\/v2\/pages\/27058"}],"wp:attachment":[{"href":"https:\/\/mavideniz.com.tr\/tr\/wp-json\/wp\/v2\/media?parent=27205"}],"curies":[{"name":"wp","href":"https:\/\/api.w.org\/{rel}","templated":true}]}}