{"id":27228,"date":"2021-10-04T02:44:30","date_gmt":"2021-10-04T02:44:30","guid":{"rendered":"https:\/\/mavideniz.com.tr\/?page_id=27228"},"modified":"2023-04-02T14:35:27","modified_gmt":"2023-04-02T14:35:27","slug":"pozitif-deplasmanli-arsimet-vidali-pompa","status":"publish","type":"page","link":"https:\/\/mavideniz.com.tr\/tr\/urunler\/pompalar\/pozitif-deplasmanli-arsimet-vidali-pompa\/","title":{"rendered":"Pozitif Deplasmanl\u0131 Ar\u015fimet Vidal\u0131 Pompa"},"content":{"rendered":"<p><br \/>\nPozitif Deplasmanl\u0131 Ar\u015fimet Vidal\u0131 Pompa, kat\u0131 s\u0131v\u0131 veya so\u011fuk bit\u00fcmen, so\u011fuk a\u011f\u0131r yak\u0131t ya\u011f\u0131, em\u00fclsiyonlu ham petrol gibi y\u00fcksek derecede zehirli s\u0131v\u0131lar\u0131 i\u00e7eren kompleks s\u0131v\u0131lar\u0131 transfer etmek i\u00e7in tasarlanm\u0131\u015ft\u0131r. Ar\u015fimet Vidal\u0131 Pompa, pompan\u0131n i\u00e7indeki verimli s\u0131zd\u0131rmazl\u0131k sayesinde dizel yak\u0131t veya su gibi d\u00fc\u015f\u00fck viskoziteli s\u0131v\u0131lar\u0131 y\u00fcksek bas\u0131n\u00e7larda da i\u015fleyebilir.<\/p>\n<p>Ar\u015fimet Vidal\u0131 Pompa, basma y\u00fcksekli\u011fi artarken debi d\u00fczg\u00fcn bir \u015fekilde azal\u0131r; bu, artan bas\u0131n\u00e7la birlikte debi \u00f6nemli \u00f6l\u00e7\u00fcde azalan dalg\u0131\u00e7 santrif\u00fcj vidal\u0131 pompalar\u0131n ay\u0131rt edici unsurudur. Ayr\u0131ca, \u00f6nemli miktarda tahliye bas\u0131nc\u0131, uzun mesafeli pompalamaya izin verir.<\/p>\n<p>Ar\u015fimet Vidal\u0131 Pompa, Pozitif Deplasmanl\u0131 Ar\u015fimet Vidal\u0131 pompaya tahliye bas\u0131nc\u0131 giri\u015fini iyile\u015ftiren ve viskoz ya\u011f ile hortum duvar\u0131 aras\u0131nda bir ya\u011flama suyu man\u015fonu olu\u015fturan Dairesel Su Enjeksiyon Sistemine sahiptir.<\/p>\n<p>Ar\u015fimet Vidal\u0131 Pompa, donan havalarda, zorlu ortamlarda veya uzak konumlarda pompalayabilen, yan\u0131t\u0131 zorla\u015ft\u0131ran ve mevcut bir g\u00fc\u00e7 kayna\u011f\u0131 ve hortum envanteri ile tam uyumlu olan bu teknolojiye sahiptir.<\/p>\n<p><strong>Uygulamalar<\/strong><\/p>\n<ul>\n<li>Ya\u011f s\u0131y\u0131rma<\/li>\n<li>Acil durum transferi<\/li>\n<li>Yak\u0131t ikmali<\/li>\n<li>Sintine pompalama<\/li>\n<li>\u00c7amur pompalama<\/li>\n<li>Bit\u00fcm Pompalama<\/li>\n<li>Bo\u015faltma<\/li>\n<li>Balastlama<\/li>\n<li>S\u0131\u011f kuyular veya y\u00fczeyde<\/li>\n<li>Ya\u011f S\u0131y\u0131r\u0131c\u0131 Sistemlerinde Transfer pompas\u0131<\/li>\n<li>Herhangi bir viskozite ve em\u00fclsiyondaki hidrokarbonlar\u0131n Acil Pompalanmas\u0131<\/li>\n<li>Yang\u0131n s\u00f6nd\u00fcrme<\/li>\n<\/ul>\n<p><strong>\u00d6zellikleri<\/strong><\/p>\n<ul>\n<li>Kimyasal Dayan\u0131kl\u0131<\/li>\n<li>Sa\u011flam ve deniz suyuna dayan\u0131kl\u0131<\/li>\n<li>K\u00fc\u00e7\u00fck boyutlu ve ta\u015f\u0131nabilir<\/li>\n<li>S\u0131zd\u0131rmazl\u0131k diskli Ar\u015fimet vidal\u0131 pompa<\/li>\n<li>Tamamen paslanmaz \u00e7elik AISI-316&#8217;dan \u00fcretilmi\u015ftir<\/li>\n<li>Pozitif yer de\u011fi\u015ftirme lineer ak\u0131\u015f.<\/li>\n<li>Suya dald\u0131r\u0131lm\u0131\u015f, borulu veya deniz s\u00fcp\u00fcr\u00fcc\u00fclerde \u00e7al\u0131\u015fabilir<\/li>\n<li>Viskoz ve a\u015f\u0131nd\u0131r\u0131c\u0131 s\u0131v\u0131lar\u0131 pompalamak i\u00e7in m\u00fckemmel<\/li>\n<li>em\u00fclsiyon yapmaz<\/li>\n<li>Y\u00fcksek da\u011f\u0131t\u0131m bas\u0131nc\u0131<\/li>\n<li>Kolay bak\u0131m<\/li>\n<li>Tek par\u00e7a s\u0131zd\u0131rmazl\u0131k diski. C\u0131vata kullan\u0131lmad\u0131<\/li>\n<li>Kuru ko\u015fu<\/li>\n<\/ul>\n<div class=\"wptm_table tablesorter-bootstrap \" data-id=\"90\" data-hightlight=\"0\"><div class=\"wptm_buttons buttons_wptmTbl90\"><\/div><div class=\"wptmresponsive dataTables-wptmtable wptmtable \" id=\"wptmtable90\" data-tableid=\"wptmTbl90\"><table data-count-header=\"1\"  data-format-decimal_count=\"0\" data-format-decimal_symbol=\".\" data-format-symbol_position=\"0\" data-format-thousand_symbol=\",\"  data-format-currency_symbol=\"$\"  data-name-style=\"90_1759673742.css\" data-format=\"YYYY-MM-DD\" id=\"wptmTbl90\" data-id=\"90\" data-responsive=\"false\" data-hideCols=\"false\"  data-type=\"html\" data-paging=\"false\" data-searching=\"true\"  data-ordering=\"false\" data-table-breakpoint=\"980\" data-scroll-x=\"true\" data-scroll-collapse=\"true\" data-align=\"center\" data-range=\"[]\" data-hideColumn=\"[0,0,0,0,0,0]\"  data-colwidths=\"[190,190,190,190,190,190]\"  data-colwidths_desktop=[]  data-colwidths_tablet=[]  data-colwidths_mobile=[]  class=\"wptm_main_table  disablePager hideScrollHeader\"><colgroup><col data-dtr=\"0\" data-dtc=\"0\" class=\"dtc0\"><col data-dtr=\"0\" data-dtc=\"1\" class=\"dtc1\"><col data-dtr=\"0\" data-dtc=\"2\" class=\"dtc2\"><col data-dtr=\"0\" data-dtc=\"3\" class=\"dtc3\"><col data-dtr=\"0\" data-dtc=\"4\" class=\"dtc4\"><col data-dtr=\"0\" data-dtc=\"5\" class=\"dtc5\"><\/colgroup><thead><tr class=\"wptm-header-cells-index\"><th rowspan=\"1\" colspan=\"1\" data-dtr=\"0\" data-dtc=\"0\" class=\"dtr0 dtc0\"><\/th><th rowspan=\"1\" colspan=\"1\" data-dtr=\"0\" data-dtc=\"1\" class=\"dtr0 dtc1\"><\/th><th rowspan=\"1\" colspan=\"1\" data-dtr=\"0\" data-dtc=\"2\" class=\"dtr0 dtc2\"><\/th><th rowspan=\"1\" colspan=\"1\" data-dtr=\"0\" data-dtc=\"3\" class=\"dtr0 dtc3\"><\/th><th rowspan=\"1\" colspan=\"1\" data-dtr=\"0\" data-dtc=\"4\" class=\"dtr0 dtc4\"><\/th><th rowspan=\"1\" colspan=\"1\" data-dtr=\"0\" data-dtc=\"5\" class=\"dtr0 dtc5\"><\/th><\/tr><tr class=\" row0\"><th   data-priority=\"0\" class=\"dtr0 dtc0\"><\/th><th   data-priority=\"0\" class=\"dtr0 dtc1\">ASP PUMP 12<\/th><th   data-priority=\"0\" class=\"dtr0 dtc2\">ASP PUMP 20<\/th><th   data-priority=\"0\" class=\"dtr0 dtc3\">ASP Pump 30<\/th><th   data-priority=\"0\" class=\"dtr0 dtc4\">ASP PUMP 50<\/th><th   data-priority=\"0\" class=\"dtr0 dtc5\">ASP PUMP 100<\/th><\/thead><tbody><tr class=\" row1\"><td    class=\"dtr1 dtc0\">Capacity<\/td><td    class=\"dtr1 dtc1\">12 m3\/h<\/td><td    class=\"dtr1 dtc2\">19 m3\/h<\/td><td    class=\"dtr1 dtc3\">31 m3\/h<\/td><td    class=\"dtr1 dtc4\">50 m3\/h<\/td><td    class=\"dtr1 dtc5\">100 m3\/h<\/td><\/tr><tr class=\" row2\"><td    class=\"dtr2 dtc0\">Pump Body<\/td><td    class=\"dtr2 dtc1\">Stainless Steel<\/td><td    class=\"dtr2 dtc2\">Stainless Steel<\/td><td    class=\"dtr2 dtc3\">Stainless Steel<\/td><td    class=\"dtr2 dtc4\">Stainless Steel<\/td><td    class=\"dtr2 dtc5\">Stainless Steel<\/td><\/tr><tr class=\" row3\"><td    class=\"dtr3 dtc0\">Sealing<\/td><td    class=\"dtr3 dtc1\">PTFE<\/td><td    class=\"dtr3 dtc2\">PTFE<\/td><td    class=\"dtr3 dtc3\">PTFE<\/td><td    class=\"dtr3 dtc4\">PTFE<\/td><td    class=\"dtr3 dtc5\">PTFE<\/td><\/tr><tr class=\" row4\"><td    class=\"dtr4 dtc0\">Solid Handling<\/td><td    class=\"dtr4 dtc1\">15 mm<\/td><td    class=\"dtr4 dtc2\">15 mm<\/td><td    class=\"dtr4 dtc3\">15 mm<\/td><td    class=\"dtr4 dtc4\">30 mm<\/td><td    class=\"dtr4 dtc5\">30 mm<\/td><\/tr><tr class=\" row5\"><td    class=\"dtr5 dtc0\">Discharge Connection<\/td><td    class=\"dtr5 dtc1\">2\u201d<\/td><td    class=\"dtr5 dtc2\">2\u201d<\/td><td    class=\"dtr5 dtc3\">3\u201d<\/td><td    class=\"dtr5 dtc4\">3\u201d<\/td><td    class=\"dtr5 dtc5\">3\u201d<\/td><\/tr><tr class=\" row6\"><td    class=\"dtr6 dtc0\">Discharge Pressure<\/td><td    class=\"dtr6 dtc1\">10 bar<\/td><td    class=\"dtr6 dtc2\">10 bar<\/td><td    class=\"dtr6 dtc3\">14 bar<\/td><td    class=\"dtr6 dtc4\">14 bar<\/td><td    class=\"dtr6 dtc5\">14 bar<\/td><\/tr><tr class=\" row7\"><td    class=\"dtr7 dtc0\">Height<\/td><td    class=\"dtr7 dtc1\">50 cm<\/td><td    class=\"dtr7 dtc2\">50 cm<\/td><td    class=\"dtr7 dtc3\">50 cm<\/td><td    class=\"dtr7 dtc4\">52 cm<\/td><td    class=\"dtr7 dtc5\">52 cm<\/td><\/tr><tr class=\" row8\"><td    class=\"dtr8 dtc0\">Width<\/td><td    class=\"dtr8 dtc1\">28 cm<\/td><td    class=\"dtr8 dtc2\">28 cm<\/td><td    class=\"dtr8 dtc3\">28 cm<\/td><td    class=\"dtr8 dtc4\">34 cm<\/td><td    class=\"dtr8 dtc5\">34 cm<\/td><\/tr><tr class=\" row9\"><td    class=\"dtr9 dtc0\">Weight<\/td><td    class=\"dtr9 dtc1\">37 kg<\/td><td    class=\"dtr9 dtc2\">37 kg<\/td><td    class=\"dtr9 dtc3\">37 kg<\/td><td    class=\"dtr9 dtc4\">52 kg<\/td><td    class=\"dtr9 dtc5\">52 kg<\/td><\/tr><tr class=\" row10\"><td    class=\"dtr10 dtc0\">Optional<\/td><td  colspan=\"5\"   class=\"dtr10 dtc1\">Annular Water injection Flange ( Steam - Hot - Cold ) - Suction Grid - Suction Macerator<\/td><td  style=\"display: none\"   class=\"dtr10 dtc2\"><\/td><td  style=\"display: none\"   class=\"dtr10 dtc3\"><\/td><td  style=\"display: none\"   class=\"dtr10 dtc4\"><\/td><td  style=\"display: none\"   class=\"dtr10 dtc5\"><\/td><\/tr><\/tbody><tfoot><tr><td class=\"dtr10 dtc0\" style=\"height: 0;\"><\/td><td class=\"dtr10 dtc1\" style=\"height: 0;\"><\/td><td class=\"dtr10 dtc2\" style=\"height: 0;\"><\/td><td class=\"dtr10 dtc3\" style=\"height: 0;\"><\/td><td class=\"dtr10 dtc4\" style=\"height: 0;\"><\/td><td class=\"dtr10 dtc5\" style=\"height: 0;\"><\/td><\/tr><\/tfoot><\/table><\/div><style>#wptmtable90 .dataTables_wrapper > .dataTables_scroll {max-height:500px;overflow: auto;}<\/style><script>window.wptm_ajaxurl = 'https:\/\/mavideniz.com.tr\/wp-admin\/admin-ajax.php?juwpfisadmin=false&action=Wptm&'; window.wptm_front = 'https:\/\/mavideniz.com.tr\/wp-content\/plugins\/wp-table-manager\/app\/site\/assets\/'; window.wptm_style = 'https:\/\/mavideniz.com.tr\/wp-content\/uploads\/wptm\/';<\/script><\/div><style><\/style>\n","protected":false},"excerpt":{"rendered":"<p>Pozitif Deplasmanl\u0131 Ar\u015fimet Vidal\u0131 Pompa, kat\u0131 s\u0131v\u0131 veya so\u011fuk bit\u00fcmen, so\u011fuk a\u011f\u0131r yak\u0131t ya\u011f\u0131, em\u00fclsiyonlu ham petrol gibi y\u00fcksek derecede [&hellip;]<\/p>\n","protected":false},"author":1,"featured_media":0,"parent":27222,"menu_order":0,"comment_status":"closed","ping_status":"closed","template":"","meta":{"site-sidebar-layout":"default","site-content-layout":"","ast-site-content-layout":"default","site-content-style":"default","site-sidebar-style":"default","ast-global-header-display":"","ast-banner-title-visibility":"","ast-main-header-display":"","ast-hfb-above-header-display":"","ast-hfb-below-header-display":"","ast-hfb-mobile-header-display":"","site-post-title":"","ast-breadcrumbs-content":"","ast-featured-img":"","footer-sml-layout":"","ast-disable-related-posts":"","theme-transparent-header-meta":"","adv-header-id-meta":"","stick-header-meta":"","header-above-stick-meta":"","header-main-stick-meta":"","header-below-stick-meta":"","astra-migrate-meta-layouts":"default","ast-page-background-enabled":"default","ast-page-background-meta":{"desktop":{"background-color":"var(--ast-global-color-5)","background-image":"","background-repeat":"repeat","background-position":"center center","background-size":"auto","background-attachment":"scroll","background-type":"","background-media":"","overlay-type":"","overlay-color":"","overlay-opacity":"","overlay-gradient":""},"tablet":{"background-color":"","background-image":"","background-repeat":"repeat","background-position":"center center","background-size":"auto","background-attachment":"scroll","background-type":"","background-media":"","overlay-type":"","overlay-color":"","overlay-opacity":"","overlay-gradient":""},"mobile":{"background-color":"","background-image":"","background-repeat":"repeat","background-position":"center center","background-size":"auto","background-attachment":"scroll","background-type":"","background-media":"","overlay-type":"","overlay-color":"","overlay-opacity":"","overlay-gradient":""}},"ast-content-background-meta":{"desktop":{"background-color":"var(--ast-global-color-4)","background-image":"","background-repeat":"repeat","background-position":"center center","background-size":"auto","background-attachment":"scroll","background-type":"","background-media":"","overlay-type":"","overlay-color":"","overlay-opacity":"","overlay-gradient":""},"tablet":{"background-color":"var(--ast-global-color-4)","background-image":"","background-repeat":"repeat","background-position":"center center","background-size":"auto","background-attachment":"scroll","background-type":"","background-media":"","overlay-type":"","overlay-color":"","overlay-opacity":"","overlay-gradient":""},"mobile":{"background-color":"var(--ast-global-color-4)","background-image":"","background-repeat":"repeat","background-position":"center center","background-size":"auto","background-attachment":"scroll","background-type":"","background-media":"","overlay-type":"","overlay-color":"","overlay-opacity":"","overlay-gradient":""}},"footnotes":""},"class_list":["post-27228","page","type-page","status-publish","hentry"],"_links":{"self":[{"href":"https:\/\/mavideniz.com.tr\/tr\/wp-json\/wp\/v2\/pages\/27228","targetHints":{"allow":["GET"]}}],"collection":[{"href":"https:\/\/mavideniz.com.tr\/tr\/wp-json\/wp\/v2\/pages"}],"about":[{"href":"https:\/\/mavideniz.com.tr\/tr\/wp-json\/wp\/v2\/types\/page"}],"author":[{"embeddable":true,"href":"https:\/\/mavideniz.com.tr\/tr\/wp-json\/wp\/v2\/users\/1"}],"replies":[{"embeddable":true,"href":"https:\/\/mavideniz.com.tr\/tr\/wp-json\/wp\/v2\/comments?post=27228"}],"version-history":[{"count":0,"href":"https:\/\/mavideniz.com.tr\/tr\/wp-json\/wp\/v2\/pages\/27228\/revisions"}],"up":[{"embeddable":true,"href":"https:\/\/mavideniz.com.tr\/tr\/wp-json\/wp\/v2\/pages\/27222"}],"wp:attachment":[{"href":"https:\/\/mavideniz.com.tr\/tr\/wp-json\/wp\/v2\/media?parent=27228"}],"curies":[{"name":"wp","href":"https:\/\/api.w.org\/{rel}","templated":true}]}}