{"id":27231,"date":"2021-10-04T02:48:36","date_gmt":"2021-10-04T02:48:36","guid":{"rendered":"https:\/\/mavideniz.com.tr\/?page_id=27231"},"modified":"2023-04-02T14:13:01","modified_gmt":"2023-04-02T14:13:01","slug":"doner-lob-pompa","status":"publish","type":"page","link":"https:\/\/mavideniz.com.tr\/tr\/urunler\/pompalar\/doner-lob-pompa\/","title":{"rendered":"D\u00f6ner Lob Pompa"},"content":{"rendered":"<p><br \/>\nMavideniz&#8217;in D\u00f6ner Lob Pompas\u0131, Petrol S\u0131z\u0131nt\u0131lar\u0131, Petrol Geri Kazan\u0131m\u0131, Ya\u011f S\u0131y\u0131rma, Ya\u011f \u00c7amuru, Kimyasal S\u0131z\u0131nt\u0131 Temizleme, \u00c7amurlar, Deniz Suyu ile Kanalizasyon, Gemilerden S\u0131v\u0131 At\u0131k, Sintine ve \u00c7amur pompalamak i\u00e7in tasarlanm\u0131\u015ft\u0131r. D\u00f6ner Lob Pompa, iki kanatl\u0131 ve \u00e7ok loblu se\u00e7enekler dahil olmak \u00fczere \u00e7e\u015fitli rotor formlar\u0131na sahiptir. Rotorlar aras\u0131ndaki temas\u0131 ortadan kald\u0131rmak i\u00e7in zamanlama di\u015flileri kullan\u0131r ve bunlar\u0131n ya\u011flay\u0131c\u0131 olmayan s\u0131v\u0131 kullan\u0131m\u0131na izin verir.<br \/>\nD\u00f6ner Lob konfig\u00fcrasyonu, R\u00f6mork Montajl\u0131 Elektrikli veya Dizel Tahrik, Dikey \u015eanz\u0131man, \u00dcstten V-Kay\u0131\u015f Tahrik, Kay\u0131\u015f Tahrikli Di\u015fli Kutusu, S\u0131ral\u0131 Di\u015fli Motor, Hidrolik Motor Tahrik, C-Y\u00fcz Di\u015fli Red\u00fckt\u00f6rl\u00fc S\u0131ral\u0131, Dizel Tahrik \u00dcnitesi veya Ya\u011f S\u0131y\u0131r\u0131c\u0131.<br \/>\nD\u00f6ner Lob Pompa, \u00fcr\u00fcn bozulmas\u0131n\u0131 en aza indirmek i\u00e7in s\u0131v\u0131n\u0131n d\u00fc\u015f\u00fck kesme ve nazik bir \u015fekilde ta\u015f\u0131nmas\u0131n\u0131 sa\u011flar.<br \/>\nD\u00f6ner Lob Pompa, elektrik motorlar\u0131, dizel motorlar ve hidrolik motorlar dahil olmak \u00fczere taban plakalar\u0131na, arabalara, r\u00f6morklara ve mevcut tahrik \u00e7e\u015fitlerine monte edilebilir.<\/p>\n<p><strong>\u00d6zellikleri<\/strong><\/p>\n<ul>\n<li>Di\u011fer pompa t\u00fcrlerinden daha az Fiziksel alan<\/li>\n<li>D\u00fc\u015f\u00fck s\u0131v\u0131 kayd\u0131rma &#8211; D\u00fc\u015f\u00fck em\u00fclsiyon &#8211; D\u00fc\u015f\u00fck bak\u0131m<\/li>\n<li>Ya\u011f ve su ay\u0131rma veya y\u00fcksek viskoziteli s\u0131v\u0131lar i\u00e7in m\u00fckemmel<\/li>\n<li>Hava ve s\u0131v\u0131 kar\u0131\u015f\u0131mlar\u0131n\u0131 verimli bir \u015fekilde pompalar<\/li>\n<li>\u0130leri veya geri \u00e7al\u0131\u015ft\u0131r\u0131labilir<\/li>\n<li>Ta\u015f\u0131nabilir<\/li>\n<li>Bak\u0131m kolayl\u0131\u011f\u0131 ve g\u00fcvenilirlik ve daha d\u00fc\u015f\u00fck yeniden olu\u015fturma s\u00fcresi<\/li>\n<\/ul>\n<div class=\"wptm_table tablesorter-bootstrap \" data-id=\"92\" data-hightlight=\"0\"><div class=\"wptm_buttons buttons_wptmTbl92\"><\/div><div class=\"wptmresponsive dataTables-wptmtable wptmtable \" id=\"wptmtable92\" data-tableid=\"wptmTbl92\"><table data-count-header=\"1\"  data-format-decimal_count=\"0\" data-format-decimal_symbol=\".\" data-format-symbol_position=\"0\" data-format-thousand_symbol=\",\"  data-format-currency_symbol=\"$\"  data-name-style=\"92_1759672498.css\" data-format=\"YYYY-MM-DD\" id=\"wptmTbl92\" data-id=\"92\" data-responsive=\"false\" data-hideCols=\"false\"  data-type=\"html\" data-paging=\"false\" data-searching=\"true\"  data-ordering=\"false\" data-table-breakpoint=\"980\" data-scroll-x=\"true\" data-scroll-collapse=\"true\" data-align=\"center\" data-range=\"[]\" data-hideColumn=\"[0,0,0,0,0,0]\"  data-colwidths=\"[190,190,190,190,190,190]\"  data-colwidths_desktop=[]  data-colwidths_tablet=[]  data-colwidths_mobile=[]  class=\"wptm_main_table  disablePager hideScrollHeader\"><colgroup><col data-dtr=\"0\" data-dtc=\"0\" class=\"dtc0\"><col data-dtr=\"0\" data-dtc=\"1\" class=\"dtc1\"><col data-dtr=\"0\" data-dtc=\"2\" class=\"dtc2\"><col data-dtr=\"0\" data-dtc=\"3\" class=\"dtc3\"><col data-dtr=\"0\" data-dtc=\"4\" class=\"dtc4\"><col data-dtr=\"0\" data-dtc=\"5\" class=\"dtc5\"><\/colgroup><thead><tr class=\"wptm-header-cells-index\"><th rowspan=\"1\" colspan=\"1\" data-dtr=\"0\" data-dtc=\"0\" class=\"dtr0 dtc0\"><\/th><th rowspan=\"1\" colspan=\"1\" data-dtr=\"0\" data-dtc=\"1\" class=\"dtr0 dtc1\"><\/th><th rowspan=\"1\" colspan=\"1\" data-dtr=\"0\" data-dtc=\"2\" class=\"dtr0 dtc2\"><\/th><th rowspan=\"1\" colspan=\"1\" data-dtr=\"0\" data-dtc=\"3\" class=\"dtr0 dtc3\"><\/th><th rowspan=\"1\" colspan=\"1\" data-dtr=\"0\" data-dtc=\"4\" class=\"dtr0 dtc4\"><\/th><th rowspan=\"1\" colspan=\"1\" data-dtr=\"0\" data-dtc=\"5\" class=\"dtr0 dtc5\"><\/th><\/tr><tr class=\" row0\"><th   data-priority=\"0\" class=\"dtr0 dtc0\"><\/th><th   data-priority=\"0\" class=\"dtr0 dtc1\">RLP 20<\/th><th   data-priority=\"0\" class=\"dtr0 dtc2\">RLP 30<\/th><th   data-priority=\"0\" class=\"dtr0 dtc3\">RLP 60<\/th><th   data-priority=\"0\" class=\"dtr0 dtc4\">RLP 150<\/th><th   data-priority=\"0\" class=\"dtr0 dtc5\">RLP 320<\/th><\/thead><tbody><tr class=\" row1\"><td    class=\"dtr1 dtc0\">Capacity<\/td><td    class=\"dtr1 dtc1\">20 m\u00b3\/h<\/td><td    class=\"dtr1 dtc2\"> 30 m\u00b3\/h<\/td><td    class=\"dtr1 dtc3\">60 m\u00b3\/h<\/td><td    class=\"dtr1 dtc4\">150 m\u00b3\/h<\/td><td    class=\"dtr1 dtc5\">320 m\u00b3\/h<\/td><\/tr><tr class=\" row2\"><td    class=\"dtr2 dtc0\">Pressure<\/td><td    class=\"dtr2 dtc1\"> 5 bar<\/td><td    class=\"dtr2 dtc2\">2 bar<\/td><td    class=\"dtr2 dtc3\"> 3 bar<\/td><td    class=\"dtr2 dtc4\"> 4 bar<\/td><td    class=\"dtr2 dtc5\">6 bar<\/td><\/tr><tr class=\" row3\"><td    class=\"dtr3 dtc0\">Power<\/td><td    class=\"dtr3 dtc1\">5.5 kW<\/td><td    class=\"dtr3 dtc2\">4 kW<\/td><td    class=\"dtr3 dtc3\"> 12.6 kW<\/td><td    class=\"dtr3 dtc4\">30 kW<\/td><td    class=\"dtr3 dtc5\">78 kW<\/td><\/tr><tr class=\" row4\"><td    class=\"dtr4 dtc0\">Configurations | Options<\/td><td  colspan=\"5\"   class=\"dtr4 dtc1\">Trailer Mount Electric or Diesel Drive | Vertical Gearbox | Overhead V-Belt Drive | Belt Driven Gear Box | In-line Gear Motor | Hydraulic Motor Drive | In-line with C-Face | Gear Reducer | Diesel Drive Unit<\/td><td  style=\"display: none\"   class=\"dtr4 dtc2\"><\/td><td  style=\"display: none\"   class=\"dtr4 dtc3\"><\/td><td  style=\"display: none\"   class=\"dtr4 dtc4\"><\/td><td  style=\"display: none\"   class=\"dtr4 dtc5\"><\/td><\/tr><\/tbody><tfoot><tr><td class=\"dtr4 dtc0\" style=\"height: 0;\"><\/td><td class=\"dtr4 dtc1\" style=\"height: 0;\"><\/td><td class=\"dtr4 dtc2\" style=\"height: 0;\"><\/td><td class=\"dtr4 dtc3\" style=\"height: 0;\"><\/td><td class=\"dtr4 dtc4\" style=\"height: 0;\"><\/td><td class=\"dtr4 dtc5\" style=\"height: 0;\"><\/td><\/tr><\/tfoot><\/table><\/div><style>#wptmtable92 .dataTables_wrapper > .dataTables_scroll {max-height:500px;overflow: auto;}<\/style><script>window.wptm_ajaxurl = 'https:\/\/mavideniz.com.tr\/wp-admin\/admin-ajax.php?juwpfisadmin=false&action=Wptm&'; window.wptm_front = 'https:\/\/mavideniz.com.tr\/wp-content\/plugins\/wp-table-manager\/app\/site\/assets\/'; window.wptm_style = 'https:\/\/mavideniz.com.tr\/wp-content\/uploads\/wptm\/';<\/script><\/div><style><\/style>\n","protected":false},"excerpt":{"rendered":"<p>Mavideniz&#8217;in D\u00f6ner Lob Pompas\u0131, Petrol S\u0131z\u0131nt\u0131lar\u0131, Petrol Geri Kazan\u0131m\u0131, Ya\u011f S\u0131y\u0131rma, Ya\u011f \u00c7amuru, Kimyasal S\u0131z\u0131nt\u0131 Temizleme, \u00c7amurlar, Deniz Suyu ile [&hellip;]<\/p>\n","protected":false},"author":1,"featured_media":0,"parent":27222,"menu_order":0,"comment_status":"closed","ping_status":"closed","template":"","meta":{"site-sidebar-layout":"default","site-content-layout":"","ast-site-content-layout":"default","site-content-style":"default","site-sidebar-style":"default","ast-global-header-display":"","ast-banner-title-visibility":"","ast-main-header-display":"","ast-hfb-above-header-display":"","ast-hfb-below-header-display":"","ast-hfb-mobile-header-display":"","site-post-title":"","ast-breadcrumbs-content":"","ast-featured-img":"","footer-sml-layout":"","ast-disable-related-posts":"","theme-transparent-header-meta":"","adv-header-id-meta":"","stick-header-meta":"","header-above-stick-meta":"","header-main-stick-meta":"","header-below-stick-meta":"","astra-migrate-meta-layouts":"default","ast-page-background-enabled":"default","ast-page-background-meta":{"desktop":{"background-color":"var(--ast-global-color-5)","background-image":"","background-repeat":"repeat","background-position":"center center","background-size":"auto","background-attachment":"scroll","background-type":"","background-media":"","overlay-type":"","overlay-color":"","overlay-opacity":"","overlay-gradient":""},"tablet":{"background-color":"","background-image":"","background-repeat":"repeat","background-position":"center center","background-size":"auto","background-attachment":"scroll","background-type":"","background-media":"","overlay-type":"","overlay-color":"","overlay-opacity":"","overlay-gradient":""},"mobile":{"background-color":"","background-image":"","background-repeat":"repeat","background-position":"center center","background-size":"auto","background-attachment":"scroll","background-type":"","background-media":"","overlay-type":"","overlay-color":"","overlay-opacity":"","overlay-gradient":""}},"ast-content-background-meta":{"desktop":{"background-color":"var(--ast-global-color-4)","background-image":"","background-repeat":"repeat","background-position":"center center","background-size":"auto","background-attachment":"scroll","background-type":"","background-media":"","overlay-type":"","overlay-color":"","overlay-opacity":"","overlay-gradient":""},"tablet":{"background-color":"var(--ast-global-color-4)","background-image":"","background-repeat":"repeat","background-position":"center center","background-size":"auto","background-attachment":"scroll","background-type":"","background-media":"","overlay-type":"","overlay-color":"","overlay-opacity":"","overlay-gradient":""},"mobile":{"background-color":"var(--ast-global-color-4)","background-image":"","background-repeat":"repeat","background-position":"center center","background-size":"auto","background-attachment":"scroll","background-type":"","background-media":"","overlay-type":"","overlay-color":"","overlay-opacity":"","overlay-gradient":""}},"footnotes":""},"class_list":["post-27231","page","type-page","status-publish","hentry"],"_links":{"self":[{"href":"https:\/\/mavideniz.com.tr\/tr\/wp-json\/wp\/v2\/pages\/27231","targetHints":{"allow":["GET"]}}],"collection":[{"href":"https:\/\/mavideniz.com.tr\/tr\/wp-json\/wp\/v2\/pages"}],"about":[{"href":"https:\/\/mavideniz.com.tr\/tr\/wp-json\/wp\/v2\/types\/page"}],"author":[{"embeddable":true,"href":"https:\/\/mavideniz.com.tr\/tr\/wp-json\/wp\/v2\/users\/1"}],"replies":[{"embeddable":true,"href":"https:\/\/mavideniz.com.tr\/tr\/wp-json\/wp\/v2\/comments?post=27231"}],"version-history":[{"count":0,"href":"https:\/\/mavideniz.com.tr\/tr\/wp-json\/wp\/v2\/pages\/27231\/revisions"}],"up":[{"embeddable":true,"href":"https:\/\/mavideniz.com.tr\/tr\/wp-json\/wp\/v2\/pages\/27222"}],"wp:attachment":[{"href":"https:\/\/mavideniz.com.tr\/tr\/wp-json\/wp\/v2\/media?parent=27231"}],"curies":[{"name":"wp","href":"https:\/\/api.w.org\/{rel}","templated":true}]}}