{"id":27235,"date":"2021-10-04T02:52:14","date_gmt":"2021-10-04T02:52:14","guid":{"rendered":"https:\/\/mavideniz.com.tr\/?page_id=27235"},"modified":"2023-04-02T13:46:21","modified_gmt":"2023-04-02T13:46:21","slug":"vidali-santrifuj-pompa","status":"publish","type":"page","link":"https:\/\/mavideniz.com.tr\/tr\/urunler\/pompalar\/vidali-santrifuj-pompa\/","title":{"rendered":"Vidal\u0131 Santrif\u00fcj Pompa"},"content":{"rendered":"<p><br \/>\nVidal\u0131 Santrif\u00fcj Pompa \u00e7ark\u0131, vidal\u0131 pompan\u0131n \u00f6zelliklerini bir santrif\u00fcj pompan\u0131n \u00f6zellikleriyle birle\u015ftirir. Pompadaki d\u00fc\u015f\u00fck s\u0131v\u0131 h\u0131z\u0131, nispeten d\u00fc\u015f\u00fck bir kesme kuvveti ile sonu\u00e7lan\u0131r. Bu, Santrif\u00fcj Vidal\u0131 Pompay\u0131, em\u00fclsiyonla\u015fmay\u0131 \u00f6nlemek i\u00e7in \u00e7ok fazla hareket ve t\u00fcrb\u00fclans olmadan dikkatli bir \u015fekilde i\u015flenmesi gereken s\u0131v\u0131lar i\u00e7in uygun hale getirir. Mavi Deniz Vidal\u0131 Santrif\u00fcj Pompas\u0131, ham petrol, lateks, melas ve rafineri at\u0131klar\u0131 gibi y\u00fcksek viskoziteli s\u0131v\u0131lar\u0131n pozitif deplasmanl\u0131 vida kullan\u0131larak pompalanmas\u0131 i\u00e7in idealdir. Daha hafif malzemeleri pompalarken \u00e7ark, y\u00fcksek kapasite sa\u011flayan santrif\u00fcj tip olarak hareket eder. Vidal\u0131 Santrif\u00fcj Pompa, ya\u011f s\u0131y\u0131r\u0131c\u0131lar ve kargo pompalama i\u00e7in kullan\u0131l\u0131r.<\/p>\n<p>Mavi Deniz MSP-100, MSP 150 ve MSP 700 modelleri hafif ve kompakt y\u00fcksek kapasiteli hidrolik tahrikli santrif\u00fcj vidal\u0131 pompalard\u0131r. Kargodaki yava\u015f s\u0131v\u0131 h\u0131zlar\u0131 ve d\u00fc\u015f\u00fck kayd\u0131r\u0131c\u0131 kuvvetleri, \u00e7ark\u0131n \u015feklinin do\u011frudan bir sonucudur; bu, pompay\u0131, a\u015f\u0131r\u0131 hareket ve t\u00fcrb\u00fclans olmadan dikkatli bir \u015fekilde ta\u015f\u0131nmas\u0131 gereken s\u0131v\u0131lar i\u00e7in uygun hale getirir. Pompan\u0131n bu benzersiz kalitesi, onu ya\u011f geri kazan\u0131m i\u015flemleri i\u00e7in m\u00fckemmel k\u0131lar.<\/p>\n<p>A\u011f\u0131r akaryak\u0131t gibi \u00e7ok yo\u011fun \u00fcr\u00fcnler i\u00e7in daha g\u00fc\u00e7l\u00fc hidrolik motorlar mevcuttur.<\/p>\n<p>Mavi Deniz MSP-100, MSP 150 ve MSP 700 standart olarak 0,5 mt ile donat\u0131lm\u0131\u015ft\u0131r. Kendili\u011finden kapanan h\u0131zl\u0131 kaplinler vas\u0131tas\u0131yla, Bir geminin hidrolik sistemine veya Mavi Deniz ta\u015f\u0131nabilir g\u00fc\u00e7 paketine g\u00fcvenli ba\u011flant\u0131 yap\u0131labilinir.<\/p>\n<p><strong>UYGULAMALAR<\/strong><\/p>\n<ul>\n<li>Kargo<\/li>\n<li>End\u00fcstri<\/li>\n<li>Ya\u011f geri kazan\u0131m\u0131<\/li>\n<li>Tank temizli\u011fi<\/li>\n<li>Kurtarma<\/li>\n<li>Kanalizasyon pompalama<\/li>\n<\/ul>\n<p><strong>\u00d6ZELL\u0130KLER\u0130<\/strong><\/p>\n<ul>\n<li>Benzersiz santrif\u00fcj vidal\u0131 \u00e7ark, 1.000.000 CST&#8217;ye kadar viskoziteye sahip s\u0131v\u0131lar\u0131n pompalanmas\u0131na olanak tan\u0131r.<\/li>\n<li>Tehlikeli alanlarda \u00e7al\u0131\u015fmaya uygundur.<\/li>\n<li>D\u00fc\u015f\u00fck h\u0131zlarda d\u00fc\u015f\u00fck kesme kuvvetleri nedeniyle d\u00fc\u015f\u00fck Em\u00fclsifiye edici \u00f6zellikler<\/li>\n<li>T\u0131kanmama \u00f6zelli\u011fi. Pompa bloke oldu\u011funda a\u015f\u0131r\u0131 y\u00fck riski yoktur.<\/li>\n<li>Ya\u011fl\u0131 ke\u00e7eler (kuru \u00e7al\u0131\u015fabilir)<\/li>\n<li>Vidal\u0131 Santrif\u00fcj Pompa, de\u011fi\u015fken h\u0131zl\u0131 hidrolik tahrike sahiptir<\/li>\n<li>Vidal\u0131 Santrif\u00fcj Pompa, geni\u015f bir performans yelpazesine sahiptir<\/li>\n<li>G\u00fcvenli hidrolik tahrik, elektrik g\u00fcc\u00fcn\u00fcn tehlikeli veya pratik olmad\u0131\u011f\u0131 durumlarda kullan\u0131labilir<\/li>\n<li>Destek pompas\u0131 olarak hat i\u00e7inde kullan\u0131labilir<\/li>\n<\/ul>\n<div class=\"wptm_table tablesorter-bootstrap \" data-id=\"93\" data-hightlight=\"0\"><div class=\"wptm_buttons buttons_wptmTbl93\"><\/div><div class=\"wptmresponsive dataTables-wptmtable wptmtable \" id=\"wptmtable93\" data-tableid=\"wptmTbl93\"><table data-count-header=\"1\"  data-format-decimal_count=\"0\" data-format-decimal_symbol=\".\" data-format-symbol_position=\"0\" data-format-thousand_symbol=\",\"  data-format-currency_symbol=\"$\"  data-name-style=\"93_1759672579.css\" data-format=\"YYYY-MM-DD\" id=\"wptmTbl93\" data-id=\"93\" data-responsive=\"false\" data-hideCols=\"false\"  data-type=\"html\" data-paging=\"false\" data-searching=\"true\"  data-ordering=\"false\" data-table-breakpoint=\"980\" data-scroll-x=\"true\" data-scroll-collapse=\"true\" data-align=\"center\" data-range=\"[]\" data-hideColumn=\"[0,0,0,0,0]\"  data-colwidths=\"[228,228,228,228,228]\"  data-colwidths_desktop=[]  data-colwidths_tablet=[]  data-colwidths_mobile=[]  class=\"wptm_main_table  disablePager hideScrollHeader\"><colgroup><col data-dtr=\"0\" data-dtc=\"0\" class=\"dtc0\"><col data-dtr=\"0\" data-dtc=\"1\" class=\"dtc1\"><col data-dtr=\"0\" data-dtc=\"2\" class=\"dtc2\"><col data-dtr=\"0\" data-dtc=\"3\" class=\"dtc3\"><col data-dtr=\"0\" data-dtc=\"4\" class=\"dtc4\"><\/colgroup><thead><tr class=\"wptm-header-cells-index\"><th rowspan=\"1\" colspan=\"1\" data-dtr=\"0\" data-dtc=\"0\" class=\"dtr0 dtc0\"><\/th><th rowspan=\"1\" colspan=\"1\" data-dtr=\"0\" data-dtc=\"1\" class=\"dtr0 dtc1\"><\/th><th rowspan=\"1\" colspan=\"1\" data-dtr=\"0\" data-dtc=\"2\" class=\"dtr0 dtc2\"><\/th><th rowspan=\"1\" colspan=\"1\" data-dtr=\"0\" data-dtc=\"3\" class=\"dtr0 dtc3\"><\/th><th rowspan=\"1\" colspan=\"1\" data-dtr=\"0\" data-dtc=\"4\" class=\"dtr0 dtc4\"><\/th><\/tr><tr class=\" row0\"><th   data-priority=\"0\" class=\"dtr0 dtc0\"><\/th><th   data-priority=\"0\" class=\"dtr0 dtc1\">MSP 100<\/th><th   data-priority=\"0\" class=\"dtr0 dtc2\">MSP 150<\/th><th   data-priority=\"0\" class=\"dtr0 dtc3\">MSP 150 HF<\/th><th   data-priority=\"0\" class=\"dtr0 dtc4\">MSP 700<\/th><\/thead><tbody><tr class=\" row1\"><td    class=\"dtr1 dtc0\">Capacity<\/td><td    class=\"dtr1 dtc1\">100 m3\/h<\/td><td    class=\"dtr1 dtc2\">300 m3\/h<\/td><td    class=\"dtr1 dtc3\">500 m3\/h<\/td><td    class=\"dtr1 dtc4\">700 m3\/h<\/td><\/tr><tr class=\" row2\"><td    class=\"dtr2 dtc0\">Pump Body<\/td><td    class=\"dtr2 dtc1\">    Aluminum<\/td><td    class=\"dtr2 dtc2\">    Aluminum<\/td><td    class=\"dtr2 dtc3\">    Aluminum<\/td><td    class=\"dtr2 dtc4\">    Aluminum<\/td><\/tr><tr class=\" row3\"><td    class=\"dtr3 dtc0\">Impeller<\/td><td    class=\"dtr3 dtc1\">Ductile Iron<\/td><td    class=\"dtr3 dtc2\">Ductile Iron<\/td><td    class=\"dtr3 dtc3\">Ductile Iron<\/td><td    class=\"dtr3 dtc4\">Stainless Steel<\/td><\/tr><tr class=\" row4\"><td    class=\"dtr4 dtc0\">Driven<\/td><td    class=\"dtr4 dtc1\">    Hydraulic<\/td><td    class=\"dtr4 dtc2\">    Hydraulic<\/td><td    class=\"dtr4 dtc3\">    Hydraulic<\/td><td    class=\"dtr4 dtc4\">    Hydraulic<\/td><\/tr><tr class=\" row5\"><td    class=\"dtr5 dtc0\">Discharge Connection<\/td><td    class=\"dtr5 dtc1\">4\u201d<\/td><td    class=\"dtr5 dtc2\">6\u201d<\/td><td    class=\"dtr5 dtc3\">6\u201d<\/td><td    class=\"dtr5 dtc4\">6\u201d<\/td><\/tr><tr class=\" row6\"><td    class=\"dtr6 dtc0\">Discharge Head<\/td><td    class=\"dtr6 dtc1\">60 m<\/td><td    class=\"dtr6 dtc2\">60 m<\/td><td    class=\"dtr6 dtc3\">120 m<\/td><td    class=\"dtr6 dtc4\">100 m<\/td><\/tr><tr class=\" row7\"><td    class=\"dtr7 dtc0\">Height<\/td><td    class=\"dtr7 dtc1\">43 cm<\/td><td    class=\"dtr7 dtc2\">61 cm<\/td><td    class=\"dtr7 dtc3\">61 cm<\/td><td    class=\"dtr7 dtc4\">61 cm<\/td><\/tr><tr class=\" row8\"><td    class=\"dtr8 dtc0\">Width<\/td><td    class=\"dtr8 dtc1\">30 cm<\/td><td    class=\"dtr8 dtc2\">49 cm<\/td><td    class=\"dtr8 dtc3\">49 cm<\/td><td    class=\"dtr8 dtc4\">49 cm<\/td><\/tr><tr class=\" row9\"><td    class=\"dtr9 dtc0\">Weight<\/td><td    class=\"dtr9 dtc1\">28 kg<\/td><td    class=\"dtr9 dtc2\">83 kg<\/td><td    class=\"dtr9 dtc3\">83 kg<\/td><td    class=\"dtr9 dtc4\">83 kg<\/td><\/tr><\/tbody><tfoot><tr><td class=\"dtr9 dtc0\" style=\"height: 0;\"><\/td><td class=\"dtr9 dtc1\" style=\"height: 0;\"><\/td><td class=\"dtr9 dtc2\" style=\"height: 0;\"><\/td><td class=\"dtr9 dtc3\" style=\"height: 0;\"><\/td><td class=\"dtr9 dtc4\" style=\"height: 0;\"><\/td><\/tr><\/tfoot><\/table><\/div><style>#wptmtable93 .dataTables_wrapper > .dataTables_scroll {max-height:500px;overflow: auto;}<\/style><script>window.wptm_ajaxurl = 'https:\/\/mavideniz.com.tr\/wp-admin\/admin-ajax.php?juwpfisadmin=false&action=Wptm&'; window.wptm_front = 'https:\/\/mavideniz.com.tr\/wp-content\/plugins\/wp-table-manager\/app\/site\/assets\/'; window.wptm_style = 'https:\/\/mavideniz.com.tr\/wp-content\/uploads\/wptm\/';<\/script><\/div><style><\/style>\n","protected":false},"excerpt":{"rendered":"<p>Vidal\u0131 Santrif\u00fcj Pompa \u00e7ark\u0131, vidal\u0131 pompan\u0131n \u00f6zelliklerini bir santrif\u00fcj pompan\u0131n \u00f6zellikleriyle birle\u015ftirir. Pompadaki d\u00fc\u015f\u00fck s\u0131v\u0131 h\u0131z\u0131, nispeten d\u00fc\u015f\u00fck bir kesme [&hellip;]<\/p>\n","protected":false},"author":1,"featured_media":0,"parent":27222,"menu_order":0,"comment_status":"closed","ping_status":"closed","template":"","meta":{"site-sidebar-layout":"default","site-content-layout":"","ast-site-content-layout":"default","site-content-style":"default","site-sidebar-style":"default","ast-global-header-display":"","ast-banner-title-visibility":"","ast-main-header-display":"","ast-hfb-above-header-display":"","ast-hfb-below-header-display":"","ast-hfb-mobile-header-display":"","site-post-title":"","ast-breadcrumbs-content":"","ast-featured-img":"","footer-sml-layout":"","ast-disable-related-posts":"","theme-transparent-header-meta":"","adv-header-id-meta":"","stick-header-meta":"","header-above-stick-meta":"","header-main-stick-meta":"","header-below-stick-meta":"","astra-migrate-meta-layouts":"default","ast-page-background-enabled":"default","ast-page-background-meta":{"desktop":{"background-color":"var(--ast-global-color-5)","background-image":"","background-repeat":"repeat","background-position":"center center","background-size":"auto","background-attachment":"scroll","background-type":"","background-media":"","overlay-type":"","overlay-color":"","overlay-opacity":"","overlay-gradient":""},"tablet":{"background-color":"","background-image":"","background-repeat":"repeat","background-position":"center center","background-size":"auto","background-attachment":"scroll","background-type":"","background-media":"","overlay-type":"","overlay-color":"","overlay-opacity":"","overlay-gradient":""},"mobile":{"background-color":"","background-image":"","background-repeat":"repeat","background-position":"center center","background-size":"auto","background-attachment":"scroll","background-type":"","background-media":"","overlay-type":"","overlay-color":"","overlay-opacity":"","overlay-gradient":""}},"ast-content-background-meta":{"desktop":{"background-color":"var(--ast-global-color-4)","background-image":"","background-repeat":"repeat","background-position":"center center","background-size":"auto","background-attachment":"scroll","background-type":"","background-media":"","overlay-type":"","overlay-color":"","overlay-opacity":"","overlay-gradient":""},"tablet":{"background-color":"var(--ast-global-color-4)","background-image":"","background-repeat":"repeat","background-position":"center center","background-size":"auto","background-attachment":"scroll","background-type":"","background-media":"","overlay-type":"","overlay-color":"","overlay-opacity":"","overlay-gradient":""},"mobile":{"background-color":"var(--ast-global-color-4)","background-image":"","background-repeat":"repeat","background-position":"center center","background-size":"auto","background-attachment":"scroll","background-type":"","background-media":"","overlay-type":"","overlay-color":"","overlay-opacity":"","overlay-gradient":""}},"footnotes":""},"class_list":["post-27235","page","type-page","status-publish","hentry"],"_links":{"self":[{"href":"https:\/\/mavideniz.com.tr\/tr\/wp-json\/wp\/v2\/pages\/27235","targetHints":{"allow":["GET"]}}],"collection":[{"href":"https:\/\/mavideniz.com.tr\/tr\/wp-json\/wp\/v2\/pages"}],"about":[{"href":"https:\/\/mavideniz.com.tr\/tr\/wp-json\/wp\/v2\/types\/page"}],"author":[{"embeddable":true,"href":"https:\/\/mavideniz.com.tr\/tr\/wp-json\/wp\/v2\/users\/1"}],"replies":[{"embeddable":true,"href":"https:\/\/mavideniz.com.tr\/tr\/wp-json\/wp\/v2\/comments?post=27235"}],"version-history":[{"count":0,"href":"https:\/\/mavideniz.com.tr\/tr\/wp-json\/wp\/v2\/pages\/27235\/revisions"}],"up":[{"embeddable":true,"href":"https:\/\/mavideniz.com.tr\/tr\/wp-json\/wp\/v2\/pages\/27222"}],"wp:attachment":[{"href":"https:\/\/mavideniz.com.tr\/tr\/wp-json\/wp\/v2\/media?parent=27235"}],"curies":[{"name":"wp","href":"https:\/\/api.w.org\/{rel}","templated":true}]}}