{"id":27238,"date":"2021-10-04T02:56:34","date_gmt":"2021-10-04T02:56:34","guid":{"rendered":"https:\/\/mavideniz.com.tr\/?page_id=27238"},"modified":"2023-04-01T16:24:57","modified_gmt":"2023-04-01T16:24:57","slug":"kendinden-emisli-santrifuj-pompa","status":"publish","type":"page","link":"https:\/\/mavideniz.com.tr\/tr\/urunler\/pompalar\/kendinden-emisli-santrifuj-pompa\/","title":{"rendered":"Kendinden Emi\u015fli Santrif\u00fcj Pompa"},"content":{"rendered":"<p><br \/>\nMavi Deniz&#8217;in Kendinden Emi\u015fli Santrif\u00fcj Pompas\u0131, kum, \u00e7amur, kat\u0131 maddeler, y\u00fcksek hacimli end\u00fcstriyel uygulamalar ve \u015fantiyelerde \u00e7ak\u0131l veya beton gibi a\u015f\u0131nd\u0131r\u0131c\u0131 ask\u0131da kat\u0131 maddeler i\u00e7eren i\u00e7eren sular\u0131 pompalamak i\u00e7in tasarlanm\u0131\u015ft\u0131r. Kendinden Emi\u015fli Santrif\u00fcj Pompa, Pompalama s\u0131v\u0131s\u0131 pompas\u0131na yaln\u0131zca emi\u015f hatt\u0131 gelecek \u015fekilde zemin seviyesinde haznenin \u00fczerinde y\u00fcksek ve kuru \u015fekilde monte edilebilir.<\/p>\n<p>Kendinden Emi\u015fli Pompa, 9140 ala\u015f\u0131ml\u0131 \u00e7elik bir \u015fafta ve mekanik, ya\u011fla ya\u011flanan, \u00e7ift y\u00fczer, kendinden hizal\u0131, silikon karb\u00fcr contaya sahiptir &#8211; sfero d\u00f6k\u00fcmden yap\u0131lm\u0131\u015f de\u011fi\u015ftirilebilir a\u015f\u0131nma plakas\u0131. Kendinden emi\u015fli pompa, 80\u00b0C&#8217;ye kadar s\u0131v\u0131lar\u0131 i\u015fleyebilir.\u00a0 Sentrif\u00fcj Pompa, g\u00fc\u00e7 kayna\u011f\u0131n\u0131za ba\u011flant\u0131 i\u00e7in temel \u00fcniteler olarak mevcut veya esnek ba\u011flant\u0131l\u0131 veya v-kay\u0131\u015f\u0131 bir elektrik motoruyla tahrik edilebilir.<\/p>\n<p>Mavi Deniz&#8217;in Kendinden Emi\u015fli Santrif\u00fcj Pompas\u0131; emme hortumlar\u0131n\u0131 doldurmaya ve dip valflerine gerek yoktur. Uzun \u00f6m\u00fcr, kompakt boyut ve minimum bak\u0131m, kolayl\u0131kla ve h\u0131zla \u00e7al\u0131\u015ft\u0131r\u0131l\u0131r. kolayl\u0131kla ve h\u0131zla \u00e7al\u0131\u015ft\u0131r\u0131l\u0131r. A\u00e7\u0131k pervane, s\u0131v\u0131 at\u0131klar\u0131n ve kat\u0131lar\u0131n ta\u015f\u0131nmas\u0131 i\u00e7in geni\u015f bir kapasiteye sahiptir.<\/p>\n<p>Pompa sistemi, geleneksel vakum destekli pompalarla ili\u015fkili s\u0131z\u0131nt\u0131lar\u0131 neredeyse ortadan kald\u0131rarak, onlar\u0131 \u00e7evreye zararl\u0131 s\u0131v\u0131lar\u0131 pompalamak i\u00e7in ideal hale getirir. Doldurma pompalar\u0131, otomatik doldurma ve yeniden doldurma sa\u011flamak i\u00e7in bir yard\u0131mc\u0131 besleme sistemi ile donat\u0131lm\u0131\u015ft\u0131r. Pompalar, pompan\u0131n hasar g\u00f6rmeden kuru \u00e7al\u0131\u015fmas\u0131na izin veren b\u00fcy\u00fck boyutlu, ya\u011fla ya\u011flanan, silikon karb\u00fcr mekanik salmastral\u0131 pompaya sahiptir &#8211; y\u00fcksek ak\u0131\u015fl\u0131 ve y\u00fcksek kapasiteli modeller mevcuttur.<\/p>\n<p>Kendinden Emi\u015fli Santrif\u00fcj Pompa, b\u00fcy\u00fck boyutlu kat\u0131lar i\u00e7eren viskoz ve yo\u011fun s\u0131v\u0131lar\u0131 m\u00fckemmel \u015fekilde pompalar ve at\u0131k su terfi istasyonlar\u0131nda kanalizasyon by-pass pompalayarak zorlu ko\u015fullarda \u00e7al\u0131\u015f\u0131r. Biriken kat\u0131larla viskoz s\u0131v\u0131lar\u0131n transferini i\u00e7erir.<\/p>\n<p>Vakum destekli versiyonlar ayr\u0131ca kuyu noktas\u0131 susuzla\u015ft\u0131rmada da kullan\u0131labilir. Y\u00fcksek kapasiteli vakum lamel tipi vakum pompalar\u0131, s\u0131v\u0131n\u0131n b\u00fcy\u00fck derinliklerden s\u00fcspansiyon halindeki hava ile doldurulmas\u0131n\u0131 sa\u011flar.<\/p>\n<p>Kendinden Emi\u015fli Santrif\u00fcj Pompa modelleri, elektrikli veya dizel motorlu olarak mevcuttur.<\/p>\n<p>Mavi Deniz&#8217;in motor tahrikli, kendinden emi\u015fli santrif\u00fcj pompalar\u0131, bekleme ve acil temizlik uygulamalar\u0131 i\u00e7in idealdir. Pompalar, modele ba\u011fl\u0131 olarak 3&#8243; \u00e7apa kadar kat\u0131 maddeleri i\u015fleyebilir.<br \/>\nDi\u011fer uygulamalara uygun pompalar da mevcuttur. \u0130ste\u011fe ba\u011fl\u0131 tekerlek kiti, i\u015f sahas\u0131na kolay eri\u015fim i\u00e7in ta\u015f\u0131nabilirlik sa\u011flar. Benzinli veya dizel motorlu pompalar mevcuttur.<\/p>\n<p><strong>Operasyon<\/strong><\/p>\n<ul>\n<li>Yan\u0131c\u0131 ve patlay\u0131c\u0131 olmayan s\u0131v\u0131<\/li>\n<li>Ya\u011fmur suyu ve ortak kanalizasyon<\/li>\n<li>\u0130nsanlar\u0131n hava savunma sisteminin \u015fantiye drenaj istasyonu<\/li>\n<li>Hafif sanayi, ka\u011f\u0131t fabrikas\u0131, tekstil, g\u0131da i\u015fleme tesisi, kimya end\u00fcstrisi end\u00fcstriyel at\u0131ksular\u0131<\/li>\n<li>Yerle\u015fim b\u00f6lgesinde kanalizasyon de\u015farj\u0131<\/li>\n<li>Su ar\u0131tma sisteminin kanalizasyon ve tortusu<\/li>\n<li>Tabaklama end\u00fcstrisi, nehir ve g\u00f6letlerde bal\u0131k yeti\u015ftiricili\u011fi<\/li>\n<li>\u015earap ve \u015feker end\u00fcstrisi<\/li>\n<li>\u00c7ok a\u015f\u0131nd\u0131r\u0131c\u0131 olmayan ancak ciddi \u015fekilde kirlenmi\u015f kanalizasyon de\u015farj\u0131<\/li>\n<\/ul>\n<p><strong>\u00d6zellikleri<\/strong><\/p>\n<ul>\n<li>Kendinden Emi\u015fli Santrif\u00fcj Pompa, 3 in\u00e7&#8217;e kadar kat\u0131 maddeleri i\u015fleyebilir.<\/li>\n<li>Kendinden Emi\u015fli Santrif\u00fcj Pompa, pompa \u00e7ukurun d\u0131\u015f\u0131ndayken s\u0131v\u0131y\u0131 pompalamaya devam edebilir.<\/li>\n<li>Uzun \u00f6m\u00fcr, kompakt boyut ve minimum bak\u0131m<\/li>\n<li>Kararl\u0131 performans, g\u00fcvenilir \u00e7al\u0131\u015fma<\/li>\n<li>H\u0131zl\u0131 kendinden emi\u015fli, y\u00fcksek emi\u015f kafas\u0131<\/li>\n<li>Yar\u0131 a\u00e7\u0131k \u00e7ark yap\u0131s\u0131 ve t\u0131kanmayan tasar\u0131m: G\u00fc\u00e7l\u00fc ge\u00e7i\u015f kapasitesi.<\/li>\n<li>Rahat kullan\u0131m: Pompa, yaln\u0131zca emme borusu s\u0131v\u0131n\u0131n i\u00e7inde olacak \u015fekilde la\u011f\u0131m \u00e7ukurunun yak\u0131n\u0131na monte edilebilir. (Pompa ilk \u00e7al\u0131\u015ft\u0131rma i\u00e7in su ile doldurulacakt\u0131r.)<\/li>\n<\/ul>\n<div class=\"wptm_table tablesorter-bootstrap \" data-id=\"94\" data-hightlight=\"0\"><div class=\"wptm_buttons buttons_wptmTbl94\"><\/div><div class=\"wptmresponsive dataTables-wptmtable wptmtable \" id=\"wptmtable94\" data-tableid=\"wptmTbl94\"><table data-count-header=\"1\"  data-format-decimal_count=\"0\" data-format-decimal_symbol=\".\" data-format-symbol_position=\"0\" data-format-thousand_symbol=\",\"  data-format-currency_symbol=\"$\"  data-name-style=\"94_1759672648.css\" data-format=\"YYYY-MM-DD\" id=\"wptmTbl94\" data-id=\"94\" data-responsive=\"false\" data-hideCols=\"false\"  data-type=\"html\" data-paging=\"false\" data-searching=\"true\"  data-ordering=\"false\" data-table-breakpoint=\"980\" data-scroll-x=\"true\" data-scroll-collapse=\"true\" data-align=\"center\" data-range=\"[]\" data-hideColumn=\"[0,0,0,0,0,0,0,0]\"  data-colwidths=\"[142,142,142,142,142,142,142,142]\"  data-colwidths_desktop=[]  data-colwidths_tablet=[]  data-colwidths_mobile=[]  class=\"wptm_main_table  disablePager hideScrollHeader\"><colgroup><col data-dtr=\"0\" data-dtc=\"0\" class=\"dtc0\"><col data-dtr=\"0\" data-dtc=\"1\" class=\"dtc1\"><col data-dtr=\"0\" data-dtc=\"2\" class=\"dtc2\"><col data-dtr=\"0\" data-dtc=\"3\" class=\"dtc3\"><col data-dtr=\"0\" data-dtc=\"4\" class=\"dtc4\"><col data-dtr=\"0\" data-dtc=\"5\" class=\"dtc5\"><col data-dtr=\"0\" data-dtc=\"6\" class=\"dtc6\"><col data-dtr=\"0\" data-dtc=\"7\" class=\"dtc7\"><\/colgroup><thead><tr class=\"wptm-header-cells-index\"><th rowspan=\"1\" colspan=\"1\" data-dtr=\"0\" data-dtc=\"0\" class=\"dtr0 dtc0\"><\/th><th rowspan=\"1\" colspan=\"1\" data-dtr=\"0\" data-dtc=\"1\" class=\"dtr0 dtc1\"><\/th><th rowspan=\"1\" colspan=\"1\" data-dtr=\"0\" data-dtc=\"2\" class=\"dtr0 dtc2\"><\/th><th rowspan=\"1\" colspan=\"1\" data-dtr=\"0\" data-dtc=\"3\" class=\"dtr0 dtc3\"><\/th><th rowspan=\"1\" colspan=\"1\" data-dtr=\"0\" data-dtc=\"4\" class=\"dtr0 dtc4\"><\/th><th rowspan=\"1\" colspan=\"1\" data-dtr=\"0\" data-dtc=\"5\" class=\"dtr0 dtc5\"><\/th><th rowspan=\"1\" colspan=\"1\" data-dtr=\"0\" data-dtc=\"6\" class=\"dtr0 dtc6\"><\/th><th rowspan=\"1\" colspan=\"1\" data-dtr=\"0\" data-dtc=\"7\" class=\"dtr0 dtc7\"><\/th><\/tr><tr class=\" row0\"><th   data-priority=\"0\" class=\"dtr0 dtc0\"><\/th><th   data-priority=\"0\" class=\"dtr0 dtc1\">SPCF 38<\/th><th   data-priority=\"0\" class=\"dtr0 dtc2\">SPCF 100<\/th><th   data-priority=\"0\" class=\"dtr0 dtc3\">SPCF 200<\/th><th   data-priority=\"0\" class=\"dtr0 dtc4\">SPCF 250<\/th><th   data-priority=\"0\" class=\"dtr0 dtc5\">SPCF 350<\/th><th   data-priority=\"0\" class=\"dtr0 dtc6\">SPCF 500<\/th><th   data-priority=\"0\" class=\"dtr0 dtc7\">SPCF 600<\/th><\/thead><tbody><tr class=\" row1\"><td    class=\"dtr1 dtc0\">Capacity<\/td><td    class=\"dtr1 dtc1\">38 m3\/h<\/td><td    class=\"dtr1 dtc2\">100 m3\/h<\/td><td    class=\"dtr1 dtc3\">200 m3\/h<\/td><td    class=\"dtr1 dtc4\">250 m3\/h<\/td><td    class=\"dtr1 dtc5\">350 m3\/h<\/td><td    class=\"dtr1 dtc6\">500 m3\/h<\/td><td    class=\"dtr1 dtc7\">600 m3\/h<\/td><\/tr><tr class=\" row2\"><td    class=\"dtr2 dtc0\">Diesel Engine Driven<\/td><td    class=\"dtr2 dtc1\">4 HP<\/td><td    class=\"dtr2 dtc2\">10 HP<\/td><td    class=\"dtr2 dtc3\">20 HP<\/td><td    class=\"dtr2 dtc4\">40 HP<\/td><td    class=\"dtr2 dtc5\">50 HP<\/td><td    class=\"dtr2 dtc6\">100 HP<\/td><td    class=\"dtr2 dtc7\">122 HP<\/td><\/tr><tr class=\" row3\"><td    class=\"dtr3 dtc0\">Type<\/td><td  colspan=\"7\"   class=\"dtr3 dtc1\">Self Priming ( Wet Prime ) Pump<\/td><td  style=\"display: none\"   class=\"dtr3 dtc2\"><\/td><td  style=\"display: none\"   class=\"dtr3 dtc3\"><\/td><td  style=\"display: none\"   class=\"dtr3 dtc4\"><\/td><td  style=\"display: none\"   class=\"dtr3 dtc5\"><\/td><td  style=\"display: none\"   class=\"dtr3 dtc6\"><\/td><td  style=\"display: none\"   class=\"dtr3 dtc7\"><\/td><\/tr><tr class=\" row4\"><td    class=\"dtr4 dtc0\">Pump Body<\/td><td    class=\"dtr4 dtc1\">Ductile Iron<\/td><td    class=\"dtr4 dtc2\">Ductile Iron<\/td><td    class=\"dtr4 dtc3\">Ductile Iron<\/td><td    class=\"dtr4 dtc4\">Ductile Iron<\/td><td    class=\"dtr4 dtc5\">Ductile Iron<\/td><td    class=\"dtr4 dtc6\">Ductile Iron<\/td><td    class=\"dtr4 dtc7\">Ductile Iron<\/td><\/tr><tr class=\" row5\"><td    class=\"dtr5 dtc0\">Impeller<\/td><td    class=\"dtr5 dtc1\">Ductile Iron<\/td><td    class=\"dtr5 dtc2\">Ductile Iron<\/td><td    class=\"dtr5 dtc3\">Bronze<\/td><td    class=\"dtr5 dtc4\">Bronze<\/td><td    class=\"dtr5 dtc5\">Bronze<\/td><td    class=\"dtr5 dtc6\">Bronze<\/td><td    class=\"dtr5 dtc7\">Bronze<\/td><\/tr><tr class=\" row6\"><td    class=\"dtr6 dtc0\">Discharge Connection<\/td><td    class=\"dtr6 dtc1\">2\u201d<\/td><td    class=\"dtr6 dtc2\">4\"<\/td><td    class=\"dtr6 dtc3\">6\u201d<\/td><td    class=\"dtr6 dtc4\">6\u201d<\/td><td    class=\"dtr6 dtc5\">8\u201d<\/td><td    class=\"dtr6 dtc6\">8\u201d<\/td><td    class=\"dtr6 dtc7\">10\u201d<\/td><\/tr><tr class=\" row7\"><td    class=\"dtr7 dtc0\">Solid Handling<\/td><td    class=\"dtr7 dtc1\">44 mm<\/td><td    class=\"dtr7 dtc2\">76 mm<\/td><td    class=\"dtr7 dtc3\">76 mm<\/td><td    class=\"dtr7 dtc4\">76 mm<\/td><td    class=\"dtr7 dtc5\">76 mm<\/td><td    class=\"dtr7 dtc6\">76 mm<\/td><td    class=\"dtr7 dtc7\">76 mm<\/td><\/tr><tr class=\" row8\"><td    class=\"dtr8 dtc0\">Max Suction<\/td><td    class=\"dtr8 dtc1\">6 m<\/td><td    class=\"dtr8 dtc2\">6 m<\/td><td    class=\"dtr8 dtc3\">6.4 m<\/td><td    class=\"dtr8 dtc4\">7 m<\/td><td    class=\"dtr8 dtc5\">6.4 m<\/td><td    class=\"dtr8 dtc6\">7 m<\/td><td    class=\"dtr8 dtc7\">6.7 m<\/td><\/tr><tr class=\" row9\"><td    class=\"dtr9 dtc0\">Discharge Head<\/td><td    class=\"dtr9 dtc1\">24 m<\/td><td    class=\"dtr9 dtc2\">20 m<\/td><td    class=\"dtr9 dtc3\">16 m<\/td><td    class=\"dtr9 dtc4\">24 m<\/td><td    class=\"dtr9 dtc5\">22 m<\/td><td    class=\"dtr9 dtc6\">36 m<\/td><td    class=\"dtr9 dtc7\">38 m<\/td><\/tr><\/tbody><tfoot><tr><td class=\"dtr9 dtc0\" style=\"height: 0;\"><\/td><td class=\"dtr9 dtc1\" style=\"height: 0;\"><\/td><td class=\"dtr9 dtc2\" style=\"height: 0;\"><\/td><td class=\"dtr9 dtc3\" style=\"height: 0;\"><\/td><td class=\"dtr9 dtc4\" style=\"height: 0;\"><\/td><td class=\"dtr9 dtc5\" style=\"height: 0;\"><\/td><td class=\"dtr9 dtc6\" style=\"height: 0;\"><\/td><td class=\"dtr9 dtc7\" style=\"height: 0;\"><\/td><\/tr><\/tfoot><\/table><\/div><style>#wptmtable94 .dataTables_wrapper > .dataTables_scroll {max-height:500px;overflow: auto;}<\/style><script>window.wptm_ajaxurl = 'https:\/\/mavideniz.com.tr\/wp-admin\/admin-ajax.php?juwpfisadmin=false&action=Wptm&'; window.wptm_front = 'https:\/\/mavideniz.com.tr\/wp-content\/plugins\/wp-table-manager\/app\/site\/assets\/'; window.wptm_style = 'https:\/\/mavideniz.com.tr\/wp-content\/uploads\/wptm\/';<\/script><\/div><style><\/style>\n","protected":false},"excerpt":{"rendered":"<p>Mavi Deniz&#8217;in Kendinden Emi\u015fli Santrif\u00fcj Pompas\u0131, kum, \u00e7amur, kat\u0131 maddeler, y\u00fcksek hacimli end\u00fcstriyel uygulamalar ve \u015fantiyelerde \u00e7ak\u0131l veya beton gibi [&hellip;]<\/p>\n","protected":false},"author":1,"featured_media":0,"parent":27222,"menu_order":0,"comment_status":"closed","ping_status":"closed","template":"","meta":{"site-sidebar-layout":"default","site-content-layout":"","ast-site-content-layout":"default","site-content-style":"default","site-sidebar-style":"default","ast-global-header-display":"","ast-banner-title-visibility":"","ast-main-header-display":"","ast-hfb-above-header-display":"","ast-hfb-below-header-display":"","ast-hfb-mobile-header-display":"","site-post-title":"","ast-breadcrumbs-content":"","ast-featured-img":"","footer-sml-layout":"","ast-disable-related-posts":"","theme-transparent-header-meta":"","adv-header-id-meta":"","stick-header-meta":"","header-above-stick-meta":"","header-main-stick-meta":"","header-below-stick-meta":"","astra-migrate-meta-layouts":"default","ast-page-background-enabled":"default","ast-page-background-meta":{"desktop":{"background-color":"var(--ast-global-color-5)","background-image":"","background-repeat":"repeat","background-position":"center center","background-size":"auto","background-attachment":"scroll","background-type":"","background-media":"","overlay-type":"","overlay-color":"","overlay-opacity":"","overlay-gradient":""},"tablet":{"background-color":"","background-image":"","background-repeat":"repeat","background-position":"center center","background-size":"auto","background-attachment":"scroll","background-type":"","background-media":"","overlay-type":"","overlay-color":"","overlay-opacity":"","overlay-gradient":""},"mobile":{"background-color":"","background-image":"","background-repeat":"repeat","background-position":"center center","background-size":"auto","background-attachment":"scroll","background-type":"","background-media":"","overlay-type":"","overlay-color":"","overlay-opacity":"","overlay-gradient":""}},"ast-content-background-meta":{"desktop":{"background-color":"var(--ast-global-color-4)","background-image":"","background-repeat":"repeat","background-position":"center center","background-size":"auto","background-attachment":"scroll","background-type":"","background-media":"","overlay-type":"","overlay-color":"","overlay-opacity":"","overlay-gradient":""},"tablet":{"background-color":"var(--ast-global-color-4)","background-image":"","background-repeat":"repeat","background-position":"center center","background-size":"auto","background-attachment":"scroll","background-type":"","background-media":"","overlay-type":"","overlay-color":"","overlay-opacity":"","overlay-gradient":""},"mobile":{"background-color":"var(--ast-global-color-4)","background-image":"","background-repeat":"repeat","background-position":"center center","background-size":"auto","background-attachment":"scroll","background-type":"","background-media":"","overlay-type":"","overlay-color":"","overlay-opacity":"","overlay-gradient":""}},"footnotes":""},"class_list":["post-27238","page","type-page","status-publish","hentry"],"_links":{"self":[{"href":"https:\/\/mavideniz.com.tr\/tr\/wp-json\/wp\/v2\/pages\/27238","targetHints":{"allow":["GET"]}}],"collection":[{"href":"https:\/\/mavideniz.com.tr\/tr\/wp-json\/wp\/v2\/pages"}],"about":[{"href":"https:\/\/mavideniz.com.tr\/tr\/wp-json\/wp\/v2\/types\/page"}],"author":[{"embeddable":true,"href":"https:\/\/mavideniz.com.tr\/tr\/wp-json\/wp\/v2\/users\/1"}],"replies":[{"embeddable":true,"href":"https:\/\/mavideniz.com.tr\/tr\/wp-json\/wp\/v2\/comments?post=27238"}],"version-history":[{"count":0,"href":"https:\/\/mavideniz.com.tr\/tr\/wp-json\/wp\/v2\/pages\/27238\/revisions"}],"up":[{"embeddable":true,"href":"https:\/\/mavideniz.com.tr\/tr\/wp-json\/wp\/v2\/pages\/27222"}],"wp:attachment":[{"href":"https:\/\/mavideniz.com.tr\/tr\/wp-json\/wp\/v2\/media?parent=27238"}],"curies":[{"name":"wp","href":"https:\/\/api.w.org\/{rel}","templated":true}]}}