{"id":27242,"date":"2021-10-04T03:05:26","date_gmt":"2021-10-04T03:05:26","guid":{"rendered":"https:\/\/mavideniz.com.tr\/?page_id=27242"},"modified":"2023-04-02T11:52:03","modified_gmt":"2023-04-02T11:52:03","slug":"santrifuj-pompa","status":"publish","type":"page","link":"https:\/\/mavideniz.com.tr\/tr\/urunler\/pompalar\/santrifuj-pompa\/","title":{"rendered":"Santrif\u00fcj Pompa"},"content":{"rendered":"<p><br \/>\nMavi Deniz&#8217;in Dalg\u0131\u00e7 Santrif\u00fcj Pompas\u0131, sintine pompalama, susuzla\u015ft\u0131rma ve transfer pompas\u0131 i\u00e7in \u00e7ok ama\u00e7l\u0131 Hafif bir santrif\u00fcj hidrolik pompad\u0131r.<\/p>\n<p>Dalg\u0131\u00e7 Santrif\u00fcj Pompa, uzun mesafeleri pompalamak i\u00e7in y\u00fcksek tahliye bas\u0131nc\u0131na sahiptir. Dalg\u0131\u00e7 Santrif\u00fcj Pompa, bir beko, vakumlu kamyonlar veya di\u011fer mevcut hidrolik sistemlerle \u00e7al\u0131\u015fabilir.<\/p>\n<p>Mavi Deniz Dalg\u0131\u00e7 Santrif\u00fcj Pompa, \u00e7ok portatif ve \u00e7ok y\u00f6nl\u00fc, \u00e7ok ama\u00e7l\u0131 bir pompad\u0131r. Verimli bir kanal \u00e7ark\u0131 kat\u0131 maddeleri i\u015fler ve m\u00fckemmel bir genel performans sunar.<\/p>\n<p>Mavi Deniz CP Modelleri Pompalar hafif santrif\u00fcjl\u00fcd\u00fcr; sondaj \u00e7amurlar\u0131n\u0131n aktar\u0131lmas\u0131, ta\u015fk\u0131n kontrol\u00fc, yang\u0131nla m\u00fccadele g\u00f6revleri i\u00e7in s\u00fcrekli su pompalanmas\u0131, ya\u011f s\u0131y\u0131r\u0131c\u0131lar\u0131ndan geri kazan\u0131lan ya\u011f, sintine suyu pompalama, ya\u011fl\u0131 su pompalama, kirli su pompalama i\u00e7in \u00e7ok ama\u00e7l\u0131 hidrolik pompalar ve ta\u015f\u0131nabilir tanker bo\u015faltma i\u00e7in ideal, derin kuyu pompalama i\u015flemleri, in\u015faat veya \u015fantiyelerde susuzla\u015ft\u0131rma, bak\u0131m deli\u011fi pompalama ve mavnalardan, ge\u00e7ici depolama tanklar\u0131ndan veya y\u00fczer petrol depolama tanklar\u0131ndan petrol transferi. Ya\u011f\u0131 \u00e7ok uzun mesafelere pompalamak i\u00e7in y\u00fcksek tahliye bas\u0131nc\u0131.<\/p>\n<p><strong>\u00d6ZELL\u0130KLER\u0130<\/strong><\/p>\n<ul>\n<li>Dalg\u0131\u00e7 Santrif\u00fcj Pompan\u0131n kullan\u0131m\u0131 kolayd\u0131r<\/li>\n<li>Verimli iki kanall\u0131 \u00e7ark<\/li>\n<li>Kuru \u00e7al\u0131\u015fabilir<\/li>\n<li>Dalg\u0131\u00e7 Santrif\u00fcj Pompa De\u011fi\u015fken H\u0131za Sahiptir<\/li>\n<li>Dalg\u0131\u00e7 Santrif\u00fcj Pompa, bir boru hatt\u0131na vidalanabilir veya kademeli olabilir<\/li>\n<li>G\u00fcvenli hidrolik tahrik, elektrik g\u00fcc\u00fcn\u00fcn tehlikeli veya pratik olmad\u0131\u011f\u0131 durumlarda kullan\u0131labilir<\/li>\n<li>Gaz, dizel veya elektrikli tahrikli hidrolik g\u00fc\u00e7 \u00fcniteleriyle \u00e7al\u0131\u015f\u0131r<\/li>\n<\/ul>\n<div class=\"wptm_table tablesorter-bootstrap \" data-id=\"95\" data-hightlight=\"0\"><div class=\"wptm_buttons buttons_wptmTbl95\"><\/div><div class=\"wptmresponsive dataTables-wptmtable wptmtable \" id=\"wptmtable95\" data-tableid=\"wptmTbl95\"><table data-count-header=\"1\"  data-format-decimal_count=\"0\" data-format-decimal_symbol=\".\" data-format-symbol_position=\"0\" data-format-thousand_symbol=\",\"  data-format-currency_symbol=\"$\"  data-name-style=\"95_1759672698.css\" data-format=\"YYYY-MM-DD\" id=\"wptmTbl95\" data-id=\"95\" data-responsive=\"false\" data-hideCols=\"false\"  data-type=\"html\" data-paging=\"false\" data-searching=\"true\"  data-ordering=\"false\" data-table-breakpoint=\"980\" data-scroll-x=\"true\" data-scroll-collapse=\"true\" data-align=\"center\" data-range=\"[]\" data-hideColumn=\"[0,0,0,0,0,0]\"  data-colwidths=\"[190,190,190,190,190,190]\"  data-colwidths_desktop=[]  data-colwidths_tablet=[]  data-colwidths_mobile=[]  class=\"wptm_main_table  disablePager hideScrollHeader\"><colgroup><col data-dtr=\"0\" data-dtc=\"0\" class=\"dtc0\"><col data-dtr=\"0\" data-dtc=\"1\" class=\"dtc1\"><col data-dtr=\"0\" data-dtc=\"2\" class=\"dtc2\"><col data-dtr=\"0\" data-dtc=\"3\" class=\"dtc3\"><col data-dtr=\"0\" data-dtc=\"4\" class=\"dtc4\"><col data-dtr=\"0\" data-dtc=\"5\" class=\"dtc5\"><\/colgroup><thead><tr class=\"wptm-header-cells-index\"><th rowspan=\"1\" colspan=\"1\" data-dtr=\"0\" data-dtc=\"0\" class=\"dtr0 dtc0\"><\/th><th rowspan=\"1\" colspan=\"1\" data-dtr=\"0\" data-dtc=\"1\" class=\"dtr0 dtc1\"><\/th><th rowspan=\"1\" colspan=\"1\" data-dtr=\"0\" data-dtc=\"2\" class=\"dtr0 dtc2\"><\/th><th rowspan=\"1\" colspan=\"1\" data-dtr=\"0\" data-dtc=\"3\" class=\"dtr0 dtc3\"><\/th><th rowspan=\"1\" colspan=\"1\" data-dtr=\"0\" data-dtc=\"4\" class=\"dtr0 dtc4\"><\/th><th rowspan=\"1\" colspan=\"1\" data-dtr=\"0\" data-dtc=\"5\" class=\"dtr0 dtc5\"><\/th><\/tr><tr class=\" row0\"><th   data-priority=\"0\" class=\"dtr0 dtc0\"><\/th><th   data-priority=\"0\" class=\"dtr0 dtc1\">     CP 1<\/th><th   data-priority=\"0\" class=\"dtr0 dtc2\">CPI 2<\/th><th   data-priority=\"0\" class=\"dtr0 dtc3\">CP 3<\/th><th   data-priority=\"0\" class=\"dtr0 dtc4\">CP 4<\/th><th   data-priority=\"0\" class=\"dtr0 dtc5\">CPI 5<\/th><\/thead><tbody><tr class=\" row1\"><td    class=\"dtr1 dtc0\">Capacity<\/td><td    class=\"dtr1 dtc1\">48 m3\/h<\/td><td    class=\"dtr1 dtc2\">48 m3\/h<\/td><td    class=\"dtr1 dtc3\">100 m3\/h<\/td><td    class=\"dtr1 dtc4\">200 m3\/h<\/td><td    class=\"dtr1 dtc5\">180 m3\/h<\/td><\/tr><tr class=\" row2\"><td    class=\"dtr2 dtc0\">Pump Body<\/td><td    class=\"dtr2 dtc1\">    Aluminum<\/td><td    class=\"dtr2 dtc2\">Stainless Steel<\/td><td    class=\"dtr2 dtc3\">    Aluminum<\/td><td    class=\"dtr2 dtc4\">    Aluminum<\/td><td    class=\"dtr2 dtc5\">Stainless Steel<\/td><\/tr><tr class=\" row3\"><td    class=\"dtr3 dtc0\">Impeller<\/td><td    class=\"dtr3 dtc1\">Ductile Iron<\/td><td    class=\"dtr3 dtc2\">Chromium Ductile Iron<\/td><td    class=\"dtr3 dtc3\">Ductile Iron<\/td><td    class=\"dtr3 dtc4\">Ductile Iron<\/td><td    class=\"dtr3 dtc5\">Chromium Ductile Iron<\/td><\/tr><tr class=\" row4\"><td    class=\"dtr4 dtc0\">Driven<\/td><td    class=\"dtr4 dtc1\">    Hydraulic<\/td><td    class=\"dtr4 dtc2\">    Hydraulic<\/td><td    class=\"dtr4 dtc3\">    Hydraulic<\/td><td    class=\"dtr4 dtc4\">    Hydraulic<\/td><td    class=\"dtr4 dtc5\">    Hydraulic<\/td><\/tr><tr class=\" row5\"><td    class=\"dtr5 dtc0\">Solid Handling<\/td><td    class=\"dtr5 dtc1\">    1 \u00bd\u201d<\/td><td    class=\"dtr5 dtc2\">    1 \u00bd\u201d<\/td><td    class=\"dtr5 dtc3\">    2 \u00bd\u201d<\/td><td    class=\"dtr5 dtc4\">    3\u201d<\/td><td    class=\"dtr5 dtc5\">    3\u201d<\/td><\/tr><tr class=\" row6\"><td    class=\"dtr6 dtc0\">Discharge Size<\/td><td    class=\"dtr6 dtc1\">    2\u201d<\/td><td    class=\"dtr6 dtc2\">    2\u201d<\/td><td    class=\"dtr6 dtc3\">    3\u201d<\/td><td    class=\"dtr6 dtc4\">    4\u201d<\/td><td    class=\"dtr6 dtc5\">    4\u201d<\/td><\/tr><tr class=\" row7\"><td    class=\"dtr7 dtc0\">Discharge Head<\/td><td    class=\"dtr7 dtc1\">    30 m<\/td><td    class=\"dtr7 dtc2\">35 m<\/td><td    class=\"dtr7 dtc3\">25 m<\/td><td    class=\"dtr7 dtc4\">14 m<\/td><td    class=\"dtr7 dtc5\">16 m<\/td><\/tr><tr class=\" row8\"><td    class=\"dtr8 dtc0\">Suction Head<\/td><td    class=\"dtr8 dtc1\">6 m<\/td><td    class=\"dtr8 dtc2\">6 m<\/td><td    class=\"dtr8 dtc3\">6 m<\/td><td    class=\"dtr8 dtc4\">6 m<\/td><td    class=\"dtr8 dtc5\">6 m<\/td><\/tr><tr class=\" row9\"><td    class=\"dtr9 dtc0\">Height<\/td><td    class=\"dtr9 dtc1\">35 cm<\/td><td    class=\"dtr9 dtc2\">30 cm<\/td><td    class=\"dtr9 dtc3\">40 cm<\/td><td    class=\"dtr9 dtc4\">    48 cm<\/td><td    class=\"dtr9 dtc5\">50 cm<\/td><\/tr><tr class=\" row10\"><td    class=\"dtr10 dtc0\">Width<\/td><td    class=\"dtr10 dtc1\">24 cm<\/td><td    class=\"dtr10 dtc2\">22 cm<\/td><td    class=\"dtr10 dtc3\">30 cm<\/td><td    class=\"dtr10 dtc4\">    50 cm<\/td><td    class=\"dtr10 dtc5\">40 cm<\/td><\/tr><tr class=\" row11\"><td    class=\"dtr11 dtc0\">Weight<\/td><td    class=\"dtr11 dtc1\">8 kg<\/td><td    class=\"dtr11 dtc2\">8 kg<\/td><td    class=\"dtr11 dtc3\">    11 kg<\/td><td    class=\"dtr11 dtc4\">30 kg<\/td><td    class=\"dtr11 dtc5\">28 kg<\/td><\/tr><\/tbody><tfoot><tr><td class=\"dtr11 dtc0\" style=\"height: 0;\"><\/td><td class=\"dtr11 dtc1\" style=\"height: 0;\"><\/td><td class=\"dtr11 dtc2\" style=\"height: 0;\"><\/td><td class=\"dtr11 dtc3\" style=\"height: 0;\"><\/td><td class=\"dtr11 dtc4\" style=\"height: 0;\"><\/td><td class=\"dtr11 dtc5\" style=\"height: 0;\"><\/td><\/tr><\/tfoot><\/table><\/div><style>#wptmtable95 .dataTables_wrapper > .dataTables_scroll {max-height:500px;overflow: auto;}<\/style><script>window.wptm_ajaxurl = 'https:\/\/mavideniz.com.tr\/wp-admin\/admin-ajax.php?juwpfisadmin=false&action=Wptm&'; window.wptm_front = 'https:\/\/mavideniz.com.tr\/wp-content\/plugins\/wp-table-manager\/app\/site\/assets\/'; window.wptm_style = 'https:\/\/mavideniz.com.tr\/wp-content\/uploads\/wptm\/';<\/script><\/div><style><\/style>\n","protected":false},"excerpt":{"rendered":"<p>Mavi Deniz&#8217;in Dalg\u0131\u00e7 Santrif\u00fcj Pompas\u0131, sintine pompalama, susuzla\u015ft\u0131rma ve transfer pompas\u0131 i\u00e7in \u00e7ok ama\u00e7l\u0131 Hafif bir santrif\u00fcj hidrolik pompad\u0131r. Dalg\u0131\u00e7 [&hellip;]<\/p>\n","protected":false},"author":1,"featured_media":0,"parent":27222,"menu_order":0,"comment_status":"closed","ping_status":"closed","template":"","meta":{"site-sidebar-layout":"default","site-content-layout":"","ast-site-content-layout":"default","site-content-style":"default","site-sidebar-style":"default","ast-global-header-display":"","ast-banner-title-visibility":"","ast-main-header-display":"","ast-hfb-above-header-display":"","ast-hfb-below-header-display":"","ast-hfb-mobile-header-display":"","site-post-title":"","ast-breadcrumbs-content":"","ast-featured-img":"","footer-sml-layout":"","ast-disable-related-posts":"","theme-transparent-header-meta":"","adv-header-id-meta":"","stick-header-meta":"","header-above-stick-meta":"","header-main-stick-meta":"","header-below-stick-meta":"","astra-migrate-meta-layouts":"default","ast-page-background-enabled":"default","ast-page-background-meta":{"desktop":{"background-color":"var(--ast-global-color-5)","background-image":"","background-repeat":"repeat","background-position":"center center","background-size":"auto","background-attachment":"scroll","background-type":"","background-media":"","overlay-type":"","overlay-color":"","overlay-opacity":"","overlay-gradient":""},"tablet":{"background-color":"","background-image":"","background-repeat":"repeat","background-position":"center center","background-size":"auto","background-attachment":"scroll","background-type":"","background-media":"","overlay-type":"","overlay-color":"","overlay-opacity":"","overlay-gradient":""},"mobile":{"background-color":"","background-image":"","background-repeat":"repeat","background-position":"center center","background-size":"auto","background-attachment":"scroll","background-type":"","background-media":"","overlay-type":"","overlay-color":"","overlay-opacity":"","overlay-gradient":""}},"ast-content-background-meta":{"desktop":{"background-color":"var(--ast-global-color-4)","background-image":"","background-repeat":"repeat","background-position":"center center","background-size":"auto","background-attachment":"scroll","background-type":"","background-media":"","overlay-type":"","overlay-color":"","overlay-opacity":"","overlay-gradient":""},"tablet":{"background-color":"var(--ast-global-color-4)","background-image":"","background-repeat":"repeat","background-position":"center center","background-size":"auto","background-attachment":"scroll","background-type":"","background-media":"","overlay-type":"","overlay-color":"","overlay-opacity":"","overlay-gradient":""},"mobile":{"background-color":"var(--ast-global-color-4)","background-image":"","background-repeat":"repeat","background-position":"center center","background-size":"auto","background-attachment":"scroll","background-type":"","background-media":"","overlay-type":"","overlay-color":"","overlay-opacity":"","overlay-gradient":""}},"footnotes":""},"class_list":["post-27242","page","type-page","status-publish","hentry"],"_links":{"self":[{"href":"https:\/\/mavideniz.com.tr\/tr\/wp-json\/wp\/v2\/pages\/27242","targetHints":{"allow":["GET"]}}],"collection":[{"href":"https:\/\/mavideniz.com.tr\/tr\/wp-json\/wp\/v2\/pages"}],"about":[{"href":"https:\/\/mavideniz.com.tr\/tr\/wp-json\/wp\/v2\/types\/page"}],"author":[{"embeddable":true,"href":"https:\/\/mavideniz.com.tr\/tr\/wp-json\/wp\/v2\/users\/1"}],"replies":[{"embeddable":true,"href":"https:\/\/mavideniz.com.tr\/tr\/wp-json\/wp\/v2\/comments?post=27242"}],"version-history":[{"count":0,"href":"https:\/\/mavideniz.com.tr\/tr\/wp-json\/wp\/v2\/pages\/27242\/revisions"}],"up":[{"embeddable":true,"href":"https:\/\/mavideniz.com.tr\/tr\/wp-json\/wp\/v2\/pages\/27222"}],"wp:attachment":[{"href":"https:\/\/mavideniz.com.tr\/tr\/wp-json\/wp\/v2\/media?parent=27242"}],"curies":[{"name":"wp","href":"https:\/\/api.w.org\/{rel}","templated":true}]}}