{"id":27247,"date":"2021-10-04T03:08:51","date_gmt":"2021-10-04T03:08:51","guid":{"rendered":"https:\/\/mavideniz.com.tr\/?page_id=27247"},"modified":"2025-03-15T15:33:49","modified_gmt":"2025-03-15T15:33:49","slug":"petrol-sizintisi-tespiti","status":"publish","type":"page","link":"https:\/\/mavideniz.com.tr\/tr\/urunler\/dokulme-tespiti-izleme\/petrol-sizintisi-tespiti\/","title":{"rendered":"Petrol S\u0131z\u0131nt\u0131s\u0131 Tespiti"},"content":{"rendered":"<p><br \/>\nPetrol s\u0131z\u0131nt\u0131s\u0131n\u0131 tespit etmek ve ger\u00e7ek zamanl\u0131 olarak uyarmak i\u00e7in tasarlanm\u0131\u015f Petrol S\u0131z\u0131nt\u0131s\u0131 Tespit sistemi. Petrol S\u0131z\u0131nt\u0131s\u0131 Tespit sistemi, petrol s\u0131z\u0131nt\u0131lar\u0131n\u0131 yanl\u0131\u015f alarm olmadan tespit eden ve y\u00fcksek hassasiyete (1 mikron hassasiyet) ve karma\u015f\u0131k bir organik madde y\u0131\u011f\u0131n\u0131 i\u00e7indeki tek bile\u015fenlerin spektral ayr\u0131m\u0131n\u0131n se\u00e7icili\u011fine sahip Geli\u015fmi\u015f yaz\u0131l\u0131m algoritmalar\u0131na sahiptir.<\/p>\n<p>Petrol S\u0131z\u0131nt\u0131s\u0131 Alg\u0131lama sistemi, at\u0131k su, havaalan\u0131, \u015famand\u0131ra, gemi marinas\u0131, liman, su \u00fcr\u00fcnleri yeti\u015ftiricili\u011fi, sanayi, petrol rafinerisi, bitki ve tehlikeli alanlar, hidro baraj, petrol platformu, petrol terminali, g\u00fc\u00e7 i\u00e7in uygun UV floresan y\u00f6ntemini kullanan IP68 sertifikal\u0131 temass\u0131z Ex proof petrol s\u0131z\u0131nt\u0131s\u0131 dedekt\u00f6r\u00fcd\u00fcr.<\/p>\n<p>Petrol S\u0131z\u0131nt\u0131s\u0131 Alg\u0131lama sistemi, floresan tekni\u011fine dayal\u0131d\u0131r, su y\u00fczeyinin h\u0131zl\u0131 bir tarama y\u00f6ntemi olarak \u00e7al\u0131\u015f\u0131r ve darbeli bir UV LED, al\u0131c\u0131 teleskop, veri kontrol\u00fc ve i\u015fleme elektroni\u011finden olu\u015fur. Darbeli bir LED \u0131\u015f\u0131n\u0131, incelenen su alan\u0131nda g\u00f6r\u00fcnen ve floresanlar\u0131n\u0131 ind\u00fckleyen ya\u011f molek\u00fcllerini uyar\u0131r. Teleskop, daha sonraki i\u015flemler i\u00e7in ortaya \u00e7\u0131kan geri d\u00f6nen sinyali toplar. Entegre analitik kontrol yaz\u0131l\u0131m\u0131, al\u0131nan sinyali an\u0131nda analiz eder. Veri i\u015fleme ve sonu\u00e7 teslimi ger\u00e7ek zamanl\u0131 olarak ger\u00e7ekle\u015ftirilir.<\/p>\n<p>Petrol S\u0131z\u0131nt\u0131s\u0131 Tespit sistemi, \u015f\u00fcphelenmeyen petrol s\u0131z\u0131nt\u0131lar\u0131n\u0131 alg\u0131lar ve sizi uyar\u0131r. At\u0131k de\u015farj veya giri\u015f noktalar\u0131nda 7\/24 end\u00fcstriyel ve \u00e7evresel su izleme sa\u011flar.<\/p>\n","protected":false},"excerpt":{"rendered":"<p>Petrol s\u0131z\u0131nt\u0131s\u0131n\u0131 tespit etmek ve ger\u00e7ek zamanl\u0131 olarak uyarmak i\u00e7in tasarlanm\u0131\u015f Petrol S\u0131z\u0131nt\u0131s\u0131 Tespit sistemi. Petrol S\u0131z\u0131nt\u0131s\u0131 Tespit sistemi, petrol [&hellip;]<\/p>\n","protected":false},"author":1,"featured_media":0,"parent":27245,"menu_order":0,"comment_status":"closed","ping_status":"closed","template":"","meta":{"site-sidebar-layout":"default","site-content-layout":"","ast-site-content-layout":"default","site-content-style":"default","site-sidebar-style":"default","ast-global-header-display":"","ast-banner-title-visibility":"","ast-main-header-display":"","ast-hfb-above-header-display":"","ast-hfb-below-header-display":"","ast-hfb-mobile-header-display":"","site-post-title":"","ast-breadcrumbs-content":"","ast-featured-img":"","footer-sml-layout":"","ast-disable-related-posts":"","theme-transparent-header-meta":"","adv-header-id-meta":"","stick-header-meta":"","header-above-stick-meta":"","header-main-stick-meta":"","header-below-stick-meta":"","astra-migrate-meta-layouts":"default","ast-page-background-enabled":"default","ast-page-background-meta":{"desktop":{"background-color":"var(--ast-global-color-5)","background-image":"","background-repeat":"repeat","background-position":"center center","background-size":"auto","background-attachment":"scroll","background-type":"","background-media":"","overlay-type":"","overlay-color":"","overlay-opacity":"","overlay-gradient":""},"tablet":{"background-color":"","background-image":"","background-repeat":"repeat","background-position":"center center","background-size":"auto","background-attachment":"scroll","background-type":"","background-media":"","overlay-type":"","overlay-color":"","overlay-opacity":"","overlay-gradient":""},"mobile":{"background-color":"","background-image":"","background-repeat":"repeat","background-position":"center center","background-size":"auto","background-attachment":"scroll","background-type":"","background-media":"","overlay-type":"","overlay-color":"","overlay-opacity":"","overlay-gradient":""}},"ast-content-background-meta":{"desktop":{"background-color":"var(--ast-global-color-4)","background-image":"","background-repeat":"repeat","background-position":"center center","background-size":"auto","background-attachment":"scroll","background-type":"","background-media":"","overlay-type":"","overlay-color":"","overlay-opacity":"","overlay-gradient":""},"tablet":{"background-color":"var(--ast-global-color-4)","background-image":"","background-repeat":"repeat","background-position":"center center","background-size":"auto","background-attachment":"scroll","background-type":"","background-media":"","overlay-type":"","overlay-color":"","overlay-opacity":"","overlay-gradient":""},"mobile":{"background-color":"var(--ast-global-color-4)","background-image":"","background-repeat":"repeat","background-position":"center center","background-size":"auto","background-attachment":"scroll","background-type":"","background-media":"","overlay-type":"","overlay-color":"","overlay-opacity":"","overlay-gradient":""}},"footnotes":""},"class_list":["post-27247","page","type-page","status-publish","hentry"],"_links":{"self":[{"href":"https:\/\/mavideniz.com.tr\/tr\/wp-json\/wp\/v2\/pages\/27247","targetHints":{"allow":["GET"]}}],"collection":[{"href":"https:\/\/mavideniz.com.tr\/tr\/wp-json\/wp\/v2\/pages"}],"about":[{"href":"https:\/\/mavideniz.com.tr\/tr\/wp-json\/wp\/v2\/types\/page"}],"author":[{"embeddable":true,"href":"https:\/\/mavideniz.com.tr\/tr\/wp-json\/wp\/v2\/users\/1"}],"replies":[{"embeddable":true,"href":"https:\/\/mavideniz.com.tr\/tr\/wp-json\/wp\/v2\/comments?post=27247"}],"version-history":[{"count":0,"href":"https:\/\/mavideniz.com.tr\/tr\/wp-json\/wp\/v2\/pages\/27247\/revisions"}],"up":[{"embeddable":true,"href":"https:\/\/mavideniz.com.tr\/tr\/wp-json\/wp\/v2\/pages\/27245"}],"wp:attachment":[{"href":"https:\/\/mavideniz.com.tr\/tr\/wp-json\/wp\/v2\/media?parent=27247"}],"curies":[{"name":"wp","href":"https:\/\/api.w.org\/{rel}","templated":true}]}}