{"id":27262,"date":"2021-10-06T15:53:53","date_gmt":"2021-10-06T15:53:53","guid":{"rendered":"https:\/\/mavideniz.com.tr\/?page_id=27262"},"modified":"2023-07-02T23:13:34","modified_gmt":"2023-07-02T23:13:34","slug":"havadan-puskurtme-sistemi","status":"publish","type":"page","link":"https:\/\/mavideniz.com.tr\/tr\/urunler\/puskurtme-sistemi-denizcilik-tarim\/havadan-puskurtme-sistemi\/","title":{"rendered":"Havadan Kimyasal P\u00fcsk\u00fcrtme Sistemi"},"content":{"rendered":"<p><br \/>\nMAV\u0130 DEN\u0130Z, sivrisinekleri, \u00e7ekirgeleri, \u00e7ekirgeleri kontrol etmek ve orman yang\u0131nlar\u0131n\u0131 su veya yang\u0131n s\u00f6nd\u00fcrme kimyasallar\u0131 ile tedavi etmek veya s\u0131v\u0131 g\u00fcbre ve pestisitlerin \u00fcstten uygulanmas\u0131, mahsul\u00fcn zemin bitki \u00f6rt\u00fcs\u00fc ve ayr\u0131ca s\u0131n\u0131rl\u0131 veya eri\u015filemeyen durumlarda petrol s\u0131z\u0131nt\u0131s\u0131 operasyonlar\u0131 i\u00e7in Havadan P\u00fcsk\u00fcrtme Sistemi tasarlad\u0131.<\/p>\n<p>Ana Avantaj H\u0131z\u0131n, \u00f6zellikle ormanlar ve geni\u015f ekin alanlar\u0131 \u00fczerinde operasyon i\u00e7in \u00f6nemli bir fakt\u00f6r olmas\u0131d\u0131r ve tarla eri\u015fimi ba\u015far\u0131l\u0131 bir tedavinin anahtar\u0131d\u0131r.<\/p>\n<p>Seyrelticilerin havadan p\u00fcsk\u00fcrt\u00fclmesi ile sunulan Petrol S\u0131z\u0131nt\u0131s\u0131 Operasyonlar\u0131 (makul kontrol ve de\u011ferlendirme sonu\u00e7lar\u0131 ile h\u0131zl\u0131 tepki, y\u00fcksek ar\u0131tma oranlar\u0131, denizin durumu ne olursa olsun \u00fcr\u00fcn\u00fcn optimum kullan\u0131m\u0131), hem sabit hem de d\u00f6ner olarak kullan\u0131lmak \u00fczere geli\u015ftirilmi\u015f bir\u00e7ok p\u00fcsk\u00fcrtme sistemi kanatl\u0131 u\u00e7ak (helikopter veya u\u00e7ak).<\/p>\n<p>Mevcut \u00fcniteler, uygun hava ta\u015f\u0131t\u0131 taraf\u0131ndan kullan\u0131labilen veya kal\u0131c\u0131 olarak monte edilebilen tiptedir. Tar\u0131mda yayg\u0131n olarak kullan\u0131lan mahsul p\u00fcsk\u00fcrtme u\u00e7aklar\u0131n\u0131n standart yerle\u015fik p\u00fcsk\u00fcrtme sistemleri, sprey da\u011f\u0131t\u0131c\u0131lara uyarlanabilir.<\/p>\n<p>Havadan ila\u00e7lama, sivrisinekleri kontrol etme \u00e7\u00f6z\u00fcm\u00fcn\u00fcn yaln\u0131zca bir par\u00e7as\u0131d\u0131r, ancak geni\u015f bir alanda yay\u0131lma say\u0131s\u0131n\u0131 h\u0131zla azaltabilen bir y\u00f6ntemdir. Kullan\u0131lm\u0131\u015f Kimyasallar \u0130nsanlar i\u00e7in toksik de\u011fildir. \u0130nsanlar\u0131 hasta etti\u011fi g\u00f6sterilmemi\u015ftir. Belirtildi\u011fi \u015fekilde kullan\u0131ld\u0131\u011f\u0131nda, g\u0131da \u00fcr\u00fcnlerine veya su kaynaklar\u0131na zarar vermeden sivrisineklerin yumurtlad\u0131\u011f\u0131 durgun sulara g\u00fcvenle uygulanabilir.<\/p>\n<p>G\u00f6\u00e7men ha\u015ferelere, \u00e7ekirgelere ve \u00e7ekirgelere kar\u015f\u0131 ila\u00e7lama operasyonlar\u0131nda \u00e7e\u015fitli geleneksel b\u00f6cek ila\u00e7lar\u0131 kullan\u0131lm\u0131\u015ft\u0131r. Havadan p\u00fcsk\u00fcrtmede kimyasallar do\u011fru kullan\u0131ld\u0131\u011f\u0131nda, p\u00fcsk\u00fcrtme h\u0131zl\u0131 bir \u00f6ld\u00fcrme sa\u011flar. Havadan ila\u00e7lama, birden fazla kez yap\u0131lsa bile \u00e7evreye, ku\u015flara, di\u011fer hayvanlara veya yerel ekosisteme uzun s\u00fcreli zarar vermez.<\/p>\n<p>Sadece saf konsantre seyrelticiler, havadaki p\u00fcsk\u00fcrtme sistemleriyle kullan\u0131m i\u00e7in uygundur.<\/p>\n<p>U\u00e7ak da\u011f\u0131t\u0131c\u0131 sprey sistemleri, belirli u\u00e7ak t\u00fcrleri ve modelleri i\u00e7in tasarlanm\u0131\u015f ve onaylanm\u0131\u015ft\u0131r.<\/p>\n<p><strong>1. D\u00fczlem P\u00fcsk\u00fcrtme Sistemi<\/strong><\/p>\n<p>D\u00f6n\u00fc\u015ft\u00fcr\u00fclen \u00e7ok motorlu u\u00e7aklar i\u00e7in sabit sistemler, da\u011f\u0131t\u0131c\u0131lar i\u00e7in depolama, nozullu g\u00fc\u00e7 paketi p\u00fcsk\u00fcrtme kollar\u0131 i\u00e7eren bir pompa ve bir uzaktan kumanda sisteminden olu\u015fur.<br \/>\nAlternatif olarak, g\u00f6vdenin alt\u0131na ayr\u0131labilir bir b\u00f6lme (yani bagaj sand\u0131\u011f\u0131 yerine) olarak kelep\u00e7elemek i\u00e7in baz\u0131 ba\u011f\u0131ms\u0131z sistemler (tank, pompa ve sprey sistemi ile) geli\u015ftirilmi\u015ftir; bu sistemler, normal u\u00e7aklar\u0131 h\u0131zl\u0131 bir \u015fekilde p\u00fcsk\u00fcrtme u\u00e7aklar\u0131na d\u00f6n\u00fc\u015ft\u00fcrmeyi sa\u011flar.<\/p>\n<p>K\u00fc\u00e7\u00fck u\u00e7aklar i\u00e7in POD p\u00fcsk\u00fcrtme sistemleri; kendi kendine konteyner p\u00fcsk\u00fcrtme sistemi, k\u00fc\u00e7\u00fck bir d\u00fczlemin alt\u0131na bir POD (bagaj bagaj\u0131) olarak donat\u0131labilir. Genellikle iyi veya yolcu ta\u015f\u0131mac\u0131l\u0131\u011f\u0131na ayr\u0131lm\u0131\u015f geleneksel bir u\u00e7aktan p\u00fcsk\u00fcrtme u\u00e7a\u011f\u0131na d\u00f6n\u00fc\u015ft\u00fcrmek h\u0131zl\u0131 ve kolayd\u0131r. Bu sistemlerin kapasitesi yakla\u015f\u0131k 1,5 ton dispersand\u0131r.<\/p>\n<p>U\u00e7u\u015f s\u0131ras\u0131nda a\u00e7\u0131k kalacak arka kargo kap\u0131lar\u0131 ile b\u00fcy\u00fck nakliye u\u00e7aklar\u0131na uyacak \u015fekilde in\u015fa edilmi\u015f ba\u011f\u0131ms\u0131z hava p\u00fcsk\u00fcrtme sistemleri. Konteynerli birimler bir tank, g\u00fc\u00e7 paketi, pompa ve geri \u00e7ekilebilir p\u00fcsk\u00fcrtme kollar\u0131ndan olu\u015fur ve h\u0131zl\u0131 bir \u015fekilde kargo ambar\u0131na y\u00fcklenir.<\/p>\n<p><strong>2. Helikopter P\u00fcsk\u00fcrtme Sistemi<\/strong><\/p>\n<p>Helikopterler i\u00e7in sabit p\u00fcsk\u00fcrtme sistemleri, g\u00f6vdenin alt\u0131na monte edilir ve \u00fcnitenin yerle\u015fik sabit kanatl\u0131 u\u00e7a\u011f\u0131 ile ayn\u0131 par\u00e7alardan olu\u015fur.<\/p>\n<p>Helikopter p\u00fcsk\u00fcrtme kovalar\u0131, as\u0131l\u0131 y\u00fckler i\u00e7in kargo kancal\u0131 herhangi bir helikopteri kullanabilir. \u00dcniteler ba\u011f\u0131ms\u0131zd\u0131r (tank, pompa, g\u00fc\u00e7 paketi, p\u00fcsk\u00fcrtme kollar\u0131) ve uzaktan kumanda edilebilir, kokpitten kontrol edilir.<\/p>\n<p>Havadan da\u011f\u0131t\u0131c\u0131lar\u0131n uygulanmas\u0131, kaygan alan \u00fczerindeki g\u00f6r\u00fcn\u00fcrl\u00fc\u011fe ba\u011fl\u0131d\u0131r ve da\u011f\u0131t\u0131c\u0131lar\u0131n d\u00f6k\u00fclen petrolle kar\u0131\u015ft\u0131r\u0131lmas\u0131 i\u00e7in dalga enerjisine dayan\u0131r.<\/p>\n<p>\u015eirket ayr\u0131ca, kurum i\u00e7i CAD tasar\u0131m\u0131 ile \u00f6zel ekipman sipari\u015f etmek i\u00e7in tasarlayacak ve onaylayacakt\u0131r.<br \/>\n<div class=\"wptm_table tablesorter-bootstrap \" data-id=\"87\" data-hightlight=\"0\"><div class=\"wptm_buttons buttons_wptmTbl87\"><\/div><div class=\"wptmresponsive dataTables-wptmtable wptmtable \" id=\"wptmtable87\" data-tableid=\"wptmTbl87\"><table data-count-header=\"1\"  data-format-decimal_count=\"0\" data-format-decimal_symbol=\".\" data-format-symbol_position=\"0\" data-format-thousand_symbol=\",\"  data-format-currency_symbol=\"$\"  data-name-style=\"87_1761668020.css\" data-format=\"YYYY-MM-DD\" id=\"wptmTbl87\" data-id=\"87\" data-responsive=\"false\" data-hideCols=\"false\"  data-type=\"html\" data-paging=\"false\" data-searching=\"true\"  data-ordering=\"false\" data-table-breakpoint=\"980\" data-scroll-x=\"true\" data-scroll-collapse=\"true\" data-align=\"center\" data-range=\"[]\" data-hideColumn=\"[0,0,0]\"  data-colwidths=\"[380,380,380]\"  data-colwidths_desktop=[]  data-colwidths_tablet=[]  data-colwidths_mobile=[]  class=\"wptm_main_table  disablePager hideScrollHeader\"><colgroup><col data-dtr=\"0\" data-dtc=\"0\" class=\"dtc0\"><col data-dtr=\"0\" data-dtc=\"1\" class=\"dtc1\"><col data-dtr=\"0\" data-dtc=\"2\" class=\"dtc2\"><\/colgroup><thead><tr class=\"wptm-header-cells-index\"><th rowspan=\"1\" colspan=\"1\" data-dtr=\"0\" data-dtc=\"0\" class=\"dtr0 dtc0\"><\/th><th rowspan=\"1\" colspan=\"1\" data-dtr=\"0\" data-dtc=\"1\" class=\"dtr0 dtc1\"><\/th><th rowspan=\"1\" colspan=\"1\" data-dtr=\"0\" data-dtc=\"2\" class=\"dtr0 dtc2\"><\/th><\/tr><tr class=\" row0\"><th   data-priority=\"0\" class=\"dtr0 dtc0\"><\/th><th   data-priority=\"0\" class=\"dtr0 dtc1\">Mavi Spray Arial FW Mini<\/th><th   data-priority=\"0\" class=\"dtr0 dtc2\">Mavi Spray Arial FW<\/th><\/thead><tbody><tr class=\" row1\"><td    class=\"dtr1 dtc0\">Application Area<\/td><td    class=\"dtr1 dtc1\"><\/td><td    class=\"dtr1 dtc2\"><\/td><\/tr><tr class=\" row2\"><td    class=\"dtr2 dtc0\">Aircraft Type<\/td><td    class=\"dtr2 dtc1\">Plane<\/td><td    class=\"dtr2 dtc2\">Plane<\/td><\/tr><tr class=\" row3\"><td    class=\"dtr3 dtc0\">Tank Capacity<\/td><td    class=\"dtr3 dtc1\">1000 lt<\/td><td    class=\"dtr3 dtc2\">2.000 lt (standard) - <br \/>\nUp to 18.000 lt (optional)<\/td><\/tr><tr class=\" row4\"><td    class=\"dtr4 dtc0\">Tank Material<\/td><td  colspan=\"2\"   class=\"dtr4 dtc1\">HDPE or Aluminium<\/td><td  style=\"display: none\"   class=\"dtr4 dtc2\"><\/td><\/tr><tr class=\" row5\"><td    class=\"dtr5 dtc0\">Engine<\/td><td  colspan=\"2\"   class=\"dtr5 dtc1\">380 V 3-phase electric motor<\/td><td  style=\"display: none\"   class=\"dtr5 dtc2\"><\/td><\/tr><tr class=\" row6\"><td    class=\"dtr6 dtc0\">Contol Panel<\/td><td  colspan=\"2\"   class=\"dtr6 dtc1\">Carried as an underslung load, the system incorporates its own power supply and is controlled via a simple pilot operated control box.<\/td><td  style=\"display: none\"   class=\"dtr6 dtc2\"><\/td><\/tr><tr class=\" row7\"><td    class=\"dtr7 dtc0\">Flow rate<\/td><td  colspan=\"2\"   class=\"dtr7 dtc1\">Flow rate can be varied up from (350 litres\/min & 450 litres\/min or 800 litres\/min)<\/td><td  style=\"display: none\"   class=\"dtr7 dtc2\"><\/td><\/tr><tr class=\" row8\"><td    class=\"dtr8 dtc0\">Spray Boom Length<\/td><td  colspan=\"2\"   class=\"dtr8 dtc1\">3 m - 5 m - 10 m - 15 m - 20 m<\/td><td  style=\"display: none\"   class=\"dtr8 dtc2\"><\/td><\/tr><tr class=\" row9\"><td    class=\"dtr9 dtc0\">Spray Boom Material<\/td><td  colspan=\"2\"   class=\"dtr9 dtc1\">Lightweight Aluminium construction<\/td><td  style=\"display: none\"   class=\"dtr9 dtc2\"><\/td><\/tr><tr class=\" row10\"><td    class=\"dtr10 dtc0\">Swath width<\/td><td  colspan=\"2\"   class=\"dtr10 dtc1\">Up to 30m.<\/td><td  style=\"display: none\"   class=\"dtr10 dtc2\"><\/td><\/tr><\/tbody><tfoot><tr><td class=\"dtr10 dtc0\" style=\"height: 0;\"><\/td><td class=\"dtr10 dtc1\" style=\"height: 0;\"><\/td><td class=\"dtr10 dtc2\" style=\"height: 0;\"><\/td><\/tr><\/tfoot><\/table><\/div><style>#wptmtable87 .dataTables_wrapper > .dataTables_scroll {max-height:500px;overflow: auto;}<\/style><script>window.wptm_ajaxurl = 'https:\/\/mavideniz.com.tr\/wp-admin\/admin-ajax.php?juwpfisadmin=false&action=Wptm&'; window.wptm_front = 'https:\/\/mavideniz.com.tr\/wp-content\/plugins\/wp-table-manager\/app\/site\/assets\/'; window.wptm_style = 'https:\/\/mavideniz.com.tr\/wp-content\/uploads\/wptm\/';<\/script><\/div><style><\/style><\/p>\n","protected":false},"excerpt":{"rendered":"<p>MAV\u0130 DEN\u0130Z, sivrisinekleri, \u00e7ekirgeleri, \u00e7ekirgeleri kontrol etmek ve orman yang\u0131nlar\u0131n\u0131 su veya yang\u0131n s\u00f6nd\u00fcrme kimyasallar\u0131 ile tedavi etmek veya s\u0131v\u0131 [&hellip;]<\/p>\n","protected":false},"author":1,"featured_media":0,"parent":27260,"menu_order":0,"comment_status":"closed","ping_status":"closed","template":"","meta":{"site-sidebar-layout":"default","site-content-layout":"","ast-site-content-layout":"default","site-content-style":"default","site-sidebar-style":"default","ast-global-header-display":"","ast-banner-title-visibility":"","ast-main-header-display":"","ast-hfb-above-header-display":"","ast-hfb-below-header-display":"","ast-hfb-mobile-header-display":"","site-post-title":"","ast-breadcrumbs-content":"","ast-featured-img":"","footer-sml-layout":"","ast-disable-related-posts":"","theme-transparent-header-meta":"","adv-header-id-meta":"","stick-header-meta":"","header-above-stick-meta":"","header-main-stick-meta":"","header-below-stick-meta":"","astra-migrate-meta-layouts":"default","ast-page-background-enabled":"default","ast-page-background-meta":{"desktop":{"background-color":"var(--ast-global-color-5)","background-image":"","background-repeat":"repeat","background-position":"center center","background-size":"auto","background-attachment":"scroll","background-type":"","background-media":"","overlay-type":"","overlay-color":"","overlay-opacity":"","overlay-gradient":""},"tablet":{"background-color":"","background-image":"","background-repeat":"repeat","background-position":"center center","background-size":"auto","background-attachment":"scroll","background-type":"","background-media":"","overlay-type":"","overlay-color":"","overlay-opacity":"","overlay-gradient":""},"mobile":{"background-color":"","background-image":"","background-repeat":"repeat","background-position":"center center","background-size":"auto","background-attachment":"scroll","background-type":"","background-media":"","overlay-type":"","overlay-color":"","overlay-opacity":"","overlay-gradient":""}},"ast-content-background-meta":{"desktop":{"background-color":"var(--ast-global-color-4)","background-image":"","background-repeat":"repeat","background-position":"center center","background-size":"auto","background-attachment":"scroll","background-type":"","background-media":"","overlay-type":"","overlay-color":"","overlay-opacity":"","overlay-gradient":""},"tablet":{"background-color":"var(--ast-global-color-4)","background-image":"","background-repeat":"repeat","background-position":"center center","background-size":"auto","background-attachment":"scroll","background-type":"","background-media":"","overlay-type":"","overlay-color":"","overlay-opacity":"","overlay-gradient":""},"mobile":{"background-color":"var(--ast-global-color-4)","background-image":"","background-repeat":"repeat","background-position":"center center","background-size":"auto","background-attachment":"scroll","background-type":"","background-media":"","overlay-type":"","overlay-color":"","overlay-opacity":"","overlay-gradient":""}},"footnotes":""},"class_list":["post-27262","page","type-page","status-publish","hentry"],"_links":{"self":[{"href":"https:\/\/mavideniz.com.tr\/tr\/wp-json\/wp\/v2\/pages\/27262","targetHints":{"allow":["GET"]}}],"collection":[{"href":"https:\/\/mavideniz.com.tr\/tr\/wp-json\/wp\/v2\/pages"}],"about":[{"href":"https:\/\/mavideniz.com.tr\/tr\/wp-json\/wp\/v2\/types\/page"}],"author":[{"embeddable":true,"href":"https:\/\/mavideniz.com.tr\/tr\/wp-json\/wp\/v2\/users\/1"}],"replies":[{"embeddable":true,"href":"https:\/\/mavideniz.com.tr\/tr\/wp-json\/wp\/v2\/comments?post=27262"}],"version-history":[{"count":0,"href":"https:\/\/mavideniz.com.tr\/tr\/wp-json\/wp\/v2\/pages\/27262\/revisions"}],"up":[{"embeddable":true,"href":"https:\/\/mavideniz.com.tr\/tr\/wp-json\/wp\/v2\/pages\/27260"}],"wp:attachment":[{"href":"https:\/\/mavideniz.com.tr\/tr\/wp-json\/wp\/v2\/media?parent=27262"}],"curies":[{"name":"wp","href":"https:\/\/api.w.org\/{rel}","templated":true}]}}