{"id":27267,"date":"2021-10-06T16:21:11","date_gmt":"2021-10-06T16:21:11","guid":{"rendered":"https:\/\/mavideniz.com.tr\/?page_id=27267"},"modified":"2023-07-02T23:13:33","modified_gmt":"2023-07-02T23:13:33","slug":"dispersant-puskurtme-sistemi","status":"publish","type":"page","link":"https:\/\/mavideniz.com.tr\/tr\/urunler\/puskurtme-sistemi-denizcilik-tarim\/dispersant-puskurtme-sistemi\/","title":{"rendered":"Deniz Kimyasal P\u00fcsk\u00fcrtme Sistemi"},"content":{"rendered":"<p><br \/>\nMAV\u0130 DEN\u0130Z, r\u00f6mork\u00f6rler i\u00e7in b\u00fcy\u00fck, kal\u0131c\u0131 olarak monte edilmi\u015f ekipmanlardan k\u00fc\u00e7\u00fck tekneler i\u00e7in k\u00fc\u00e7\u00fck, ta\u015f\u0131nabilir k\u0131y\u0131 seyreltici sprey sistemlerine kadar farkl\u0131 Seyreltici P\u00fcsk\u00fcrtme Sistemleri \u00fcretir ve tasarlar.<\/p>\n<p>Sabit tip elektrik y\u00fckl\u00fc da\u011f\u0131t\u0131c\u0131 sprey sistemi veya Portatif dizel, gemilerden, teknelerden, Petrol Geri Kazan\u0131m Gemilerinden, R\u00f6mork\u00f6rlerden, A\u00e7\u0131k Deniz Tedarik Gemilerinden di\u011fer Teknelerden ya\u011f da\u011f\u0131t\u0131c\u0131 uygulamas\u0131 i\u00e7in bir da\u011f\u0131t\u0131c\u0131 sprey sistemi uygulanabilir.<\/p>\n<p><strong>Deniz suyuna \u00f6nceden seyreltilmi\u015f konsantre p\u00fcsk\u00fcrtme sistemleri.<\/strong><\/p>\n<p>Deniz suyuna \u00f6nceden seyreltilmi\u015f seyreltici uygulamas\u0131, konsantre seyreltici (d\u00fc\u015f\u00fck dispersan\/ya\u011f dozaj\u0131) uygulamak i\u00e7in, ba\u015flang\u0131\u00e7ta geleneksel dispersanlar\u0131 (y\u00fcksek dispersan\/ya\u011f dozaj\u0131) uygulamak i\u00e7in geli\u015ftirilen ekipman kullan\u0131larak icat edildi.<\/p>\n<p>Asl\u0131nda, seyreltme, ayn\u0131 ekipmanla (b\u00fcy\u00fck nozullar) p\u00fcsk\u00fcrt\u00fclecek ve p\u00fcsk\u00fcrt\u00fclecek ak\u0131\u015f h\u0131z\u0131nda bir art\u0131\u015f sa\u011flar. Bu sistemler, da\u011f\u0131t\u0131c\u0131y\u0131, genellikle yakla\u015f\u0131k %10 seyrelticiyi deniz suyuna \u00f6nceden seyreltmek i\u00e7in tasarlanm\u0131\u015ft\u0131r.<\/p>\n<p>Bu hedefe \u015fu yollarla ula\u015f\u0131labilir:<\/p>\n<p><strong>E\u011fitim sistemleri,<\/strong> geminin yerle\u015fik yang\u0131nla m\u00fccadele sistemi ile \u00e7al\u0131\u015facak \u015fekilde tasarlanm\u0131\u015ft\u0131r. Pompan\u0131n basma taraf\u0131na ba\u011fl\u0131 olan e\u011fitimci, da\u011f\u0131t\u0131c\u0131 madde giri\u015f noktas\u0131nda negatif bir bas\u0131nca neden olarak onu bir bo\u015faltma hatt\u0131na emer. Seyreltilmi\u015f da\u011f\u0131t\u0131c\u0131, bir yang\u0131n monit\u00f6r\u00fc ile veya geminin yan\u0131na ba\u011fl\u0131 p\u00fcsk\u00fcrtme kollar\u0131na monte edilmi\u015f nozullar arac\u0131l\u0131\u011f\u0131yla uygulan\u0131r.<\/p>\n<p><strong>Enjeksiyon sistemleri<\/strong> iki pompadan olu\u015fur: biri su i\u00e7in, di\u011feri seyreltici i\u00e7in de\u011fi\u015fken debili kimyasal besleme pompalar\u0131na benzer \u015fekilde. Da\u011f\u0131t\u0131c\u0131, geminin yan\u0131na tutturulmu\u015f p\u00fcsk\u00fcrtme kollar\u0131na monte edilmi\u015f nozullar arac\u0131l\u0131\u011f\u0131yla uyguland\u0131. Sabit ve ta\u015f\u0131nabilir tasar\u0131mlar mevcuttur ve tercihen yay dalgas\u0131n\u0131n kar\u0131\u015ft\u0131rma enerjisinden yararlanmak i\u00e7in geminin pruvas\u0131na monte edilir.<\/p>\n<p><strong>Saf seyreltici p\u00fcsk\u00fcrtmek i\u00e7in sistemler<\/strong><\/p>\n<p>Seyreltilmemi\u015f konsantre da\u011f\u0131t\u0131c\u0131n\u0131n uygulanmas\u0131 i\u00e7in a\u00e7\u0131k bir \u015fekilde saf konsantre tasar\u0131mlar\u0131 p\u00fcsk\u00fcrtme y\u00f6ntemleri.<\/p>\n<p>Bu \u00fcniteler genellikle yana monte edilir, de\u011fi\u015fken ak\u0131\u015f h\u0131z\u0131na sahip bir pompaya sahiptir ve da\u011f\u0131t\u0131c\u0131 madde ayr\u0131ca p\u00fcsk\u00fcrtme kollar\u0131na monte edilmi\u015f nozullar arac\u0131l\u0131\u011f\u0131yla da tahliye olur. Bunlar genellikle k\u0131\u00e7a monteli kollara k\u0131yasla daha uzundur ve daha y\u00fcksek bir ya\u011fla kar\u015f\u0131la\u015fma oran\u0131na sahiptir. Kar\u0131\u015ft\u0131rma enerjisi gemi dalgas\u0131 taraf\u0131ndan sa\u011flan\u0131r.<\/p>\n<p>Da\u011f\u0131t\u0131c\u0131 ak\u0131\u015f h\u0131z\u0131 aral\u0131\u011f\u0131n\u0131 art\u0131rmak i\u00e7in baz\u0131 \u00fcniteler \u00e7oklu p\u00fcsk\u00fcrtme tertibatlar\u0131yla donat\u0131lm\u0131\u015ft\u0131r. Bir veya birka\u00e7 p\u00fcsk\u00fcrtme tertibat\u0131n\u0131n \u00e7al\u0131\u015ft\u0131r\u0131lmas\u0131, farkl\u0131 durumlarla (gemi h\u0131z\u0131, ya\u011f kal\u0131nl\u0131\u011f\u0131) ba\u015fa \u00e7\u0131kmak i\u00e7in ak\u0131\u015f h\u0131z\u0131n\u0131 ayarlayabilir.<\/p>\n<p>Da\u011f\u0131t\u0131c\u0131lar\u0131 p\u00fcsk\u00fcrtmek i\u00e7in farkl\u0131 tipte kaplar kullan\u0131labilir ve \u00f6zel olarak yap\u0131lm\u0131\u015f kirlilik \u00f6nleyici kaplara ek olarak; bunlara r\u00f6mork\u00f6rler, tedarik gemileri, troller veya k\u00fc\u00e7\u00fck bal\u0131k\u00e7\u0131 gemileri dahildir.<\/p>\n<p>Gerekli manevra kabiliyetini korurken d\u00fc\u015f\u00fck h\u0131zlarda \u00e7al\u0131\u015fma gereklili\u011fi, gemi se\u00e7iminde s\u0131n\u0131rlay\u0131c\u0131 bir fakt\u00f6r olabilir. Uygun kaplar ayr\u0131ca da\u011f\u0131t\u0131c\u0131 maddeler i\u00e7in yeterli depolama alan\u0131na sahip olmal\u0131d\u0131r.<\/p>\n<p>Seyreltici Sprey Sistemini ihtiya\u00e7lar\u0131n\u0131za g\u00f6re tasarlayabiliriz.<\/p>\n<p><strong>\u0130ste\u011fe ba\u011fl\u0131<\/strong><\/p>\n<ul>\n<li>Depolama Konteyneri<\/li>\n<li>Ak\u0131\u015f \u00f6l\u00e7er<\/li>\n<li>Nozul alt boru seti<\/li>\n<li>Seyreltic Tank\u0131<\/li>\n<li>Petrol Seyrelticisi<\/li>\n<li>Kimyasal pompa<\/li>\n<li>Sprey El M\u0131zra\u011f\u0131<\/li>\n<li>Seyreltik Ak\u0131\u015f \u00d6l\u00e7er<\/li>\n<li>\u00c7er\u00e7eveye Monte P\u00fcsk\u00fcrtme Kollar\u0131<\/li>\n<li>Yedek Kitler<\/li>\n<li>Tekerlekli \u00c7er\u00e7eve<\/li>\n<\/ul>\n<div class=\"wptm_table tablesorter-bootstrap \" data-id=\"88\" data-hightlight=\"0\"><div class=\"wptm_buttons buttons_wptmTbl88\"><\/div><div class=\"wptmresponsive dataTables-wptmtable wptmtable \" id=\"wptmtable88\" data-tableid=\"wptmTbl88\"><table data-count-header=\"1\"  data-format-decimal_count=\"0\" data-format-decimal_symbol=\".\" data-format-symbol_position=\"0\" data-format-thousand_symbol=\",\"  data-format-currency_symbol=\"$\"  data-name-style=\"88_1759671876.css\" data-format=\"YYYY-MM-DD\" id=\"wptmTbl88\" data-id=\"88\" data-responsive=\"false\" data-hideCols=\"false\"  data-type=\"html\" data-paging=\"false\" data-searching=\"true\"  data-ordering=\"false\" data-table-breakpoint=\"980\" data-scroll-x=\"true\" data-scroll-collapse=\"true\" data-align=\"center\" data-range=\"[]\" data-hideColumn=\"[0,0,0,0,0,0,0,0]\"  data-colwidths=\"[142,142,142,142,142,142,142,142]\"  data-colwidths_desktop=[]  data-colwidths_tablet=[]  data-colwidths_mobile=[]  class=\"wptm_main_table  disablePager hideScrollHeader\"><colgroup><col data-dtr=\"0\" data-dtc=\"0\" class=\"dtc0\"><col data-dtr=\"0\" data-dtc=\"1\" class=\"dtc1\"><col data-dtr=\"0\" data-dtc=\"2\" class=\"dtc2\"><col data-dtr=\"0\" data-dtc=\"3\" class=\"dtc3\"><col data-dtr=\"0\" data-dtc=\"4\" class=\"dtc4\"><col data-dtr=\"0\" data-dtc=\"5\" class=\"dtc5\"><col data-dtr=\"0\" data-dtc=\"6\" class=\"dtc6\"><col data-dtr=\"0\" data-dtc=\"7\" class=\"dtc7\"><\/colgroup><thead><tr class=\"wptm-header-cells-index\"><th rowspan=\"1\" colspan=\"1\" data-dtr=\"0\" data-dtc=\"0\" class=\"dtr0 dtc0\"><\/th><th rowspan=\"1\" colspan=\"1\" data-dtr=\"0\" data-dtc=\"1\" class=\"dtr0 dtc1\"><\/th><th rowspan=\"1\" colspan=\"1\" data-dtr=\"0\" data-dtc=\"2\" class=\"dtr0 dtc2\"><\/th><th rowspan=\"1\" colspan=\"1\" data-dtr=\"0\" data-dtc=\"3\" class=\"dtr0 dtc3\"><\/th><th rowspan=\"1\" colspan=\"1\" data-dtr=\"0\" data-dtc=\"4\" class=\"dtr0 dtc4\"><\/th><th rowspan=\"1\" colspan=\"1\" data-dtr=\"0\" data-dtc=\"5\" class=\"dtr0 dtc5\"><\/th><th rowspan=\"1\" colspan=\"1\" data-dtr=\"0\" data-dtc=\"6\" class=\"dtr0 dtc6\"><\/th><th rowspan=\"1\" colspan=\"1\" data-dtr=\"0\" data-dtc=\"7\" class=\"dtr0 dtc7\"><\/th><\/tr><tr class=\" row0\"><th   data-priority=\"0\" class=\"dtr0 dtc0\"><\/th><th   data-priority=\"0\" class=\"dtr0 dtc1\">MaviSpray 12<\/th><th   data-priority=\"0\" class=\"dtr0 dtc2\">MaviSpray 10<\/th><th   data-priority=\"0\" class=\"dtr0 dtc3\">MaviSpray 8<\/th><th   data-priority=\"0\" class=\"dtr0 dtc4\">MaviSpray 6<\/th><th   data-priority=\"0\" class=\"dtr0 dtc5\">MaviSpray 5<\/th><th   data-priority=\"0\" class=\"dtr0 dtc6\">MaviSpray 4<\/th><th   data-priority=\"0\" class=\"dtr0 dtc7\">MaviSpray 3<\/th><\/thead><tbody><tr class=\" row1\"><td    class=\"dtr1 dtc0\">Operation<\/td><td  colspan=\"3\"   class=\"dtr1 dtc1\">Large Size - Offshore Supply Vessel, Work Boat, Tug Boat, OSRV<\/td><td  style=\"display: none\"   class=\"dtr1 dtc2\"><\/td><td  style=\"display: none\"   class=\"dtr1 dtc3\"><\/td><td  colspan=\"2\"   class=\"dtr1 dtc4\">Medium Size - Work Boat, Tug Boat, OSRV<\/td><td  style=\"display: none\"   class=\"dtr1 dtc5\"><\/td><td  colspan=\"2\"   class=\"dtr1 dtc6\">Small Size - Boats, Craft, Work Boat, OSRV<\/td><td  style=\"display: none\"   class=\"dtr1 dtc7\"><\/td><\/tr><tr class=\" row2\"><td    class=\"dtr2 dtc0\"> Arm Lenght<\/td><td    class=\"dtr2 dtc1\">2 x 12 m<\/td><td    class=\"dtr2 dtc2\">2 x 10 m<\/td><td    class=\"dtr2 dtc3\">2 x 8 m<\/td><td    class=\"dtr2 dtc4\">2 x 6 m<\/td><td    class=\"dtr2 dtc5\">2 x 5 m<\/td><td    class=\"dtr2 dtc6\">2 x 4 m<\/td><td    class=\"dtr2 dtc7\">1 x 3 m<\/td><\/tr><tr class=\" row3\"><td    class=\"dtr3 dtc0\">Material<\/td><td  colspan=\"7\"   class=\"dtr3 dtc1\">Aluminum (Standard) or Stainless Steel (Optional)<\/td><td  style=\"display: none\"   class=\"dtr3 dtc2\"><\/td><td  style=\"display: none\"   class=\"dtr3 dtc3\"><\/td><td  style=\"display: none\"   class=\"dtr3 dtc4\"><\/td><td  style=\"display: none\"   class=\"dtr3 dtc5\"><\/td><td  style=\"display: none\"   class=\"dtr3 dtc6\"><\/td><td  style=\"display: none\"   class=\"dtr3 dtc7\"><\/td><\/tr><tr class=\" row4\"><td    class=\"dtr4 dtc0\">Number Of Nozzles<\/td><td    class=\"dtr4 dtc1\">8 pcs<\/td><td    class=\"dtr4 dtc2\">7 pcs<\/td><td    class=\"dtr4 dtc3\">6 pcs<\/td><td    class=\"dtr4 dtc4\">5 pcs<\/td><td    class=\"dtr4 dtc5\">4 pcs<\/td><td    class=\"dtr4 dtc6\">3 pcs<\/td><td    class=\"dtr4 dtc7\">2 pcs<\/td><\/tr><tr class=\" row5\"><td    class=\"dtr5 dtc0\">Pump Capacity<\/td><td    class=\"dtr5 dtc1\">250 lt\/min<\/td><td    class=\"dtr5 dtc2\">200 lt\/min<\/td><td    class=\"dtr5 dtc3\">100 lt\/min<\/td><td    class=\"dtr5 dtc4\">80 lt\/min<\/td><td    class=\"dtr5 dtc5\">50 lt\/min<\/td><td    class=\"dtr5 dtc6\">40 lt\/min<\/td><td    class=\"dtr5 dtc7\">20 lt\/min<\/td><\/tr><tr class=\" row6\"><td    class=\"dtr6 dtc0\">Engine<\/td><td  colspan=\"7\"   class=\"dtr6 dtc1\">Diesel or Electric<\/td><td  style=\"display: none\"   class=\"dtr6 dtc2\"><\/td><td  style=\"display: none\"   class=\"dtr6 dtc3\"><\/td><td  style=\"display: none\"   class=\"dtr6 dtc4\"><\/td><td  style=\"display: none\"   class=\"dtr6 dtc5\"><\/td><td  style=\"display: none\"   class=\"dtr6 dtc6\"><\/td><td  style=\"display: none\"   class=\"dtr6 dtc7\"><\/td><\/tr><tr class=\" row7\"><td    class=\"dtr7 dtc0\">Hose Kit<\/td><td  colspan=\"7\"   class=\"dtr7 dtc1\">1 x 5 m Seawater Suction hose + 1 x 5 m Dispersant Suction Hose + 2 x 5 m Delivery Hose<\/td><td  style=\"display: none\"   class=\"dtr7 dtc2\"><\/td><td  style=\"display: none\"   class=\"dtr7 dtc3\"><\/td><td  style=\"display: none\"   class=\"dtr7 dtc4\"><\/td><td  style=\"display: none\"   class=\"dtr7 dtc5\"><\/td><td  style=\"display: none\"   class=\"dtr7 dtc6\"><\/td><td  style=\"display: none\"   class=\"dtr7 dtc7\"><\/td><\/tr><\/tbody><tfoot><tr><td class=\"dtr7 dtc0\" style=\"height: 0;\"><\/td><td class=\"dtr7 dtc1\" style=\"height: 0;\"><\/td><td class=\"dtr7 dtc2\" style=\"height: 0;\"><\/td><td class=\"dtr7 dtc3\" style=\"height: 0;\"><\/td><td class=\"dtr7 dtc4\" style=\"height: 0;\"><\/td><td class=\"dtr7 dtc5\" style=\"height: 0;\"><\/td><td class=\"dtr7 dtc6\" style=\"height: 0;\"><\/td><td class=\"dtr7 dtc7\" style=\"height: 0;\"><\/td><\/tr><\/tfoot><\/table><\/div><style>#wptmtable88 .dataTables_wrapper > .dataTables_scroll {max-height:500px;overflow: auto;}<\/style><script>window.wptm_ajaxurl = 'https:\/\/mavideniz.com.tr\/wp-admin\/admin-ajax.php?juwpfisadmin=false&action=Wptm&'; window.wptm_front = 'https:\/\/mavideniz.com.tr\/wp-content\/plugins\/wp-table-manager\/app\/site\/assets\/'; window.wptm_style = 'https:\/\/mavideniz.com.tr\/wp-content\/uploads\/wptm\/';<\/script><\/div><style><\/style>\n","protected":false},"excerpt":{"rendered":"<p>MAV\u0130 DEN\u0130Z, r\u00f6mork\u00f6rler i\u00e7in b\u00fcy\u00fck, kal\u0131c\u0131 olarak monte edilmi\u015f ekipmanlardan k\u00fc\u00e7\u00fck tekneler i\u00e7in k\u00fc\u00e7\u00fck, ta\u015f\u0131nabilir k\u0131y\u0131 seyreltici sprey sistemlerine kadar [&hellip;]<\/p>\n","protected":false},"author":1,"featured_media":0,"parent":27260,"menu_order":0,"comment_status":"closed","ping_status":"closed","template":"","meta":{"site-sidebar-layout":"default","site-content-layout":"","ast-site-content-layout":"default","site-content-style":"default","site-sidebar-style":"default","ast-global-header-display":"","ast-banner-title-visibility":"","ast-main-header-display":"","ast-hfb-above-header-display":"","ast-hfb-below-header-display":"","ast-hfb-mobile-header-display":"","site-post-title":"","ast-breadcrumbs-content":"","ast-featured-img":"","footer-sml-layout":"","ast-disable-related-posts":"","theme-transparent-header-meta":"","adv-header-id-meta":"","stick-header-meta":"","header-above-stick-meta":"","header-main-stick-meta":"","header-below-stick-meta":"","astra-migrate-meta-layouts":"default","ast-page-background-enabled":"default","ast-page-background-meta":{"desktop":{"background-color":"var(--ast-global-color-5)","background-image":"","background-repeat":"repeat","background-position":"center center","background-size":"auto","background-attachment":"scroll","background-type":"","background-media":"","overlay-type":"","overlay-color":"","overlay-opacity":"","overlay-gradient":""},"tablet":{"background-color":"","background-image":"","background-repeat":"repeat","background-position":"center center","background-size":"auto","background-attachment":"scroll","background-type":"","background-media":"","overlay-type":"","overlay-color":"","overlay-opacity":"","overlay-gradient":""},"mobile":{"background-color":"","background-image":"","background-repeat":"repeat","background-position":"center center","background-size":"auto","background-attachment":"scroll","background-type":"","background-media":"","overlay-type":"","overlay-color":"","overlay-opacity":"","overlay-gradient":""}},"ast-content-background-meta":{"desktop":{"background-color":"var(--ast-global-color-4)","background-image":"","background-repeat":"repeat","background-position":"center center","background-size":"auto","background-attachment":"scroll","background-type":"","background-media":"","overlay-type":"","overlay-color":"","overlay-opacity":"","overlay-gradient":""},"tablet":{"background-color":"var(--ast-global-color-4)","background-image":"","background-repeat":"repeat","background-position":"center center","background-size":"auto","background-attachment":"scroll","background-type":"","background-media":"","overlay-type":"","overlay-color":"","overlay-opacity":"","overlay-gradient":""},"mobile":{"background-color":"var(--ast-global-color-4)","background-image":"","background-repeat":"repeat","background-position":"center center","background-size":"auto","background-attachment":"scroll","background-type":"","background-media":"","overlay-type":"","overlay-color":"","overlay-opacity":"","overlay-gradient":""}},"footnotes":""},"class_list":["post-27267","page","type-page","status-publish","hentry"],"_links":{"self":[{"href":"https:\/\/mavideniz.com.tr\/tr\/wp-json\/wp\/v2\/pages\/27267","targetHints":{"allow":["GET"]}}],"collection":[{"href":"https:\/\/mavideniz.com.tr\/tr\/wp-json\/wp\/v2\/pages"}],"about":[{"href":"https:\/\/mavideniz.com.tr\/tr\/wp-json\/wp\/v2\/types\/page"}],"author":[{"embeddable":true,"href":"https:\/\/mavideniz.com.tr\/tr\/wp-json\/wp\/v2\/users\/1"}],"replies":[{"embeddable":true,"href":"https:\/\/mavideniz.com.tr\/tr\/wp-json\/wp\/v2\/comments?post=27267"}],"version-history":[{"count":0,"href":"https:\/\/mavideniz.com.tr\/tr\/wp-json\/wp\/v2\/pages\/27267\/revisions"}],"up":[{"embeddable":true,"href":"https:\/\/mavideniz.com.tr\/tr\/wp-json\/wp\/v2\/pages\/27260"}],"wp:attachment":[{"href":"https:\/\/mavideniz.com.tr\/tr\/wp-json\/wp\/v2\/media?parent=27267"}],"curies":[{"name":"wp","href":"https:\/\/api.w.org\/{rel}","templated":true}]}}