{"id":27271,"date":"2021-10-06T16:25:32","date_gmt":"2021-10-06T16:25:32","guid":{"rendered":"https:\/\/mavideniz.com.tr\/?page_id=27271"},"modified":"2021-11-12T18:58:03","modified_gmt":"2021-11-12T18:58:03","slug":"tasinabilir-arabali-puskurtme-sistemi","status":"publish","type":"page","link":"https:\/\/mavideniz.com.tr\/tr\/urunler\/puskurtme-sistemi-denizcilik-tarim\/tasinabilir-arabali-puskurtme-sistemi\/","title":{"rendered":"Ta\u015f\u0131nabilir &#8211; Arabal\u0131 P\u00fcsk\u00fcrtme Sistemi"},"content":{"rendered":"<p><br \/>\nArabal\u0131, ta\u015f\u0131nabilir p\u00fcsk\u00fcrtme sistemi, m\u00fckemmel p\u00fcsk\u00fcrtme kapsam\u0131 sa\u011flamak, hafif, kompakt ve operasyonlar\u0131 h\u0131zl\u0131 bir \u015fekilde da\u011f\u0131tmak i\u00e7in tasarlanm\u0131\u015f Ta\u015f\u0131nabilir P\u00fcsk\u00fcrtme Sistemleridir.<\/p>\n<p>S\u0131rt \u00c7antas\u0131 P\u00fcsk\u00fcrt\u00fcc\u00fc, plajlar, kayal\u0131k sahil \u015feritleri ve liman duvarlar\u0131 gibi eri\u015filemeyen yerlere kimyasal p\u00fcsk\u00fcrtmek i\u00e7in arkada ta\u015f\u0131yabilir. S\u0131rt \u00c7antas\u0131 P\u00fcsk\u00fcrt\u00fcc\u00fc, son petrol s\u0131z\u0131nt\u0131s\u0131 temizleme a\u015famalar\u0131 s\u0131ras\u0131nda k\u00fc\u00e7\u00fck miktarlarda da\u011f\u0131t\u0131c\u0131 uygulamak i\u00e7in tasarlanm\u0131\u015f uygun maliyetli bir kimyasal uygulama \u00fcnitesidir.<\/p>\n<p>Araba tekerlekleriyle donat\u0131lm\u0131\u015f A\u011f\u0131r Hizmet Arabal\u0131 P\u00fcsk\u00fcrt\u00fcc\u00fc ve ayarlanabilir bir tutamak, a\u011f\u0131r y\u00fckleri ta\u015f\u0131yamad\u0131\u011f\u0131n\u0131z veya kald\u0131rmak istemedi\u011finiz zamanlarda kullan\u0131m i\u00e7in m\u00fckemmeldir. Araba, y\u00fcksek manevra kabiliyetine sahiptir ve \u00e7al\u0131\u015fma alan\u0131 \u00e7evresinde d\u00f6nd\u00fcr\u00fclmesi kolayd\u0131r. Arabal\u0131 p\u00fcsk\u00fcrt\u00fcc\u00fcler, kimyasallar\u0131n plajlar, kayal\u0131k k\u0131y\u0131 \u015feritleri ve liman duvarlar\u0131 gibi eri\u015filemeyen yerlere p\u00fcsk\u00fcrt\u00fclmesine olanak tan\u0131r &#8211; S\u0131rt \u00c7antas\u0131 P\u00fcsk\u00fcrt\u00fcc\u00fc.<\/p>\n<p>S\u0131rt \u00c7antas\u0131 P\u00fcsk\u00fcrt\u00fcc\u00fc ve Arabal\u0131 P\u00fcsk\u00fcrt\u00fcc\u00fc, petrol s\u0131z\u0131nt\u0131s\u0131 temizleme operasyonlar\u0131n\u0131n son a\u015famalar\u0131nda k\u00fc\u00e7\u00fckten b\u00fcy\u00fc\u011fe da\u011f\u0131t\u0131c\u0131lar\u0131 uygulamak i\u00e7in tasarlanm\u0131\u015f uygun maliyetli bir kimyasal uygulama \u00fcnitesidir.<br \/>\n<div class=\"wptm_table tablesorter-bootstrap \" data-id=\"89\" data-hightlight=\"0\"><div class=\"wptm_buttons buttons_wptmTbl89\"><\/div><div class=\"wptmresponsive dataTables-wptmtable wptmtable \" id=\"wptmtable89\" data-tableid=\"wptmTbl89\"><table data-count-header=\"1\"  data-format-decimal_count=\"0\" data-format-decimal_symbol=\".\" data-format-symbol_position=\"0\" data-format-thousand_symbol=\",\"  data-format-currency_symbol=\"$\"  data-name-style=\"89_1759671945.css\" data-format=\"YYYY-MM-DD\" id=\"wptmTbl89\" data-id=\"89\" data-responsive=\"false\" data-hideCols=\"false\"  data-type=\"html\" data-paging=\"false\" data-searching=\"true\"  data-ordering=\"false\" data-table-breakpoint=\"980\" data-scroll-x=\"true\" data-scroll-collapse=\"true\" data-align=\"center\" data-range=\"[]\" data-hideColumn=\"[0,0,0,0,0]\"  data-colwidths=\"[228,228,228,228,228]\"  data-colwidths_desktop=[]  data-colwidths_tablet=[]  data-colwidths_mobile=[]  class=\"wptm_main_table  disablePager hideScrollHeader\"><colgroup><col data-dtr=\"0\" data-dtc=\"0\" class=\"dtc0\"><col data-dtr=\"0\" data-dtc=\"1\" class=\"dtc1\"><col data-dtr=\"0\" data-dtc=\"2\" class=\"dtc2\"><col data-dtr=\"0\" data-dtc=\"3\" class=\"dtc3\"><col data-dtr=\"0\" data-dtc=\"4\" class=\"dtc4\"><\/colgroup><thead><tr class=\"wptm-header-cells-index\"><th rowspan=\"1\" colspan=\"1\" data-dtr=\"0\" data-dtc=\"0\" class=\"dtr0 dtc0\"><\/th><th rowspan=\"1\" colspan=\"1\" data-dtr=\"0\" data-dtc=\"1\" class=\"dtr0 dtc1\"><\/th><th rowspan=\"1\" colspan=\"1\" data-dtr=\"0\" data-dtc=\"2\" class=\"dtr0 dtc2\"><\/th><th rowspan=\"1\" colspan=\"1\" data-dtr=\"0\" data-dtc=\"3\" class=\"dtr0 dtc3\"><\/th><th rowspan=\"1\" colspan=\"1\" data-dtr=\"0\" data-dtc=\"4\" class=\"dtr0 dtc4\"><\/th><\/tr><tr class=\" row0\"><th   data-priority=\"0\" class=\"dtr0 dtc0\"><\/th><th   data-priority=\"0\" class=\"dtr0 dtc1\">Mavi Spray S<\/th><th   data-priority=\"0\" class=\"dtr0 dtc2\">Mavi Spray M<\/th><th   data-priority=\"0\" class=\"dtr0 dtc3\">Mavi Spray L<\/th><th   data-priority=\"0\" class=\"dtr0 dtc4\">Mavi Spray XL<\/th><\/thead><tbody><tr class=\" row1\"><td    class=\"dtr1 dtc0\">Unit Type<\/td><td    class=\"dtr1 dtc1\">Backpack<\/td><td    class=\"dtr1 dtc2\">Backpack<\/td><td  colspan=\"2\"   class=\"dtr1 dtc3\">Skid Mounted (Standadrd) or Trolley Mounted (Optional)<\/td><td  style=\"display: none\"   class=\"dtr1 dtc4\"><\/td><\/tr><tr class=\" row2\"><td    class=\"dtr2 dtc0\">Engine<\/td><td    class=\"dtr2 dtc1\">-<\/td><td    class=\"dtr2 dtc2\">-<\/td><td  colspan=\"2\"   class=\"dtr2 dtc3\">Diesel or Electric<\/td><td  style=\"display: none\"   class=\"dtr2 dtc4\"><\/td><\/tr><tr class=\" row3\"><td    class=\"dtr3 dtc0\">Pump Capacity<\/td><td    class=\"dtr3 dtc1\">-<\/td><td    class=\"dtr3 dtc2\">-<\/td><td    class=\"dtr3 dtc3\">80  lt\/min<\/td><td    class=\"dtr3 dtc4\">100  lt\/min<\/td><\/tr><tr class=\" row4\"><td    class=\"dtr4 dtc0\">Material<\/td><td    class=\"dtr4 dtc1\">Polypropylene<\/td><td    class=\"dtr4 dtc2\">Polypropylene<\/td><td  colspan=\"2\"   class=\"dtr4 dtc3\">Aluminum (Standard) or Stainless Steel (Optional)<\/td><td  style=\"display: none\"   class=\"dtr4 dtc4\"><\/td><\/tr><tr class=\" row5\"><td    class=\"dtr5 dtc0\">Hand Lance<\/td><td    class=\"dtr5 dtc1\">50 cm<\/td><td    class=\"dtr5 dtc2\">50 cm<\/td><td  colspan=\"2\"   class=\"dtr5 dtc3\">4 x 10 m ( hose + Lance )<\/td><td  style=\"display: none\"   class=\"dtr5 dtc4\"><\/td><\/tr><tr class=\" row6\"><td    class=\"dtr6 dtc0\">Tank Capacity<\/td><td    class=\"dtr6 dtc1\">15 lt.<\/td><td    class=\"dtr6 dtc2\">20 lt.<\/td><td  colspan=\"2\"   class=\"dtr6 dtc3\">Optional<\/td><td  style=\"display: none\"   class=\"dtr6 dtc4\"><\/td><\/tr><\/tbody><tfoot><tr><td class=\"dtr6 dtc0\" style=\"height: 0;\"><\/td><td class=\"dtr6 dtc1\" style=\"height: 0;\"><\/td><td class=\"dtr6 dtc2\" style=\"height: 0;\"><\/td><td class=\"dtr6 dtc3\" style=\"height: 0;\"><\/td><td class=\"dtr6 dtc4\" style=\"height: 0;\"><\/td><\/tr><\/tfoot><\/table><\/div><style>#wptmtable89 .dataTables_wrapper > .dataTables_scroll {max-height:500px;overflow: auto;}<\/style><script>window.wptm_ajaxurl = 'https:\/\/mavideniz.com.tr\/wp-admin\/admin-ajax.php?juwpfisadmin=false&action=Wptm&'; window.wptm_front = 'https:\/\/mavideniz.com.tr\/wp-content\/plugins\/wp-table-manager\/app\/site\/assets\/'; window.wptm_style = 'https:\/\/mavideniz.com.tr\/wp-content\/uploads\/wptm\/';<\/script><\/div><style><\/style><\/p>\n","protected":false},"excerpt":{"rendered":"<p>Arabal\u0131, ta\u015f\u0131nabilir p\u00fcsk\u00fcrtme sistemi, m\u00fckemmel p\u00fcsk\u00fcrtme kapsam\u0131 sa\u011flamak, hafif, kompakt ve operasyonlar\u0131 h\u0131zl\u0131 bir \u015fekilde da\u011f\u0131tmak i\u00e7in tasarlanm\u0131\u015f Ta\u015f\u0131nabilir P\u00fcsk\u00fcrtme [&hellip;]<\/p>\n","protected":false},"author":1,"featured_media":0,"parent":27260,"menu_order":0,"comment_status":"closed","ping_status":"closed","template":"","meta":{"site-sidebar-layout":"default","site-content-layout":"","ast-site-content-layout":"default","site-content-style":"default","site-sidebar-style":"default","ast-global-header-display":"","ast-banner-title-visibility":"","ast-main-header-display":"","ast-hfb-above-header-display":"","ast-hfb-below-header-display":"","ast-hfb-mobile-header-display":"","site-post-title":"","ast-breadcrumbs-content":"","ast-featured-img":"","footer-sml-layout":"","ast-disable-related-posts":"","theme-transparent-header-meta":"","adv-header-id-meta":"","stick-header-meta":"","header-above-stick-meta":"","header-main-stick-meta":"","header-below-stick-meta":"","astra-migrate-meta-layouts":"default","ast-page-background-enabled":"default","ast-page-background-meta":{"desktop":{"background-color":"var(--ast-global-color-5)","background-image":"","background-repeat":"repeat","background-position":"center center","background-size":"auto","background-attachment":"scroll","background-type":"","background-media":"","overlay-type":"","overlay-color":"","overlay-opacity":"","overlay-gradient":""},"tablet":{"background-color":"","background-image":"","background-repeat":"repeat","background-position":"center center","background-size":"auto","background-attachment":"scroll","background-type":"","background-media":"","overlay-type":"","overlay-color":"","overlay-opacity":"","overlay-gradient":""},"mobile":{"background-color":"","background-image":"","background-repeat":"repeat","background-position":"center center","background-size":"auto","background-attachment":"scroll","background-type":"","background-media":"","overlay-type":"","overlay-color":"","overlay-opacity":"","overlay-gradient":""}},"ast-content-background-meta":{"desktop":{"background-color":"var(--ast-global-color-4)","background-image":"","background-repeat":"repeat","background-position":"center center","background-size":"auto","background-attachment":"scroll","background-type":"","background-media":"","overlay-type":"","overlay-color":"","overlay-opacity":"","overlay-gradient":""},"tablet":{"background-color":"var(--ast-global-color-4)","background-image":"","background-repeat":"repeat","background-position":"center center","background-size":"auto","background-attachment":"scroll","background-type":"","background-media":"","overlay-type":"","overlay-color":"","overlay-opacity":"","overlay-gradient":""},"mobile":{"background-color":"var(--ast-global-color-4)","background-image":"","background-repeat":"repeat","background-position":"center center","background-size":"auto","background-attachment":"scroll","background-type":"","background-media":"","overlay-type":"","overlay-color":"","overlay-opacity":"","overlay-gradient":""}},"footnotes":""},"class_list":["post-27271","page","type-page","status-publish","hentry"],"_links":{"self":[{"href":"https:\/\/mavideniz.com.tr\/tr\/wp-json\/wp\/v2\/pages\/27271","targetHints":{"allow":["GET"]}}],"collection":[{"href":"https:\/\/mavideniz.com.tr\/tr\/wp-json\/wp\/v2\/pages"}],"about":[{"href":"https:\/\/mavideniz.com.tr\/tr\/wp-json\/wp\/v2\/types\/page"}],"author":[{"embeddable":true,"href":"https:\/\/mavideniz.com.tr\/tr\/wp-json\/wp\/v2\/users\/1"}],"replies":[{"embeddable":true,"href":"https:\/\/mavideniz.com.tr\/tr\/wp-json\/wp\/v2\/comments?post=27271"}],"version-history":[{"count":0,"href":"https:\/\/mavideniz.com.tr\/tr\/wp-json\/wp\/v2\/pages\/27271\/revisions"}],"up":[{"embeddable":true,"href":"https:\/\/mavideniz.com.tr\/tr\/wp-json\/wp\/v2\/pages\/27260"}],"wp:attachment":[{"href":"https:\/\/mavideniz.com.tr\/tr\/wp-json\/wp\/v2\/media?parent=27271"}],"curies":[{"name":"wp","href":"https:\/\/api.w.org\/{rel}","templated":true}]}}