{"id":27283,"date":"2021-10-06T17:41:47","date_gmt":"2021-10-06T17:41:47","guid":{"rendered":"https:\/\/mavideniz.com.tr\/?page_id=27283"},"modified":"2023-04-02T17:17:04","modified_gmt":"2023-04-02T17:17:04","slug":"petrol-sizintisi-mudahale-konteyneri","status":"publish","type":"page","link":"https:\/\/mavideniz.com.tr\/tr\/urunler\/dokuntuye-mudahale-konteyneri-treyler\/petrol-sizintisi-mudahale-konteyneri\/","title":{"rendered":"Petrol S\u0131z\u0131nt\u0131s\u0131 M\u00fcdahale Konteyneri"},"content":{"rendered":"<p><br \/>\nMavi Deniz konteynerli sistemler ba\u011f\u0131ms\u0131z, kompakt, kolay ta\u015f\u0131nabilir ve kullan\u0131m\u0131 kolay Petrol S\u0131z\u0131nt\u0131s\u0131 M\u00fcdahale konteyneri + paketleri + ekipman + sistemleridir.<\/p>\n<p>Yan veya u\u00e7larda tam a\u00e7\u0131lan bir kap\u0131, sabit veya perde ve vin\u00e7 veya forklift ile ta\u015f\u0131ma i\u00e7in kald\u0131rma braketleri ile tasarlanm\u0131\u015f D\u00f6k\u00fclme M\u00fcdahale Konteyneri. ISO standartt\u0131r.<\/p>\n<p>Silindirik k\u00f6p\u00fck veya simetrik y\u00fczd\u00fcrme bariyeri i\u00e7in Mavi Deniz H\u0131zl\u0131 yerle\u015ftirme kab\u0131. Bom, tavana monte k\u0131zaklardan sarkar ve bu da bariyerin a\u00e7\u0131lma s\u00fcresini \u00f6nemli \u00f6l\u00e7\u00fcde azalt\u0131r.<\/p>\n<p>Ekipman, do\u011frudan konteyn\u0131rdan, ya r\u0131ht\u0131m taraf\u0131nda ya da bir geminin bordas\u0131 \u00fczerinde konu\u015fland\u0131r\u0131labilir. Konteynerler, kolay ve h\u0131zl\u0131 da\u011f\u0131t\u0131m ve rutin bak\u0131m i\u00e7in ekipmana tam eri\u015fim sa\u011flar.<\/p>\n<p>Konteynerli paketler, gereksinim ister a\u00e7\u0131k deniz operasyonu i\u00e7in, ister bir liman veya liman i\u00e7inde, boru hatt\u0131\/i\u00e7 k\u0131s\u0131mda veya nehir s\u0131z\u0131nt\u0131s\u0131na m\u00fcdahale i\u00e7in olsun, kesin ihtiya\u00e7lar\u0131n\u0131z\u0131 kar\u015f\u0131layacak \u015fekilde uyarlanabilir.<\/p>\n<p><strong>Standart Paketler<\/strong><\/p>\n<ul>\n<li>Petrol S\u0131y\u0131r\u0131c\u0131 (A\u00e7\u0131k Deniz, \u0130\u00e7, K\u0131y\u0131)<\/li>\n<li>Petrol Bariyeri (Deniz, \u0130\u00e7, K\u0131y\u0131 veya H\u0131zl\u0131 Da\u011f\u0131t\u0131m)<\/li>\n<li>Petrol Sahili \/ Sahil Temizli\u011fi<\/li>\n<li>Petrol S\u0131z\u0131nt\u0131s\u0131 M\u00fcdahale Ekipman\u0131 (Tier 1 \/ Tier 2 \/ Tier 3)<\/li>\n<\/ul>\n<p><strong>\u0130ste\u011fe ba\u011fl\u0131<\/strong><\/p>\n<ul>\n<li>Elektrikli raf \u00fcnitesi<\/li>\n<li>\u00c7ubuk veya bar sistemi<\/li>\n<li>Ask\u0131\/Raylar<\/li>\n<li>Yan A\u00e7\u0131l\u0131r Kap\u0131<\/li>\n<li>\u00c7ift kap\u0131<\/li>\n<li>Her taraf A\u00e7\u0131k<\/li>\n<li>Yar\u0131m Boy \u00dcst\u00fc A\u00e7\u0131k Konteyner<\/li>\n<li>A\u00e7\u0131k Tip<\/li>\n<li>D\u00fcz platform<\/li>\n<li>Standart D\u0131\u015f\u0131 Boyutlu Konteynerler<\/li>\n<\/ul>\n<div class=\"wptm_table tablesorter-bootstrap \" data-id=\"106\" data-hightlight=\"0\"><div class=\"wptm_buttons buttons_wptmTbl106\"><\/div><div class=\"wptmresponsive dataTables-wptmtable wptmtable \" id=\"wptmtable106\" data-tableid=\"wptmTbl106\"><table data-count-header=\"1\"  data-format-decimal_count=\"0\" data-format-decimal_symbol=\".\" data-format-symbol_position=\"0\" data-format-thousand_symbol=\",\"  data-format-currency_symbol=\"$\"  data-name-style=\"106_1759675390.css\" data-format=\"YYYY-MM-DD\" id=\"wptmTbl106\" data-id=\"106\" data-responsive=\"false\" data-hideCols=\"false\"  data-type=\"html\" data-paging=\"false\" data-searching=\"true\"  data-ordering=\"false\" data-table-breakpoint=\"980\" data-scroll-x=\"true\" data-scroll-collapse=\"true\" data-align=\"center\" data-range=\"[]\" data-hideColumn=\"[0,0,0,0,0]\"  data-colwidths=\"[228,228,228,228,228]\"  data-colwidths_desktop=[]  data-colwidths_tablet=[]  data-colwidths_mobile=[]  class=\"wptm_main_table  disablePager hideScrollHeader\"><colgroup><col data-dtr=\"0\" data-dtc=\"0\" class=\"dtc0\"><col data-dtr=\"0\" data-dtc=\"1\" class=\"dtc1\"><col data-dtr=\"0\" data-dtc=\"2\" class=\"dtc2\"><col data-dtr=\"0\" data-dtc=\"3\" class=\"dtc3\"><col data-dtr=\"0\" data-dtc=\"4\" class=\"dtc4\"><\/colgroup><thead><tr class=\"wptm-header-cells-index\"><th rowspan=\"1\" colspan=\"1\" data-dtr=\"0\" data-dtc=\"0\" class=\"dtr0 dtc0\"><\/th><th rowspan=\"1\" colspan=\"1\" data-dtr=\"0\" data-dtc=\"1\" class=\"dtr0 dtc1\"><\/th><th rowspan=\"1\" colspan=\"1\" data-dtr=\"0\" data-dtc=\"2\" class=\"dtr0 dtc2\"><\/th><th rowspan=\"1\" colspan=\"1\" data-dtr=\"0\" data-dtc=\"3\" class=\"dtr0 dtc3\"><\/th><th rowspan=\"1\" colspan=\"1\" data-dtr=\"0\" data-dtc=\"4\" class=\"dtr0 dtc4\"><\/th><\/tr><tr class=\" row0\"><th   data-priority=\"0\" class=\"dtr0 dtc0\"><\/th><th   data-priority=\"0\" class=\"dtr0 dtc1\"> ISO 5 C<\/th><th   data-priority=\"0\" class=\"dtr0 dtc2\"> ISO 10 C<\/th><th   data-priority=\"0\" class=\"dtr0 dtc3\"> ISO 20 C<\/th><th   data-priority=\"0\" class=\"dtr0 dtc4\"> ISO 40 C<\/th><\/thead><tbody><tr class=\" row1\"><td    class=\"dtr1 dtc0\">Dimentions<\/td><td    class=\"dtr1 dtc1\">2.75 x 2.25 x 2.15 m<\/td><td    class=\"dtr1 dtc2\">2.99 x 2.44 x 2.59 m<\/td><td    class=\"dtr1 dtc3\">6.06 x 2.44 x 2.59 m<\/td><td    class=\"dtr1 dtc4\">12.19 x 2.44 x 2.59 m<\/td><\/tr><tr class=\" row2\"><td    class=\"dtr2 dtc0\">MAterial<\/td><td  colspan=\"4\"   class=\"dtr2 dtc1\">Steel ( Standard ) | Aluminium ( Optional )<\/td><td  style=\"display: none\"   class=\"dtr2 dtc2\"><\/td><td  style=\"display: none\"   class=\"dtr2 dtc3\"><\/td><td  style=\"display: none\"   class=\"dtr2 dtc4\"><\/td><\/tr><tr class=\" row3\"><td    class=\"dtr3 dtc0\">Weight<\/td><td    class=\"dtr3 dtc1\">1.150 kg<\/td><td    class=\"dtr3 dtc2\">1.400 kg<\/td><td    class=\"dtr3 dtc3\">2.200 kg<\/td><td    class=\"dtr3 dtc4\">3.800 kg<\/td><\/tr><tr class=\" row4\"><td    class=\"dtr4 dtc0\">Volume<\/td><td    class=\"dtr4 dtc1\">13 m3<\/td><td    class=\"dtr4 dtc2\">15 m3<\/td><td    class=\"dtr4 dtc3\">33 m3<\/td><td    class=\"dtr4 dtc4\">67 m3<\/td><\/tr><\/tbody><tfoot><tr><td class=\"dtr4 dtc0\" style=\"height: 0;\"><\/td><td class=\"dtr4 dtc1\" style=\"height: 0;\"><\/td><td class=\"dtr4 dtc2\" style=\"height: 0;\"><\/td><td class=\"dtr4 dtc3\" style=\"height: 0;\"><\/td><td class=\"dtr4 dtc4\" style=\"height: 0;\"><\/td><\/tr><\/tfoot><\/table><\/div><style>#wptmtable106 .dataTables_wrapper > .dataTables_scroll {max-height:600px;overflow: auto;}<\/style><script>window.wptm_ajaxurl = 'https:\/\/mavideniz.com.tr\/wp-admin\/admin-ajax.php?juwpfisadmin=false&action=Wptm&'; window.wptm_front = 'https:\/\/mavideniz.com.tr\/wp-content\/plugins\/wp-table-manager\/app\/site\/assets\/'; window.wptm_style = 'https:\/\/mavideniz.com.tr\/wp-content\/uploads\/wptm\/';<\/script><\/div><style><\/style>\n","protected":false},"excerpt":{"rendered":"<p>Mavi Deniz konteynerli sistemler ba\u011f\u0131ms\u0131z, kompakt, kolay ta\u015f\u0131nabilir ve kullan\u0131m\u0131 kolay Petrol S\u0131z\u0131nt\u0131s\u0131 M\u00fcdahale konteyneri + paketleri + ekipman + [&hellip;]<\/p>\n","protected":false},"author":1,"featured_media":0,"parent":27338,"menu_order":0,"comment_status":"closed","ping_status":"closed","template":"","meta":{"site-sidebar-layout":"default","site-content-layout":"","ast-site-content-layout":"default","site-content-style":"default","site-sidebar-style":"default","ast-global-header-display":"","ast-banner-title-visibility":"","ast-main-header-display":"","ast-hfb-above-header-display":"","ast-hfb-below-header-display":"","ast-hfb-mobile-header-display":"","site-post-title":"","ast-breadcrumbs-content":"","ast-featured-img":"","footer-sml-layout":"","ast-disable-related-posts":"","theme-transparent-header-meta":"","adv-header-id-meta":"","stick-header-meta":"","header-above-stick-meta":"","header-main-stick-meta":"","header-below-stick-meta":"","astra-migrate-meta-layouts":"default","ast-page-background-enabled":"default","ast-page-background-meta":{"desktop":{"background-color":"var(--ast-global-color-5)","background-image":"","background-repeat":"repeat","background-position":"center center","background-size":"auto","background-attachment":"scroll","background-type":"","background-media":"","overlay-type":"","overlay-color":"","overlay-opacity":"","overlay-gradient":""},"tablet":{"background-color":"","background-image":"","background-repeat":"repeat","background-position":"center center","background-size":"auto","background-attachment":"scroll","background-type":"","background-media":"","overlay-type":"","overlay-color":"","overlay-opacity":"","overlay-gradient":""},"mobile":{"background-color":"","background-image":"","background-repeat":"repeat","background-position":"center center","background-size":"auto","background-attachment":"scroll","background-type":"","background-media":"","overlay-type":"","overlay-color":"","overlay-opacity":"","overlay-gradient":""}},"ast-content-background-meta":{"desktop":{"background-color":"var(--ast-global-color-4)","background-image":"","background-repeat":"repeat","background-position":"center center","background-size":"auto","background-attachment":"scroll","background-type":"","background-media":"","overlay-type":"","overlay-color":"","overlay-opacity":"","overlay-gradient":""},"tablet":{"background-color":"var(--ast-global-color-4)","background-image":"","background-repeat":"repeat","background-position":"center center","background-size":"auto","background-attachment":"scroll","background-type":"","background-media":"","overlay-type":"","overlay-color":"","overlay-opacity":"","overlay-gradient":""},"mobile":{"background-color":"var(--ast-global-color-4)","background-image":"","background-repeat":"repeat","background-position":"center center","background-size":"auto","background-attachment":"scroll","background-type":"","background-media":"","overlay-type":"","overlay-color":"","overlay-opacity":"","overlay-gradient":""}},"footnotes":""},"class_list":["post-27283","page","type-page","status-publish","hentry"],"_links":{"self":[{"href":"https:\/\/mavideniz.com.tr\/tr\/wp-json\/wp\/v2\/pages\/27283","targetHints":{"allow":["GET"]}}],"collection":[{"href":"https:\/\/mavideniz.com.tr\/tr\/wp-json\/wp\/v2\/pages"}],"about":[{"href":"https:\/\/mavideniz.com.tr\/tr\/wp-json\/wp\/v2\/types\/page"}],"author":[{"embeddable":true,"href":"https:\/\/mavideniz.com.tr\/tr\/wp-json\/wp\/v2\/users\/1"}],"replies":[{"embeddable":true,"href":"https:\/\/mavideniz.com.tr\/tr\/wp-json\/wp\/v2\/comments?post=27283"}],"version-history":[{"count":0,"href":"https:\/\/mavideniz.com.tr\/tr\/wp-json\/wp\/v2\/pages\/27283\/revisions"}],"up":[{"embeddable":true,"href":"https:\/\/mavideniz.com.tr\/tr\/wp-json\/wp\/v2\/pages\/27338"}],"wp:attachment":[{"href":"https:\/\/mavideniz.com.tr\/tr\/wp-json\/wp\/v2\/media?parent=27283"}],"curies":[{"name":"wp","href":"https:\/\/api.w.org\/{rel}","templated":true}]}}