{"id":27292,"date":"2021-10-06T18:13:43","date_gmt":"2021-10-06T18:13:43","guid":{"rendered":"https:\/\/mavideniz.com.tr\/?page_id=27292"},"modified":"2022-11-13T18:41:50","modified_gmt":"2022-11-13T18:41:50","slug":"bariyer-tamburu","status":"publish","type":"page","link":"https:\/\/mavideniz.com.tr\/tr\/urunler\/yuzer-bariyer-bom\/bariyer-tamburu\/","title":{"rendered":"Bariyer Tamburu"},"content":{"rendered":"<p><br \/>\nMavi Deniz Bariyer Tamburu, bir ya\u011f tutma bariyerini + \u015fi\u015firilebilir ya\u011f bariyerini depolamak, yerle\u015ftirmek ve geri sarmak i\u00e7in tasarlanm\u0131\u015ft\u0131r. Bariyer tipine ba\u011fl\u0131 olarak, bariyer tamburu 1200 m&#8217;ye kadar i\u015fleyebilir ve petrol bariyeri korur. Bariyer Depolama Tamburu, kat\u0131 \u015famand\u0131ralar\u0131 ve \u015fi\u015firilebilir petrol bariyerini depolamak veya da\u011f\u0131tmak i\u00e7in en h\u0131zl\u0131 ve en verimli sistemdir. Bariyer tamburu, manuel,hidrolik veya elektrik ile \u00e7al\u0131\u015fan depolama makaralar\u0131 olarak \u00e7e\u015fitli boyutlarda mevcuttur.<\/p>\n<p>Boom depolama makaras\u0131 modelleri, Manuel, Elektrikli veya Hidrolik olarak \u00e7al\u0131\u015ft\u0131r\u0131lan \u00fcnitelerden verimli, bak\u0131m gerektirmeyen, ekonomik depolama, nakliye, da\u011f\u0131t\u0131m ve kurtarma y\u00f6ntemine kadar \u00e7e\u015fitlilik g\u00f6sterir. Entegre veya ek se\u00e7eneklerle operasyonun g\u00fcvenli\u011fini, h\u0131z\u0131n\u0131 ve ba\u015far\u0131s\u0131n\u0131 en \u00fcst d\u00fczeye \u00e7\u0131karabilirsiniz.<\/p>\n<p>Dayan\u0131kl\u0131 \u00e7elikten, kumlanm\u0131\u015f ve s\u0131cak dald\u0131rma galvanizli olarak \u00fcretilmi\u015ftir. U\u00e7ak ta\u015f\u0131mac\u0131l\u0131\u011f\u0131 i\u00e7in mevcut d\u00fc\u015f\u00fck profilli versiyonlar ve Al\u00fcminyum, a\u011f\u0131rl\u0131k tasarrufunun \u00f6nemli \u00f6l\u00e7\u00fcde monte edilmi\u015f kald\u0131rma ve forklift noktalar\u0131n\u0131n bir veya iki ki\u015fi taraf\u0131ndan \u00e7al\u0131\u015ft\u0131r\u0131lmas\u0131 ve yerle\u015ftirilmesi i\u00e7in hafif tasar\u0131m oldu\u011fu se\u00e7eneklerdir. Sa\u011flam yap\u0131, uzun ve sorunsuz bir kullan\u0131m \u00f6mr\u00fc sa\u011flar.<\/p>\n<p><strong>\u00d6zellikleri<\/strong><\/p>\n<ul>\n<li>G\u00fcvenli ve kullan\u0131m\u0131 kolay<\/li>\n<li>Dayan\u0131kl\u0131 yap\u0131<\/li>\n<li>Hafif ve kompakt tasar\u0131m<\/li>\n<li>Boom Reel, kompakt ve sa\u011flam bir tasar\u0131ma sahiptir<\/li>\n<li>M\u00fckemmel \u00e7ekme g\u00fcc\u00fc<\/li>\n<li>S\u00fcrekli de\u011fi\u015fken h\u0131zl\u0131 \u00e7al\u0131\u015fma<\/li>\n<li>Forklift cepli \u00e7elik taban<\/li>\n<li>Hidrolik\/Elektrikle \u00e7al\u0131\u015fan frenler<\/li>\n<li>Basit tek kolla \u00e7al\u0131\u015ft\u0131rma<\/li>\n<li>\u0130leri ve geri h\u0131z kontrol\u00fc<\/li>\n<li>DNV 2.7-3 ve EN 12079-1<\/li>\n<li>3. Taraf Denetim Sertifikasyonu<\/li>\n<li>\u00d6zel tasar\u0131m ve boyut<\/li>\n<\/ul>\n<p>Hidrolik Bariyer Tamburu malzemeleri, h\u0131zl\u0131 ge\u00e7me kaplinlere sahip bir hidrolik hortumla tamamlanm\u0131\u015ft\u0131r.<\/p>\n<p>Mavi Deniz Bariyer Tamburu, yap\u0131lar\u0131n\u0131 optimize etmek i\u00e7in yap\u0131sal par\u00e7alar \u00fczerinde 3D modelleme ve sonlu eleman analizi ile tasarlanm\u0131\u015ft\u0131r.<br \/>\n<div class=\"wptm_table tablesorter-bootstrap \" data-id=\"107\" data-hightlight=\"0\"><div class=\"wptm_buttons buttons_wptmTbl107\"><\/div><div class=\"wptmresponsive dataTables-wptmtable wptmtable \" id=\"wptmtable107\" data-tableid=\"wptmTbl107\"><table data-count-header=\"1\"  data-format-decimal_count=\"0\" data-format-decimal_symbol=\".\" data-format-symbol_position=\"0\" data-format-thousand_symbol=\",\"  data-format-currency_symbol=\"$\"  data-name-style=\"107_1762697811.css\" data-format=\"YYYY-MM-DD\" id=\"wptmTbl107\" data-id=\"107\" data-responsive=\"false\" data-hideCols=\"false\"  data-type=\"html\" data-paging=\"false\" data-searching=\"true\"  data-ordering=\"false\" data-table-breakpoint=\"980\" data-scroll-x=\"true\" data-scroll-collapse=\"true\" data-align=\"center\" data-range=\"[]\" data-hideColumn=\"[0,0,0,0,0,0,0,0,0]\"  data-colwidths=\"[126,126,126,126,126,126,126,126,126]\"  data-colwidths_desktop=[]  data-colwidths_tablet=[]  data-colwidths_mobile=[]  class=\"wptm_main_table  disablePager hideScrollHeader\"><colgroup><col data-dtr=\"0\" data-dtc=\"0\" class=\"dtc0\"><col data-dtr=\"0\" data-dtc=\"1\" class=\"dtc1\"><col data-dtr=\"0\" data-dtc=\"2\" class=\"dtc2\"><col data-dtr=\"0\" data-dtc=\"3\" class=\"dtc3\"><col data-dtr=\"0\" data-dtc=\"4\" class=\"dtc4\"><col data-dtr=\"0\" data-dtc=\"5\" class=\"dtc5\"><col data-dtr=\"0\" data-dtc=\"6\" class=\"dtc6\"><col data-dtr=\"0\" data-dtc=\"7\" class=\"dtc7\"><col data-dtr=\"0\" data-dtc=\"8\" class=\"dtc8\"><\/colgroup><thead><tr class=\"wptm-header-cells-index\"><th rowspan=\"1\" colspan=\"1\" data-dtr=\"0\" data-dtc=\"0\" class=\"dtr0 dtc0\"><\/th><th rowspan=\"1\" colspan=\"1\" data-dtr=\"0\" data-dtc=\"1\" class=\"dtr0 dtc1\"><\/th><th rowspan=\"1\" colspan=\"1\" data-dtr=\"0\" data-dtc=\"2\" class=\"dtr0 dtc2\"><\/th><th rowspan=\"1\" colspan=\"1\" data-dtr=\"0\" data-dtc=\"3\" class=\"dtr0 dtc3\"><\/th><th rowspan=\"1\" colspan=\"1\" data-dtr=\"0\" data-dtc=\"4\" class=\"dtr0 dtc4\"><\/th><th rowspan=\"1\" colspan=\"1\" data-dtr=\"0\" data-dtc=\"5\" class=\"dtr0 dtc5\"><\/th><th rowspan=\"1\" colspan=\"1\" data-dtr=\"0\" data-dtc=\"6\" class=\"dtr0 dtc6\"><\/th><th rowspan=\"1\" colspan=\"1\" data-dtr=\"0\" data-dtc=\"7\" class=\"dtr0 dtc7\"><\/th><th rowspan=\"1\" colspan=\"1\" data-dtr=\"0\" data-dtc=\"8\" class=\"dtr0 dtc8\"><\/th><\/tr><tr class=\" row0\"><th   data-priority=\"0\" class=\"dtr0 dtc0\"><\/th><th   data-priority=\"0\" class=\"dtr0 dtc1\">Boom Reel 3<\/th><th   data-priority=\"0\" class=\"dtr0 dtc2\">Boom Reel 5<\/th><th   data-priority=\"0\" class=\"dtr0 dtc3\">Boom Reel 6<\/th><th   data-priority=\"0\" class=\"dtr0 dtc4\">Boom Reel 8<\/th><th   data-priority=\"0\" class=\"dtr0 dtc5\">Boom Reel 10<\/th><th   data-priority=\"0\" class=\"dtr0 dtc6\">Boom Reel 12<\/th><th   data-priority=\"0\" class=\"dtr0 dtc7\">Boom Reel 18<\/th><th   data-priority=\"0\" class=\"dtr0 dtc8\">Boom Reel 25<\/th><\/thead><tbody><tr class=\" row1\"><td    class=\"dtr1 dtc0\">Capacity Volume<\/td><td    class=\"dtr1 dtc1\">3M3<\/td><td    class=\"dtr1 dtc2\">5M3<\/td><td    class=\"dtr1 dtc3\">6M3<\/td><td    class=\"dtr1 dtc4\">8M3<\/td><td    class=\"dtr1 dtc5\">10M3<\/td><td    class=\"dtr1 dtc6\">12M3<\/td><td    class=\"dtr1 dtc7\">18M3<\/td><td    class=\"dtr1 dtc8\">25M3<\/td><\/tr><tr class=\" row2\"><td    class=\"dtr2 dtc0\">Drive System<\/td><td  colspan=\"8\"   class=\"dtr2 dtc1\">Manual or Hydraulic or Electric<\/td><td  style=\"display: none\"   class=\"dtr2 dtc2\"><\/td><td  style=\"display: none\"   class=\"dtr2 dtc3\"><\/td><td  style=\"display: none\"   class=\"dtr2 dtc4\"><\/td><td  style=\"display: none\"   class=\"dtr2 dtc5\"><\/td><td  style=\"display: none\"   class=\"dtr2 dtc6\"><\/td><td  style=\"display: none\"   class=\"dtr2 dtc7\"><\/td><td  style=\"display: none\"   class=\"dtr2 dtc8\"><\/td><\/tr><tr class=\" row3\"><td    class=\"dtr3 dtc0\">Power Pack<\/td><td  colspan=\"8\"   class=\"dtr3 dtc1\">Reel-mounted or Seperated or Other Source<\/td><td  style=\"display: none\"   class=\"dtr3 dtc2\"><\/td><td  style=\"display: none\"   class=\"dtr3 dtc3\"><\/td><td  style=\"display: none\"   class=\"dtr3 dtc4\"><\/td><td  style=\"display: none\"   class=\"dtr3 dtc5\"><\/td><td  style=\"display: none\"   class=\"dtr3 dtc6\"><\/td><td  style=\"display: none\"   class=\"dtr3 dtc7\"><\/td><td  style=\"display: none\"   class=\"dtr3 dtc8\"><\/td><\/tr><tr class=\" row4\"><td    class=\"dtr4 dtc0\">Air Filling System<\/td><td  colspan=\"8\"   class=\"dtr4 dtc1\">Automatic Inflation (Optional)<\/td><td  style=\"display: none\"   class=\"dtr4 dtc2\"><\/td><td  style=\"display: none\"   class=\"dtr4 dtc3\"><\/td><td  style=\"display: none\"   class=\"dtr4 dtc4\"><\/td><td  style=\"display: none\"   class=\"dtr4 dtc5\"><\/td><td  style=\"display: none\"   class=\"dtr4 dtc6\"><\/td><td  style=\"display: none\"   class=\"dtr4 dtc7\"><\/td><td  style=\"display: none\"   class=\"dtr4 dtc8\"><\/td><\/tr><tr class=\" row5\"><td    class=\"dtr5 dtc0\">Material<\/td><td  colspan=\"8\"   class=\"dtr5 dtc1\">Steel (Standard) | Aluminium (Optional)<\/td><td  style=\"display: none\"   class=\"dtr5 dtc2\"><\/td><td  style=\"display: none\"   class=\"dtr5 dtc3\"><\/td><td  style=\"display: none\"   class=\"dtr5 dtc4\"><\/td><td  style=\"display: none\"   class=\"dtr5 dtc5\"><\/td><td  style=\"display: none\"   class=\"dtr5 dtc6\"><\/td><td  style=\"display: none\"   class=\"dtr5 dtc7\"><\/td><td  style=\"display: none\"   class=\"dtr5 dtc8\"><\/td><\/tr><tr class=\" row6\"><td    class=\"dtr6 dtc0\">Paint<\/td><td  colspan=\"8\"   class=\"dtr6 dtc1\">Marine Grade Coating (Standard)<\/td><td  style=\"display: none\"   class=\"dtr6 dtc2\"><\/td><td  style=\"display: none\"   class=\"dtr6 dtc3\"><\/td><td  style=\"display: none\"   class=\"dtr6 dtc4\"><\/td><td  style=\"display: none\"   class=\"dtr6 dtc5\"><\/td><td  style=\"display: none\"   class=\"dtr6 dtc6\"><\/td><td  style=\"display: none\"   class=\"dtr6 dtc7\"><\/td><td  style=\"display: none\"   class=\"dtr6 dtc8\"><\/td><\/tr><tr class=\" row7\"><td    class=\"dtr7 dtc0\">Lifting Rings<\/td><td  colspan=\"8\"   class=\"dtr7 dtc1\">Standard<\/td><td  style=\"display: none\"   class=\"dtr7 dtc2\"><\/td><td  style=\"display: none\"   class=\"dtr7 dtc3\"><\/td><td  style=\"display: none\"   class=\"dtr7 dtc4\"><\/td><td  style=\"display: none\"   class=\"dtr7 dtc5\"><\/td><td  style=\"display: none\"   class=\"dtr7 dtc6\"><\/td><td  style=\"display: none\"   class=\"dtr7 dtc7\"><\/td><td  style=\"display: none\"   class=\"dtr7 dtc8\"><\/td><\/tr><tr class=\" row8\"><td    class=\"dtr8 dtc0\">Forklift channel<\/td><td  colspan=\"8\"   class=\"dtr8 dtc1\">Standard<\/td><td  style=\"display: none\"   class=\"dtr8 dtc2\"><\/td><td  style=\"display: none\"   class=\"dtr8 dtc3\"><\/td><td  style=\"display: none\"   class=\"dtr8 dtc4\"><\/td><td  style=\"display: none\"   class=\"dtr8 dtc5\"><\/td><td  style=\"display: none\"   class=\"dtr8 dtc6\"><\/td><td  style=\"display: none\"   class=\"dtr8 dtc7\"><\/td><td  style=\"display: none\"   class=\"dtr8 dtc8\"><\/td><\/tr><tr class=\" row9\"><td    class=\"dtr9 dtc0\">ISO Container<\/td><td  colspan=\"8\"   class=\"dtr9 dtc1\">Optional<\/td><td  style=\"display: none\"   class=\"dtr9 dtc2\"><\/td><td  style=\"display: none\"   class=\"dtr9 dtc3\"><\/td><td  style=\"display: none\"   class=\"dtr9 dtc4\"><\/td><td  style=\"display: none\"   class=\"dtr9 dtc5\"><\/td><td  style=\"display: none\"   class=\"dtr9 dtc6\"><\/td><td  style=\"display: none\"   class=\"dtr9 dtc7\"><\/td><td  style=\"display: none\"   class=\"dtr9 dtc8\"><\/td><\/tr><tr class=\" row10\"><td    class=\"dtr10 dtc0\">Turnrable<\/td><td  colspan=\"8\"   class=\"dtr10 dtc1\">Optional<\/td><td  style=\"display: none\"   class=\"dtr10 dtc2\"><\/td><td  style=\"display: none\"   class=\"dtr10 dtc3\"><\/td><td  style=\"display: none\"   class=\"dtr10 dtc4\"><\/td><td  style=\"display: none\"   class=\"dtr10 dtc5\"><\/td><td  style=\"display: none\"   class=\"dtr10 dtc6\"><\/td><td  style=\"display: none\"   class=\"dtr10 dtc7\"><\/td><td  style=\"display: none\"   class=\"dtr10 dtc8\"><\/td><\/tr><tr class=\" row11\"><td    class=\"dtr11 dtc0\">Skid Mounted<\/td><td  colspan=\"8\"   class=\"dtr11 dtc1\">Optional<\/td><td  style=\"display: none\"   class=\"dtr11 dtc2\"><\/td><td  style=\"display: none\"   class=\"dtr11 dtc3\"><\/td><td  style=\"display: none\"   class=\"dtr11 dtc4\"><\/td><td  style=\"display: none\"   class=\"dtr11 dtc5\"><\/td><td  style=\"display: none\"   class=\"dtr11 dtc6\"><\/td><td  style=\"display: none\"   class=\"dtr11 dtc7\"><\/td><td  style=\"display: none\"   class=\"dtr11 dtc8\"><\/td><\/tr><tr class=\" row12\"><td    class=\"dtr12 dtc0\">Transport Trailer<\/td><td  colspan=\"8\"   class=\"dtr12 dtc1\">Optional<\/td><td  style=\"display: none\"   class=\"dtr12 dtc2\"><\/td><td  style=\"display: none\"   class=\"dtr12 dtc3\"><\/td><td  style=\"display: none\"   class=\"dtr12 dtc4\"><\/td><td  style=\"display: none\"   class=\"dtr12 dtc5\"><\/td><td  style=\"display: none\"   class=\"dtr12 dtc6\"><\/td><td  style=\"display: none\"   class=\"dtr12 dtc7\"><\/td><td  style=\"display: none\"   class=\"dtr12 dtc8\"><\/td><\/tr><tr class=\" row13\"><td    class=\"dtr13 dtc0\">Spreader bar<\/td><td  colspan=\"8\"   class=\"dtr13 dtc1\">Optional<\/td><td  style=\"display: none\"   class=\"dtr13 dtc2\"><\/td><td  style=\"display: none\"   class=\"dtr13 dtc3\"><\/td><td  style=\"display: none\"   class=\"dtr13 dtc4\"><\/td><td  style=\"display: none\"   class=\"dtr13 dtc5\"><\/td><td  style=\"display: none\"   class=\"dtr13 dtc6\"><\/td><td  style=\"display: none\"   class=\"dtr13 dtc7\"><\/td><td  style=\"display: none\"   class=\"dtr13 dtc8\"><\/td><\/tr><tr class=\" row14\"><td    class=\"dtr14 dtc0\">Swivel<\/td><td  colspan=\"8\"   class=\"dtr14 dtc1\">Optional<\/td><td  style=\"display: none\"   class=\"dtr14 dtc2\"><\/td><td  style=\"display: none\"   class=\"dtr14 dtc3\"><\/td><td  style=\"display: none\"   class=\"dtr14 dtc4\"><\/td><td  style=\"display: none\"   class=\"dtr14 dtc5\"><\/td><td  style=\"display: none\"   class=\"dtr14 dtc6\"><\/td><td  style=\"display: none\"   class=\"dtr14 dtc7\"><\/td><td  style=\"display: none\"   class=\"dtr14 dtc8\"><\/td><\/tr><tr class=\" row15\"><td    class=\"dtr15 dtc0\">PVC Cover<\/td><td  colspan=\"8\"   class=\"dtr15 dtc1\">Optional<\/td><td  style=\"display: none\"   class=\"dtr15 dtc2\"><\/td><td  style=\"display: none\"   class=\"dtr15 dtc3\"><\/td><td  style=\"display: none\"   class=\"dtr15 dtc4\"><\/td><td  style=\"display: none\"   class=\"dtr15 dtc5\"><\/td><td  style=\"display: none\"   class=\"dtr15 dtc6\"><\/td><td  style=\"display: none\"   class=\"dtr15 dtc7\"><\/td><td  style=\"display: none\"   class=\"dtr15 dtc8\"><\/td><\/tr><tr class=\" row16\"><td    class=\"dtr16 dtc0\">Remote Control<\/td><td  colspan=\"8\"   class=\"dtr16 dtc1\">Optional<\/td><td  style=\"display: none\"   class=\"dtr16 dtc2\"><\/td><td  style=\"display: none\"   class=\"dtr16 dtc3\"><\/td><td  style=\"display: none\"   class=\"dtr16 dtc4\"><\/td><td  style=\"display: none\"   class=\"dtr16 dtc5\"><\/td><td  style=\"display: none\"   class=\"dtr16 dtc6\"><\/td><td  style=\"display: none\"   class=\"dtr16 dtc7\"><\/td><td  style=\"display: none\"   class=\"dtr16 dtc8\"><\/td><\/tr><\/tbody><tfoot><tr><td class=\"dtr16 dtc0\" style=\"height: 0;\"><\/td><td class=\"dtr16 dtc1\" style=\"height: 0;\"><\/td><td class=\"dtr16 dtc2\" style=\"height: 0;\"><\/td><td class=\"dtr16 dtc3\" style=\"height: 0;\"><\/td><td class=\"dtr16 dtc4\" style=\"height: 0;\"><\/td><td class=\"dtr16 dtc5\" style=\"height: 0;\"><\/td><td class=\"dtr16 dtc6\" style=\"height: 0;\"><\/td><td class=\"dtr16 dtc7\" style=\"height: 0;\"><\/td><td class=\"dtr16 dtc8\" style=\"height: 0;\"><\/td><\/tr><\/tfoot><\/table><\/div><style>#wptmtable107 .dataTables_wrapper > .dataTables_scroll {max-height:500px;overflow: auto;}<\/style><script>window.wptm_ajaxurl = 'https:\/\/mavideniz.com.tr\/wp-admin\/admin-ajax.php?juwpfisadmin=false&action=Wptm&'; window.wptm_front = 'https:\/\/mavideniz.com.tr\/wp-content\/plugins\/wp-table-manager\/app\/site\/assets\/'; window.wptm_style = 'https:\/\/mavideniz.com.tr\/wp-content\/uploads\/wptm\/';<\/script><\/div><style><\/style><\/p>\n","protected":false},"excerpt":{"rendered":"<p>Mavi Deniz Bariyer Tamburu, bir ya\u011f tutma bariyerini + \u015fi\u015firilebilir ya\u011f bariyerini depolamak, yerle\u015ftirmek ve geri sarmak i\u00e7in tasarlanm\u0131\u015ft\u0131r. Bariyer [&hellip;]<\/p>\n","protected":false},"author":1,"featured_media":0,"parent":26971,"menu_order":0,"comment_status":"closed","ping_status":"closed","template":"","meta":{"site-sidebar-layout":"default","site-content-layout":"","ast-site-content-layout":"default","site-content-style":"default","site-sidebar-style":"default","ast-global-header-display":"","ast-banner-title-visibility":"","ast-main-header-display":"","ast-hfb-above-header-display":"","ast-hfb-below-header-display":"","ast-hfb-mobile-header-display":"","site-post-title":"","ast-breadcrumbs-content":"","ast-featured-img":"","footer-sml-layout":"","ast-disable-related-posts":"","theme-transparent-header-meta":"","adv-header-id-meta":"","stick-header-meta":"","header-above-stick-meta":"","header-main-stick-meta":"","header-below-stick-meta":"","astra-migrate-meta-layouts":"default","ast-page-background-enabled":"default","ast-page-background-meta":{"desktop":{"background-color":"var(--ast-global-color-5)","background-image":"","background-repeat":"repeat","background-position":"center center","background-size":"auto","background-attachment":"scroll","background-type":"","background-media":"","overlay-type":"","overlay-color":"","overlay-opacity":"","overlay-gradient":""},"tablet":{"background-color":"","background-image":"","background-repeat":"repeat","background-position":"center center","background-size":"auto","background-attachment":"scroll","background-type":"","background-media":"","overlay-type":"","overlay-color":"","overlay-opacity":"","overlay-gradient":""},"mobile":{"background-color":"","background-image":"","background-repeat":"repeat","background-position":"center center","background-size":"auto","background-attachment":"scroll","background-type":"","background-media":"","overlay-type":"","overlay-color":"","overlay-opacity":"","overlay-gradient":""}},"ast-content-background-meta":{"desktop":{"background-color":"var(--ast-global-color-4)","background-image":"","background-repeat":"repeat","background-position":"center center","background-size":"auto","background-attachment":"scroll","background-type":"","background-media":"","overlay-type":"","overlay-color":"","overlay-opacity":"","overlay-gradient":""},"tablet":{"background-color":"var(--ast-global-color-4)","background-image":"","background-repeat":"repeat","background-position":"center center","background-size":"auto","background-attachment":"scroll","background-type":"","background-media":"","overlay-type":"","overlay-color":"","overlay-opacity":"","overlay-gradient":""},"mobile":{"background-color":"var(--ast-global-color-4)","background-image":"","background-repeat":"repeat","background-position":"center center","background-size":"auto","background-attachment":"scroll","background-type":"","background-media":"","overlay-type":"","overlay-color":"","overlay-opacity":"","overlay-gradient":""}},"footnotes":""},"class_list":["post-27292","page","type-page","status-publish","hentry"],"_links":{"self":[{"href":"https:\/\/mavideniz.com.tr\/tr\/wp-json\/wp\/v2\/pages\/27292","targetHints":{"allow":["GET"]}}],"collection":[{"href":"https:\/\/mavideniz.com.tr\/tr\/wp-json\/wp\/v2\/pages"}],"about":[{"href":"https:\/\/mavideniz.com.tr\/tr\/wp-json\/wp\/v2\/types\/page"}],"author":[{"embeddable":true,"href":"https:\/\/mavideniz.com.tr\/tr\/wp-json\/wp\/v2\/users\/1"}],"replies":[{"embeddable":true,"href":"https:\/\/mavideniz.com.tr\/tr\/wp-json\/wp\/v2\/comments?post=27292"}],"version-history":[{"count":0,"href":"https:\/\/mavideniz.com.tr\/tr\/wp-json\/wp\/v2\/pages\/27292\/revisions"}],"up":[{"embeddable":true,"href":"https:\/\/mavideniz.com.tr\/tr\/wp-json\/wp\/v2\/pages\/26971"}],"wp:attachment":[{"href":"https:\/\/mavideniz.com.tr\/tr\/wp-json\/wp\/v2\/media?parent=27292"}],"curies":[{"name":"wp","href":"https:\/\/api.w.org\/{rel}","templated":true}]}}