{"id":27296,"date":"2021-10-06T18:22:18","date_gmt":"2021-10-06T18:22:18","guid":{"rendered":"https:\/\/mavideniz.com.tr\/?page_id=27296"},"modified":"2021-11-12T18:34:55","modified_gmt":"2021-11-12T18:34:55","slug":"hortum-sarma-tamburu","status":"publish","type":"page","link":"https:\/\/mavideniz.com.tr\/tr\/urunler\/petrol-yag-siyirici\/hortum-sarma-tamburu\/","title":{"rendered":"Hortum Sarma Tamburu"},"content":{"rendered":"\n<p>Hortum Sarma Tamburu, denizalt\u0131, a\u00e7\u0131k deniz veya kara operasyonlar\u0131nda hem statik + dinamik uygulamalar + fonksiyon taleplerini kar\u015f\u0131lamak \u00fczere tasarlanm\u0131\u015ft\u0131r. Umbilikal Makara, deniz s\u00fcp\u00fcr\u00fcc\u00fcn\u00fcn bir geminin veya di\u011fer bariyerlerin \u00fczerinden ta\u015f\u0131nmas\u0131na ve yerle\u015ftirilmesine izin verir.<\/p>\n<p>Hortum Sarma Tamburu, maksimum 6 m eri\u015fime ve 3 t kald\u0131rma kapasitesine sahip bir teleskopik vin\u00e7 kolu veya ge\u00e7ilebilir teleskopik Vin\u00e7 ile donat\u0131lm\u0131\u015ft\u0131r. T\u00fcm \u00fcnite, d\u00f6ner tablal\u0131 ve 360\u00b0 d\u00f6nd\u00fcr\u00fclm\u00fc\u015f 10 veya 20 ft&#8217;lik d\u00fcz rafa monte edilebilir. Hortum Sistemi, biri hidrolik g\u00fc\u00e7 hatlar\u0131 ve di\u011feri kargo i\u00e7in olmak \u00fczere 6\u201d kargo hortumlar\u0131na sahip 100 metreye kadar s\u00fcrekli kendi kendine y\u00fczen bir g\u00f6bektir.<\/p>\n<p>Hortum Sarma Tamburu, hidrolik s\u0131v\u0131lar\u0131, akaryak\u0131t ve kimyasallar\u0131 da\u011f\u0131tmak, kimyasal enjeksiyonu ve hidrolik kontrol\u00fc desteklemek i\u00e7in g\u00fcvenli ve verimli bir y\u00f6ntem sa\u011flamak \u00fczere tasarlanm\u0131\u015ft\u0131r. G\u00fc\u00e7 ve ileti\u015fim i\u015flevleri, elektrik ve fiber optik kablolar\u0131n dahil edilmesiyle entegre edilebilir. G\u00f6bek Makaras\u0131n\u0131n yetenekleri gereksinimlerinizi d\u00fczenler.<\/p>\n<p><strong>\u00d6zellikleri<\/strong><\/p>\n<ul>\n<li>Offshore tipi Petrol S\u0131y\u0131r\u0131c\u0131lar\u0131 i\u00e7in Kol<\/li>\n<li>S\u00fcrekli kendi kendine y\u00fczen g\u00f6bek<\/li>\n<li>Mod\u00fcler tasar\u0131m<\/li>\n<li>Eski b\u00f6lge 02<\/li>\n<li>\u00d8150mm x 600m deniz alt\u0131 g\u00f6bek ba\u011f\u0131 i\u00e7in uygundur.<\/li>\n<li>Uzaktan kumandal\u0131 radyo<\/li>\n<li>Ya\u011f transfer ve hidrolik hortumlar\u0131 \u00e7e\u015fitli uzunluklarda tedarik edilebilmektedir.<\/li>\n<li>Kompakt tasar\u0131m<\/li>\n<li>D\u00fc\u015f\u00fck bak\u0131m<\/li>\n<li>Mevcut yap\u0131ya kolay ba\u011flant\u0131<\/li>\n<li>3. Taraf Denetim Sertifikasyonu<\/li>\n<li>Acil bo\u015faltma<\/li>\n<li>Gemiden gemiye kargo transferi \u2013 gemiden k\u0131y\u0131ya<\/li>\n<li>DNV 2.7-3 ve EN 12079-1<\/li>\n<\/ul>\n<div class=\"wptm_table tablesorter-bootstrap \" data-id=\"108\" data-hightlight=\"0\"><div class=\"wptm_buttons buttons_wptmTbl108\"><\/div><div class=\"wptmresponsive dataTables-wptmtable wptmtable \" id=\"wptmtable108\" data-tableid=\"wptmTbl108\"><table data-count-header=\"1\"  data-format-decimal_count=\"0\" data-format-decimal_symbol=\".\" data-format-symbol_position=\"0\" data-format-thousand_symbol=\",\"  data-format-currency_symbol=\"$\"  data-name-style=\"108_1759675518.css\" data-format=\"YYYY-MM-DD\" id=\"wptmTbl108\" data-id=\"108\" data-responsive=\"false\" data-hideCols=\"false\"  data-type=\"html\" data-paging=\"false\" data-searching=\"true\"  data-ordering=\"false\" data-table-breakpoint=\"980\" data-scroll-x=\"true\" data-scroll-collapse=\"true\" data-align=\"center\" data-range=\"[]\" data-hideColumn=\"[0,0,0,0,0]\"  data-colwidths=\"[228,228,228,228,228]\"  data-colwidths_desktop=[]  data-colwidths_tablet=[]  data-colwidths_mobile=[]  class=\"wptm_main_table  disablePager hideScrollHeader\"><colgroup><col data-dtr=\"0\" data-dtc=\"0\" class=\"dtc0\"><col data-dtr=\"0\" data-dtc=\"1\" class=\"dtc1\"><col data-dtr=\"0\" data-dtc=\"2\" class=\"dtc2\"><col data-dtr=\"0\" data-dtc=\"3\" class=\"dtc3\"><col data-dtr=\"0\" data-dtc=\"4\" class=\"dtc4\"><\/colgroup><thead><tr class=\"wptm-header-cells-index\"><th rowspan=\"1\" colspan=\"1\" data-dtr=\"0\" data-dtc=\"0\" class=\"dtr0 dtc0\"><\/th><th rowspan=\"1\" colspan=\"1\" data-dtr=\"0\" data-dtc=\"1\" class=\"dtr0 dtc1\"><\/th><th rowspan=\"1\" colspan=\"1\" data-dtr=\"0\" data-dtc=\"2\" class=\"dtr0 dtc2\"><\/th><th rowspan=\"1\" colspan=\"1\" data-dtr=\"0\" data-dtc=\"3\" class=\"dtr0 dtc3\"><\/th><th rowspan=\"1\" colspan=\"1\" data-dtr=\"0\" data-dtc=\"4\" class=\"dtr0 dtc4\"><\/th><\/tr><tr class=\" row0\"><th   data-priority=\"0\" class=\"dtr0 dtc0\"><\/th><th   data-priority=\"0\" class=\"dtr0 dtc1\">Umbilical 100<\/th><th   data-priority=\"0\" class=\"dtr0 dtc2\">Umbilical 80<\/th><th   data-priority=\"0\" class=\"dtr0 dtc3\">Umbilical 50<\/th><th   data-priority=\"0\" class=\"dtr0 dtc4\">Umbilical 30<\/th><\/thead><tbody><tr class=\" row1\"><td    class=\"dtr1 dtc0\">Umbilical Lenght<\/td><td    class=\"dtr1 dtc1\">100m<\/td><td    class=\"dtr1 dtc2\">80m<\/td><td    class=\"dtr1 dtc3\">50m<\/td><td    class=\"dtr1 dtc4\">30m<\/td><\/tr><tr class=\" row2\"><td    class=\"dtr2 dtc0\">Hose Size<\/td><td    class=\"dtr2 dtc1\">6\u201d<\/td><td    class=\"dtr2 dtc2\">6\u201d<\/td><td    class=\"dtr2 dtc3\">6\u201d or 5\"<\/td><td    class=\"dtr2 dtc4\">4\" or 3\"<\/td><\/tr><tr class=\" row3\"><td    class=\"dtr3 dtc0\">Drive System<\/td><td  colspan=\"4\"   class=\"dtr3 dtc1\">Hydraulic or Electric<\/td><td  style=\"display: none\"   class=\"dtr3 dtc2\"><\/td><td  style=\"display: none\"   class=\"dtr3 dtc3\"><\/td><td  style=\"display: none\"   class=\"dtr3 dtc4\"><\/td><\/tr><tr class=\" row4\"><td    class=\"dtr4 dtc0\">Power Pack<\/td><td  colspan=\"4\"   class=\"dtr4 dtc1\">Mounted or Seperated or Other Source<\/td><td  style=\"display: none\"   class=\"dtr4 dtc2\"><\/td><td  style=\"display: none\"   class=\"dtr4 dtc3\"><\/td><td  style=\"display: none\"   class=\"dtr4 dtc4\"><\/td><\/tr><tr class=\" row5\"><td    class=\"dtr5 dtc0\">Crane Type<\/td><td  colspan=\"4\"   class=\"dtr5 dtc1\">Telescopic Arm or Foldable Telescopic<\/td><td  style=\"display: none\"   class=\"dtr5 dtc2\"><\/td><td  style=\"display: none\"   class=\"dtr5 dtc3\"><\/td><td  style=\"display: none\"   class=\"dtr5 dtc4\"><\/td><\/tr><tr class=\" row6\"><td    class=\"dtr6 dtc0\">Crane Lifting Capacity (SWL)<\/td><td  colspan=\"4\"   class=\"dtr6 dtc1\">3000 KG<\/td><td  style=\"display: none\"   class=\"dtr6 dtc2\"><\/td><td  style=\"display: none\"   class=\"dtr6 dtc3\"><\/td><td  style=\"display: none\"   class=\"dtr6 dtc4\"><\/td><\/tr><tr class=\" row7\"><td    class=\"dtr7 dtc0\">Crane Reach<\/td><td  colspan=\"4\"   class=\"dtr7 dtc1\">6m<\/td><td  style=\"display: none\"   class=\"dtr7 dtc2\"><\/td><td  style=\"display: none\"   class=\"dtr7 dtc3\"><\/td><td  style=\"display: none\"   class=\"dtr7 dtc4\"><\/td><\/tr><tr class=\" row8\"><td    class=\"dtr8 dtc0\">Storage Canvas<\/td><td  colspan=\"4\"   class=\"dtr8 dtc1\">Standard<\/td><td  style=\"display: none\"   class=\"dtr8 dtc2\"><\/td><td  style=\"display: none\"   class=\"dtr8 dtc3\"><\/td><td  style=\"display: none\"   class=\"dtr8 dtc4\"><\/td><\/tr><tr class=\" row9\"><td    class=\"dtr9 dtc0\">ISO container corners<\/td><td  colspan=\"4\"   class=\"dtr9 dtc1\">Standard<\/td><td  style=\"display: none\"   class=\"dtr9 dtc2\"><\/td><td  style=\"display: none\"   class=\"dtr9 dtc3\"><\/td><td  style=\"display: none\"   class=\"dtr9 dtc4\"><\/td><\/tr><tr class=\" row10\"><td    class=\"dtr10 dtc0\">Paint<\/td><td  colspan=\"4\"   class=\"dtr10 dtc1\">Marine Grade Coating (Standard)<\/td><td  style=\"display: none\"   class=\"dtr10 dtc2\"><\/td><td  style=\"display: none\"   class=\"dtr10 dtc3\"><\/td><td  style=\"display: none\"   class=\"dtr10 dtc4\"><\/td><\/tr><tr class=\" row11\"><td    class=\"dtr11 dtc0\">Marine Grade Coating (Standard)<\/td><td  colspan=\"4\"   class=\"dtr11 dtc1\">Optional<\/td><td  style=\"display: none\"   class=\"dtr11 dtc2\"><\/td><td  style=\"display: none\"   class=\"dtr11 dtc3\"><\/td><td  style=\"display: none\"   class=\"dtr11 dtc4\"><\/td><\/tr><tr class=\" row12\"><td    class=\"dtr12 dtc0\">Ex System<\/td><td  colspan=\"4\"   class=\"dtr12 dtc1\">Optional<\/td><td  style=\"display: none\"   class=\"dtr12 dtc2\"><\/td><td  style=\"display: none\"   class=\"dtr12 dtc3\"><\/td><td  style=\"display: none\"   class=\"dtr12 dtc4\"><\/td><\/tr><tr class=\" row13\"><td    class=\"dtr13 dtc0\">Mounted on<\/td><td    class=\"dtr13 dtc1\">20 ft skid<\/td><td    class=\"dtr13 dtc2\">20 ft skid<\/td><td    class=\"dtr13 dtc3\">10 ft skid<\/td><td    class=\"dtr13 dtc4\">10 ft skid<\/td><\/tr><\/tbody><tfoot><tr><td class=\"dtr13 dtc0\" style=\"height: 0;\"><\/td><td class=\"dtr13 dtc1\" style=\"height: 0;\"><\/td><td class=\"dtr13 dtc2\" style=\"height: 0;\"><\/td><td class=\"dtr13 dtc3\" style=\"height: 0;\"><\/td><td class=\"dtr13 dtc4\" style=\"height: 0;\"><\/td><\/tr><\/tfoot><\/table><\/div><style>#wptmtable108 .dataTables_wrapper > .dataTables_scroll {max-height:500px;overflow: auto;}<\/style><script>window.wptm_ajaxurl = 'https:\/\/mavideniz.com.tr\/wp-admin\/admin-ajax.php?juwpfisadmin=false&action=Wptm&'; window.wptm_front = 'https:\/\/mavideniz.com.tr\/wp-content\/plugins\/wp-table-manager\/app\/site\/assets\/'; window.wptm_style = 'https:\/\/mavideniz.com.tr\/wp-content\/uploads\/wptm\/';<\/script><\/div><style><\/style>\n","protected":false},"excerpt":{"rendered":"<p>Hortum Sarma Tamburu, denizalt\u0131, a\u00e7\u0131k deniz veya kara operasyonlar\u0131nda hem statik + dinamik uygulamalar + fonksiyon taleplerini kar\u015f\u0131lamak \u00fczere tasarlanm\u0131\u015ft\u0131r. [&hellip;]<\/p>\n","protected":false},"author":1,"featured_media":0,"parent":27058,"menu_order":0,"comment_status":"closed","ping_status":"closed","template":"","meta":{"site-sidebar-layout":"default","site-content-layout":"","ast-site-content-layout":"default","site-content-style":"default","site-sidebar-style":"default","ast-global-header-display":"","ast-banner-title-visibility":"","ast-main-header-display":"","ast-hfb-above-header-display":"","ast-hfb-below-header-display":"","ast-hfb-mobile-header-display":"","site-post-title":"","ast-breadcrumbs-content":"","ast-featured-img":"","footer-sml-layout":"","ast-disable-related-posts":"","theme-transparent-header-meta":"","adv-header-id-meta":"","stick-header-meta":"","header-above-stick-meta":"","header-main-stick-meta":"","header-below-stick-meta":"","astra-migrate-meta-layouts":"default","ast-page-background-enabled":"default","ast-page-background-meta":{"desktop":{"background-color":"var(--ast-global-color-5)","background-image":"","background-repeat":"repeat","background-position":"center center","background-size":"auto","background-attachment":"scroll","background-type":"","background-media":"","overlay-type":"","overlay-color":"","overlay-opacity":"","overlay-gradient":""},"tablet":{"background-color":"","background-image":"","background-repeat":"repeat","background-position":"center center","background-size":"auto","background-attachment":"scroll","background-type":"","background-media":"","overlay-type":"","overlay-color":"","overlay-opacity":"","overlay-gradient":""},"mobile":{"background-color":"","background-image":"","background-repeat":"repeat","background-position":"center center","background-size":"auto","background-attachment":"scroll","background-type":"","background-media":"","overlay-type":"","overlay-color":"","overlay-opacity":"","overlay-gradient":""}},"ast-content-background-meta":{"desktop":{"background-color":"var(--ast-global-color-4)","background-image":"","background-repeat":"repeat","background-position":"center center","background-size":"auto","background-attachment":"scroll","background-type":"","background-media":"","overlay-type":"","overlay-color":"","overlay-opacity":"","overlay-gradient":""},"tablet":{"background-color":"var(--ast-global-color-4)","background-image":"","background-repeat":"repeat","background-position":"center center","background-size":"auto","background-attachment":"scroll","background-type":"","background-media":"","overlay-type":"","overlay-color":"","overlay-opacity":"","overlay-gradient":""},"mobile":{"background-color":"var(--ast-global-color-4)","background-image":"","background-repeat":"repeat","background-position":"center center","background-size":"auto","background-attachment":"scroll","background-type":"","background-media":"","overlay-type":"","overlay-color":"","overlay-opacity":"","overlay-gradient":""}},"footnotes":""},"class_list":["post-27296","page","type-page","status-publish","hentry"],"_links":{"self":[{"href":"https:\/\/mavideniz.com.tr\/tr\/wp-json\/wp\/v2\/pages\/27296","targetHints":{"allow":["GET"]}}],"collection":[{"href":"https:\/\/mavideniz.com.tr\/tr\/wp-json\/wp\/v2\/pages"}],"about":[{"href":"https:\/\/mavideniz.com.tr\/tr\/wp-json\/wp\/v2\/types\/page"}],"author":[{"embeddable":true,"href":"https:\/\/mavideniz.com.tr\/tr\/wp-json\/wp\/v2\/users\/1"}],"replies":[{"embeddable":true,"href":"https:\/\/mavideniz.com.tr\/tr\/wp-json\/wp\/v2\/comments?post=27296"}],"version-history":[{"count":0,"href":"https:\/\/mavideniz.com.tr\/tr\/wp-json\/wp\/v2\/pages\/27296\/revisions"}],"up":[{"embeddable":true,"href":"https:\/\/mavideniz.com.tr\/tr\/wp-json\/wp\/v2\/pages\/27058"}],"wp:attachment":[{"href":"https:\/\/mavideniz.com.tr\/tr\/wp-json\/wp\/v2\/media?parent=27296"}],"curies":[{"name":"wp","href":"https:\/\/api.w.org\/{rel}","templated":true}]}}