{"id":27340,"date":"2021-10-08T16:47:15","date_gmt":"2021-10-08T16:47:15","guid":{"rendered":"https:\/\/mavideniz.com.tr\/?page_id=27340"},"modified":"2023-04-02T17:25:11","modified_gmt":"2023-04-02T17:25:11","slug":"dokuntuye-mudahale-treyleri","status":"publish","type":"page","link":"https:\/\/mavideniz.com.tr\/tr\/urunler\/dokuntuye-mudahale-konteyneri-treyler\/dokuntuye-mudahale-treyleri\/","title":{"rendered":"D\u00f6k\u00fcnt\u00fcye M\u00fcdahale Treyleri"},"content":{"rendered":"<p><br \/>\nD\u00f6k\u00fcnt\u00fcye M\u00fcdahale R\u00f6morku, saha etraf\u0131ndaki d\u00f6k\u00fclmelerin ve s\u0131z\u0131nt\u0131lar\u0131n h\u0131zl\u0131 bir \u015fekilde kontrol alt\u0131na al\u0131nmas\u0131 i\u00e7in tasar\u0131mlar. D\u00f6k\u00fcnt\u00fcye M\u00fcdahale R\u00f6morku, d\u00f6k\u00fcnt\u00fc iyile\u015ftirme, acil m\u00fcdahale, \u00e7evresel iyile\u015ftirme, at\u0131k konsolidasyonu\/bertaraf, tank temizli\u011fi ve di\u011fer tank hizmetleri, end\u00fcstriyel bak\u0131m hatt\u0131 temizli\u011fi i\u00e7in kullan\u0131labilecek ve ayr\u0131ca kara, i\u00e7 sular, k\u0131y\u0131 sular\u0131 i\u00e7in uygun ekipmanlardan olu\u015fur, liman veya liman s\u0131z\u0131nt\u0131lar\u0131 operasyonlar\u0131.<\/p>\n<p>D\u00f6k\u00fclme M\u00fcdahale R\u00f6morku a\u00e7\u0131k, mu\u015famba kapl\u0131 veya tamamen kapal\u0131 olabilir ve ayr\u0131ca \u00d6zel R\u00f6mork birimleri de m\u00fcmk\u00fcnd\u00fcr. D\u00f6k\u00fclme m\u00fcdahale r\u00f6morklar\u0131, uygulaman\u0131za, konumunuza ve ortam\u0131n\u0131za uyacak \u015fekilde \u00f6zelle\u015ftirilmi\u015ftir.<\/p>\n<p><strong>D\u00f6k\u00fcnt\u00fcye M\u00fcdahale Treyleri a\u015fa\u011f\u0131dakilerle donat\u0131labilir:<\/strong><\/p>\n<ul>\n<li>Kimyasal transfer ve pompalama ekipmanlar\u0131<\/li>\n<li>Emici<\/li>\n<li>Ya\u011f S\u0131y\u0131r\u0131c\u0131<\/li>\n<li>Kimyasal M\u00fcdahale<\/li>\n<li>Hortum<\/li>\n<li>Pompa<\/li>\n<li>D\u00f6k\u00fclme Depolama Tank\u0131<\/li>\n<li>Hava izleme ekipman\u0131<\/li>\n<li>Dekontaminasyon ekipman\u0131<\/li>\n<li>At\u0131k yakalama i\u00e7in konteynerler<\/li>\n<li>S\u0131zd\u0131ran kaplar\u0131 t\u0131kamak, yamalamak ve kapatmak i\u00e7in malzemeler<\/li>\n<li>D\u00f6k\u00fcnt\u00fclerin n\u00f6tralizasyonu veya emilmesi i\u00e7in malzemeler<\/li>\n<li>Muhafaza Bariyer, \u00e7apa, bariyer aksesuarlar\u0131<\/li>\n<li>Ki\u015fisel Koruyucu Donan\u0131m (PPE)<\/li>\n<li>\u0130lk yard\u0131m kiti<\/li>\n<li>G\u00fc\u00e7 paketi<\/li>\n<li>Seyreltici Sistemi<\/li>\n<li>Vakum sistemi<\/li>\n<li>Yakma f\u0131r\u0131n\u0131<\/li>\n<li>Ayd\u0131nlatma<\/li>\n<\/ul>\n","protected":false},"excerpt":{"rendered":"<p>D\u00f6k\u00fcnt\u00fcye M\u00fcdahale R\u00f6morku, saha etraf\u0131ndaki d\u00f6k\u00fclmelerin ve s\u0131z\u0131nt\u0131lar\u0131n h\u0131zl\u0131 bir \u015fekilde kontrol alt\u0131na al\u0131nmas\u0131 i\u00e7in tasar\u0131mlar. D\u00f6k\u00fcnt\u00fcye M\u00fcdahale R\u00f6morku, d\u00f6k\u00fcnt\u00fc [&hellip;]<\/p>\n","protected":false},"author":1,"featured_media":0,"parent":27338,"menu_order":0,"comment_status":"closed","ping_status":"closed","template":"","meta":{"site-sidebar-layout":"default","site-content-layout":"","ast-site-content-layout":"default","site-content-style":"default","site-sidebar-style":"default","ast-global-header-display":"","ast-banner-title-visibility":"","ast-main-header-display":"","ast-hfb-above-header-display":"","ast-hfb-below-header-display":"","ast-hfb-mobile-header-display":"","site-post-title":"","ast-breadcrumbs-content":"","ast-featured-img":"","footer-sml-layout":"","ast-disable-related-posts":"","theme-transparent-header-meta":"","adv-header-id-meta":"","stick-header-meta":"","header-above-stick-meta":"","header-main-stick-meta":"","header-below-stick-meta":"","astra-migrate-meta-layouts":"default","ast-page-background-enabled":"default","ast-page-background-meta":{"desktop":{"background-color":"var(--ast-global-color-5)","background-image":"","background-repeat":"repeat","background-position":"center center","background-size":"auto","background-attachment":"scroll","background-type":"","background-media":"","overlay-type":"","overlay-color":"","overlay-opacity":"","overlay-gradient":""},"tablet":{"background-color":"","background-image":"","background-repeat":"repeat","background-position":"center center","background-size":"auto","background-attachment":"scroll","background-type":"","background-media":"","overlay-type":"","overlay-color":"","overlay-opacity":"","overlay-gradient":""},"mobile":{"background-color":"","background-image":"","background-repeat":"repeat","background-position":"center center","background-size":"auto","background-attachment":"scroll","background-type":"","background-media":"","overlay-type":"","overlay-color":"","overlay-opacity":"","overlay-gradient":""}},"ast-content-background-meta":{"desktop":{"background-color":"var(--ast-global-color-4)","background-image":"","background-repeat":"repeat","background-position":"center center","background-size":"auto","background-attachment":"scroll","background-type":"","background-media":"","overlay-type":"","overlay-color":"","overlay-opacity":"","overlay-gradient":""},"tablet":{"background-color":"var(--ast-global-color-4)","background-image":"","background-repeat":"repeat","background-position":"center center","background-size":"auto","background-attachment":"scroll","background-type":"","background-media":"","overlay-type":"","overlay-color":"","overlay-opacity":"","overlay-gradient":""},"mobile":{"background-color":"var(--ast-global-color-4)","background-image":"","background-repeat":"repeat","background-position":"center center","background-size":"auto","background-attachment":"scroll","background-type":"","background-media":"","overlay-type":"","overlay-color":"","overlay-opacity":"","overlay-gradient":""}},"footnotes":""},"class_list":["post-27340","page","type-page","status-publish","hentry"],"_links":{"self":[{"href":"https:\/\/mavideniz.com.tr\/tr\/wp-json\/wp\/v2\/pages\/27340","targetHints":{"allow":["GET"]}}],"collection":[{"href":"https:\/\/mavideniz.com.tr\/tr\/wp-json\/wp\/v2\/pages"}],"about":[{"href":"https:\/\/mavideniz.com.tr\/tr\/wp-json\/wp\/v2\/types\/page"}],"author":[{"embeddable":true,"href":"https:\/\/mavideniz.com.tr\/tr\/wp-json\/wp\/v2\/users\/1"}],"replies":[{"embeddable":true,"href":"https:\/\/mavideniz.com.tr\/tr\/wp-json\/wp\/v2\/comments?post=27340"}],"version-history":[{"count":0,"href":"https:\/\/mavideniz.com.tr\/tr\/wp-json\/wp\/v2\/pages\/27340\/revisions"}],"up":[{"embeddable":true,"href":"https:\/\/mavideniz.com.tr\/tr\/wp-json\/wp\/v2\/pages\/27338"}],"wp:attachment":[{"href":"https:\/\/mavideniz.com.tr\/tr\/wp-json\/wp\/v2\/media?parent=27340"}],"curies":[{"name":"wp","href":"https:\/\/api.w.org\/{rel}","templated":true}]}}