{"id":27349,"date":"2021-10-08T17:08:43","date_gmt":"2021-10-08T17:08:43","guid":{"rendered":"https:\/\/mavideniz.com.tr\/?page_id=27349"},"modified":"2023-04-02T17:49:59","modified_gmt":"2023-04-02T17:49:59","slug":"acil-depolama-tanki","status":"publish","type":"page","link":"https:\/\/mavideniz.com.tr\/tr\/urunler\/gecici-sivi-depolama-tanklari\/acil-depolama-tanki\/","title":{"rendered":"Acil Depolama Tank\u0131"},"content":{"rendered":"<p><br \/>\nMavi Deniz&#8217;in Kirlilik Temizleme ve Yerinde Ar\u0131tma, At\u0131k Muhafaza, Su Deposu ve Ar\u0131tma, Ya\u011fl\u0131 At\u0131klar\u0131n Demulsifikasyonu, Yang\u0131n provizyonu, Laboratuvar demosu \/ Kar\u0131\u015ft\u0131rma tank\u0131, Y\u00fczer Ekipman i\u00e7in Test Tank\u0131, Petrol Su Ayr\u0131\u015ft\u0131rma operasyonlar\u0131 i\u00e7in geri kazan\u0131lan s\u0131v\u0131lar i\u00e7in tasarlanm\u0131\u015f Acil Durum Deposu , Ekipman Y\u0131kanmas\u0131, Ge\u00e7ici S\u0131v\u0131 Depolama.<\/p>\n<p>Acil Petrol Depolama Tank\u0131 \u00c7e\u015fitli ebatlarda mevcut olan depolama tanklar\u0131 hafiftir, ta\u015f\u0131nabilirdir ve alet gerektirmeden h\u0131zl\u0131 bir \u015fekilde monte edilir. Acil ya\u011f depolama tanklar\u0131, ya\u011flar, kimyasallar ve at\u0131k su dahil bir\u00e7ok s\u0131v\u0131n\u0131n ge\u00e7ici olarak depolanmas\u0131 i\u00e7in uygundur.<\/p>\n<p>Mavi Deniz&#8217;in tank\u0131, petrol s\u0131z\u0131nt\u0131s\u0131 at\u0131klar\u0131n\u0131, tehlikeli maddeleri veya a\u015f\u0131nd\u0131r\u0131c\u0131 s\u0131v\u0131lar, asit, ya\u011f ve su gibi s\u0131v\u0131lar\u0131 depolayan ge\u00e7ici bir depolama tank\u0131d\u0131r. Acil Depolama Tank\u0131 hafiftir, sahaya kolayca ta\u015f\u0131nabilir ve alet gerektirmeden h\u0131zl\u0131 bir \u015fekilde monte edilebilir. 1.500 litreden 20.000 litreye kadar de\u011fi\u015fen hacimler i\u00e7in 8 boyutta mevcuttur.<\/p>\n<p><strong>\u00d6zellikleri<\/strong><\/p>\n<ul>\n<li>Al\u00fcminyum boru \u00e7er\u00e7eve konstr\u00fcksiyonu<\/li>\n<li>P\u00fcr\u00fczs\u00fcz profil, kolay temizlik sa\u011flar.<\/li>\n<li>Y\u00fcksek mukavemetli PVC kuma\u015f standard\u0131, di\u011ferleri mevcut<\/li>\n<li>Bir ki\u015fi ile Acil Durum Depolama Tank\u0131 kurulabilir. Hi\u00e7bir alet gerekli de\u011fildir.<\/li>\n<li>Kaplamalar, zemin \u00f6rt\u00fcs\u00fc, \u00e7at\u0131 kaplamalar\u0131, havaland\u0131rmalar, tahliye tertibatlar\u0131, tamir tak\u0131mlar\u0131, yedek par\u00e7alar ve kolay ta\u015f\u0131ma i\u00e7in ta\u015f\u0131ma \u00e7antas\u0131 dahil iste\u011fe ba\u011fl\u0131 aksesuarlar<\/li>\n<\/ul>\n<div class=\"wptm_table tablesorter-bootstrap \" data-id=\"99\" data-hightlight=\"0\"><div class=\"wptm_buttons buttons_wptmTbl99\"><\/div><div class=\"wptmresponsive dataTables-wptmtable wptmtable \" id=\"wptmtable99\" data-tableid=\"wptmTbl99\"><table data-count-header=\"1\"  data-format-decimal_count=\"0\" data-format-decimal_symbol=\".\" data-format-symbol_position=\"0\" data-format-thousand_symbol=\",\"  data-format-currency_symbol=\"$\"  data-name-style=\"99_1759675085.css\" data-format=\"YYYY-MM-DD\" id=\"wptmTbl99\" data-id=\"99\" data-responsive=\"false\" data-hideCols=\"false\"  data-type=\"html\" data-paging=\"false\" data-searching=\"true\"  data-ordering=\"false\" data-table-breakpoint=\"980\" data-scroll-x=\"true\" data-scroll-collapse=\"true\" data-align=\"center\" data-range=\"[]\" data-hideColumn=\"[0,0,0,0]\"  data-colwidths=\"[285,285,285,285]\"  data-colwidths_desktop=[]  data-colwidths_tablet=[]  data-colwidths_mobile=[]  class=\"wptm_main_table  disablePager hideScrollHeader\"><colgroup><col data-dtr=\"0\" data-dtc=\"0\" class=\"dtc0\"><col data-dtr=\"0\" data-dtc=\"1\" class=\"dtc1\"><col data-dtr=\"0\" data-dtc=\"2\" class=\"dtc2\"><col data-dtr=\"0\" data-dtc=\"3\" class=\"dtc3\"><\/colgroup><thead><tr class=\"wptm-header-cells-index\"><th rowspan=\"1\" colspan=\"1\" data-dtr=\"0\" data-dtc=\"0\" class=\"dtr0 dtc0\"><\/th><th rowspan=\"1\" colspan=\"1\" data-dtr=\"0\" data-dtc=\"1\" class=\"dtr0 dtc1\"><\/th><th rowspan=\"1\" colspan=\"1\" data-dtr=\"0\" data-dtc=\"2\" class=\"dtr0 dtc2\"><\/th><th rowspan=\"1\" colspan=\"1\" data-dtr=\"0\" data-dtc=\"3\" class=\"dtr0 dtc3\"><\/th><\/tr><tr class=\" row0\"><th   data-priority=\"0\" class=\"dtr0 dtc0\"><\/th><th   data-priority=\"0\" class=\"dtr0 dtc1\">     Capacity<\/th><th   data-priority=\"0\" class=\"dtr0 dtc2\">     Length<\/th><th   data-priority=\"0\" class=\"dtr0 dtc3\">     Width<\/th><\/thead><tbody><tr class=\" row1\"><td    class=\"dtr1 dtc0\">Mavi Tank 1.5<\/td><td    class=\"dtr1 dtc1\">    1.5 m3<\/td><td    class=\"dtr1 dtc2\">    4 m<\/td><td    class=\"dtr1 dtc3\">1 m<\/td><\/tr><tr class=\" row2\"><td    class=\"dtr2 dtc0\">Mavi Tank 3.5<\/td><td    class=\"dtr2 dtc1\">    3.5 m3<\/td><td    class=\"dtr2 dtc2\">    5 m<\/td><td    class=\"dtr2 dtc3\">1 m<\/td><\/tr><tr class=\" row3\"><td    class=\"dtr3 dtc0\">Mavi Tank 5<\/td><td    class=\"dtr3 dtc1\">    5 m3<\/td><td    class=\"dtr3 dtc2\">    9 m<\/td><td    class=\"dtr3 dtc3\">1 m<\/td><\/tr><tr class=\" row4\"><td    class=\"dtr4 dtc0\">Mavi Tank 7.5<\/td><td    class=\"dtr4 dtc1\">    7.5 m3<\/td><td    class=\"dtr4 dtc2\">    12 m<\/td><td    class=\"dtr4 dtc3\">1 m<\/td><\/tr><tr class=\" row5\"><td    class=\"dtr5 dtc0\">Mavi Tank 10<\/td><td    class=\"dtr5 dtc1\">    10 m3<\/td><td    class=\"dtr5 dtc2\">    14 m<\/td><td    class=\"dtr5 dtc3\">1.1 m<\/td><\/tr><tr class=\" row6\"><td    class=\"dtr6 dtc0\">Mavi Tank 12<\/td><td    class=\"dtr6 dtc1\">    12 m3<\/td><td    class=\"dtr6 dtc2\">    15 m<\/td><td    class=\"dtr6 dtc3\">1.1 m<\/td><\/tr><tr class=\" row7\"><td    class=\"dtr7 dtc0\">Mavi Tank 25<\/td><td    class=\"dtr7 dtc1\">    15 m3<\/td><td    class=\"dtr7 dtc2\">    16 m<\/td><td    class=\"dtr7 dtc3\">1.4 m<\/td><\/tr><tr class=\" row8\"><td    class=\"dtr8 dtc0\">Mavi Tank 50<\/td><td    class=\"dtr8 dtc1\">    20 m3<\/td><td    class=\"dtr8 dtc2\">    20 m<\/td><td    class=\"dtr8 dtc3\">1.8 m<\/td><\/tr><tr class=\" row9\"><td    class=\"dtr9 dtc0\">Mavi Tank 100<\/td><td    class=\"dtr9 dtc1\">    50 m3<\/td><td    class=\"dtr9 dtc2\">    20 m<\/td><td    class=\"dtr9 dtc3\">2.8 m<\/td><\/tr><tr class=\" row10\"><td    class=\"dtr10 dtc0\">Mavi Tank 250<\/td><td    class=\"dtr10 dtc1\">    100 m3<\/td><td    class=\"dtr10 dtc2\">    44 m<\/td><td    class=\"dtr10 dtc3\">2.8 m<\/td><\/tr><\/tbody><tfoot><tr><td class=\"dtr10 dtc0\" style=\"height: 0;\"><\/td><td class=\"dtr10 dtc1\" style=\"height: 0;\"><\/td><td class=\"dtr10 dtc2\" style=\"height: 0;\"><\/td><td class=\"dtr10 dtc3\" style=\"height: 0;\"><\/td><\/tr><\/tfoot><\/table><\/div><style>#wptmtable99 .dataTables_wrapper > .dataTables_scroll {max-height:500px;overflow: auto;}<\/style><script>window.wptm_ajaxurl = 'https:\/\/mavideniz.com.tr\/wp-admin\/admin-ajax.php?juwpfisadmin=false&action=Wptm&'; window.wptm_front = 'https:\/\/mavideniz.com.tr\/wp-content\/plugins\/wp-table-manager\/app\/site\/assets\/'; window.wptm_style = 'https:\/\/mavideniz.com.tr\/wp-content\/uploads\/wptm\/';<\/script><\/div><style><\/style>\n","protected":false},"excerpt":{"rendered":"<p>Mavi Deniz&#8217;in Kirlilik Temizleme ve Yerinde Ar\u0131tma, At\u0131k Muhafaza, Su Deposu ve Ar\u0131tma, Ya\u011fl\u0131 At\u0131klar\u0131n Demulsifikasyonu, Yang\u0131n provizyonu, Laboratuvar demosu [&hellip;]<\/p>\n","protected":false},"author":1,"featured_media":0,"parent":27346,"menu_order":0,"comment_status":"closed","ping_status":"closed","template":"","meta":{"site-sidebar-layout":"default","site-content-layout":"","ast-site-content-layout":"default","site-content-style":"default","site-sidebar-style":"default","ast-global-header-display":"","ast-banner-title-visibility":"","ast-main-header-display":"","ast-hfb-above-header-display":"","ast-hfb-below-header-display":"","ast-hfb-mobile-header-display":"","site-post-title":"","ast-breadcrumbs-content":"","ast-featured-img":"","footer-sml-layout":"","ast-disable-related-posts":"","theme-transparent-header-meta":"","adv-header-id-meta":"","stick-header-meta":"","header-above-stick-meta":"","header-main-stick-meta":"","header-below-stick-meta":"","astra-migrate-meta-layouts":"default","ast-page-background-enabled":"default","ast-page-background-meta":{"desktop":{"background-color":"var(--ast-global-color-5)","background-image":"","background-repeat":"repeat","background-position":"center center","background-size":"auto","background-attachment":"scroll","background-type":"","background-media":"","overlay-type":"","overlay-color":"","overlay-opacity":"","overlay-gradient":""},"tablet":{"background-color":"","background-image":"","background-repeat":"repeat","background-position":"center center","background-size":"auto","background-attachment":"scroll","background-type":"","background-media":"","overlay-type":"","overlay-color":"","overlay-opacity":"","overlay-gradient":""},"mobile":{"background-color":"","background-image":"","background-repeat":"repeat","background-position":"center center","background-size":"auto","background-attachment":"scroll","background-type":"","background-media":"","overlay-type":"","overlay-color":"","overlay-opacity":"","overlay-gradient":""}},"ast-content-background-meta":{"desktop":{"background-color":"var(--ast-global-color-4)","background-image":"","background-repeat":"repeat","background-position":"center center","background-size":"auto","background-attachment":"scroll","background-type":"","background-media":"","overlay-type":"","overlay-color":"","overlay-opacity":"","overlay-gradient":""},"tablet":{"background-color":"var(--ast-global-color-4)","background-image":"","background-repeat":"repeat","background-position":"center center","background-size":"auto","background-attachment":"scroll","background-type":"","background-media":"","overlay-type":"","overlay-color":"","overlay-opacity":"","overlay-gradient":""},"mobile":{"background-color":"var(--ast-global-color-4)","background-image":"","background-repeat":"repeat","background-position":"center center","background-size":"auto","background-attachment":"scroll","background-type":"","background-media":"","overlay-type":"","overlay-color":"","overlay-opacity":"","overlay-gradient":""}},"footnotes":""},"class_list":["post-27349","page","type-page","status-publish","hentry"],"_links":{"self":[{"href":"https:\/\/mavideniz.com.tr\/tr\/wp-json\/wp\/v2\/pages\/27349","targetHints":{"allow":["GET"]}}],"collection":[{"href":"https:\/\/mavideniz.com.tr\/tr\/wp-json\/wp\/v2\/pages"}],"about":[{"href":"https:\/\/mavideniz.com.tr\/tr\/wp-json\/wp\/v2\/types\/page"}],"author":[{"embeddable":true,"href":"https:\/\/mavideniz.com.tr\/tr\/wp-json\/wp\/v2\/users\/1"}],"replies":[{"embeddable":true,"href":"https:\/\/mavideniz.com.tr\/tr\/wp-json\/wp\/v2\/comments?post=27349"}],"version-history":[{"count":0,"href":"https:\/\/mavideniz.com.tr\/tr\/wp-json\/wp\/v2\/pages\/27349\/revisions"}],"up":[{"embeddable":true,"href":"https:\/\/mavideniz.com.tr\/tr\/wp-json\/wp\/v2\/pages\/27346"}],"wp:attachment":[{"href":"https:\/\/mavideniz.com.tr\/tr\/wp-json\/wp\/v2\/media?parent=27349"}],"curies":[{"name":"wp","href":"https:\/\/api.w.org\/{rel}","templated":true}]}}