{"id":27357,"date":"2021-10-08T17:12:03","date_gmt":"2021-10-08T17:12:03","guid":{"rendered":"https:\/\/mavideniz.com.tr\/?page_id=27357"},"modified":"2023-04-02T17:57:00","modified_gmt":"2023-04-02T17:57:00","slug":"yuzer-depolama-tanki","status":"publish","type":"page","link":"https:\/\/mavideniz.com.tr\/tr\/urunler\/gecici-sivi-depolama-tanklari\/yuzer-depolama-tanki\/","title":{"rendered":"Y\u00fczer Depolama Tank\u0131"},"content":{"rendered":"<p><br \/>\nPetrol S\u0131z\u0131nt\u0131s\u0131 Geri Kazan\u0131m\u0131, Boru Hatt\u0131 ve A\u00e7\u0131k Deniz Rig Hizmeti, D\u00f6kme S\u0131v\u0131 Transferi, Portatif Su Depolama ve Ta\u015f\u0131ma, Sintine, Kanalizasyon ve At\u0131k Su Ta\u015f\u0131mac\u0131l\u0131\u011f\u0131 operasyonlar\u0131 i\u00e7in geri kazan\u0131lan s\u0131v\u0131lar\u0131n ge\u00e7ici olarak depolanmas\u0131 ve ta\u015f\u0131nmas\u0131 i\u00e7in tasarlanm\u0131\u015f Mavi Deniz Y\u00fczer Depolama Tank\u0131<\/p>\n<p>S\u0131v\u0131lar\u0131n ge\u00e7ici depolanmas\u0131 i\u00e7in kullan\u0131n. Ekipman, personel ve hayvanlar\u0131n dekontaminasyonu i\u00e7in uygundur.<\/p>\n<p>Y\u00fczer bir Depolama Tank\u0131, s\u0131y\u0131rma i\u015flemleri, petrol s\u0131z\u0131nt\u0131s\u0131 temizleme i\u015flemleri s\u0131ras\u0131nda suyu bo\u015faltmak i\u00e7in idealdir.<\/p>\n<p>Mavi Deniz \u00c7ekilebilir Y\u00fczer Depolama Tank\u0131, bir petrol s\u0131y\u0131r\u0131c\u0131s\u0131n\u0131n ge\u00e7ici olarak kurtard\u0131\u011f\u0131 hafif petrol yak\u0131tlar\u0131n\u0131 depolamak i\u00e7in bir liman veya liman kullan\u0131r. Petrol S\u0131y\u0131rma i\u015flemleri s\u0131ras\u0131nda geri kazan\u0131lan petrol, \u00e7ekilebilir y\u00fczer petrol depolama tank\u0131na pompalanabilir ve bu tank daha sonra bo\u015falt\u0131lmas\u0131 uygun olana kadar demirlenebilir veya hemen bir petrol bertaraf sahas\u0131na \u00e7ekilebilir.<\/p>\n<p>Y\u00fczer Depolama Tank\u0131 Ge\u00e7ici kuru arazi depolamas\u0131 i\u00e7in karada veya su \u00fczerinde kullan\u0131labilir.<\/p>\n<p>Depolama tank\u0131 teknelerle bo\u015f veya dolu olarak \u00e7ekilebilir. \u00c7e\u015fitli ebat ve kapasitelerde mevcuttur.<\/p>\n<p><strong>\u00d6zellikleri<\/strong><\/p>\n<ul>\n<li>Y\u00fcksek mukavemetli kaplamal\u0131 kuma\u015flardan RF Kaynakl\u0131<\/li>\n<li>1 m3&#8217;ten 250 m3&#8217;e kadar boyutlarda mevcuttur<\/li>\n<li>Bo\u015f veya y\u00fckl\u00fc gemiler taraf\u0131ndan \u00e7ekilen<\/li>\n<li>Kolay saklama i\u00e7in tamamen katlanabilir<\/li>\n<li>Ah\u015fap veya al\u00fcminyum saklama kaplar\u0131 mevcuttur<\/li>\n<li>Depolama konteyneri, hortumlar, hava pompalar\u0131, geri kazan\u0131m ve bo\u015faltma pompalar\u0131 dahil iste\u011fe ba\u011fl\u0131 aksesuarlar<\/li>\n<\/ul>\n<div class=\"wptm_table tablesorter-bootstrap \" data-id=\"100\" data-hightlight=\"0\"><div class=\"wptm_buttons buttons_wptmTbl100\"><\/div><div class=\"wptmresponsive dataTables-wptmtable wptmtable \" id=\"wptmtable100\" data-tableid=\"wptmTbl100\"><table data-count-header=\"1\"  data-format-decimal_count=\"0\" data-format-decimal_symbol=\".\" data-format-symbol_position=\"0\" data-format-thousand_symbol=\",\"  data-format-currency_symbol=\"$\"  data-name-style=\"100_1759675160.css\" data-format=\"YYYY-MM-DD\" id=\"wptmTbl100\" data-id=\"100\" data-responsive=\"false\" data-hideCols=\"false\"  data-type=\"html\" data-paging=\"false\" data-searching=\"true\"  data-ordering=\"false\" data-table-breakpoint=\"980\" data-scroll-x=\"true\" data-scroll-collapse=\"true\" data-align=\"center\" data-range=\"[]\" data-hideColumn=\"[0,0,0,0,0]\"  data-colwidths=\"[228,228,228,228,228]\"  data-colwidths_desktop=[]  data-colwidths_tablet=[]  data-colwidths_mobile=[]  class=\"wptm_main_table  disablePager hideScrollHeader\"><colgroup><col data-dtr=\"0\" data-dtc=\"0\" class=\"dtc0\"><col data-dtr=\"0\" data-dtc=\"1\" class=\"dtc1\"><col data-dtr=\"0\" data-dtc=\"2\" class=\"dtc2\"><col data-dtr=\"0\" data-dtc=\"3\" class=\"dtc3\"><col data-dtr=\"0\" data-dtc=\"4\" class=\"dtc4\"><\/colgroup><thead><tr class=\"wptm-header-cells-index\"><th rowspan=\"1\" colspan=\"1\" data-dtr=\"0\" data-dtc=\"0\" class=\"dtr0 dtc0\"><\/th><th rowspan=\"1\" colspan=\"1\" data-dtr=\"0\" data-dtc=\"1\" class=\"dtr0 dtc1\"><\/th><th rowspan=\"1\" colspan=\"1\" data-dtr=\"0\" data-dtc=\"2\" class=\"dtr0 dtc2\"><\/th><th rowspan=\"1\" colspan=\"1\" data-dtr=\"0\" data-dtc=\"3\" class=\"dtr0 dtc3\"><\/th><th rowspan=\"1\" colspan=\"1\" data-dtr=\"0\" data-dtc=\"4\" class=\"dtr0 dtc4\"><\/th><\/tr><tr class=\" row0\"><th   data-priority=\"0\" class=\"dtr0 dtc0\"><\/th><th   data-priority=\"0\" class=\"dtr0 dtc1\">     Capacity<\/th><th   data-priority=\"0\" class=\"dtr0 dtc2\">     Width<\/th><th   data-priority=\"0\" class=\"dtr0 dtc3\">     Length<\/th><th   data-priority=\"0\" class=\"dtr0 dtc4\">     Weight<\/th><\/thead><tbody><tr class=\" row1\"><td    class=\"dtr1 dtc0\"> E-Tank 1.5<\/td><td    class=\"dtr1 dtc1\">    1.500 lt<\/td><td    class=\"dtr1 dtc2\">    1.8 m<\/td><td    class=\"dtr1 dtc3\">    1.8 m<\/td><td    class=\"dtr1 dtc4\">    43 kg<\/td><\/tr><tr class=\" row2\"><td    class=\"dtr2 dtc0\">E-Tank 3.5<\/td><td    class=\"dtr2 dtc1\">    3.500 lt<\/td><td    class=\"dtr2 dtc2\">    2.4 m<\/td><td    class=\"dtr2 dtc3\">    2.4 m<\/td><td    class=\"dtr2 dtc4\">    52 kg<\/td><\/tr><tr class=\" row3\"><td    class=\"dtr3 dtc0\">E-Tank 5<\/td><td    class=\"dtr3 dtc1\">    5.000 lt<\/td><td    class=\"dtr3 dtc2\">    3 m<\/td><td    class=\"dtr3 dtc3\">    3 m<\/td><td    class=\"dtr3 dtc4\">    66 kg<\/td><\/tr><tr class=\" row4\"><td    class=\"dtr4 dtc0\">E-Tank 7.5<\/td><td    class=\"dtr4 dtc1\">    7.500 lt<\/td><td    class=\"dtr4 dtc2\">    3.4 m<\/td><td    class=\"dtr4 dtc3\">    3.4 m<\/td><td    class=\"dtr4 dtc4\">    80 kg<\/td><\/tr><tr class=\" row5\"><td    class=\"dtr5 dtc0\">E-Tank 10<\/td><td    class=\"dtr5 dtc1\">    10.000 lt<\/td><td    class=\"dtr5 dtc2\">    4 m<\/td><td    class=\"dtr5 dtc3\">    4 m<\/td><td    class=\"dtr5 dtc4\">    84 kg<\/td><\/tr><tr class=\" row6\"><td    class=\"dtr6 dtc0\">E-Tank 12<\/td><td    class=\"dtr6 dtc1\">    12.000 lt<\/td><td    class=\"dtr6 dtc2\">    4.3 m<\/td><td    class=\"dtr6 dtc3\">    4.3 m<\/td><td    class=\"dtr6 dtc4\">    91 kg<\/td><\/tr><tr class=\" row7\"><td    class=\"dtr7 dtc0\">E-Tank 15<\/td><td    class=\"dtr7 dtc1\">    15.000 lt<\/td><td    class=\"dtr7 dtc2\">    4.6 m<\/td><td    class=\"dtr7 dtc3\">    4.6 m<\/td><td    class=\"dtr7 dtc4\">    114 kg<\/td><\/tr><tr class=\" row8\"><td    class=\"dtr8 dtc0\">E-Tank 20<\/td><td    class=\"dtr8 dtc1\">    20.000 lt<\/td><td    class=\"dtr8 dtc2\">    5.2 m<\/td><td    class=\"dtr8 dtc3\">    5.2 m<\/td><td    class=\"dtr8 dtc4\">    136 kg<\/td><\/tr><\/tbody><tfoot><tr><td class=\"dtr8 dtc0\" style=\"height: 0;\"><\/td><td class=\"dtr8 dtc1\" style=\"height: 0;\"><\/td><td class=\"dtr8 dtc2\" style=\"height: 0;\"><\/td><td class=\"dtr8 dtc3\" style=\"height: 0;\"><\/td><td class=\"dtr8 dtc4\" style=\"height: 0;\"><\/td><\/tr><\/tfoot><\/table><\/div><style>#wptmtable100 .dataTables_wrapper > .dataTables_scroll {max-height:500px;overflow: auto;}<\/style><script>window.wptm_ajaxurl = 'https:\/\/mavideniz.com.tr\/wp-admin\/admin-ajax.php?juwpfisadmin=false&action=Wptm&'; window.wptm_front = 'https:\/\/mavideniz.com.tr\/wp-content\/plugins\/wp-table-manager\/app\/site\/assets\/'; window.wptm_style = 'https:\/\/mavideniz.com.tr\/wp-content\/uploads\/wptm\/';<\/script><\/div><style><\/style>\n","protected":false},"excerpt":{"rendered":"<p>Petrol S\u0131z\u0131nt\u0131s\u0131 Geri Kazan\u0131m\u0131, Boru Hatt\u0131 ve A\u00e7\u0131k Deniz Rig Hizmeti, D\u00f6kme S\u0131v\u0131 Transferi, Portatif Su Depolama ve Ta\u015f\u0131ma, Sintine, [&hellip;]<\/p>\n","protected":false},"author":1,"featured_media":0,"parent":27346,"menu_order":0,"comment_status":"closed","ping_status":"closed","template":"","meta":{"site-sidebar-layout":"default","site-content-layout":"","ast-site-content-layout":"default","site-content-style":"default","site-sidebar-style":"default","ast-global-header-display":"","ast-banner-title-visibility":"","ast-main-header-display":"","ast-hfb-above-header-display":"","ast-hfb-below-header-display":"","ast-hfb-mobile-header-display":"","site-post-title":"","ast-breadcrumbs-content":"","ast-featured-img":"","footer-sml-layout":"","ast-disable-related-posts":"","theme-transparent-header-meta":"","adv-header-id-meta":"","stick-header-meta":"","header-above-stick-meta":"","header-main-stick-meta":"","header-below-stick-meta":"","astra-migrate-meta-layouts":"default","ast-page-background-enabled":"default","ast-page-background-meta":{"desktop":{"background-color":"var(--ast-global-color-5)","background-image":"","background-repeat":"repeat","background-position":"center center","background-size":"auto","background-attachment":"scroll","background-type":"","background-media":"","overlay-type":"","overlay-color":"","overlay-opacity":"","overlay-gradient":""},"tablet":{"background-color":"","background-image":"","background-repeat":"repeat","background-position":"center center","background-size":"auto","background-attachment":"scroll","background-type":"","background-media":"","overlay-type":"","overlay-color":"","overlay-opacity":"","overlay-gradient":""},"mobile":{"background-color":"","background-image":"","background-repeat":"repeat","background-position":"center center","background-size":"auto","background-attachment":"scroll","background-type":"","background-media":"","overlay-type":"","overlay-color":"","overlay-opacity":"","overlay-gradient":""}},"ast-content-background-meta":{"desktop":{"background-color":"var(--ast-global-color-4)","background-image":"","background-repeat":"repeat","background-position":"center center","background-size":"auto","background-attachment":"scroll","background-type":"","background-media":"","overlay-type":"","overlay-color":"","overlay-opacity":"","overlay-gradient":""},"tablet":{"background-color":"var(--ast-global-color-4)","background-image":"","background-repeat":"repeat","background-position":"center center","background-size":"auto","background-attachment":"scroll","background-type":"","background-media":"","overlay-type":"","overlay-color":"","overlay-opacity":"","overlay-gradient":""},"mobile":{"background-color":"var(--ast-global-color-4)","background-image":"","background-repeat":"repeat","background-position":"center center","background-size":"auto","background-attachment":"scroll","background-type":"","background-media":"","overlay-type":"","overlay-color":"","overlay-opacity":"","overlay-gradient":""}},"footnotes":""},"class_list":["post-27357","page","type-page","status-publish","hentry"],"_links":{"self":[{"href":"https:\/\/mavideniz.com.tr\/tr\/wp-json\/wp\/v2\/pages\/27357","targetHints":{"allow":["GET"]}}],"collection":[{"href":"https:\/\/mavideniz.com.tr\/tr\/wp-json\/wp\/v2\/pages"}],"about":[{"href":"https:\/\/mavideniz.com.tr\/tr\/wp-json\/wp\/v2\/types\/page"}],"author":[{"embeddable":true,"href":"https:\/\/mavideniz.com.tr\/tr\/wp-json\/wp\/v2\/users\/1"}],"replies":[{"embeddable":true,"href":"https:\/\/mavideniz.com.tr\/tr\/wp-json\/wp\/v2\/comments?post=27357"}],"version-history":[{"count":0,"href":"https:\/\/mavideniz.com.tr\/tr\/wp-json\/wp\/v2\/pages\/27357\/revisions"}],"up":[{"embeddable":true,"href":"https:\/\/mavideniz.com.tr\/tr\/wp-json\/wp\/v2\/pages\/27346"}],"wp:attachment":[{"href":"https:\/\/mavideniz.com.tr\/tr\/wp-json\/wp\/v2\/media?parent=27357"}],"curies":[{"name":"wp","href":"https:\/\/api.w.org\/{rel}","templated":true}]}}