{"id":27361,"date":"2021-10-08T17:16:51","date_gmt":"2021-10-08T17:16:51","guid":{"rendered":"https:\/\/mavideniz.com.tr\/?page_id=27361"},"modified":"2023-04-02T18:00:26","modified_gmt":"2023-04-02T18:00:26","slug":"sivi-depolama-yastik-tanki","status":"publish","type":"page","link":"https:\/\/mavideniz.com.tr\/tr\/urunler\/gecici-sivi-depolama-tanklari\/sivi-depolama-yastik-tanki\/","title":{"rendered":"S\u0131v\u0131 Depolama Yast\u0131k Tank\u0131"},"content":{"rendered":"<p><br \/>\nMavi Deniz Yast\u0131k Tank\u0131, ta\u015f\u0131nabilir s\u0131v\u0131 depolama ve i\u00e7ilemeyen s\u0131v\u0131 depolama i\u00e7in tasarlanm\u0131\u015ft\u0131r. Yast\u0131k Tank, Petrol S\u0131z\u0131nt\u0131s\u0131 Kurtarma Operasyonu, Uzaktan Depolama, Yang\u0131nla M\u00fccadele, Askeri Operasyonlar, \u0130yile\u015ftirme Projeleri, \u0130\u00e7me (i\u00e7me) Suyu Tank\u0131, Gri Su Tank\u0131, S\u0131v\u0131 Ta\u015f\u0131ma, Portatif Su Tank\u0131, Dizel Yak\u0131t, Jet Yak\u0131t\u0131, At\u0131k Su, Kanalizasyonda kullan\u0131labilir. Depolama, Meyve Suyu Da\u011f\u0131t\u0131m\u0131, Kimyasal Depolamada kullan\u0131labilir.<\/p>\n<p>Yast\u0131k tanklar\u0131 Y\u00fcksek Frekansl\u0131 kaynaklarla\u00fcretilir \u00c7e\u015fitli boyutlarda mevcut olan depolama tanklar\u0131 hafiftir, ta\u015f\u0131nabilirdir ve alet gerektirmeden h\u0131zl\u0131 bir \u015fekilde monte edilir.<\/p>\n<p>Katlanabilir bir yast\u0131k tank\u0131, uzun s\u00fcreli s\u0131v\u0131 depolaman\u0131n yan\u0131 s\u0131ra ge\u00e7ici s\u0131v\u0131 depolama sa\u011flar.<\/p>\n<p>Yast\u0131k tank\u0131m\u0131z portatiftir ve i\u00e7me suyu, meyve sular\u0131, at\u0131k su, kimyasallar, ya\u011flar ve daha fazlas\u0131 i\u00e7in kullan\u0131labilir.<\/p>\n<p>\u00c7ok y\u00f6nl\u00fc kullan\u0131m, kara tabanl\u0131 operasyonlar\u0131 ve gemi g\u00fcvertelerini i\u00e7erir. Standart tanklar, ultraviyole \u0131\u015f\u0131k, kimyasal ve a\u015f\u0131nma direnci sa\u011flayan dayan\u0131kl\u0131 kuma\u015ftan \u00fcretilir.<\/p>\n<p>Daha k\u00fc\u00e7\u00fck boyutlar kare \u015feklindedir, daha b\u00fcy\u00fck dikd\u00f6rtgen ise Ta\u015f\u0131nabilir yast\u0131k tank\u0131, kamyonlar, r\u00f6morklar, tekneler ve u\u00e7aklar dahil olmak \u00fczere \u00e7e\u015fitli kargo uygulamalar\u0131nda kullan\u0131lmak \u00fczere kay\u0131\u015flarla tasarlanm\u0131\u015ft\u0131r.<\/p>\n<p>Standart boyutlar &#8211; 0,5&#8217;ten 3,780 m3&#8217;e kadar.<\/p>\n<p><strong>\u00d6zellikleri<\/strong><\/p>\n<ul>\n<li>Basit bak\u0131m, uzun hizmet \u00f6mr\u00fc<\/li>\n<li>\u00dcretan, kau\u00e7uk veya vinil kuma\u015flarda mevcuttur<\/li>\n<li>Kurulum i\u00e7in hi\u00e7bir alet gerekmez.<\/li>\n<li>B\u00fcy\u00fck kapasiteli s\u0131v\u0131 depolama<\/li>\n<li>UV direnci<\/li>\n<li>20 y\u0131la kadar dayan\u0131kl\u0131l\u0131k<\/li>\n<li>Tamir tak\u0131mlar\u0131, yedek par\u00e7alar ve kolay ta\u015f\u0131ma i\u00e7in ta\u015f\u0131ma \u00e7antas\u0131 dahil iste\u011fe ba\u011fl\u0131 aksesuarlar<br \/>\nKatlanabilir + Depolanabilir + Ta\u015f\u0131nabilir + Kolayca Yerle\u015ftirilebilir<\/li>\n<\/ul>\n<div class=\"wptm_table tablesorter-bootstrap \" data-id=\"101\" data-hightlight=\"0\"><div class=\"wptm_buttons buttons_wptmTbl101\"><\/div><div class=\"wptmresponsive dataTables-wptmtable wptmtable \" id=\"wptmtable101\" data-tableid=\"wptmTbl101\"><table data-count-header=\"1\"  data-format-decimal_count=\"0\" data-format-decimal_symbol=\".\" data-format-symbol_position=\"0\" data-format-thousand_symbol=\",\"  data-format-currency_symbol=\"$\"  data-name-style=\"101_1759675224.css\" data-format=\"YYYY-MM-DD\" id=\"wptmTbl101\" data-id=\"101\" data-responsive=\"false\" data-hideCols=\"false\"  data-type=\"html\" data-paging=\"false\" data-searching=\"true\"  data-ordering=\"false\" data-table-breakpoint=\"980\" data-scroll-x=\"true\" data-scroll-collapse=\"true\" data-align=\"center\" data-range=\"[]\" data-hideColumn=\"[0,0,0,0,0]\"  data-colwidths=\"[228,228,228,228,228]\"  data-colwidths_desktop=[]  data-colwidths_tablet=[]  data-colwidths_mobile=[]  class=\"wptm_main_table  disablePager hideScrollHeader\"><colgroup><col data-dtr=\"0\" data-dtc=\"0\" class=\"dtc0\"><col data-dtr=\"0\" data-dtc=\"1\" class=\"dtc1\"><col data-dtr=\"0\" data-dtc=\"2\" class=\"dtc2\"><col data-dtr=\"0\" data-dtc=\"3\" class=\"dtc3\"><col data-dtr=\"0\" data-dtc=\"4\" class=\"dtc4\"><\/colgroup><thead><tr class=\"wptm-header-cells-index\"><th rowspan=\"1\" colspan=\"1\" data-dtr=\"0\" data-dtc=\"0\" class=\"dtr0 dtc0\"><\/th><th rowspan=\"1\" colspan=\"1\" data-dtr=\"0\" data-dtc=\"1\" class=\"dtr0 dtc1\"><\/th><th rowspan=\"1\" colspan=\"1\" data-dtr=\"0\" data-dtc=\"2\" class=\"dtr0 dtc2\"><\/th><th rowspan=\"1\" colspan=\"1\" data-dtr=\"0\" data-dtc=\"3\" class=\"dtr0 dtc3\"><\/th><th rowspan=\"1\" colspan=\"1\" data-dtr=\"0\" data-dtc=\"4\" class=\"dtr0 dtc4\"><\/th><\/tr><tr class=\" row0\"><th   data-priority=\"0\" class=\"dtr0 dtc0\"><\/th><th   data-priority=\"0\" class=\"dtr0 dtc1\">     Capacity<\/th><th   data-priority=\"0\" class=\"dtr0 dtc2\">     Length<\/th><th   data-priority=\"0\" class=\"dtr0 dtc3\">     Width<\/th><th   data-priority=\"0\" class=\"dtr0 dtc4\">     Weight<\/th><\/thead><tbody><tr class=\" row1\"><td    class=\"dtr1 dtc0\">P-Tank 1.5<\/td><td    class=\"dtr1 dtc1\">    1.5 m3<\/td><td    class=\"dtr1 dtc2\">    1.4 m<\/td><td    class=\"dtr1 dtc3\">    1.1 m<\/td><td    class=\"dtr1 dtc4\">    10 kg<\/td><\/tr><tr class=\" row2\"><td    class=\"dtr2 dtc0\">P-Tank 3.5<\/td><td    class=\"dtr2 dtc1\">    3.5 m3<\/td><td    class=\"dtr2 dtc2\">    2 m<\/td><td    class=\"dtr2 dtc3\">    1.4 m<\/td><td    class=\"dtr2 dtc4\">    17 kg<\/td><\/tr><tr class=\" row3\"><td    class=\"dtr3 dtc0\">P-Tank 5<\/td><td    class=\"dtr3 dtc1\">    5 m3<\/td><td    class=\"dtr3 dtc2\">    2.35 m<\/td><td    class=\"dtr3 dtc3\">    1.65 m<\/td><td    class=\"dtr3 dtc4\">    25 kg<\/td><\/tr><tr class=\" row4\"><td    class=\"dtr4 dtc0\">P-Tank 7.5<\/td><td    class=\"dtr4 dtc1\">    7.5 m3<\/td><td    class=\"dtr4 dtc2\">    2.40 m<\/td><td    class=\"dtr4 dtc3\">    2.1 m<\/td><td    class=\"dtr4 dtc4\">    31 kg<\/td><\/tr><tr class=\" row5\"><td    class=\"dtr5 dtc0\">P-Tank 10<\/td><td    class=\"dtr5 dtc1\">    10 m3<\/td><td    class=\"dtr5 dtc2\">    2.75 m<\/td><td    class=\"dtr5 dtc3\">    2.65 m<\/td><td    class=\"dtr5 dtc4\">    43 kg<\/td><\/tr><tr class=\" row6\"><td    class=\"dtr6 dtc0\">P-Tank 12<\/td><td    class=\"dtr6 dtc1\">    12 m3<\/td><td    class=\"dtr6 dtc2\">    3.75 m<\/td><td    class=\"dtr6 dtc3\">    3.55 m<\/td><td    class=\"dtr6 dtc4\">    70 kg<\/td><\/tr><tr class=\" row7\"><td    class=\"dtr7 dtc0\">P-Tank 15<\/td><td    class=\"dtr7 dtc1\">    15 m3<\/td><td    class=\"dtr7 dtc2\">    4.6 m<\/td><td    class=\"dtr7 dtc3\">    4.2 m<\/td><td    class=\"dtr7 dtc4\">    90 kg<\/td><\/tr><tr class=\" row8\"><td    class=\"dtr8 dtc0\">P-Tank 20<\/td><td    class=\"dtr8 dtc1\">    20 m3<\/td><td    class=\"dtr8 dtc2\">    5 m<\/td><td    class=\"dtr8 dtc3\">    5 m<\/td><td    class=\"dtr8 dtc4\">    100 kg<\/td><\/tr><tr class=\" row9\"><td    class=\"dtr9 dtc0\">P-Tank 50<\/td><td    class=\"dtr9 dtc1\">    50 m3<\/td><td    class=\"dtr9 dtc2\">    7 m<\/td><td    class=\"dtr9 dtc3\">    7.6 m<\/td><td    class=\"dtr9 dtc4\">    290 kg<\/td><\/tr><tr class=\" row10\"><td    class=\"dtr10 dtc0\">P-Tank 100<\/td><td    class=\"dtr10 dtc1\">    100 m3<\/td><td    class=\"dtr10 dtc2\">    10.7 m<\/td><td    class=\"dtr10 dtc3\">    17 m<\/td><td    class=\"dtr10 dtc4\">    345 kg<\/td><\/tr><\/tbody><tfoot><tr><td class=\"dtr10 dtc0\" style=\"height: 0;\"><\/td><td class=\"dtr10 dtc1\" style=\"height: 0;\"><\/td><td class=\"dtr10 dtc2\" style=\"height: 0;\"><\/td><td class=\"dtr10 dtc3\" style=\"height: 0;\"><\/td><td class=\"dtr10 dtc4\" style=\"height: 0;\"><\/td><\/tr><\/tfoot><\/table><\/div><style>#wptmtable101 .dataTables_wrapper > .dataTables_scroll {max-height:500px;overflow: auto;}<\/style><script>window.wptm_ajaxurl = 'https:\/\/mavideniz.com.tr\/wp-admin\/admin-ajax.php?juwpfisadmin=false&action=Wptm&'; window.wptm_front = 'https:\/\/mavideniz.com.tr\/wp-content\/plugins\/wp-table-manager\/app\/site\/assets\/'; window.wptm_style = 'https:\/\/mavideniz.com.tr\/wp-content\/uploads\/wptm\/';<\/script><\/div><style><\/style>\n","protected":false},"excerpt":{"rendered":"<p>Mavi Deniz Yast\u0131k Tank\u0131, ta\u015f\u0131nabilir s\u0131v\u0131 depolama ve i\u00e7ilemeyen s\u0131v\u0131 depolama i\u00e7in tasarlanm\u0131\u015ft\u0131r. Yast\u0131k Tank, Petrol S\u0131z\u0131nt\u0131s\u0131 Kurtarma Operasyonu, Uzaktan [&hellip;]<\/p>\n","protected":false},"author":1,"featured_media":0,"parent":27346,"menu_order":0,"comment_status":"closed","ping_status":"closed","template":"","meta":{"site-sidebar-layout":"default","site-content-layout":"","ast-site-content-layout":"default","site-content-style":"default","site-sidebar-style":"default","ast-global-header-display":"","ast-banner-title-visibility":"","ast-main-header-display":"","ast-hfb-above-header-display":"","ast-hfb-below-header-display":"","ast-hfb-mobile-header-display":"","site-post-title":"","ast-breadcrumbs-content":"","ast-featured-img":"","footer-sml-layout":"","ast-disable-related-posts":"","theme-transparent-header-meta":"","adv-header-id-meta":"","stick-header-meta":"","header-above-stick-meta":"","header-main-stick-meta":"","header-below-stick-meta":"","astra-migrate-meta-layouts":"default","ast-page-background-enabled":"default","ast-page-background-meta":{"desktop":{"background-color":"var(--ast-global-color-5)","background-image":"","background-repeat":"repeat","background-position":"center center","background-size":"auto","background-attachment":"scroll","background-type":"","background-media":"","overlay-type":"","overlay-color":"","overlay-opacity":"","overlay-gradient":""},"tablet":{"background-color":"","background-image":"","background-repeat":"repeat","background-position":"center center","background-size":"auto","background-attachment":"scroll","background-type":"","background-media":"","overlay-type":"","overlay-color":"","overlay-opacity":"","overlay-gradient":""},"mobile":{"background-color":"","background-image":"","background-repeat":"repeat","background-position":"center center","background-size":"auto","background-attachment":"scroll","background-type":"","background-media":"","overlay-type":"","overlay-color":"","overlay-opacity":"","overlay-gradient":""}},"ast-content-background-meta":{"desktop":{"background-color":"var(--ast-global-color-4)","background-image":"","background-repeat":"repeat","background-position":"center center","background-size":"auto","background-attachment":"scroll","background-type":"","background-media":"","overlay-type":"","overlay-color":"","overlay-opacity":"","overlay-gradient":""},"tablet":{"background-color":"var(--ast-global-color-4)","background-image":"","background-repeat":"repeat","background-position":"center center","background-size":"auto","background-attachment":"scroll","background-type":"","background-media":"","overlay-type":"","overlay-color":"","overlay-opacity":"","overlay-gradient":""},"mobile":{"background-color":"var(--ast-global-color-4)","background-image":"","background-repeat":"repeat","background-position":"center center","background-size":"auto","background-attachment":"scroll","background-type":"","background-media":"","overlay-type":"","overlay-color":"","overlay-opacity":"","overlay-gradient":""}},"footnotes":""},"class_list":["post-27361","page","type-page","status-publish","hentry"],"_links":{"self":[{"href":"https:\/\/mavideniz.com.tr\/tr\/wp-json\/wp\/v2\/pages\/27361","targetHints":{"allow":["GET"]}}],"collection":[{"href":"https:\/\/mavideniz.com.tr\/tr\/wp-json\/wp\/v2\/pages"}],"about":[{"href":"https:\/\/mavideniz.com.tr\/tr\/wp-json\/wp\/v2\/types\/page"}],"author":[{"embeddable":true,"href":"https:\/\/mavideniz.com.tr\/tr\/wp-json\/wp\/v2\/users\/1"}],"replies":[{"embeddable":true,"href":"https:\/\/mavideniz.com.tr\/tr\/wp-json\/wp\/v2\/comments?post=27361"}],"version-history":[{"count":0,"href":"https:\/\/mavideniz.com.tr\/tr\/wp-json\/wp\/v2\/pages\/27361\/revisions"}],"up":[{"embeddable":true,"href":"https:\/\/mavideniz.com.tr\/tr\/wp-json\/wp\/v2\/pages\/27346"}],"wp:attachment":[{"href":"https:\/\/mavideniz.com.tr\/tr\/wp-json\/wp\/v2\/media?parent=27361"}],"curies":[{"name":"wp","href":"https:\/\/api.w.org\/{rel}","templated":true}]}}