{"id":27365,"date":"2021-10-08T17:22:06","date_gmt":"2021-10-08T17:22:06","guid":{"rendered":"https:\/\/mavideniz.com.tr\/?page_id=27365"},"modified":"2023-04-02T18:07:51","modified_gmt":"2023-04-02T18:07:51","slug":"kendinden-dikmeli-tank","status":"publish","type":"page","link":"https:\/\/mavideniz.com.tr\/tr\/urunler\/gecici-sivi-depolama-tanklari\/kendinden-dikmeli-tank\/","title":{"rendered":"Kendili\u011finden Dik Kurulan Tank"},"content":{"rendered":"<p><br \/>\nMavi Deniz&#8217;in D\u00f6k\u00fclme M\u00fcdahale operasyonlar\u0131 i\u00e7in geri kazan\u0131lan s\u0131v\u0131lar\u0131n ge\u00e7ici olarak depolanmas\u0131, \u0130n\u015faat ve Uzak \u015eantiyelerde Su Deposu, Yang\u0131nla M\u00fccadele, Ya\u011fmur Suyu Toplama, Damla Sulama, Petrol Suyu Ayr\u0131\u015ft\u0131rma, Benzin\/dizel\/yenebilir s\u0131v\u0131lar\u0131n Ge\u00e7ici Depolanmas\u0131 i\u00e7in tasarlanm\u0131\u015f Kendi Kendini Kurma Tank\u0131 ya\u011flar\/kimyasallar<\/p>\n<p>\u00c7e\u015fitli boyutlarda mevcut olan depolama tanklar\u0131 hafiftir, ta\u015f\u0131nabilirdir ve alet gerektirmeden h\u0131zl\u0131 bir \u015fekilde monte edilir.<\/p>\n<p>Mavi Deniz Self Tank, ya\u011f, su ve di\u011fer s\u0131v\u0131lar\u0131 depolamak i\u00e7in kullan\u0131lan, kendi kendini kuran, katlanabilir bir tankt\u0131r.<\/p>\n<p>Kendili\u011finden Kurulan Tank, Tank doldurulduk\u00e7a y\u00fckselen y\u00fczer yaka sayesinde \u00e7er\u00e7evesiz olarak kendilerini tuttuklar\u0131 i\u00e7in her an konu\u015fland\u0131r\u0131lmaya haz\u0131rd\u0131r. Tank\u0131n taban\u0131n\u0131n istenildi\u011fi gibi konumland\u0131r\u0131lmas\u0131n\u0131 sa\u011flayan altta tutama\u00e7lar i\u00e7erirler.<\/p>\n<p>Kendinden Kurulan Tank, esnek ve ya\u011fa dayan\u0131kl\u0131 malzemeden yap\u0131lm\u0131\u015ft\u0131r. Tasar\u0131mlar\u0131, kuma\u015flar\u0131 ve \u00fcretim s\u00fcre\u00e7leri onlar\u0131 dayan\u0131kl\u0131 ve yo\u011fun kullan\u0131ma uygun hale getirir.<\/p>\n<p>Kendili\u011finden Kurulan tanklar, nakliye ve depolamay\u0131 kolayla\u015ft\u0131rmak i\u00e7in katlanabilir. Kulplu bir \u00e7anta i\u00e7inde tedarik edilirler, bu da onlar\u0131 ta\u015f\u0131may\u0131 ve yerle\u015ftirmeyi kolayla\u015ft\u0131r\u0131r. Standart boyutlar 3 m3&#8217;ten 370 m3&#8217;e kadar mevcuttur.<\/p>\n<p><strong>\u00d6zellikleri<\/strong><\/p>\n<ul>\n<li>Kolay ta\u015f\u0131nabilir<\/li>\n<li>\u00c7er\u00e7eve kurulumu yok, Montaj gerekli de\u011fil<\/li>\n<li>Y\u00fcksek mukavemetli dayan\u0131kl\u0131 PVC \/ Kau\u00e7uk kuma\u015f<\/li>\n<li>\u00c7ok Hafif ama sa\u011flam<\/li>\n<li>Bu rezervuarlar, al\u00fcminyum \u00e7er\u00e7eveli kuma\u015f tanklardan daha sa\u011flam ve \u00e7ok y\u00f6nl\u00fcd\u00fcr.<\/li>\n<li>Kaplamalar, zemin \u00f6rt\u00fcs\u00fc, \u00e7at\u0131 kaplamalar\u0131, havaland\u0131rmalar, tahliye tertibatlar\u0131, tamir tak\u0131mlar\u0131, yedek par\u00e7alar ve kolay ta\u015f\u0131ma i\u00e7in ta\u015f\u0131ma \u00e7antas\u0131 dahil iste\u011fe ba\u011fl\u0131 aksesuarlar<\/li>\n<\/ul>\n<div class=\"wptm_table tablesorter-bootstrap \" data-id=\"102\" data-hightlight=\"0\"><div class=\"wptm_buttons buttons_wptmTbl102\"><\/div><div class=\"wptmresponsive dataTables-wptmtable wptmtable \" id=\"wptmtable102\" data-tableid=\"wptmTbl102\"><table data-count-header=\"1\"  data-format-decimal_count=\"0\" data-format-decimal_symbol=\".\" data-format-symbol_position=\"0\" data-format-thousand_symbol=\",\"  data-format-currency_symbol=\"$\"  data-name-style=\"102_1759675279.css\" data-format=\"YYYY-MM-DD\" id=\"wptmTbl102\" data-id=\"102\" data-responsive=\"false\" data-hideCols=\"false\"  data-type=\"html\" data-paging=\"false\" data-searching=\"true\"  data-ordering=\"false\" data-table-breakpoint=\"980\" data-scroll-x=\"true\" data-scroll-collapse=\"true\" data-align=\"center\" data-range=\"[]\" data-hideColumn=\"[0,0,0,0,0,0,0]\"  data-colwidths=\"[162,162,162,162,162,162,162]\"  data-colwidths_desktop=[]  data-colwidths_tablet=[]  data-colwidths_mobile=[]  class=\"wptm_main_table  disablePager hideScrollHeader\"><colgroup><col data-dtr=\"0\" data-dtc=\"0\" class=\"dtc0\"><col data-dtr=\"0\" data-dtc=\"1\" class=\"dtc1\"><col data-dtr=\"0\" data-dtc=\"2\" class=\"dtc2\"><col data-dtr=\"0\" data-dtc=\"3\" class=\"dtc3\"><col data-dtr=\"0\" data-dtc=\"4\" class=\"dtc4\"><col data-dtr=\"0\" data-dtc=\"5\" class=\"dtc5\"><col data-dtr=\"0\" data-dtc=\"6\" class=\"dtc6\"><\/colgroup><thead><tr class=\"wptm-header-cells-index\"><th rowspan=\"1\" colspan=\"1\" data-dtr=\"0\" data-dtc=\"0\" class=\"dtr0 dtc0\"><\/th><th rowspan=\"1\" colspan=\"1\" data-dtr=\"0\" data-dtc=\"1\" class=\"dtr0 dtc1\"><\/th><th rowspan=\"1\" colspan=\"1\" data-dtr=\"0\" data-dtc=\"2\" class=\"dtr0 dtc2\"><\/th><th rowspan=\"1\" colspan=\"1\" data-dtr=\"0\" data-dtc=\"3\" class=\"dtr0 dtc3\"><\/th><th rowspan=\"1\" colspan=\"1\" data-dtr=\"0\" data-dtc=\"4\" class=\"dtr0 dtc4\"><\/th><th rowspan=\"1\" colspan=\"1\" data-dtr=\"0\" data-dtc=\"5\" class=\"dtr0 dtc5\"><\/th><th rowspan=\"1\" colspan=\"1\" data-dtr=\"0\" data-dtc=\"6\" class=\"dtr0 dtc6\"><\/th><\/tr><tr class=\" row0\"><th   data-priority=\"0\" class=\"dtr0 dtc0\"><\/th><th   data-priority=\"0\" class=\"dtr0 dtc1\">     Self Tank 1<\/th><th   data-priority=\"0\" class=\"dtr0 dtc2\">     Self Tank 3<\/th><th   data-priority=\"0\" class=\"dtr0 dtc3\">     Self Tank 5<\/th><th   data-priority=\"0\" class=\"dtr0 dtc4\">     Self Tank 10<\/th><th   data-priority=\"0\" class=\"dtr0 dtc5\">     Self Tank 25<\/th><th   data-priority=\"0\" class=\"dtr0 dtc6\">     Self Tank 50<\/th><\/thead><tbody><tr class=\" row1\"><td    class=\"dtr1 dtc0\">Capacity<\/td><td    class=\"dtr1 dtc1\">    3 m3<\/td><td    class=\"dtr1 dtc2\">    3 m3<\/td><td    class=\"dtr1 dtc3\">    5 m3<\/td><td    class=\"dtr1 dtc4\">    10 m3<\/td><td    class=\"dtr1 dtc5\">    25 m3<\/td><td    class=\"dtr1 dtc6\">    50 m3<\/td><\/tr><tr class=\" row2\"><td    class=\"dtr2 dtc0\">Diameter<\/td><td    class=\"dtr2 dtc1\">    1.92 m<\/td><td    class=\"dtr2 dtc2\">    2.1 m<\/td><td    class=\"dtr2 dtc3\">    3.1 m<\/td><td    class=\"dtr2 dtc4\">    4.4 m<\/td><td    class=\"dtr2 dtc5\">    6.9 m<\/td><td    class=\"dtr2 dtc6\">    9 m<\/td><\/tr><tr class=\" row3\"><td    class=\"dtr3 dtc0\">Height<\/td><td    class=\"dtr3 dtc1\">    0.44 m<\/td><td    class=\"dtr3 dtc2\">    0.52 m<\/td><td    class=\"dtr3 dtc3\">    0.84 m<\/td><td    class=\"dtr3 dtc4\">    0.84 m<\/td><td    class=\"dtr3 dtc5\">    0.84 m<\/td><td    class=\"dtr3 dtc6\">    0.96 m<\/td><\/tr><tr class=\" row4\"><td    class=\"dtr4 dtc0\">Weight<\/td><td    class=\"dtr4 dtc1\">    10 kg<\/td><td    class=\"dtr4 dtc2\">    35 kg<\/td><td    class=\"dtr4 dtc3\">    51 kg<\/td><td    class=\"dtr4 dtc4\">    80 kg<\/td><td    class=\"dtr4 dtc5\">    125 kg<\/td><td    class=\"dtr4 dtc6\">    300 kg<\/td><\/tr><\/tbody><tfoot><tr><td class=\"dtr4 dtc0\" style=\"height: 0;\"><\/td><td class=\"dtr4 dtc1\" style=\"height: 0;\"><\/td><td class=\"dtr4 dtc2\" style=\"height: 0;\"><\/td><td class=\"dtr4 dtc3\" style=\"height: 0;\"><\/td><td class=\"dtr4 dtc4\" style=\"height: 0;\"><\/td><td class=\"dtr4 dtc5\" style=\"height: 0;\"><\/td><td class=\"dtr4 dtc6\" style=\"height: 0;\"><\/td><\/tr><\/tfoot><\/table><\/div><style>#wptmtable102 .dataTables_wrapper > .dataTables_scroll {max-height:500px;overflow: auto;}<\/style><script>window.wptm_ajaxurl = 'https:\/\/mavideniz.com.tr\/wp-admin\/admin-ajax.php?juwpfisadmin=false&action=Wptm&'; window.wptm_front = 'https:\/\/mavideniz.com.tr\/wp-content\/plugins\/wp-table-manager\/app\/site\/assets\/'; window.wptm_style = 'https:\/\/mavideniz.com.tr\/wp-content\/uploads\/wptm\/';<\/script><\/div><style><\/style>\n","protected":false},"excerpt":{"rendered":"<p>Mavi Deniz&#8217;in D\u00f6k\u00fclme M\u00fcdahale operasyonlar\u0131 i\u00e7in geri kazan\u0131lan s\u0131v\u0131lar\u0131n ge\u00e7ici olarak depolanmas\u0131, \u0130n\u015faat ve Uzak \u015eantiyelerde Su Deposu, Yang\u0131nla M\u00fccadele, [&hellip;]<\/p>\n","protected":false},"author":1,"featured_media":0,"parent":27346,"menu_order":0,"comment_status":"closed","ping_status":"closed","template":"","meta":{"site-sidebar-layout":"default","site-content-layout":"","ast-site-content-layout":"default","site-content-style":"default","site-sidebar-style":"default","ast-global-header-display":"","ast-banner-title-visibility":"","ast-main-header-display":"","ast-hfb-above-header-display":"","ast-hfb-below-header-display":"","ast-hfb-mobile-header-display":"","site-post-title":"","ast-breadcrumbs-content":"","ast-featured-img":"","footer-sml-layout":"","ast-disable-related-posts":"","theme-transparent-header-meta":"","adv-header-id-meta":"","stick-header-meta":"","header-above-stick-meta":"","header-main-stick-meta":"","header-below-stick-meta":"","astra-migrate-meta-layouts":"default","ast-page-background-enabled":"default","ast-page-background-meta":{"desktop":{"background-color":"var(--ast-global-color-5)","background-image":"","background-repeat":"repeat","background-position":"center center","background-size":"auto","background-attachment":"scroll","background-type":"","background-media":"","overlay-type":"","overlay-color":"","overlay-opacity":"","overlay-gradient":""},"tablet":{"background-color":"","background-image":"","background-repeat":"repeat","background-position":"center center","background-size":"auto","background-attachment":"scroll","background-type":"","background-media":"","overlay-type":"","overlay-color":"","overlay-opacity":"","overlay-gradient":""},"mobile":{"background-color":"","background-image":"","background-repeat":"repeat","background-position":"center center","background-size":"auto","background-attachment":"scroll","background-type":"","background-media":"","overlay-type":"","overlay-color":"","overlay-opacity":"","overlay-gradient":""}},"ast-content-background-meta":{"desktop":{"background-color":"var(--ast-global-color-4)","background-image":"","background-repeat":"repeat","background-position":"center center","background-size":"auto","background-attachment":"scroll","background-type":"","background-media":"","overlay-type":"","overlay-color":"","overlay-opacity":"","overlay-gradient":""},"tablet":{"background-color":"var(--ast-global-color-4)","background-image":"","background-repeat":"repeat","background-position":"center center","background-size":"auto","background-attachment":"scroll","background-type":"","background-media":"","overlay-type":"","overlay-color":"","overlay-opacity":"","overlay-gradient":""},"mobile":{"background-color":"var(--ast-global-color-4)","background-image":"","background-repeat":"repeat","background-position":"center center","background-size":"auto","background-attachment":"scroll","background-type":"","background-media":"","overlay-type":"","overlay-color":"","overlay-opacity":"","overlay-gradient":""}},"footnotes":""},"class_list":["post-27365","page","type-page","status-publish","hentry"],"_links":{"self":[{"href":"https:\/\/mavideniz.com.tr\/tr\/wp-json\/wp\/v2\/pages\/27365","targetHints":{"allow":["GET"]}}],"collection":[{"href":"https:\/\/mavideniz.com.tr\/tr\/wp-json\/wp\/v2\/pages"}],"about":[{"href":"https:\/\/mavideniz.com.tr\/tr\/wp-json\/wp\/v2\/types\/page"}],"author":[{"embeddable":true,"href":"https:\/\/mavideniz.com.tr\/tr\/wp-json\/wp\/v2\/users\/1"}],"replies":[{"embeddable":true,"href":"https:\/\/mavideniz.com.tr\/tr\/wp-json\/wp\/v2\/comments?post=27365"}],"version-history":[{"count":0,"href":"https:\/\/mavideniz.com.tr\/tr\/wp-json\/wp\/v2\/pages\/27365\/revisions"}],"up":[{"embeddable":true,"href":"https:\/\/mavideniz.com.tr\/tr\/wp-json\/wp\/v2\/pages\/27346"}],"wp:attachment":[{"href":"https:\/\/mavideniz.com.tr\/tr\/wp-json\/wp\/v2\/media?parent=27365"}],"curies":[{"name":"wp","href":"https:\/\/api.w.org\/{rel}","templated":true}]}}