{"id":27382,"date":"2021-10-08T20:01:55","date_gmt":"2021-10-08T20:01:55","guid":{"rendered":"https:\/\/mavideniz.com.tr\/?page_id=27382"},"modified":"2023-06-29T16:55:12","modified_gmt":"2023-06-29T16:55:12","slug":"tasinabilir-vakum-sistemi","status":"publish","type":"page","link":"https:\/\/mavideniz.com.tr\/tr\/urunler\/vakum-tanki-treyler\/tasinabilir-vakum-sistemi\/","title":{"rendered":"Ta\u015f\u0131nabilir Vakum Sistemi"},"content":{"rendered":"<p><br \/>\nMavi Deniz Mini Vac Ta\u015f\u0131nabilir Vakum Sistemi, karadan veya denizden s\u0131v\u0131lar\u0131, kat\u0131lar\u0131 ve \u00e7amurlar\u0131 uzakla\u015ft\u0131r\u0131r. Mini Vakum sistemi, y\u00fcksek verimli mobil \u00fcniteler ile yenilik\u00e7i ve kan\u0131tlanm\u0131\u015f bir petrol s\u0131z\u0131nt\u0131s\u0131 kurtarma y\u00f6ntemidir. Ta\u015f\u0131nabilir Vakum Sistemi, b\u00fcy\u00fck ve k\u00fc\u00e7\u00fck malzeme d\u00f6k\u00fclmelerinin ihtiyac\u0131na uyacak \u015fekilde tasarlanm\u0131\u015ft\u0131r. Mini Vakum sistemi sahillerden, hendeklerden, yollardan ve zeminden mahsur kalan petrol\u00fc kurtarmak i\u00e7in kullan\u0131l\u0131r ve bundan sonra petrol tekerlekli tanka veya varile emilir.<\/p>\n<p><strong>Mini Vac &#8211; Portatif Vakum Sistemi<\/strong><\/p>\n<ul>\n<li>Emme kafas\u0131 ile kamyon aras\u0131na yerle\u015ftirin<\/li>\n<li>208 litrelik bir varil i\u00e7ine y\u00f6nlendirilen \u0131slak veya kuru malzemeler.<\/li>\n<li>Enkaz\u0131 Durdurur<\/li>\n<li>Vakumlu kamyonun kirlenmesini \u00f6nler<\/li>\n<li>Dekontaminasyon maliyetlerini azalt\u0131r<\/li>\n<\/ul>\n<p>Mini Vac sistemi, b\u00fcy\u00fck petrol s\u0131z\u0131nt\u0131lar\u0131n\u0131 temizlemek i\u00e7in benzersiz bir mod\u00fcler sistemdir. MiniVac, y\u00fcksek d\u00fczeyde viskoz ya\u011flar ve kal\u0131nt\u0131 kat\u0131lar dahil olmak \u00fczere t\u00fcm s\u0131v\u0131 t\u00fcrlerini 5 cm&#8217;ye kadar geri kazanmak i\u00e7in tasarlanm\u0131\u015ft\u0131r. S\u0131v\u0131lar\u0131n, yabani otlar\u0131n, kal\u0131n ya\u011flar\u0131n, hidrolik ya\u011f\u0131n, \u00e7amurlar\u0131n, \u00e7amur \u00e7\u00f6z\u00fcc\u00fclerin, tehlikeli at\u0131klar\u0131n ve kat\u0131 kal\u0131nt\u0131lar\u0131n (kaya, \u00e7imento, toz boya, kum, cam, vb.) giderilmesi i\u00e7in y\u00fcksek h\u0131zl\u0131 hava ta\u015f\u0131ma performans\u0131 sa\u011flayan Mini Vac ta\u015f\u0131nabilir vakum sistemi ormanlar ve yapraklar ) end\u00fcstriyel yerlerden, boru hatlar\u0131ndan, sahillerden, sondaj alanlar\u0131ndan, kanalizasyonlardan, yollardan vb. Mini Vac sistemi hafiftir, kayal\u0131k sahillerde ve di\u011fer dengesiz b\u00f6lgelerde ve petrol s\u0131y\u0131r\u0131c\u0131lar\u0131n\u0131n, emicilerin ve i\u015fg\u00fcc\u00fcn\u00fcn \u00e7al\u0131\u015fmayaca\u011f\u0131 di\u011fer dengesiz alanlardaki hareketlilik, <span id=\"E188\">i\u015f g\u00fcc\u00fcn\u00fcn kurtar\u0131lmas\u0131n\u0131n pahal\u0131ya mal olaca\u011f\u0131 ortamlarda mobil sorunlar\u0131n \u00fcstesinden gelmektedir<\/span>. Mavi Deniz Mini Vac Ta\u015f\u0131nabilir Vakum Sistemi, d\u00fcnya \u00e7ap\u0131nda servis ve yedek par\u00e7a teslimat\u0131n\u0131 k\u0131sa s\u00fcrede garanti eder. Y\u00fczlerce memnun m\u00fc\u015fteri, yirmiden fazla \u00fclkede \u00e7ok \u00e7e\u015fitli s\u0131v\u0131 ve kat\u0131 at\u0131k malzemeleri emmek i\u00e7in d\u00fcnya \u00e7ap\u0131nda Mini Vac \u00fcnitelerini kullan\u0131yor.<\/p>\n<p><strong>\u00d6ZELL\u0130KLER\u0130<\/strong><\/p>\n<ul>\n<li>Ta\u015f\u0131nabilir Vakum Sistemi Hafiftir<\/li>\n<li>Ta\u015f\u0131nabilir Vakum Sistemi, tek ki\u015filik kullan\u0131m i\u00e7in kullan\u0131m\u0131 kolayd\u0131r<\/li>\n<li>Portatif Vakum Sistemi A\u00e7\u0131k kafal\u0131 208 litrelik varilleri saklama kab\u0131na d\u00f6n\u00fc\u015ft\u00fcr\u00fcr<\/li>\n<li>Otomatik kapanma, tamburun ta\u015fmas\u0131n\u0131 \u00f6nler<\/li>\n<li>Varilleri doldurur<\/li>\n<li>A\u015fa\u011f\u0131da as\u0131l\u0131 \u015famand\u0131ral\u0131 vakum ba\u015fl\u0131klar\u0131ndan daha az k\u0131r\u0131lgan<\/li>\n<li>Tambur \u00fczerine \u00e7ekilen vakum miktar\u0131 kontrol edilebilir<\/li>\n<li>Ta\u015f\u0131nabilir Vakum Sistemi Herhangi bir vakum kayna\u011f\u0131yla e\u015fle\u015febilir<\/li>\n<\/ul>\n<p><strong>\u0130ste\u011fe ba\u011fl\u0131<\/strong><\/p>\n<ul>\n<li>Depolama Tank\u0131<\/li>\n<li>Vakum Haznesi<\/li>\n<li>Y\u00fcksek bas\u0131n\u00e7l\u0131 y\u0131kay\u0131c\u0131<\/li>\n<li>Yedek par\u00e7a<\/li>\n<\/ul>\n<div class=\"wptm_table tablesorter-bootstrap \" data-id=\"109\" data-hightlight=\"0\"><div class=\"wptm_buttons buttons_wptmTbl109\"><\/div><div class=\"wptmresponsive dataTables-wptmtable wptmtable \" id=\"wptmtable109\" data-tableid=\"wptmTbl109\"><table data-count-header=\"1\"  data-format-decimal_count=\"0\" data-format-decimal_symbol=\".\" data-format-symbol_position=\"0\" data-format-thousand_symbol=\",\"  data-format-currency_symbol=\"$\"  data-name-style=\"109_1759679274.css\" data-format=\"YYYY-MM-DD\" id=\"wptmTbl109\" data-id=\"109\" data-responsive=\"false\" data-hideCols=\"false\"  data-type=\"html\" data-paging=\"false\" data-searching=\"true\"  data-ordering=\"false\" data-table-breakpoint=\"980\" data-scroll-x=\"true\" data-scroll-collapse=\"true\" data-align=\"center\" data-range=\"[]\" data-hideColumn=\"[0,0,0,0,0,0]\"  data-colwidths=\"[190,190,190,190,190,190]\"  data-colwidths_desktop=[]  data-colwidths_tablet=[]  data-colwidths_mobile=[]  class=\"wptm_main_table  disablePager hideScrollHeader\"><colgroup><col data-dtr=\"0\" data-dtc=\"0\" class=\"dtc0\"><col data-dtr=\"0\" data-dtc=\"1\" class=\"dtc1\"><col data-dtr=\"0\" data-dtc=\"2\" class=\"dtc2\"><col data-dtr=\"0\" data-dtc=\"3\" class=\"dtc3\"><col data-dtr=\"0\" data-dtc=\"4\" class=\"dtc4\"><col data-dtr=\"0\" data-dtc=\"5\" class=\"dtc5\"><\/colgroup><thead><tr class=\"wptm-header-cells-index\"><th rowspan=\"1\" colspan=\"1\" data-dtr=\"0\" data-dtc=\"0\" class=\"dtr0 dtc0\"><\/th><th rowspan=\"1\" colspan=\"1\" data-dtr=\"0\" data-dtc=\"1\" class=\"dtr0 dtc1\"><\/th><th rowspan=\"1\" colspan=\"1\" data-dtr=\"0\" data-dtc=\"2\" class=\"dtr0 dtc2\"><\/th><th rowspan=\"1\" colspan=\"1\" data-dtr=\"0\" data-dtc=\"3\" class=\"dtr0 dtc3\"><\/th><th rowspan=\"1\" colspan=\"1\" data-dtr=\"0\" data-dtc=\"4\" class=\"dtr0 dtc4\"><\/th><th rowspan=\"1\" colspan=\"1\" data-dtr=\"0\" data-dtc=\"5\" class=\"dtr0 dtc5\"><\/th><\/tr><tr class=\" row0\"><th   data-priority=\"0\" class=\"dtr0 dtc0\">-<\/th><th   data-priority=\"0\" class=\"dtr0 dtc1\">Mini Vac I<\/th><th   data-priority=\"0\" class=\"dtr0 dtc2\">Mini Vac II<\/th><th   data-priority=\"0\" class=\"dtr0 dtc3\">Mini Vac III<\/th><th   data-priority=\"0\" class=\"dtr0 dtc4\">Mini Vac IV<\/th><th   data-priority=\"0\" class=\"dtr0 dtc5\">Mini Vac V<\/th><\/thead><tbody><tr class=\" row1\"><td    class=\"dtr1 dtc0\"><\/td><td    class=\"dtr1 dtc1\"><\/td><td    class=\"dtr1 dtc2\"><\/td><td    class=\"dtr1 dtc3\"><\/td><td    class=\"dtr1 dtc4\"><\/td><td    class=\"dtr1 dtc5\"><\/td><\/tr><tr class=\" row2\"><td  colspan=\"6\"   class=\"dtr2 dtc0\">Power Unit & Blower<\/td><td  style=\"display: none\"   class=\"dtr2 dtc1\"><\/td><td  style=\"display: none\"   class=\"dtr2 dtc2\"><\/td><td  style=\"display: none\"   class=\"dtr2 dtc3\"><\/td><td  style=\"display: none\"   class=\"dtr2 dtc4\"><\/td><td  style=\"display: none\"   class=\"dtr2 dtc5\"><\/td><\/tr><tr class=\" row3\"><td    class=\"dtr3 dtc0\">Application<\/td><td    class=\"dtr3 dtc1\">Industrial and spill response<\/td><td    class=\"dtr3 dtc2\">Industrial and spill response<\/td><td    class=\"dtr3 dtc3\">Industrial and spill response<\/td><td    class=\"dtr3 dtc4\">Industrial and spill response<\/td><td    class=\"dtr3 dtc5\">Industrial and spill response<\/td><\/tr><tr class=\" row4\"><td    class=\"dtr4 dtc0\">Diesel Engine<\/td><td    class=\"dtr4 dtc1\">-<\/td><td    class=\"dtr4 dtc2\">-<\/td><td    class=\"dtr4 dtc3\">10 hp<\/td><td    class=\"dtr4 dtc4\">15 hp<\/td><td    class=\"dtr4 dtc5\">22 hp<\/td><\/tr><tr class=\" row5\"><td    class=\"dtr5 dtc0\">Electrical Engine<\/td><td    class=\"dtr5 dtc1\">5.5 kW<\/td><td    class=\"dtr5 dtc2\">7.5 kW<\/td><td    class=\"dtr5 dtc3\">-<\/td><td    class=\"dtr5 dtc4\">-<\/td><td    class=\"dtr5 dtc5\">-<\/td><\/tr><tr class=\" row6\"><td    class=\"dtr6 dtc0\">Max Vacuum  % (inHG)<\/td><td    class=\"dtr6 dtc1\">95% (28,5\u201d)<\/td><td    class=\"dtr6 dtc2\">95% (28,5\u201d)<\/td><td    class=\"dtr6 dtc3\">95% (28,5\u201d)<\/td><td    class=\"dtr6 dtc4\">95% (28,5\u201d)<\/td><td    class=\"dtr6 dtc5\">95% (28,5\u201d)<\/td><\/tr><tr class=\" row7\"><td    class=\"dtr7 dtc0\">Blower Displacement <\/td><td    class=\"dtr7 dtc1\">300 cfm<\/td><td    class=\"dtr7 dtc2\">315 cfm<\/td><td    class=\"dtr7 dtc3\">319 cfm<\/td><td    class=\"dtr7 dtc4\">322 cfm<\/td><td    class=\"dtr7 dtc5\">424 cfm<\/td><\/tr><tr class=\" row8\"><td    class=\"dtr8 dtc0\">Suction Hose<\/td><td    class=\"dtr8 dtc1\">2\"<\/td><td    class=\"dtr8 dtc2\">2\"<\/td><td    class=\"dtr8 dtc3\">2\"<\/td><td    class=\"dtr8 dtc4\">2\"<\/td><td    class=\"dtr8 dtc5\">2\"<\/td><\/tr><tr class=\" row9\"><td    class=\"dtr9 dtc0\">Cabin<\/td><td  colspan=\"5\"   class=\"dtr9 dtc1\">Open (Standard) - Tarpaulin (Optional) - Fully enclosed Insulated Nose Reduction (Optional) - Aluminum (Optional)<\/td><td  style=\"display: none\"   class=\"dtr9 dtc2\"><\/td><td  style=\"display: none\"   class=\"dtr9 dtc3\"><\/td><td  style=\"display: none\"   class=\"dtr9 dtc4\"><\/td><td  style=\"display: none\"   class=\"dtr9 dtc5\"><\/td><\/tr><tr class=\" row10\"><td    class=\"dtr10 dtc0\"><\/td><td    class=\"dtr10 dtc1\"><\/td><td    class=\"dtr10 dtc2\"><\/td><td    class=\"dtr10 dtc3\"><\/td><td    class=\"dtr10 dtc4\"><\/td><td    class=\"dtr10 dtc5\"><\/td><\/tr><tr class=\" row11\"><td  colspan=\"6\"   class=\"dtr11 dtc0\">Debris Tank<\/td><td  style=\"display: none\"   class=\"dtr11 dtc1\"><\/td><td  style=\"display: none\"   class=\"dtr11 dtc2\"><\/td><td  style=\"display: none\"   class=\"dtr11 dtc3\"><\/td><td  style=\"display: none\"   class=\"dtr11 dtc4\"><\/td><td  style=\"display: none\"   class=\"dtr11 dtc5\"><\/td><\/tr><tr class=\" row12\"><td    class=\"dtr12 dtc0\">Tank Capacity<\/td><td  colspan=\"5\"   class=\"dtr12 dtc1\">208 Ltre - 1 Drum (Standart) | 416 Ltre - 2 Drum (Optional)<\/td><td  style=\"display: none\"   class=\"dtr12 dtc2\"><\/td><td  style=\"display: none\"   class=\"dtr12 dtc3\"><\/td><td  style=\"display: none\"   class=\"dtr12 dtc4\"><\/td><td  style=\"display: none\"   class=\"dtr12 dtc5\"><\/td><\/tr><tr class=\" row13\"><td    class=\"dtr13 dtc0\">Tank Material<\/td><td  colspan=\"5\"   class=\"dtr13 dtc1\">Steel (Standard ) or Alumnum (Optional) or HDPE (Optional) or Stanless Steel (Optional)<\/td><td  style=\"display: none\"   class=\"dtr13 dtc2\"><\/td><td  style=\"display: none\"   class=\"dtr13 dtc3\"><\/td><td  style=\"display: none\"   class=\"dtr13 dtc4\"><\/td><td  style=\"display: none\"   class=\"dtr13 dtc5\"><\/td><\/tr><tr class=\" row14\"><td    class=\"dtr14 dtc0\">Tank Coating<\/td><td  colspan=\"5\"   class=\"dtr14 dtc1\">Exterior Coating (Standard) - Internal Coating (Optional)<\/td><td  style=\"display: none\"   class=\"dtr14 dtc2\"><\/td><td  style=\"display: none\"   class=\"dtr14 dtc3\"><\/td><td  style=\"display: none\"   class=\"dtr14 dtc4\"><\/td><td  style=\"display: none\"   class=\"dtr14 dtc5\"><\/td><\/tr><tr class=\" row15\"><td    class=\"dtr15 dtc0\">Vacuum Hooper<\/td><td  colspan=\"5\"   class=\"dtr15 dtc1\">Optional<\/td><td  style=\"display: none\"   class=\"dtr15 dtc2\"><\/td><td  style=\"display: none\"   class=\"dtr15 dtc3\"><\/td><td  style=\"display: none\"   class=\"dtr15 dtc4\"><\/td><td  style=\"display: none\"   class=\"dtr15 dtc5\"><\/td><\/tr><tr class=\" row16\"><td  colspan=\"6\"   class=\"dtr16 dtc0\"><\/td><td  style=\"display: none\"   class=\"dtr16 dtc1\"><\/td><td  style=\"display: none\"   class=\"dtr16 dtc2\"><\/td><td  style=\"display: none\"   class=\"dtr16 dtc3\"><\/td><td  style=\"display: none\"   class=\"dtr16 dtc4\"><\/td><td  style=\"display: none\"   class=\"dtr16 dtc5\"><\/td><\/tr><tr class=\" row17\"><td  colspan=\"6\"   class=\"dtr17 dtc0\">Water System<\/td><td  style=\"display: none\"   class=\"dtr17 dtc1\"><\/td><td  style=\"display: none\"   class=\"dtr17 dtc2\"><\/td><td  style=\"display: none\"   class=\"dtr17 dtc3\"><\/td><td  style=\"display: none\"   class=\"dtr17 dtc4\"><\/td><td  style=\"display: none\"   class=\"dtr17 dtc5\"><\/td><\/tr><tr class=\" row18\"><td    class=\"dtr18 dtc0\">High Pressure Washer Pump<\/td><td  colspan=\"5\"   class=\"dtr18 dtc1\">150 bar (Optional) | 240 bar (Optional)<\/td><td  style=\"display: none\"   class=\"dtr18 dtc2\"><\/td><td  style=\"display: none\"   class=\"dtr18 dtc3\"><\/td><td  style=\"display: none\"   class=\"dtr18 dtc4\"><\/td><td  style=\"display: none\"   class=\"dtr18 dtc5\"><\/td><\/tr><tr class=\" row19\"><td    class=\"dtr19 dtc0\">Pump Flow<\/td><td  colspan=\"5\"   class=\"dtr19 dtc1\">15 lt\/min (Optional) - 24 lt\/min (Optional)<\/td><td  style=\"display: none\"   class=\"dtr19 dtc2\"><\/td><td  style=\"display: none\"   class=\"dtr19 dtc3\"><\/td><td  style=\"display: none\"   class=\"dtr19 dtc4\"><\/td><td  style=\"display: none\"   class=\"dtr19 dtc5\"><\/td><\/tr><tr class=\" row20\"><td    class=\"dtr20 dtc0\">Fresh Water Tank Capacity<\/td><td  colspan=\"5\"   class=\"dtr20 dtc1\">100 lt \/ 250 lt \/ 500 lt \/ 1000 lt (Optional)<\/td><td  style=\"display: none\"   class=\"dtr20 dtc2\"><\/td><td  style=\"display: none\"   class=\"dtr20 dtc3\"><\/td><td  style=\"display: none\"   class=\"dtr20 dtc4\"><\/td><td  style=\"display: none\"   class=\"dtr20 dtc5\"><\/td><\/tr><tr class=\" row21\"><td    class=\"dtr21 dtc0\">Tank Material<\/td><td  colspan=\"5\"   class=\"dtr21 dtc1\">PE (Standard) - Steel (Optional) - Aluminum (Optional)<\/td><td  style=\"display: none\"   class=\"dtr21 dtc2\"><\/td><td  style=\"display: none\"   class=\"dtr21 dtc3\"><\/td><td  style=\"display: none\"   class=\"dtr21 dtc4\"><\/td><td  style=\"display: none\"   class=\"dtr21 dtc5\"><\/td><\/tr><tr class=\" row22\"><td    class=\"dtr22 dtc0\">Heater<\/td><td  colspan=\"5\"   class=\"dtr22 dtc1\">Use it for cleaning oil spills, frozen ground, and clay. (Optional)<\/td><td  style=\"display: none\"   class=\"dtr22 dtc2\"><\/td><td  style=\"display: none\"   class=\"dtr22 dtc3\"><\/td><td  style=\"display: none\"   class=\"dtr22 dtc4\"><\/td><td  style=\"display: none\"   class=\"dtr22 dtc5\"><\/td><\/tr><tr class=\" row23\"><td    class=\"dtr23 dtc0\">Hose Reel<\/td><td  colspan=\"5\"   class=\"dtr23 dtc1\">Optional<\/td><td  style=\"display: none\"   class=\"dtr23 dtc2\"><\/td><td  style=\"display: none\"   class=\"dtr23 dtc3\"><\/td><td  style=\"display: none\"   class=\"dtr23 dtc4\"><\/td><td  style=\"display: none\"   class=\"dtr23 dtc5\"><\/td><\/tr><tr class=\" row24\"><td  colspan=\"6\"   class=\"dtr24 dtc0\"><\/td><td  style=\"display: none\"   class=\"dtr24 dtc1\"><\/td><td  style=\"display: none\"   class=\"dtr24 dtc2\"><\/td><td  style=\"display: none\"   class=\"dtr24 dtc3\"><\/td><td  style=\"display: none\"   class=\"dtr24 dtc4\"><\/td><td  style=\"display: none\"   class=\"dtr24 dtc5\"><\/td><\/tr><tr class=\" row25\"><td  colspan=\"6\"   class=\"dtr25 dtc0\">Filtration System<\/td><td  style=\"display: none\"   class=\"dtr25 dtc1\"><\/td><td  style=\"display: none\"   class=\"dtr25 dtc2\"><\/td><td  style=\"display: none\"   class=\"dtr25 dtc3\"><\/td><td  style=\"display: none\"   class=\"dtr25 dtc4\"><\/td><td  style=\"display: none\"   class=\"dtr25 dtc5\"><\/td><\/tr><tr class=\" row26\"><td    class=\"dtr26 dtc0\">Shut off Valve<\/td><td  colspan=\"5\"   class=\"dtr26 dtc1\">Primary Liquid Level Float Ball (Standard)<\/td><td  style=\"display: none\"   class=\"dtr26 dtc2\"><\/td><td  style=\"display: none\"   class=\"dtr26 dtc3\"><\/td><td  style=\"display: none\"   class=\"dtr26 dtc4\"><\/td><td  style=\"display: none\"   class=\"dtr26 dtc5\"><\/td><\/tr><tr class=\" row27\"><td    class=\"dtr27 dtc0\">Cyclone Valve<\/td><td  colspan=\"5\"   class=\"dtr27 dtc1\">Primary Cyclone Filter (Optional)<\/td><td  style=\"display: none\"   class=\"dtr27 dtc2\"><\/td><td  style=\"display: none\"   class=\"dtr27 dtc3\"><\/td><td  style=\"display: none\"   class=\"dtr27 dtc4\"><\/td><td  style=\"display: none\"   class=\"dtr27 dtc5\"><\/td><\/tr><tr class=\" row28\"><td    class=\"dtr28 dtc0\">Bag House Filter<\/td><td  colspan=\"5\"   class=\"dtr28 dtc1\">Washable Polyester (Optional) - Polypropylene (Optional) - HEPA (Optional)<\/td><td  style=\"display: none\"   class=\"dtr28 dtc2\"><\/td><td  style=\"display: none\"   class=\"dtr28 dtc3\"><\/td><td  style=\"display: none\"   class=\"dtr28 dtc4\"><\/td><td  style=\"display: none\"   class=\"dtr28 dtc5\"><\/td><\/tr><tr class=\" row29\"><td    class=\"dtr29 dtc0\">Safety<\/td><td  colspan=\"5\"   class=\"dtr29 dtc1\">Pressure Release Valve (Optional) - Vacuum Relief Valve (Optional)<\/td><td  style=\"display: none\"   class=\"dtr29 dtc2\"><\/td><td  style=\"display: none\"   class=\"dtr29 dtc3\"><\/td><td  style=\"display: none\"   class=\"dtr29 dtc4\"><\/td><td  style=\"display: none\"   class=\"dtr29 dtc5\"><\/td><\/tr><tr class=\" row30\"><td  colspan=\"6\"   class=\"dtr30 dtc0\"><\/td><td  style=\"display: none\"   class=\"dtr30 dtc1\"><\/td><td  style=\"display: none\"   class=\"dtr30 dtc2\"><\/td><td  style=\"display: none\"   class=\"dtr30 dtc3\"><\/td><td  style=\"display: none\"   class=\"dtr30 dtc4\"><\/td><td  style=\"display: none\"   class=\"dtr30 dtc5\"><\/td><\/tr><tr class=\" row31\"><td  colspan=\"6\"   class=\"dtr31 dtc0\">Portable<\/td><td  style=\"display: none\"   class=\"dtr31 dtc1\"><\/td><td  style=\"display: none\"   class=\"dtr31 dtc2\"><\/td><td  style=\"display: none\"   class=\"dtr31 dtc3\"><\/td><td  style=\"display: none\"   class=\"dtr31 dtc4\"><\/td><td  style=\"display: none\"   class=\"dtr31 dtc5\"><\/td><\/tr><tr class=\" row32\"><td    class=\"dtr32 dtc0\">Wheels<\/td><td    class=\"dtr32 dtc1\">Standard<\/td><td    class=\"dtr32 dtc2\">Standard<\/td><td    class=\"dtr32 dtc3\">-<\/td><td    class=\"dtr32 dtc4\">-<\/td><td    class=\"dtr32 dtc5\">-<\/td><\/tr><tr class=\" row33\"><td    class=\"dtr33 dtc0\">Trailer<\/td><td    class=\"dtr33 dtc1\"><\/td><td    class=\"dtr33 dtc2\">-<\/td><td    class=\"dtr33 dtc3\">Standard<\/td><td    class=\"dtr33 dtc4\">Standard<\/td><td    class=\"dtr33 dtc5\">Standard<\/td><\/tr><tr class=\" row34\"><td    class=\"dtr34 dtc0\">Skid Mounted<\/td><td    class=\"dtr34 dtc1\">Optional<\/td><td    class=\"dtr34 dtc2\">Optional<\/td><td    class=\"dtr34 dtc3\">Optional<\/td><td    class=\"dtr34 dtc4\">Optional<\/td><td    class=\"dtr34 dtc5\">Optional<\/td><\/tr><tr class=\" row35\"><td    class=\"dtr35 dtc0\">Rubber Track<\/td><td    class=\"dtr35 dtc1\">-<\/td><td    class=\"dtr35 dtc2\">-<\/td><td    class=\"dtr35 dtc3\">Optional<\/td><td    class=\"dtr35 dtc4\">Optional<\/td><td    class=\"dtr35 dtc5\">Optional<\/td><\/tr><\/tbody><tfoot><tr><td class=\"dtr35 dtc0\" style=\"height: 0;\"><\/td><td class=\"dtr35 dtc1\" style=\"height: 0;\"><\/td><td class=\"dtr35 dtc2\" style=\"height: 0;\"><\/td><td class=\"dtr35 dtc3\" style=\"height: 0;\"><\/td><td class=\"dtr35 dtc4\" style=\"height: 0;\"><\/td><td class=\"dtr35 dtc5\" style=\"height: 0;\"><\/td><\/tr><\/tfoot><\/table><\/div><style>#wptmtable109 .dataTables_wrapper > .dataTables_scroll {max-height:700px;overflow: auto;}<\/style><script>window.wptm_ajaxurl = 'https:\/\/mavideniz.com.tr\/wp-admin\/admin-ajax.php?juwpfisadmin=false&action=Wptm&'; window.wptm_front = 'https:\/\/mavideniz.com.tr\/wp-content\/plugins\/wp-table-manager\/app\/site\/assets\/'; window.wptm_style = 'https:\/\/mavideniz.com.tr\/wp-content\/uploads\/wptm\/';<\/script><\/div><style><\/style>\n","protected":false},"excerpt":{"rendered":"<p>Mavi Deniz Mini Vac Ta\u015f\u0131nabilir Vakum Sistemi, karadan veya denizden s\u0131v\u0131lar\u0131, kat\u0131lar\u0131 ve \u00e7amurlar\u0131 uzakla\u015ft\u0131r\u0131r. Mini Vakum sistemi, y\u00fcksek verimli [&hellip;]<\/p>\n","protected":false},"author":1,"featured_media":0,"parent":27378,"menu_order":0,"comment_status":"closed","ping_status":"closed","template":"","meta":{"site-sidebar-layout":"default","site-content-layout":"","ast-site-content-layout":"default","site-content-style":"default","site-sidebar-style":"default","ast-global-header-display":"","ast-banner-title-visibility":"","ast-main-header-display":"","ast-hfb-above-header-display":"","ast-hfb-below-header-display":"","ast-hfb-mobile-header-display":"","site-post-title":"","ast-breadcrumbs-content":"","ast-featured-img":"","footer-sml-layout":"","ast-disable-related-posts":"","theme-transparent-header-meta":"","adv-header-id-meta":"","stick-header-meta":"","header-above-stick-meta":"","header-main-stick-meta":"","header-below-stick-meta":"","astra-migrate-meta-layouts":"default","ast-page-background-enabled":"default","ast-page-background-meta":{"desktop":{"background-color":"var(--ast-global-color-5)","background-image":"","background-repeat":"repeat","background-position":"center center","background-size":"auto","background-attachment":"scroll","background-type":"","background-media":"","overlay-type":"","overlay-color":"","overlay-opacity":"","overlay-gradient":""},"tablet":{"background-color":"","background-image":"","background-repeat":"repeat","background-position":"center center","background-size":"auto","background-attachment":"scroll","background-type":"","background-media":"","overlay-type":"","overlay-color":"","overlay-opacity":"","overlay-gradient":""},"mobile":{"background-color":"","background-image":"","background-repeat":"repeat","background-position":"center center","background-size":"auto","background-attachment":"scroll","background-type":"","background-media":"","overlay-type":"","overlay-color":"","overlay-opacity":"","overlay-gradient":""}},"ast-content-background-meta":{"desktop":{"background-color":"var(--ast-global-color-4)","background-image":"","background-repeat":"repeat","background-position":"center center","background-size":"auto","background-attachment":"scroll","background-type":"","background-media":"","overlay-type":"","overlay-color":"","overlay-opacity":"","overlay-gradient":""},"tablet":{"background-color":"var(--ast-global-color-4)","background-image":"","background-repeat":"repeat","background-position":"center center","background-size":"auto","background-attachment":"scroll","background-type":"","background-media":"","overlay-type":"","overlay-color":"","overlay-opacity":"","overlay-gradient":""},"mobile":{"background-color":"var(--ast-global-color-4)","background-image":"","background-repeat":"repeat","background-position":"center center","background-size":"auto","background-attachment":"scroll","background-type":"","background-media":"","overlay-type":"","overlay-color":"","overlay-opacity":"","overlay-gradient":""}},"footnotes":""},"class_list":["post-27382","page","type-page","status-publish","hentry"],"_links":{"self":[{"href":"https:\/\/mavideniz.com.tr\/tr\/wp-json\/wp\/v2\/pages\/27382","targetHints":{"allow":["GET"]}}],"collection":[{"href":"https:\/\/mavideniz.com.tr\/tr\/wp-json\/wp\/v2\/pages"}],"about":[{"href":"https:\/\/mavideniz.com.tr\/tr\/wp-json\/wp\/v2\/types\/page"}],"author":[{"embeddable":true,"href":"https:\/\/mavideniz.com.tr\/tr\/wp-json\/wp\/v2\/users\/1"}],"replies":[{"embeddable":true,"href":"https:\/\/mavideniz.com.tr\/tr\/wp-json\/wp\/v2\/comments?post=27382"}],"version-history":[{"count":0,"href":"https:\/\/mavideniz.com.tr\/tr\/wp-json\/wp\/v2\/pages\/27382\/revisions"}],"up":[{"embeddable":true,"href":"https:\/\/mavideniz.com.tr\/tr\/wp-json\/wp\/v2\/pages\/27378"}],"wp:attachment":[{"href":"https:\/\/mavideniz.com.tr\/tr\/wp-json\/wp\/v2\/media?parent=27382"}],"curies":[{"name":"wp","href":"https:\/\/api.w.org\/{rel}","templated":true}]}}