{"id":27419,"date":"2021-10-09T18:37:28","date_gmt":"2021-10-09T18:37:28","guid":{"rendered":"https:\/\/mavideniz.com.tr\/?page_id=27419"},"modified":"2023-08-05T22:08:02","modified_gmt":"2023-08-05T22:08:02","slug":"amfibi-makine","status":"publish","type":"page","link":"https:\/\/mavideniz.com.tr\/tr\/gemiler-tekneler\/amfibi\/amfibi-makine\/","title":{"rendered":"Amfibi Makine"},"content":{"rendered":"\n<p>Mavideniz Amfibi Makinesi, 2003 y\u0131l\u0131nda ilk makinenin ihra\u00e7 edilmesinden bu yana d\u00fcnya \u00e7ap\u0131nda takdir g\u00f6rm\u00fc\u015ft\u00fcr. Bu Amfibi Makine, geni\u015f bir aksesuar yelpazesiyle birle\u015fti\u011finde Amfibi Makinesi pazarda benzersiz k\u0131lm\u0131\u015ft\u0131r. Amfibi Makinesi, \u00e7ok \u00e7e\u015fitli aparatlar tak\u0131lmas\u0131yla suda ya\u015fayan yabani otlar\u0131 ve kam\u0131\u015f b\u00fcy\u00fcmesini kesip toplayabilir, ekebilir, kazabilir, petrol s\u0131z\u0131nt\u0131lar\u0131n\u0131 temizleyebilir ve \u00e7ok daha fazlas\u0131n\u0131 yapabilir. Amfibi Makinesi amfibi do\u011fas\u0131, d\u00fc\u015f\u00fck zemin bas\u0131nc\u0131yla birle\u015fti\u011finde, hassas alanlarda \u00e7evreye zarar vermeden \u00e7al\u0131\u015fmas\u0131na olanak tan\u0131r.<\/p>\n<p>Bu Amfibi Makine, vah\u015fi ya\u015fam rezervleri, golf sahalar\u0131 ve normalde geleneksel makinelerle eri\u015filemeyen di\u011fer hassas alanlarda \u00e7al\u0131\u015fmak i\u00e7in idealdir. Karadan suya seyahat edebilmek, sulak alan koruma y\u00f6netiminde sadece m\u00fckemmel bir varl\u0131kt\u0131r. Amfibi Makinesi hassas joystick y\u00f6nlendirmesi, operat\u00f6re dar kanallarda ve engellerin yak\u0131n\u0131nda m\u00fckemmel kontrol sa\u011flar.<\/p>\n<p>Amfibi Makine kendi ekseninde h\u0131zla d\u00f6nebilir. Amfibi Makinesi tam h\u0131zdan itibaren yar\u0131m metreden daha k\u0131sa bir s\u00fcrede duracakt\u0131r.<\/p>\n<p>Makine kald\u0131rma kolundaki AM braketi, operat\u00f6r\u00fcn aletleri h\u0131zl\u0131 ve kolay bir \u015fekilde de\u011fi\u015ftirmesini sa\u011flar. Bir ki\u015fi makineyi kolayca idare edebilir. Amfibi Makine, nakliyeyi \u00e7ok uygun maliyetli hale getiren bir karayolu r\u00f6mork\u00fcne &#8216;y\u00fcr\u00fcmek ve \u00e7\u0131kmak&#8217; i\u00e7in tasarlanm\u0131\u015ft\u0131r.<\/p>\n<p><strong>Bu Amfibi Makine, benzersiz bir \u015fekilde s\u0131f\u0131rdan s\u0131n\u0131rs\u0131z derinli\u011fe kadar herhangi bir su derinli\u011finde \u00e7al\u0131\u015fabilir.<\/strong><\/p>\n<ul>\n<li>Yabani ot kesimi (yakla\u015f\u0131k 2,2 m derinli\u011fe kadar)<\/li>\n<li>K\u0131y\u0131larda ve 2 m&#8217;ye kadar su derinliklerinde kam\u0131\u015f kesimi<\/li>\n<li>K\u0131y\u0131 kesimi ve tekrardan \u015fekillendirme<\/li>\n<li>Kaz\u0131 ve k\u00fc\u00e7\u00fck tarama i\u015fleri ve<\/li>\n<li>Y\u00fczen ot hasad\u0131.<\/li>\n<\/ul>\n<p>Amfibi Makine, limanlar\u0131, marinalar\u0131, kanallar\u0131, su yollar\u0131n\u0131, batakl\u0131klar\u0131, g\u00f6letleri, barajlar\u0131, su basm\u0131\u015f arazileri vb. korumak ve eski haline getirmek i\u00e7in tasarlanm\u0131\u015ft\u0131r.<br \/>\nBa\u011flanmas\u0131 kolay ekipman, uygun ara\u00e7 setinin h\u0131zl\u0131 kurulumunu kolayla\u015ft\u0131r\u0131r ve makineyi dakikalar i\u00e7inde bir tarak, bi\u00e7me makinesi, bi\u00e7erd\u00f6ver veya ekskavat\u00f6re d\u00f6n\u00fc\u015ft\u00fcr\u00fcr.<br \/>\nTamamen \u00e7ok i\u015flevlidir ve amfibi makinenin potansiyelini sonuna kadar kullanmas\u0131na izin verir.<\/p>\n<p><strong>H\u0131z sabitleme (cruise control):<\/strong><\/p>\n<p>Seyahat h\u0131zlar\u0131 lastikli ara\u00e7lara k\u0131yasla olduk\u00e7a d\u00fc\u015f\u00fck olan paletli makinelerin saha i\u00e7erisinde, uzun mesafeleri kat etmeleri operat\u00f6rler a\u00e7\u0131s\u0131ndan yorucu olabiliyor. \u0130\u015fte bu noktada Mavideniz, otomobillerdeki h\u0131z sabitleme \u00f6zelli\u011fini yeni Nesil amfibik makinalara ta\u015f\u0131yarak fark yarat\u0131yor. Bu sayede operat\u00f6r joystick \u00fczerindeki bir d\u00fc\u011fmeye basarak, joysticki kullanmadan, mevcut h\u0131z\u0131yla otomatik olarak y\u00fcr\u00fcy\u00fc\u015f\u00fcne devam edebiliyor<\/p>\n<p><strong>Standart LCD ekran:<\/strong><\/p>\n<p>Yeni nesilde standart olarak sunulan LCD ekran \u00fczerinden hidrolik debi, ata\u015fman ve klima ayarlamalar\u0131 yap\u0131labiliyor. \u0130ste\u011fe ba\u011fl\u0131 olarak sunulan Bluetooth \u00f6zelli\u011fi sayesinde cep telefonuna ba\u011flan\u0131larak telefon g\u00f6r\u00fc\u015fmeleri yap\u0131labiliyor, m\u00fczik listesi ve radyo dinlenebiliyor.<\/p>\n<p><strong>Bu Amfibi Makine \u00e7e\u015fitli i\u015flemler i\u00e7in kullan\u0131labilir:<\/strong><\/p>\n<ul>\n<li>Bi\u00e7me ve Hasat<\/li>\n<li>Tarama<\/li>\n<li>Kaz\u0131<\/li>\n<li>Petrol s\u0131z\u0131nt\u0131s\u0131 temizleme<\/li>\n<li>Deniz sahas\u0131 bak\u0131m\u0131<\/li>\n<\/ul>\n<p>Bu Amfibi Makine hem karada hem de suda \u00e7al\u0131\u015ft\u0131r\u0131labilir. Amfibi Makine manevra kabiliyetine sahiptir ve suda kendi ekseni \u00fczerinde d\u00f6nebilme \u00f6zelli\u011fine sahiptir. Bu nedenle, eri\u015filemeyen batakl\u0131k alanlarda ve s\u0131\u011f sularda kullan\u0131m i\u00e7in idealdir.<\/p>\n<p>\u0130ki geni\u015f parkur \u00fczerindeki hafif da\u011f\u0131l\u0131m\u0131, parklar, ekili bah\u00e7eler ve golf sahalar\u0131 gibi hassas alanlar i\u00e7in uygundur. Amfibi Makinenin minimum zemin bas\u0131nc\u0131, \u00e7al\u0131\u015fma s\u0131ras\u0131nda alt tabakaya neredeyse hi\u00e7 zarar vermez.<\/p>\n<p><strong>Aksesuarlar<\/strong><\/p>\n<p>\u0130\u015fin t\u00fcr\u00fcne ba\u011fl\u0131 olarak, ilgili aletler sol kola tak\u0131l\u0131r veya uygunsa do\u011frudan geminin hidroli\u011fine ba\u011flan\u0131r.<br \/>\nAmfibi Makinas\u0131;<\/p>\n<ul>\n<li>Bi\u00e7me i\u00e7in farkl\u0131 kesiciler<\/li>\n<li>Kesilen malzemeyi temizlemek\/toplamak i\u00e7in t\u0131rm\u0131klar<\/li>\n<li>Petrol s\u0131z\u0131nt\u0131s\u0131 veya mavi algler i\u00e7in s\u0131y\u0131r\u0131c\u0131lar<\/li>\n<li>Tarama i\u00e7in tarama pompas\u0131<\/li>\n<li>Tarama, set restorasyonu, malzeme ta\u015f\u0131ma vb. i\u00e7in \u00e7e\u015fitli kovalara sahip kaz\u0131 birimi.<\/li>\n<\/ul>\n<p>Her biri farkl\u0131 motorlara, hidrolik sistemlere ve aksesuarlara sahip \u00fc\u00e7 Amfibi modeli sunuyoruz. Amfibi Makinesi hidrostatik hidrolik sisteme sahiptir. Amfibi Makinesi AM 4700, 5000, 5500, pompalar, \u00f6\u011f\u00fct\u00fcc\u00fcler ve \u00f6\u011f\u00fct\u00fcc\u00fcler gibi zorlu ara\u00e7lara daha fazla g\u00fc\u00e7 sa\u011flayan bir y\u00fck alg\u0131lama sistemine sahiptir.<\/p>\n<p>Uluslararas\u0131 Denizcilik \u00d6rg\u00fct\u00fc, bu y\u00fczy\u0131l\u0131n sonuna kadar sera gaz\u0131 (GHG) emisyonlar\u0131n\u0131 s\u0131f\u0131ra indirme stratejisini a\u00e7\u0131klarken, deniz \u00e7evre d\u00fczenlemeleri d\u00fcnya \u00e7ap\u0131nda s\u0131k\u0131la\u015ft\u0131r\u0131ld\u0131. Emisyon kontrol alanlar\u0131n\u0131n uygulanmas\u0131 gemi operasyonlar\u0131n\u0131 etkilemeye ba\u015flam\u0131\u015ft\u0131r. Mavi Deniz, \u00e7ift yak\u0131tl\u0131 \u00e7\u00f6z\u00fcmler ve daha temiz ye\u015fil g\u00fc\u00e7 teknolojileri geli\u015ftirerek yeni emisyon kontrol d\u00fczenlemelerini ba\u015far\u0131yla ba\u015flatt\u0131. Mavi Deniz&#8217;in Ye\u015fil G\u00fc\u00e7 Se\u00e7enekleri; G\u00fcne\u015f Enerjisi Sistemi, Batarya G\u00fc\u00e7 Sistemi, Hidrojen Yak\u0131t Pili Sistemi, LPG Sistemi, g\u00fcverte ekipman\u0131 ve tahrik sistemi dahil olmak \u00fczere Amfibi Makineye tam olarak entegre edilebilir.<\/p>\n<p><span style=\"color: #339966;\"><strong>Amfibi Makine Ye\u015fil G\u00fc\u00e7 Se\u00e7enekleri<\/strong><\/span><\/p>\n<ul>\n<li>G\u00fcne\u015f Enerjisi Sistemiyle G\u00fc\u00e7lendirilir<\/li>\n<li>Pil G\u00fc\u00e7 Sistemi ile G\u00fc\u00e7lendirilir<\/li>\n<li>Hidrojen Yak\u0131t H\u00fccresi Sistemiyle G\u00fc\u00e7lendirilir<\/li>\n<li>LPG Sistemi ile G\u00fc\u00e7lendirilir<\/li>\n<\/ul>\n<p><strong>Opsiyonel ekipman<\/strong><\/p>\n<ul>\n<li>Pervane tahriki<\/li>\n<li>Treyler<\/li>\n<li>Sprey sistemi<\/li>\n<li>Zincir di\u015flisi<\/li>\n<li>Ta\u015f\u0131ma yata\u011f\u0131<\/li>\n<li>Kesici \u00fcniteler<\/li>\n<li>Koleksiyon t\u0131rm\u0131klar\u0131<\/li>\n<li>Ekskavat\u00f6r \u00fcnitesi<\/li>\n<li>Tarama pompas\u0131<\/li>\n<li>Petrol s\u0131z\u0131nt\u0131s\u0131 ekipmanlar\u0131<\/li>\n<li>Odun par\u00e7alay\u0131c\u0131<\/li>\n<li>Miller<\/li>\n<li>Hidrolik \u00c7eki\u00e7<\/li>\n<li>Treyler<\/li>\n<\/ul>\n<div class=\"wptm_table tablesorter-bootstrap \" data-id=\"85\" data-hightlight=\"0\"><div class=\"wptm_buttons buttons_wptmTbl85\"><\/div><div class=\"wptmresponsive dataTables-wptmtable wptmtable \" id=\"wptmtable85\" data-tableid=\"wptmTbl85\"><table data-count-header=\"1\"  data-format-decimal_count=\"0\" data-format-decimal_symbol=\".\" data-format-symbol_position=\"0\" data-format-thousand_symbol=\",\"  data-format-currency_symbol=\"$\"  data-name-style=\"85_1614517810.css\" data-format=\"mm\/dd\/yyyy\" id=\"wptmTbl85\" data-id=\"85\" data-responsive=\"false\" data-hideCols=\"false\"  data-type=\"html\" data-paging=\"false\" data-searching=\"true\"  data-ordering=\"false\" data-table-breakpoint=\"980\" data-scroll-x=\"true\" data-scroll-collapse=\"true\" data-align=\"center\" data-range=\"[]\" data-hideColumn=\"[0,0,0,0]\" data-colwidths=\"[280,280,280,280]\" class=\"wptm_main_table  disablePager hideScrollHeader\"><colgroup><col data-dtr=\"0\" data-dtc=\"0\" class=\"dtc0\"><col data-dtr=\"0\" data-dtc=\"1\" class=\"dtc1\"><col data-dtr=\"0\" data-dtc=\"2\" class=\"dtc2\"><col data-dtr=\"0\" data-dtc=\"3\" class=\"dtc3\"><\/colgroup><thead><tr class=\"wptm-header-cells-index dnone\"><th rowspan=\"1\" colspan=\"1\" data-dtr=\"0\" data-dtc=\"0\" class=\"dtr0 dtc0\"><\/th><th rowspan=\"1\" colspan=\"1\" data-dtr=\"0\" data-dtc=\"1\" class=\"dtr0 dtc1\"><\/th><th rowspan=\"1\" colspan=\"1\" data-dtr=\"0\" data-dtc=\"2\" class=\"dtr0 dtc2\"><\/th><th rowspan=\"1\" colspan=\"1\" data-dtr=\"0\" data-dtc=\"3\" class=\"dtr0 dtc3\"><\/th><\/tr><tr class=\" row0\"><th   data-priority=\"0\" class=\"dtr0 dtc0\"><\/th><th   data-priority=\"0\" class=\"dtr0 dtc1\">AM 4700<\/th><th   data-priority=\"0\" class=\"dtr0 dtc2\">AM 5000<\/th><th   data-priority=\"0\" class=\"dtr0 dtc3\">AM 5500<\/th><\/thead><tbody><tr class=\" row1\"><td    class=\"dtr1 dtc0\">Lenght<\/td><td    class=\"dtr1 dtc1\">4.7 m<\/td><td    class=\"dtr1 dtc2\">4.7 m<\/td><td    class=\"dtr1 dtc3\">4.7 m<\/td><\/tr><tr class=\" row2\"><td    class=\"dtr2 dtc0\">Width<\/td><td    class=\"dtr2 dtc1\">2.1 m<\/td><td    class=\"dtr2 dtc2\">2.1 m<\/td><td    class=\"dtr2 dtc3\">2.1 m<\/td><\/tr><tr class=\" row3\"><td    class=\"dtr3 dtc0\">Height<\/td><td    class=\"dtr3 dtc1\">2.1 m<\/td><td    class=\"dtr3 dtc2\">2.1 m<\/td><td    class=\"dtr3 dtc3\">2.1 m<\/td><\/tr><tr class=\" row4\"><td    class=\"dtr4 dtc0\">Weight<\/td><td    class=\"dtr4 dtc1\">1370 kg<\/td><td    class=\"dtr4 dtc2\">1400 kg<\/td><td    class=\"dtr4 dtc3\">2400 kg<\/td><\/tr><tr class=\" row5\"><td    class=\"dtr5 dtc0\">Engine<\/td><td    class=\"dtr5 dtc1\">Water Cooled Diesel, 33 HP<\/td><td    class=\"dtr5 dtc2\">Water Cooled Diesel, 45 HP<\/td><td    class=\"dtr5 dtc3\">Water Cooled Diesel, 74 HP<\/td><\/tr><tr class=\" row6\"><td    class=\"dtr6 dtc0\">Hydraulic Oil Tank Capacity<\/td><td    class=\"dtr6 dtc1\">60 lt<\/td><td    class=\"dtr6 dtc2\">70 lt<\/td><td    class=\"dtr6 dtc3\">100 lt<\/td><\/tr><tr class=\" row7\"><td    class=\"dtr7 dtc0\">Fuel Capacity<\/td><td    class=\"dtr7 dtc1\">20 lt<\/td><td    class=\"dtr7 dtc2\">25 lt<\/td><td    class=\"dtr7 dtc3\">50 lt<\/td><\/tr><tr class=\" row8\"><td    class=\"dtr8 dtc0\">Lifting Capacity<\/td><td    class=\"dtr8 dtc1\">250 kg<\/td><td    class=\"dtr8 dtc2\">250 kg<\/td><td    class=\"dtr8 dtc3\">500 kg<\/td><\/tr><tr class=\" row9\"><td    class=\"dtr9 dtc0\">Speed<\/td><td    class=\"dtr9 dtc1\">Max 4 - 3 mph<\/td><td    class=\"dtr9 dtc2\">Max 4 - 3 mph<\/td><td    class=\"dtr9 dtc3\">Max 4 - 3 mph<\/td><\/tr><tr class=\" row10\"><td    class=\"dtr10 dtc0\">Track System<\/td><td    class=\"dtr10 dtc1\">Rubber Paddle Track (Standard)<\/td><td    class=\"dtr10 dtc2\">Rubber Paddle Track (Standard)<\/td><td    class=\"dtr10 dtc3\">Rubber Paddle Track (Standard) <br \/>\nWheel Tire Drive (Optional)<\/td><\/tr><tr class=\" row11\"><td    class=\"dtr11 dtc0\">Electrical System<\/td><td    class=\"dtr11 dtc1\">12 Volt<\/td><td    class=\"dtr11 dtc2\">12 Volt<\/td><td    class=\"dtr11 dtc3\">12 Volt<\/td><\/tr><tr class=\" row12\"><td    class=\"dtr12 dtc0\">Joysticks<\/td><td    class=\"dtr12 dtc1\">Left + Right ( Forward - Reverse )<\/td><td    class=\"dtr12 dtc2\">Left + Right ( Forward - Reverse )<\/td><td    class=\"dtr12 dtc3\">Left + Right ( Forward - Reverse )<\/td><\/tr><tr class=\" row13\"><td    class=\"dtr13 dtc0\">Material<\/td><td    class=\"dtr13 dtc1\">Aluminum<\/td><td    class=\"dtr13 dtc2\">Aluminum<\/td><td    class=\"dtr13 dtc3\">Aluminum<\/td><\/tr><\/tbody><tfoot><tr><td class=\"dtr13 dtc0\" style=\"height: 0;\"><\/td><td class=\"dtr13 dtc1\" style=\"height: 0;\"><\/td><td class=\"dtr13 dtc2\" style=\"height: 0;\"><\/td><td class=\"dtr13 dtc3\" style=\"height: 0;\"><\/td><\/tr><\/tfoot><\/table><\/div><style>#wptmtable85 .dataTables_wrapper > .dataTables_scroll {max-height: unset;overflow: auto;}<\/style><script>window.wptm_ajaxurl = 'https:\/\/mavideniz.com.tr\/wp-admin\/admin-ajax.php?juwpfisadmin=false&action=Wptm&'; window.wptm_front = 'https:\/\/mavideniz.com.tr\/wp-content\/plugins\/wp-table-manager\/app\/site\/assets\/'; window.wptm_style = 'https:\/\/mavideniz.com.tr\/wp-content\/uploads\/wptm\/';<\/script><\/div><style><\/style>\n","protected":false},"excerpt":{"rendered":"<p>Mavideniz Amfibi Makinesi, 2003 y\u0131l\u0131nda ilk makinenin ihra\u00e7 edilmesinden bu yana d\u00fcnya \u00e7ap\u0131nda takdir g\u00f6rm\u00fc\u015ft\u00fcr. Bu Amfibi Makine, geni\u015f bir [&hellip;]<\/p>\n","protected":false},"author":1,"featured_media":0,"parent":27417,"menu_order":0,"comment_status":"closed","ping_status":"closed","template":"","meta":{"site-sidebar-layout":"default","site-content-layout":"","ast-site-content-layout":"default","site-content-style":"default","site-sidebar-style":"default","ast-global-header-display":"","ast-banner-title-visibility":"","ast-main-header-display":"","ast-hfb-above-header-display":"","ast-hfb-below-header-display":"","ast-hfb-mobile-header-display":"","site-post-title":"","ast-breadcrumbs-content":"","ast-featured-img":"","footer-sml-layout":"","ast-disable-related-posts":"","theme-transparent-header-meta":"","adv-header-id-meta":"","stick-header-meta":"","header-above-stick-meta":"","header-main-stick-meta":"","header-below-stick-meta":"","astra-migrate-meta-layouts":"default","ast-page-background-enabled":"default","ast-page-background-meta":{"desktop":{"background-color":"var(--ast-global-color-5)","background-image":"","background-repeat":"repeat","background-position":"center center","background-size":"auto","background-attachment":"scroll","background-type":"","background-media":"","overlay-type":"","overlay-color":"","overlay-opacity":"","overlay-gradient":""},"tablet":{"background-color":"","background-image":"","background-repeat":"repeat","background-position":"center center","background-size":"auto","background-attachment":"scroll","background-type":"","background-media":"","overlay-type":"","overlay-color":"","overlay-opacity":"","overlay-gradient":""},"mobile":{"background-color":"","background-image":"","background-repeat":"repeat","background-position":"center center","background-size":"auto","background-attachment":"scroll","background-type":"","background-media":"","overlay-type":"","overlay-color":"","overlay-opacity":"","overlay-gradient":""}},"ast-content-background-meta":{"desktop":{"background-color":"var(--ast-global-color-4)","background-image":"","background-repeat":"repeat","background-position":"center center","background-size":"auto","background-attachment":"scroll","background-type":"","background-media":"","overlay-type":"","overlay-color":"","overlay-opacity":"","overlay-gradient":""},"tablet":{"background-color":"var(--ast-global-color-4)","background-image":"","background-repeat":"repeat","background-position":"center center","background-size":"auto","background-attachment":"scroll","background-type":"","background-media":"","overlay-type":"","overlay-color":"","overlay-opacity":"","overlay-gradient":""},"mobile":{"background-color":"var(--ast-global-color-4)","background-image":"","background-repeat":"repeat","background-position":"center center","background-size":"auto","background-attachment":"scroll","background-type":"","background-media":"","overlay-type":"","overlay-color":"","overlay-opacity":"","overlay-gradient":""}},"footnotes":""},"class_list":["post-27419","page","type-page","status-publish","hentry"],"_links":{"self":[{"href":"https:\/\/mavideniz.com.tr\/tr\/wp-json\/wp\/v2\/pages\/27419","targetHints":{"allow":["GET"]}}],"collection":[{"href":"https:\/\/mavideniz.com.tr\/tr\/wp-json\/wp\/v2\/pages"}],"about":[{"href":"https:\/\/mavideniz.com.tr\/tr\/wp-json\/wp\/v2\/types\/page"}],"author":[{"embeddable":true,"href":"https:\/\/mavideniz.com.tr\/tr\/wp-json\/wp\/v2\/users\/1"}],"replies":[{"embeddable":true,"href":"https:\/\/mavideniz.com.tr\/tr\/wp-json\/wp\/v2\/comments?post=27419"}],"version-history":[{"count":0,"href":"https:\/\/mavideniz.com.tr\/tr\/wp-json\/wp\/v2\/pages\/27419\/revisions"}],"up":[{"embeddable":true,"href":"https:\/\/mavideniz.com.tr\/tr\/wp-json\/wp\/v2\/pages\/27417"}],"wp:attachment":[{"href":"https:\/\/mavideniz.com.tr\/tr\/wp-json\/wp\/v2\/media?parent=27419"}],"curies":[{"name":"wp","href":"https:\/\/api.w.org\/{rel}","templated":true}]}}