{"id":27423,"date":"2021-10-09T19:07:59","date_gmt":"2021-10-09T19:07:59","guid":{"rendered":"https:\/\/mavideniz.com.tr\/?page_id=27423"},"modified":"2023-06-29T20:06:08","modified_gmt":"2023-06-29T20:06:08","slug":"cikarma-gemisi","status":"publish","type":"page","link":"https:\/\/mavideniz.com.tr\/tr\/gemiler-tekneler\/amfibi\/cikarma-gemisi\/","title":{"rendered":"\u00c7\u0131karma Gemisi"},"content":{"rendered":"\n<p>\u00c7\u0131karma Gemisi, armat\u00f6r, klas gereksinimi ve bayrak operasyonlar\u0131na g\u00f6re tasarlanm\u0131\u015ft\u0131r. Profesyonel \u0130\u015fler, Ula\u015ft\u0131rma, Petrol S\u0131z\u0131nt\u0131s\u0131 M\u00fcdahalesi, \u00d6l\u00e7me, Dal\u0131\u015f, Bal\u0131k\u00e7\u0131l\u0131k Ara\u015ft\u0131rmalar\u0131, Askeri operasyonlar i\u00e7in uygun \u00c7\u0131karma Gemisi. \u00c7\u0131karma Gemisi, y\u00fcksek manevra kabiliyetine sahip bir platformdur ve s\u0131\u011f\u00a0 suda kullan\u0131labilinir. \u00c7\u0131karma gemisinin malzemesi al\u00fcminyum veya \u00e7eliktir.<\/p>\n<p>Tasar\u0131m &#8211; kabinsiz + Dal\u0131\u015f + Ay Havuzu + Ate\u015f Canon + \u00c7eki Kancas\u0131 + Bariyer \u00c7ekme, Kargo G\u00fcverte Kapasitesi + A-\u00c7er\u00e7eve + Matafora + Vin\u00e7ler + Vin\u00e7 + \u00c7amurluk + Jenerat\u00f6r + Demirleme + Depolama + Yan &#8211; Yay Kap\u0131 + \u0130\u00e7 veya d\u0131\u015f tasar\u0131m.<\/p>\n<p>\u00c7\u0131karma Gemisi, herhangi bir tahrik sistemi ile \u00e7al\u0131\u015ft\u0131r\u0131labilir; tek veya \u00e7ift motorlu, i\u00e7ten takmal\u0131-d\u0131\u015ftan takmal\u0131 motorlar, kuyruk motoru, su jeti veya sabit hatveli pervane.<\/p>\n<p>Biz gemiyi teslim ettikten sonra ayn\u0131 performans ve kalitenin y\u0131llar sonra de\u011fi\u015fmedi\u011fini g\u00f6receksiniz; Performans\u0131 ve kaliteyi yakalamak i\u00e7in bir neden var, Ucuz \u00fcr\u00fcnleri se\u00e7miyoruz, \u00c7\u0131karma Gemisi + \u00c7\u0131karma Gemisi in\u015fa etmek i\u00e7in en iyi malzeme ve \u00fcr\u00fcnleri se\u00e7iyoruz ve ayr\u0131ca en iyi i\u015f\u00e7ileri, m\u00fchendisleri se\u00e7iyoruz. Operasyonel profiliniz ve gereksinimleriniz i\u00e7in tasar\u0131mlar\u0131 d\u00fczenleyebiliriz.<\/p>\n<p><strong>Ye\u015fil G\u00fc\u00e7 Se\u00e7enekleri<\/strong><\/p>\n<ul>\n<li>G\u00fcne\u015f Enerjisi Sistemi ile g\u00fc\u00e7lendirilmi\u015ftir<\/li>\n<li>Pil G\u00fc\u00e7 Sistemi ile g\u00fc\u00e7lendirilmi\u015ftir<\/li>\n<li>Hidrojen Yak\u0131t H\u00fccresi Sistemi ile g\u00fc\u00e7lendirilmi\u015ftir<\/li>\n<li>LPG Sistemli<\/li>\n<\/ul>\n<p><strong>\u00d6zellikleri<\/strong><\/p>\n<ul>\n<li>\u00c7\u0131karma Gemisi Teknesi + \u00c7\u0131karma Gemisi Gemisi, Deniz terminalleri, limanlar ve nehirlerdeki operasyonlar i\u00e7in idealdir.<\/li>\n<li>Landing Craft, T\u00fcm kaynakl\u0131 deniz s\u0131n\u0131f\u0131 al\u00fcminyum konstr\u00fcksiyon.<\/li>\n<li>\u00c7\u0131karma Gemisi, kargo kapasitesi i\u00e7in geni\u015f ve d\u00fcz bir g\u00fcverteye sahiptir.<\/li>\n<li>A\u00e7\u0131l\u0131r yay rampas\u0131<\/li>\n<li>S\u0131\u011f su, \u00fcst\u00fcn manevra kabiliyeti.<\/li>\n<li>Nispeten d\u00fc\u015f\u00fck g\u00fc\u00e7 giri\u015fi ile y\u00fcksek ge\u00e7i\u015f h\u0131zlar\u0131. ,<\/li>\n<li>\u00c7e\u015fitli tekerlek yuvas\u0131\/konsol tasar\u0131mlar\u0131.<\/li>\n<li>\u00c7\u0131karma Gemisi i\u00e7in \u00d6zel boyutlar mevcuttur.<\/li>\n<\/ul>\n<div class=\"wptm_table tablesorter-bootstrap \" data-id=\"83\" data-hightlight=\"0\"><div class=\"wptm_buttons buttons_wptmTbl83\"><\/div><div class=\"wptmresponsive dataTables-wptmtable wptmtable \" id=\"wptmtable83\" data-tableid=\"wptmTbl83\"><table data-count-header=\"1\"  data-format-decimal_count=\"0\" data-format-decimal_symbol=\".\" data-format-symbol_position=\"0\" data-format-thousand_symbol=\",\"  data-format-currency_symbol=\"$\"  data-name-style=\"83_1759815544.css\" data-format=\"YYYY-MM-DD\" id=\"wptmTbl83\" data-id=\"83\" data-responsive=\"false\" data-hideCols=\"false\"  data-type=\"html\" data-paging=\"false\" data-searching=\"true\"  data-ordering=\"false\" data-table-breakpoint=\"980\" data-scroll-x=\"true\" data-scroll-collapse=\"true\" data-align=\"center\" data-range=\"[]\" data-hideColumn=\"[0,0,0,0,0,0,0,0,0]\"  data-colwidths=\"[126,126,126,126,126,126,126,126,126]\"  data-colwidths_desktop=[]  data-colwidths_tablet=[]  data-colwidths_mobile=[]  class=\"wptm_main_table  disablePager hideScrollHeader\"><colgroup><col data-dtr=\"0\" data-dtc=\"0\" class=\"dtc0\"><col data-dtr=\"0\" data-dtc=\"1\" class=\"dtc1\"><col data-dtr=\"0\" data-dtc=\"2\" class=\"dtc2\"><col data-dtr=\"0\" data-dtc=\"3\" class=\"dtc3\"><col data-dtr=\"0\" data-dtc=\"4\" class=\"dtc4\"><col data-dtr=\"0\" data-dtc=\"5\" class=\"dtc5\"><col data-dtr=\"0\" data-dtc=\"6\" class=\"dtc6\"><col data-dtr=\"0\" data-dtc=\"7\" class=\"dtc7\"><col data-dtr=\"0\" data-dtc=\"8\" class=\"dtc8\"><\/colgroup><thead><tr class=\"wptm-header-cells-index\"><th rowspan=\"1\" colspan=\"1\" data-dtr=\"0\" data-dtc=\"0\" class=\"dtr0 dtc0\"><\/th><th rowspan=\"1\" colspan=\"1\" data-dtr=\"0\" data-dtc=\"1\" class=\"dtr0 dtc1\"><\/th><th rowspan=\"1\" colspan=\"1\" data-dtr=\"0\" data-dtc=\"2\" class=\"dtr0 dtc2\"><\/th><th rowspan=\"1\" colspan=\"1\" data-dtr=\"0\" data-dtc=\"3\" class=\"dtr0 dtc3\"><\/th><th rowspan=\"1\" colspan=\"1\" data-dtr=\"0\" data-dtc=\"4\" class=\"dtr0 dtc4\"><\/th><th rowspan=\"1\" colspan=\"1\" data-dtr=\"0\" data-dtc=\"5\" class=\"dtr0 dtc5\"><\/th><th rowspan=\"1\" colspan=\"1\" data-dtr=\"0\" data-dtc=\"6\" class=\"dtr0 dtc6\"><\/th><th rowspan=\"1\" colspan=\"1\" data-dtr=\"0\" data-dtc=\"7\" class=\"dtr0 dtc7\"><\/th><th rowspan=\"1\" colspan=\"1\" data-dtr=\"0\" data-dtc=\"8\" class=\"dtr0 dtc8\"><\/th><\/tr><tr class=\" row0\"><th   data-priority=\"0\" class=\"dtr0 dtc0\"><\/th><th   data-priority=\"0\" class=\"dtr0 dtc1\">Land Cat I<\/th><th   data-priority=\"0\" class=\"dtr0 dtc2\">Land Cat II<\/th><th   data-priority=\"0\" class=\"dtr0 dtc3\">Land Cat III<\/th><th   data-priority=\"0\" class=\"dtr0 dtc4\">Land Cat IV<\/th><th   data-priority=\"0\" class=\"dtr0 dtc5\">Land Cat V<\/th><th   data-priority=\"0\" class=\"dtr0 dtc6\">Land Cat VI<\/th><th   data-priority=\"0\" class=\"dtr0 dtc7\">Land Cat VII<\/th><th   data-priority=\"0\" class=\"dtr0 dtc8\">Land Cat VIII<\/th><\/thead><tbody><tr class=\" row1\"><td    class=\"dtr1 dtc0\">Length<\/td><td    class=\"dtr1 dtc1\">6.5 m<\/td><td    class=\"dtr1 dtc2\">7.5 m<\/td><td    class=\"dtr1 dtc3\">9.0 m<\/td><td    class=\"dtr1 dtc4\">10.5 m<\/td><td    class=\"dtr1 dtc5\">12.5 m<\/td><td    class=\"dtr1 dtc6\">15 m<\/td><td    class=\"dtr1 dtc7\">23 m<\/td><td    class=\"dtr1 dtc8\">27 m<\/td><\/tr><tr class=\" row2\"><td    class=\"dtr2 dtc0\">Width<\/td><td    class=\"dtr2 dtc1\">2.4 m<\/td><td    class=\"dtr2 dtc2\">2.6 m<\/td><td    class=\"dtr2 dtc3\">3 m<\/td><td    class=\"dtr2 dtc4\">3.3 m<\/td><td    class=\"dtr2 dtc5\">3.5 m<\/td><td    class=\"dtr2 dtc6\">4.9 m<\/td><td    class=\"dtr2 dtc7\">5.6 m<\/td><td    class=\"dtr2 dtc8\">6.8 m<\/td><\/tr><tr class=\" row3\"><td    class=\"dtr3 dtc0\">Draft<\/td><td    class=\"dtr3 dtc1\">0.5 m<\/td><td    class=\"dtr3 dtc2\">0.5 m<\/td><td    class=\"dtr3 dtc3\">0.5 m<\/td><td    class=\"dtr3 dtc4\">0.5 m<\/td><td    class=\"dtr3 dtc5\">0.5 m<\/td><td    class=\"dtr3 dtc6\">0.6 m<\/td><td    class=\"dtr3 dtc7\">0.8 m<\/td><td    class=\"dtr3 dtc8\">0.8 m<\/td><\/tr><tr class=\" row4\"><td    class=\"dtr4 dtc0\">Hull Type<\/td><td    class=\"dtr4 dtc1\">Mono Hull<\/td><td    class=\"dtr4 dtc2\">Mono Hull<\/td><td    class=\"dtr4 dtc3\">Mono Hull<\/td><td    class=\"dtr4 dtc4\">Mono Hull<\/td><td    class=\"dtr4 dtc5\">Mono Hull<\/td><td    class=\"dtr4 dtc6\">Mono Hull<\/td><td    class=\"dtr4 dtc7\">Mono Hull<\/td><td    class=\"dtr4 dtc8\">Mono Hull<\/td><\/tr><tr class=\" row5\"><td    class=\"dtr5 dtc0\">Material<\/td><td  colspan=\"8\"   class=\"dtr5 dtc1\">Aluminium ( Standard ) | Steel ( Optional )<\/td><td  style=\"display: none\"   class=\"dtr5 dtc2\"><\/td><td  style=\"display: none\"   class=\"dtr5 dtc3\"><\/td><td  style=\"display: none\"   class=\"dtr5 dtc4\"><\/td><td  style=\"display: none\"   class=\"dtr5 dtc5\"><\/td><td  style=\"display: none\"   class=\"dtr5 dtc6\"><\/td><td  style=\"display: none\"   class=\"dtr5 dtc7\"><\/td><td  style=\"display: none\"   class=\"dtr5 dtc8\"><\/td><\/tr><tr class=\" row6\"><td    class=\"dtr6 dtc0\">Wheelhouse<\/td><td  colspan=\"8\"   class=\"dtr6 dtc1\">Open or Closet Cabin<\/td><td  style=\"display: none\"   class=\"dtr6 dtc2\"><\/td><td  style=\"display: none\"   class=\"dtr6 dtc3\"><\/td><td  style=\"display: none\"   class=\"dtr6 dtc4\"><\/td><td  style=\"display: none\"   class=\"dtr6 dtc5\"><\/td><td  style=\"display: none\"   class=\"dtr6 dtc6\"><\/td><td  style=\"display: none\"   class=\"dtr6 dtc7\"><\/td><td  style=\"display: none\"   class=\"dtr6 dtc8\"><\/td><\/tr><tr class=\" row7\"><td    class=\"dtr7 dtc0\">Propulsion<\/td><td  colspan=\"8\"   class=\"dtr7 dtc1\">Waterjet | Sterndrive | Inboard-Outboard | Fixed Pitch Propeller | Mono - Twin Engine<\/td><td  style=\"display: none\"   class=\"dtr7 dtc2\"><\/td><td  style=\"display: none\"   class=\"dtr7 dtc3\"><\/td><td  style=\"display: none\"   class=\"dtr7 dtc4\"><\/td><td  style=\"display: none\"   class=\"dtr7 dtc5\"><\/td><td  style=\"display: none\"   class=\"dtr7 dtc6\"><\/td><td  style=\"display: none\"   class=\"dtr7 dtc7\"><\/td><td  style=\"display: none\"   class=\"dtr7 dtc8\"><\/td><\/tr><tr class=\" row8\"><td    class=\"dtr8 dtc0\">Speed<\/td><td  colspan=\"8\"   class=\"dtr8 dtc1\">Max 30  - 18 Knots<\/td><td  style=\"display: none\"   class=\"dtr8 dtc2\"><\/td><td  style=\"display: none\"   class=\"dtr8 dtc3\"><\/td><td  style=\"display: none\"   class=\"dtr8 dtc4\"><\/td><td  style=\"display: none\"   class=\"dtr8 dtc5\"><\/td><td  style=\"display: none\"   class=\"dtr8 dtc6\"><\/td><td  style=\"display: none\"   class=\"dtr8 dtc7\"><\/td><td  style=\"display: none\"   class=\"dtr8 dtc8\"><\/td><\/tr><tr class=\" row9\"><td    class=\"dtr9 dtc0\">Clear Deck Area<\/td><td    class=\"dtr9 dtc1\">2.5 m2<\/td><td    class=\"dtr9 dtc2\">3 m2<\/td><td    class=\"dtr9 dtc3\">4 m2<\/td><td    class=\"dtr9 dtc4\">5 m2<\/td><td    class=\"dtr9 dtc5\">10 m2<\/td><td    class=\"dtr9 dtc6\">15 m2<\/td><td    class=\"dtr9 dtc7\">65 m2<\/td><td    class=\"dtr9 dtc8\">75 m2<\/td><\/tr><tr class=\" row10\"><td    class=\"dtr10 dtc0\">Payload<\/td><td    class=\"dtr10 dtc1\">1 T<\/td><td    class=\"dtr10 dtc2\">1.7 T<\/td><td    class=\"dtr10 dtc3\">3.5 T<\/td><td    class=\"dtr10 dtc4\">4.0 T<\/td><td    class=\"dtr10 dtc5\">10 T<\/td><td    class=\"dtr10 dtc6\">12 T<\/td><td    class=\"dtr10 dtc7\">15 T<\/td><td    class=\"dtr10 dtc8\">20 T<\/td><\/tr><tr class=\" row11\"><td    class=\"dtr11 dtc0\">Optional<\/td><td  colspan=\"8\"   class=\"dtr11 dtc1\">Fire Canon \/ Oil Boom \/ Oil Skimmer \/ Spray System \/ Diving Equipments \/ Shacklers \/ Crane \/ Winch \/ Trailer \/ Bow - Side Door<\/td><td  style=\"display: none\"   class=\"dtr11 dtc2\"><\/td><td  style=\"display: none\"   class=\"dtr11 dtc3\"><\/td><td  style=\"display: none\"   class=\"dtr11 dtc4\"><\/td><td  style=\"display: none\"   class=\"dtr11 dtc5\"><\/td><td  style=\"display: none\"   class=\"dtr11 dtc6\"><\/td><td  style=\"display: none\"   class=\"dtr11 dtc7\"><\/td><td  style=\"display: none\"   class=\"dtr11 dtc8\"><\/td><\/tr><\/tbody><tfoot><tr><td class=\"dtr11 dtc0\" style=\"height: 0;\"><\/td><td class=\"dtr11 dtc1\" style=\"height: 0;\"><\/td><td class=\"dtr11 dtc2\" style=\"height: 0;\"><\/td><td class=\"dtr11 dtc3\" style=\"height: 0;\"><\/td><td class=\"dtr11 dtc4\" style=\"height: 0;\"><\/td><td class=\"dtr11 dtc5\" style=\"height: 0;\"><\/td><td class=\"dtr11 dtc6\" style=\"height: 0;\"><\/td><td class=\"dtr11 dtc7\" style=\"height: 0;\"><\/td><td class=\"dtr11 dtc8\" style=\"height: 0;\"><\/td><\/tr><\/tfoot><\/table><\/div><style>#wptmtable83 .dataTables_wrapper > .dataTables_scroll {max-height:500px;overflow: auto;}<\/style><script>window.wptm_ajaxurl = 'https:\/\/mavideniz.com.tr\/wp-admin\/admin-ajax.php?juwpfisadmin=false&action=Wptm&'; window.wptm_front = 'https:\/\/mavideniz.com.tr\/wp-content\/plugins\/wp-table-manager\/app\/site\/assets\/'; window.wptm_style = 'https:\/\/mavideniz.com.tr\/wp-content\/uploads\/wptm\/';<\/script><\/div><style><\/style>\n","protected":false},"excerpt":{"rendered":"<p>\u00c7\u0131karma Gemisi, armat\u00f6r, klas gereksinimi ve bayrak operasyonlar\u0131na g\u00f6re tasarlanm\u0131\u015ft\u0131r. Profesyonel \u0130\u015fler, Ula\u015ft\u0131rma, Petrol S\u0131z\u0131nt\u0131s\u0131 M\u00fcdahalesi, \u00d6l\u00e7me, Dal\u0131\u015f, Bal\u0131k\u00e7\u0131l\u0131k Ara\u015ft\u0131rmalar\u0131, [&hellip;]<\/p>\n","protected":false},"author":1,"featured_media":0,"parent":27417,"menu_order":0,"comment_status":"closed","ping_status":"closed","template":"","meta":{"site-sidebar-layout":"default","site-content-layout":"","ast-site-content-layout":"default","site-content-style":"default","site-sidebar-style":"default","ast-global-header-display":"","ast-banner-title-visibility":"","ast-main-header-display":"","ast-hfb-above-header-display":"","ast-hfb-below-header-display":"","ast-hfb-mobile-header-display":"","site-post-title":"","ast-breadcrumbs-content":"","ast-featured-img":"","footer-sml-layout":"","ast-disable-related-posts":"","theme-transparent-header-meta":"","adv-header-id-meta":"","stick-header-meta":"","header-above-stick-meta":"","header-main-stick-meta":"","header-below-stick-meta":"","astra-migrate-meta-layouts":"default","ast-page-background-enabled":"default","ast-page-background-meta":{"desktop":{"background-color":"var(--ast-global-color-5)","background-image":"","background-repeat":"repeat","background-position":"center center","background-size":"auto","background-attachment":"scroll","background-type":"","background-media":"","overlay-type":"","overlay-color":"","overlay-opacity":"","overlay-gradient":""},"tablet":{"background-color":"","background-image":"","background-repeat":"repeat","background-position":"center center","background-size":"auto","background-attachment":"scroll","background-type":"","background-media":"","overlay-type":"","overlay-color":"","overlay-opacity":"","overlay-gradient":""},"mobile":{"background-color":"","background-image":"","background-repeat":"repeat","background-position":"center center","background-size":"auto","background-attachment":"scroll","background-type":"","background-media":"","overlay-type":"","overlay-color":"","overlay-opacity":"","overlay-gradient":""}},"ast-content-background-meta":{"desktop":{"background-color":"var(--ast-global-color-4)","background-image":"","background-repeat":"repeat","background-position":"center center","background-size":"auto","background-attachment":"scroll","background-type":"","background-media":"","overlay-type":"","overlay-color":"","overlay-opacity":"","overlay-gradient":""},"tablet":{"background-color":"var(--ast-global-color-4)","background-image":"","background-repeat":"repeat","background-position":"center center","background-size":"auto","background-attachment":"scroll","background-type":"","background-media":"","overlay-type":"","overlay-color":"","overlay-opacity":"","overlay-gradient":""},"mobile":{"background-color":"var(--ast-global-color-4)","background-image":"","background-repeat":"repeat","background-position":"center center","background-size":"auto","background-attachment":"scroll","background-type":"","background-media":"","overlay-type":"","overlay-color":"","overlay-opacity":"","overlay-gradient":""}},"footnotes":""},"class_list":["post-27423","page","type-page","status-publish","hentry"],"_links":{"self":[{"href":"https:\/\/mavideniz.com.tr\/tr\/wp-json\/wp\/v2\/pages\/27423","targetHints":{"allow":["GET"]}}],"collection":[{"href":"https:\/\/mavideniz.com.tr\/tr\/wp-json\/wp\/v2\/pages"}],"about":[{"href":"https:\/\/mavideniz.com.tr\/tr\/wp-json\/wp\/v2\/types\/page"}],"author":[{"embeddable":true,"href":"https:\/\/mavideniz.com.tr\/tr\/wp-json\/wp\/v2\/users\/1"}],"replies":[{"embeddable":true,"href":"https:\/\/mavideniz.com.tr\/tr\/wp-json\/wp\/v2\/comments?post=27423"}],"version-history":[{"count":0,"href":"https:\/\/mavideniz.com.tr\/tr\/wp-json\/wp\/v2\/pages\/27423\/revisions"}],"up":[{"embeddable":true,"href":"https:\/\/mavideniz.com.tr\/tr\/wp-json\/wp\/v2\/pages\/27417"}],"wp:attachment":[{"href":"https:\/\/mavideniz.com.tr\/tr\/wp-json\/wp\/v2\/media?parent=27423"}],"curies":[{"name":"wp","href":"https:\/\/api.w.org\/{rel}","templated":true}]}}