{"id":27429,"date":"2021-10-09T19:51:06","date_gmt":"2021-10-09T19:51:06","guid":{"rendered":"https:\/\/mavideniz.com.tr\/?page_id=27429"},"modified":"2023-06-29T21:44:46","modified_gmt":"2023-06-29T21:44:46","slug":"sucul-ot-tasima-mavnasi","status":"publish","type":"page","link":"https:\/\/mavideniz.com.tr\/tr\/gemiler-tekneler\/sazlik-kesme-tasima\/sucul-ot-tasima-mavnasi\/","title":{"rendered":"Sucul Ot Ta\u015f\u0131ma Mavnas\u0131"},"content":{"rendered":"<p><span style=\"font-weight: 400;\"><\/span><\/p>\n<p>Sudaki Yabani Ot Ta\u015f\u0131ma Mavnas\u0131, sudan k\u0131y\u0131ya aktarmak \u00fczere \u00c7\u00f6p, Ot, Enkaz ve kat\u0131 aktarmak i\u00e7in tasarland\u0131. Sucul Ot Ta\u015f\u0131ma Mavnas\u0131, \u00e7ok az bo\u015faltma yeri veya uzak bo\u015falt\u0131m yerlerinin oldu\u011fu b\u00f6lgeler i\u00e7in ideal olup. Ta\u015f\u0131ma mavnas\u0131 ile Ot hasat bi\u00e7erd\u00f6verlerinin zaman kaybetmeden \u00e7al\u0131\u015fmaya devam edebilirler. Yabani Ot Ta\u015f\u0131ma Barge her \u015feyi y\u00fckleyin veya bo\u015falt\u0131n, Yabani ot y\u00fcklerini k\u0131y\u0131ya aktar\u0131n, hasat verimlili\u011fini art\u0131r\u0131n.<\/p>\n<p>Uluslararas\u0131 Denizcilik \u00d6rg\u00fct\u00fc, bu y\u00fczy\u0131l\u0131n sonuna kadar sera gaz\u0131 (GHG) emisyonlar\u0131n\u0131 s\u0131f\u0131ra indirme stratejisini a\u00e7\u0131klarken, deniz \u00e7evre d\u00fczenlemeleri d\u00fcnya \u00e7ap\u0131nda s\u0131k\u0131la\u015ft\u0131r\u0131ld\u0131. Emisyon kontrol alanlar\u0131n\u0131n uygulanmas\u0131 gemi operasyonlar\u0131n\u0131 etkilemeye ba\u015flam\u0131\u015ft\u0131r. Mavi Deniz, \u00e7ift yak\u0131tl\u0131 \u00e7\u00f6z\u00fcmler ve daha temiz ye\u015fil g\u00fc\u00e7 teknolojileri geli\u015ftirerek yeni emisyon kontrol d\u00fczenlemelerini ba\u015far\u0131yla ba\u015flatt\u0131. Mavi Deniz&#8217;in Ye\u015fil G\u00fc\u00e7 Se\u00e7enekleri; G\u00fcne\u015f Enerjisi Sistemi, Batarya G\u00fc\u00e7 Sistemi, Hidrojen Yak\u0131t H\u00fccresi Sistemi, LPG Sistemi, g\u00fcverte ekipman\u0131 ve tahrik sistemi dahil olmak \u00fczere Sucul Yabani Ot Ta\u015f\u0131ma Mavnas\u0131na tam olarak entegre edilebilir.<\/p>\n<p><span style=\"color: #339966;\"><strong>Sucul Ot Ta\u015f\u0131ma Mavnas\u0131 Ye\u015fil G\u00fc\u00e7 Se\u00e7enekleri<\/strong><\/span><\/p>\n<ul>\n<li>G\u00fcne\u015f Enerjisi Sistemiyle G\u00fc\u00e7lendirilir<\/li>\n<li>Pil G\u00fc\u00e7 Sistemi ile G\u00fc\u00e7lendirilir<\/li>\n<li>Hidrojen Yak\u0131t H\u00fccresi Sistemiyle G\u00fc\u00e7lendirilir<\/li>\n<li>LPG Sistemi ile G\u00fc\u00e7lendirilir<\/li>\n<\/ul>\n<p><span style=\"color: #000000;\"><strong>\u00d6zellikleri<\/strong><\/span><\/p>\n<ul>\n<li>Kendinden Y\u00fckleme ve Bo\u015faltma \u0130kmal ve Destek.<\/li>\n<li>G\u00fc\u00e7lendirilmi\u015f Ba\u015f ve K\u0131\u00e7l\u0131 A\u011f\u0131r Hizmet G\u00f6vdesi<\/li>\n<li>\u00c7\u00f6p S\u0131y\u0131r\u0131c\u0131lar, Nehir Temizleyici, G\u00f6l Temizleyici, Marina Temizleyici<\/li>\n<li>Fabrika \u00d6zelle\u015ftirmesi Olarak Mevcut T\u00fcm Di\u011fer Bi\u00e7erd\u00f6ver Markalar\u0131na ve S\u0131y\u0131r\u0131c\u0131 Teknelerine Uyarlama.<\/li>\n<li>Kontrol K\u00f6pr\u00fcs\u00fc \u00fczerinden 360 Derece g\u00f6r\u00fcn\u00fcm<\/li>\n<li>Parmak ucu Hidrolik Kontroller.<\/li>\n<li>\u00c7ift pervane sistemi ile y\u00fcksek manevra kabiliyeti<\/li>\n<li>Paslanmaz \u00e7elik Hidrolik Borular ve Ba\u011flant\u0131 Elemanlar\u0131.<\/li>\n<li>Ba\u015ftan &#8211; K\u0131\u00e7a A\u011f\u0131r Hizmet Tipi Hareketli Konvey\u00f6r<\/li>\n<li>Hidrolik Konvey\u00f6r Tahrikleri.<\/li>\n<li>Mafsall\u0131 Bo\u015faltma Konvey\u00f6r\u00fc.<\/li>\n<\/ul>\n<p><span style=\"font-weight: 400;\"><div class=\"wptm_table tablesorter-bootstrap \" data-id=\"68\" data-hightlight=\"0\"><div class=\"wptm_buttons buttons_wptmTbl68\"><\/div><div class=\"wptmresponsive dataTables-wptmtable wptmtable \" id=\"wptmtable68\" data-tableid=\"wptmTbl68\"><table data-count-header=\"1\"  data-format-decimal_count=\"0\" data-format-decimal_symbol=\".\" data-format-symbol_position=\"0\" data-format-thousand_symbol=\",\"  data-format-currency_symbol=\"$\"  data-name-style=\"68_1759813014.css\" data-format=\"YYYY-MM-DD\" id=\"wptmTbl68\" data-id=\"68\" data-responsive=\"false\" data-hideCols=\"false\"  data-type=\"html\" data-paging=\"false\" data-searching=\"true\"  data-ordering=\"false\" data-table-breakpoint=\"980\" data-scroll-x=\"true\" data-scroll-collapse=\"true\" data-align=\"center\" data-range=\"[]\" data-hideColumn=\"[0,0,0,0]\"  data-colwidths=\"[285,285,285,285]\"  data-colwidths_desktop=[]  data-colwidths_tablet=[]  data-colwidths_mobile=[]  class=\"wptm_main_table  disablePager hideScrollHeader\"><colgroup><col data-dtr=\"0\" data-dtc=\"0\" class=\"dtc0\"><col data-dtr=\"0\" data-dtc=\"1\" class=\"dtc1\"><col data-dtr=\"0\" data-dtc=\"2\" class=\"dtc2\"><col data-dtr=\"0\" data-dtc=\"3\" class=\"dtc3\"><\/colgroup><thead><tr class=\"wptm-header-cells-index\"><th rowspan=\"1\" colspan=\"1\" data-dtr=\"0\" data-dtc=\"0\" class=\"dtr0 dtc0\"><\/th><th rowspan=\"1\" colspan=\"1\" data-dtr=\"0\" data-dtc=\"1\" class=\"dtr0 dtc1\"><\/th><th rowspan=\"1\" colspan=\"1\" data-dtr=\"0\" data-dtc=\"2\" class=\"dtr0 dtc2\"><\/th><th rowspan=\"1\" colspan=\"1\" data-dtr=\"0\" data-dtc=\"3\" class=\"dtr0 dtc3\"><\/th><\/tr><tr class=\" row0\"><th   data-priority=\"0\" class=\"dtr0 dtc0\"><\/th><th   data-priority=\"0\" class=\"dtr0 dtc1\">Transport Barge 10<\/th><th   data-priority=\"0\" class=\"dtr0 dtc2\">Transport Barge 12<\/th><th   data-priority=\"0\" class=\"dtr0 dtc3\">Transport Barge 14<\/th><\/thead><tbody><tr class=\" row1\"><td    class=\"dtr1 dtc0\"><\/td><td    class=\"dtr1 dtc1\"><\/td><td    class=\"dtr1 dtc2\"><\/td><td    class=\"dtr1 dtc3\"><\/td><\/tr><tr class=\" row2\"><td  colspan=\"4\"   class=\"dtr2 dtc0\">Dimensions<\/td><td  style=\"display: none\"   class=\"dtr2 dtc1\"><\/td><td  style=\"display: none\"   class=\"dtr2 dtc2\"><\/td><td  style=\"display: none\"   class=\"dtr2 dtc3\"><\/td><\/tr><tr class=\" row3\"><td    class=\"dtr3 dtc0\">Length<\/td><td    class=\"dtr3 dtc1\">10 m<\/td><td    class=\"dtr3 dtc2\">12 m<\/td><td    class=\"dtr3 dtc3\">14 m<\/td><\/tr><tr class=\" row4\"><td    class=\"dtr4 dtc0\">Beam<\/td><td    class=\"dtr4 dtc1\">3 m<\/td><td    class=\"dtr4 dtc2\">3.3 m<\/td><td    class=\"dtr4 dtc3\">3.5 m<\/td><\/tr><tr class=\" row5\"><td    class=\"dtr5 dtc0\">Height<\/td><td    class=\"dtr5 dtc1\">0.6 m<\/td><td    class=\"dtr5 dtc2\">0.7 m<\/td><td    class=\"dtr5 dtc3\">0.8 m<\/td><\/tr><tr class=\" row6\"><td    class=\"dtr6 dtc0\">Draft<\/td><td    class=\"dtr6 dtc1\">2.3 m<\/td><td    class=\"dtr6 dtc2\">2.5 m<\/td><td    class=\"dtr6 dtc3\">2.5 m<\/td><\/tr><tr class=\" row7\"><td    class=\"dtr7 dtc0\"><\/td><td    class=\"dtr7 dtc1\"><\/td><td    class=\"dtr7 dtc2\"><\/td><td    class=\"dtr7 dtc3\"><\/td><\/tr><tr class=\" row8\"><td  colspan=\"4\"   class=\"dtr8 dtc0\">General<\/td><td  style=\"display: none\"   class=\"dtr8 dtc1\"><\/td><td  style=\"display: none\"   class=\"dtr8 dtc2\"><\/td><td  style=\"display: none\"   class=\"dtr8 dtc3\"><\/td><\/tr><tr class=\" row9\"><td    class=\"dtr9 dtc0\">Purpuse Of Vessel<\/td><td  colspan=\"3\"   class=\"dtr9 dtc1\">Aquatic Weed Harvesting + Transporting Weed + Dumping Weed + Trash and Debris Cleanup <\/td><td  style=\"display: none\"   class=\"dtr9 dtc2\"><\/td><td  style=\"display: none\"   class=\"dtr9 dtc3\"><\/td><\/tr><tr class=\" row10\"><td    class=\"dtr10 dtc0\">Hull Type<\/td><td  colspan=\"3\"   class=\"dtr10 dtc1\">Mono Hull ( Standard ) or Catamaran ( Optional )<\/td><td  style=\"display: none\"   class=\"dtr10 dtc2\"><\/td><td  style=\"display: none\"   class=\"dtr10 dtc3\"><\/td><\/tr><tr class=\" row11\"><td    class=\"dtr11 dtc0\">Material (Superstructure  + Hull)<\/td><td  colspan=\"3\"   class=\"dtr11 dtc1\">Steel ( Standard ) or Aluminium ( Optional )<\/td><td  style=\"display: none\"   class=\"dtr11 dtc2\"><\/td><td  style=\"display: none\"   class=\"dtr11 dtc3\"><\/td><\/tr><tr class=\" row12\"><td    class=\"dtr12 dtc0\">Classification (Optional)<\/td><td  colspan=\"3\"   class=\"dtr12 dtc1\">B.V. or Equivalent<\/td><td  style=\"display: none\"   class=\"dtr12 dtc2\"><\/td><td  style=\"display: none\"   class=\"dtr12 dtc3\"><\/td><\/tr><tr class=\" row13\"><td    class=\"dtr13 dtc0\">Weight<\/td><td    class=\"dtr13 dtc1\">1500 kg<\/td><td    class=\"dtr13 dtc2\">3000 kg<\/td><td    class=\"dtr13 dtc3\">3750 kg<\/td><\/tr><tr class=\" row14\"><td    class=\"dtr14 dtc0\">Paint<\/td><td  colspan=\"3\"   class=\"dtr14 dtc1\">Epoxy coating underwater hull, decks & superstructure with a lifetime of about 3 years.<\/td><td  style=\"display: none\"   class=\"dtr14 dtc2\"><\/td><td  style=\"display: none\"   class=\"dtr14 dtc3\"><\/td><\/tr><tr class=\" row15\"><td    class=\"dtr15 dtc0\"><\/td><td    class=\"dtr15 dtc1\"><\/td><td    class=\"dtr15 dtc2\"><\/td><td    class=\"dtr15 dtc3\"><\/td><\/tr><tr class=\" row16\"><td  colspan=\"4\"   class=\"dtr16 dtc0\">Tank Capacity<\/td><td  style=\"display: none\"   class=\"dtr16 dtc1\"><\/td><td  style=\"display: none\"   class=\"dtr16 dtc2\"><\/td><td  style=\"display: none\"   class=\"dtr16 dtc3\"><\/td><\/tr><tr class=\" row17\"><td    class=\"dtr17 dtc0\">Solid Waste Tank<\/td><td    class=\"dtr17 dtc1\">10 m\u00b3<\/td><td    class=\"dtr17 dtc2\">22 m\u00b3<\/td><td    class=\"dtr17 dtc3\">28 m\u00b3<\/td><\/tr><tr class=\" row18\"><td    class=\"dtr18 dtc0\">Hydraulic Tank<\/td><td    class=\"dtr18 dtc1\">50 lt<\/td><td    class=\"dtr18 dtc2\">70 lt<\/td><td    class=\"dtr18 dtc3\">100 lt<\/td><\/tr><tr class=\" row19\"><td    class=\"dtr19 dtc0\">F\/O Tank<\/td><td    class=\"dtr19 dtc1\">50 lt<\/td><td    class=\"dtr19 dtc2\">70 lt<\/td><td    class=\"dtr19 dtc3\">100 lt<\/td><\/tr><tr class=\" row20\"><td    class=\"dtr20 dtc0\"><\/td><td    class=\"dtr20 dtc1\"><\/td><td    class=\"dtr20 dtc2\"><\/td><td    class=\"dtr20 dtc3\"><\/td><\/tr><tr class=\" row21\"><td  colspan=\"4\"   class=\"dtr21 dtc0\">Power and Propulsion<\/td><td  style=\"display: none\"   class=\"dtr21 dtc1\"><\/td><td  style=\"display: none\"   class=\"dtr21 dtc2\"><\/td><td  style=\"display: none\"   class=\"dtr21 dtc3\"><\/td><\/tr><tr class=\" row22\"><td    class=\"dtr22 dtc0\">Propulsion<\/td><td  colspan=\"3\"   class=\"dtr22 dtc1\"> Sterndrive ( Optional ) | Fixed Pitch ( Optional ) | Azimuth Thruster ( Standard )<\/td><td  style=\"display: none\"   class=\"dtr22 dtc2\"><\/td><td  style=\"display: none\"   class=\"dtr22 dtc3\"><\/td><\/tr><tr class=\" row23\"><td    class=\"dtr23 dtc0\">Power<\/td><td  colspan=\"3\"   class=\"dtr23 dtc1\">Diesel ( Standard ) | Gasoline (Optional)<\/td><td  style=\"display: none\"   class=\"dtr23 dtc2\"><\/td><td  style=\"display: none\"   class=\"dtr23 dtc3\"><\/td><\/tr><tr class=\" row24\"><td    class=\"dtr24 dtc0\">Green Power<\/td><td  colspan=\"3\"   class=\"dtr24 dtc1\">Battery ( Optional ) | Hydroen Fuel Cell (Optional) | Solar Energy (Optional) | LPG System (Optional)<\/td><td  style=\"display: none\"   class=\"dtr24 dtc2\"><\/td><td  style=\"display: none\"   class=\"dtr24 dtc3\"><\/td><\/tr><tr class=\" row25\"><td    class=\"dtr25 dtc0\">Engine<\/td><td    class=\"dtr25 dtc1\">Water-cooled diesel, 57 HP<\/td><td    class=\"dtr25 dtc2\">Water-cooled diesel, 80 HP<\/td><td    class=\"dtr25 dtc3\">Water-cooled diesel, 115 HP<\/td><\/tr><tr class=\" row26\"><td    class=\"dtr26 dtc0\">Speed<\/td><td    class=\"dtr26 dtc1\">6 knot<\/td><td    class=\"dtr26 dtc2\">6 knot<\/td><td    class=\"dtr26 dtc3\">6 knot<\/td><\/tr><tr class=\" row27\"><td    class=\"dtr27 dtc0\">High Speed<\/td><td    class=\"dtr27 dtc1\">Optional<\/td><td    class=\"dtr27 dtc2\">Optional<\/td><td    class=\"dtr27 dtc3\">Optional<\/td><\/tr><tr class=\" row28\"><td    class=\"dtr28 dtc0\"><\/td><td    class=\"dtr28 dtc1\"><\/td><td    class=\"dtr28 dtc2\"><\/td><td    class=\"dtr28 dtc3\"><\/td><\/tr><tr class=\" row29\"><td  colspan=\"4\"   class=\"dtr29 dtc0\">Electronic and Navigation <\/td><td  style=\"display: none\"   class=\"dtr29 dtc1\"><\/td><td  style=\"display: none\"   class=\"dtr29 dtc2\"><\/td><td  style=\"display: none\"   class=\"dtr29 dtc3\"><\/td><\/tr><tr class=\" row30\"><td    class=\"dtr30 dtc0\">Standard<\/td><td  colspan=\"3\"   class=\"dtr30 dtc1\">Gyro Compass \/ Rudder Indicator \/ Lighting Projector \/ Navigation Safety Light<\/td><td  style=\"display: none\"   class=\"dtr30 dtc2\"><\/td><td  style=\"display: none\"   class=\"dtr30 dtc3\"><\/td><\/tr><tr class=\" row31\"><td    class=\"dtr31 dtc0\">Optional<\/td><td  colspan=\"3\"   class=\"dtr31 dtc1\"> Horn \/ Wiper \/ Screen Display \/ Radar \/ GPS \/ Echosounder \/ VHF \/  Wind Direction Indicator \/ Autopilot \/ CCTV \/ Modem \/ Solar Panel \/ Search Light<\/td><td  style=\"display: none\"   class=\"dtr31 dtc2\"><\/td><td  style=\"display: none\"   class=\"dtr31 dtc3\"><\/td><\/tr><tr class=\" row32\"><td    class=\"dtr32 dtc0\"><\/td><td    class=\"dtr32 dtc1\"><\/td><td    class=\"dtr32 dtc2\"><\/td><td    class=\"dtr32 dtc3\"><\/td><\/tr><tr class=\" row33\"><td  colspan=\"4\"   class=\"dtr33 dtc0\">Deck System<\/td><td  style=\"display: none\"   class=\"dtr33 dtc1\"><\/td><td  style=\"display: none\"   class=\"dtr33 dtc2\"><\/td><td  style=\"display: none\"   class=\"dtr33 dtc3\"><\/td><\/tr><tr class=\" row34\"><td    class=\"dtr34 dtc0\">Conveyor Mesh Material<\/td><td  colspan=\"3\"   class=\"dtr34 dtc1\">Galvanized (Optional) | Stainless Steel (Standard ) | Plastic (Optional)<\/td><td  style=\"display: none\"   class=\"dtr34 dtc2\"><\/td><td  style=\"display: none\"   class=\"dtr34 dtc3\"><\/td><\/tr><tr class=\" row35\"><td    class=\"dtr35 dtc0\">Conveyor Mesh Width<\/td><td    class=\"dtr35 dtc1\">2.3 m<\/td><td    class=\"dtr35 dtc2\">2.5 m<\/td><td    class=\"dtr35 dtc3\">2.7 m<\/td><\/tr><tr class=\" row36\"><td    class=\"dtr36 dtc0\">Conveyor Overhang<\/td><td    class=\"dtr36 dtc1\">2.2 m<\/td><td    class=\"dtr36 dtc2\">2.2 m<\/td><td    class=\"dtr36 dtc3\">2.2 m<\/td><\/tr><tr class=\" row37\"><td    class=\"dtr37 dtc0\">Crane<\/td><td  colspan=\"3\"   class=\"dtr37 dtc1\">Manual Foldable Crane up to 1 ton (Standard) - Hydraulic Foldable Knuckle Crane - Up to 1 ton @ 6m (Optional)<\/td><td  style=\"display: none\"   class=\"dtr37 dtc2\"><\/td><td  style=\"display: none\"   class=\"dtr37 dtc3\"><\/td><\/tr><tr class=\" row38\"><td    class=\"dtr38 dtc0\">Rescue Device<\/td><td  colspan=\"3\"   class=\"dtr38 dtc1\">1 x Rescue Boat<\/td><td  style=\"display: none\"   class=\"dtr38 dtc2\"><\/td><td  style=\"display: none\"   class=\"dtr38 dtc3\"><\/td><\/tr><tr class=\" row39\"><td    class=\"dtr39 dtc0\">Fire Fighting Equipment (Optional)<\/td><td  colspan=\"3\"   class=\"dtr39 dtc1\">1 pcs<\/td><td  style=\"display: none\"   class=\"dtr39 dtc2\"><\/td><td  style=\"display: none\"   class=\"dtr39 dtc3\"><\/td><\/tr><tr class=\" row40\"><td    class=\"dtr40 dtc0\">Dispersant System (Optional)<\/td><td    class=\"dtr40 dtc1\">MaviSpray - 100 lt\/min<\/td><td    class=\"dtr40 dtc2\">MaviSpray - 100 lt\/min<\/td><td    class=\"dtr40 dtc3\">MaviSpray - 100 lt\/min<\/td><\/tr><tr class=\" row41\"><td    class=\"dtr41 dtc0\">Fenders (Optional)<\/td><td  colspan=\"3\"   class=\"dtr41 dtc1\">Vessel Sides <\/td><td  style=\"display: none\"   class=\"dtr41 dtc2\"><\/td><td  style=\"display: none\"   class=\"dtr41 dtc3\"><\/td><\/tr><tr class=\" row42\"><td    class=\"dtr42 dtc0\">Anchor Windlasses (Optional)<\/td><td  colspan=\"3\"   class=\"dtr42 dtc1\">1 pcs<\/td><td  style=\"display: none\"   class=\"dtr42 dtc2\"><\/td><td  style=\"display: none\"   class=\"dtr42 dtc3\"><\/td><\/tr><tr class=\" row43\"><td    class=\"dtr43 dtc0\"><\/td><td    class=\"dtr43 dtc1\"><\/td><td    class=\"dtr43 dtc2\"><\/td><td    class=\"dtr43 dtc3\"><\/td><\/tr><tr class=\" row44\"><td  colspan=\"4\"   class=\"dtr44 dtc0\">Accommodations<\/td><td  style=\"display: none\"   class=\"dtr44 dtc1\"><\/td><td  style=\"display: none\"   class=\"dtr44 dtc2\"><\/td><td  style=\"display: none\"   class=\"dtr44 dtc3\"><\/td><\/tr><tr class=\" row45\"><td    class=\"dtr45 dtc0\">Wheelhouse<\/td><td  colspan=\"3\"   class=\"dtr45 dtc1\">1 x Operator\u2019s Seat with full instrumentation control panel without cabin<\/td><td  style=\"display: none\"   class=\"dtr45 dtc2\"><\/td><td  style=\"display: none\"   class=\"dtr45 dtc3\"><\/td><\/tr><tr class=\" row46\"><td    class=\"dtr46 dtc0\">Air Condition with Operator Cabin<\/td><td  colspan=\"3\"   class=\"dtr46 dtc1\">Heated (Standard) \/ Air-conditioned (Optional)<\/td><td  style=\"display: none\"   class=\"dtr46 dtc2\"><\/td><td  style=\"display: none\"   class=\"dtr46 dtc3\"><\/td><\/tr><tr class=\" row47\"><td    class=\"dtr47 dtc0\">Optional<\/td><td  colspan=\"3\"   class=\"dtr47 dtc1\">Seats \/ Sun-Rain Canopy \/ Operator Cabin \/ WC \/ Shower<\/td><td  style=\"display: none\"   class=\"dtr47 dtc2\"><\/td><td  style=\"display: none\"   class=\"dtr47 dtc3\"><\/td><\/tr><tr class=\" row48\"><td    class=\"dtr48 dtc0\"><\/td><td    class=\"dtr48 dtc1\"><\/td><td    class=\"dtr48 dtc2\"><\/td><td    class=\"dtr48 dtc3\"><\/td><\/tr><tr class=\" row49\"><td  colspan=\"4\"   class=\"dtr49 dtc0\">Optional \/ Accessories<\/td><td  style=\"display: none\"   class=\"dtr49 dtc1\"><\/td><td  style=\"display: none\"   class=\"dtr49 dtc2\"><\/td><td  style=\"display: none\"   class=\"dtr49 dtc3\"><\/td><\/tr><tr class=\" row50\"><td    class=\"dtr50 dtc0\">Optional<\/td><td  colspan=\"3\"   class=\"dtr50 dtc1\">Spare Parts Kits \/ First Aid Kit \/ Trailer Conveyor \/ Shore Conveyor \/ Tilt Deck Trailer \/ Propeller Weed Cutter<\/td><td  style=\"display: none\"   class=\"dtr50 dtc2\"><\/td><td  style=\"display: none\"   class=\"dtr50 dtc3\"><\/td><\/tr><\/tbody><tfoot><tr><td class=\"dtr50 dtc0\" style=\"height: 0;\"><\/td><td class=\"dtr50 dtc1\" style=\"height: 0;\"><\/td><td class=\"dtr50 dtc2\" style=\"height: 0;\"><\/td><td class=\"dtr50 dtc3\" style=\"height: 0;\"><\/td><\/tr><\/tfoot><\/table><\/div><style>#wptmtable68 .dataTables_wrapper > .dataTables_scroll {max-height:600px;overflow: auto;}<\/style><script>window.wptm_ajaxurl = 'https:\/\/mavideniz.com.tr\/wp-admin\/admin-ajax.php?juwpfisadmin=false&action=Wptm&'; window.wptm_front = 'https:\/\/mavideniz.com.tr\/wp-content\/plugins\/wp-table-manager\/app\/site\/assets\/'; window.wptm_style = 'https:\/\/mavideniz.com.tr\/wp-content\/uploads\/wptm\/';<\/script><\/div><style><\/style><\/span><\/p>\n","protected":false},"excerpt":{"rendered":"<p>Sudaki Yabani Ot Ta\u015f\u0131ma Mavnas\u0131, sudan k\u0131y\u0131ya aktarmak \u00fczere \u00c7\u00f6p, Ot, Enkaz ve kat\u0131 aktarmak i\u00e7in tasarland\u0131. Sucul Ot Ta\u015f\u0131ma [&hellip;]<\/p>\n","protected":false},"author":1,"featured_media":0,"parent":27427,"menu_order":0,"comment_status":"closed","ping_status":"closed","template":"","meta":{"site-sidebar-layout":"default","site-content-layout":"","ast-site-content-layout":"default","site-content-style":"default","site-sidebar-style":"default","ast-global-header-display":"","ast-banner-title-visibility":"","ast-main-header-display":"","ast-hfb-above-header-display":"","ast-hfb-below-header-display":"","ast-hfb-mobile-header-display":"","site-post-title":"","ast-breadcrumbs-content":"","ast-featured-img":"","footer-sml-layout":"","ast-disable-related-posts":"","theme-transparent-header-meta":"","adv-header-id-meta":"","stick-header-meta":"","header-above-stick-meta":"","header-main-stick-meta":"","header-below-stick-meta":"","astra-migrate-meta-layouts":"default","ast-page-background-enabled":"default","ast-page-background-meta":{"desktop":{"background-color":"var(--ast-global-color-5)","background-image":"","background-repeat":"repeat","background-position":"center center","background-size":"auto","background-attachment":"scroll","background-type":"","background-media":"","overlay-type":"","overlay-color":"","overlay-opacity":"","overlay-gradient":""},"tablet":{"background-color":"","background-image":"","background-repeat":"repeat","background-position":"center center","background-size":"auto","background-attachment":"scroll","background-type":"","background-media":"","overlay-type":"","overlay-color":"","overlay-opacity":"","overlay-gradient":""},"mobile":{"background-color":"","background-image":"","background-repeat":"repeat","background-position":"center center","background-size":"auto","background-attachment":"scroll","background-type":"","background-media":"","overlay-type":"","overlay-color":"","overlay-opacity":"","overlay-gradient":""}},"ast-content-background-meta":{"desktop":{"background-color":"var(--ast-global-color-4)","background-image":"","background-repeat":"repeat","background-position":"center center","background-size":"auto","background-attachment":"scroll","background-type":"","background-media":"","overlay-type":"","overlay-color":"","overlay-opacity":"","overlay-gradient":""},"tablet":{"background-color":"var(--ast-global-color-4)","background-image":"","background-repeat":"repeat","background-position":"center center","background-size":"auto","background-attachment":"scroll","background-type":"","background-media":"","overlay-type":"","overlay-color":"","overlay-opacity":"","overlay-gradient":""},"mobile":{"background-color":"var(--ast-global-color-4)","background-image":"","background-repeat":"repeat","background-position":"center center","background-size":"auto","background-attachment":"scroll","background-type":"","background-media":"","overlay-type":"","overlay-color":"","overlay-opacity":"","overlay-gradient":""}},"footnotes":""},"class_list":["post-27429","page","type-page","status-publish","hentry"],"_links":{"self":[{"href":"https:\/\/mavideniz.com.tr\/tr\/wp-json\/wp\/v2\/pages\/27429","targetHints":{"allow":["GET"]}}],"collection":[{"href":"https:\/\/mavideniz.com.tr\/tr\/wp-json\/wp\/v2\/pages"}],"about":[{"href":"https:\/\/mavideniz.com.tr\/tr\/wp-json\/wp\/v2\/types\/page"}],"author":[{"embeddable":true,"href":"https:\/\/mavideniz.com.tr\/tr\/wp-json\/wp\/v2\/users\/1"}],"replies":[{"embeddable":true,"href":"https:\/\/mavideniz.com.tr\/tr\/wp-json\/wp\/v2\/comments?post=27429"}],"version-history":[{"count":0,"href":"https:\/\/mavideniz.com.tr\/tr\/wp-json\/wp\/v2\/pages\/27429\/revisions"}],"up":[{"embeddable":true,"href":"https:\/\/mavideniz.com.tr\/tr\/wp-json\/wp\/v2\/pages\/27427"}],"wp:attachment":[{"href":"https:\/\/mavideniz.com.tr\/tr\/wp-json\/wp\/v2\/media?parent=27429"}],"curies":[{"name":"wp","href":"https:\/\/api.w.org\/{rel}","templated":true}]}}