{"id":27444,"date":"2021-10-15T11:49:50","date_gmt":"2021-10-15T11:49:50","guid":{"rendered":"https:\/\/mavideniz.com.tr\/?page_id=27444"},"modified":"2023-06-30T13:29:35","modified_gmt":"2023-06-30T13:29:35","slug":"aluminyum-calisma-tekneleri","status":"publish","type":"page","link":"https:\/\/mavideniz.com.tr\/tr\/gemiler-tekneler\/samandira-ellecleme-destek-gemisi\/aluminyum-calisma-tekneleri\/","title":{"rendered":"Al\u00fcminyum \u00c7al\u0131\u015fma Tekneleri"},"content":{"rendered":"<p><br \/>\nAl\u00fcminyum \u00e7al\u0131\u015fma tekneleri, i\u015f tekneleri veya e\u011flence i\u00e7in tasarlanm\u0131\u015ft\u0131r. Al\u00fcminyum i\u015f tekneleri hatt\u0131, \u00e7e\u015fitli uzunluklarda ve \u00f6zel yap\u0131mlarda mevcuttur. \u0130\u015f tekneleri, k\u0131y\u0131 operasyonlar\u0131 i\u00e7in uygun, derin V-g\u00f6vde \u015fekline sahip denizcilik s\u0131n\u0131f\u0131 al\u00fcminyumdan yap\u0131lm\u0131\u015ft\u0131r.<\/p>\n<p>Al\u00fcminyum \u00e7al\u0131\u015fma teknesi, bir bal\u0131k\u00e7\u0131 teknesi, kurtarma \u00e7al\u0131\u015fmalar\u0131 i\u00e7in bir platform, bir av teknesi veya servis \u00e7al\u0131\u015fmalar\u0131n\u0131n yan\u0131 s\u0131ra aile gezileri i\u00e7in \u00e7ok y\u00f6nl\u00fc bir tekne arayan sporcular i\u00e7in \u00e7ok uygundur. \u00c7al\u0131\u015fma tekneleri, kaymay\u0131 \u00f6nleyen ve kendi kendini bo\u015faltan bir g\u00fcverteye sahiptir ve standart olarak, ambar, iki direk, kald\u0131rma noktalar\u0131 &#8211; ekipman veya sedyeler i\u00e7in orta konsolun \u00f6n\u00fcnde \u00e7ok say\u0131da kargo odas\u0131, vb.<\/p>\n<p><strong>Ye\u015fil G\u00fc\u00e7 Se\u00e7enekleri<\/strong><\/p>\n<ul>\n<li>G\u00fcne\u015f Enerjisi Sistemi ile g\u00fc\u00e7lendirilmi\u015ftir<\/li>\n<li>Pil G\u00fc\u00e7 Sistemi ile g\u00fc\u00e7lendirilmi\u015ftir<\/li>\n<li>Hidrojen Yak\u0131t H\u00fccresi Sistemi ile g\u00fc\u00e7lendirilmi\u015ftir<\/li>\n<li>LPG Sistemli<\/li>\n<\/ul>\n<div class=\"wptm_table tablesorter-bootstrap \" data-id=\"142\" data-hightlight=\"0\"><div class=\"wptm_buttons buttons_wptmTbl142\"><\/div><div class=\"wptmresponsive dataTables-wptmtable wptmtable \" id=\"wptmtable142\" data-tableid=\"wptmTbl142\"><table data-count-header=\"1\"  data-format-decimal_count=\"0\" data-format-decimal_symbol=\".\" data-format-symbol_position=\"0\" data-format-thousand_symbol=\",\"  data-format-currency_symbol=\"$\"  data-name-style=\"142_1759815162.css\" data-format=\"YYYY-MM-DD\" id=\"wptmTbl142\" data-id=\"142\" data-responsive=\"false\" data-hideCols=\"false\"  data-type=\"html\" data-paging=\"false\" data-searching=\"true\"  data-ordering=\"false\" data-table-breakpoint=\"980\" data-scroll-x=\"true\" data-scroll-collapse=\"true\" data-align=\"center\" data-range=\"[]\" data-hideColumn=\"[0,0,0,0,0,0]\"  data-colwidths=\"[228,228,228,228,228,228]\"  data-colwidths_desktop=[]  data-colwidths_tablet=[]  data-colwidths_mobile=[]  class=\"wptm_main_table  disablePager hideScrollHeader\"><colgroup><col data-dtr=\"0\" data-dtc=\"0\" class=\"dtc0\"><col data-dtr=\"0\" data-dtc=\"1\" class=\"dtc1\"><col data-dtr=\"0\" data-dtc=\"2\" class=\"dtc2\"><col data-dtr=\"0\" data-dtc=\"3\" class=\"dtc3\"><col data-dtr=\"0\" data-dtc=\"4\" class=\"dtc4\"><col data-dtr=\"0\" data-dtc=\"5\" class=\"dtc5\"><\/colgroup><thead><tr class=\"wptm-header-cells-index\"><th rowspan=\"1\" colspan=\"1\" data-dtr=\"0\" data-dtc=\"0\" class=\"dtr0 dtc0\"><\/th><th rowspan=\"1\" colspan=\"1\" data-dtr=\"0\" data-dtc=\"1\" class=\"dtr0 dtc1\"><\/th><th rowspan=\"1\" colspan=\"1\" data-dtr=\"0\" data-dtc=\"2\" class=\"dtr0 dtc2\"><\/th><th rowspan=\"1\" colspan=\"1\" data-dtr=\"0\" data-dtc=\"3\" class=\"dtr0 dtc3\"><\/th><th rowspan=\"1\" colspan=\"1\" data-dtr=\"0\" data-dtc=\"4\" class=\"dtr0 dtc4\"><\/th><th rowspan=\"1\" colspan=\"1\" data-dtr=\"0\" data-dtc=\"5\" class=\"dtr0 dtc5\"><\/th><\/tr><tr class=\" row0\"><th   data-priority=\"0\" class=\"dtr0 dtc0\"><\/th><th   data-priority=\"0\" class=\"dtr0 dtc1\">Work Eagle 5<\/th><th   data-priority=\"0\" class=\"dtr0 dtc2\">Work Eagle 5.5<\/th><th   data-priority=\"0\" class=\"dtr0 dtc3\">Work Eagle 6.5<\/th><th   data-priority=\"0\" class=\"dtr0 dtc4\">Work Eagle 7.5<\/th><th   data-priority=\"0\" class=\"dtr0 dtc5\">Work Eagle 10<\/th><\/thead><tbody><tr class=\" row1\"><td    class=\"dtr1 dtc0\">Length<\/td><td    class=\"dtr1 dtc1\">5 m<\/td><td    class=\"dtr1 dtc2\">5.5 m<\/td><td    class=\"dtr1 dtc3\">6.5 m<\/td><td    class=\"dtr1 dtc4\">7.5 m<\/td><td    class=\"dtr1 dtc5\">10 m<\/td><\/tr><tr class=\" row2\"><td    class=\"dtr2 dtc0\">Width<\/td><td    class=\"dtr2 dtc1\">1.6 m<\/td><td    class=\"dtr2 dtc2\">2.3 m<\/td><td    class=\"dtr2 dtc3\">2.5 m<\/td><td    class=\"dtr2 dtc4\">2.6 m<\/td><td    class=\"dtr2 dtc5\">3 m<\/td><\/tr><tr class=\" row3\"><td    class=\"dtr3 dtc0\">Engine<\/td><td    class=\"dtr3 dtc1\">40 hp<\/td><td    class=\"dtr3 dtc2\">60 hp<\/td><td    class=\"dtr3 dtc3\">100 hp<\/td><td    class=\"dtr3 dtc4\">150 hp<\/td><td    class=\"dtr3 dtc5\">2 x 115 hp<\/td><\/tr><tr class=\" row4\"><td    class=\"dtr4 dtc0\">Speed<\/td><td  colspan=\"5\"   class=\"dtr4 dtc1\">Max 25 knots<\/td><td  style=\"display: none\"   class=\"dtr4 dtc2\"><\/td><td  style=\"display: none\"   class=\"dtr4 dtc3\"><\/td><td  style=\"display: none\"   class=\"dtr4 dtc4\"><\/td><td  style=\"display: none\"   class=\"dtr4 dtc5\"><\/td><\/tr><tr class=\" row5\"><td    class=\"dtr5 dtc0\">Material<\/td><td  colspan=\"5\"   class=\"dtr5 dtc1\">Aluminium<\/td><td  style=\"display: none\"   class=\"dtr5 dtc2\"><\/td><td  style=\"display: none\"   class=\"dtr5 dtc3\"><\/td><td  style=\"display: none\"   class=\"dtr5 dtc4\"><\/td><td  style=\"display: none\"   class=\"dtr5 dtc5\"><\/td><\/tr><\/tbody><tfoot><tr><td class=\"dtr5 dtc0\" style=\"height: 0;\"><\/td><td class=\"dtr5 dtc1\" style=\"height: 0;\"><\/td><td class=\"dtr5 dtc2\" style=\"height: 0;\"><\/td><td class=\"dtr5 dtc3\" style=\"height: 0;\"><\/td><td class=\"dtr5 dtc4\" style=\"height: 0;\"><\/td><td class=\"dtr5 dtc5\" style=\"height: 0;\"><\/td><\/tr><\/tfoot><\/table><\/div><style>#wptmtable142 .dataTables_wrapper > .dataTables_scroll {max-height:500px;overflow: auto;}<\/style><script>window.wptm_ajaxurl = 'https:\/\/mavideniz.com.tr\/wp-admin\/admin-ajax.php?juwpfisadmin=false&action=Wptm&'; window.wptm_front = 'https:\/\/mavideniz.com.tr\/wp-content\/plugins\/wp-table-manager\/app\/site\/assets\/'; window.wptm_style = 'https:\/\/mavideniz.com.tr\/wp-content\/uploads\/wptm\/';<\/script><\/div><style><\/style>\n","protected":false},"excerpt":{"rendered":"<p>Al\u00fcminyum \u00e7al\u0131\u015fma tekneleri, i\u015f tekneleri veya e\u011flence i\u00e7in tasarlanm\u0131\u015ft\u0131r. Al\u00fcminyum i\u015f tekneleri hatt\u0131, \u00e7e\u015fitli uzunluklarda ve \u00f6zel yap\u0131mlarda mevcuttur. \u0130\u015f [&hellip;]<\/p>\n","protected":false},"author":1,"featured_media":0,"parent":27441,"menu_order":0,"comment_status":"closed","ping_status":"closed","template":"","meta":{"site-sidebar-layout":"default","site-content-layout":"","ast-site-content-layout":"default","site-content-style":"default","site-sidebar-style":"default","ast-global-header-display":"","ast-banner-title-visibility":"","ast-main-header-display":"","ast-hfb-above-header-display":"","ast-hfb-below-header-display":"","ast-hfb-mobile-header-display":"","site-post-title":"","ast-breadcrumbs-content":"","ast-featured-img":"","footer-sml-layout":"","ast-disable-related-posts":"","theme-transparent-header-meta":"","adv-header-id-meta":"","stick-header-meta":"","header-above-stick-meta":"","header-main-stick-meta":"","header-below-stick-meta":"","astra-migrate-meta-layouts":"default","ast-page-background-enabled":"default","ast-page-background-meta":{"desktop":{"background-color":"var(--ast-global-color-5)","background-image":"","background-repeat":"repeat","background-position":"center center","background-size":"auto","background-attachment":"scroll","background-type":"","background-media":"","overlay-type":"","overlay-color":"","overlay-opacity":"","overlay-gradient":""},"tablet":{"background-color":"","background-image":"","background-repeat":"repeat","background-position":"center center","background-size":"auto","background-attachment":"scroll","background-type":"","background-media":"","overlay-type":"","overlay-color":"","overlay-opacity":"","overlay-gradient":""},"mobile":{"background-color":"","background-image":"","background-repeat":"repeat","background-position":"center center","background-size":"auto","background-attachment":"scroll","background-type":"","background-media":"","overlay-type":"","overlay-color":"","overlay-opacity":"","overlay-gradient":""}},"ast-content-background-meta":{"desktop":{"background-color":"var(--ast-global-color-4)","background-image":"","background-repeat":"repeat","background-position":"center center","background-size":"auto","background-attachment":"scroll","background-type":"","background-media":"","overlay-type":"","overlay-color":"","overlay-opacity":"","overlay-gradient":""},"tablet":{"background-color":"var(--ast-global-color-4)","background-image":"","background-repeat":"repeat","background-position":"center center","background-size":"auto","background-attachment":"scroll","background-type":"","background-media":"","overlay-type":"","overlay-color":"","overlay-opacity":"","overlay-gradient":""},"mobile":{"background-color":"var(--ast-global-color-4)","background-image":"","background-repeat":"repeat","background-position":"center center","background-size":"auto","background-attachment":"scroll","background-type":"","background-media":"","overlay-type":"","overlay-color":"","overlay-opacity":"","overlay-gradient":""}},"footnotes":""},"class_list":["post-27444","page","type-page","status-publish","hentry"],"_links":{"self":[{"href":"https:\/\/mavideniz.com.tr\/tr\/wp-json\/wp\/v2\/pages\/27444","targetHints":{"allow":["GET"]}}],"collection":[{"href":"https:\/\/mavideniz.com.tr\/tr\/wp-json\/wp\/v2\/pages"}],"about":[{"href":"https:\/\/mavideniz.com.tr\/tr\/wp-json\/wp\/v2\/types\/page"}],"author":[{"embeddable":true,"href":"https:\/\/mavideniz.com.tr\/tr\/wp-json\/wp\/v2\/users\/1"}],"replies":[{"embeddable":true,"href":"https:\/\/mavideniz.com.tr\/tr\/wp-json\/wp\/v2\/comments?post=27444"}],"version-history":[{"count":0,"href":"https:\/\/mavideniz.com.tr\/tr\/wp-json\/wp\/v2\/pages\/27444\/revisions"}],"up":[{"embeddable":true,"href":"https:\/\/mavideniz.com.tr\/tr\/wp-json\/wp\/v2\/pages\/27441"}],"wp:attachment":[{"href":"https:\/\/mavideniz.com.tr\/tr\/wp-json\/wp\/v2\/media?parent=27444"}],"curies":[{"name":"wp","href":"https:\/\/api.w.org\/{rel}","templated":true}]}}