{"id":27455,"date":"2021-10-15T12:46:44","date_gmt":"2021-10-15T12:46:44","guid":{"rendered":"https:\/\/mavideniz.com.tr\/?page_id=27455"},"modified":"2023-07-01T12:10:48","modified_gmt":"2023-07-01T12:10:48","slug":"katamaran-destek-gemisi","status":"publish","type":"page","link":"https:\/\/mavideniz.com.tr\/tr\/gemiler-tekneler\/samandira-ellecleme-destek-gemisi\/katamaran-destek-gemisi\/","title":{"rendered":"Katamaran Hizmet Gemisi"},"content":{"rendered":"<p><br \/>\nMavi Deniz&#8217;in Hizmet Gemileri, kara ve a\u00e7\u0131k deniz operasyonlar\u0131 i\u00e7in tasarlanm\u0131\u015f katamaran i\u015f tekneleridir. Katamaran Hizmet Gemileri, petrol ve gaz onar\u0131m bak\u0131m, hidrografik ara\u015ft\u0131rma, dal\u0131\u015f deste\u011fi, \u015famand\u0131ra d\u00f6\u015feme, deniz feneri temini, su \u00fcr\u00fcnleri operasyonlar\u0131, \u00e7evre koruma, petrol s\u0131z\u0131nt\u0131s\u0131 kurtarma, yang\u0131nla m\u00fccadele kullanabilir.<\/p>\n<p>Hizmet Gemisi, geli\u015fmi\u015f in\u015faat y\u00f6ntemleri ve malzemeleriyle in\u015fa edilmi\u015f kan\u0131tlanm\u0131\u015f bir g\u00f6vde \u00fczerinde m\u00fckemmel yak\u0131t verimlili\u011fi sunar. G\u00fcvenli ve kullan\u0131labilir bir d\u0131\u015f g\u00f6r\u00fcn\u00fcme sahip konforlu ve i\u015flevsel bir i\u00e7 mekan, gemi i\u00e7in ana tasar\u0131m temalar\u0131yd\u0131. \u00c7ok y\u00f6nl\u00fc i\u00e7 ve d\u0131\u015f d\u00fczenleme, \u00e7e\u015fitli kullan\u0131mlara ve alternatif donan\u0131mlara uygun olabilir.<\/p>\n<p>Ana g\u00fcverte, birden fazla kullan\u0131m i\u00e7in d\u00fczenlenmi\u015f 25 tona kadar ta\u015f\u0131ma kapasitesine sahiptir. Ke\u015fif hizmetleri ve 4 x 20ft&#8217;ye kadar konteyner ta\u015f\u0131mak i\u00e7in bir ay havuzu i\u00e7erir. Bir hidrolik uzaktan g\u00fcverte vinci, 3 metrede 12 tona ve 13 metrede 2,1 tona kadar kald\u0131rabilir. 20 tonluk y\u00fcke uygun g\u00fcverte yap\u0131s\u0131 ve g\u00fcvenli \u00e7al\u0131\u015fma \u00e7al\u0131\u015fabilecek A-frame vin\u00e7.<\/p>\n<p>Merkezi konaklama yeri \u00f6nde bulunur ve 14 ki\u015filik m\u00fcrettebat i\u00e7in alan i\u00e7erir. Ana g\u00fcverte kabini, mutfak ve m\u00fcrettebat yemek alan\u0131n\u0131 ve k\u0131demli personel i\u00e7in iki m\u00fcrettebat kabinini bar\u0131nd\u0131r\u0131r. 15 kabinde, 32 ki\u015fiye kadar m\u00fcrettebat\/personel i\u00e7in g\u00fcnd\u00fcz konaklama ve oturma, 46 ki\u015fiye kadar uyku ve servis olana\u011f\u0131 sa\u011flanabilmektedir.<\/p>\n<p>D\u00fcmen yuvas\u0131 \u00fcst g\u00fcvertede bulunur ve d\u00fcmen koltu\u011fundan her y\u00f6nden g\u00f6r\u00fc\u015f sa\u011flar. Kabinin \u00e7evresinde m\u00fcrettebat ve yolcu koltuklar\u0131 bulunur. \u0130ki kanat kontrol istasyonu, g\u00fcverte vincinin kolayca eri\u015febilece\u011fi bir k\u0131\u00e7 taraf\u0131na yerle\u015ftirilmi\u015f bir ihale\/kurtarma botu ile her iki tarafta \u00f6ne monte edilmi\u015ftir. En son elektronik seyir yard\u0131mc\u0131lar\u0131, toplam GMDSS uyumlu gemi radyo istasyonu ve Inmarsat Filo geni\u015f bant ve Iridium Openport uydu ileti\u015fim sistemleri mevcuttur.<\/p>\n<p>Katamaran Hizmet Gemisi 360 g\u00f6r\u00fc\u015f alan\u0131 ile konforlu bir g\u00fcverte alan\u0131na sahiptir. M\u00fcrettebat ve proje ekipleri i\u00e7in denizdeyken evlerinde hissedilen konforlu konaklamalar tasarlar. Yard\u0131mc\u0131 Gemide \u00c7al\u0131\u015fma g\u00fcvertesi, \u00e7al\u0131\u015fma alan\u0131 gereksinimlerinizi i\u00e7erecek ve 20 ft&#8217;lik bir konteyner d\u00f6rtl\u00fcs\u00fc bar\u0131nd\u0131racak. G\u00fcverte, 4S t&#8217;ye kadar katlanabilir bir teleskopik vin\u00e7 ile donat\u0131labilir. Bir ay havuzu da donat\u0131lacak ve 20 t kapasiteli \u00e7\u0131kar\u0131labilir bir orsa A-Frame i\u00e7in montajlar olacak. Servis h\u0131z\u0131 20 knot ve menzil 1800 mil olacak.<\/p>\n<p>Uluslararas\u0131 Denizcilik \u00d6rg\u00fct\u00fc, bu y\u00fczy\u0131l\u0131n sonuna kadar sera gaz\u0131 (GHG) emisyonlar\u0131n\u0131 s\u0131f\u0131ra indirme stratejisini a\u00e7\u0131klad\u0131 ve d\u00fcnya \u00e7ap\u0131nda deniz \u00e7evre d\u00fczenlemeleri s\u0131k\u0131la\u015ft\u0131r\u0131ld\u0131. Emisyon kontrol alanlar\u0131n\u0131n uygulanmas\u0131 gemi operasyonlar\u0131n\u0131 etkilemeye ba\u015flam\u0131\u015ft\u0131r. Mavi Deniz, \u00e7ift yak\u0131tl\u0131 \u00e7\u00f6z\u00fcmler ve daha temiz ye\u015fil g\u00fc\u00e7 teknolojileri geli\u015ftirerek yeni emisyon kontrol d\u00fczenlemelerini ba\u015far\u0131yla ba\u015flatt\u0131. Mavi Deniz&#8217;in \u00c7evreci G\u00fc\u00e7 Se\u00e7enekleri; G\u00fcne\u015f Enerjisi Sistemi, Batarya G\u00fc\u00e7 Sistemi, Hidrojen Yak\u0131t H\u00fccresi Sistemi ve LGG Sistemi, g\u00fcverte ekipman\u0131 ve sevk sistemi dahil olmak \u00fczere Katamaran Hizmet Gemisine tam olarak entegre edilebilir.<\/p>\n<p><strong>Katamaran Hizmet Gemisi Ye\u015fil G\u00fc\u00e7 Se\u00e7enekleri<\/strong><\/p>\n<ul>\n<li>G\u00fcne\u015f Enerjisi Sistemi ile g\u00fc\u00e7lendirilmi\u015ftir<\/li>\n<li>Pil G\u00fc\u00e7 Sistemi ile g\u00fc\u00e7lendirilmi\u015ftir<\/li>\n<li>Hidrojen Yak\u0131t H\u00fccresi Sistemi ile g\u00fc\u00e7lendirilmi\u015ftir<\/li>\n<li>LPG Sistemli<\/li>\n<\/ul>\n<p>Tasar\u0131m\u0131 ihtiya\u00e7lar\u0131n\u0131za, operasyonel profilinize ve gereksinimlerinize g\u00f6re ayarlayabiliriz.<\/p>\n<p id=\"E135\" class=\"x-scope qowt-word-para-0\"><span id=\"E136\"><\/span><\/p>\n","protected":false},"excerpt":{"rendered":"<p>Mavi Deniz&#8217;in Hizmet Gemileri, kara ve a\u00e7\u0131k deniz operasyonlar\u0131 i\u00e7in tasarlanm\u0131\u015f katamaran i\u015f tekneleridir. Katamaran Hizmet Gemileri, petrol ve gaz [&hellip;]<\/p>\n","protected":false},"author":1,"featured_media":0,"parent":27441,"menu_order":0,"comment_status":"closed","ping_status":"closed","template":"","meta":{"site-sidebar-layout":"default","site-content-layout":"","ast-site-content-layout":"default","site-content-style":"default","site-sidebar-style":"default","ast-global-header-display":"","ast-banner-title-visibility":"","ast-main-header-display":"","ast-hfb-above-header-display":"","ast-hfb-below-header-display":"","ast-hfb-mobile-header-display":"","site-post-title":"","ast-breadcrumbs-content":"","ast-featured-img":"","footer-sml-layout":"","ast-disable-related-posts":"","theme-transparent-header-meta":"","adv-header-id-meta":"","stick-header-meta":"","header-above-stick-meta":"","header-main-stick-meta":"","header-below-stick-meta":"","astra-migrate-meta-layouts":"default","ast-page-background-enabled":"default","ast-page-background-meta":{"desktop":{"background-color":"var(--ast-global-color-5)","background-image":"","background-repeat":"repeat","background-position":"center center","background-size":"auto","background-attachment":"scroll","background-type":"","background-media":"","overlay-type":"","overlay-color":"","overlay-opacity":"","overlay-gradient":""},"tablet":{"background-color":"","background-image":"","background-repeat":"repeat","background-position":"center center","background-size":"auto","background-attachment":"scroll","background-type":"","background-media":"","overlay-type":"","overlay-color":"","overlay-opacity":"","overlay-gradient":""},"mobile":{"background-color":"","background-image":"","background-repeat":"repeat","background-position":"center center","background-size":"auto","background-attachment":"scroll","background-type":"","background-media":"","overlay-type":"","overlay-color":"","overlay-opacity":"","overlay-gradient":""}},"ast-content-background-meta":{"desktop":{"background-color":"var(--ast-global-color-4)","background-image":"","background-repeat":"repeat","background-position":"center center","background-size":"auto","background-attachment":"scroll","background-type":"","background-media":"","overlay-type":"","overlay-color":"","overlay-opacity":"","overlay-gradient":""},"tablet":{"background-color":"var(--ast-global-color-4)","background-image":"","background-repeat":"repeat","background-position":"center center","background-size":"auto","background-attachment":"scroll","background-type":"","background-media":"","overlay-type":"","overlay-color":"","overlay-opacity":"","overlay-gradient":""},"mobile":{"background-color":"var(--ast-global-color-4)","background-image":"","background-repeat":"repeat","background-position":"center center","background-size":"auto","background-attachment":"scroll","background-type":"","background-media":"","overlay-type":"","overlay-color":"","overlay-opacity":"","overlay-gradient":""}},"footnotes":""},"class_list":["post-27455","page","type-page","status-publish","hentry"],"_links":{"self":[{"href":"https:\/\/mavideniz.com.tr\/tr\/wp-json\/wp\/v2\/pages\/27455","targetHints":{"allow":["GET"]}}],"collection":[{"href":"https:\/\/mavideniz.com.tr\/tr\/wp-json\/wp\/v2\/pages"}],"about":[{"href":"https:\/\/mavideniz.com.tr\/tr\/wp-json\/wp\/v2\/types\/page"}],"author":[{"embeddable":true,"href":"https:\/\/mavideniz.com.tr\/tr\/wp-json\/wp\/v2\/users\/1"}],"replies":[{"embeddable":true,"href":"https:\/\/mavideniz.com.tr\/tr\/wp-json\/wp\/v2\/comments?post=27455"}],"version-history":[{"count":0,"href":"https:\/\/mavideniz.com.tr\/tr\/wp-json\/wp\/v2\/pages\/27455\/revisions"}],"up":[{"embeddable":true,"href":"https:\/\/mavideniz.com.tr\/tr\/wp-json\/wp\/v2\/pages\/27441"}],"wp:attachment":[{"href":"https:\/\/mavideniz.com.tr\/tr\/wp-json\/wp\/v2\/media?parent=27455"}],"curies":[{"name":"wp","href":"https:\/\/api.w.org\/{rel}","templated":true}]}}