{"id":27460,"date":"2021-10-15T12:56:42","date_gmt":"2021-10-15T12:56:42","guid":{"rendered":"https:\/\/mavideniz.com.tr\/?page_id=27460"},"modified":"2023-07-01T13:28:13","modified_gmt":"2023-07-01T13:28:13","slug":"cok-amacli-calisma-teknesi","status":"publish","type":"page","link":"https:\/\/mavideniz.com.tr\/tr\/gemiler-tekneler\/samandira-ellecleme-destek-gemisi\/cok-amacli-calisma-teknesi\/","title":{"rendered":"\u00c7ok Ama\u00e7l\u0131 \u00c7al\u0131\u015fma Teknesi"},"content":{"rendered":"<p><br \/>\nMavi Deniz WorkCat, profesyonel \u00e7al\u0131\u015fmalar i\u00e7in tasarlanm\u0131\u015f \u00e7ok ama\u00e7l\u0131 bir \u00e7al\u0131\u015fma teknesidir ve nehre k\u0131y\u0131 ve k\u0131y\u0131 \u00f6tesi g\u00f6revlerde bulunabilir.<\/p>\n<p>\u00c7al\u0131\u015fmaTeknesi, \u00e7apa ta\u015f\u0131ma, tarama hizmeti, dal\u0131\u015f deste\u011fi, \u00e7eki, tedarik, hortum ta\u015f\u0131ma, genel deniz hizmetleri, k\u0131y\u0131 \u015feridi boyunca ekipman ta\u015f\u0131ma, ara\u015ft\u0131rma operasyonlar\u0131, \u015famand\u0131ra bak\u0131m\u0131 dahil olmak \u00fczere bir\u00e7ok g\u00f6revi yerine getirecektir. bal\u0131k \u00e7iftli\u011fi deste\u011fi, mevcut in\u015faat i\u015fleri, deniz s\u00fcp\u00fcr\u00fcc\u00fc operasyonlar\u0131n\u0131n desteklenmesi, kirlilik kontrol gemisi. Dalg\u0131\u00e7lar ve kurtarma ekipleri, k\u0131\u00e7 rampas\u0131n\u0131n sundu\u011fu kolay eri\u015fimi sa\u011flar.<\/p>\n<p>\u00c7ok ama\u00e7l\u0131 \u00e7al\u0131\u015fma teknesindeki tanklar\u0131n kapasitesi ihtiya\u00e7lar\u0131n\u0131za g\u00f6re d\u00fczenlenebilir. Ayr\u0131ca tanklar ya\u011f, tatl\u0131 su, kirli ya\u011f, kanalizasyon, \u00e7amur, hidro ve ya\u011flay\u0131c\u0131 ya\u011flar ve sintine suyu ta\u015f\u0131yabilir.<\/p>\n<p>\u00c7ok ama\u00e7l\u0131 \u00e7al\u0131\u015fma teknesi motor ve tahrik sistemi, gereksinimlerinizi bir standartta d\u00fczenleyebilir; tahrik sistemi ikiz veya tek motorla entegre olabilir. Her motor, bir\u00a0 di\u015fli kutusu arac\u0131l\u0131\u011f\u0131yla nozul i\u00e7inde sabit hatveli bir pervane ile tahrik edilir. Tahrik sistemi maksimum 10kt h\u0131z sa\u011flayacak.<\/p>\n<p>Workboat, yedi ki\u015fiye kadar m\u00fcrettebat\u0131n konaklamas\u0131 i\u00e7in birinci s\u0131n\u0131f kaptan k\u00f6\u015fk\u00fcne sahip Modern ve verimli bir standart yerle\u015fim plan\u0131na sahiptir. Kaptan k\u00f6\u015fk\u00fc ve g\u00fcverte yerle\u015fimi tamamen yal\u0131t\u0131lm\u0131\u015ft\u0131r, bu da g\u00fcr\u00fclt\u00fc seviyelerini azalt\u0131r. Kaptan k\u00f6\u015fk\u00fc tamamen klimal\u0131d\u0131r.<\/p>\n<p>\u00c7al\u0131\u015fma Gemisi h\u0131zl\u0131, dengeli, y\u00fcksek y\u00fck \u00e7ekimi sa\u011flar, \u00e7al\u0131\u015fma g\u00fcvertesi 120 t&#8217;ye kadar y\u00fck ta\u015f\u0131ma kapasitesi sa\u011flar ve s\u0131\u011f sularda iyi \u00e7al\u0131\u015fabilir.<span id=\"E109\"> Workboat, m\u00fc\u015fterilerin gereksinimlerini kar\u015f\u0131layan dayan\u0131kl\u0131, g\u00fcvenilir ve h\u0131zl\u0131 bir \u00c7al\u0131\u015fma Teknesi talebini kar\u015f\u0131lamak \u00fczere tasarlanm\u0131\u015ft\u0131r.<\/span><\/p>\n<p><strong>\u00d6zellikleri<\/strong><\/p>\n<ul>\n<li>Temel fonksiyonlar; Genel i\u015f botu g\u00f6revleri \/ \u00c7ekme \/ \u0130tme \/ Demir ta\u015f\u0131ma \/ \u015eamand\u0131ra d\u00f6\u015feme \/ Tarama deste\u011fi \/ Kirlilik kontrol\u00fc \/ Yak\u0131t ve Tatl\u0131 Su transfer hizmetleri.<\/li>\n<li>\u0130ste\u011fe ba\u011fl\u0131 Navigasyon ve ileti\u015fim ekipman\u0131<\/li>\n<li>Karayolunda ta\u015f\u0131nabilir<\/li>\n<li>360 derece g\u00f6r\u00fc\u015f sa\u011flayan ergonomik kaptan k\u00f6\u015fk\u00fc<\/li>\n<li>S\u0131\u011f taslak, \u00fcst\u00fcn manevra kabiliyeti.<\/li>\n<li>\u00c7e\u015fitli kaptan k\u00f6\u015fk\u00fc\/konsol tasar\u0131mlar\u0131.<\/li>\n<li>T\u00fcm kaynakl\u0131 deniz s\u0131n\u0131f\u0131 \u00e7elik konstr\u00fcksiyon.<\/li>\n<li>Hidrolik vin\u00e7, hidrolik veya elektrikli vin\u00e7, navigasyon ekipman\u0131 vb. gibi ek ekipman kurulabilir.<\/li>\n<li>\u00d6zel boyutlar, \u00f6zellikler mevcuttur<\/li>\n<\/ul>\n<div class=\"wptm_table tablesorter-bootstrap \" data-id=\"62\" data-hightlight=\"0\"><div class=\"wptm_buttons buttons_wptmTbl62\"><\/div><div class=\"wptmresponsive dataTables-wptmtable wptmtable \" id=\"wptmtable62\" data-tableid=\"wptmTbl62\"><table data-count-header=\"1\"  data-format-decimal_count=\"0\" data-format-decimal_symbol=\".\" data-format-symbol_position=\"0\" data-format-thousand_symbol=\",\"  data-format-currency_symbol=\"$\"  data-name-style=\"62_1759815106.css\" data-format=\"YYYY-MM-DD\" id=\"wptmTbl62\" data-id=\"62\" data-responsive=\"false\" data-hideCols=\"false\"  data-type=\"html\" data-paging=\"false\" data-searching=\"true\"  data-ordering=\"false\" data-table-breakpoint=\"980\" data-scroll-x=\"true\" data-scroll-collapse=\"true\" data-align=\"center\" data-range=\"[]\" data-hideColumn=\"[0,0,0,0,0,0]\"  data-colwidths=\"[167,210,278,268,238,244]\"  data-colwidths_desktop=[]  data-colwidths_tablet=[]  data-colwidths_mobile=[]  class=\"wptm_main_table  disablePager hideScrollHeader\"><colgroup><col data-dtr=\"0\" data-dtc=\"0\" class=\"dtc0\"><col data-dtr=\"0\" data-dtc=\"1\" class=\"dtc1\"><col data-dtr=\"0\" data-dtc=\"2\" class=\"dtc2\"><col data-dtr=\"0\" data-dtc=\"3\" class=\"dtc3\"><col data-dtr=\"0\" data-dtc=\"4\" class=\"dtc4\"><col data-dtr=\"0\" data-dtc=\"5\" class=\"dtc5\"><\/colgroup><thead><tr class=\"wptm-header-cells-index\"><th rowspan=\"1\" colspan=\"1\" data-dtr=\"0\" data-dtc=\"0\" class=\"dtr0 dtc0\"><\/th><th rowspan=\"1\" colspan=\"1\" data-dtr=\"0\" data-dtc=\"1\" class=\"dtr0 dtc1\"><\/th><th rowspan=\"1\" colspan=\"1\" data-dtr=\"0\" data-dtc=\"2\" class=\"dtr0 dtc2\"><\/th><th rowspan=\"1\" colspan=\"1\" data-dtr=\"0\" data-dtc=\"3\" class=\"dtr0 dtc3\"><\/th><th rowspan=\"1\" colspan=\"1\" data-dtr=\"0\" data-dtc=\"4\" class=\"dtr0 dtc4\"><\/th><th rowspan=\"1\" colspan=\"1\" data-dtr=\"0\" data-dtc=\"5\" class=\"dtr0 dtc5\"><\/th><\/tr><tr class=\" row0\"><th   data-priority=\"0\" class=\"dtr0 dtc0\"><\/th><th   data-priority=\"0\" class=\"dtr0 dtc1\">Work Cat 10<\/th><th   data-priority=\"0\" class=\"dtr0 dtc2\">Work Cat 12<\/th><th   data-priority=\"0\" class=\"dtr0 dtc3\">Work Cat 15<\/th><th   data-priority=\"0\" class=\"dtr0 dtc4\">Work Cat 18<\/th><th   data-priority=\"0\" class=\"dtr0 dtc5\">Work Cat 22<\/th><\/thead><tbody><tr class=\" row1\"><td    class=\"dtr1 dtc0\">Length<\/td><td    class=\"dtr1 dtc1\">10 m<\/td><td    class=\"dtr1 dtc2\">12 m<\/td><td    class=\"dtr1 dtc3\">15 m<\/td><td    class=\"dtr1 dtc4\">18 m<\/td><td    class=\"dtr1 dtc5\">22 m<\/td><\/tr><tr class=\" row2\"><td    class=\"dtr2 dtc0\">Width<\/td><td    class=\"dtr2 dtc1\">5.0 m<\/td><td    class=\"dtr2 dtc2\">5.0 m<\/td><td    class=\"dtr2 dtc3\">6.0 m<\/td><td    class=\"dtr2 dtc4\">8.0 m<\/td><td    class=\"dtr2 dtc5\">8 m<\/td><\/tr><tr class=\" row3\"><td    class=\"dtr3 dtc0\">Draft<\/td><td    class=\"dtr3 dtc1\">1.5 m<\/td><td    class=\"dtr3 dtc2\">1.5 m<\/td><td    class=\"dtr3 dtc3\">1.8 m<\/td><td    class=\"dtr3 dtc4\">2 m<\/td><td    class=\"dtr3 dtc5\">2,1 m<\/td><\/tr><tr class=\" row4\"><td    class=\"dtr4 dtc0\">Material<\/td><td  colspan=\"5\"   class=\"dtr4 dtc1\">Steel<\/td><td  style=\"display: none\"   class=\"dtr4 dtc2\"><\/td><td  style=\"display: none\"   class=\"dtr4 dtc3\"><\/td><td  style=\"display: none\"   class=\"dtr4 dtc4\"><\/td><td  style=\"display: none\"   class=\"dtr4 dtc5\"><\/td><\/tr><tr class=\" row5\"><td    class=\"dtr5 dtc0\">Engine<\/td><td    class=\"dtr5 dtc1\">2 x 100 hp<\/td><td    class=\"dtr5 dtc2\">2 x 150 hp<\/td><td    class=\"dtr5 dtc3\">2 x 350 hp<\/td><td    class=\"dtr5 dtc4\">2 x 500 hp<\/td><td    class=\"dtr5 dtc5\">2 x 600 hp<\/td><\/tr><tr class=\" row6\"><td    class=\"dtr6 dtc0\">Speed<\/td><td    class=\"dtr6 dtc1\">7 Knots<\/td><td    class=\"dtr6 dtc2\">7,5 Knots<\/td><td    class=\"dtr6 dtc3\">8 Knots<\/td><td    class=\"dtr6 dtc4\">9 Knots<\/td><td    class=\"dtr6 dtc5\">9 Knots<\/td><\/tr><tr class=\" row7\"><td    class=\"dtr7 dtc0\">Optional<\/td><td  colspan=\"5\"   class=\"dtr7 dtc1\">Fire Canon \/ Oil Boom \/ Oil Skimmer \/ Spray System \/ Diving Equipments \/ Shacklers \/ Crane<\/td><td  style=\"display: none\"   class=\"dtr7 dtc2\"><\/td><td  style=\"display: none\"   class=\"dtr7 dtc3\"><\/td><td  style=\"display: none\"   class=\"dtr7 dtc4\"><\/td><td  style=\"display: none\"   class=\"dtr7 dtc5\"><\/td><\/tr><\/tbody><tfoot><tr><td class=\"dtr7 dtc0\" style=\"height: 0;\"><\/td><td class=\"dtr7 dtc1\" style=\"height: 0;\"><\/td><td class=\"dtr7 dtc2\" style=\"height: 0;\"><\/td><td class=\"dtr7 dtc3\" style=\"height: 0;\"><\/td><td class=\"dtr7 dtc4\" style=\"height: 0;\"><\/td><td class=\"dtr7 dtc5\" style=\"height: 0;\"><\/td><\/tr><\/tfoot><\/table><\/div><style>#wptmtable62 .dataTables_wrapper > .dataTables_scroll {max-height:500px;overflow: auto;}<\/style><script>window.wptm_ajaxurl = 'https:\/\/mavideniz.com.tr\/wp-admin\/admin-ajax.php?juwpfisadmin=false&action=Wptm&'; window.wptm_front = 'https:\/\/mavideniz.com.tr\/wp-content\/plugins\/wp-table-manager\/app\/site\/assets\/'; window.wptm_style = 'https:\/\/mavideniz.com.tr\/wp-content\/uploads\/wptm\/';<\/script><\/div><style><\/style>\n","protected":false},"excerpt":{"rendered":"<p>Mavi Deniz WorkCat, profesyonel \u00e7al\u0131\u015fmalar i\u00e7in tasarlanm\u0131\u015f \u00e7ok ama\u00e7l\u0131 bir \u00e7al\u0131\u015fma teknesidir ve nehre k\u0131y\u0131 ve k\u0131y\u0131 \u00f6tesi g\u00f6revlerde bulunabilir. [&hellip;]<\/p>\n","protected":false},"author":1,"featured_media":0,"parent":27441,"menu_order":0,"comment_status":"closed","ping_status":"closed","template":"","meta":{"site-sidebar-layout":"default","site-content-layout":"","ast-site-content-layout":"default","site-content-style":"default","site-sidebar-style":"default","ast-global-header-display":"","ast-banner-title-visibility":"","ast-main-header-display":"","ast-hfb-above-header-display":"","ast-hfb-below-header-display":"","ast-hfb-mobile-header-display":"","site-post-title":"","ast-breadcrumbs-content":"","ast-featured-img":"","footer-sml-layout":"","ast-disable-related-posts":"","theme-transparent-header-meta":"","adv-header-id-meta":"","stick-header-meta":"","header-above-stick-meta":"","header-main-stick-meta":"","header-below-stick-meta":"","astra-migrate-meta-layouts":"default","ast-page-background-enabled":"default","ast-page-background-meta":{"desktop":{"background-color":"var(--ast-global-color-5)","background-image":"","background-repeat":"repeat","background-position":"center center","background-size":"auto","background-attachment":"scroll","background-type":"","background-media":"","overlay-type":"","overlay-color":"","overlay-opacity":"","overlay-gradient":""},"tablet":{"background-color":"","background-image":"","background-repeat":"repeat","background-position":"center center","background-size":"auto","background-attachment":"scroll","background-type":"","background-media":"","overlay-type":"","overlay-color":"","overlay-opacity":"","overlay-gradient":""},"mobile":{"background-color":"","background-image":"","background-repeat":"repeat","background-position":"center center","background-size":"auto","background-attachment":"scroll","background-type":"","background-media":"","overlay-type":"","overlay-color":"","overlay-opacity":"","overlay-gradient":""}},"ast-content-background-meta":{"desktop":{"background-color":"var(--ast-global-color-4)","background-image":"","background-repeat":"repeat","background-position":"center center","background-size":"auto","background-attachment":"scroll","background-type":"","background-media":"","overlay-type":"","overlay-color":"","overlay-opacity":"","overlay-gradient":""},"tablet":{"background-color":"var(--ast-global-color-4)","background-image":"","background-repeat":"repeat","background-position":"center center","background-size":"auto","background-attachment":"scroll","background-type":"","background-media":"","overlay-type":"","overlay-color":"","overlay-opacity":"","overlay-gradient":""},"mobile":{"background-color":"var(--ast-global-color-4)","background-image":"","background-repeat":"repeat","background-position":"center center","background-size":"auto","background-attachment":"scroll","background-type":"","background-media":"","overlay-type":"","overlay-color":"","overlay-opacity":"","overlay-gradient":""}},"footnotes":""},"class_list":["post-27460","page","type-page","status-publish","hentry"],"_links":{"self":[{"href":"https:\/\/mavideniz.com.tr\/tr\/wp-json\/wp\/v2\/pages\/27460","targetHints":{"allow":["GET"]}}],"collection":[{"href":"https:\/\/mavideniz.com.tr\/tr\/wp-json\/wp\/v2\/pages"}],"about":[{"href":"https:\/\/mavideniz.com.tr\/tr\/wp-json\/wp\/v2\/types\/page"}],"author":[{"embeddable":true,"href":"https:\/\/mavideniz.com.tr\/tr\/wp-json\/wp\/v2\/users\/1"}],"replies":[{"embeddable":true,"href":"https:\/\/mavideniz.com.tr\/tr\/wp-json\/wp\/v2\/comments?post=27460"}],"version-history":[{"count":0,"href":"https:\/\/mavideniz.com.tr\/tr\/wp-json\/wp\/v2\/pages\/27460\/revisions"}],"up":[{"embeddable":true,"href":"https:\/\/mavideniz.com.tr\/tr\/wp-json\/wp\/v2\/pages\/27441"}],"wp:attachment":[{"href":"https:\/\/mavideniz.com.tr\/tr\/wp-json\/wp\/v2\/media?parent=27460"}],"curies":[{"name":"wp","href":"https:\/\/api.w.org\/{rel}","templated":true}]}}