{"id":27466,"date":"2021-10-15T16:43:57","date_gmt":"2021-10-15T16:43:57","guid":{"rendered":"https:\/\/mavideniz.com.tr\/?page_id=27466"},"modified":"2023-07-01T15:49:12","modified_gmt":"2023-07-01T15:49:12","slug":"kesici-emis-tarak-gemisi","status":"publish","type":"page","link":"https:\/\/mavideniz.com.tr\/tr\/gemiler-tekneler\/tarak-gemisi-mavna\/kesici-emis-tarak-gemisi\/","title":{"rendered":"Kesici Emici Tarak Gemisi"},"content":{"rendered":"<p><br \/>\nMavideniz Kesici Emici Tarak Gemisi, kaya, kili, silt, kumu taramak i\u00e7in tasarlanm\u0131\u015f, ve zemin alt\u0131 emme tip tarak gemileri i\u00e7in \u00e7ok sert oldu\u011fu yerlerde kullanmak i\u00e7in tasarlanm\u0131\u015ft\u0131r. D\u00f6nen bir kesici kafa ile mekanik olarak taranan ve arazi \u0131slah\u0131, limanlar\u0131n derinle\u015ftirilmesi ve limanlar\u0131n ve seyir kanallar\u0131n\u0131n in\u015fas\u0131 ve geni\u015fletilmesi veya deniz yata\u011f\u0131nda boru hatt\u0131 a\u00e7ma, Kurbanl\u0131k plaj adalar\u0131n\u0131n ve deniz alt\u0131 setlerinin in\u015fas\u0131, Kanal ve liman tarama i\u00e7in uygun olan Kesici Emme Tarak Gemisi , arazi \u0131slah\u0131 ve k\u0131y\u0131 korumas\u0131, at\u0131k transferi, \u00e7amur \u00e7ift\u00e7ili\u011fi, Hafriyat \u00e7ukurlar\u0131, Boru hatlar\u0131 i\u00e7in hendek a\u00e7ma, Boru ve kablo d\u00f6\u015feme ve m\u00fcdahale, Koruma yerle\u015ftirme\/boru hatt\u0131 m\u00fcdahalesi, Kara ini\u015fleri ve k\u0131y\u0131ya yakla\u015fma, \u00c7evresel temizlik ve bertaraf .<\/p>\n<p>Tarama derinli\u011fi, tarak gemisinin boyutuna ba\u011fl\u0131d\u0131r. Kesici Emici Tarak Gemisi standart kesici derinli\u011fi k\u0131sa bir merdiven ve ayaklar ile 25 m&#8217;ye kadar \u00e7\u0131karken, teller \u00fczerinde derin emi\u015f derinli\u011fi 45 m&#8217;ye ula\u015fabilir. S\u0131\u011f su alanlar\u0131 da dahil olmak \u00fczere her t\u00fcrl\u00fc sularda \u00e7al\u0131\u015fabilirsiniz. Kesici emme tarak gemisinin t\u00fcm par\u00e7alar\u0131 karayolu, demiryolu veya deniz yoluyla ta\u015f\u0131nabilir. Tasar\u0131mla ba\u015flay\u0131n; Kesici Emme Tarak Gemisi, m\u00fckemmel tarama \u00fcretim kapasitesine sahiptir.<\/p>\n<p>Derinle\u015ftirmeler, operat\u00f6r taraf\u0131ndan i\u015flenecektir; gerekli t\u00fcm enstr\u00fcmanlar ve y\u00f6nlendirme cihazlar\u0131, klima, titre\u015fim ve g\u00fcr\u00fclt\u00fc seviyesini en aza indirmek i\u00e7in amortis\u00f6rler ve ayr\u0131ca monte edilmi\u015f tarama kontrol ve izleme sistemi, yo\u011funluk ve ak\u0131\u015f h\u0131z\u0131 \u00f6l\u00e7\u00fcm sistemi, otomatik kesici kontrol\u00fc ile birinci s\u0131n\u0131f i\u015fletim kabini i\u00e7ine monte edilmi\u015ftir. emme borusu pozisyonu izleme, \u00e7eki\u015f ve y\u00fckleme izleme, da\u011f\u0131t\u0131m borusundaki kar\u0131\u015f\u0131m\u0131n h\u0131z\u0131 ve ayr\u0131ca Raporlama &#8211; Veri kayd\u0131 ve Trend Olu\u015fturma.<\/p>\n<p>Kesici Emme Tarak Gemisi kendinden tahrikli olabilir veya \u00e7al\u0131\u015fma alanlar\u0131 aras\u0131nda \u00e7ekme gerektirebilir. T\u00fcm hidrolik motorlar ve silindirler, dizel motor taraf\u0131ndan tahrik edilen bir radyal pistonlu pompa ile \u00e7al\u0131\u015f\u0131r. Verimlilikteki geli\u015fmeler ve yak\u0131t t\u00fcketimindeki tasarruflar, geleneksel tarak gemilerine k\u0131yasla ola\u011fan\u00fcst\u00fc. Kurulu g\u00fc\u00e7, benzer teslimata sahip di\u011fer tarak gemilerinden \u00f6nemli \u00f6l\u00e7\u00fcde daha azd\u0131r boru hatlar\u0131. Dizel motor, d\u00fc\u015f\u00fck yak\u0131t t\u00fcketimine ve d\u00fc\u015f\u00fck NOx ve kurum emisyonlar\u0131na sahip, bilgisayar kontroll\u00fc modern bir dizel motordur.<\/p>\n<p>Ayr\u0131ca, Kesici Emi\u015fli Tarak, kesici derinli\u011fi azalt\u0131l\u0131p art\u0131r\u0131labilir,\u00a0 Ankraj bom montaj\u0131,\u00a0 Spud araba dubas\u0131,\u00a0 Jet su pompas\u0131 ile d\u00fcz emi\u015f tesisat\u0131,\u00a0 Bo\u015faltma boru hatt\u0131 i\u00e7in d\u00f6ner ba\u011flant\u0131, Pompa-yedek par\u00e7a de\u011fi\u015fimi i\u00e7in pergel vin\u00e7, WC,\u00a0 Navigasyon lambalar\u0131.<\/p>\n<p>Gemiyi teslim ettikten sonra ayn\u0131 performans ve kalitenin y\u0131llar sonra de\u011fi\u015fmedi\u011fini g\u00f6receksiniz, performans ve kaliteyi yakalamak i\u00e7in bir neden var, Ucuz \u00fcr\u00fcnleri tercih etmiyoruz, H\u0131zl\u0131 Vapur in\u015fa etmek i\u00e7in en iyi malzeme ve \u00fcr\u00fcnleri se\u00e7iyoruz. ve ayr\u0131ca en iyi i\u015f\u00e7ileri, m\u00fchendisleri se\u00e7in. Operasyonel profiliniz ve gereksinimleriniz i\u00e7in tasar\u0131mlar\u0131 d\u00fczenleyebiliriz.<\/p>\n<p><strong>\u00d6zellikleri<\/strong><\/p>\n<ul>\n<li>D\u00fc\u015f\u00fck bak\u0131m, verimli g\u00fc\u00e7 da\u011f\u0131t\u0131m\u0131 ve y\u00fcksek performans<\/li>\n<li>Stoktan yedek par\u00e7alar<\/li>\n<li>m3 ba\u015f\u0131na d\u00fc\u015f\u00fck maliyet<\/li>\n<li>Karayolu, demiryolu veya deniz yoluyla s\u00f6k\u00fclebilir ve ta\u015f\u0131nabilir<\/li>\n<li>Rafine di\u015f ve son teknoloji tasar\u0131m,<\/li>\n<li>G\u00fcvenli ve sa\u011flam bir pompa s\u00fcr\u00fcc\u00fcs\u00fc<\/li>\n<li>Hemen hemen her t\u00fcrl\u00fc toprak ( kum, silt, kil, kaya &lt;30 MPa )<\/li>\n<li>Basitle\u015ftirilmi\u015f bak\u0131m, UZUN \u00d6M\u00dcR<\/li>\n<li>Maks. tarama derinli\u011fi 45 m<\/li>\n<li>Kesme kafas\u0131 g\u00fcc\u00fc 25 kW &#8211; 500 kW aral\u0131\u011f\u0131ndad\u0131r<\/li>\n<li>A\u011f\u0131r hizmet tipi bir kaya, k\u0131y\u0131dan 15 mil a\u00e7\u0131klara kadar korunakl\u0131 ve k\u0131y\u0131 sular\u0131nda \u00e7al\u0131\u015fmak \u00fczere tasarlanm\u0131\u015f, denizde giden kendinden tahrikli bir tarak gemisidir.<\/li>\n<li>Hem s\u0131\u011f hem de derin su ko\u015fullar\u0131 i\u00e7in uygundur.<\/li>\n<li>Kesici Emici Tarak Gemisi S\u0131cak, tropik iklimlerde ve izole yerlerde \u00e7al\u0131\u015fmak \u00fczere donat\u0131lm\u0131\u015ft\u0131r.<\/li>\n<\/ul>\n<div class=\"wptm_table tablesorter-bootstrap \" data-id=\"56\" data-hightlight=\"0\"><div class=\"wptm_buttons buttons_wptmTbl56\"><\/div><div class=\"wptmresponsive dataTables-wptmtable wptmtable \" id=\"wptmtable56\" data-tableid=\"wptmTbl56\"><table data-count-header=\"1\"  data-format-decimal_count=\"0\" data-format-decimal_symbol=\".\" data-format-symbol_position=\"0\" data-format-thousand_symbol=\",\"  data-format-currency_symbol=\"$\"  data-name-style=\"56_1759813400.css\" data-format=\"YYYY-MM-DD\" id=\"wptmTbl56\" data-id=\"56\" data-responsive=\"false\" data-hideCols=\"false\"  data-type=\"html\" data-paging=\"false\" data-searching=\"true\"  data-ordering=\"false\" data-table-breakpoint=\"980\" data-scroll-x=\"true\" data-scroll-collapse=\"true\" data-align=\"center\" data-range=\"[]\" data-hideColumn=\"[0,0,0,0,0,0,0,0]\"  data-colwidths=\"[142,142,142,142,142,142,142,142]\"  data-colwidths_desktop=[]  data-colwidths_tablet=[]  data-colwidths_mobile=[]  class=\"wptm_main_table  disablePager hideScrollHeader\"><colgroup><col data-dtr=\"0\" data-dtc=\"0\" class=\"dtc0\"><col data-dtr=\"0\" data-dtc=\"1\" class=\"dtc1\"><col data-dtr=\"0\" data-dtc=\"2\" class=\"dtc2\"><col data-dtr=\"0\" data-dtc=\"3\" class=\"dtc3\"><col data-dtr=\"0\" data-dtc=\"4\" class=\"dtc4\"><col data-dtr=\"0\" data-dtc=\"5\" class=\"dtc5\"><col data-dtr=\"0\" data-dtc=\"6\" class=\"dtc6\"><col data-dtr=\"0\" data-dtc=\"7\" class=\"dtc7\"><\/colgroup><thead><tr class=\"wptm-header-cells-index\"><th rowspan=\"1\" colspan=\"1\" data-dtr=\"0\" data-dtc=\"0\" class=\"dtr0 dtc0\"><\/th><th rowspan=\"1\" colspan=\"1\" data-dtr=\"0\" data-dtc=\"1\" class=\"dtr0 dtc1\"><\/th><th rowspan=\"1\" colspan=\"1\" data-dtr=\"0\" data-dtc=\"2\" class=\"dtr0 dtc2\"><\/th><th rowspan=\"1\" colspan=\"1\" data-dtr=\"0\" data-dtc=\"3\" class=\"dtr0 dtc3\"><\/th><th rowspan=\"1\" colspan=\"1\" data-dtr=\"0\" data-dtc=\"4\" class=\"dtr0 dtc4\"><\/th><th rowspan=\"1\" colspan=\"1\" data-dtr=\"0\" data-dtc=\"5\" class=\"dtr0 dtc5\"><\/th><th rowspan=\"1\" colspan=\"1\" data-dtr=\"0\" data-dtc=\"6\" class=\"dtr0 dtc6\"><\/th><th rowspan=\"1\" colspan=\"1\" data-dtr=\"0\" data-dtc=\"7\" class=\"dtr0 dtc7\"><\/th><\/tr><tr class=\" row0\"><th   data-priority=\"0\" class=\"dtr0 dtc0\"><\/th><th   data-priority=\"0\" class=\"dtr0 dtc1\">CSD 650<\/th><th   data-priority=\"0\" class=\"dtr0 dtc2\">CSD 500<\/th><th   data-priority=\"0\" class=\"dtr0 dtc3\">CSD 450<\/th><th   data-priority=\"0\" class=\"dtr0 dtc4\">CSD 400<\/th><th   data-priority=\"0\" class=\"dtr0 dtc5\">CSD 350<\/th><th   data-priority=\"0\" class=\"dtr0 dtc6\">CSD 300<\/th><th   data-priority=\"0\" class=\"dtr0 dtc7\">CSD 250<\/th><\/thead><tbody><tr class=\" row1\"><td    class=\"dtr1 dtc0\">Capacity<\/td><td    class=\"dtr1 dtc1\">4.000 m3\/h<\/td><td    class=\"dtr1 dtc2\">4.000 m3\/h<\/td><td    class=\"dtr1 dtc3\">3.000 m3\/h<\/td><td    class=\"dtr1 dtc4\">2.500 m3\/h<\/td><td    class=\"dtr1 dtc5\">2.000 m3\/h<\/td><td    class=\"dtr1 dtc6\">1.500 m3\/h<\/td><td    class=\"dtr1 dtc7\">1.000 m3\/h<\/td><\/tr><tr class=\" row2\"><td    class=\"dtr2 dtc0\"><p>Dredging Depth<br \/>min | max<\/p><\/td><td    class=\"dtr2 dtc1\">3 m | 18 m<\/td><td    class=\"dtr2 dtc2\">2 m | 14 m<\/td><td    class=\"dtr2 dtc3\">1.5 m | 12 m<\/td><td    class=\"dtr2 dtc4\">1 m | 10 m<\/td><td    class=\"dtr2 dtc5\">1 m | 8 m<\/td><td    class=\"dtr2 dtc6\">1 m | 7 m<\/td><td    class=\"dtr2 dtc7\">1 m | 6 m<\/td><\/tr><tr class=\" row3\"><td    class=\"dtr3 dtc0\">Total Installed Power<\/td><td    class=\"dtr3 dtc1\">2.779 Kw<\/td><td    class=\"dtr3 dtc2\">1.274 Kw<\/td><td    class=\"dtr3 dtc3\">946 Kw<\/td><td    class=\"dtr3 dtc4\">750 Kw<\/td><td    class=\"dtr3 dtc5\">480 Kw<\/td><td    class=\"dtr3 dtc6\">300 Kw<\/td><td    class=\"dtr3 dtc7\">230 Kw<\/td><\/tr><tr class=\" row4\"><td    class=\"dtr4 dtc0\">Dredge Pump Engine<\/td><td    class=\"dtr4 dtc1\">1.825 Kw<\/td><td    class=\"dtr4 dtc2\">954 Kw<\/td><td    class=\"dtr4 dtc3\">746 Kw<\/td><td    class=\"dtr4 dtc4\">570 Kw<\/td><td    class=\"dtr4 dtc5\">370 Kw<\/td><td    class=\"dtr4 dtc6\">230 Kw<\/td><td    class=\"dtr4 dtc7\">230 Kw<\/td><\/tr><tr class=\" row5\"><td    class=\"dtr5 dtc0\">Auxiliary Engine<\/td><td    class=\"dtr5 dtc1\">954 Kw<\/td><td    class=\"dtr5 dtc2\">320 Kw<\/td><td    class=\"dtr5 dtc3\">200 Kw<\/td><td    class=\"dtr5 dtc4\">180 Kw<\/td><td    class=\"dtr5 dtc5\">110 Kw<\/td><td    class=\"dtr5 dtc6\">70 Kw<\/td><td    class=\"dtr5 dtc7\">-<\/td><\/tr><tr class=\" row6\"><td    class=\"dtr6 dtc0\">Cutter Power<\/td><td    class=\"dtr6 dtc1\">450 Kw<\/td><td    class=\"dtr6 dtc2\">180 Kw<\/td><td    class=\"dtr6 dtc3\">110 Kw<\/td><td    class=\"dtr6 dtc4\">75 Kw<\/td><td    class=\"dtr6 dtc5\">55 Kw<\/td><td    class=\"dtr6 dtc6\">40 Kw<\/td><td    class=\"dtr6 dtc7\">25 Kw<\/td><\/tr><tr class=\" row7\"><td    class=\"dtr7 dtc0\">Main Generator<\/td><td    class=\"dtr7 dtc1\">45 Kw<\/td><td    class=\"dtr7 dtc2\">22.5 Kw<\/td><td    class=\"dtr7 dtc3\">19 Kw<\/td><td    class=\"dtr7 dtc4\">17.5 Kw<\/td><td    class=\"dtr7 dtc5\">13.5 Kw<\/td><td    class=\"dtr7 dtc6\">11 Kw<\/td><td    class=\"dtr7 dtc7\">9.5 Kw<\/td><\/tr><tr class=\" row8\"><td    class=\"dtr8 dtc0\">Deck Crane<\/td><td    class=\"dtr8 dtc1\">5 T<\/td><td    class=\"dtr8 dtc2\">3 T<\/td><td    class=\"dtr8 dtc3\">2 T<\/td><td    class=\"dtr8 dtc4\">1.8 T<\/td><td    class=\"dtr8 dtc5\">1.5 T<\/td><td    class=\"dtr8 dtc6\">1 T<\/td><td    class=\"dtr8 dtc7\">-<\/td><\/tr><tr class=\" row9\"><td    class=\"dtr9 dtc0\">Side Winch<\/td><td    class=\"dtr9 dtc1\">2 x 240 Kn<\/td><td    class=\"dtr9 dtc2\">2 x 120 Kn<\/td><td    class=\"dtr9 dtc3\">2 x 80 Kn<\/td><td    class=\"dtr9 dtc4\">2 x 50 Kn<\/td><td    class=\"dtr9 dtc5\">2 x 40 Kn<\/td><td    class=\"dtr9 dtc6\">2 x 35 Kn<\/td><td    class=\"dtr9 dtc7\">2 x 30 Kn<\/td><\/tr><tr class=\" row10\"><td    class=\"dtr10 dtc0\">Ladder Winch<\/td><td    class=\"dtr10 dtc1\">1 x 240 Kn<\/td><td    class=\"dtr10 dtc2\">1 x 120 Kn<\/td><td    class=\"dtr10 dtc3\">1 x 80 Kn<\/td><td    class=\"dtr10 dtc4\">1 x 50 Kn<\/td><td    class=\"dtr10 dtc5\">1 x 40 Kn<\/td><td    class=\"dtr10 dtc6\">1 x 35 Kn<\/td><td    class=\"dtr10 dtc7\">1 x 30 Kn<\/td><\/tr><tr class=\" row11\"><td    class=\"dtr11 dtc0\">Suction Pipe Diameter<\/td><td    class=\"dtr11 dtc1\">700 mm<\/td><td    class=\"dtr11 dtc2\">550 mm<\/td><td    class=\"dtr11 dtc3\">450 mm<\/td><td    class=\"dtr11 dtc4\">440 mm<\/td><td    class=\"dtr11 dtc5\">390 mm<\/td><td    class=\"dtr11 dtc6\">340 mm<\/td><td    class=\"dtr11 dtc7\">305 mm<\/td><\/tr><tr class=\" row12\"><td    class=\"dtr12 dtc0\">Discharge Pipe Diameter<\/td><td    class=\"dtr12 dtc1\">650 mm<\/td><td    class=\"dtr12 dtc2\">500 mm<\/td><td    class=\"dtr12 dtc3\">450 mm<\/td><td    class=\"dtr12 dtc4\">390 mm<\/td><td    class=\"dtr12 dtc5\">340 mm<\/td><td    class=\"dtr12 dtc6\">310 mm<\/td><td    class=\"dtr12 dtc7\">260 mm<\/td><\/tr><tr class=\" row13\"><td    class=\"dtr13 dtc0\">Length O.A. ( Ladder Up )<\/td><td    class=\"dtr13 dtc1\">43 m<\/td><td    class=\"dtr13 dtc2\">37 m<\/td><td    class=\"dtr13 dtc3\">32 m<\/td><td    class=\"dtr13 dtc4\">26 m<\/td><td    class=\"dtr13 dtc5\">23 m<\/td><td    class=\"dtr13 dtc6\">18 m<\/td><td    class=\"dtr13 dtc7\">17 m<\/td><\/tr><tr class=\" row14\"><td    class=\"dtr14 dtc0\">Pontoon Length Over<\/td><td    class=\"dtr14 dtc1\">32 m<\/td><td    class=\"dtr14 dtc2\">26 m<\/td><td    class=\"dtr14 dtc3\">22 m<\/td><td    class=\"dtr14 dtc4\">18 m<\/td><td    class=\"dtr14 dtc5\">15 m<\/td><td    class=\"dtr14 dtc6\">12 m<\/td><td    class=\"dtr14 dtc7\">9 m<\/td><\/tr><tr class=\" row15\"><td    class=\"dtr15 dtc0\">Width<\/td><td    class=\"dtr15 dtc1\">10 m<\/td><td    class=\"dtr15 dtc2\">7.6 m<\/td><td    class=\"dtr15 dtc3\">7.6 m<\/td><td    class=\"dtr15 dtc4\">5 m<\/td><td    class=\"dtr15 dtc5\">5 m<\/td><td    class=\"dtr15 dtc6\">4.5 m<\/td><td    class=\"dtr15 dtc7\">4 m<\/td><\/tr><tr class=\" row16\"><td    class=\"dtr16 dtc0\">Depth<\/td><td    class=\"dtr16 dtc1\">2.8 m<\/td><td    class=\"dtr16 dtc2\">2.5 m<\/td><td    class=\"dtr16 dtc3\">2 m<\/td><td    class=\"dtr16 dtc4\">1.8 m<\/td><td    class=\"dtr16 dtc5\">1.5 m<\/td><td    class=\"dtr16 dtc6\">1.5 m<\/td><td    class=\"dtr16 dtc7\">1.5 m<\/td><\/tr><tr class=\" row17\"><td    class=\"dtr17 dtc0\">Fuel Oil Tank<\/td><td    class=\"dtr17 dtc1\">58 m3<\/td><td    class=\"dtr17 dtc2\">20 m3<\/td><td    class=\"dtr17 dtc3\">16 m3<\/td><td    class=\"dtr17 dtc4\">12 m3<\/td><td    class=\"dtr17 dtc5\">8.5 m3<\/td><td    class=\"dtr17 dtc6\">6 m3<\/td><td    class=\"dtr17 dtc7\">3 m3<\/td><\/tr><tr class=\" row18\"><td    class=\"dtr18 dtc0\">Total Weight<\/td><td    class=\"dtr18 dtc1\">380 T<\/td><td    class=\"dtr18 dtc2\">170 T<\/td><td    class=\"dtr18 dtc3\">120 T<\/td><td    class=\"dtr18 dtc4\">70 T<\/td><td    class=\"dtr18 dtc5\">55 T<\/td><td    class=\"dtr18 dtc6\">35 T<\/td><td    class=\"dtr18 dtc7\">30 T<\/td><\/tr><\/tbody><tfoot><tr><td class=\"dtr18 dtc0\" style=\"height: 0;\"><\/td><td class=\"dtr18 dtc1\" style=\"height: 0;\"><\/td><td class=\"dtr18 dtc2\" style=\"height: 0;\"><\/td><td class=\"dtr18 dtc3\" style=\"height: 0;\"><\/td><td class=\"dtr18 dtc4\" style=\"height: 0;\"><\/td><td class=\"dtr18 dtc5\" style=\"height: 0;\"><\/td><td class=\"dtr18 dtc6\" style=\"height: 0;\"><\/td><td class=\"dtr18 dtc7\" style=\"height: 0;\"><\/td><\/tr><\/tfoot><\/table><\/div><style>#wptmtable56 .dataTables_wrapper > .dataTables_scroll {max-height:750px;overflow: auto;}<\/style><script>window.wptm_ajaxurl = 'https:\/\/mavideniz.com.tr\/wp-admin\/admin-ajax.php?juwpfisadmin=false&action=Wptm&'; window.wptm_front = 'https:\/\/mavideniz.com.tr\/wp-content\/plugins\/wp-table-manager\/app\/site\/assets\/'; window.wptm_style = 'https:\/\/mavideniz.com.tr\/wp-content\/uploads\/wptm\/';<\/script><\/div><style><\/style>\n","protected":false},"excerpt":{"rendered":"<p>Mavideniz Kesici Emici Tarak Gemisi, kaya, kili, silt, kumu taramak i\u00e7in tasarlanm\u0131\u015f, ve zemin alt\u0131 emme tip tarak gemileri i\u00e7in [&hellip;]<\/p>\n","protected":false},"author":1,"featured_media":0,"parent":27464,"menu_order":0,"comment_status":"closed","ping_status":"closed","template":"","meta":{"site-sidebar-layout":"default","site-content-layout":"","ast-site-content-layout":"default","site-content-style":"default","site-sidebar-style":"default","ast-global-header-display":"","ast-banner-title-visibility":"","ast-main-header-display":"","ast-hfb-above-header-display":"","ast-hfb-below-header-display":"","ast-hfb-mobile-header-display":"","site-post-title":"","ast-breadcrumbs-content":"","ast-featured-img":"","footer-sml-layout":"","ast-disable-related-posts":"","theme-transparent-header-meta":"","adv-header-id-meta":"","stick-header-meta":"","header-above-stick-meta":"","header-main-stick-meta":"","header-below-stick-meta":"","astra-migrate-meta-layouts":"default","ast-page-background-enabled":"default","ast-page-background-meta":{"desktop":{"background-color":"var(--ast-global-color-5)","background-image":"","background-repeat":"repeat","background-position":"center center","background-size":"auto","background-attachment":"scroll","background-type":"","background-media":"","overlay-type":"","overlay-color":"","overlay-opacity":"","overlay-gradient":""},"tablet":{"background-color":"","background-image":"","background-repeat":"repeat","background-position":"center center","background-size":"auto","background-attachment":"scroll","background-type":"","background-media":"","overlay-type":"","overlay-color":"","overlay-opacity":"","overlay-gradient":""},"mobile":{"background-color":"","background-image":"","background-repeat":"repeat","background-position":"center center","background-size":"auto","background-attachment":"scroll","background-type":"","background-media":"","overlay-type":"","overlay-color":"","overlay-opacity":"","overlay-gradient":""}},"ast-content-background-meta":{"desktop":{"background-color":"var(--ast-global-color-4)","background-image":"","background-repeat":"repeat","background-position":"center center","background-size":"auto","background-attachment":"scroll","background-type":"","background-media":"","overlay-type":"","overlay-color":"","overlay-opacity":"","overlay-gradient":""},"tablet":{"background-color":"var(--ast-global-color-4)","background-image":"","background-repeat":"repeat","background-position":"center center","background-size":"auto","background-attachment":"scroll","background-type":"","background-media":"","overlay-type":"","overlay-color":"","overlay-opacity":"","overlay-gradient":""},"mobile":{"background-color":"var(--ast-global-color-4)","background-image":"","background-repeat":"repeat","background-position":"center center","background-size":"auto","background-attachment":"scroll","background-type":"","background-media":"","overlay-type":"","overlay-color":"","overlay-opacity":"","overlay-gradient":""}},"footnotes":""},"class_list":["post-27466","page","type-page","status-publish","hentry"],"_links":{"self":[{"href":"https:\/\/mavideniz.com.tr\/tr\/wp-json\/wp\/v2\/pages\/27466","targetHints":{"allow":["GET"]}}],"collection":[{"href":"https:\/\/mavideniz.com.tr\/tr\/wp-json\/wp\/v2\/pages"}],"about":[{"href":"https:\/\/mavideniz.com.tr\/tr\/wp-json\/wp\/v2\/types\/page"}],"author":[{"embeddable":true,"href":"https:\/\/mavideniz.com.tr\/tr\/wp-json\/wp\/v2\/users\/1"}],"replies":[{"embeddable":true,"href":"https:\/\/mavideniz.com.tr\/tr\/wp-json\/wp\/v2\/comments?post=27466"}],"version-history":[{"count":0,"href":"https:\/\/mavideniz.com.tr\/tr\/wp-json\/wp\/v2\/pages\/27466\/revisions"}],"up":[{"embeddable":true,"href":"https:\/\/mavideniz.com.tr\/tr\/wp-json\/wp\/v2\/pages\/27464"}],"wp:attachment":[{"href":"https:\/\/mavideniz.com.tr\/tr\/wp-json\/wp\/v2\/media?parent=27466"}],"curies":[{"name":"wp","href":"https:\/\/api.w.org\/{rel}","templated":true}]}}