{"id":27471,"date":"2021-10-16T08:13:41","date_gmt":"2021-10-16T08:13:41","guid":{"rendered":"https:\/\/mavideniz.com.tr\/?page_id=27471"},"modified":"2023-07-01T16:17:49","modified_gmt":"2023-07-01T16:17:49","slug":"mavna-duba","status":"publish","type":"page","link":"https:\/\/mavideniz.com.tr\/tr\/gemiler-tekneler\/tarak-gemisi-mavna\/mavna-duba\/","title":{"rendered":"Mavna + Duba"},"content":{"rendered":"<p><br \/>\nMavna + Duba, A\u011f\u0131r veya hafif g\u00fcverte y\u00fckleri dahil her t\u00fcrl\u00fc operasyonlar\u0131 ger\u00e7ekle\u015ftirmek i\u00e7in tasar\u0131mlanm\u0131\u015ft\u0131r.<\/p>\n<p>BA\u011eLAMA + ANKRAJ EK\u0130PMANLARI + USTURMA\u00c7A + BOLLARD + \u00c7EK\u0130C\u0130 EK\u0130PMANLARI + SEY\u0130R LAMBALARI + G\u00dcVENL\u0130K EK\u0130PMANLARI opsiyonel olarak mevcuttur.<\/p>\n<p>Mavna + Duba, Petrol S\u0131z\u0131nt\u0131s\u0131 Operasyonu, D\u00f6kme S\u0131v\u0131 Transfer Taramas\u0131, RoRo Operasyonu iskele, LINKSPAN, hafif y\u00fck ta\u015f\u0131ma, feribot, g\u00fcvertesinde veya tanklar\u0131n i\u00e7inde kargo ta\u015f\u0131mac\u0131l\u0131\u011f\u0131 ve in\u015faat malzemeleri ta\u015f\u0131mak i\u00e7in uygundur.<\/p>\n<p>Mavna + Duba,\u00a0 tasar\u0131m\u0131, d\u00fcnyan\u0131n en iyi tasar\u0131mc\u0131lar\u0131 ile \u00e7al\u0131\u015f\u0131yoruz. Flat Top Barge, \u00fcretimi ta\u015f\u0131mak ve s\u00fcrd\u00fcrmek i\u00e7in m\u00fckemmel bir kapasiteye sahiptir; kalitemizi, standartlar\u0131m\u0131z\u0131 ve farkl\u0131l\u0131klar\u0131m\u0131z\u0131 g\u00f6receksiniz. Gemileri teslim ettikten sonra ayn\u0131 performans ve kalitenin y\u0131llar sonra de\u011fi\u015fmedi\u011fini g\u00f6receksiniz, performans ve kaliteyi yakalamak i\u00e7in tek bir neden var, Ucuz \u00fcr\u00fcnleri tercih etmiyoruz, gemi in\u015fas\u0131 i\u00e7in en iyi malzeme ve \u00fcr\u00fcnleri se\u00e7iyoruz, ve ayr\u0131ca en iyi i\u015f\u00e7ileri, m\u00fchendisleri se\u00e7in.<\/p>\n<p><strong>\u00d6zellikler<\/strong><\/p>\n<ul>\n<li>Petrol S\u0131z\u0131nt\u0131s\u0131 Kurtarma Ekipman\u0131<\/li>\n<li>Petrol S\u0131z\u0131nt\u0131s\u0131 Mavnas\u0131 + Petrol S\u0131z\u0131nt\u0131s\u0131 Dubas\u0131<\/li>\n<li>\u00c7ekme D\u00fczeni<\/li>\n<li>Acil \u00c7ekme<\/li>\n<li>Kurtarma Vinci<\/li>\n<li>Navigasyon I\u015f\u0131\u011f\u0131<\/li>\n<li>Balast Pompas\u0131<\/li>\n<li>Kirlenme \u00d6nleyici Boya<\/li>\n<li>Rampa Paneli<\/li>\n<li>G\u00fcvenlik Raylar\u0131<\/li>\n<li>\u00c7apa Ba\u011flama Sistemi<\/li>\n<\/ul>\n<div class=\"wptm_table tablesorter-bootstrap \" data-id=\"57\" data-hightlight=\"0\"><div class=\"wptm_buttons buttons_wptmTbl57\"><\/div><div class=\"wptmresponsive dataTables-wptmtable wptmtable \" id=\"wptmtable57\" data-tableid=\"wptmTbl57\"><table data-count-header=\"1\"  data-format-decimal_count=\"0\" data-format-decimal_symbol=\".\" data-format-symbol_position=\"0\" data-format-thousand_symbol=\",\"  data-format-currency_symbol=\"$\"  data-name-style=\"57_1757436275.css\" data-format=\"YYYY-MM-DD\" id=\"wptmTbl57\" data-id=\"57\" data-responsive=\"false\" data-hideCols=\"false\"  data-type=\"html\" data-paging=\"false\" data-searching=\"true\"  data-ordering=\"false\" data-table-breakpoint=\"980\" data-scroll-x=\"true\" data-scroll-collapse=\"true\" data-align=\"center\" data-range=\"[]\" data-hideColumn=\"[0,0,0,0,0,0,0,0]\"  data-colwidths=\"[140,140,140,140,140,140,140,140]\"  data-colwidths_desktop=[]  data-colwidths_tablet=[]  data-colwidths_mobile=[]  class=\"wptm_main_table  disablePager hideScrollHeader\"><colgroup><col data-dtr=\"0\" data-dtc=\"0\" class=\"dtc0\"><col data-dtr=\"0\" data-dtc=\"1\" class=\"dtc1\"><col data-dtr=\"0\" data-dtc=\"2\" class=\"dtc2\"><col data-dtr=\"0\" data-dtc=\"3\" class=\"dtc3\"><col data-dtr=\"0\" data-dtc=\"4\" class=\"dtc4\"><col data-dtr=\"0\" data-dtc=\"5\" class=\"dtc5\"><col data-dtr=\"0\" data-dtc=\"6\" class=\"dtc6\"><col data-dtr=\"0\" data-dtc=\"7\" class=\"dtc7\"><\/colgroup><thead><tr class=\"wptm-header-cells-index dnone\"><th rowspan=\"1\" colspan=\"1\" data-dtr=\"0\" data-dtc=\"0\" class=\"dtr0 dtc0\"><\/th><th rowspan=\"1\" colspan=\"1\" data-dtr=\"0\" data-dtc=\"1\" class=\"dtr0 dtc1\"><\/th><th rowspan=\"1\" colspan=\"1\" data-dtr=\"0\" data-dtc=\"2\" class=\"dtr0 dtc2\"><\/th><th rowspan=\"1\" colspan=\"1\" data-dtr=\"0\" data-dtc=\"3\" class=\"dtr0 dtc3\"><\/th><th rowspan=\"1\" colspan=\"1\" data-dtr=\"0\" data-dtc=\"4\" class=\"dtr0 dtc4\"><\/th><th rowspan=\"1\" colspan=\"1\" data-dtr=\"0\" data-dtc=\"5\" class=\"dtr0 dtc5\"><\/th><th rowspan=\"1\" colspan=\"1\" data-dtr=\"0\" data-dtc=\"6\" class=\"dtr0 dtc6\"><\/th><th rowspan=\"1\" colspan=\"1\" data-dtr=\"0\" data-dtc=\"7\" class=\"dtr0 dtc7\"><\/th><\/tr><tr class=\" row0\"><th   data-priority=\"0\" class=\"dtr0 dtc0\"><\/th><th   data-priority=\"0\" class=\"dtr0 dtc1\">Pontoon 12<\/th><th   data-priority=\"0\" class=\"dtr0 dtc2\">Pontoon 28<\/th><th   data-priority=\"0\" class=\"dtr0 dtc3\">Pontoon 40<\/th><th   data-priority=\"0\" class=\"dtr0 dtc4\">Pontoon 50<\/th><th   data-priority=\"0\" class=\"dtr0 dtc5\">Pontoon 60<\/th><th   data-priority=\"0\" class=\"dtr0 dtc6\">Pontoon 70<\/th><th   data-priority=\"0\" class=\"dtr0 dtc7\">Pontoon 80<\/th><\/thead><tbody><tr class=\" row1\"><td    class=\"dtr1 dtc0\">Material<\/td><td  colspan=\"7\"   class=\"dtr1 dtc1\">Steel<\/td><td  style=\"display: none\"   class=\"dtr1 dtc2\"><\/td><td  style=\"display: none\"   class=\"dtr1 dtc3\"><\/td><td  style=\"display: none\"   class=\"dtr1 dtc4\"><\/td><td  style=\"display: none\"   class=\"dtr1 dtc5\"><\/td><td  style=\"display: none\"   class=\"dtr1 dtc6\"><\/td><td  style=\"display: none\"   class=\"dtr1 dtc7\"><\/td><\/tr><tr class=\" row2\"><td    class=\"dtr2 dtc0\">Length<\/td><td    class=\"dtr2 dtc1\">12 m<\/td><td    class=\"dtr2 dtc2\">28 m<\/td><td    class=\"dtr2 dtc3\">40 m<\/td><td    class=\"dtr2 dtc4\">50 m<\/td><td    class=\"dtr2 dtc5\">60 m<\/td><td    class=\"dtr2 dtc6\">70 m<\/td><td    class=\"dtr2 dtc7\">80 m<\/td><\/tr><tr class=\" row3\"><td    class=\"dtr3 dtc0\">Width<\/td><td    class=\"dtr3 dtc1\">2.4 m<\/td><td    class=\"dtr3 dtc2\">9 \/ 12 \/ 15 m<\/td><td    class=\"dtr3 dtc3\">12 \/ 15 \/ 17 \/20 m<\/td><td    class=\"dtr3 dtc4\">15 \/ 17 \/ 20 \/ 23 m<\/td><td    class=\"dtr3 dtc5\">17 \/ 20 \/ 23 \/ 26 m<\/td><td    class=\"dtr3 dtc6\">17 \/ 20 \/ 23 \/ 26 m<\/td><td    class=\"dtr3 dtc7\">17 \/ 20 \/ 23 \/ 26 m<\/td><\/tr><tr class=\" row4\"><td    class=\"dtr4 dtc0\">Deck Load Capacity<\/td><td    class=\"dtr4 dtc1\">4 T\/m\u00b2<\/td><td    class=\"dtr4 dtc2\">6 \/ 10 \/ 20 T\/m\u00b2<\/td><td    class=\"dtr4 dtc3\">10 \/ 20 T\/m\u00b2<\/td><td    class=\"dtr4 dtc4\">10 \/ 20 T\/m\u00b2<\/td><td    class=\"dtr4 dtc5\">10 \/ 20 T\/m\u00b2<\/td><td    class=\"dtr4 dtc6\">20 T\/m\u00b2<\/td><td    class=\"dtr4 dtc7\">20 T\/m\u00b2<\/td><\/tr><\/tbody><tfoot><tr><td class=\"dtr4 dtc0\" style=\"height: 0;\"><\/td><td class=\"dtr4 dtc1\" style=\"height: 0;\"><\/td><td class=\"dtr4 dtc2\" style=\"height: 0;\"><\/td><td class=\"dtr4 dtc3\" style=\"height: 0;\"><\/td><td class=\"dtr4 dtc4\" style=\"height: 0;\"><\/td><td class=\"dtr4 dtc5\" style=\"height: 0;\"><\/td><td class=\"dtr4 dtc6\" style=\"height: 0;\"><\/td><td class=\"dtr4 dtc7\" style=\"height: 0;\"><\/td><\/tr><\/tfoot><\/table><\/div><style>#wptmtable57 .dataTables_wrapper > .dataTables_scroll {max-height:500px;overflow: auto;}<\/style><script>window.wptm_ajaxurl = 'https:\/\/mavideniz.com.tr\/wp-admin\/admin-ajax.php?juwpfisadmin=false&action=Wptm&'; window.wptm_front = 'https:\/\/mavideniz.com.tr\/wp-content\/plugins\/wp-table-manager\/app\/site\/assets\/'; window.wptm_style = 'https:\/\/mavideniz.com.tr\/wp-content\/uploads\/wptm\/';<\/script><\/div><style><\/style>\n","protected":false},"excerpt":{"rendered":"<p>Mavna + Duba, A\u011f\u0131r veya hafif g\u00fcverte y\u00fckleri dahil her t\u00fcrl\u00fc operasyonlar\u0131 ger\u00e7ekle\u015ftirmek i\u00e7in tasar\u0131mlanm\u0131\u015ft\u0131r. BA\u011eLAMA + ANKRAJ EK\u0130PMANLARI + [&hellip;]<\/p>\n","protected":false},"author":1,"featured_media":0,"parent":27464,"menu_order":0,"comment_status":"closed","ping_status":"closed","template":"","meta":{"site-sidebar-layout":"default","site-content-layout":"","ast-site-content-layout":"default","site-content-style":"default","site-sidebar-style":"default","ast-global-header-display":"","ast-banner-title-visibility":"","ast-main-header-display":"","ast-hfb-above-header-display":"","ast-hfb-below-header-display":"","ast-hfb-mobile-header-display":"","site-post-title":"","ast-breadcrumbs-content":"","ast-featured-img":"","footer-sml-layout":"","ast-disable-related-posts":"","theme-transparent-header-meta":"","adv-header-id-meta":"","stick-header-meta":"","header-above-stick-meta":"","header-main-stick-meta":"","header-below-stick-meta":"","astra-migrate-meta-layouts":"default","ast-page-background-enabled":"default","ast-page-background-meta":{"desktop":{"background-color":"var(--ast-global-color-5)","background-image":"","background-repeat":"repeat","background-position":"center center","background-size":"auto","background-attachment":"scroll","background-type":"","background-media":"","overlay-type":"","overlay-color":"","overlay-opacity":"","overlay-gradient":""},"tablet":{"background-color":"","background-image":"","background-repeat":"repeat","background-position":"center center","background-size":"auto","background-attachment":"scroll","background-type":"","background-media":"","overlay-type":"","overlay-color":"","overlay-opacity":"","overlay-gradient":""},"mobile":{"background-color":"","background-image":"","background-repeat":"repeat","background-position":"center center","background-size":"auto","background-attachment":"scroll","background-type":"","background-media":"","overlay-type":"","overlay-color":"","overlay-opacity":"","overlay-gradient":""}},"ast-content-background-meta":{"desktop":{"background-color":"var(--ast-global-color-4)","background-image":"","background-repeat":"repeat","background-position":"center center","background-size":"auto","background-attachment":"scroll","background-type":"","background-media":"","overlay-type":"","overlay-color":"","overlay-opacity":"","overlay-gradient":""},"tablet":{"background-color":"var(--ast-global-color-4)","background-image":"","background-repeat":"repeat","background-position":"center center","background-size":"auto","background-attachment":"scroll","background-type":"","background-media":"","overlay-type":"","overlay-color":"","overlay-opacity":"","overlay-gradient":""},"mobile":{"background-color":"var(--ast-global-color-4)","background-image":"","background-repeat":"repeat","background-position":"center center","background-size":"auto","background-attachment":"scroll","background-type":"","background-media":"","overlay-type":"","overlay-color":"","overlay-opacity":"","overlay-gradient":""}},"footnotes":""},"class_list":["post-27471","page","type-page","status-publish","hentry"],"_links":{"self":[{"href":"https:\/\/mavideniz.com.tr\/tr\/wp-json\/wp\/v2\/pages\/27471","targetHints":{"allow":["GET"]}}],"collection":[{"href":"https:\/\/mavideniz.com.tr\/tr\/wp-json\/wp\/v2\/pages"}],"about":[{"href":"https:\/\/mavideniz.com.tr\/tr\/wp-json\/wp\/v2\/types\/page"}],"author":[{"embeddable":true,"href":"https:\/\/mavideniz.com.tr\/tr\/wp-json\/wp\/v2\/users\/1"}],"replies":[{"embeddable":true,"href":"https:\/\/mavideniz.com.tr\/tr\/wp-json\/wp\/v2\/comments?post=27471"}],"version-history":[{"count":0,"href":"https:\/\/mavideniz.com.tr\/tr\/wp-json\/wp\/v2\/pages\/27471\/revisions"}],"up":[{"embeddable":true,"href":"https:\/\/mavideniz.com.tr\/tr\/wp-json\/wp\/v2\/pages\/27464"}],"wp:attachment":[{"href":"https:\/\/mavideniz.com.tr\/tr\/wp-json\/wp\/v2\/media?parent=27471"}],"curies":[{"name":"wp","href":"https:\/\/api.w.org\/{rel}","templated":true}]}}