{"id":27475,"date":"2021-10-16T08:23:21","date_gmt":"2021-10-16T08:23:21","guid":{"rendered":"https:\/\/mavideniz.com.tr\/?page_id=27475"},"modified":"2023-07-01T17:32:33","modified_gmt":"2023-07-01T17:32:33","slug":"cok-amacli-tarak-gemisi-amfibi","status":"publish","type":"page","link":"https:\/\/mavideniz.com.tr\/tr\/gemiler-tekneler\/tarak-gemisi-mavna\/cok-amacli-tarak-gemisi-amfibi\/","title":{"rendered":"\u00c7ok Ama\u00e7l\u0131 Tarak Gemisi + Amfibi"},"content":{"rendered":"<p><span style=\"font-weight: 400;\"><\/span><\/p>\n<p>\u00c7ok Maksatl\u0131 Tarak Gemimiz Amfibi Olarak Tasarlan\u0131p \u0130stanbul&#8217;da \u00fcretilmi\u015ftir. Timsah, her \u00e7e\u015fit sulu ortamda \u00e7ok \u00e7e\u015fitli i\u015fler i\u00e7in uygundur.<br \/>\nTimsah \u00c7ok Ama\u00e7l\u0131 Tarak Gemisi su \u00fczerinde \u00e7ok y\u00f6nl\u00fcd\u00fcr, bu da onu a\u011f\u0131r i\u015flerden h\u0131zl\u0131 acil m\u00fcdahaleye kadar de\u011fi\u015fen kullan\u0131mlar i\u00e7in uygun hale getirir. G\u00fc\u00e7l\u00fc motoru, tahrik sistemi ve pompalar\u0131, \u00fcst\u00fcn hareket kabiliyeti ve sofistike konumland\u0131rma ekipman\u0131, onu kendi ba\u015f\u0131na bir s\u0131n\u0131fa yerle\u015ftirir. \u00c7ok Ama\u00e7l\u0131 Tarak Gemisinin bir di\u011fer kritik \u00e7evresel \u00f6zelli\u011fi, d\u00fc\u015f\u00fck g\u00fcr\u00fclt\u00fc seviyelerinde \u00e7al\u0131\u015fabilmesidir. G\u00fcr\u00fclt\u00fcy\u00fc s\u0131\u011f seviyelere indiren s\u00fcper kritik bir susturucu ile donat\u0131lm\u0131\u015ft\u0131r.<\/p>\n<p><strong>Fonksiyonlar<\/strong><\/p>\n<p>Kirlenmi\u015f nehirlerin, kanallar\u0131n ve di\u011fer su yollar\u0131n\u0131n temizlenmesi ve restore edilmesi \/ K\u0131y\u0131 \u015feritlerinin yeniden in\u015fas\u0131 \/ Yaban hayat\u0131 habitatlar\u0131n\u0131n olu\u015fturulmas\u0131 \/ Bitki \u00f6rt\u00fcs\u00fcn\u00fcn kontrol\u00fc \/ Su borular\u0131n\u0131n, boru hatlar\u0131n\u0131n ve denizalt\u0131 kablolar\u0131n\u0131n d\u00f6\u015fenmesi \/ Ta\u015fk\u0131n Kontrol\u00fc, \u00c7ok Ama\u00e7l\u0131 Tarak Gemisinin teknolojisi ile su borular\u0131n\u0131n, boru hatlar\u0131n\u0131n ve denizalt\u0131 kablolar\u0131n\u0131n d\u00f6\u015fenmesi y\u0131\u011f\u0131nlar\u0131 sudan \u00e7\u0131karmak m\u00fcmk\u00fcnd\u00fcr. Bu, k\u0131y\u0131lar\u0131 korur ve k\u0131y\u0131dan \u00f6nemli bir mesafede kaz\u0131k \u00e7akmas\u0131n\u0131 sa\u011flar. Timsah \u00c7ok Ama\u00e7l\u0131 Tarak Gemisi, tahrik sistemi ve ekskavat\u00f6r tertibat\u0131 ile suda ba\u011f\u0131ms\u0131z olarak hareket eder. Timsah, \u00c7ok Ama\u00e7l\u0131 Tarak Gemisi, ayaklar\u0131 ile demirlenir ve dip tarama i\u00e7in \u00e7elik halatlara ihtiya\u00e7 duymaz, bu da ge\u00e7en su trafi\u011fini bozabilir.<\/p>\n<p>Amfibi makinesi, bir kamyona tam bir birim olarak gelir veya orada kendi ba\u015f\u0131na su \u00fczerinde gezinir. Bir treyler \u00fczerinde \u015fantiyeye geldikten sonra, makine Amfibi oldu\u011fu i\u00e7in, herhangi bir d\u0131\u015f yard\u0131m olmadan suya girip \u00e7\u0131kt\u0131\u011f\u0131 i\u00e7in maliyetli vin\u00e7 yard\u0131m\u0131na gerek yoktur. Amfibi oldu\u011fu i\u00e7in treyler operasyonlar\u0131nda \u00e7ekim s\u0131n\u0131r\u0131 yoktur.<\/p>\n<p>Timsah \u00c7ok Ama\u00e7l\u0131 Tarak Gemisi, t\u0131rm\u0131\u011f\u0131 kullanarak y\u00fczen veya k\u00f6kl\u00fc bitki \u00f6rt\u00fcs\u00fcn\u00fc, zararl\u0131 ta\u015flar\u0131 ve \u00e7\u00f6pleri dipten \u00e7\u0131karabilir.<br \/>\n\u00c7ok Ama\u00e7l\u0131 Tarak Gemisi, topra\u011f\u0131 bir boru hatt\u0131 arac\u0131l\u0131\u011f\u0131yla 1 km uzakl\u0131ktaki bir bo\u015faltma alan\u0131na pompalayabilir. Bu i\u015flemde toprak, toplam hacminin %80-90&#8217;\u0131n\u0131 olu\u015fturan b\u00fcy\u00fck miktarlarda su ile kar\u0131\u015ft\u0131r\u0131l\u0131r.<\/p>\n<p>Timsah, \u00c7ok Ama\u00e7l\u0131 Tarak Gemisinin ba\u011f\u0131ms\u0131z tarama hareketleri ve demirlemesi, hidrolik stabilizat\u00f6rlere dayanmaktad\u0131r. 2 arka stabilizat\u00f6r, hidrolik olarak e\u011filebilen silindir \u00e7atallar\u0131 ile donat\u0131lm\u0131\u015ft\u0131r. \u00c7\u0131kar\u0131labilir \u015famand\u0131ral\u0131 ve \u00e7\u0131kar\u0131labilir \u00e7atall\u0131 hidrolik iki \u00f6n stabilizat\u00f6r arac\u0131l\u0131\u011f\u0131yla derinlik kontrol\u00fc.<\/p>\n<p>Uluslararas\u0131 Denizcilik \u00d6rg\u00fct\u00fc, bu y\u00fczy\u0131l\u0131n sonuna kadar sera gaz\u0131 (GHG) emisyonlar\u0131n\u0131 s\u0131f\u0131ra indirme stratejisini a\u00e7\u0131klarken, deniz \u00e7evre d\u00fczenlemeleri d\u00fcnya \u00e7ap\u0131nda s\u0131k\u0131la\u015ft\u0131r\u0131ld\u0131. Emisyon kontrol alanlar\u0131n\u0131n uygulanmas\u0131 gemi operasyonlar\u0131n\u0131 etkilemeye ba\u015flam\u0131\u015ft\u0131r. Mavi Deniz, \u00e7ift yak\u0131tl\u0131 \u00e7\u00f6z\u00fcmler ve daha temiz ye\u015fil g\u00fc\u00e7 teknolojileri geli\u015ftirerek yeni emisyon kontrol d\u00fczenlemelerini ba\u015far\u0131yla ba\u015flatt\u0131. Mavi Deniz&#8217;in Ye\u015fil G\u00fc\u00e7 Se\u00e7enekleri; G\u00fcne\u015f Enerjisi Sistemi, Batarya G\u00fc\u00e7 Sistemi, Hidrojen Yak\u0131t Pili Sistemi, LPG Sistemi, G\u00fcverte ekipman\u0131 ve sevk sistemi dahil olmak \u00fczere \u00c7ok Ama\u00e7l\u0131 Tarak Gemisi + Amfibi&#8217;ye tam olarak entegre edilebilir.<\/p>\n<p><span style=\"color: #339966;\"><strong>\u00c7ok Ama\u00e7l\u0131 Tarak Gemisi + Amfibi Ye\u015fil G\u00fc\u00e7 Se\u00e7enekleri<\/strong><\/span><\/p>\n<ul>\n<li>G\u00fcne\u015f Enerjisi Sistemiyle G\u00fc\u00e7lendirilir<\/li>\n<li>Pil G\u00fc\u00e7 Sistemi ile G\u00fc\u00e7lendirilir<\/li>\n<li>Hidrojen Yak\u0131t H\u00fccresi Sistemi ile G\u00fc\u00e7lendirilir<\/li>\n<li>LPG Sistemi ile G\u00fc\u00e7lendirilir<\/li>\n<\/ul>\n<p><strong>Uygulamalar<\/strong><\/p>\n<ul>\n<li>Di\u011fer makinelerle \u00e7al\u0131\u015fman\u0131n zor veya imkans\u0131z oldu\u011fu yerlerde tarama<br \/>\n( g\u00f6ller | nehirler | sulak alanlar | s\u0131\u011f sular | limanlar | kanallar | k\u0131y\u0131 \u015feritleri | end\u00fcstriyel havuzlar | k\u00f6pr\u00fc alt\u0131 | t\u00fcnellerde vb. )<\/li>\n<li>Hem pompalayabilen hem de kaz\u0131 yapabilen benzersiz\/\u00e7ok y\u00f6nl\u00fc tarak gemisinin gerekli oldu\u011fu yerler<\/li>\n<li>Birka\u00e7 tek ama\u00e7l\u0131 makineyi harekete ge\u00e7irmenin m\u00fcmk\u00fcn olmad\u0131\u011f\u0131 durumlarda<br \/>\n(kesici emme tarak gemisi | kaz\u0131c\u0131 tarak gemisi | ekskavat\u00f6r | r\u00f6mork\u00f6r | montaj vin\u00e7leri veya sahaya demirleme i\u00e7in yard\u0131mc\u0131 gemiler)<\/li>\n<li>Su trafi\u011finin s\u0131k\u0131\u015f\u0131k oldu\u011fu yerlerde tarama<\/li>\n<li>Suda veya k\u0131y\u0131 \u015feridinde boru hatlar\u0131n\u0131n\/denizalt\u0131 kablolar\u0131n\u0131n\/ kaz\u0131k \u00e7akma i\u015fleminin gerekli oldu\u011fu yerler<\/li>\n<li>Bitki \u00f6rt\u00fcs\u00fcn\u00fcn geleneksel tarak gemisine izin vermedi\u011fi yerlerde<\/li>\n<li>Y\u00fczen veya k\u00f6kl\u00fc bitki \u00f6rt\u00fcs\u00fcn\u00fcn alttan kald\u0131r\u0131lmas\u0131\/kontrol edilmesi gereken yerler<\/li>\n<li>\u00c7evresel taraman\u0131n gerekli oldu\u011fu durumlarda<\/li>\n<li>Amfibi Tarak Gemisinin gerekli oldu\u011fu durumlarda<\/li>\n<\/ul>\n<p><strong>Sevk sistemi<\/strong><\/p>\n<p>Timsah \u00c7ok Ama\u00e7l\u0131 Tarak Gemisinin tahrik sistemi, minimum Timsah ile maksimum g\u00fc\u00e7 sa\u011flamak \u00fczere tasarlanm\u0131\u015ft\u0131r. Timsah 4 ila 8 deniz mili yelken a\u00e7abilir. Pervane, suda ya\u015fayan bitki \u00f6rt\u00fcs\u00fcn\u00fc korumak ve nehir yata\u011f\u0131 tortusunu rahats\u0131z etmekten ka\u00e7\u0131nmak i\u00e7in s\u0131\u011f sularda katlanabilir y\u00fckseli\u015f yapabilir. Tropikal ve arktik iklimde \u00e7evresel tarama.<\/p>\n<p><strong>Kabin<\/strong><\/p>\n<p>Timsah, \u00c7ok Ama\u00e7l\u0131 Tarak Gemisinin kabini, m\u00fckemmel g\u00f6r\u00fc\u015f ile en y\u00fcksek konfor ve ergonomik standartlar\u0131 kar\u015f\u0131lar. Pilot, t\u00fcm hidrolik fonksiyonlar\u0131 kabinden kontrol eder. Amfibi Tarak Gemisi, tamamen ayarlanabilir l\u00fcks koltuklar, ula\u015f\u0131lmas\u0131 kolay kontroller, a\u00e7\u0131labilen yan camlar ve a\u00e7\u0131l\u0131r tavan kapa\u011f\u0131, radyo sistemi ve hidrolik\/motor g\u00f6stergesi gibi bir dizi standart ve iste\u011fe ba\u011fl\u0131 aksesuarla donat\u0131lm\u0131\u015ft\u0131r.<\/p>\n<p><strong>Motor<\/strong><\/p>\n<p>Timsah \u00c7ok Ama\u00e7l\u0131 Tarak Gemisi, hafif, kompakt, d\u00fc\u015f\u00fck kirlili\u011fe sahip bir Cummins \/ Caterpillar \/ Volvo \/ Perkins&#8217;e kar\u015f\u0131 motorla donat\u0131lm\u0131\u015ft\u0131r. Amfibi Tarak Gemisi ekskavat\u00f6r\u00fc yedek g\u00fcce sahiptir ( 260 ila 700 hp &#8211; standart model: 260 hp).<\/p>\n<p><strong>G\u00f6vde<\/strong><\/p>\n<p>Crocodile 1000, koruma i\u00e7in yedi su ge\u00e7irmez b\u00f6lmeye b\u00f6l\u00fcnm\u00fc\u015f tek par\u00e7a bir g\u00f6vdeye sahiptir. Crocodile 1400, g\u00fcvenlik i\u00e7in dokuz su ge\u00e7irmez b\u00f6lmeye b\u00f6l\u00fcnm\u00fc\u015f tek par\u00e7a bir g\u00f6vdeye sahiptir. Crocodile 1500, koruma i\u00e7in 13 su ge\u00e7irmez b\u00f6lmeye b\u00f6l\u00fcnm\u00fc\u015f tek par\u00e7a bir g\u00f6vdeye sahiptir. Minimum \u00fc\u00e7 y\u0131l garanti i\u00e7in korozyona dayan\u0131kl\u0131 boyama sistemi. Altta koruyucu kayd\u0131rma \u00e7ubuklar\u0131. Kaymaz g\u00fcverte. Korkuluk.<\/p>\n<p><strong>Ekskavat\u00f6r<\/strong><\/p>\n<p>Maksimum kep\u00e7e eri\u015fimi: 5,3 m ila 12 m ila 180\u00ba Maksimum derinlik: 12 m<br \/>\nKoparma kuvveti (kova silindirinden): 77 kN (se\u00e7ilen se\u00e7ene\u011fe ba\u011fl\u0131d\u0131r)<br \/>\nKazma kuvveti (kova silindirinden): 40 kN (se\u00e7ilen se\u00e7ene\u011fe ba\u011fl\u0131d\u0131r)<br \/>\nKald\u0131rma kapasitesi maks. Eri\u015fim: 16 kN (se\u00e7ilen se\u00e7ene\u011fe ba\u011fl\u0131d\u0131r)<\/p>\n<p><strong>Kova Sistemi<\/strong><\/p>\n<p>Kaz\u0131c\u0131 tarama i\u00e7in \u00e7e\u015fitli ara\u00e7lar mevcuttur; g\u00fcnl\u00fck i\u015fler i\u00e7in di\u015fleri olan 400 lt&#8217;lik bir kova, daha \u00f6nemli alanlar i\u00e7in 800 lt&#8217;lik bir kova ve \u00e7evresel tarama i\u00e7in kapakl\u0131 bir kova. Amfibi Tarak Gemisinin kep\u00e7esi ile, taranan malzeme mavnalara veya dar kanallarda do\u011frudan k\u0131y\u0131ya b\u0131rak\u0131labilir. Bekolu kep\u00e7e, kapakl\u0131 kep\u00e7e ile ta\u015f ve \u00e7\u00f6p \u00e7\u0131karma i\u015flemi yap\u0131labilmektedir. Daha b\u00fcy\u00fck ta\u015flar k\u0131y\u0131ya, suyun daha derinlerine ta\u015f\u0131nabilir, g\u00f6m\u00fclebilir veya \u00f6rne\u011fin bir dalgak\u0131ran yapmak i\u00e7in kullan\u0131labilir.<\/p>\n<p><span style=\"font-weight: 400;\"><div class=\"wptm_table tablesorter-bootstrap \" data-id=\"58\" data-hightlight=\"0\"><div class=\"wptm_buttons buttons_wptmTbl58\"><\/div><div class=\"wptmresponsive dataTables-wptmtable wptmtable \" id=\"wptmtable58\" data-tableid=\"wptmTbl58\"><table data-count-header=\"1\"  data-format-decimal_count=\"0\" data-format-decimal_symbol=\".\" data-format-symbol_position=\"0\" data-format-thousand_symbol=\",\"  data-format-currency_symbol=\"$\"  data-name-style=\"58_1759815605.css\" data-format=\"YYYY-MM-DD\" id=\"wptmTbl58\" data-id=\"58\" data-responsive=\"false\" data-hideCols=\"false\"  data-type=\"html\" data-paging=\"false\" data-searching=\"true\"  data-ordering=\"false\" data-table-breakpoint=\"980\" data-scroll-x=\"true\" data-scroll-collapse=\"true\" data-align=\"center\" data-range=\"[]\" data-hideColumn=\"[0,0,0,0]\"  data-colwidths=\"[285,285,285,285]\"  data-colwidths_desktop=[]  data-colwidths_tablet=[]  data-colwidths_mobile=[]  class=\"wptm_main_table  disablePager hideScrollHeader\"><colgroup><col data-dtr=\"0\" data-dtc=\"0\" class=\"dtc0\"><col data-dtr=\"0\" data-dtc=\"1\" class=\"dtc1\"><col data-dtr=\"0\" data-dtc=\"2\" class=\"dtc2\"><col data-dtr=\"0\" data-dtc=\"3\" class=\"dtc3\"><\/colgroup><thead><tr class=\"wptm-header-cells-index\"><th rowspan=\"1\" colspan=\"1\" data-dtr=\"0\" data-dtc=\"0\" class=\"dtr0 dtc0\"><\/th><th rowspan=\"1\" colspan=\"1\" data-dtr=\"0\" data-dtc=\"1\" class=\"dtr0 dtc1\"><\/th><th rowspan=\"1\" colspan=\"1\" data-dtr=\"0\" data-dtc=\"2\" class=\"dtr0 dtc2\"><\/th><th rowspan=\"1\" colspan=\"1\" data-dtr=\"0\" data-dtc=\"3\" class=\"dtr0 dtc3\"><\/th><\/tr><tr class=\" row0\"><th   data-priority=\"0\" class=\"dtr0 dtc0\"><\/th><th   data-priority=\"0\" class=\"dtr0 dtc1\">Crocodile 1000<\/th><th   data-priority=\"0\" class=\"dtr0 dtc2\">Crocodile 1400<\/th><th   data-priority=\"0\" class=\"dtr0 dtc3\">Crocodile 1500<\/th><\/thead><tbody><tr class=\" row1\"><td    class=\"dtr1 dtc0\">Length<\/td><td    class=\"dtr1 dtc1\">11 m<\/td><td    class=\"dtr1 dtc2\">14 m<\/td><td    class=\"dtr1 dtc3\">15 m<\/td><\/tr><tr class=\" row2\"><td    class=\"dtr2 dtc0\">Width<\/td><td    class=\"dtr2 dtc1\">3.5 m<\/td><td    class=\"dtr2 dtc2\">3.5 m<\/td><td    class=\"dtr2 dtc3\">4.3 m<\/td><\/tr><tr class=\" row3\"><td    class=\"dtr3 dtc0\">Height<\/td><td    class=\"dtr3 dtc1\">3.2 m<\/td><td    class=\"dtr3 dtc2\">3.2 m<\/td><td    class=\"dtr3 dtc3\">3.2 m<\/td><\/tr><tr class=\" row4\"><td    class=\"dtr4 dtc0\">Draft<\/td><td    class=\"dtr4 dtc1\">0.6 m<\/td><td    class=\"dtr4 dtc2\">0.6 m<\/td><td    class=\"dtr4 dtc3\">0.6 m<\/td><\/tr><tr class=\" row5\"><td    class=\"dtr5 dtc0\">Weight<\/td><td    class=\"dtr5 dtc1\">20 t<\/td><td    class=\"dtr5 dtc2\">24 t<\/td><td    class=\"dtr5 dtc3\">28 t<\/td><\/tr><tr class=\" row6\"><td    class=\"dtr6 dtc0\">Hull<\/td><td    class=\"dtr6 dtc1\">One piece hull with 7 watertight compartment<\/td><td    class=\"dtr6 dtc2\">One piece hull with 9 watertight compartment<\/td><td    class=\"dtr6 dtc3\">One piece hull with 13 watertight compartment<\/td><\/tr><tr class=\" row7\"><td    class=\"dtr7 dtc0\">F\/O Tank<\/td><td    class=\"dtr7 dtc1\">1200 lt<\/td><td    class=\"dtr7 dtc2\">1400 lt<\/td><td    class=\"dtr7 dtc3\">1600 lt<\/td><\/tr><tr class=\" row8\"><td    class=\"dtr8 dtc0\">Engine<\/td><td    class=\"dtr8 dtc1\">260 hp \/ 350 hp ( Optional )<\/td><td    class=\"dtr8 dtc2\">350 hp \/ 500 hp ( Optional )<\/td><td    class=\"dtr8 dtc3\">500 hp \/ 700 hp ( Optional )<\/td><\/tr><tr class=\" row9\"><td    class=\"dtr9 dtc0\">Propeller<\/td><td    class=\"dtr9 dtc1\">1 x Hydraulic Driven Propeller<\/td><td    class=\"dtr9 dtc2\">2 x Hydraulic Driven Propeller<\/td><td    class=\"dtr9 dtc3\">2 x Hydraulic Driven Propeller<\/td><\/tr><tr class=\" row10\"><td    class=\"dtr10 dtc0\">Speed<\/td><td    class=\"dtr10 dtc1\">4 Knots<\/td><td    class=\"dtr10 dtc2\">5 Knots<\/td><td    class=\"dtr10 dtc3\">5 Knots<\/td><\/tr><tr class=\" row11\"><td    class=\"dtr11 dtc0\">Excavation Digging Depth<\/td><td    class=\"dtr11 dtc1\">5.3 m \/ 6.3 m ( Optional )<\/td><td    class=\"dtr11 dtc2\">8 m \/ 9 m ( Optional )<\/td><td    class=\"dtr11 dtc3\">10.5 m \/ 12 m ( Optional )<\/td><\/tr><tr class=\" row12\"><td    class=\"dtr12 dtc0\">Excavation Pumping Depth<\/td><td    class=\"dtr12 dtc1\">6.3 m<\/td><td    class=\"dtr12 dtc2\">9 m<\/td><td    class=\"dtr12 dtc3\">11.5 m<\/td><\/tr><tr class=\" row13\"><td    class=\"dtr13 dtc0\">Stabilizer Depth<\/td><td    class=\"dtr13 dtc1\">Front : 3.5 m \/ Rear : 6.3 m<\/td><td    class=\"dtr13 dtc2\">Front : 5.0 m \/ Rear : 9 m<\/td><td    class=\"dtr13 dtc3\">Front : 6.0 m \/ Rear : 11 m<\/td><\/tr><tr class=\" row14\"><td    class=\"dtr14 dtc0\">Electrical System<\/td><td  colspan=\"3\"   class=\"dtr14 dtc1\">12 or 24 V<\/td><td  style=\"display: none\"   class=\"dtr14 dtc2\"><\/td><td  style=\"display: none\"   class=\"dtr14 dtc3\"><\/td><\/tr><tr class=\" row15\"><td    class=\"dtr15 dtc0\">Hydraulical System Capacity<\/td><td    class=\"dtr15 dtc1\">500 L<\/td><td    class=\"dtr15 dtc2\">700 L<\/td><td    class=\"dtr15 dtc3\">1000 L<\/td><\/tr><tr class=\" row16\"><td    class=\"dtr16 dtc0\">Paint<\/td><td  colspan=\"3\"   class=\"dtr16 dtc1\">Epoxy coating underwater hull, decks & superstructure with a lifetime of about 3 years.<\/td><td  style=\"display: none\"   class=\"dtr16 dtc2\"><\/td><td  style=\"display: none\"   class=\"dtr16 dtc3\"><\/td><\/tr><tr class=\" row17\"><td    class=\"dtr17 dtc0\">Optional Equipment<\/td><td  colspan=\"3\"   class=\"dtr17 dtc1\">Backhoe Bucket ( 800 L ) \/ Clamshell Bucket ( 600 L ) \/ Piling Bucket \/ Cutter Suction Pump \/ Horizontal Suction Pump Bucket | Auger Head \/ Oil Recovery Bucket \/ Rake ( 2.8 m ) \/ Pile Driver \/ Oil Spill Spray System \/ Discharge Pipe ( HDPE ) | Floats Spray Pipe \/ Air Condition | Heater \/ Class Certificate \/ Navigation Equipment \/ Side Pontoon \/ Service Crane \/ Service Boat \/ Spare Parts \/ Trailer<\/td><td  style=\"display: none\"   class=\"dtr17 dtc2\"><\/td><td  style=\"display: none\"   class=\"dtr17 dtc3\"><\/td><\/tr><\/tbody><tfoot><tr><td class=\"dtr17 dtc0\" style=\"height: 0;\"><\/td><td class=\"dtr17 dtc1\" style=\"height: 0;\"><\/td><td class=\"dtr17 dtc2\" style=\"height: 0;\"><\/td><td class=\"dtr17 dtc3\" style=\"height: 0;\"><\/td><\/tr><\/tfoot><\/table><\/div><style>#wptmtable58 .dataTables_wrapper > .dataTables_scroll {max-height:630px;overflow: auto;}<\/style><script>window.wptm_ajaxurl = 'https:\/\/mavideniz.com.tr\/wp-admin\/admin-ajax.php?juwpfisadmin=false&action=Wptm&'; window.wptm_front = 'https:\/\/mavideniz.com.tr\/wp-content\/plugins\/wp-table-manager\/app\/site\/assets\/'; window.wptm_style = 'https:\/\/mavideniz.com.tr\/wp-content\/uploads\/wptm\/';<\/script><\/div><style><\/style><\/span><\/p>\n","protected":false},"excerpt":{"rendered":"<p>\u00c7ok Maksatl\u0131 Tarak Gemimiz Amfibi Olarak Tasarlan\u0131p \u0130stanbul&#8217;da \u00fcretilmi\u015ftir. Timsah, her \u00e7e\u015fit sulu ortamda \u00e7ok \u00e7e\u015fitli i\u015fler i\u00e7in uygundur. Timsah [&hellip;]<\/p>\n","protected":false},"author":1,"featured_media":0,"parent":27464,"menu_order":0,"comment_status":"closed","ping_status":"closed","template":"","meta":{"site-sidebar-layout":"default","site-content-layout":"","ast-site-content-layout":"default","site-content-style":"default","site-sidebar-style":"default","ast-global-header-display":"","ast-banner-title-visibility":"","ast-main-header-display":"","ast-hfb-above-header-display":"","ast-hfb-below-header-display":"","ast-hfb-mobile-header-display":"","site-post-title":"","ast-breadcrumbs-content":"","ast-featured-img":"","footer-sml-layout":"","ast-disable-related-posts":"","theme-transparent-header-meta":"","adv-header-id-meta":"","stick-header-meta":"","header-above-stick-meta":"","header-main-stick-meta":"","header-below-stick-meta":"","astra-migrate-meta-layouts":"default","ast-page-background-enabled":"default","ast-page-background-meta":{"desktop":{"background-color":"var(--ast-global-color-5)","background-image":"","background-repeat":"repeat","background-position":"center center","background-size":"auto","background-attachment":"scroll","background-type":"","background-media":"","overlay-type":"","overlay-color":"","overlay-opacity":"","overlay-gradient":""},"tablet":{"background-color":"","background-image":"","background-repeat":"repeat","background-position":"center center","background-size":"auto","background-attachment":"scroll","background-type":"","background-media":"","overlay-type":"","overlay-color":"","overlay-opacity":"","overlay-gradient":""},"mobile":{"background-color":"","background-image":"","background-repeat":"repeat","background-position":"center center","background-size":"auto","background-attachment":"scroll","background-type":"","background-media":"","overlay-type":"","overlay-color":"","overlay-opacity":"","overlay-gradient":""}},"ast-content-background-meta":{"desktop":{"background-color":"var(--ast-global-color-4)","background-image":"","background-repeat":"repeat","background-position":"center center","background-size":"auto","background-attachment":"scroll","background-type":"","background-media":"","overlay-type":"","overlay-color":"","overlay-opacity":"","overlay-gradient":""},"tablet":{"background-color":"var(--ast-global-color-4)","background-image":"","background-repeat":"repeat","background-position":"center center","background-size":"auto","background-attachment":"scroll","background-type":"","background-media":"","overlay-type":"","overlay-color":"","overlay-opacity":"","overlay-gradient":""},"mobile":{"background-color":"var(--ast-global-color-4)","background-image":"","background-repeat":"repeat","background-position":"center center","background-size":"auto","background-attachment":"scroll","background-type":"","background-media":"","overlay-type":"","overlay-color":"","overlay-opacity":"","overlay-gradient":""}},"footnotes":""},"class_list":["post-27475","page","type-page","status-publish","hentry"],"_links":{"self":[{"href":"https:\/\/mavideniz.com.tr\/tr\/wp-json\/wp\/v2\/pages\/27475","targetHints":{"allow":["GET"]}}],"collection":[{"href":"https:\/\/mavideniz.com.tr\/tr\/wp-json\/wp\/v2\/pages"}],"about":[{"href":"https:\/\/mavideniz.com.tr\/tr\/wp-json\/wp\/v2\/types\/page"}],"author":[{"embeddable":true,"href":"https:\/\/mavideniz.com.tr\/tr\/wp-json\/wp\/v2\/users\/1"}],"replies":[{"embeddable":true,"href":"https:\/\/mavideniz.com.tr\/tr\/wp-json\/wp\/v2\/comments?post=27475"}],"version-history":[{"count":0,"href":"https:\/\/mavideniz.com.tr\/tr\/wp-json\/wp\/v2\/pages\/27475\/revisions"}],"up":[{"embeddable":true,"href":"https:\/\/mavideniz.com.tr\/tr\/wp-json\/wp\/v2\/pages\/27464"}],"wp:attachment":[{"href":"https:\/\/mavideniz.com.tr\/tr\/wp-json\/wp\/v2\/media?parent=27475"}],"curies":[{"name":"wp","href":"https:\/\/api.w.org\/{rel}","templated":true}]}}