{"id":27483,"date":"2021-10-16T10:02:34","date_gmt":"2021-10-16T10:02:34","guid":{"rendered":"https:\/\/mavideniz.com.tr\/?page_id=27483"},"modified":"2023-07-01T18:59:00","modified_gmt":"2023-07-01T18:59:00","slug":"emici-hazneli-tarama-gemisi","status":"publish","type":"page","link":"https:\/\/mavideniz.com.tr\/tr\/gemiler-tekneler\/tarak-gemisi-mavna\/emici-hazneli-tarama-gemisi\/","title":{"rendered":"Emici-Hazneli Tarama Gemisi"},"content":{"rendered":"<p><br \/>\nEmici Hazneli Tarak Gemisi, arazi \u0131slah\u0131, sahil besleme ve sermaye tarama i\u015flemleri i\u00e7in tasarlanm\u0131\u015ft\u0131r. S\u00fcr\u00fcklenen emme hunisi tara\u011f\u0131, deniz taban\u0131ndan topra\u011f\u0131, kumu, al\u00fcvyon ve \u00e7ak\u0131l\u0131 toplamak i\u00e7in \u00e7ekme ba\u015fl\u0131kl\u0131 bir veya iki emme borusuyla donat\u0131lm\u0131\u015ft\u0131r.<\/p>\n<p>Emici Hazneli Tarak Gemisi, 20 m derinli\u011fe kadar arkadan tarama yapabilen ve 20 m derinli\u011fe kadar kep\u00e7e tarama ve 23 m mesafeye kadar g\u00f6kku\u015fa\u011f\u0131 olu\u015fturma yapabilen, kendinden tahrikli, denizde giden bir gemidir.<\/p>\n<p>Bunlar \u00e7ok esnektir ve di\u011fer ekipmanlardan ba\u011f\u0131ms\u0131z olarak \u00e7al\u0131\u015fabilir ve kendinden tahrikli olduklar\u0131 i\u00e7in taranan malzemeyi uzun mesafelere ta\u015f\u0131yabilir. Tam olarak y\u00fcklendikten sonra gemi, taranan malzemenin bo\u015falt\u0131ld\u0131\u011f\u0131 bo\u015faltma veya yerle\u015ftirme alan\u0131na gider. Proje tipine ba\u011fl\u0131 olarak, taranan malzeme \u00fc\u00e7 yoldan biriyle bo\u015falt\u0131lacak\/tahliye edilecektir:<\/p>\n<ul>\n<li>Malzeme ya geminin alt k\u0131sm\u0131ndaki kapaklar a\u00e7\u0131larak yerle\u015ftirme yerine b\u0131rak\u0131l\u0131r;<\/li>\n<li>Suya dald\u0131r\u0131labilen veya y\u00fczebilen boru hatlar\u0131 arac\u0131l\u0131\u011f\u0131yla k\u0131y\u0131ya pompalan\u0131r<\/li>\n<li>A\u011f\u0131r hizmet tipi pompalar, malzemeyi havaya do\u011fru itebilir, bu s\u00fcre\u00e7 g\u00f6kku\u015fa\u011f\u0131 olu\u015fumu olarak bilinir. Bo\u015faltma veya bo\u015faltma y\u00f6ntemi, projenin t\u00fcr\u00fc ile do\u011frudan ilgilidir.<\/li>\n<\/ul>\n<p>Emici Hazneli Tarak Gemisi iste\u011fe ba\u011fl\u0131 olarak bir tarama kontrol sistemi ile entegre edilebilir, bu sistem kontrol sistemi verimli tarama operasyonlar\u0131 ve geminin g\u00f6revler s\u0131ras\u0131nda kolay kullan\u0131m\u0131 i\u00e7in tarama takibini izleyebilir ve kontrol edebilir, emme borular\u0131, k\u00f6pr\u00fcler, \u015fi\u015fme kompansat\u00f6rleri, ta\u015fma kanallar\u0131 i\u00e7in tarama ekipman\u0131 , s\u00fcrg\u00fcl\u00fc vanalar, tarama pompalar\u0131 ve yard\u0131mc\u0131 ekipman manuel veya otomatik modlar arac\u0131l\u0131\u011f\u0131yla veya yapay zeka kullan\u0131larak.<\/p>\n<p>Emici Hazneli Tarak Gemisi tasar\u0131m\u0131, en son tasar\u0131m felsefelerine dayanan ve farkl\u0131 uluslararas\u0131 tarak gemileri ile pratik deneyim ve teknolojik geli\u015fme hakk\u0131nda kapsaml\u0131 bilgi birikimi ile olu\u015fturulmu\u015ftur. Bunker tarak gemisi modelleri \u00e7e\u015fitli kapasitelerdedir ve \u00e7e\u015fitli malzemelerle tarama yapan \u00e7ok \u00e7e\u015fitli k\u0131y\u0131 b\u00f6lgelerinde \u00e7al\u0131\u015fmak i\u00e7in iyi donan\u0131ml\u0131d\u0131r.<\/p>\n<p>Arkadan \u00e7eki\u015fli emi\u015f hunisi tarak gemisi, iste\u011fe ba\u011fl\u0131 bir \u00e7ift yak\u0131tl\u0131 motor olarak dizel motorlara sahiptir; hafif akaryak\u0131t (LFO), a\u011f\u0131r akaryak\u0131t (HFO), s\u0131v\u0131 biyoyak\u0131t veya LNG gibi geleneksel s\u0131v\u0131 deniz yak\u0131tlar\u0131n\u0131 yakabilir. G\u00fc\u00e7 ve h\u0131z kayb\u0131 olmadan yak\u0131tlar aras\u0131nda ge\u00e7i\u015f yapabilir.<\/p>\n<p><strong>\u00d6zellikleri<\/strong><\/p>\n<ul>\n<li>Kendinden tahrikli ve y\u00fcksek manevra kabiliyetine sahip<\/li>\n<li>Hareket ederken tarama yapabilir<\/li>\n<li>A\u011f\u0131r hava ve dalgal\u0131 ko\u015fullarda a\u00e7\u0131k denizde \u00e7al\u0131\u015fmaya uygun<\/li>\n<li>\u00c7ok \u00e7e\u015fitli i\u015flerde metrek\u00fcp ba\u015f\u0131na d\u00fc\u015f\u00fck fiyat<\/li>\n<li>Optimize edilmi\u015f h\u0131z ile s\u0131\u011f su \u00e7al\u0131\u015fmas\u0131.<\/li>\n<li>D\u00fc\u015f\u00fck titre\u015fim seviyeleri<\/li>\n<li>Optimum manevra kabiliyetine sahip kompakt gemi<\/li>\n<li>\u00c7ift Yak\u0131t<\/li>\n<li>Y\u00fcksek y\u00fck<\/li>\n<li>Y\u00fcksek verimli tarama pompas\u0131<\/li>\n<li>Onayl\u0131 tarama kontrol ve izleme sistemi<\/li>\n<\/ul>\n<p><strong>\u0130ste\u011fe ba\u011fl\u0131<\/strong><\/p>\n<ul>\n<li>Emme borusu uzatmas\u0131<\/li>\n<li>Gaz giderme tesisat\u0131<\/li>\n<li>Ek y\u00fckleme kutusu<\/li>\n<li>Ayarlanabilir ta\u015fma<\/li>\n<li>hafif kar\u0131\u015f\u0131m<\/li>\n<li>Jet su orta veya y\u00fcksek bas\u0131n\u00e7<\/li>\n<li>Aktif s\u00fcr\u00fckleme kafas\u0131<\/li>\n<li>\u015fi\u015fme kompansat\u00f6r<\/li>\n<li>Yayl\u0131 kaplin\/nozul, kendi kendini bo\u015faltan kanal<\/li>\n<li>DP s\u0131f\u0131r<\/li>\n<li>Pruva pervanesi<\/li>\n<li>cankurtaran botu<\/li>\n<li>Ek vin\u00e7ler; g\u00fcverte, + kep\u00e7e vinci<\/li>\n<li>G\u00f6kku\u015fa\u011f\u0131 mesafesi<\/li>\n<li>De\u015farj uzunlu\u011fu<\/li>\n<li>gaz giderme sistemi<\/li>\n<li>Tarama yaz\u0131l\u0131m\u0131 +\u00a0otomasyon<\/li>\n<li>Y\u00fcksek bas\u0131n\u00e7l\u0131 i\u00e7ten tarama pompas\u0131<\/li>\n<li>Motor\/pompa odas\u0131<\/li>\n<li>At\u00f6lye<\/li>\n<li>S\u00fcp\u00fcrme Kolu<\/li>\n<li>Di\u011fer konaklama<\/li>\n<li>Yedekler i\u00e7in be\u015fik<\/li>\n<li>G\u00fcverte alt\u0131nda ge\u00e7it<\/li>\n<li>Balast ayar\u0131<\/li>\n<\/ul>\n<div class=\"wptm_table tablesorter-bootstrap \" data-id=\"61\" data-hightlight=\"0\"><div class=\"wptm_buttons buttons_wptmTbl61\"><\/div><div class=\"wptmresponsive dataTables-wptmtable wptmtable \" id=\"wptmtable61\" data-tableid=\"wptmTbl61\"><table data-count-header=\"1\"  data-format-decimal_count=\"0\" data-format-decimal_symbol=\".\" data-format-symbol_position=\"0\" data-format-thousand_symbol=\",\"  data-format-currency_symbol=\"$\"  data-name-style=\"61_1614509912.css\" data-format=\"mm\/dd\/yyyy\" id=\"wptmTbl61\" data-id=\"61\" data-responsive=\"false\" data-hideCols=\"false\"  data-type=\"html\" data-paging=\"false\" data-searching=\"true\"  data-ordering=\"false\" data-table-breakpoint=\"980\" data-scroll-x=\"true\" data-scroll-collapse=\"true\" data-align=\"center\" data-range=\"[]\" data-hideColumn=\"[0,0,0,0,0,0,0,0]\" data-colwidths=\"[140,140,140,140,140,140,140,140]\" class=\"wptm_main_table  disablePager hideScrollHeader\"><colgroup><col data-dtr=\"0\" data-dtc=\"0\" class=\"dtc0\"><col data-dtr=\"0\" data-dtc=\"1\" class=\"dtc1\"><col data-dtr=\"0\" data-dtc=\"2\" class=\"dtc2\"><col data-dtr=\"0\" data-dtc=\"3\" class=\"dtc3\"><col data-dtr=\"0\" data-dtc=\"4\" class=\"dtc4\"><col data-dtr=\"0\" data-dtc=\"5\" class=\"dtc5\"><col data-dtr=\"0\" data-dtc=\"6\" class=\"dtc6\"><col data-dtr=\"0\" data-dtc=\"7\" class=\"dtc7\"><\/colgroup><thead><tr class=\"wptm-header-cells-index dnone\"><th rowspan=\"1\" colspan=\"1\" data-dtr=\"0\" data-dtc=\"0\" class=\"dtr0 dtc0\"><\/th><th rowspan=\"1\" colspan=\"1\" data-dtr=\"0\" data-dtc=\"1\" class=\"dtr0 dtc1\"><\/th><th rowspan=\"1\" colspan=\"1\" data-dtr=\"0\" data-dtc=\"2\" class=\"dtr0 dtc2\"><\/th><th rowspan=\"1\" colspan=\"1\" data-dtr=\"0\" data-dtc=\"3\" class=\"dtr0 dtc3\"><\/th><th rowspan=\"1\" colspan=\"1\" data-dtr=\"0\" data-dtc=\"4\" class=\"dtr0 dtc4\"><\/th><th rowspan=\"1\" colspan=\"1\" data-dtr=\"0\" data-dtc=\"5\" class=\"dtr0 dtc5\"><\/th><th rowspan=\"1\" colspan=\"1\" data-dtr=\"0\" data-dtc=\"6\" class=\"dtr0 dtc6\"><\/th><th rowspan=\"1\" colspan=\"1\" data-dtr=\"0\" data-dtc=\"7\" class=\"dtr0 dtc7\"><\/th><\/tr><tr class=\" row0\"><th   data-priority=\"0\" class=\"dtr0 dtc0\"><\/th><th   data-priority=\"0\" class=\"dtr0 dtc1\">TSHD 500<\/th><th   data-priority=\"0\" class=\"dtr0 dtc2\">TSHD 650<\/th><th   data-priority=\"0\" class=\"dtr0 dtc3\">TSHD 1000<\/th><th   data-priority=\"0\" class=\"dtr0 dtc4\">TSHD 1500<\/th><th   data-priority=\"0\" class=\"dtr0 dtc5\">TSHD 2000<\/th><th   data-priority=\"0\" class=\"dtr0 dtc6\">TSHD 2500<\/th><th   data-priority=\"0\" class=\"dtr0 dtc7\">TSHD 3500<\/th><\/thead><tbody><tr class=\" row1\"><td    class=\"dtr1 dtc0\">Hopper Capacity (m3)<\/td><td    class=\"dtr1 dtc1\">500<\/td><td    class=\"dtr1 dtc2\">650<\/td><td    class=\"dtr1 dtc3\">1000<\/td><td    class=\"dtr1 dtc4\">1500<\/td><td    class=\"dtr1 dtc5\">2000<\/td><td    class=\"dtr1 dtc6\">2500<\/td><td    class=\"dtr1 dtc7\">3500<\/td><\/tr><tr class=\" row2\"><td    class=\"dtr2 dtc0\">Dredging Depth (m)<\/td><td    class=\"dtr2 dtc1\">15<\/td><td    class=\"dtr2 dtc2\">15<\/td><td    class=\"dtr2 dtc3\">20<\/td><td    class=\"dtr2 dtc4\">20<\/td><td    class=\"dtr2 dtc5\">22<\/td><td    class=\"dtr2 dtc6\">22<\/td><td    class=\"dtr2 dtc7\">22<\/td><\/tr><tr class=\" row3\"><td    class=\"dtr3 dtc0\">Length (m)<\/td><td    class=\"dtr3 dtc1\">50<\/td><td    class=\"dtr3 dtc2\">56<\/td><td    class=\"dtr3 dtc3\">62<\/td><td    class=\"dtr3 dtc4\">73<\/td><td    class=\"dtr3 dtc5\">70<\/td><td    class=\"dtr3 dtc6\">80<\/td><td    class=\"dtr3 dtc7\">93<\/td><\/tr><tr class=\" row4\"><td    class=\"dtr4 dtc0\">Width (m)<\/td><td    class=\"dtr4 dtc1\">11<\/td><td    class=\"dtr4 dtc2\">12<\/td><td    class=\"dtr4 dtc3\">14<\/td><td    class=\"dtr4 dtc4\">14<\/td><td    class=\"dtr4 dtc5\">16<\/td><td    class=\"dtr4 dtc6\">16<\/td><td    class=\"dtr4 dtc7\">19<\/td><\/tr><tr class=\" row5\"><td    class=\"dtr5 dtc0\">Draft Dredging (m)<\/td><td    class=\"dtr5 dtc1\">3,2<\/td><td    class=\"dtr5 dtc2\">3,2<\/td><td    class=\"dtr5 dtc3\">4,2<\/td><td    class=\"dtr5 dtc4\">4,6<\/td><td    class=\"dtr5 dtc5\">5<\/td><td    class=\"dtr5 dtc6\">5<\/td><td    class=\"dtr5 dtc7\">5<\/td><\/tr><tr class=\" row6\"><td    class=\"dtr6 dtc0\">Speed<\/td><td    class=\"dtr6 dtc1\">8.5<\/td><td    class=\"dtr6 dtc2\">10<\/td><td    class=\"dtr6 dtc3\">10<\/td><td    class=\"dtr6 dtc4\">11<\/td><td    class=\"dtr6 dtc5\">11<\/td><td    class=\"dtr6 dtc6\">11<\/td><td    class=\"dtr6 dtc7\">11<\/td><\/tr><\/tbody><tfoot><tr><td class=\"dtr6 dtc0\" style=\"height: 0;\"><\/td><td class=\"dtr6 dtc1\" style=\"height: 0;\"><\/td><td class=\"dtr6 dtc2\" style=\"height: 0;\"><\/td><td class=\"dtr6 dtc3\" style=\"height: 0;\"><\/td><td class=\"dtr6 dtc4\" style=\"height: 0;\"><\/td><td class=\"dtr6 dtc5\" style=\"height: 0;\"><\/td><td class=\"dtr6 dtc6\" style=\"height: 0;\"><\/td><td class=\"dtr6 dtc7\" style=\"height: 0;\"><\/td><\/tr><\/tfoot><\/table><\/div><style>#wptmtable61 .dataTables_wrapper > .dataTables_scroll {max-height: unset;overflow: auto;}<\/style><script>window.wptm_ajaxurl = 'https:\/\/mavideniz.com.tr\/wp-admin\/admin-ajax.php?juwpfisadmin=false&action=Wptm&'; window.wptm_front = 'https:\/\/mavideniz.com.tr\/wp-content\/plugins\/wp-table-manager\/app\/site\/assets\/'; window.wptm_style = 'https:\/\/mavideniz.com.tr\/wp-content\/uploads\/wptm\/';<\/script><\/div><style><\/style>\n","protected":false},"excerpt":{"rendered":"<p>Emici Hazneli Tarak Gemisi, arazi \u0131slah\u0131, sahil besleme ve sermaye tarama i\u015flemleri i\u00e7in tasarlanm\u0131\u015ft\u0131r. S\u00fcr\u00fcklenen emme hunisi tara\u011f\u0131, deniz taban\u0131ndan [&hellip;]<\/p>\n","protected":false},"author":1,"featured_media":0,"parent":27464,"menu_order":0,"comment_status":"closed","ping_status":"closed","template":"","meta":{"site-sidebar-layout":"default","site-content-layout":"","ast-site-content-layout":"default","site-content-style":"default","site-sidebar-style":"default","ast-global-header-display":"","ast-banner-title-visibility":"","ast-main-header-display":"","ast-hfb-above-header-display":"","ast-hfb-below-header-display":"","ast-hfb-mobile-header-display":"","site-post-title":"","ast-breadcrumbs-content":"","ast-featured-img":"","footer-sml-layout":"","ast-disable-related-posts":"","theme-transparent-header-meta":"","adv-header-id-meta":"","stick-header-meta":"","header-above-stick-meta":"","header-main-stick-meta":"","header-below-stick-meta":"","astra-migrate-meta-layouts":"default","ast-page-background-enabled":"default","ast-page-background-meta":{"desktop":{"background-color":"var(--ast-global-color-5)","background-image":"","background-repeat":"repeat","background-position":"center center","background-size":"auto","background-attachment":"scroll","background-type":"","background-media":"","overlay-type":"","overlay-color":"","overlay-opacity":"","overlay-gradient":""},"tablet":{"background-color":"","background-image":"","background-repeat":"repeat","background-position":"center center","background-size":"auto","background-attachment":"scroll","background-type":"","background-media":"","overlay-type":"","overlay-color":"","overlay-opacity":"","overlay-gradient":""},"mobile":{"background-color":"","background-image":"","background-repeat":"repeat","background-position":"center center","background-size":"auto","background-attachment":"scroll","background-type":"","background-media":"","overlay-type":"","overlay-color":"","overlay-opacity":"","overlay-gradient":""}},"ast-content-background-meta":{"desktop":{"background-color":"var(--ast-global-color-4)","background-image":"","background-repeat":"repeat","background-position":"center center","background-size":"auto","background-attachment":"scroll","background-type":"","background-media":"","overlay-type":"","overlay-color":"","overlay-opacity":"","overlay-gradient":""},"tablet":{"background-color":"var(--ast-global-color-4)","background-image":"","background-repeat":"repeat","background-position":"center center","background-size":"auto","background-attachment":"scroll","background-type":"","background-media":"","overlay-type":"","overlay-color":"","overlay-opacity":"","overlay-gradient":""},"mobile":{"background-color":"var(--ast-global-color-4)","background-image":"","background-repeat":"repeat","background-position":"center center","background-size":"auto","background-attachment":"scroll","background-type":"","background-media":"","overlay-type":"","overlay-color":"","overlay-opacity":"","overlay-gradient":""}},"footnotes":""},"class_list":["post-27483","page","type-page","status-publish","hentry"],"_links":{"self":[{"href":"https:\/\/mavideniz.com.tr\/tr\/wp-json\/wp\/v2\/pages\/27483","targetHints":{"allow":["GET"]}}],"collection":[{"href":"https:\/\/mavideniz.com.tr\/tr\/wp-json\/wp\/v2\/pages"}],"about":[{"href":"https:\/\/mavideniz.com.tr\/tr\/wp-json\/wp\/v2\/types\/page"}],"author":[{"embeddable":true,"href":"https:\/\/mavideniz.com.tr\/tr\/wp-json\/wp\/v2\/users\/1"}],"replies":[{"embeddable":true,"href":"https:\/\/mavideniz.com.tr\/tr\/wp-json\/wp\/v2\/comments?post=27483"}],"version-history":[{"count":0,"href":"https:\/\/mavideniz.com.tr\/tr\/wp-json\/wp\/v2\/pages\/27483\/revisions"}],"up":[{"embeddable":true,"href":"https:\/\/mavideniz.com.tr\/tr\/wp-json\/wp\/v2\/pages\/27464"}],"wp:attachment":[{"href":"https:\/\/mavideniz.com.tr\/tr\/wp-json\/wp\/v2\/media?parent=27483"}],"curies":[{"name":"wp","href":"https:\/\/api.w.org\/{rel}","templated":true}]}}